{"id":475,"date":"2020-06-12T13:57:18","date_gmt":"2020-06-12T12:57:18","guid":{"rendered":"https:\/\/mythslegendes.com\/?page_id=475"},"modified":"2022-12-03T22:06:53","modified_gmt":"2022-12-03T22:06:53","slug":"les-exploits-denfance-de-cuchulainn","status":"publish","type":"page","link":"https:\/\/mythslegendes.com\/es\/mitologia-irlandesa\/las-hazanas-de-la-infancia-de-cuchulainn\/","title":{"rendered":"Las haza\u00f1as de la infancia de C\u00fachulainn"},"content":{"rendered":"<div data-elementor-type=\"wp-page\" data-elementor-id=\"475\" class=\"elementor elementor-475\">\n\t\t\t\t\t\t<section class=\"elementor-section elementor-top-section elementor-element elementor-element-2030dca elementor-section-boxed elementor-section-height-default elementor-section-height-default\" data-id=\"2030dca\" data-element_type=\"section\" data-e-type=\"section\">\n\t\t\t\t\t\t<div class=\"elementor-container elementor-column-gap-default\">\n\t\t\t\t\t<div class=\"elementor-column elementor-col-50 elementor-top-column elementor-element elementor-element-090b43d\" data-id=\"090b43d\" data-element_type=\"column\" data-e-type=\"column\">\n\t\t\t<div class=\"elementor-widget-wrap elementor-element-populated\">\n\t\t\t\t\t\t<div class=\"elementor-element elementor-element-a588e62 elementor-align-justify elementor-widget elementor-widget-button\" data-id=\"a588e62\" data-element_type=\"widget\" data-e-type=\"widget\" data-widget_type=\"button.default\">\n\t\t\t\t<div class=\"elementor-widget-container\">\n\t\t\t\t\t\t\t\t\t<div class=\"elementor-button-wrapper\">\n\t\t\t\t\t<a class=\"elementor-button elementor-button-link elementor-size-sm\" href=\"https:\/\/mythslegendes.com\/es\/mitologia-irlandesa\/\">\n\t\t\t\t\t\t<span class=\"elementor-button-content-wrapper\">\n\t\t\t\t\t\t\t\t\t<span class=\"elementor-button-text\">Mitolog\u00eda irlandesa<\/span>\n\t\t\t\t\t<\/span>\n\t\t\t\t\t<\/a>\n\t\t\t\t<\/div>\n\t\t\t\t\t\t\t\t<\/div>\n\t\t\t\t<\/div>\n\t\t\t\t\t<\/div>\n\t\t<\/div>\n\t\t\t\t<div class=\"elementor-column elementor-col-50 elementor-top-column elementor-element elementor-element-826741c\" data-id=\"826741c\" data-element_type=\"column\" data-e-type=\"column\">\n\t\t\t<div class=\"elementor-widget-wrap elementor-element-populated\">\n\t\t\t\t\t\t<div class=\"elementor-element elementor-element-82213fc elementor-align-justify elementor-widget elementor-widget-button\" data-id=\"82213fc\" data-element_type=\"widget\" data-e-type=\"widget\" data-widget_type=\"button.default\">\n\t\t\t\t<div class=\"elementor-widget-container\">\n\t\t\t\t\t\t\t\t\t<div class=\"elementor-button-wrapper\">\n\t\t\t\t\t<a class=\"elementor-button elementor-button-link elementor-size-sm\" href=\"https:\/\/fr.wikipedia.org\/wiki\/Mythologie_celtique_irlandaise\" target=\"_blank\" rel=\"noopener\">\n\t\t\t\t\t\t<span class=\"elementor-button-content-wrapper\">\n\t\t\t\t\t\t\t\t\t<span class=\"elementor-button-text\">Wiki<\/span>\n\t\t\t\t\t<\/span>\n\t\t\t\t\t<\/a>\n\t\t\t\t<\/div>\n\t\t\t\t\t\t\t\t<\/div>\n\t\t\t\t<\/div>\n\t\t\t\t\t<\/div>\n\t\t<\/div>\n\t\t\t\t\t<\/div>\n\t\t<\/section>\n\t\t\t\t<section class=\"elementor-section elementor-top-section elementor-element elementor-element-5fd6f093 elementor-section-boxed elementor-section-height-default elementor-section-height-default\" data-id=\"5fd6f093\" data-element_type=\"section\" data-e-type=\"section\">\n\t\t\t\t\t\t<div class=\"elementor-container elementor-column-gap-default\">\n\t\t\t\t\t<div class=\"elementor-column elementor-col-100 elementor-top-column elementor-element elementor-element-74a439f0\" data-id=\"74a439f0\" data-element_type=\"column\" data-e-type=\"column\">\n\t\t\t<div class=\"elementor-widget-wrap elementor-element-populated\">\n\t\t\t\t\t\t<div class=\"elementor-element elementor-element-4fea79a9 elementor-widget elementor-widget-text-editor\" data-id=\"4fea79a9\" data-element_type=\"widget\" data-e-type=\"widget\" data-widget_type=\"text-editor.default\">\n\t\t\t\t<div class=\"elementor-widget-container\">\n\t\t\t\t\t\t\t\t\t\n<p>Esta es la historia sobre las haza\u00f1as infantiles de Cuchulainn (Conchobar), del <a href=\"https:\/\/mythslegendes.com\/es\/mitologia-irlandesa\/\">rama roja<\/a> de la <a href=\"https:\/\/mythslegendes.com\/es\/\">mitolog\u00eda<\/a> Irlandesa.<\/p>\n<p><img decoding=\"async\" class=\"alignnone wp-image-5284 size-full\" src=\"https:\/\/mythslegendes.com\/wp-content\/uploads\/2020\/09\/AlphaOmega-e1602613368367.png\" alt=\"Las haza\u00f1as de la infancia de Cuchulainn\" width=\"25\" height=\"26\" title=\"\"><\/p>\n<div id=\"ez-toc-container\" class=\"ez-toc-v2_0_82_2 counter-hierarchy ez-toc-counter ez-toc-grey ez-toc-container-direction\">\n<div class=\"ez-toc-title-container\">\n<p class=\"ez-toc-title\" style=\"cursor:inherit\">Contenido<\/p>\n<span class=\"ez-toc-title-toggle\"><a href=\"#\" class=\"ez-toc-pull-right ez-toc-btn ez-toc-btn-xs ez-toc-btn-default ez-toc-toggle\" aria-label=\"Alternar tabla de contenidos\"><span class=\"ez-toc-js-icon-con\"><span class=\"\"><span class=\"eztoc-hide\" style=\"display:none;\">Palanca<\/span><span class=\"ez-toc-icon-toggle-span\"><svg style=\"fill: #999;color:#999\" xmlns=\"http:\/\/www.w3.org\/2000\/svg\" class=\"list-377408\" width=\"20px\" height=\"20px\" viewbox=\"0 0 24 24\" fill=\"none\"><path d=\"M6 6H4v2h2V6zm14 0H8v2h12V6zM4 11h2v2H4v-2zm16 0H8v2h12v-2zM4 16h2v2H4v-2zm16 0H8v2h12v-2z\" fill=\"currentColor\"><\/path><\/svg><svg style=\"fill: #999;color:#999\" class=\"arrow-unsorted-368013\" xmlns=\"http:\/\/www.w3.org\/2000\/svg\" width=\"10px\" height=\"10px\" viewbox=\"0 0 24 24\" version=\"1.2\" baseprofile=\"tiny\"><path d=\"M18.2 9.3l-6.2-6.3-6.2 6.3c-.2.2-.3.4-.3.7s.1.5.3.7c.2.2.4.3.7.3h11c.3 0 .5-.1.7-.3.2-.2.3-.5.3-.7s-.1-.5-.3-.7zM5.8 14.7l6.2 6.3 6.2-6.3c.2-.2.3-.5.3-.7s-.1-.5-.3-.7c-.2-.2-.4-.3-.7-.3h-11c-.3 0-.5.1-.7.3-.2.2-.3.5-.3.7s.1.5.3.7z\"\/><\/svg><\/span><\/span><\/span><\/a><\/span><\/div>\n<nav><ul class='ez-toc-list ez-toc-list-level-1' ><li class='ez-toc-page-1 ez-toc-heading-level-2'><a class=\"ez-toc-link ez-toc-heading-1\" href=\"https:\/\/mythslegendes.com\/es\/mitologia-irlandesa\/las-hazanas-de-la-infancia-de-cuchulainn\/#Les-Exploits-denfance-de-Cuchulainn\" >Las haza\u00f1as de la infancia de Cuchulainn<\/a><\/li><\/ul><\/nav><\/div>\n<h2><span class=\"ez-toc-section\" id=\"Les-Exploits-denfance-de-Cuchulainn\"><\/span>Las haza\u00f1as de la infancia de Cuchulainn<span class=\"ez-toc-section-end\"><\/span><\/h2>\n<p>\u201cConchobar hab\u00eda perdido la lealtad de varios l\u00edderes del Ulster despu\u00e9s de asesinar a los hijos de Usna. Estos hombres se hab\u00edan ido a Connaught, en el oeste de Irlanda. Uno de ellos, Fergus, cont\u00f3 la infancia de C\u00f9chulain a sus anfitriones Ailill y Medb, rey y reina de Connaught:<\/p>\n\n<p>\u201cC\u00f9chulain se cri\u00f3 en Mag Muirthemni en el sur de Ulster. Un d\u00eda, Sualtam y Dechtire le contaron a su hijo sobre los ni\u00f1os famosos de Emuin Machae, a quienes Conchobar ve\u00eda jugar cuando no jugaba juegos de mesa o beb\u00eda antes de acostarse. C\u00f9chulain le pregunt\u00f3 a Dechtire si pod\u00eda ir a ver a estos chicos.<br \/>&quot;Tienes que esperar hasta que un guerrero del Ulster pueda venir contigo&quot;, respondi\u00f3.<br \/>&quot;Quiero ir all\u00ed ahora&quot;, insisti\u00f3 C\u00f9chulain. \u00bfQu\u00e9 camino debo tomar?<br \/>- Ve al norte, respondi\u00f3 su madre, pero ten cuidado porque el camino est\u00e1 lleno de peligros.<br \/>- Me voy, dijo C\u00f9chulain y se fue con sus armas en miniatura, una peque\u00f1a lanza y un peque\u00f1o escudo; tambi\u00e9n tom\u00f3 su palo y hurley ball, con la esperanza de poder jugar con los chicos de Emuin Machae &quot;.<\/p>\n\n<p>Llegado a Emuin, entr\u00f3 al campo de juego sin antes pedir la protecci\u00f3n de los dem\u00e1s jugadores. Los chicos estaban descontentos con esta falta de cortes\u00eda, porque todos conocemos las reglas de conducta en un patio de recreo. Le dijeron que saliera del campo y le arrojaron sus tres veces cincuenta lanzas (eran ciento cincuenta). .: cada lanza se planta en el peque\u00f1o escudo de C\u00f9chulain. Le tiraron cincuenta balas tres veces violentamente y \u00e9l las bloque\u00f3 todas contra su pecho. Le arrojaron sus tres veces cincuenta palos de hurley, pero \u00e9l los atrap\u00f3 a todos.<\/p>\n\n<p>C\u00f9chulain estaba furioso: se le erizaban los cabellos de la cabeza y se le erizaba de rabia. Entrecerr\u00f3 un ojo del tama\u00f1o del ojo de una aguja y abri\u00f3 el otro del tama\u00f1o de un cuenco. Hizo una mueca siempre que pudieras ver la parte posterior de su garganta y sus dientes brillando de oreja a oreja. La luna del joven guerrero se elev\u00f3 sobre su cabeza.<\/p>\n\n<p>Estaba jugando al ajedrez con Conchobar cuando llegaron corriendo nueve muchachos, perseguidos por C\u00f9chulain. Ya hab\u00eda golpeado y clavado cincuenta al suelo. &quot;Ya no es deporte&quot;, grit\u00f3 Conchobar.<br \/>- Son los malos jugadores, respondi\u00f3 C\u00f9chulain, porque yo quer\u00eda unirme a su juego y ellos intentaron echarme de su campo de juego.<br \/>- \u00bfCu\u00e1l es tu nombre? Pregunt\u00f3 Conchobar.<br \/>- Soy Setanta, el hijo de Sualtam y tu hermana Dechtire.<br \/>- \u00bfPor qu\u00e9 no pediste la protecci\u00f3n de los dem\u00e1s jugadores? pregunt\u00f3 Conchobar.<br \/>- No me ense\u00f1aron las reglas, respondi\u00f3 C\u00f9chulain.<br \/>- \u00bfAceptas la protecci\u00f3n de tu t\u00edo? Ofreci\u00f3 Conchobar.<br \/>- Lo acepto, respondi\u00f3 C\u00f9chulain, pero te pido una cosa, que me encarguen de la protecci\u00f3n de tres veces cincuenta ni\u00f1os. Conchobar estuvo de acuerdo. Todos fueron al patio de recreo y los chicos que C\u00f9chulain hab\u00eda enviado al suelo se pusieron de pie al ver a su nuevo h\u00e9roe \u201d.<\/p>\n\n<p>Conall, otro l\u00edder de Ulsteran, continu\u00f3 la historia:<br \/>\u201cConocimos al ni\u00f1o cuando viv\u00edamos en Ulster, y fue un placer verlo crecer. Poco despu\u00e9s del episodio del patio de recreo narrado por Fergus, C\u00f9chulain se vio envuelto en aventuras m\u00e1s heroicas.<\/p>\n\n<p>Culann el herrero invit\u00f3 a Conchobar a una fiesta. Pocas personas acompa\u00f1aron al rey del Ulster, porque la \u00fanica riqueza del herrero era la que adquir\u00eda con sus manos y herramientas. Adem\u00e1s, solo cincuenta viejos campeones favoritos acompa\u00f1aron a Conchobar. Antes de dejar Emuin, el rey se dirigi\u00f3 al patio de recreo para despedirse de los ni\u00f1os; C\u00f9chulain jugaba solo contra los tres veces cincuenta muchachos y estaba ganando. Cuando intentaron enviar sus balones a la porter\u00eda, C\u00f9chulafn la defendi\u00f3 solo y detuvo cada bal\u00f3n. Luego, en la batalla, los envi\u00f3 a todos al suelo, mientras que ninguno de los tres veces cincuenta ni\u00f1os pudo derribarlo. En el juego de desvestirse, se quit\u00f3 la ropa a todos sin ni siquiera perder su broche.<\/p>\n\n<p>Conchobar se maravill\u00f3 de las haza\u00f1as de su sobrino y pregunt\u00f3 a sus hombres si C\u00f9chulain se convertir\u00eda en un hombre que realizar\u00eda actos heroicos similares: todos afirmaron que as\u00ed ser\u00eda. &quot;Ven con nosotros a la fiesta de Culann&quot;, dijo Conchobar.<br \/>- Voy a terminar mi juego, respondi\u00f3 C\u00f9chulain, y me unir\u00e9 a ti.<\/p>\n\n<p>En la fiesta, Culann el herrero pregunt\u00f3 a su anfitri\u00f3n real si todos hab\u00edan llegado. &quot;S\u00ed&quot;, respondi\u00f3 Conchobar, olvid\u00e1ndose de su sobrino, y estamos listos para comer y beber.<br \/>\u201cPues bien\u201d, dijo el herrero, \u201ccerremos las puertas y celebremos; mi perro se quedar\u00e1 con los animales en el campo nadie se le escapar\u00e1, porque se necesitan tres cadenas para sujetarlo, y tres hombres en cada cadena \u00bb.<\/p>\n\n<p>Mientras tanto, el ni\u00f1o se dirig\u00eda a la fiesta y, por diversi\u00f3n, lanzaba su pelota al aire y su hurley tras ella, y lanzaba su lanza y corr\u00eda para atraparla antes de que cayera al suelo. Cuando entr\u00f3 en el patio del herrero de Culann, el perro se abalanz\u00f3 sobre \u00e9l. Conchobar y sus hombres escucharon el ruido de la pelea, miraron por las ventanas y vieron a C\u00f9chulain peleando con el perro con sus propias manos. Lo agarr\u00f3 por el cuello y lo estrell\u00f3 contra un pilar. C\u00f9chulain fue tra\u00eddo a la casa. &quot;Me alegro por tu madre de que est\u00e9s vivo&quot;, dijo Culann. Pero este perro protegi\u00f3 todas mis posesiones y ahora estoy perdido.<br \/>- No tengas miedo, declar\u00f3 C\u00f9chulain, entrenar\u00e9 a un perro joven de la misma raza y hasta que sea lo suficientemente grande como para quedarte con tu propiedad. Hasta entonces, yo mismo ser\u00e9 tu perro guardi\u00e1n.<br \/>&quot;Bueno, a partir de hoy te llamaremos C\u00f9chulain, el Perro de Culann&quot;, dijo Conall.<\/p>\n\n<p>Tales fueron las haza\u00f1as de un ni\u00f1o de seis a\u00f1os, concluye Fergus. \u00bfQu\u00e9 hechos gloriosos podemos esperar de \u00e9l ahora que tiene diecisiete a\u00f1os? &quot;&quot;<\/p>\n\n<p>As\u00ed recibi\u00f3 Setanta el nombre que ser\u00eda el suyo, C\u00f9chulain. Simb\u00f3licamente, esto <a href=\"https:\/\/mythslegendes.com\/es\/\">leyenda<\/a> significaba que C\u00f9chulain estaba capacitado para custodiar el reino de Irlanda y proteger a su gente. Posteriormente, el druida Cathbad profetiz\u00f3 que los dioses le dar\u00edan a elegir entre una larga vida y una gran fama. C\u00f9chulain eligi\u00f3 la fama, pero se vio obligado por una obligaci\u00f3n permanente (geis): nunca deb\u00eda pasar por una casa sin probar su comida y nunca comer carne de perro. Se le predijo que su \u00faltimo acto importante ser\u00eda, como el primero, matar a un perro.<\/p>\n\t\t\t\t\t\t\t\t<\/div>\n\t\t\t\t<\/div>\n\t\t\t\t\t<\/div>\n\t\t<\/div>\n\t\t\t\t\t<\/div>\n\t\t<\/section>\n\t\t\t\t<\/div>","protected":false},"excerpt":{"rendered":"<p>Wiki de mitolog\u00eda irlandesa Esta es la historia sobre las haza\u00f1as infantiles de Cuchulainn (Conchobar), de la rama roja de la mitolog\u00eda irlandesa. \u2026 <\/p>","protected":false},"author":1,"featured_media":0,"parent":439,"menu_order":0,"comment_status":"closed","ping_status":"closed","template":"","meta":{"footnotes":""},"class_list":["post-475","page","type-page","status-publish","hentry"],"amp_enabled":true,"_links":{"self":[{"href":"https:\/\/mythslegendes.com\/es\/wp-json\/wp\/v2\/pages\/475","targetHints":{"allow":["GET"]}}],"collection":[{"href":"https:\/\/mythslegendes.com\/es\/wp-json\/wp\/v2\/pages"}],"about":[{"href":"https:\/\/mythslegendes.com\/es\/wp-json\/wp\/v2\/types\/page"}],"author":[{"embeddable":true,"href":"https:\/\/mythslegendes.com\/es\/wp-json\/wp\/v2\/users\/1"}],"replies":[{"embeddable":true,"href":"https:\/\/mythslegendes.com\/es\/wp-json\/wp\/v2\/comments?post=475"}],"version-history":[{"count":1,"href":"https:\/\/mythslegendes.com\/es\/wp-json\/wp\/v2\/pages\/475\/revisions"}],"predecessor-version":[{"id":24522,"href":"https:\/\/mythslegendes.com\/es\/wp-json\/wp\/v2\/pages\/475\/revisions\/24522"}],"up":[{"embeddable":true,"href":"https:\/\/mythslegendes.com\/es\/wp-json\/wp\/v2\/pages\/439"}],"wp:attachment":[{"href":"https:\/\/mythslegendes.com\/es\/wp-json\/wp\/v2\/media?parent=475"}],"curies":[{"name":"wp","href":"https:\/\/api.w.org\/{rel}","templated":true}]}}