{"id":484,"date":"2020-06-12T14:05:51","date_gmt":"2020-06-12T13:05:51","guid":{"rendered":"https:\/\/mythslegendes.com\/?page_id=484"},"modified":"2022-12-03T22:06:54","modified_gmt":"2022-12-03T22:06:54","slug":"la-bataille-de-lassemblee-de-macha","status":"publish","type":"page","link":"https:\/\/mythslegendes.com\/es\/mitologia-irlandesa\/la-batalla-de-la-asamblea-de-masha\/","title":{"rendered":"La batalla de la Asamblea de Masha"},"content":{"rendered":"<div data-elementor-type=\"wp-page\" data-elementor-id=\"484\" class=\"elementor elementor-484\">\n\t\t\t\t\t\t<section class=\"elementor-section elementor-top-section elementor-element elementor-element-d7eaf44 elementor-section-boxed elementor-section-height-default elementor-section-height-default\" data-id=\"d7eaf44\" data-element_type=\"section\" data-e-type=\"section\">\n\t\t\t\t\t\t<div class=\"elementor-container elementor-column-gap-default\">\n\t\t\t\t\t<div class=\"elementor-column elementor-col-50 elementor-top-column elementor-element elementor-element-4978e13\" data-id=\"4978e13\" data-element_type=\"column\" data-e-type=\"column\">\n\t\t\t<div class=\"elementor-widget-wrap elementor-element-populated\">\n\t\t\t\t\t\t<div class=\"elementor-element elementor-element-871c6fb elementor-align-justify elementor-widget elementor-widget-button\" data-id=\"871c6fb\" data-element_type=\"widget\" data-e-type=\"widget\" data-widget_type=\"button.default\">\n\t\t\t\t<div class=\"elementor-widget-container\">\n\t\t\t\t\t\t\t\t\t<div class=\"elementor-button-wrapper\">\n\t\t\t\t\t<a class=\"elementor-button elementor-button-link elementor-size-sm\" href=\"https:\/\/mythslegendes.com\/es\/mitologia-irlandesa\/\">\n\t\t\t\t\t\t<span class=\"elementor-button-content-wrapper\">\n\t\t\t\t\t\t\t\t\t<span class=\"elementor-button-text\">Mitolog\u00eda irlandesa<\/span>\n\t\t\t\t\t<\/span>\n\t\t\t\t\t<\/a>\n\t\t\t\t<\/div>\n\t\t\t\t\t\t\t\t<\/div>\n\t\t\t\t<\/div>\n\t\t\t\t\t<\/div>\n\t\t<\/div>\n\t\t\t\t<div class=\"elementor-column elementor-col-50 elementor-top-column elementor-element elementor-element-07ca358\" data-id=\"07ca358\" data-element_type=\"column\" data-e-type=\"column\">\n\t\t\t<div class=\"elementor-widget-wrap elementor-element-populated\">\n\t\t\t\t\t\t<div class=\"elementor-element elementor-element-9afd413 elementor-align-justify elementor-widget elementor-widget-button\" data-id=\"9afd413\" data-element_type=\"widget\" data-e-type=\"widget\" data-widget_type=\"button.default\">\n\t\t\t\t<div class=\"elementor-widget-container\">\n\t\t\t\t\t\t\t\t\t<div class=\"elementor-button-wrapper\">\n\t\t\t\t\t<a class=\"elementor-button elementor-button-link elementor-size-sm\" href=\"https:\/\/fr.wikipedia.org\/wiki\/Mythologie_celtique_irlandaise\" target=\"_blank\" rel=\"noopener\">\n\t\t\t\t\t\t<span class=\"elementor-button-content-wrapper\">\n\t\t\t\t\t\t\t\t\t<span class=\"elementor-button-text\">Wiki<\/span>\n\t\t\t\t\t<\/span>\n\t\t\t\t\t<\/a>\n\t\t\t\t<\/div>\n\t\t\t\t\t\t\t\t<\/div>\n\t\t\t\t<\/div>\n\t\t\t\t\t<\/div>\n\t\t<\/div>\n\t\t\t\t\t<\/div>\n\t\t<\/section>\n\t\t\t\t<section class=\"elementor-section elementor-top-section elementor-element elementor-element-330a225a elementor-section-boxed elementor-section-height-default elementor-section-height-default\" data-id=\"330a225a\" data-element_type=\"section\" data-e-type=\"section\">\n\t\t\t\t\t\t<div class=\"elementor-container elementor-column-gap-default\">\n\t\t\t\t\t<div class=\"elementor-column elementor-col-100 elementor-top-column elementor-element elementor-element-746fd2ad\" data-id=\"746fd2ad\" data-element_type=\"column\" data-e-type=\"column\">\n\t\t\t<div class=\"elementor-widget-wrap elementor-element-populated\">\n\t\t\t\t\t\t<div class=\"elementor-element elementor-element-65872b3f elementor-widget elementor-widget-text-editor\" data-id=\"65872b3f\" data-element_type=\"widget\" data-e-type=\"widget\" data-widget_type=\"text-editor.default\">\n\t\t\t\t<div class=\"elementor-widget-container\">\n\t\t\t\t\t\t\t\t\t<p><\/p>\n<p>Esta es la historia de la batalla de la Asamblea de Macha, la <a href=\"https:\/\/mythslegendes.com\/es\/mitologia-irlandesa\/\">rama roja<\/a> de la <a href=\"https:\/\/mythslegendes.com\/es\/\">mitolog\u00eda<\/a> Irlandesa.<\/p>\n<p><img decoding=\"async\" class=\"alignnone wp-image-5284 size-full\" src=\"https:\/\/mythslegendes.com\/wp-content\/uploads\/2020\/09\/AlphaOmega-e1602613368367.png\" alt=\"la batalla de la Asamblea de Masha\" width=\"25\" height=\"26\" title=\"\"><\/p>\n<div id=\"ez-toc-container\" class=\"ez-toc-v2_0_82_2 counter-hierarchy ez-toc-counter ez-toc-grey ez-toc-container-direction\">\n<div class=\"ez-toc-title-container\">\n<p class=\"ez-toc-title\" style=\"cursor:inherit\">Contenido<\/p>\n<span class=\"ez-toc-title-toggle\"><a href=\"#\" class=\"ez-toc-pull-right ez-toc-btn ez-toc-btn-xs ez-toc-btn-default ez-toc-toggle\" aria-label=\"Alternar tabla de contenidos\"><span class=\"ez-toc-js-icon-con\"><span class=\"\"><span class=\"eztoc-hide\" style=\"display:none;\">Palanca<\/span><span class=\"ez-toc-icon-toggle-span\"><svg style=\"fill: #999;color:#999\" xmlns=\"http:\/\/www.w3.org\/2000\/svg\" class=\"list-377408\" width=\"20px\" height=\"20px\" viewbox=\"0 0 24 24\" fill=\"none\"><path d=\"M6 6H4v2h2V6zm14 0H8v2h12V6zM4 11h2v2H4v-2zm16 0H8v2h12v-2zM4 16h2v2H4v-2zm16 0H8v2h12v-2z\" fill=\"currentColor\"><\/path><\/svg><svg style=\"fill: #999;color:#999\" class=\"arrow-unsorted-368013\" xmlns=\"http:\/\/www.w3.org\/2000\/svg\" width=\"10px\" height=\"10px\" viewbox=\"0 0 24 24\" version=\"1.2\" baseprofile=\"tiny\"><path d=\"M18.2 9.3l-6.2-6.3-6.2 6.3c-.2.2-.3.4-.3.7s.1.5.3.7c.2.2.4.3.7.3h11c.3 0 .5-.1.7-.3.2-.2.3-.5.3-.7s-.1-.5-.3-.7zM5.8 14.7l6.2 6.3 6.2-6.3c.2-.2.3-.5.3-.7s-.1-.5-.3-.7c-.2-.2-.4-.3-.7-.3h-11c-.3 0-.5.1-.7.3-.2.2-.3.5-.3.7s.1.5.3.7z\"\/><\/svg><\/span><\/span><\/span><\/a><\/span><\/div>\n<nav><ul class='ez-toc-list ez-toc-list-level-1' ><li class='ez-toc-page-1 ez-toc-heading-level-2'><a class=\"ez-toc-link ez-toc-heading-1\" href=\"https:\/\/mythslegendes.com\/es\/mitologia-irlandesa\/la-batalla-de-la-asamblea-de-masha\/#La-bataille-de-lAssemblee-de-Macha\" >La batalla de la Asamblea de Masha<\/a><\/li><\/ul><\/nav><\/div>\n<h2><span class=\"ez-toc-section\" id=\"La-bataille-de-lAssemblee-de-Macha\"><\/span>La batalla de la Asamblea de Masha<span class=\"ez-toc-section-end\"><\/span><\/h2>\n<p>Ulates (<em>Ulaid<\/em>), \u00bfde d\u00f3nde viene su nombre? Facil de decir). <em>Ulaid<\/em>, es decir <em>oll dice<\/em>, es decir el grande (<em>oll<\/em>) riqueza<em>dice<\/em>) que le dieron a los poetas. <em>Dice<\/em> significa &quot;riqueza&quot;, y (aqu\u00ed hay) un ejemplo de esto, ya que el <em>Paneg\u00edrico de Colum Cille<\/em> (<em>Amra Choluimchille<\/em>):<\/p>\n<p><\/p>\n<p>Un mi\u00e9rcoles Judas rompi\u00f3 su orden<br \/>Tras las huellas del Diablo, feroz venganza:<br \/>Un mi\u00e9rcoles sinti\u00f3 el deseo de riqueza:<br \/>Un mi\u00e9rcoles, traicion\u00f3 al noble Jes\u00fas.<\/p>\n<p><\/p>\n<p>O bien <em>Ulaid<\/em>, es decir: ten\u00edan la gran (<em>oll<\/em>) mitad (<em>leth<\/em>) de Irlanda, en lo que respecta a la guerra y la batalla.<\/p>\n<p><\/p>\n<p>O bien <em>Ulaid<\/em>, es decir: &quot;gran gris&quot;, es decir que ten\u00edan barbas grises en la batalla de <em>Oenach Macha<\/em>, es decir, se ataron lana gris a la barbilla en esta misma batalla, es decir: en batalla ten\u00edan barbas grises.<\/p>\n<p><\/p>\n<p>Conchobar, hijo de Fachtna Fathach y sus hermanos, son ellos quienes lideraron la batalla de<em>Oenach Macha<\/em> contra Daball de los Golpes Viciosos, el hijo del Gran Rey de Lochlann. Innumerable, entonces, fue el ej\u00e9rcito que estaba all\u00ed con el hijo del rey de Lochlann, invadiendo la provincia de Ulster para conquistar Irlanda. All\u00ed acamparon primero y luego marcharon hacia Mag Macha.<\/p>\n<p><\/p>\n<p>Los clanes Rudraige se reunieron alrededor de Conchobar contra los extranjeros, para luchar contra ellos. Entonces Genann Joue-Brillante, hijo de Cathbad, dijo a su gente: &quot;\u00a1Peque\u00f1o es tu ej\u00e9rcito, oh Ulates!&quot; \u00c9l dijo, &quot;y cada uno de ustedes es joven y calvo. &quot;&quot; \u00bfQu\u00e9 haremos entonces, Genann? Todos dijeron. \u201cHagan esto, oh guerreros,\u201d dijo Genann. \u201cTomen un mont\u00f3n de lana gris y \u00e1tense bien la lana a la cara, y a partir de ah\u00ed el horror y el miedo a los extra\u00f1os ser\u00e1 mayor, como si fueran campeones reales. &quot; <\/p>\n<p>As\u00ed que los Ulates, al menos todos los que no ten\u00edan barba, siguieron el consejo de Genann. Entonces se pele\u00f3 la batalla, y los forasteros huyeron, y se llev\u00f3 a cabo su matanza. Por eso de esta batalla de<em>Oenach Macha<\/em> los Ulates<em>Ulaid<\/em>) fueron (as\u00ed) nombrados, como dice el poeta:<\/p>\n<p><\/p>\n<p>Los clanes Fachtna, eran impecables.<br \/>Contra cada batalla ***<br \/>De ellos se nombran ***<br \/>Los Ulates, ya que eran portadores de barbas grises, poderosos.<\/p>\n<p><\/p>\n<p>O bien <em>Ulaid<\/em>, de Ollam Fodla, hijo de Fiacha Finscothach, es decir <em>Ulaid<\/em>, una gran descendencia<em>oll-lethad<\/em>) de 0llam, es decir, los Ulates descienden de Ollam Fodla y han ganado en n\u00famero. O bien <em>Ulaid<\/em>, es decir <em>oll ai Ollam<\/em> se dice en otro lugar. Porque era un poeta maravilloso, y por eso lo llamaron <em>Ollam Fodla<\/em>, y de \u00e9l se nombran verdaderamente los Ulates, as\u00ed, por ejemplo:<\/p>\n<p><\/p>\n<p>Ollam Fodla ***<br \/>De \u00e9l se nombraron los Ulates.<br \/>Fiesta de la casa de Tara<br \/>Por \u00e9l (como) gobernante fue verdaderamente instituido.<\/p>\n<p><\/p>\t\t\t\t\t\t\t\t<\/div>\n\t\t\t\t<\/div>\n\t\t\t\t\t<\/div>\n\t\t<\/div>\n\t\t\t\t\t<\/div>\n\t\t<\/section>\n\t\t\t\t<\/div>","protected":false},"excerpt":{"rendered":"<p>Wiki de mitolog\u00eda irlandesa Esta es la historia de la Batalla de la Asamblea de Macha, de la rama roja de la mitolog\u00eda irlandesa. \u2026 <\/p>","protected":false},"author":1,"featured_media":0,"parent":439,"menu_order":0,"comment_status":"closed","ping_status":"closed","template":"","meta":{"footnotes":""},"class_list":["post-484","page","type-page","status-publish","hentry"],"amp_enabled":true,"_links":{"self":[{"href":"https:\/\/mythslegendes.com\/es\/wp-json\/wp\/v2\/pages\/484","targetHints":{"allow":["GET"]}}],"collection":[{"href":"https:\/\/mythslegendes.com\/es\/wp-json\/wp\/v2\/pages"}],"about":[{"href":"https:\/\/mythslegendes.com\/es\/wp-json\/wp\/v2\/types\/page"}],"author":[{"embeddable":true,"href":"https:\/\/mythslegendes.com\/es\/wp-json\/wp\/v2\/users\/1"}],"replies":[{"embeddable":true,"href":"https:\/\/mythslegendes.com\/es\/wp-json\/wp\/v2\/comments?post=484"}],"version-history":[{"count":1,"href":"https:\/\/mythslegendes.com\/es\/wp-json\/wp\/v2\/pages\/484\/revisions"}],"predecessor-version":[{"id":24524,"href":"https:\/\/mythslegendes.com\/es\/wp-json\/wp\/v2\/pages\/484\/revisions\/24524"}],"up":[{"embeddable":true,"href":"https:\/\/mythslegendes.com\/es\/wp-json\/wp\/v2\/pages\/439"}],"wp:attachment":[{"href":"https:\/\/mythslegendes.com\/es\/wp-json\/wp\/v2\/media?parent=484"}],"curies":[{"name":"wp","href":"https:\/\/api.w.org\/{rel}","templated":true}]}}