{"id":493,"date":"2020-06-12T14:23:20","date_gmt":"2020-06-12T13:23:20","guid":{"rendered":"https:\/\/mythslegendes.com\/?page_id=493"},"modified":"2022-12-03T22:06:54","modified_gmt":"2022-12-03T22:06:54","slug":"la-mort-violente-du-fils-unique-daife","status":"publish","type":"page","link":"https:\/\/mythslegendes.com\/es\/mitologia-irlandesa\/la-muerte-violenta-del-unico-hijo-daife\/","title":{"rendered":"La muerte violenta del \u00fanico hijo de Aife"},"content":{"rendered":"<div data-elementor-type=\"wp-page\" data-elementor-id=\"493\" class=\"elementor elementor-493\">\n\t\t\t\t\t\t<section class=\"elementor-section elementor-top-section elementor-element elementor-element-0da918c elementor-section-boxed elementor-section-height-default elementor-section-height-default\" data-id=\"0da918c\" data-element_type=\"section\" data-e-type=\"section\">\n\t\t\t\t\t\t<div class=\"elementor-container elementor-column-gap-default\">\n\t\t\t\t\t<div class=\"elementor-column elementor-col-50 elementor-top-column elementor-element elementor-element-7084b6a\" data-id=\"7084b6a\" data-element_type=\"column\" data-e-type=\"column\">\n\t\t\t<div class=\"elementor-widget-wrap elementor-element-populated\">\n\t\t\t\t\t\t<div class=\"elementor-element elementor-element-1703279 elementor-align-justify elementor-widget elementor-widget-button\" data-id=\"1703279\" data-element_type=\"widget\" data-e-type=\"widget\" data-widget_type=\"button.default\">\n\t\t\t\t<div class=\"elementor-widget-container\">\n\t\t\t\t\t\t\t\t\t<div class=\"elementor-button-wrapper\">\n\t\t\t\t\t<a class=\"elementor-button elementor-button-link elementor-size-sm\" href=\"https:\/\/mythslegendes.com\/es\/mitologia-irlandesa\/\">\n\t\t\t\t\t\t<span class=\"elementor-button-content-wrapper\">\n\t\t\t\t\t\t\t\t\t<span class=\"elementor-button-text\">Mitolog\u00eda irlandesa<\/span>\n\t\t\t\t\t<\/span>\n\t\t\t\t\t<\/a>\n\t\t\t\t<\/div>\n\t\t\t\t\t\t\t\t<\/div>\n\t\t\t\t<\/div>\n\t\t\t\t\t<\/div>\n\t\t<\/div>\n\t\t\t\t<div class=\"elementor-column elementor-col-50 elementor-top-column elementor-element elementor-element-1a216c8\" data-id=\"1a216c8\" data-element_type=\"column\" data-e-type=\"column\">\n\t\t\t<div class=\"elementor-widget-wrap elementor-element-populated\">\n\t\t\t\t\t\t<div class=\"elementor-element elementor-element-e9b960d elementor-align-justify elementor-widget elementor-widget-button\" data-id=\"e9b960d\" data-element_type=\"widget\" data-e-type=\"widget\" data-widget_type=\"button.default\">\n\t\t\t\t<div class=\"elementor-widget-container\">\n\t\t\t\t\t\t\t\t\t<div class=\"elementor-button-wrapper\">\n\t\t\t\t\t<a class=\"elementor-button elementor-button-link elementor-size-sm\" href=\"https:\/\/fr.wikipedia.org\/wiki\/Mythologie_celtique_irlandaise\" target=\"_blank\" rel=\"noopener\">\n\t\t\t\t\t\t<span class=\"elementor-button-content-wrapper\">\n\t\t\t\t\t\t\t\t\t<span class=\"elementor-button-text\">Wiki<\/span>\n\t\t\t\t\t<\/span>\n\t\t\t\t\t<\/a>\n\t\t\t\t<\/div>\n\t\t\t\t\t\t\t\t<\/div>\n\t\t\t\t<\/div>\n\t\t\t\t\t<\/div>\n\t\t<\/div>\n\t\t\t\t\t<\/div>\n\t\t<\/section>\n\t\t\t\t<section class=\"elementor-section elementor-top-section elementor-element elementor-element-5c2ebf4e elementor-section-boxed elementor-section-height-default elementor-section-height-default\" data-id=\"5c2ebf4e\" data-element_type=\"section\" data-e-type=\"section\">\n\t\t\t\t\t\t<div class=\"elementor-container elementor-column-gap-default\">\n\t\t\t\t\t<div class=\"elementor-column elementor-col-100 elementor-top-column elementor-element elementor-element-7e73acfa\" data-id=\"7e73acfa\" data-element_type=\"column\" data-e-type=\"column\">\n\t\t\t<div class=\"elementor-widget-wrap elementor-element-populated\">\n\t\t\t\t\t\t<div class=\"elementor-element elementor-element-48f8be46 elementor-widget elementor-widget-text-editor\" data-id=\"48f8be46\" data-element_type=\"widget\" data-e-type=\"widget\" data-widget_type=\"text-editor.default\">\n\t\t\t\t<div class=\"elementor-widget-container\">\n\t\t\t\t\t\t\t\t\t\n<p>Aqu\u00ed est\u00e1 la historia de la muerte violenta del \u00fanico hijo de Aif\u00e9, de <a href=\"https:\/\/mythslegendes.com\/es\/mitologia-irlandesa\/\">rama roja<\/a> de la <a href=\"https:\/\/mythslegendes.com\/es\/\">mitolog\u00eda<\/a> Irlandesa.<\/p>\n<p><img decoding=\"async\" class=\"alignnone wp-image-5284 size-full\" src=\"https:\/\/mythslegendes.com\/wp-content\/uploads\/2020\/09\/AlphaOmega-e1602613368367.png\" alt=\"la muerte violenta del \u00fanico hijo de Aif\u00e9\" width=\"25\" height=\"26\" title=\"\"><\/p>\n<div id=\"ez-toc-container\" class=\"ez-toc-v2_0_82_2 counter-hierarchy ez-toc-counter ez-toc-grey ez-toc-container-direction\">\n<div class=\"ez-toc-title-container\">\n<p class=\"ez-toc-title\" style=\"cursor:inherit\">Contenido<\/p>\n<span class=\"ez-toc-title-toggle\"><a href=\"#\" class=\"ez-toc-pull-right ez-toc-btn ez-toc-btn-xs ez-toc-btn-default ez-toc-toggle\" aria-label=\"Alternar tabla de contenidos\"><span class=\"ez-toc-js-icon-con\"><span class=\"\"><span class=\"eztoc-hide\" style=\"display:none;\">Palanca<\/span><span class=\"ez-toc-icon-toggle-span\"><svg style=\"fill: #999;color:#999\" xmlns=\"http:\/\/www.w3.org\/2000\/svg\" class=\"list-377408\" width=\"20px\" height=\"20px\" viewbox=\"0 0 24 24\" fill=\"none\"><path d=\"M6 6H4v2h2V6zm14 0H8v2h12V6zM4 11h2v2H4v-2zm16 0H8v2h12v-2zM4 16h2v2H4v-2zm16 0H8v2h12v-2z\" fill=\"currentColor\"><\/path><\/svg><svg style=\"fill: #999;color:#999\" class=\"arrow-unsorted-368013\" xmlns=\"http:\/\/www.w3.org\/2000\/svg\" width=\"10px\" height=\"10px\" viewbox=\"0 0 24 24\" version=\"1.2\" baseprofile=\"tiny\"><path d=\"M18.2 9.3l-6.2-6.3-6.2 6.3c-.2.2-.3.4-.3.7s.1.5.3.7c.2.2.4.3.7.3h11c.3 0 .5-.1.7-.3.2-.2.3-.5.3-.7s-.1-.5-.3-.7zM5.8 14.7l6.2 6.3 6.2-6.3c.2-.2.3-.5.3-.7s-.1-.5-.3-.7c-.2-.2-.4-.3-.7-.3h-11c-.3 0-.5.1-.7.3-.2.2-.3.5-.3.7s.1.5.3.7z\"\/><\/svg><\/span><\/span><\/span><\/a><\/span><\/div>\n<nav><ul class='ez-toc-list ez-toc-list-level-1' ><li class='ez-toc-page-1 ez-toc-heading-level-2'><a class=\"ez-toc-link ez-toc-heading-1\" href=\"https:\/\/mythslegendes.com\/es\/mitologia-irlandesa\/la-muerte-violenta-del-unico-hijo-daife\/#La-Mort-violente-du-fils-unique-dAife\" >La muerte violenta del \u00fanico hijo de Aif\u00e9<\/a><\/li><li class='ez-toc-page-1 ez-toc-heading-level-2'><a class=\"ez-toc-link ez-toc-heading-2\" href=\"https:\/\/mythslegendes.com\/es\/mitologia-irlandesa\/la-muerte-violenta-del-unico-hijo-daife\/#Mythologie-Serere\" >Mitolog\u00eda seria<\/a><\/li><\/ul><\/nav><\/div>\n<h2><span class=\"ez-toc-section\" id=\"La-Mort-violente-du-fils-unique-dAife\"><\/span>La muerte violenta del \u00fanico hijo de Aif\u00e9<span class=\"ez-toc-section-end\"><\/span><\/h2>\n<p>\u00bfPor qu\u00e9 Cuchulainn mat\u00f3 a su hijo?<\/p>\n\n<p>No es dificil.<\/p>\n\n<p>C\u00fbchulainn hab\u00eda ido a aprender armas con Scathach Uanaind, hija de Ardgeimm, en Letha, hasta que adquiri\u00f3 el dominio de la esgrima con ella.<\/p>\n\n<p>Aif\u00e9, hija de Ardgeimm, vino a buscarlo; La dej\u00f3 embarazada y le dijo que dar\u00eda a luz un hijo. \u00bb Qu\u00e9date con este anillo, dijo, hasta que llegue a tu hijo. Cuando se trata de \u00e9l, que venga a buscarme. <a href=\"https:\/\/mythslegendes.com\/es\/mitologia-irlandesa\/\">Irlanda<\/a>; \u00a1Que nadie lo desv\u00ede de su camino, que no se d\u00e9 a conocer a nadie y que a nadie rechace el combate singular! \u201c\u00a0<\/p>\n\n<p>El ni\u00f1o, el d\u00eda de sus siete a\u00f1os, fue a buscar a su padre.<\/p>\n\n<p>Los Ulates estaban celebrando una asamblea en Tracht Eisi cuando vieron que el hijo se les acercaba a trav\u00e9s del mar en un bote de bronce, con remos dorados en las manos. Ten\u00eda un mont\u00f3n de piedras en el bote; puso una piedra en su resortera y se la arroj\u00f3 a los p\u00e1jaros; los tom\u00f3 vivos y los lanz\u00f3 al aire. Hizo un recorrido con el paladar en las manos, para que la mirada no pudiera seguirlo; \u00e9l sintonizar\u00eda su voz con la de ellos y los derribar\u00eda por segunda vez, luego los revivir\u00eda una vez m\u00e1s.<\/p>\n\n<p>\u00a0Bueno, dijo Conor, \u00a1ay del pa\u00eds de donde viene ese chico! Si fueran los hombres adultos de la isla de la que vino los que vinieran a nosotros, nos har\u00edan polvo, ya que un ni\u00f1o peque\u00f1o hace estos trucos. \u00a1Que vayamos a su encuentro y que no se acerque aqu\u00ed!<\/p>\n\n<p>- \u00bfQui\u00e9n lo conocer\u00e1?<\/p>\n\n<p>- Cual ? dijo Conor, si no Cond\u00e9r\u00e9 hijo de Echu?<\/p>\n\n<p>- \u00bfPor qu\u00e9 Cond\u00e9r\u00e9? todos dijeron.<\/p>\n\n<p>&quot;No es dif\u00edcil&quot;, dijo Conor. Si se trata de una cuesti\u00f3n de raz\u00f3n y de elocuencia, es Cond\u00e9r\u00e9 quien conviene all\u00ed.<\/p>\n\n<p>- Ir\u00e9 a encontrarme con \u00e9l \u201d, dijo Cond\u00e9r\u00e9.<\/p>\n\n<p>Cond\u00e9r\u00e9 se fue y al mismo tiempo el ni\u00f1o se acerc\u00f3 a la orilla. &quot;Est\u00e1s lo suficientemente lejos, muchacho&quot;, dijo Cond\u00e9r\u00e9, &quot;para decirnos de d\u00f3nde vienes y cu\u00e1l es tu raza.<\/p>\n\n<p>&#039;No me doy a conocer a nadie&#039;, dijo el joven, &#039;y no evito a nadie.<\/p>\n\n<p>&quot;No te acercar\u00e1s&quot;, dijo Cond\u00e9r\u00e9, antes de darte a conocer.<\/p>\n\n<p>- Volver\u00e9 a donde empec\u00e9. Dijo el joven.<\/p>\n\n<p>El chico se dio la vuelta. Entonces Cond\u00e9r\u00e9 le dijo: \u201cVu\u00e9lvete hacia m\u00ed, hijo m\u00edo: hay grandes haza\u00f1as, hay propiedad menor, orgullo de los guerreros de los Ulates, para ti. Porque Conor te protege ... Acude a Conor, el valiente hijo de Ness; a Sencha hijo de Cosera; a Cethern con la hoja roja, hijo de Fintan, fuego que da\u00f1a las armas; hacia Amergin el sabio; hacia Cumscraid a las grandes tropas. Feliz es el que protege Conall el Victorioso ... Me jacto, dijo Cond\u00e9r\u00e9, de ir al encuentro de un chico sin pelo, sin pelo, a menos que los Ulates no lo permitan.<\/p>\n\n<p>- Hiciste bien en venir a nosotros, dijo el chico; tendr\u00e1s la conversaci\u00f3n que quieres ... Vuelve, dijo el chico, porque aunque tengas la fuerza de cien hombres, no puedes oponerme.<\/p>\n\n<p>- \u00a1Qu\u00e9 bueno, dijo Cond\u00e9r\u00e9, que luego venga otro a hablar contigo! &quot;\u00a0<\/p>\n\n<p>Cond\u00e9r\u00e9 fue a los Ulates y les cont\u00f3 su historia. \u00a1No se dir\u00e1, dijo Conall el Victorioso, que el honor de los Ulates sea quitado mientras yo est\u00e9 vivo! Luego se acerc\u00f3 al chico. Tu juego es bonito, muchacho, dijo Conall.<\/p>\n\n<p>- No es contra ti que ser\u00e1 m\u00e1s feo. \u201c, Dijo el chico.<\/p>\n\n<p>Puso una piedra en su resortera. \u00c9l la devolvi\u00f3 a patadas en el aire, por lo que los truenos y truenos que hizo en el camino alcanzaron a Conall y lo arrojaron de espaldas. Antes de levantarse, el ni\u00f1o se hab\u00eda atado las manos con la correa de su escudo. - &quot;\u00a1Que otro vaya contra \u00e9l!&quot; Dijo Conall. As\u00ed es como el chico se burl\u00f3 del ej\u00e9rcito.<\/p>\n\n<p>Sin embargo, Cuchulainn estuvo presente en este juego y fue hacia el ni\u00f1o. La hija de Emer Forgall le pas\u00f3 el brazo por el cuello y le dijo: &quot;No bajes all\u00ed&quot;. Es un hijo tuyo el que est\u00e1 abajo. \u00a1No nos vengues de tu \u00fanico hijo! ... No es leal ni prudente enfrentarte a tu valiente hijo ... \u00a1Vu\u00e9lvete hacia m\u00ed! \u00a1Escucha mi voz! Mi opinion es buena. \u00a1Que C\u00fbchulainn lo escuche! S\u00e9 qu\u00e9 nombre va a decir, si es Conla, el \u00fanico hijo de Aif\u00e9, que es el chico que est\u00e1 ah\u00ed \u201d, dijo la mujer.<\/p>\n\n<p>Entonces C\u00fbchulainn respondi\u00f3: &quot;\u00a1Espera, oh mujer! ... Incluso si fuera \u00e9l quien est\u00e1 all\u00ed, oh mujer&quot;, dijo, &quot;lo matar\u00eda por el honor de los Ulates. &quot;\u00a0<\/p>\n\n<p>As\u00ed que baj\u00f3 \u00e9l mismo. &quot;Es bonito, muchacho, el juego que est\u00e1s jugando&quot;, dijo.<\/p>\n\n<p>-Tu juego no es tal, dijo el chiquillo, que no hab\u00e9is venido dos para que me d\u00e9 a conocer a ellos.<\/p>\n\n<p>&quot;\u00bfDeber\u00eda haber venido un chico joven conmigo?&quot;, Dijo C\u00fbchulainn. Vas a morir si no te das a conocer. - \u00a1Bien, sea! Dijo el chico.<\/p>\n\n<p>El hijo se abalanza sobre \u00e9l. Se golpean. El chico se corta el pelo con su espada con un buen golpe. \u00a1Basta de bromas! dijo C\u00fbchulainn. Finalmente peleemos.<\/p>\n\n<p>- No voy a alcanzar tu cintur\u00f3n. Dijo el hijo.<\/p>\n\n<p>Se subi\u00f3 a dos piedras y puso a Cuchulainn entre dos pilares de piedra tres veces, y el hijo no movi\u00f3 ninguno de sus pies hasta que entraron en las piedras hasta los tobillos. Las huellas de sus pies siguen ah\u00ed. Por eso decimos la Orilla de la Huella entre los Ulates. Entraron al mar para ahogarse, y el hijo lo hizo sumergirse dos veces. C\u00fbchulainn fue hacia \u00e9l fuera del agua y lo tom\u00f3 como traidor con la jabalina de saco (gae bolga - jabalina rel\u00e1mpago). Scathach le hab\u00eda ense\u00f1ado el manejo de esta arma solo a C\u00fbchulainn. La arroja contra el hijo, al agua, de modo que las entra\u00f1as caen sobre sus pies.<\/p>\n\n<p>\u00a0Entonces, dijo, \u00a1esto es lo que Scathach no me ense\u00f1\u00f3! \u00a1Ay de ustedes que me lastiman! dijo el hijo.<\/p>\n\n<p>- Es verdad. Dijo C\u00fbchulainn.<\/p>\n\n<p>Toma a su hijo en brazos, lo saca de all\u00ed y lo carga hasta que llega frente a los Ulates.<\/p>\n\n<p>\u00a0Aqu\u00ed est\u00e1 mi hijo antes que ustedes, oh Ulates, dijo.<\/p>\n\n<p>- \u00a1Pobre de m\u00ed! respondieron los Ulates.<\/p>\n\n<p>- Es cierto, dijo el hijo. Si hubiera estado entre ustedes en cinco a\u00f1os, habr\u00eda conquistado a los hombres de la tierra en su presencia a ambos lados, y usted habr\u00eda tenido el imperio hasta Roma. Ya que esto es as\u00ed, mu\u00e9strame a los grandes hombres que est\u00e1n aqu\u00ed, \u00a1d\u00e9jame despedirme de ellos! &quot;\u00a0<\/p>\n\n<p>As\u00ed que puso sus brazos alrededor del cuello de cada uno de ellos, uno tras otro; se despidi\u00f3 de su padre y muri\u00f3 de inmediato.<\/p>\n\n<p>Se hizo el lamento f\u00fanebre, la tumba y la piedra, y durante tres d\u00edas no se dejaron terneros a las vacas en el Ulster como resultado de esto.<\/p>\n\t\t\t\t\t\t\t\t<\/div>\n\t\t\t\t<\/div>\n\t\t\t\t\t<\/div>\n\t\t<\/div>\n\t\t\t\t\t<\/div>\n\t\t<\/section>\n\t\t\t\t<section class=\"elementor-section elementor-top-section elementor-element elementor-element-1d4a36f elementor-section-boxed elementor-section-height-default elementor-section-height-default\" data-id=\"1d4a36f\" data-element_type=\"section\" data-e-type=\"section\">\n\t\t\t\t\t\t<div class=\"elementor-container elementor-column-gap-default\">\n\t\t\t\t\t<div class=\"elementor-column elementor-col-100 elementor-top-column elementor-element elementor-element-843c641\" data-id=\"843c641\" data-element_type=\"column\" data-e-type=\"column\">\n\t\t\t<div class=\"elementor-widget-wrap elementor-element-populated\">\n\t\t\t\t\t\t<div class=\"elementor-element elementor-element-687d1d8 elementor-widget elementor-widget-heading\" data-id=\"687d1d8\" data-element_type=\"widget\" data-e-type=\"widget\" data-widget_type=\"heading.default\">\n\t\t\t\t<div class=\"elementor-widget-container\">\n\t\t\t\t\t<h2 class=\"elementor-heading-title elementor-size-default\"><span class=\"ez-toc-section\" id=\"Mythologie-Serere\"><\/span>Mitolog\u00eda seria<span class=\"ez-toc-section-end\"><\/span><\/h2>\t\t\t\t<\/div>\n\t\t\t\t<\/div>\n\t\t\t\t\t<\/div>\n\t\t<\/div>\n\t\t\t\t\t<\/div>\n\t\t<\/section>\n\t\t\t\t<\/div>","protected":false},"excerpt":{"rendered":"<p>Wiki Mitolog\u00eda irlandesa Aqu\u00ed est\u00e1 la historia de la muerte violenta del \u00fanico hijo de Aif\u00e9, de la rama roja de la mitolog\u00eda... <\/p>","protected":false},"author":1,"featured_media":0,"parent":439,"menu_order":0,"comment_status":"closed","ping_status":"closed","template":"","meta":{"footnotes":""},"class_list":["post-493","page","type-page","status-publish","hentry"],"amp_enabled":true,"_links":{"self":[{"href":"https:\/\/mythslegendes.com\/es\/wp-json\/wp\/v2\/pages\/493","targetHints":{"allow":["GET"]}}],"collection":[{"href":"https:\/\/mythslegendes.com\/es\/wp-json\/wp\/v2\/pages"}],"about":[{"href":"https:\/\/mythslegendes.com\/es\/wp-json\/wp\/v2\/types\/page"}],"author":[{"embeddable":true,"href":"https:\/\/mythslegendes.com\/es\/wp-json\/wp\/v2\/users\/1"}],"replies":[{"embeddable":true,"href":"https:\/\/mythslegendes.com\/es\/wp-json\/wp\/v2\/comments?post=493"}],"version-history":[{"count":1,"href":"https:\/\/mythslegendes.com\/es\/wp-json\/wp\/v2\/pages\/493\/revisions"}],"predecessor-version":[{"id":24527,"href":"https:\/\/mythslegendes.com\/es\/wp-json\/wp\/v2\/pages\/493\/revisions\/24527"}],"up":[{"embeddable":true,"href":"https:\/\/mythslegendes.com\/es\/wp-json\/wp\/v2\/pages\/439"}],"wp:attachment":[{"href":"https:\/\/mythslegendes.com\/es\/wp-json\/wp\/v2\/media?parent=493"}],"curies":[{"name":"wp","href":"https:\/\/api.w.org\/{rel}","templated":true}]}}