{"id":496,"date":"2020-06-12T14:24:13","date_gmt":"2020-06-12T13:24:13","guid":{"rendered":"https:\/\/mythslegendes.com\/?page_id=496"},"modified":"2022-12-03T22:06:54","modified_gmt":"2022-12-03T22:06:54","slug":"la-mort-de-derbforgaill","status":"publish","type":"page","link":"https:\/\/mythslegendes.com\/es\/mitologia-irlandesa\/la-muerte-de-derbforgaill\/","title":{"rendered":"La muerte de Derbforgaill"},"content":{"rendered":"<div data-elementor-type=\"wp-page\" data-elementor-id=\"496\" class=\"elementor elementor-496\">\n\t\t\t\t\t\t<section class=\"elementor-section elementor-top-section elementor-element elementor-element-3ebf073 elementor-section-boxed elementor-section-height-default elementor-section-height-default\" data-id=\"3ebf073\" data-element_type=\"section\" data-e-type=\"section\">\n\t\t\t\t\t\t<div class=\"elementor-container elementor-column-gap-default\">\n\t\t\t\t\t<div class=\"elementor-column elementor-col-50 elementor-top-column elementor-element elementor-element-fad1ddc\" data-id=\"fad1ddc\" data-element_type=\"column\" data-e-type=\"column\">\n\t\t\t<div class=\"elementor-widget-wrap elementor-element-populated\">\n\t\t\t\t\t\t<div class=\"elementor-element elementor-element-9e70eb2 elementor-align-justify elementor-widget elementor-widget-button\" data-id=\"9e70eb2\" data-element_type=\"widget\" data-e-type=\"widget\" data-widget_type=\"button.default\">\n\t\t\t\t<div class=\"elementor-widget-container\">\n\t\t\t\t\t\t\t\t\t<div class=\"elementor-button-wrapper\">\n\t\t\t\t\t<a class=\"elementor-button elementor-button-link elementor-size-sm\" href=\"https:\/\/mythslegendes.com\/es\/mitologia-irlandesa\/\">\n\t\t\t\t\t\t<span class=\"elementor-button-content-wrapper\">\n\t\t\t\t\t\t\t\t\t<span class=\"elementor-button-text\">Mitolog\u00eda irlandesa<\/span>\n\t\t\t\t\t<\/span>\n\t\t\t\t\t<\/a>\n\t\t\t\t<\/div>\n\t\t\t\t\t\t\t\t<\/div>\n\t\t\t\t<\/div>\n\t\t\t\t\t<\/div>\n\t\t<\/div>\n\t\t\t\t<div class=\"elementor-column elementor-col-50 elementor-top-column elementor-element elementor-element-230f107\" data-id=\"230f107\" data-element_type=\"column\" data-e-type=\"column\">\n\t\t\t<div class=\"elementor-widget-wrap elementor-element-populated\">\n\t\t\t\t\t\t<div class=\"elementor-element elementor-element-80cddfd elementor-align-justify elementor-widget elementor-widget-button\" data-id=\"80cddfd\" data-element_type=\"widget\" data-e-type=\"widget\" data-widget_type=\"button.default\">\n\t\t\t\t<div class=\"elementor-widget-container\">\n\t\t\t\t\t\t\t\t\t<div class=\"elementor-button-wrapper\">\n\t\t\t\t\t<a class=\"elementor-button elementor-button-link elementor-size-sm\" href=\"https:\/\/fr.wikipedia.org\/wiki\/Mythologie_celtique_irlandaise\" target=\"_blank\" rel=\"noopener\">\n\t\t\t\t\t\t<span class=\"elementor-button-content-wrapper\">\n\t\t\t\t\t\t\t\t\t<span class=\"elementor-button-text\">Wiki<\/span>\n\t\t\t\t\t<\/span>\n\t\t\t\t\t<\/a>\n\t\t\t\t<\/div>\n\t\t\t\t\t\t\t\t<\/div>\n\t\t\t\t<\/div>\n\t\t\t\t\t<\/div>\n\t\t<\/div>\n\t\t\t\t\t<\/div>\n\t\t<\/section>\n\t\t\t\t<section class=\"elementor-section elementor-top-section elementor-element elementor-element-669b8ec3 elementor-section-boxed elementor-section-height-default elementor-section-height-default\" data-id=\"669b8ec3\" data-element_type=\"section\" data-e-type=\"section\">\n\t\t\t\t\t\t<div class=\"elementor-container elementor-column-gap-default\">\n\t\t\t\t\t<div class=\"elementor-column elementor-col-100 elementor-top-column elementor-element elementor-element-7ca13fd9\" data-id=\"7ca13fd9\" data-element_type=\"column\" data-e-type=\"column\">\n\t\t\t<div class=\"elementor-widget-wrap elementor-element-populated\">\n\t\t\t\t\t\t<div class=\"elementor-element elementor-element-1d453196 elementor-widget elementor-widget-text-editor\" data-id=\"1d453196\" data-element_type=\"widget\" data-e-type=\"widget\" data-widget_type=\"text-editor.default\">\n\t\t\t\t<div class=\"elementor-widget-container\">\n\t\t\t\t\t\t\t\t\t\n<p>Aqu\u00ed est\u00e1 la historia de la Muerte de Derbforgaill, del <a href=\"https:\/\/mythslegendes.com\/es\/mitologia-irlandesa\/\">rama roja<\/a> de la <a href=\"https:\/\/mythslegendes.com\/es\/\">mitolog\u00eda<\/a> Irlandesa.<\/p>\n<p><img decoding=\"async\" class=\"alignnone wp-image-5284 size-full\" src=\"https:\/\/mythslegendes.com\/wp-content\/uploads\/2020\/09\/AlphaOmega-e1602613368367.png\" alt=\"La muerte de Derbforgaill\" width=\"25\" height=\"26\" title=\"\"><\/p>\n<div id=\"ez-toc-container\" class=\"ez-toc-v2_0_82_2 counter-hierarchy ez-toc-counter ez-toc-grey ez-toc-container-direction\">\n<div class=\"ez-toc-title-container\">\n<p class=\"ez-toc-title\" style=\"cursor:inherit\">Contenido<\/p>\n<span class=\"ez-toc-title-toggle\"><a href=\"#\" class=\"ez-toc-pull-right ez-toc-btn ez-toc-btn-xs ez-toc-btn-default ez-toc-toggle\" aria-label=\"Alternar tabla de contenidos\"><span class=\"ez-toc-js-icon-con\"><span class=\"\"><span class=\"eztoc-hide\" style=\"display:none;\">Palanca<\/span><span class=\"ez-toc-icon-toggle-span\"><svg style=\"fill: #999;color:#999\" xmlns=\"http:\/\/www.w3.org\/2000\/svg\" class=\"list-377408\" width=\"20px\" height=\"20px\" viewbox=\"0 0 24 24\" fill=\"none\"><path d=\"M6 6H4v2h2V6zm14 0H8v2h12V6zM4 11h2v2H4v-2zm16 0H8v2h12v-2zM4 16h2v2H4v-2zm16 0H8v2h12v-2z\" fill=\"currentColor\"><\/path><\/svg><svg style=\"fill: #999;color:#999\" class=\"arrow-unsorted-368013\" xmlns=\"http:\/\/www.w3.org\/2000\/svg\" width=\"10px\" height=\"10px\" viewbox=\"0 0 24 24\" version=\"1.2\" baseprofile=\"tiny\"><path d=\"M18.2 9.3l-6.2-6.3-6.2 6.3c-.2.2-.3.4-.3.7s.1.5.3.7c.2.2.4.3.7.3h11c.3 0 .5-.1.7-.3.2-.2.3-.5.3-.7s-.1-.5-.3-.7zM5.8 14.7l6.2 6.3 6.2-6.3c.2-.2.3-.5.3-.7s-.1-.5-.3-.7c-.2-.2-.4-.3-.7-.3h-11c-.3 0-.5.1-.7.3-.2.2-.3.5-.3.7s.1.5.3.7z\"\/><\/svg><\/span><\/span><\/span><\/a><\/span><\/div>\n<nav><ul class='ez-toc-list ez-toc-list-level-1' ><li class='ez-toc-page-1 ez-toc-heading-level-2'><a class=\"ez-toc-link ez-toc-heading-1\" href=\"https:\/\/mythslegendes.com\/es\/mitologia-irlandesa\/la-muerte-de-derbforgaill\/#La-Mort-de-Derbforgaill\" >La muerte de Derbforgaill<\/a><\/li><\/ul><\/nav><\/div>\n<h2><span class=\"ez-toc-section\" id=\"La-Mort-de-Derbforgaill\"><\/span>La muerte de Derbforgaill<span class=\"ez-toc-section-end\"><\/span><\/h2>\n<p>Derbforgaille, hija del rey de Lochlann, se enamor\u00f3 de C\u00fachulainn sin haberlo conocido, por las historias que se contaban sobre \u00e9l. Ella y su sirviente tomaron la forma de dos cisnes y volaron a Lough Cuan, atados por una cadena de oro, para buscar a su amado.<\/p>\n\n<p>C\u00fachulainn cazaba con su hermano adoptivo Lugaid Riab nDerg (Lugaid-aux-rayes-rouges), hijo de Tri Finn Emna. Lugaid vio que los p\u00e1jaros volaban sobre ellos y le ofreci\u00f3 a C\u00fachulainn que intentara alcanzarlos. Desde su honda, C\u00fa Chulainn lanz\u00f3 una piedra, que pas\u00f3 entre las costillas de Derforgaille y entr\u00f3 en su pecho. Inmediatamente dos formas humanas aparecieron en la orilla.<\/p>\n\n<p>\u00a0\u201cVine por ti y me trataste con crueldad\u201d, le dijo Derforgaille a C\u00fa Chulainn. &quot;Es cierto&quot;, dice Cuchulainn. Succion\u00f3 el costado de la ni\u00f1a para quitar la piedra y sali\u00f3 un co\u00e1gulo de sangre.<\/p>\n\n<p>\u00a0\u201cVine a buscarte\u201d, repiti\u00f3 Derforgaille. \u201cNo digas eso\u201d, dijo C\u00fachulainn, \u201cno puedo unirme a alguien cuyo lado chup\u00e9. &quot;\u00a0<\/p>\n\n<p>\u00a0En ese caso, entr\u00e9game a quien t\u00fa elijas. &quot;\u00a0<\/p>\n\n<p>\u00a0\u201cMe gustar\u00eda que fueras con el joven m\u00e1s noble de Irlanda, Lugaid-aux-Raies-Rouges. dijo Cuchulainn.<\/p>\n\n<p>\u00a0&quot;Mientras pueda verte, que as\u00ed sea. Entonces ella se fue con Lugaid y le dio un hijo.<\/p>\n\n<p>Un d\u00eda de invierno, cuando hab\u00eda nevado mucho, los hombres hicieron columnas de nieve. Las mujeres fueron a los pilares y dijeron: &quot;Vamos a orinar en los pilares para ver de qui\u00e9n es la orina que penetra m\u00e1s&quot;. El mejor de nosotros ser\u00e1 el que pueda ir directo al suelo. &quot;\u00a0<\/p>\n\n<p>Ninguno pod\u00eda hacer que su orina cayera al suelo a trav\u00e9s de los pilares. Entonces llamaron a Derbforgaille. Pero ella no estaba entusiasmada, pens\u00f3 que era absurdo. Sin embargo, se vio obligada a subirse a la columna y su orina penetr\u00f3 directamente hasta el suelo.<\/p>\n\n<p>Las mujeres dijeron: \u201cSi los hombres supieran esto, ninguna mujer ser\u00eda amada en comparaci\u00f3n con ella. Entonces le sacaron los ojos, le cortaron la nariz, las dos orejas, el cabello y la carne de los muslos. Nadie la querr\u00e1 ahora. &quot;\u00a0<\/p>\n\n<p>Despu\u00e9s de sufrir estas torturas, Derforgaille fue devuelta a su casa.<\/p>\n\n<p>Los hombres estaban reunidos en una colina en las afueras de Emain Macha. \u201cEs extra\u00f1o\u201d, dijo Cuchulainn, \u201cque haya nieve en el techo de la casa en Derbforgaille. &quot;\u00a0<\/p>\n\n<p>\u00a0\u00a1Debe estar cerca de la muerte! grit\u00f3 Lugaid.<\/p>\n\n<p>Corrieron hacia la casa, pero cuando los escuch\u00f3 venir, Derbforgaille le cerr\u00f3 la puerta. &quot;\u00a1Abierto! \u201cDijo Cuchulainn.<\/p>\n\n<p>Derforgaille cant\u00f3 un largo lamento, despidi\u00e9ndose de Cuchulainn y Lugaid. Se dice que cuando lograron entrar, su alma ya la hab\u00eda dejado. Lugaid muri\u00f3 vi\u00e9ndola as\u00ed.<\/p>\n\n<p>C\u00fa Chulainn fue a la casa de las mujeres y la derrumb\u00f3, matando a todos los que estaban dentro. Mat\u00f3 a tres cincuenta reinas ese d\u00eda. Luego erigi\u00f3 las l\u00e1pidas de Lugaid y Derbforgaille, y llor\u00f3 por ellas.<\/p>\n\t\t\t\t\t\t\t\t<\/div>\n\t\t\t\t<\/div>\n\t\t\t\t\t<\/div>\n\t\t<\/div>\n\t\t\t\t\t<\/div>\n\t\t<\/section>\n\t\t\t\t<\/div>","protected":false},"excerpt":{"rendered":"<p>Wiki de mitolog\u00eda irlandesa Esta es la historia de la muerte de Derbforgaill, de la rama roja de la mitolog\u00eda irlandesa. La muerte \u2026 <\/p>","protected":false},"author":1,"featured_media":0,"parent":439,"menu_order":0,"comment_status":"closed","ping_status":"closed","template":"","meta":{"footnotes":""},"class_list":["post-496","page","type-page","status-publish","hentry"],"amp_enabled":true,"_links":{"self":[{"href":"https:\/\/mythslegendes.com\/es\/wp-json\/wp\/v2\/pages\/496","targetHints":{"allow":["GET"]}}],"collection":[{"href":"https:\/\/mythslegendes.com\/es\/wp-json\/wp\/v2\/pages"}],"about":[{"href":"https:\/\/mythslegendes.com\/es\/wp-json\/wp\/v2\/types\/page"}],"author":[{"embeddable":true,"href":"https:\/\/mythslegendes.com\/es\/wp-json\/wp\/v2\/users\/1"}],"replies":[{"embeddable":true,"href":"https:\/\/mythslegendes.com\/es\/wp-json\/wp\/v2\/comments?post=496"}],"version-history":[{"count":1,"href":"https:\/\/mythslegendes.com\/es\/wp-json\/wp\/v2\/pages\/496\/revisions"}],"predecessor-version":[{"id":24528,"href":"https:\/\/mythslegendes.com\/es\/wp-json\/wp\/v2\/pages\/496\/revisions\/24528"}],"up":[{"embeddable":true,"href":"https:\/\/mythslegendes.com\/es\/wp-json\/wp\/v2\/pages\/439"}],"wp:attachment":[{"href":"https:\/\/mythslegendes.com\/es\/wp-json\/wp\/v2\/media?parent=496"}],"curies":[{"name":"wp","href":"https:\/\/api.w.org\/{rel}","templated":true}]}}