{"id":499,"date":"2020-06-12T14:25:59","date_gmt":"2020-06-12T13:25:59","guid":{"rendered":"https:\/\/mythslegendes.com\/?page_id=499"},"modified":"2022-12-03T22:06:54","modified_gmt":"2022-12-03T22:06:54","slug":"histoire-des-porcs-de-mac-datho","status":"publish","type":"page","link":"https:\/\/mythslegendes.com\/es\/mitologia-irlandesa\/historia-de-los-cerdos-de-mac-datho\/","title":{"rendered":"Historia de los cerdos de Mac Datho"},"content":{"rendered":"<div data-elementor-type=\"wp-page\" data-elementor-id=\"499\" class=\"elementor elementor-499\">\n\t\t\t\t\t\t<section class=\"elementor-section elementor-top-section elementor-element elementor-element-3452f29 elementor-section-boxed elementor-section-height-default elementor-section-height-default\" data-id=\"3452f29\" data-element_type=\"section\" data-e-type=\"section\">\n\t\t\t\t\t\t<div class=\"elementor-container elementor-column-gap-default\">\n\t\t\t\t\t<div class=\"elementor-column elementor-col-50 elementor-top-column elementor-element elementor-element-31e0eb1\" data-id=\"31e0eb1\" data-element_type=\"column\" data-e-type=\"column\">\n\t\t\t<div class=\"elementor-widget-wrap elementor-element-populated\">\n\t\t\t\t\t\t<div class=\"elementor-element elementor-element-45d65d1 elementor-align-justify elementor-widget elementor-widget-button\" data-id=\"45d65d1\" data-element_type=\"widget\" data-e-type=\"widget\" data-widget_type=\"button.default\">\n\t\t\t\t<div class=\"elementor-widget-container\">\n\t\t\t\t\t\t\t\t\t<div class=\"elementor-button-wrapper\">\n\t\t\t\t\t<a class=\"elementor-button elementor-button-link elementor-size-sm\" href=\"https:\/\/mythslegendes.com\/es\/mitologia-irlandesa\/\">\n\t\t\t\t\t\t<span class=\"elementor-button-content-wrapper\">\n\t\t\t\t\t\t\t\t\t<span class=\"elementor-button-text\">Mitolog\u00eda irlandesa<\/span>\n\t\t\t\t\t<\/span>\n\t\t\t\t\t<\/a>\n\t\t\t\t<\/div>\n\t\t\t\t\t\t\t\t<\/div>\n\t\t\t\t<\/div>\n\t\t\t\t\t<\/div>\n\t\t<\/div>\n\t\t\t\t<div class=\"elementor-column elementor-col-50 elementor-top-column elementor-element elementor-element-b14408b\" data-id=\"b14408b\" data-element_type=\"column\" data-e-type=\"column\">\n\t\t\t<div class=\"elementor-widget-wrap elementor-element-populated\">\n\t\t\t\t\t\t<div class=\"elementor-element elementor-element-a0385bf elementor-align-justify elementor-widget elementor-widget-button\" data-id=\"a0385bf\" data-element_type=\"widget\" data-e-type=\"widget\" data-widget_type=\"button.default\">\n\t\t\t\t<div class=\"elementor-widget-container\">\n\t\t\t\t\t\t\t\t\t<div class=\"elementor-button-wrapper\">\n\t\t\t\t\t<a class=\"elementor-button elementor-button-link elementor-size-sm\" href=\"https:\/\/fr.wikipedia.org\/wiki\/Mythologie_celtique_irlandaise\" target=\"_blank\" rel=\"noopener\">\n\t\t\t\t\t\t<span class=\"elementor-button-content-wrapper\">\n\t\t\t\t\t\t\t\t\t<span class=\"elementor-button-text\">Wiki<\/span>\n\t\t\t\t\t<\/span>\n\t\t\t\t\t<\/a>\n\t\t\t\t<\/div>\n\t\t\t\t\t\t\t\t<\/div>\n\t\t\t\t<\/div>\n\t\t\t\t\t<\/div>\n\t\t<\/div>\n\t\t\t\t\t<\/div>\n\t\t<\/section>\n\t\t\t\t<section class=\"elementor-section elementor-top-section elementor-element elementor-element-2292c6d3 elementor-section-boxed elementor-section-height-default elementor-section-height-default\" data-id=\"2292c6d3\" data-element_type=\"section\" data-e-type=\"section\">\n\t\t\t\t\t\t<div class=\"elementor-container elementor-column-gap-default\">\n\t\t\t\t\t<div class=\"elementor-column elementor-col-100 elementor-top-column elementor-element elementor-element-21472e73\" data-id=\"21472e73\" data-element_type=\"column\" data-e-type=\"column\">\n\t\t\t<div class=\"elementor-widget-wrap elementor-element-populated\">\n\t\t\t\t\t\t<div class=\"elementor-element elementor-element-6396f7b3 elementor-widget elementor-widget-text-editor\" data-id=\"6396f7b3\" data-element_type=\"widget\" data-e-type=\"widget\" data-widget_type=\"text-editor.default\">\n\t\t\t\t<div class=\"elementor-widget-container\">\n\t\t\t\t\t\t\t\t\t\n<p>Esta es la historia de los cerdos de Mac Datho, de la <a href=\"https:\/\/mythslegendes.com\/es\/mitologia-irlandesa\/\">rama roja<\/a> de la <a href=\"https:\/\/mythslegendes.com\/es\/\">mitolog\u00eda<\/a> Irlandesa.<\/p>\n<p><img decoding=\"async\" class=\"alignnone wp-image-5284 size-full\" src=\"https:\/\/mythslegendes.com\/wp-content\/uploads\/2020\/09\/AlphaOmega-e1602613368367.png\" alt=\"Los cerdos de Mac Datho\" width=\"25\" height=\"26\" title=\"\"><\/p>\n<div id=\"ez-toc-container\" class=\"ez-toc-v2_0_82_2 counter-hierarchy ez-toc-counter ez-toc-grey ez-toc-container-direction\">\n<div class=\"ez-toc-title-container\">\n<p class=\"ez-toc-title\" style=\"cursor:inherit\">Contenido<\/p>\n<span class=\"ez-toc-title-toggle\"><a href=\"#\" class=\"ez-toc-pull-right ez-toc-btn ez-toc-btn-xs ez-toc-btn-default ez-toc-toggle\" aria-label=\"Alternar tabla de contenidos\"><span class=\"ez-toc-js-icon-con\"><span class=\"\"><span class=\"eztoc-hide\" style=\"display:none;\">Palanca<\/span><span class=\"ez-toc-icon-toggle-span\"><svg style=\"fill: #999;color:#999\" xmlns=\"http:\/\/www.w3.org\/2000\/svg\" class=\"list-377408\" width=\"20px\" height=\"20px\" viewbox=\"0 0 24 24\" fill=\"none\"><path d=\"M6 6H4v2h2V6zm14 0H8v2h12V6zM4 11h2v2H4v-2zm16 0H8v2h12v-2zM4 16h2v2H4v-2zm16 0H8v2h12v-2z\" fill=\"currentColor\"><\/path><\/svg><svg style=\"fill: #999;color:#999\" class=\"arrow-unsorted-368013\" xmlns=\"http:\/\/www.w3.org\/2000\/svg\" width=\"10px\" height=\"10px\" viewbox=\"0 0 24 24\" version=\"1.2\" baseprofile=\"tiny\"><path d=\"M18.2 9.3l-6.2-6.3-6.2 6.3c-.2.2-.3.4-.3.7s.1.5.3.7c.2.2.4.3.7.3h11c.3 0 .5-.1.7-.3.2-.2.3-.5.3-.7s-.1-.5-.3-.7zM5.8 14.7l6.2 6.3 6.2-6.3c.2-.2.3-.5.3-.7s-.1-.5-.3-.7c-.2-.2-.4-.3-.7-.3h-11c-.3 0-.5.1-.7.3-.2.2-.3.5-.3.7s.1.5.3.7z\"\/><\/svg><\/span><\/span><\/span><\/a><\/span><\/div>\n<nav><ul class='ez-toc-list ez-toc-list-level-1' ><li class='ez-toc-page-1 ez-toc-heading-level-2'><a class=\"ez-toc-link ez-toc-heading-1\" href=\"https:\/\/mythslegendes.com\/es\/mitologia-irlandesa\/historia-de-los-cerdos-de-mac-datho\/#Les-porcs-de-Mac-Datho\" >Los cerdos de Mac Datho<\/a><\/li><\/ul><\/nav><\/div>\n<h2><span class=\"ez-toc-section\" id=\"Les-porcs-de-Mac-Datho\"><\/span>Los cerdos de Mac Datho<span class=\"ez-toc-section-end\"><\/span><\/h2>\n<p>Hab\u00eda un rey ilustre en Leinster; su nombre era Mac Datho. Ten\u00eda un perro que cuidaba todo Leinster; su nombre era Ailbe e Irlanda estaba llena de su fama. Ailill y M\u00e8ve vinieron a preguntar por el perro. Al mismo tiempo tambi\u00e9n llegaron mensajeros de Conor hijo de Ness para pedir el mismo perro. Todos fueron recibidos y conducidos al hotel. Era el sexto hotel que hab\u00eda en <a href=\"https:\/\/mythslegendes.com\/es\/mitologia-irlandesa\/\">Irlanda<\/a> en ese momento: el hotel de Daderga en Cuala, el hotel de Forgall le Ruse, el hotel de Mac Dar\u00e9 en Brefn\u00e9, el hotel de Da Choca en Westmeath, el hotel de Blai Briuga en Ulster. El hotel ten\u00eda siete puertas y siete caminos lo atravesaban; conten\u00eda siete hogares y siete calderos; un buey y un cerdo en cada caldero. Cualquiera que pasaba por el camino pon\u00eda el tenedor en el caldero, y lo que atrapaba en el primer intento, no volv\u00eda a empezar.<\/p>\n\n<p>As\u00ed que los mensajeros fueron llevados a la habitaci\u00f3n de MacDath\u00f4 para conocer su voluntad antes de la fiesta. Hicieron su pedido.<\/p>\n\n<p>\u00a0\u201cEs para pedir tu perro que hemos venido, de parte de Ailill y M\u00e8ve, dijeron los mensajeros de Connaught, y te dar\u00e1n de una vez sesenta vacas lecheras, un carro y dos caballos lo mejor de Connaught. , y tanto despu\u00e9s de un a\u00f1o, adem\u00e1s.<\/p>\n\n<p>\u201cEs a pedir por tu perro que hemos venido\u201d, dijeron los mensajeros de Ulster, de Conor, \u201cy Conor no est\u00e1 peor ni como amigo ni para dar objetos preciosos y ganado, y lo mismo se dar\u00e1 hasta el final. del a\u00f1o y resultar\u00e1 una buena amistad. &quot;\u00a0<\/p>\n\n<p>MacDath\u00f4 guard\u00f3 un gran silencio, de modo que estuvo tres d\u00edas sin beber, comer ni dormir, d\u00e1ndose vueltas de un lado a otro. Entonces su esposa le dijo: \u201cHas estado ayunando por mucho tiempo; tienes comida y no la comes. Qu\u00e9 tienes ? No respondi\u00f3 a la mujer; entonces la mujer dijo:<\/p>\n\n<p>Cay\u00f3 el insomnio<br \/>en Mac Datho, en su casa.<br \/>Ten\u00eda un asunto en el que estaba meditando,<br \/>aunque no se lo dice a nadie.<\/p>\n\n<p>Se vuelve y se aleja de m\u00ed contra la pared,<br \/>el h\u00e9roe feniano de haza\u00f1as violentas;<br \/>su cautelosa esposa se da cuenta<br \/>que su marido no duerme.<\/p>\n\n<p>EL HOMBRE. \u2013 Crimthand sobrino de Nar dijo:<br \/>No dar\u00e1s tu secreto a las mujeres;<br \/>el secreto de la mujer no esta bien escondido<br \/>uno no conf\u00eda la propiedad a un esclavo.<\/p>\n\n<p>LA MUJER. \u2013 \u00bfQu\u00e9 le dir\u00edas a una mujer?<br \/>si no te perdiste nada?<br \/>lo que no te viene a la mente<br \/>viene a la mente de alg\u00fan otro.<\/p>\n\n<p>EL HOMBRE. \u2013 El perro de Mesroida Mac Dath\u00f4,<br \/>es un mal d\u00eda que le ha venido;<br \/>muchos hombres guapos se enamorar\u00e1n de \u00e9l<br \/>en la pelea; el n\u00famero no se puede contar.<\/p>\n\n<p>Si no es Conor, le han dado<br \/>est\u00e1 seguro de que el caso estar\u00e1 caliente;<br \/>sus ej\u00e9rcitos no dejar\u00e1n muchas vacas ni tierra.<\/p>\n\n<p>Si es una negativa para Ailill,<br \/>levanta la llanura de Fal contra la tribu;<br \/>El hijo de Maga nos llevar\u00e1;<br \/>ninguna llanura quedar\u00e1 libre de cenizas.<\/p>\n\n<p>LA MUJER. - te doy un consejo<br \/>lo cual no tiene mala consecuencia para nosotros;<br \/>dales a los dos el perro,<br \/>\u00a1No importa qui\u00e9n caer\u00e1 por su culpa!<\/p>\n\n<p>EL HOMBRE. \u2013 Los consejos que das<br \/>es \u00e9l quien me libra de la preocupaci\u00f3n;<br \/>Ailbe, Dios lo envi\u00f3;<br \/>no sabemos qui\u00e9n lo trajo.<\/p>\n\n<p>Entonces se puso de pie y se sacudi\u00f3: \u201c\u00a1Que sea bueno, dijo, para nosotros y para los invitados que han venido! Estos se quedan con \u00e9l tres d\u00edas y tres noches. Llam\u00f3 aparte a los mensajeros de Connaught: \u00abTuve una gran preocupaci\u00f3n y una larga vacilaci\u00f3n antes de ver con claridad: les conced\u00ed el perro a Ailill y M\u00e8ve; que vengan por \u00e9l con gran pompa; tendr\u00e1n comida y bebida, se llevar\u00e1n al perro y ser\u00e1n bien recibidos. Los mensajeros de Connaught le agradecen su respuesta.<\/p>\n\n<p>Luego se dirigi\u00f3 a los mensajeros del Ulster: \u201cAs\u00ed que le di el perro a Conor\u201d, dijo, tras vacilar. \u00a1Que se sienta orgulloso de ello! \u00a1Que los valientes hombres del Ulster vengan en tropel a buscarlo! Se llevar\u00e1n los regalos y ser\u00e1n bienvenidos. Los mensajeros del Ulster dan gracias.<\/p>\n\n<p>Ahora fue el mismo d\u00eda que se encontraron, los del Este y los del Oeste. No faltaba ninguno, y dos provincias de Irlanda llegaron el mismo d\u00eda y estaban en la puerta del hotel de MacDath\u00f4. \u00c9l mismo sali\u00f3 y les dio la bienvenida: \u201cNo estamos preparados para recibiros, dijo, oh j\u00f3venes; sin embargo, \u00a1hola a ti! Entra en el patio. Todos entraron al hotel: la mitad de la casa era para los Connaciens y la otra mitad para los Ulates. La casa no era peque\u00f1a; hab\u00eda siete puertas y cincuenta camas de puerta en puerta. En la comida no eran las caras de amigos que ten\u00edamos en la casa. Muchos pelearon entre s\u00ed. Esta batalla tuvo lugar trescientos a\u00f1os antes del nacimiento de Jesucristo.<\/p>\n\n<p>Para ellos, por lo tanto, el cerdo de MacDath\u00f4 fue asesinado. Tres veintenas de vacas lo hab\u00edan alimentado durante siete a\u00f1os. Era veneno con lo que hab\u00eda sido alimentado, porque fue \u00e9l quien fue la causa de la masacre de los hombres de Irlanda. Les trajeron el puerco que arrastraban cuarenta bueyes, sin contar otras cosas de comer. El propio Mac Datho sirvi\u00f3. &#039;Salve a ti&#039;, dijo; no hay nada como bueyes y cerdos en Leinster. Lo que falta ser\u00e1 asesinado por ti ma\u00f1ana.<\/p>\n\n<p>&quot;Est\u00e1 bien, el cerdo&quot;, dijo Conor.<\/p>\n\n<p>&quot;Est\u00e1 bien&quot;, dijo Ailill, &quot;\u00bfC\u00f3mo vamos a compartir el cerdo, oh Conor?&quot; dijo Ailill. - C\u00f3mo ? dijo Bricr\u00e9 hijo de Carbad, desde lo alto del sal\u00f3n, \u00a1donde est\u00e1n los guerreros m\u00e1s valientes de Irlanda! \u00a1Pero por sus haza\u00f1as y sus batallas! Previamente, cada uno habr\u00e1 dado m\u00e1s de un golpe en la nariz a su compa\u00f1ero<\/p>\n\n<p>\u2014Que as\u00ed sea \u2014dijo Ailill\u2014.<\/p>\n\n<p>- Es justo ! Dijo Conor, tenemos muchachos aqu\u00ed que han vigilado la frontera.<\/p>\n\n<p>\u201cTus muchachos ser\u00e1n \u00fatiles esta noche, oh Conor\u201d, dijo un anciano guerrero, l\u00edder de Luachra Conalad en el oeste. \u00a1Hay muchos bueyes gordos que me dejaste, y los caminos de Luachra Dedad detr\u00e1s de ti!<\/p>\n\n<p>\u2013 M\u00e1s gorda era la ternera que nos dejaste, tu propio hermano Cruachne hijo de Ruadlom, de las colinas de ConaJad.<\/p>\n\n<p>\u201cNo fue mejor\u201d, dijo Lugaid, hijo de Curoi, \u201cque dejar al gran Lot, hijo de Fergus, hijo de Lete, a Echbel, hijo de Deda, en Temair Lochra.<\/p>\n\n<p>&quot;\u00bfQu\u00e9 tipo de hombre crees que es?&quot; dijo Celtchair hijo de Uthechar; Mat\u00e9 a Conganchness, hijo de Deda, y le cort\u00e9 la cabeza. &quot;\u00a0<\/p>\n\n<p>Les sucedi\u00f3 finalmente que un solo hombre oblig\u00f3 a los hombres de Irlanda a retirarse antes que \u00e9l; era C\u00eat, hijo de Maga. Levant\u00f3 sus brazos por encima de los brazos del ej\u00e9rcito; tom\u00f3 un cuchillo en su mano y se sent\u00f3 cerca del cerdo. \u00a1Que encuentren, dijo, entre los hombres de Irlanda a alguien que apoye la lucha contra m\u00ed o me dejen compartir el cerdo! &quot;\u00a0<\/p>\n\n<p>Sumergi\u00f3 a los Ulates en el silencio. Ya ves, Loegaire, dijo Conor.<\/p>\n\n<p>\u201cNo se dir\u00e1\u201d, dijo Loegair\u00e9, \u201cque C\u00eat comparte el cerdo en nuestra cara.<\/p>\n\n<p>\u201cEspera un poco, oh Loegair\u00e9, hasta que te hable\u201d, dijo C\u00eat. Es costumbre con vosotros, en vuestro Ulster, dice C\u00eat, que cada hijo que toma las armas con vosotros, es con nosotros que su primer objetivo es. Llegaste a la frontera, all\u00ed nos encontramos; dejaste la rueda, el carro y los Caballos; escapaste con una jabalina en el cuerpo; \u2013 no obtendr\u00e1s el cerdo de esa manera. Loegaire luego se sent\u00f3.<\/p>\n\n<p>\u00a0No ser\u00e1 cierto, dijo un guerrero alto y apuesto que se hab\u00eda levantado de su cama, que Cet comparte el cerdo justo en frente de nosotros.<\/p>\n\n<p>- Qui\u00e9n es ? dijo Cet.<\/p>\n\n<p>&quot;\u00c9l es mejor guerrero que t\u00fa&quot;, dijo cada uno, Oengus, hijo de Mano Peligrosa de Ulster.<\/p>\n\n<p>&quot;\u00bfPor qu\u00e9 llaman a tu padre Mano Peligrosa?&quot; dijo Cet. Por qu\u00e9 entonces ? Lo s\u00e9, dijo Cet. Fui al este una vez. Me gritan, llegan todos; viene tu padre. Me tir\u00f3 una jabalina. Entonces le lanc\u00e9 la misma jabalina, de modo que se cort\u00f3 la mano, que qued\u00f3 en el suelo. \u00bfQu\u00e9 pondr\u00eda a su hijo a luchar conmigo? Oengus fue a sentarse.<\/p>\n\n<p>\u00a0\u201c\u00bfApoyar la lucha de nuevo? dijo C\u00eat, o que comparto el cerdo? \u201cNo ser\u00e1 verdad que t\u00fa lo cortaste primero\u201d, dijo un alto y apuesto guerrero de Ulster.<\/p>\n\n<p>- Qui\u00e9n es ? dijo Cet. - Este es Eogan, hijo de Durthacht, dijo cada uno, el rey de Fernmag.<\/p>\n\n<p>&quot;Te he visto antes&quot;, dijo C\u00eat.<\/p>\n\n<p>- \u00bfDonde me viste? dijo Eogan.<\/p>\n\n<p>\u2013 En la puerta de tu casa, cuando saque\u00e9 tus vacas. Me estaban gritando en el campo. Has llegado al grito. Me lanzaste una jabalina que fue detenida por mi escudo. la misma jabalina te lanzo a ti; te atraviesa la cabeza y te saca el ojo de la \u00f3rbita. Los hombres de Irlanda te ven con un ojo. Fui yo quien te quit\u00f3 el otro de la cabeza. &quot;\u00a0<\/p>\n\n<p>Eogan luego se sent\u00f3.<\/p>\n\n<p>\u00a0\u00a1Sirve entonces, Ulates, la lucha otra vez! dijo Cet.<\/p>\n\n<p>&quot;No te dividir\u00e1s ahora&quot;, dijo Munremur, hijo de Gergend.<\/p>\n\n<p>&quot;\u00bfEs Munremur?&quot; dijo Cet. Fui yo quien limpi\u00f3 mi jabalina por \u00faltima vez, oh Munremur, dijo C\u00eat. No hace tres d\u00edas traje de tu pa\u00eds las cabezas de tres guerreros alrededor de la cabeza de tu hijo mayor. Munremur luego se sent\u00f3.<\/p>\n\n<p>\u00a0\u00bb \u00a1La lucha otra vez! dijo Cet.<\/p>\n\n<p>&quot;Lo tendr\u00e1s&quot;, dijo Mend, hijo de Salcholcan.<\/p>\n\n<p>- Qui\u00e9n es ? dijo Cet.<\/p>\n\n<p>&quot;Reparar&quot;, dijeron todos.<\/p>\n\n<p>- Qu\u00e9 ? dijo C\u00eat, un hijo de r\u00fasticos con apodos para pelear conmigo! pero es a m\u00ed a quien tu padre debe este nombre: fui yo quien, con mi espada, le cort\u00e9 el calca\u00f1ar, de modo que s\u00f3lo trajo de vuelta un pie. \u00bfQu\u00e9 pondr\u00eda delante de m\u00ed al hijo de un lisiado? &quot;\u00a0<\/p>\n\n<p>\u00a0\u00bb \u00a1La lucha otra vez! dijo Cet.<\/p>\n\n<p>\u201cLo tendr\u00e1s\u201d, dijo un guerrero alto, canoso y feo.<\/p>\n\n<p>- \u00bfQui\u00e9n es? dijo Cet. \u201cCeltchair, hijo de Uthechar,\u201d dijo cada uno.<\/p>\n\n<p>\u201cUn momento, oh Celtchair\u201d, dijo C\u00eat, \u201csi no tienes prisa por golpearme. He venido, oh Celtchair, a la puerta de tu casa. Me estaban gritando. Todos llegaron. T\u00fa tambi\u00e9n has llegado. Fuiste a un desfile de modas donde me conociste. Me lanzaste una jabalina. Te lanc\u00e9 otro que te perfor\u00f3 el muslo y la parte superior de los test\u00edculos. Ha tenido una enfermedad de la vejiga desde entonces, y desde entonces no ha engendrado m\u00e1s hijos o hijas. \u00bfQu\u00e9 te pondr\u00eda frente a m\u00ed? Celtchair se sent\u00f3.<\/p>\n\n<p>\u00a0\u00bb \u00a1La lucha otra vez! dijo Cet.<\/p>\n\n<p>&quot;Lo tendr\u00e1s&quot;, dijo Cuscraid, el tartamudo de Masha, hijo de Conor.<\/p>\n\n<p>- Qui\u00e9n es ? dijo Cet.<\/p>\n\n<p>&quot;Cuscraid&quot;, dijeron cada uno; tiene madera de rey por su belleza.<\/p>\n\n<p>\u201c\u00c9l no te culpa,\u201d dijo el chico.<\/p>\n\n<p>&quot;Eso es bueno&quot;, dijo C\u00eat. Fuiste a nosotros primero que viniste para tu primera haza\u00f1a, oh muchacho; nos encontramos en la frontera; te dejaste all\u00ed la tercera parte de los tuyos y as\u00ed volviste sin poder pronunciar correctamente una palabra de lo alto de tu cabeza, porque la jabalina te hab\u00eda lastimado la vena del cuello, por lo que desde entonces te llaman Cuscraid el tartamudo. Y as\u00ed trajo oprobio a toda la provincia.<\/p>\n\n<p>Pero justo cuando estaba trajinando con el cerdo, cuchillo en mano, se vio entrar a Conall Cernach, que salt\u00f3 al centro de la casa. Los Ulates le dieron a Conall una calurosa bienvenida.<\/p>\n\n<p>Conor se quit\u00f3 el casco de la cabeza y lo agit\u00f3. Queremos hacer nuestra parte, dice Conall; quien te lo comparte<\/p>\n\n<p>\u201cSe le concedi\u00f3 al hombre que lo divide\u201d, dijo Conor, \u201ces decir, a C\u00eat, hijo de Maga.<\/p>\n\n<p>\u2014\u00bfEs verdad, oh C\u00eat \u2014dijo Conall\u2014, que compartes el cerdo? Entonces Cet dijo:<\/p>\n\n<p>Hola Conall, coraz\u00f3n de piedra,<br \/>llama ardiente y viva, resplandor de hielo;<br \/>coraz\u00f3n rojo de ira, en el pecho de un h\u00e9roe;<br \/>cubierto de cicatrices, victorioso en la batalla,<br \/>tal veo al hijo de Findchoem.<\/p>\n\n<p>Y Conall dijo<\/p>\n\n<p>Salve, este primer hijo de Maga, la cita del h\u00e9roe,<br \/>coraz\u00f3n de hielo, fin del peligro,<br \/>valeroso caudillo de la batalla, corriente guerrera,<br \/>hermoso toro pendenciero, este hijo de Maga!<br \/>Ilustre ser\u00e1 nuestro encuentro, ilustre nuestra separaci\u00f3n;<br \/>se contar\u00e1n en Fer-Brot;<br \/>lo testificaremos en Fer-Manach.<br \/>Los h\u00e9roes ver\u00e1n una feroz lucha de leones;<br \/>hombre contra hombre, en la casa, esta noche!<\/p>\n\n<p>\u00a0\u00bb \u00a1Al\u00e9jate del cerdo! dijo Conall.<\/p>\n\n<p>\u2013 \u00bfQu\u00e9 te puede llevar all\u00ed? dijo Cet.<\/p>\n\n<p>\u201cTienes raz\u00f3n,\u201d dijo Conall, \u201cal pedir pelear conmigo. Te dar\u00e9 un combate singular, oh C\u00eat, dijo. hago el juramento de mi tribu; Desde que tom\u00e9 una jabalina en mi mano, no he dormido muchas veces sin la cabeza de un connaciano debajo de la m\u00eda y sin haber herido a un hombre todos los d\u00edas y todas las noches.<\/p>\n\n<p>\u2013 Es verdad, dijo C\u00eat, eres mejor guerrero que yo. Si fuera Anluan el que estuviera en la casa, te dar\u00eda pelea tras pelea. \u00a1Qu\u00e9 pena que no est\u00e9 en casa! \u2014\u00c9l est\u00e1 ah\u00ed \u2014dijo Conall, sacando la cabeza de Anluan de su cintur\u00f3n, y la arroj\u00f3 sobre el pecho de Cet, de modo que un hilo de sangre subi\u00f3 a sus labios. Se alej\u00f3 del cerdo y Conall se sent\u00f3 a su lado.<\/p>\n\n<p>\u00a0\u00a1Vamos a luchar esta vez! Dijo Conall. No se pudo encontrar ning\u00fan guerrero entre los connacienses que estaban ante \u00e9l. Hicieron una muralla de escudos jorobados en un c\u00edrculo alrededor de \u00e9l, porque hab\u00eda malas disputas en la casa y malas palizas por parte de malas personas. Entonces Conall fue a compartir el cerdo, pero se meti\u00f3 la punta del rabo en la boca hasta que pudo hacer las partes; chup\u00f3 esta cola que era la carga de nueve hombres y no dej\u00f3 nada. Solo le dio a los Connaciens las dos piernas debajo de la garganta. Los connacianos encontraron escasa su parte. Se levantan, tambi\u00e9n se levantan los Ulates, y cada uno se echa sobre el otro.<\/p>\n\n<p>Hubo golpes en la oreja, de modo que el mont\u00f3n que se levant\u00f3 en el suelo era tan alto como el front\u00f3n de la casa y r\u00edos de sangre flu\u00edan por las puertas. Las tropas irrumpieron por las puertas y lanzaron un gran grito, de modo que corri\u00f3 mucha sangre en medio del patio, mat\u00e1ndose unos a otros. Aqu\u00ed es donde Fergus arranc\u00f3 un gran roble que estaba en el patio. Los combatientes salieron del patio. la pelea es <a href=\"https:\/\/mythslegendes.com\/es\/bibliotecas-de-libros\/\">libro<\/a> en la puerta del patio.<\/p>\n\n<p>MacDath\u00f4 entonces sali\u00f3, con su perro en la mano, y lo dej\u00f3 suelto entre ellos para ver qu\u00e9 lado tomar\u00eda la inteligencia de su perro. El perro eligi\u00f3 a los Ulates y comenz\u00f3 a masacrar a los Connaciens y derrot\u00f3 a los Connaciens. Se dice que en los campos de Ailb\u00e9 el perro agarra la barra de tiro del carro bajo Ailill y bajo M\u00e8ve. Entonces Ferloga, cochero de Ailill y M\u00e8ve, lo alcanz\u00f3; su cuerpo cay\u00f3 a un lado; su cabeza permaneci\u00f3 en la barra de tiro del carro. Se dice que de ah\u00ed viene el nombre Plaine d&#039;Ailb\u00e9 (Ailb\u00e9 era el nombre del perro).<\/p>\n\n<p>La ruta pasaba al sur por la Brecha de Mugna Senr\u00f4ir\u00e9, por el vado de Midibin\u00e9 en Mastin, a lo largo de la cresta de Criach que se llama hoy Kildare; desde el fuerte de Imgain en el bosque de Gaibl\u00e9 hasta el vado de Mac Lugna, a lo largo de la cresta de Damaig\u00e9, por el puente de Cairpr\u00e9. En el vado de la Cabeza del Perro, en Bil\u00e9, la cabeza del perro cay\u00f3 del carro. En traversant la lande de Mid\u00e9 \u00e0 l&#039;ouest, Ferloga, le cocher d&#039;Ailill se jeta dans la bruy\u00e8re et il sauta dans le char derri\u00e8re Conor et lui tira la t\u00eate en arri\u00e8re :  \u00bb Remercie de te faire quartier, \u00f4 Conor, dit -\u00c9l.<\/p>\n\n<p>&quot;Elige a tu voluntad&quot;, dijo Conor.<\/p>\n\n<p>&quot;No ser\u00e1 mucho&quot;, dijo Ferloga. Ll\u00e9vame contigo a Emain Macha y que todas las noches las mujeres casaderas y las ni\u00f1as n\u00fabiles del Ulster canten un coro a mi alrededor diciendo: &#039;\u00a1Ferloga, mi amada! Ten\u00eda que hacerse, porque no se atrevieron a negarse a causa de Conor, y Ferloga, al cabo de un a\u00f1o, se qued\u00f3 en Athlone con, de Conor, dos caballos con bridas de oro.<\/p>\n\t\t\t\t\t\t\t\t<\/div>\n\t\t\t\t<\/div>\n\t\t\t\t\t<\/div>\n\t\t<\/div>\n\t\t\t\t\t<\/div>\n\t\t<\/section>\n\t\t\t\t<\/div>","protected":false},"excerpt":{"rendered":"<p>Wiki de Mitolog\u00eda Irlandesa Esta es la historia de los Cerdos de Mac Datho, de la Rama Roja de la Mitolog\u00eda Irlandesa. Los cerdos\u2026 <\/p>","protected":false},"author":1,"featured_media":0,"parent":439,"menu_order":0,"comment_status":"closed","ping_status":"closed","template":"","meta":{"footnotes":""},"class_list":["post-499","page","type-page","status-publish","hentry"],"amp_enabled":true,"_links":{"self":[{"href":"https:\/\/mythslegendes.com\/es\/wp-json\/wp\/v2\/pages\/499","targetHints":{"allow":["GET"]}}],"collection":[{"href":"https:\/\/mythslegendes.com\/es\/wp-json\/wp\/v2\/pages"}],"about":[{"href":"https:\/\/mythslegendes.com\/es\/wp-json\/wp\/v2\/types\/page"}],"author":[{"embeddable":true,"href":"https:\/\/mythslegendes.com\/es\/wp-json\/wp\/v2\/users\/1"}],"replies":[{"embeddable":true,"href":"https:\/\/mythslegendes.com\/es\/wp-json\/wp\/v2\/comments?post=499"}],"version-history":[{"count":1,"href":"https:\/\/mythslegendes.com\/es\/wp-json\/wp\/v2\/pages\/499\/revisions"}],"predecessor-version":[{"id":24529,"href":"https:\/\/mythslegendes.com\/es\/wp-json\/wp\/v2\/pages\/499\/revisions\/24529"}],"up":[{"embeddable":true,"href":"https:\/\/mythslegendes.com\/es\/wp-json\/wp\/v2\/pages\/439"}],"wp:attachment":[{"href":"https:\/\/mythslegendes.com\/es\/wp-json\/wp\/v2\/media?parent=499"}],"curies":[{"name":"wp","href":"https:\/\/api.w.org\/{rel}","templated":true}]}}