{"id":509,"date":"2020-06-12T14:48:34","date_gmt":"2020-06-12T13:48:34","guid":{"rendered":"https:\/\/mythslegendes.com\/?page_id=509"},"modified":"2022-12-03T22:06:54","modified_gmt":"2022-12-03T22:06:54","slug":"la-courtise-de-treblainne","status":"publish","type":"page","link":"https:\/\/mythslegendes.com\/es\/mitologia-irlandesa\/the-courtise-de-treblainne\/","title":{"rendered":"La corte de Treblainne"},"content":{"rendered":"\t\t<div data-elementor-type=\"wp-page\" data-elementor-id=\"509\" class=\"elementor elementor-509\">\n\t\t\t\t\t\t<section class=\"elementor-section elementor-top-section elementor-element elementor-element-1c75b06 elementor-section-boxed elementor-section-height-default elementor-section-height-default\" data-id=\"1c75b06\" data-element_type=\"section\" data-e-type=\"section\">\n\t\t\t\t\t\t<div class=\"elementor-container elementor-column-gap-default\">\n\t\t\t\t\t<div class=\"elementor-column elementor-col-50 elementor-top-column elementor-element elementor-element-f40bd86\" data-id=\"f40bd86\" data-element_type=\"column\" data-e-type=\"column\">\n\t\t\t<div class=\"elementor-widget-wrap elementor-element-populated\">\n\t\t\t\t\t\t<div class=\"elementor-element elementor-element-27cf822 elementor-align-justify elementor-widget elementor-widget-button\" data-id=\"27cf822\" data-element_type=\"widget\" data-e-type=\"widget\" data-widget_type=\"button.default\">\n\t\t\t\t<div class=\"elementor-widget-container\">\n\t\t\t\t\t\t\t\t\t<div class=\"elementor-button-wrapper\">\n\t\t\t\t\t<a class=\"elementor-button elementor-button-link elementor-size-sm\" href=\"https:\/\/mythslegendes.com\/mythologie-irlandaise\/\">\n\t\t\t\t\t\t<span class=\"elementor-button-content-wrapper\">\n\t\t\t\t\t\t\t\t\t<span class=\"elementor-button-text\">Mythologie irlandaise<\/span>\n\t\t\t\t\t<\/span>\n\t\t\t\t\t<\/a>\n\t\t\t\t<\/div>\n\t\t\t\t\t\t\t\t<\/div>\n\t\t\t\t<\/div>\n\t\t\t\t\t<\/div>\n\t\t<\/div>\n\t\t\t\t<div class=\"elementor-column elementor-col-50 elementor-top-column elementor-element elementor-element-db4fea1\" data-id=\"db4fea1\" data-element_type=\"column\" data-e-type=\"column\">\n\t\t\t<div class=\"elementor-widget-wrap elementor-element-populated\">\n\t\t\t\t\t\t<div class=\"elementor-element elementor-element-6563ef2 elementor-align-justify elementor-widget elementor-widget-button\" data-id=\"6563ef2\" data-element_type=\"widget\" data-e-type=\"widget\" data-widget_type=\"button.default\">\n\t\t\t\t<div class=\"elementor-widget-container\">\n\t\t\t\t\t\t\t\t\t<div class=\"elementor-button-wrapper\">\n\t\t\t\t\t<a class=\"elementor-button elementor-button-link elementor-size-sm\" href=\"https:\/\/fr.wikipedia.org\/wiki\/Mythologie_celtique_irlandaise\" target=\"_blank\" rel=\"noopener\">\n\t\t\t\t\t\t<span class=\"elementor-button-content-wrapper\">\n\t\t\t\t\t\t\t\t\t<span class=\"elementor-button-text\">Wiki<\/span>\n\t\t\t\t\t<\/span>\n\t\t\t\t\t<\/a>\n\t\t\t\t<\/div>\n\t\t\t\t\t\t\t\t<\/div>\n\t\t\t\t<\/div>\n\t\t\t\t\t<\/div>\n\t\t<\/div>\n\t\t\t\t\t<\/div>\n\t\t<\/section>\n\t\t\t\t<section class=\"elementor-section elementor-top-section elementor-element elementor-element-51f1b852 elementor-section-boxed elementor-section-height-default elementor-section-height-default\" data-id=\"51f1b852\" data-element_type=\"section\" data-e-type=\"section\">\n\t\t\t\t\t\t<div class=\"elementor-container elementor-column-gap-default\">\n\t\t\t\t\t<div class=\"elementor-column elementor-col-100 elementor-top-column elementor-element elementor-element-600eeca0\" data-id=\"600eeca0\" data-element_type=\"column\" data-e-type=\"column\">\n\t\t\t<div class=\"elementor-widget-wrap elementor-element-populated\">\n\t\t\t\t\t\t<div class=\"elementor-element elementor-element-5bd88872 elementor-widget elementor-widget-text-editor\" data-id=\"5bd88872\" data-element_type=\"widget\" data-e-type=\"widget\" data-widget_type=\"text-editor.default\">\n\t\t\t\t<div class=\"elementor-widget-container\">\n\t\t\t\t\t\t\t\t\t\n<p>Voici l&rsquo;histoire de la Courtise de Treblainne, de la <a href=\"https:\/\/mythslegendes.com\/es\/mitologia-irlandesa\/\">branche rouge<\/a> de la <a href=\"https:\/\/mythslegendes.com\/es\/\">mythologie<\/a> irlandaise.<\/p>\n<p><img decoding=\"async\" class=\"alignnone wp-image-5284 size-full\" src=\"https:\/\/mythslegendes.com\/wp-content\/uploads\/2020\/09\/AlphaOmega-e1602613368367.png\" alt=\"la Courtise de Treblainne\" width=\"25\" height=\"26\" title=\"\"><\/p>\n<div id=\"ez-toc-container\" class=\"ez-toc-v2_0_82_2 counter-hierarchy ez-toc-counter ez-toc-grey ez-toc-container-direction\">\n<div class=\"ez-toc-title-container\">\n<p class=\"ez-toc-title\" style=\"cursor:inherit\">Contenus<\/p>\n<span class=\"ez-toc-title-toggle\"><a href=\"#\" class=\"ez-toc-pull-right ez-toc-btn ez-toc-btn-xs ez-toc-btn-default ez-toc-toggle\" aria-label=\"Alternar tabla de contenidos\"><span class=\"ez-toc-js-icon-con\"><span class=\"\"><span class=\"eztoc-hide\" style=\"display:none;\">Toggle<\/span><span class=\"ez-toc-icon-toggle-span\"><svg style=\"fill: #999;color:#999\" xmlns=\"http:\/\/www.w3.org\/2000\/svg\" class=\"list-377408\" width=\"20px\" height=\"20px\" viewBox=\"0 0 24 24\" fill=\"none\"><path d=\"M6 6H4v2h2V6zm14 0H8v2h12V6zM4 11h2v2H4v-2zm16 0H8v2h12v-2zM4 16h2v2H4v-2zm16 0H8v2h12v-2z\" fill=\"currentColor\"><\/path><\/svg><svg style=\"fill: #999;color:#999\" class=\"arrow-unsorted-368013\" xmlns=\"http:\/\/www.w3.org\/2000\/svg\" width=\"10px\" height=\"10px\" viewBox=\"0 0 24 24\" version=\"1.2\" baseProfile=\"tiny\"><path d=\"M18.2 9.3l-6.2-6.3-6.2 6.3c-.2.2-.3.4-.3.7s.1.5.3.7c.2.2.4.3.7.3h11c.3 0 .5-.1.7-.3.2-.2.3-.5.3-.7s-.1-.5-.3-.7zM5.8 14.7l6.2 6.3 6.2-6.3c.2-.2.3-.5.3-.7s-.1-.5-.3-.7c-.2-.2-.4-.3-.7-.3h-11c-.3 0-.5.1-.7.3-.2.2-.3.5-.3.7s.1.5.3.7z\"\/><\/svg><\/span><\/span><\/span><\/a><\/span><\/div>\n<nav><ul class='ez-toc-list ez-toc-list-level-1 ' ><li class='ez-toc-page-1 ez-toc-heading-level-2'><a class=\"ez-toc-link ez-toc-heading-1\" href=\"https:\/\/mythslegendes.com\/es\/mitologia-irlandesa\/the-courtise-de-treblainne\/#La-Courtise-de-Treblainne\" >La Courtise de Treblainne<\/a><\/li><\/ul><\/nav><\/div>\n<h2><span class=\"ez-toc-section\" id=\"La-Courtise-de-Treblainne\"><\/span>La Courtise de Treblainne<span class=\"ez-toc-section-end\"><\/span><\/h2>\n<p>Fraech, fils de Fidach Foltruad (cheveux rouges) du Sid Fidaig et Loch Fidaig et Dun Coistinne, le noble jeune homme des Domnannaig \u00e9tait si beau et si courageux, que les\u00a0<em>Fili<\/em>\u00a0faisaient partout son \u00e9loge, et que sur la base de ces rapports de nombreuses princesses \u00e9taient tomb\u00e9es en amour pour lui. Ses pr\u00e9tendantes \u00e9taient si nombreuses qu&rsquo;il lui \u00e9tait difficile de choisir et il resta douze ans dans sa maison sans se marier. Ajout\u00e9 \u00e0 cela que Boann avait averti Be-Binn, sa m\u00e8re, que son fils ne devait \u00e9pouser aucune femme, sinon il allait mourir dans la m\u00eame ann\u00e9e. En outre, il devait prendre soin de ne pas se battre avec Cuchulainn, ni nager dans une eau noire entre Samain et Beltaine, ni donner ses armes en gage.<\/p>\n\n<p>Mais tomba aussi amoureuse de lui Treblann, fille de Fraech, fils d&rsquo;Aengus du Sid de Broga, la fille adoptive du roi de Temair, Coirpre Nia-Fer-mac Rosa. Car les nobles des Fils de Mil (les Gaels) avaient coutume de prendre en charge pour les \u00e9duquer les enfants princes elfes voisins, de sorte que ces derniers ne nuisent pas au bl\u00e9, au lait ou \u00e0 la prosp\u00e9rit\u00e9.<\/p>\n\n<p>Quand le roi apprit la passion de Treblann, il la fit venir \u00e0 lui dans la \u00ab\u00a0maison des chuchotements\u00a0\u00bb et il sugg\u00e8ra que, \u00e0 d\u00e9faut de Fraech, ils pourraient obtenir un autre mari. Alors elle retourna \u00e0 son Grianan (\u00e0 l&rsquo;origine \u00ab\u00a0chambre haute\u00a0\u00bb) et versa des larmes am\u00e8res. Puis elle fit venir \u00e0 elle son messager Laigech Lamfota (Long bras) et l&rsquo;envoya \u00e0 Cruachan pour annoncer \u00e0 Fraech que Coirpre ne lui accordait pas ce dernier et que cependant elle \u00e9tait dispos\u00e9e \u00e0 partir avec lui. Laigech rencontra d&rsquo;abord les gens de Cruachan au jeu de ballon; ils voulurent tout d&rsquo;abord, parce qu&rsquo;il apparaissait dans un v\u00eatement insignifiant, v\u00eatu d&rsquo;un manteau gris, d&rsquo;une tunique sombre et une baguette \u00e0 la main, lancer leurs balles sur lui. Mais puisqu&rsquo;il demandait apr\u00e8s Fraech et voulait \u00eatre reconnu comme un messager, il fut conduit \u00e0 Cruachan. Quand il rapporta \u00e0 Fraech ce qui s&rsquo;\u00e9tait pass\u00e9, celui-ci fit savoir \u00e0 Coirpre, que en \u00e9change de la jeune femme, il se mettrait \u00e0 sa dispostion avec des arm\u00e9es \u00e9gales sur le champ de bataille et que de plus il viendrait avec 400 chars \u00e0 Temair; mais il fit dire \u00e0 Treblann de se tenir pr\u00eate.<\/p>\n\n<p>Le messager, \u00e0 son retour, alla au Grianan de Treblann et lui dit tout, il lui d\u00e9peignit \u00e9galement &#8211; dans un po\u00e8me &#8211; la beaut\u00e9 de Fraech. Avec le consentement de sa ma\u00eetresse, il rapporta \u00e0 Coirpre la proposition de Fraech. Fraech raconta ensuite \u00e0 Medb, Ailill et Fergus l&rsquo;offense de Coirpre et ils l&rsquo;appel\u00e8rent \u00e0 la vengeance. Ses camarades promirent de l&rsquo;accompagner; c&rsquo;\u00e9tait Laigsech Lennmar (grand manteau), le fils de Conall Cernach, Aengus mac Aenlaime Gaibe, Connra mac Tinne, Dorchu mac Tinne, Monga Milech et une troupe de jeunes gens des Gamanraids. Ils emport\u00e8rent des baguettes de messager (<em>flesca<\/em>), afin dit Glenn Flesca, \u00ab\u00a0de les envoyer en avant \u00e0 la rencontre de la jeune femme\u00a0\u00bb et s&rsquo;en all\u00e8rent, bien \u00e9quip\u00e9s et bien baign\u00e9s, d&rsquo;abord jusqu&rsquo;\u00e0 Liathdruim, o\u00f9 Cet les accueillit cette nuit-l\u00e0, puis vers Mag na n-Dumach, au lieu appel\u00e9 Mag Caille, o\u00f9 ils trouv\u00e8rent approvisionnement aupr\u00e8s d&rsquo;Amairgin, et la m\u00eame nuit plus loin jusqu&rsquo;\u00e0 Ath Cathail Druim-fri-Fid et de l\u00e0 envoy\u00e8rent des messagers \u00e0 Treblann avec l&rsquo;instruction de venir le lendemain \u00e0 Tulach na Carpat (colline du char). Les messagers rencontr\u00e8rent Treblann dans son Grianan, et celle-ci \u00abreconnut la baguette\u00bb et \u00e9couta leur r\u00e9cit &#8211; en vers. Le lendemain matin, elle se pr\u00e9para avec l&rsquo;excellence d&rsquo;une f\u00e9e, et partit pour Tulach na Carpat. De m\u00eame, Fraech s&rsquo;\u00e9tait bien \u00e9quip\u00e9 et avait fait briller ses armes, afin que la jeune femme le remarque de loin \u00e0 son \u00e9clat. Les messagers qui l&rsquo;accompagnaient comparaient Fraech aux plus remarquables h\u00e9ros: Cuchulainn, Conall et Fiamain. Alors ils se rencontr\u00e8rent et se salu\u00e8rent mutuellement.<\/p>\n\n<p>Lorsque Coirpre Nia-Fer apprit que Treblann s&rsquo;\u00e9tait enfuie avec Fraech, il rassembla une arm\u00e9e et, plein de col\u00e8re, voulut se venger sur Fraech. Mais son fils Erc fit remarquer qu&rsquo;alors leur union serait accomplie, et partit avec seulement 400 jeunes hommes sur des chars \u00e0 l&rsquo;encontre de Fraech dans l&rsquo;espoir d&rsquo;\u00eatre capable de reprendre la jeune femme. La bataille dura tout le jour. Comme il \u00e9tait vaincu, Erc envoya des messagers \u00e0 Temair pour qu\u00e9rir de l&rsquo;aide. Mais Laigsech (Loigsech) Cennmor fit remarquer qu&rsquo;alors les accords de lutte loyale seraient rompus. Sur ses conseils Fraech et ses camarades rentr\u00e8rent chez eux avec la jeune femme, et la troupe qui s&rsquo;approchait ne trouva plus que ses morts.<\/p>\n\n<p>A Cruachan, Fraech rapporta sa victoire \u00e0 Medb et Fergus, prit cong\u00e9 et retourna avec Treblann dans son propre territoire. L\u00e0 il apprit par sa m\u00e8re que, entre temps, ses vaches et ses trois fils avaient franchi les montagnes des Alpes. Malgr\u00e9 les conseils de sa m\u00e8re, qui lui promettait de nouvelles vaches, il expliqua qu&rsquo;il s&rsquo;\u00e9tait engag\u00e9 aupr\u00e8s d&rsquo;Ailill et de Medb \u00e0 fournir son b\u00e9tail pour la Tain Bo Cuailnge. Il confia Treblann ainsi que sa\u00a0<em>Cloch comsoegail<\/em>\u00a0(pierre vivante ou pierre d&rsquo;\u00e9gale dur\u00e9e de vie, voir ci-dessous) \u00e0 Donn, le fils de Eochaid Ollathair, et se mit en chemin pour rapporter son b\u00e9tail.<\/p>\n\n<p>Quand Coirpre Nia-Fer apprit cela, il chargea Midir de Bri Leith, de provoquer la ruine de Fraech. Triath mac Faebuir, un des jeunes hommes de la troupe de Midir, se rendit avec Midir et trente chars sur l&rsquo;\u00eele o\u00f9 r\u00e9sidait Donn, et se pr\u00e9senta comme un pr\u00e9tendant de Treblann. \u00ab\u00a0C&rsquo;est pr\u00e9tendre \u00e0 la femme d&rsquo;un vivant\u00a0\u00bb, dit Donn. Mais Midir affirma que Conall (Cernach) et Fraech avaient \u00e9t\u00e9 tu\u00e9s par les Lombards au cours de leur voyage pour les Alpes. \u00ab\u00a0On peut v\u00e9rifier cela\u00a0\u00bb, r\u00e9pondit Treblann; dans ce cas la\u00a0<em>Cloch comsoegail<\/em>\u00a0de Fraech serait rompue. La bo\u00eete dans laquelle elle \u00e9tait conserv\u00e9e, fut apport\u00e9e. Mais Midir pronon\u00e7a une parole sur sa lance, en frappa la bo\u00eete et la pierre sembla bris\u00e9e. En larmes, Treblann quitta la maison, se rendit \u00e0 Ferta na h-Ingine (tumulus de la jeune femme) et elle y mourut de chagrin \u00e0 cause de la mort de son mari.<\/p>\n\n<p>Fraech avait travers\u00e9 de nombreuses terres, retrouv\u00e9 son b\u00e9tail et ses fils, et \u00e9tait arriv\u00e9 avec Conall Cernach \u00e0 Dun Sobairche (sur la c\u00f4te nord de l&rsquo;Irlande). Ensuite, ils y \u00e9taient rest\u00e9s un mois et une semaine, il passa \u00e0 Cuailnge et rencontra Laigech, le messager de Treblann. Celui-ci raconta sous une forme po\u00e9tique, les \u00e9v\u00e9nements arriv\u00e9s au cours de ses neuf mois et une semaine d&rsquo;absence; il apprit de lui que sa femme \u00e9tait morte par la faute de Midir. Alors il envoya son butin \u00e0 Cruachan, tandis qu&rsquo;il se rendait, avec neuf hommes, devant Bri Leith, et il d\u00e9clara \u00e0 Nechtan, que Midir lui avait envoy\u00e9, qu&rsquo;il voulait trois choses: voir le sang de Midir sur ses armes, une indemnit\u00e9 pour sa femme et la promesse qu&rsquo;elle lui serait rendue. Nechtan devait d&rsquo;abord s&rsquo;assurer que Midir viendrait le lendemain pour se battre en duel. En Bri Leith, il ne se trouvait personne qui veuille affronter Fraech; jusqu&rsquo;\u00e0 ce que la promesse de grandes richesses incite Airmger mac Acarnamat \u00e0 s&rsquo;y rendre; par des sortil\u00e8ges il prit la forme et l&rsquo;apparence de Midir. Mais Boann avait appris la nouvelle, elle apporta \u00e0 Fraech un\u00a0<em>bricht neime<\/em>\u00a0(litt\u00e9ralement \u00ab\u00a0sort poison\u00a0\u00bb); dans lequel ses armes devaient \u00eatre baign\u00e9es, et un v\u00eatement protecteur. Le lendemain Fraech et Airmger combattirent longtemps jusqu&rsquo;\u00e0 ce que finalement ce dernier tombe. Alors Midir renvoya Nechtan vers Fraech, cette fois-ci avec l&rsquo;indemnit\u00e9 pour sa femme: cinquante chevaux de m\u00eame couleur, [cinquante] chars de la valeur d&rsquo;un cumal, cinquante boucliers blancs, cinquante habits verts avec des bracelets en argent, cinquante \u00e9p\u00e9es avec des poign\u00e9es d&rsquo;or, cinquante excellentes lances. De m\u00eame, Treblann, accompagn\u00e9e par huit jeunes femmes de m\u00eame apparence, devait lui \u00eatre rendue. Alors ils se s\u00e9par\u00e8rent en paix.<\/p>\n\n<p>C&rsquo;est cette Treblann qui porta Fraech, quand il eut trouv\u00e9 la mort par Cuchulainn, jusque dans le\u00a0<em>Sid<\/em>.<\/p>\n\t\t\t\t\t\t\t\t<\/div>\n\t\t\t\t<\/div>\n\t\t\t\t\t<\/div>\n\t\t<\/div>\n\t\t\t\t\t<\/div>\n\t\t<\/section>\n\t\t\t\t<\/div>\n\t\t","protected":false},"excerpt":{"rendered":"<p>Wiki de mitolog\u00eda irlandesa Esta es la historia del cortejo de Treblainne, de la rama roja de la mitolog\u00eda irlandesa. Noviazgo\u2026 <\/p>","protected":false},"author":1,"featured_media":0,"parent":439,"menu_order":0,"comment_status":"closed","ping_status":"closed","template":"","meta":{"footnotes":""},"class_list":["post-509","page","type-page","status-publish","hentry"],"amp_enabled":true,"_links":{"self":[{"href":"https:\/\/mythslegendes.com\/es\/wp-json\/wp\/v2\/pages\/509","targetHints":{"allow":["GET"]}}],"collection":[{"href":"https:\/\/mythslegendes.com\/es\/wp-json\/wp\/v2\/pages"}],"about":[{"href":"https:\/\/mythslegendes.com\/es\/wp-json\/wp\/v2\/types\/page"}],"author":[{"embeddable":true,"href":"https:\/\/mythslegendes.com\/es\/wp-json\/wp\/v2\/users\/1"}],"replies":[{"embeddable":true,"href":"https:\/\/mythslegendes.com\/es\/wp-json\/wp\/v2\/comments?post=509"}],"version-history":[{"count":1,"href":"https:\/\/mythslegendes.com\/es\/wp-json\/wp\/v2\/pages\/509\/revisions"}],"predecessor-version":[{"id":24532,"href":"https:\/\/mythslegendes.com\/es\/wp-json\/wp\/v2\/pages\/509\/revisions\/24532"}],"up":[{"embeddable":true,"href":"https:\/\/mythslegendes.com\/es\/wp-json\/wp\/v2\/pages\/439"}],"wp:attachment":[{"href":"https:\/\/mythslegendes.com\/es\/wp-json\/wp\/v2\/media?parent=509"}],"curies":[{"name":"wp","href":"https:\/\/api.w.org\/{rel}","templated":true}]}}