{"id":515,"date":"2020-06-12T14:54:51","date_gmt":"2020-06-12T13:54:51","guid":{"rendered":"https:\/\/mythslegendes.com\/?page_id=515"},"modified":"2022-12-03T22:06:54","modified_gmt":"2022-12-03T22:06:54","slug":"histoire-de-cuchulainn-et-la-jalousie-demer","status":"publish","type":"page","link":"https:\/\/mythslegendes.com\/es\/mitologia-irlandesa\/historia-de-cuchulainn-y-demer-celos\/","title":{"rendered":"Historia de los celos de C\u00fachulainn y Emer"},"content":{"rendered":"<div data-elementor-type=\"wp-page\" data-elementor-id=\"515\" class=\"elementor elementor-515\">\n\t\t\t\t\t\t<section class=\"elementor-section elementor-top-section elementor-element elementor-element-d24a75b elementor-section-boxed elementor-section-height-default elementor-section-height-default\" data-id=\"d24a75b\" data-element_type=\"section\" data-e-type=\"section\">\n\t\t\t\t\t\t<div class=\"elementor-container elementor-column-gap-default\">\n\t\t\t\t\t<div class=\"elementor-column elementor-col-50 elementor-top-column elementor-element elementor-element-d34eb55\" data-id=\"d34eb55\" data-element_type=\"column\" data-e-type=\"column\">\n\t\t\t<div class=\"elementor-widget-wrap elementor-element-populated\">\n\t\t\t\t\t\t<div class=\"elementor-element elementor-element-fb086e4 elementor-align-justify elementor-widget elementor-widget-button\" data-id=\"fb086e4\" data-element_type=\"widget\" data-e-type=\"widget\" data-widget_type=\"button.default\">\n\t\t\t\t<div class=\"elementor-widget-container\">\n\t\t\t\t\t\t\t\t\t<div class=\"elementor-button-wrapper\">\n\t\t\t\t\t<a class=\"elementor-button elementor-button-link elementor-size-sm\" href=\"https:\/\/mythslegendes.com\/es\/mitologia-irlandesa\/\">\n\t\t\t\t\t\t<span class=\"elementor-button-content-wrapper\">\n\t\t\t\t\t\t\t\t\t<span class=\"elementor-button-text\">Mitolog\u00eda irlandesa<\/span>\n\t\t\t\t\t<\/span>\n\t\t\t\t\t<\/a>\n\t\t\t\t<\/div>\n\t\t\t\t\t\t\t\t<\/div>\n\t\t\t\t<\/div>\n\t\t\t\t\t<\/div>\n\t\t<\/div>\n\t\t\t\t<div class=\"elementor-column elementor-col-50 elementor-top-column elementor-element elementor-element-7ffe094\" data-id=\"7ffe094\" data-element_type=\"column\" data-e-type=\"column\">\n\t\t\t<div class=\"elementor-widget-wrap elementor-element-populated\">\n\t\t\t\t\t\t<div class=\"elementor-element elementor-element-77befeb elementor-align-justify elementor-widget elementor-widget-button\" data-id=\"77befeb\" data-element_type=\"widget\" data-e-type=\"widget\" data-widget_type=\"button.default\">\n\t\t\t\t<div class=\"elementor-widget-container\">\n\t\t\t\t\t\t\t\t\t<div class=\"elementor-button-wrapper\">\n\t\t\t\t\t<a class=\"elementor-button elementor-button-link elementor-size-sm\" href=\"https:\/\/fr.wikipedia.org\/wiki\/Mythologie_celtique_irlandaise\" target=\"_blank\" rel=\"noopener\">\n\t\t\t\t\t\t<span class=\"elementor-button-content-wrapper\">\n\t\t\t\t\t\t\t\t\t<span class=\"elementor-button-text\">Wiki<\/span>\n\t\t\t\t\t<\/span>\n\t\t\t\t\t<\/a>\n\t\t\t\t<\/div>\n\t\t\t\t\t\t\t\t<\/div>\n\t\t\t\t<\/div>\n\t\t\t\t\t<\/div>\n\t\t<\/div>\n\t\t\t\t\t<\/div>\n\t\t<\/section>\n\t\t\t\t<section class=\"elementor-section elementor-top-section elementor-element elementor-element-3cac8274 elementor-section-boxed elementor-section-height-default elementor-section-height-default\" data-id=\"3cac8274\" data-element_type=\"section\" data-e-type=\"section\">\n\t\t\t\t\t\t<div class=\"elementor-container elementor-column-gap-default\">\n\t\t\t\t\t<div class=\"elementor-column elementor-col-100 elementor-top-column elementor-element elementor-element-1bdf3231\" data-id=\"1bdf3231\" data-element_type=\"column\" data-e-type=\"column\">\n\t\t\t<div class=\"elementor-widget-wrap elementor-element-populated\">\n\t\t\t\t\t\t<div class=\"elementor-element elementor-element-1afa4526 elementor-widget elementor-widget-text-editor\" data-id=\"1afa4526\" data-element_type=\"widget\" data-e-type=\"widget\" data-widget_type=\"text-editor.default\">\n\t\t\t\t<div class=\"elementor-widget-container\">\n\t\t\t\t\t\t\t\t\t\n<p>Esta es la historia de los celos de Emer, la <a href=\"https:\/\/mythslegendes.com\/es\/mitologia-irlandesa\/\">rama roja<\/a> de la <a href=\"https:\/\/mythslegendes.com\/es\/\">mitolog\u00eda<\/a> Irlandesa.<\/p>\n<p><img decoding=\"async\" class=\"alignnone wp-image-5284 size-full\" src=\"https:\/\/mythslegendes.com\/wp-content\/uploads\/2020\/09\/AlphaOmega-e1602613368367.png\" alt=\"Los celos de Emer\" width=\"25\" height=\"26\" title=\"\"><\/p>\n<div id=\"ez-toc-container\" class=\"ez-toc-v2_0_82_2 counter-hierarchy ez-toc-counter ez-toc-grey ez-toc-container-direction\">\n<div class=\"ez-toc-title-container\">\n<p class=\"ez-toc-title\" style=\"cursor:inherit\">Contenido<\/p>\n<span class=\"ez-toc-title-toggle\"><a href=\"#\" class=\"ez-toc-pull-right ez-toc-btn ez-toc-btn-xs ez-toc-btn-default ez-toc-toggle\" aria-label=\"Alternar tabla de contenidos\"><span class=\"ez-toc-js-icon-con\"><span class=\"\"><span class=\"eztoc-hide\" style=\"display:none;\">Palanca<\/span><span class=\"ez-toc-icon-toggle-span\"><svg style=\"fill: #999;color:#999\" xmlns=\"http:\/\/www.w3.org\/2000\/svg\" class=\"list-377408\" width=\"20px\" height=\"20px\" viewbox=\"0 0 24 24\" fill=\"none\"><path d=\"M6 6H4v2h2V6zm14 0H8v2h12V6zM4 11h2v2H4v-2zm16 0H8v2h12v-2zM4 16h2v2H4v-2zm16 0H8v2h12v-2z\" fill=\"currentColor\"><\/path><\/svg><svg style=\"fill: #999;color:#999\" class=\"arrow-unsorted-368013\" xmlns=\"http:\/\/www.w3.org\/2000\/svg\" width=\"10px\" height=\"10px\" viewbox=\"0 0 24 24\" version=\"1.2\" baseprofile=\"tiny\"><path d=\"M18.2 9.3l-6.2-6.3-6.2 6.3c-.2.2-.3.4-.3.7s.1.5.3.7c.2.2.4.3.7.3h11c.3 0 .5-.1.7-.3.2-.2.3-.5.3-.7s-.1-.5-.3-.7zM5.8 14.7l6.2 6.3 6.2-6.3c.2-.2.3-.5.3-.7s-.1-.5-.3-.7c-.2-.2-.4-.3-.7-.3h-11c-.3 0-.5.1-.7.3-.2.2-.3.5-.3.7s.1.5.3.7z\"\/><\/svg><\/span><\/span><\/span><\/a><\/span><\/div>\n<nav><ul class='ez-toc-list ez-toc-list-level-1' ><li class='ez-toc-page-1 ez-toc-heading-level-2'><a class=\"ez-toc-link ez-toc-heading-1\" href=\"https:\/\/mythslegendes.com\/es\/mitologia-irlandesa\/historia-de-cuchulainn-y-demer-celos\/#La-jalousie-dEmer\" >Los celos de Emer<\/a><\/li><\/ul><\/nav><\/div>\n<h2><span class=\"ez-toc-section\" id=\"La-jalousie-dEmer\"><\/span>Los celos de Emer<span class=\"ez-toc-section-end\"><\/span><\/h2>\n<p>Los hombres del Ulster se hab\u00edan reunido en la llanura de Muirthemne, unos d\u00edas antes del Samhain, para medirse en el curso de los juegos. Como Lugaid y Conall Cearnach a\u00fan no hab\u00edan llegado, Cuchulain insisti\u00f3 en que esper\u00e1ramos antes de comenzar los juegos. Por lo tanto, los guerreros estaban ocupados jugando al ajedrez, cuando desconocidos, magn\u00edficos p\u00e1jaros aterrizaron en el estanque cercano. Momentos despu\u00e9s, las mujeres de Ulster ya estaban discutiendo sobre qui\u00e9n se quedar\u00eda con las delicadas criaturas. Levarcham, el mensajero cojo, fue a pedirle a Cuchulain que capturara los p\u00e1jaros y los distribuyera entre ellos. El campe\u00f3n tuvo que suplicar un poco, pero acab\u00f3 cumpliendo. Los captur\u00f3 sin dificultad, y empez\u00f3 a repartirlos: uno para cada uno, luego un segundo ... pero lleg\u00f3 frente a la \u00faltima jovencita, no ten\u00eda m\u00e1s segundo p\u00e1jaro para darle. Eithne, la \u00fanica entre todas sus compa\u00f1eras que solo ten\u00eda un p\u00e1jaro, puso una cara tan pobre que Cuchulain le prometi\u00f3 que las dos pr\u00f3ximas aves aterrizar\u00edan en el estanque.<br \/>Poco despu\u00e9s, llegaron dos p\u00e1jaros a\u00fan m\u00e1s hermosos, unidos por una cadena de oro. Cantaron una melod\u00eda suave con efectos sopor\u00edferos sobre quienes la escucharon. Cuchulain, recordando su promesa, hizo un esfuerzo por levantarse. Eithne lo detuvo: no hab\u00eda duda de que sus p\u00e1jaros estaban encantados. Se necesit\u00f3 m\u00e1s para detener al campe\u00f3n, quien coloc\u00f3 una piedra en su honda y ajust\u00f3 su tiro. Sin embargo, ech\u00f3 de menos a los p\u00e1jaros, como en el segundo intento: \u00a1nunca se hab\u00eda sentido tan torpe! Furioso, agarr\u00f3 su lanza y la arroj\u00f3 al suelo. Uno de los p\u00e1jaros, golpeado en el ala, arrastr\u00f3 al segundo al lago. Cuchulain quiso ir a buscarlos, pero se cay\u00f3 pesadamente y se golpe\u00f3 la cabeza. Casi inconsciente, vio a dos ni\u00f1as saliendo del lago. La primera, con el abrigo verde, le sonri\u00f3 antes de golpearlo con su varita. El segundo, de rojo, hizo lo mismo, y se turnaron para golpearlo as\u00ed, sin que los dem\u00e1s guerreros durmientes se dieran cuenta de nada.<br \/>Conall finalmente lleg\u00f3 a Muirthemne y encontr\u00f3 a todos dormidos. No tuvo dificultad para despertarlos, pero al ver que hab\u00edan golpeado a Cuchulain, prefiri\u00f3 dejarlo dormir. No se despert\u00f3 hasta el anochecer. Sin responder a las preguntas, le orden\u00f3 a Laeg que lo llevara de regreso, no a Dundealgan donde Emer estaba esperando, sino a Emain, donde no habl\u00f3 con nadie.<\/p>\n\n<p>En la v\u00edspera del pr\u00f3ximo Samhain, Cuchulain todav\u00eda no hab\u00eda salido de su silencio y permanec\u00eda postrado en cama. Conchobar, Laegaire, Conall, Lugaid y el devoto Eithne estaban junto a su cama, cuando un extra\u00f1o entr\u00f3 en la habitaci\u00f3n.<br \/>&quot; - Quien es usted ? Pregunt\u00f3 Conall. Qu\u00e9 hace usted aqu\u00ed ?<br \/>- Vengo a hablar con el hombre que est\u00e1 en esta cama. Erguido y en forma, es una gran protecci\u00f3n para todo el Ulster, pero tan enfermo y d\u00e9bil es una protecci\u00f3n a\u00fan mejor. Si Cuchulain, hijo de Sualtim, acepta mi amistad hoy, todo lo que ha visto en sus sue\u00f1os ser\u00e1 suyo. Lebanon, el que est\u00e1 a la derecha de Labraid con la Swift Sword, me dijo que la llegada de Cuchulain ser\u00eda una gran fuente de alegr\u00eda para su hermana Fand. El final de tu debilidad estar\u00eda cerca, Cuchulain, si conocieras a las dos hijas de Aedh Abrat. Voy a enviar a L\u00edbano a Muirthemne, para que pueda curar tu dolencia.<br \/>- Quien es usted ? Pregunt\u00f3 Conall.<br \/>&quot;Mi nombre es Aengus&quot;, dijo mientras se alejaba. &quot;<\/p>\n\n<p>Despu\u00e9s de una discusi\u00f3n, los guerreros decidieron que Cuchulain deber\u00eda regresar a Muirthemne. Qu\u00e9 hizo. Mientras estaba sentado en la misma piedra donde se hab\u00eda golpeado la cabeza un a\u00f1o antes, vio a la joven aparecer vestida de verde.<br \/>&quot;- \u00bfQu\u00e9 quer\u00edas de m\u00ed el a\u00f1o pasado? le pregunt\u00f3 sin cortes\u00eda.<br \/>- No quer\u00eda hacerte da\u00f1o, asegur\u00f3 ella, sino pedirte tu amor. Hablo por Fand, hija de Aedh Abrat, a quien su esposo, Manannan, el Hijo del Mar, ha dejado. Soy el L\u00edbano, esposa de Libraid con la espada r\u00e1pida, y tengo un mensaje de \u00e9l para ti: te dar\u00e1 lo que le pidas, si est\u00e1s de acuerdo en ayudarlo, solo un d\u00eda, contra sus enemigos.<br \/>&quot;En mi estado actual, no soy bueno para ayudar a nadie&quot;, se burl\u00f3 Cuchulain.<br \/>- Pronto sanar\u00e1s y estar\u00e1s en posesi\u00f3n de todas tus capacidades.<br \/>- \u00bfA donde deber\u00eda ir?<br \/>- En Magh Mell, la llanura alegre.<br \/>- Correcto. \u00a1Pero no ir\u00eda hasta que vi a mi esposa, Emer! &quot;<br \/>Envi\u00f3 a Laeg a contarle a Emer todo lo que hab\u00eda sucedido. \u00a1Se enfureci\u00f3 mucho cuando se enter\u00f3 de que su esposo hab\u00eda estado enfermo durante un a\u00f1o y que sus compa\u00f1eros no hab\u00edan movido cielo y tierra para encontrar una cura para \u00e9l! Corri\u00f3 a Emain, donde hab\u00edan escoltado al a\u00fan d\u00e9bil Cuchulain. Mientras lo maldec\u00eda vigorosamente, \u00e9l sinti\u00f3 que sus fuerzas regresaban ...<\/p>\n\n<p>Cuchulain luego regres\u00f3 a Muirthemne, donde encontr\u00f3 el L\u00edbano. Tambi\u00e9n hab\u00eda recuperado la desconfianza y consideraba dudosas las explicaciones de la joven. As\u00ed que exigi\u00f3 que Laeg fuera a Labraid primero para informarle de la situaci\u00f3n. L\u00edbano acord\u00f3 llevarse al conductor del tanque. Ella lo condujo por arte de magia a un pa\u00eds fabuloso, lleno de flores de colores y p\u00e1jaros cantores, hermosas jovencitas, magn\u00edficos caballos, relucientes viviendas\u2026 Laeg conoci\u00f3 a Fand, Tear, la mujer m\u00e1s hermosa que jam\u00e1s hab\u00eda visto, quien lo salud\u00f3 calurosamente. El rey Lagaid, por otro lado, parec\u00eda triste: se estaba gestando una batalla y tem\u00eda el resultado.<br \/>Cuando Laeg regres\u00f3 a Cuchulain, le dio una imagen entusiasta de Fand y su pa\u00eds, inst\u00e1ndolo a ayudar a Lagaid. Cuchulain se dej\u00f3 convencer y Liban lo llev\u00f3 a casa. Fue recibido por Fand y Lagaid. \u00c9ste lo llev\u00f3 a ver el ej\u00e9rcito que los iba a atacar, y era fuerte y muy bien armado, compuesto por Formori. Cuchulain pidi\u00f3 que lo dejaran solo un momento para inspeccionarlo. Logaid, por tanto, lo dej\u00f3 y Cuchulain se acerc\u00f3 discretamente. Finalmente identific\u00f3 al l\u00edder del ej\u00e9rcito, y mientras se alejaba de sus hombres para ir al r\u00edo, el campe\u00f3n de los ulados lo apunt\u00f3 con su lanza. Eochaid Juil muri\u00f3 instant\u00e1neamente, y Cuchulain luego atac\u00f3 a su ej\u00e9rcito, con tal rabia que Labraid regres\u00f3 y lo liber\u00f3 con sus tropas, y Laeg tuvo que explicar con urgencia lo que hab\u00eda que hacer para calmarlo, es decir, sumergirlo sucesivamente en varias tinas. de agua fr\u00eda. Sin embargo, el ej\u00e9rcito hab\u00eda perdido su organizaci\u00f3n al mismo tiempo que su l\u00edder, y Labraid aprovech\u00f3 esto para derrotarlo por completo.<\/p>\n\n<p>De vuelta en el palacio de Labraid, Cuchulain fue calurosamente felicitado y agasajado. La bella Fand lo eligi\u00f3 como su amante, y permaneci\u00f3 con ella durante un mes completo. Como ten\u00eda que regresar con su familia en el Ulster, acordaron reunirse en <a href=\"https:\/\/mythslegendes.com\/es\/mitologia-irlandesa\/\">Irlanda<\/a>. Emer, que esperaba pacientemente el regreso de su marido, se enter\u00f3 de esta historia. Siempre hab\u00eda tolerado las infidelidades de su marido, porque sab\u00eda que \u00e9l la amaba sinceramente, y que sus aventuras siempre eran fugaces y sin consecuencias: ten\u00eda que tener tiempo cuando estaba lejos de ella\u2026 En todo momento entendi\u00f3 que esta historia era diferente, ya que los enamorados planeaban volver a verse. Concibi\u00f3 fuertes celos y logr\u00f3 enterarse del lugar de la cita. Reuni\u00f3 a unas cincuenta doncellas, las arm\u00f3, se arm\u00f3 ella misma con un cuchillo, y se pusieron en marcha, con el objetivo de hacer de Fand un mal recuerdo. Cuchulain tuvo que interponerse entre ellos.<br \/>&quot;Vamos, no me atacar\u00edas de todos modos ... Yo que te amo m\u00e1s de lo que cualquier hombre ama a una mujer&quot;.<br \/>- Si me amas, \u00bfpor qu\u00e9 me deshonras delante de toda la gente de Irlanda? Tu orgullo va a ser motivo de una gran pelea, Cuchulain, porque no puedes apartarme, \u00a1aunque quieras!<br \/>- \u00bfPor qu\u00e9 no pude aprovechar la compa\u00f1\u00eda de esta mujer por un tiempo, tan nacida como de buenos modales? No hay nada que un esposo pueda pedirle que ella no pueda hacer sin que se lo pidan. Mientras t\u00fa, nunca encontrar\u00e1s un hombre tan valiente, bueno y agradable como yo ...<br \/>- Es cierto que no puedo evitar que sigas a esta mujer, si eso es lo que deseas. Ay, lo nuevo es dulce, mientras que lo conocido es amargo. A menudo pensamos en lo que no tenemos, sin tener en cuenta lo que ya tenemos. Una vez me tuvo en alta estima, y podr\u00eda volver a serlo, si tan s\u00f3lo le agradara.<br \/>- Pero ... me gustas, y me complacer\u00e1s mientras viva, lo juro ... \u201d<br \/>Entonces intervino Fand.<br \/>&quot;- D\u00e9jame ir, creo que ser\u00e1 mejor ...<br \/>&quot;Obviamente, es mi turno&quot;, suspir\u00f3 Emer.<br \/>- No. Aseg\u00farate de que fui yo a quien se rendir\u00eda, al final, fui yo quien corri\u00f3 el riesgo de ser rechazado desde el principio. &quot;<br \/>De hecho, Fand ten\u00eda un gran coraz\u00f3n y ella se neg\u00f3 a ser la causa de la separaci\u00f3n de Cuchulain de su esposa, a quien era obvio que lo amaba con todo su coraz\u00f3n. Pero tambi\u00e9n amaba al h\u00e9roe. Ya hab\u00eda sido abandonada una vez por el hombre que amaba, y eso la hab\u00eda hecho sufrir mucho ...<br \/>&quot;- Me voy a ir, a pesar del dolor que me causa. Prefiero quedarme aqu\u00ed, bajo tus leyes, que volver, todopoderoso, a mi padre. Pero este hombre es tuyo, Emer. Es una l\u00e1stima entregar tu amor a un hombre que no responde a \u00e9l. Es mejor ser abandonado si no se nos ama como amamos. Pero no estar\u00eda bien, la rubia Emer, matar a Fand en su desgracia. &quot;<\/p>\n\n<p>La noticia de que Fand tuvo que luchar solo contra las mujeres del Ulster, y que Cuchulain la hab\u00eda abandonado, lleg\u00f3 a su ex marido, Manannan. Este \u00faltimo acudi\u00f3 en su ayuda y la escuch\u00f3 decirle a Emer y Cuchulain el momento en que estaba feliz con \u00e9l. Porque solo Fand lo hab\u00eda visto venir, y ella se acerc\u00f3 a \u00e9l despu\u00e9s de despedirse de la pareja. Jur\u00f3 que quer\u00eda volver con \u00e9l y no seguir a Cuchulain. As\u00ed que se la llev\u00f3.<\/p>\n\n<p>Cuchulain la vio irse, y esto le caus\u00f3 un gran disgusto. Dej\u00f3 de comer, beber y cuando se durmi\u00f3 fue solo para tener pesadillas. Emer no sab\u00eda qu\u00e9 hacer para calmarlo. Ella fue a plantearle el problema a Conchobar, en su palacio de Emain, y \u00e9l convoc\u00f3 a todos los sabios, druidas, eruditos y eruditos. Manannan tambi\u00e9n vino con su esposa. Agit\u00f3 su capa entre los dos antiguos amantes, para que no pudieran volver a verse, y los druidas prepararon una poci\u00f3n del olvido que hicieron beber a Cuchulain y Emer. Entonces todo volvi\u00f3 a ser como antes entre los dos c\u00f3nyuges.<\/p>\n\t\t\t\t\t\t\t\t<\/div>\n\t\t\t\t<\/div>\n\t\t\t\t\t<\/div>\n\t\t<\/div>\n\t\t\t\t\t<\/div>\n\t\t<\/section>\n\t\t\t\t<\/div>","protected":false},"excerpt":{"rendered":"<p>Wiki de mitolog\u00eda irlandesa Esta es la historia de los celos de Emer, de la rama roja de la mitolog\u00eda irlandesa. Los celos de Emer... <\/p>","protected":false},"author":1,"featured_media":0,"parent":439,"menu_order":0,"comment_status":"closed","ping_status":"closed","template":"","meta":{"footnotes":""},"class_list":["post-515","page","type-page","status-publish","hentry"],"amp_enabled":true,"_links":{"self":[{"href":"https:\/\/mythslegendes.com\/es\/wp-json\/wp\/v2\/pages\/515","targetHints":{"allow":["GET"]}}],"collection":[{"href":"https:\/\/mythslegendes.com\/es\/wp-json\/wp\/v2\/pages"}],"about":[{"href":"https:\/\/mythslegendes.com\/es\/wp-json\/wp\/v2\/types\/page"}],"author":[{"embeddable":true,"href":"https:\/\/mythslegendes.com\/es\/wp-json\/wp\/v2\/users\/1"}],"replies":[{"embeddable":true,"href":"https:\/\/mythslegendes.com\/es\/wp-json\/wp\/v2\/comments?post=515"}],"version-history":[{"count":1,"href":"https:\/\/mythslegendes.com\/es\/wp-json\/wp\/v2\/pages\/515\/revisions"}],"predecessor-version":[{"id":24534,"href":"https:\/\/mythslegendes.com\/es\/wp-json\/wp\/v2\/pages\/515\/revisions\/24534"}],"up":[{"embeddable":true,"href":"https:\/\/mythslegendes.com\/es\/wp-json\/wp\/v2\/pages\/439"}],"wp:attachment":[{"href":"https:\/\/mythslegendes.com\/es\/wp-json\/wp\/v2\/media?parent=515"}],"curies":[{"name":"wp","href":"https:\/\/api.w.org\/{rel}","templated":true}]}}