{"id":524,"date":"2020-06-12T15:00:02","date_gmt":"2020-06-12T14:00:02","guid":{"rendered":"https:\/\/mythslegendes.com\/?page_id=524"},"modified":"2022-12-03T22:06:55","modified_gmt":"2022-12-03T22:06:55","slug":"la-mort-de-cet-mac-magach","status":"publish","type":"page","link":"https:\/\/mythslegendes.com\/es\/mitologia-irlandesa\/la-muerte-de-este-mac-magach\/","title":{"rendered":"La muerte de este Mac Magach"},"content":{"rendered":"<div data-elementor-type=\"wp-page\" data-elementor-id=\"524\" class=\"elementor elementor-524\">\n\t\t\t\t\t\t<section class=\"elementor-section elementor-top-section elementor-element elementor-element-17adb59 elementor-section-boxed elementor-section-height-default elementor-section-height-default\" data-id=\"17adb59\" data-element_type=\"section\" data-e-type=\"section\">\n\t\t\t\t\t\t<div class=\"elementor-container elementor-column-gap-default\">\n\t\t\t\t\t<div class=\"elementor-column elementor-col-50 elementor-top-column elementor-element elementor-element-43f901d\" data-id=\"43f901d\" data-element_type=\"column\" data-e-type=\"column\">\n\t\t\t<div class=\"elementor-widget-wrap elementor-element-populated\">\n\t\t\t\t\t\t<div class=\"elementor-element elementor-element-e9310da elementor-align-justify elementor-widget elementor-widget-button\" data-id=\"e9310da\" data-element_type=\"widget\" data-e-type=\"widget\" data-widget_type=\"button.default\">\n\t\t\t\t<div class=\"elementor-widget-container\">\n\t\t\t\t\t\t\t\t\t<div class=\"elementor-button-wrapper\">\n\t\t\t\t\t<a class=\"elementor-button elementor-button-link elementor-size-sm\" href=\"https:\/\/mythslegendes.com\/es\/mitologia-irlandesa\/\">\n\t\t\t\t\t\t<span class=\"elementor-button-content-wrapper\">\n\t\t\t\t\t\t\t\t\t<span class=\"elementor-button-text\">Mitolog\u00eda irlandesa<\/span>\n\t\t\t\t\t<\/span>\n\t\t\t\t\t<\/a>\n\t\t\t\t<\/div>\n\t\t\t\t\t\t\t\t<\/div>\n\t\t\t\t<\/div>\n\t\t\t\t\t<\/div>\n\t\t<\/div>\n\t\t\t\t<div class=\"elementor-column elementor-col-50 elementor-top-column elementor-element elementor-element-b92994b\" data-id=\"b92994b\" data-element_type=\"column\" data-e-type=\"column\">\n\t\t\t<div class=\"elementor-widget-wrap elementor-element-populated\">\n\t\t\t\t\t\t<div class=\"elementor-element elementor-element-95a76ec elementor-align-justify elementor-widget elementor-widget-button\" data-id=\"95a76ec\" data-element_type=\"widget\" data-e-type=\"widget\" data-widget_type=\"button.default\">\n\t\t\t\t<div class=\"elementor-widget-container\">\n\t\t\t\t\t\t\t\t\t<div class=\"elementor-button-wrapper\">\n\t\t\t\t\t<a class=\"elementor-button elementor-button-link elementor-size-sm\" href=\"https:\/\/fr.wikipedia.org\/wiki\/Mythologie_celtique_irlandaise\" target=\"_blank\" rel=\"noopener\">\n\t\t\t\t\t\t<span class=\"elementor-button-content-wrapper\">\n\t\t\t\t\t\t\t\t\t<span class=\"elementor-button-text\">Wiki<\/span>\n\t\t\t\t\t<\/span>\n\t\t\t\t\t<\/a>\n\t\t\t\t<\/div>\n\t\t\t\t\t\t\t\t<\/div>\n\t\t\t\t<\/div>\n\t\t\t\t\t<\/div>\n\t\t<\/div>\n\t\t\t\t\t<\/div>\n\t\t<\/section>\n\t\t\t\t<section class=\"elementor-section elementor-top-section elementor-element elementor-element-2eff1e2a elementor-section-boxed elementor-section-height-default elementor-section-height-default\" data-id=\"2eff1e2a\" data-element_type=\"section\" data-e-type=\"section\">\n\t\t\t\t\t\t<div class=\"elementor-container elementor-column-gap-default\">\n\t\t\t\t\t<div class=\"elementor-column elementor-col-100 elementor-top-column elementor-element elementor-element-3b9697bf\" data-id=\"3b9697bf\" data-element_type=\"column\" data-e-type=\"column\">\n\t\t\t<div class=\"elementor-widget-wrap elementor-element-populated\">\n\t\t\t\t\t\t<div class=\"elementor-element elementor-element-7a31c99 elementor-widget elementor-widget-text-editor\" data-id=\"7a31c99\" data-element_type=\"widget\" data-e-type=\"widget\" data-widget_type=\"text-editor.default\">\n\t\t\t\t<div class=\"elementor-widget-container\">\n\t\t\t\t\t\t\t\t\t\n<p>Esta es la historia de la muerte de Este Mac Magach, del <a href=\"https:\/\/mythslegendes.com\/es\/mitologia-irlandesa\/\">rama roja<\/a> de la <a href=\"https:\/\/mythslegendes.com\/es\/\">mitolog\u00eda<\/a> Irlandesa.<\/p>\n<p><img decoding=\"async\" class=\"alignnone wp-image-5284 size-full\" src=\"https:\/\/mythslegendes.com\/wp-content\/uploads\/2020\/09\/AlphaOmega-e1602613368367.png\" alt=\"la muerte de este Mac Magach\" width=\"25\" height=\"26\" title=\"\"><\/p>\n<div id=\"ez-toc-container\" class=\"ez-toc-v2_0_82_2 counter-hierarchy ez-toc-counter ez-toc-grey ez-toc-container-direction\">\n<div class=\"ez-toc-title-container\">\n<p class=\"ez-toc-title\" style=\"cursor:inherit\">Contenido<\/p>\n<span class=\"ez-toc-title-toggle\"><a href=\"#\" class=\"ez-toc-pull-right ez-toc-btn ez-toc-btn-xs ez-toc-btn-default ez-toc-toggle\" aria-label=\"Alternar tabla de contenidos\"><span class=\"ez-toc-js-icon-con\"><span class=\"\"><span class=\"eztoc-hide\" style=\"display:none;\">Palanca<\/span><span class=\"ez-toc-icon-toggle-span\"><svg style=\"fill: #999;color:#999\" xmlns=\"http:\/\/www.w3.org\/2000\/svg\" class=\"list-377408\" width=\"20px\" height=\"20px\" viewbox=\"0 0 24 24\" fill=\"none\"><path d=\"M6 6H4v2h2V6zm14 0H8v2h12V6zM4 11h2v2H4v-2zm16 0H8v2h12v-2zM4 16h2v2H4v-2zm16 0H8v2h12v-2z\" fill=\"currentColor\"><\/path><\/svg><svg style=\"fill: #999;color:#999\" class=\"arrow-unsorted-368013\" xmlns=\"http:\/\/www.w3.org\/2000\/svg\" width=\"10px\" height=\"10px\" viewbox=\"0 0 24 24\" version=\"1.2\" baseprofile=\"tiny\"><path d=\"M18.2 9.3l-6.2-6.3-6.2 6.3c-.2.2-.3.4-.3.7s.1.5.3.7c.2.2.4.3.7.3h11c.3 0 .5-.1.7-.3.2-.2.3-.5.3-.7s-.1-.5-.3-.7zM5.8 14.7l6.2 6.3 6.2-6.3c.2-.2.3-.5.3-.7s-.1-.5-.3-.7c-.2-.2-.4-.3-.7-.3h-11c-.3 0-.5.1-.7.3-.2.2-.3.5-.3.7s.1.5.3.7z\"\/><\/svg><\/span><\/span><\/span><\/a><\/span><\/div>\n<nav><ul class='ez-toc-list ez-toc-list-level-1' ><li class='ez-toc-page-1 ez-toc-heading-level-2'><a class=\"ez-toc-link ez-toc-heading-1\" href=\"https:\/\/mythslegendes.com\/es\/mitologia-irlandesa\/la-muerte-de-este-mac-magach\/#La-mort-de-Cet-Mac-Magach\" >La muerte de This Mac Magach<\/a><\/li><\/ul><\/nav><\/div>\n<h2><span class=\"ez-toc-section\" id=\"La-mort-de-Cet-Mac-Magach\"><\/span>La muerte de This Mac Magach<span class=\"ez-toc-section-end\"><\/span><\/h2>\n<p>1. \u00bfDe d\u00f3nde vino la muerte de Cet mac Magach?<br \/>No es dif\u00edcil saberlo.<br \/>Una vez, This lleg\u00f3 al Ulster en busca de un hombre a quien matar, lo que hac\u00eda a menudo (es decir, matando a Ulates), porque desde que era ni\u00f1o no pasaba un d\u00eda sin asesinar a un Ulate.<\/p>\n\n<p>2. Por lo tanto, se fue hacia el oeste, ya con la cabeza de tres veces nueve Ulates con \u00e9l. Y entonces enviaron a Conall Cernach en sus pistas a Brefne en Connaught (porque hab\u00eda ca\u00eddo la nieve), hasta que lo encontr\u00f3 en una casa desocupada, \u00e9l y su conductor, cocinando su comida. Los caballos, sin embargo, estaban afuera atados al carro.<\/p>\n\n<p>3. \u201cEste es Cet\u201d, dijo Conall, \u201cy no es correcto que peleemos con \u00e9l por su ferocidad y violencia. Mentir es una locura \u201d, dice Conall. &quot;\u00a1Desgracia! dijo el cochero: &quot;No dejes que nada bueno salga de tus labios, y no asaltes la casa en la que se encuentra la plaga que azota al Ulster, y no tengas verg\u00fcenza en caer en la batalla al mismo tiempo que \u00e9l, a causa de su gran coraje hasta ahora. &quot;Oh padre&quot;, dijo Conall, &quot;no dar\u00e9 mi vida a ninguno de los h\u00e9roes de Irlanda; pero pondr\u00e9 una se\u00f1al en los caballos. Conall arranc\u00f3 un mech\u00f3n de la crin de los caballos, lo puso en la parte delantera del carro y camin\u00f3 hacia el este en direcci\u00f3n al Ulster.<\/p>\n\n<p>4. \u201c\u00a1Ay de esto! Dijo el conductor.<br \/>&quot;No hay dolor&quot;, dijo Cet. \u201cEs algo bueno que perdon\u00f3 a los caballos. Fue Conall (quien hizo esto), dice, y de ah\u00ed vendr\u00e1 una amistad, y ser\u00e1 beneficiosa. &quot;<br \/>\u201cAy de ti\u201d, dijo el cochero, \u201cque el hombre que masacr\u00f3 a los hombres de Connaught pudiera deshonrarte, tu nombre no puede esperar hasta el D\u00eda del Juicio sin que lo mates o lo pongas en fuga esta noche. &quot;De hecho, es cierto&quot;, dijo Cet. Lo persiguieron hasta Ath Ceit, el vado de Cet.<\/p>\n\n<p>5. \u201c\u00a1Bien, Conall! Dijo Cet.<br \/>&quot;\u00bfQu\u00e9 pasa, O Cet?&quot; Dijo Conall.<br \/>&quot;No escapar\u00e1s hoy, oh maligno&quot;, dijo Cet. &quot;Yo pienso lo mismo&quot;, dijo Conall, volvi\u00e9ndose hacia \u00e9l. Y cada uno de ellos golpe\u00f3 al otro, por lo que sus gritos y su respiraci\u00f3n, y el. \u2026 Los caballos, y el\u2026 de sus cocheros (?) Se escucharon alentando a los h\u00e9roes que estaban en el vado por los p\u00e1ramos, hasta que todos cayeron all\u00ed. Este, sin embargo, muri\u00f3 de inmediato y Conall se desmay\u00f3.<\/p>\n\n<p>6. Y Conall se recuper\u00f3 de su desmayo &quot;Lleva los caballos contigo para los hombres del Ulster&quot;, dijo, &quot;antes que los de Connaught ...&quot; Sin embargo, el joven no pudo llevarlo en el carro, as\u00ed que dijo- se despidi\u00f3 y se fue a casa. \u201cBueno, es malo\u201d, dijo Conall, \u201cque un hombre de Connaught pudiera haberme lastimado cuando hice un juramento de que ning\u00fan hombre de Connaught podr\u00eda matarme. Y preferir\u00eda tener soberan\u00eda sobre el mundo que alguien de Connaught pudiera volver a lastimarme, para que mi muerte no pudiera ir a manos de un habitante de Connaught. &quot;<\/p>\n\n<p>7. B\u00e9lch\u00fa de Brefne, sin embargo, fue el primero en llegar.<br \/>&quot;Aqu\u00ed est\u00e1 esto&quot;, dijo. &quot;Y este es Conall&quot;, dijo. Y ahora Irlanda ser\u00e1 feliz, ya que estos dos perros de guerra han ca\u00eddo, lo que arruin\u00f3 a Irlanda entre ellos. Mientras hablaba, apoy\u00f3 el tal\u00f3n de su lanza en Conall. &quot;No me dejes tu lanza, oh padre&quot;, dijo Conall.<br \/>\u201cEst\u00e1s vivo\u201d, dijo B\u00e9lch\u00fa. &quot;No es por ti&quot;, dijo Conall, &quot;si estoy vivo. &quot;Ya veo, oh Conall&quot;, dijo B\u00e9lch\u00fa, &quot;quieres que te mate. Pero no lo har\u00e9, porque ya est\u00e1s casi muerto. \u2014Ni siquiera te atrever\u00edas a lastimar mi abrigo \u2014dijo Conall\u2014, lamentable anciana. &quot;&quot; No voy a matarte ahora, pero eso no es todo. Te llevar\u00e9 a casa y te atender\u00e1n; y cuando est\u00e9s bien, pelear\u00e9 contigo. &quot;<\/p>\n\n<p>8. As\u00ed que lo puso de espaldas, tirando de \u00e9l hasta la mitad de su camino, hasta que lleg\u00f3 a su morada. Y trajo m\u00e9dicos hasta que estuvo bien. \u201cPronto\u201d, dijo B\u00e9lch\u00fa a sus hijos, \u201ceste hombre se me escapar\u00e1 y no nos har\u00e1 ning\u00fan bien. \u00a1Mata al hombre antes de que se escape de nosotros! As\u00ed que todos vendr\u00e1n a verlo la noche siguiente, cuando les dejo la puerta abierta, y lo matar\u00e1n en su cama. El hombre de calamidades y grandes calamidades, es decir, Conall, sab\u00eda de los planes malvados que estaban (preparados) contra \u00e9l.<\/p>\n\n<p>9. \u201c\u00a1Cierra la puerta! Conall le dijo a B\u00e9lch\u00fa. Se alej\u00f3 pero dej\u00f3 la puerta abierta. \u201cBien, B\u00e9lch\u00fa\u201d, dijo Conall, \u201cven a mi cama. &quot;No&quot;, dijo B\u00e9lch\u00fa. &quot;\u00a1Te estoy volando la cabeza!&quot; Dijo Conall, si no vienes a esa cama. &quot;Como tiene que ser&quot;, dijo B\u00e9lch\u00fa. Entonces B\u00e9lch\u00fa cerr\u00f3 la puerta. Cuando B\u00e9lch\u00fa dorm\u00eda, Conall abri\u00f3 la puerta. Los hijos de B\u00e9lch\u00fa se acercaron a la cama en la que estaba su padre y le clavaron sus tres lanzas en el cuerpo para que lo mataran. Y entonces Conall se levant\u00f3 de un salto y les lanz\u00f3 su espada, por lo que sus cerebros fueron arrojados contra las paredes. Y llev\u00f3 consigo sus cuatro cabezas hacia el este hasta que lleg\u00f3 a su morada antes del amanecer. Aqu\u00ed est\u00e1 la Muerte de Cet y B\u00e9lch\u00fa de Brefne con sus Hijos.<\/p>\n\t\t\t\t\t\t\t\t<\/div>\n\t\t\t\t<\/div>\n\t\t\t\t\t<\/div>\n\t\t<\/div>\n\t\t\t\t\t<\/div>\n\t\t<\/section>\n\t\t\t\t<\/div>","protected":false},"excerpt":{"rendered":"<p>Wiki de Mitolog\u00eda Irlandesa Esta es la historia de la muerte de Este Mac Magach, de la Rama Roja de la Mitolog\u00eda Irlandesa. \u2026 <\/p>","protected":false},"author":1,"featured_media":0,"parent":439,"menu_order":0,"comment_status":"closed","ping_status":"closed","template":"","meta":{"footnotes":""},"class_list":["post-524","page","type-page","status-publish","hentry"],"amp_enabled":true,"_links":{"self":[{"href":"https:\/\/mythslegendes.com\/es\/wp-json\/wp\/v2\/pages\/524","targetHints":{"allow":["GET"]}}],"collection":[{"href":"https:\/\/mythslegendes.com\/es\/wp-json\/wp\/v2\/pages"}],"about":[{"href":"https:\/\/mythslegendes.com\/es\/wp-json\/wp\/v2\/types\/page"}],"author":[{"embeddable":true,"href":"https:\/\/mythslegendes.com\/es\/wp-json\/wp\/v2\/users\/1"}],"replies":[{"embeddable":true,"href":"https:\/\/mythslegendes.com\/es\/wp-json\/wp\/v2\/comments?post=524"}],"version-history":[{"count":1,"href":"https:\/\/mythslegendes.com\/es\/wp-json\/wp\/v2\/pages\/524\/revisions"}],"predecessor-version":[{"id":24536,"href":"https:\/\/mythslegendes.com\/es\/wp-json\/wp\/v2\/pages\/524\/revisions\/24536"}],"up":[{"embeddable":true,"href":"https:\/\/mythslegendes.com\/es\/wp-json\/wp\/v2\/pages\/439"}],"wp:attachment":[{"href":"https:\/\/mythslegendes.com\/es\/wp-json\/wp\/v2\/media?parent=524"}],"curies":[{"name":"wp","href":"https:\/\/api.w.org\/{rel}","templated":true}]}}