{"id":527,"date":"2020-06-12T15:01:03","date_gmt":"2020-06-12T14:01:03","guid":{"rendered":"https:\/\/mythslegendes.com\/?page_id=527"},"modified":"2022-12-03T22:06:55","modified_gmt":"2022-12-03T22:06:55","slug":"la-mort-de-fergus-mac-roig","status":"publish","type":"page","link":"https:\/\/mythslegendes.com\/es\/mitologia-irlandesa\/la-muerte-de-fergus-mac-roig\/","title":{"rendered":"La muerte de Fergus Mac Roig"},"content":{"rendered":"<div data-elementor-type=\"wp-page\" data-elementor-id=\"527\" class=\"elementor elementor-527\">\n\t\t\t\t\t\t<section class=\"elementor-section elementor-top-section elementor-element elementor-element-8f5548c elementor-section-boxed elementor-section-height-default elementor-section-height-default\" data-id=\"8f5548c\" data-element_type=\"section\" data-e-type=\"section\">\n\t\t\t\t\t\t<div class=\"elementor-container elementor-column-gap-default\">\n\t\t\t\t\t<div class=\"elementor-column elementor-col-50 elementor-top-column elementor-element elementor-element-fd4ce07\" data-id=\"fd4ce07\" data-element_type=\"column\" data-e-type=\"column\">\n\t\t\t<div class=\"elementor-widget-wrap elementor-element-populated\">\n\t\t\t\t\t\t<div class=\"elementor-element elementor-element-f924e58 elementor-align-justify elementor-widget elementor-widget-button\" data-id=\"f924e58\" data-element_type=\"widget\" data-e-type=\"widget\" data-widget_type=\"button.default\">\n\t\t\t\t<div class=\"elementor-widget-container\">\n\t\t\t\t\t\t\t\t\t<div class=\"elementor-button-wrapper\">\n\t\t\t\t\t<a class=\"elementor-button elementor-button-link elementor-size-sm\" href=\"https:\/\/mythslegendes.com\/es\/mitologia-irlandesa\/\">\n\t\t\t\t\t\t<span class=\"elementor-button-content-wrapper\">\n\t\t\t\t\t\t\t\t\t<span class=\"elementor-button-text\">Mitolog\u00eda irlandesa<\/span>\n\t\t\t\t\t<\/span>\n\t\t\t\t\t<\/a>\n\t\t\t\t<\/div>\n\t\t\t\t\t\t\t\t<\/div>\n\t\t\t\t<\/div>\n\t\t\t\t\t<\/div>\n\t\t<\/div>\n\t\t\t\t<div class=\"elementor-column elementor-col-50 elementor-top-column elementor-element elementor-element-ef91982\" data-id=\"ef91982\" data-element_type=\"column\" data-e-type=\"column\">\n\t\t\t<div class=\"elementor-widget-wrap elementor-element-populated\">\n\t\t\t\t\t\t<div class=\"elementor-element elementor-element-c639ef1 elementor-align-justify elementor-widget elementor-widget-button\" data-id=\"c639ef1\" data-element_type=\"widget\" data-e-type=\"widget\" data-widget_type=\"button.default\">\n\t\t\t\t<div class=\"elementor-widget-container\">\n\t\t\t\t\t\t\t\t\t<div class=\"elementor-button-wrapper\">\n\t\t\t\t\t<a class=\"elementor-button elementor-button-link elementor-size-sm\" href=\"https:\/\/fr.wikipedia.org\/wiki\/Mythologie_celtique_irlandaise\" target=\"_blank\" rel=\"noopener\">\n\t\t\t\t\t\t<span class=\"elementor-button-content-wrapper\">\n\t\t\t\t\t\t\t\t\t<span class=\"elementor-button-text\">Wiki<\/span>\n\t\t\t\t\t<\/span>\n\t\t\t\t\t<\/a>\n\t\t\t\t<\/div>\n\t\t\t\t\t\t\t\t<\/div>\n\t\t\t\t<\/div>\n\t\t\t\t\t<\/div>\n\t\t<\/div>\n\t\t\t\t\t<\/div>\n\t\t<\/section>\n\t\t\t\t<section class=\"elementor-section elementor-top-section elementor-element elementor-element-6f4437e3 elementor-section-boxed elementor-section-height-default elementor-section-height-default\" data-id=\"6f4437e3\" data-element_type=\"section\" data-e-type=\"section\">\n\t\t\t\t\t\t<div class=\"elementor-container elementor-column-gap-default\">\n\t\t\t\t\t<div class=\"elementor-column elementor-col-100 elementor-top-column elementor-element elementor-element-6859eead\" data-id=\"6859eead\" data-element_type=\"column\" data-e-type=\"column\">\n\t\t\t<div class=\"elementor-widget-wrap elementor-element-populated\">\n\t\t\t\t\t\t<div class=\"elementor-element elementor-element-4cec2dca elementor-widget elementor-widget-text-editor\" data-id=\"4cec2dca\" data-element_type=\"widget\" data-e-type=\"widget\" data-widget_type=\"text-editor.default\">\n\t\t\t\t<div class=\"elementor-widget-container\">\n\t\t\t\t\t\t\t\t\t\n<p>Esta es la historia de la Muerte de Fergus Mac Roig, del <a href=\"https:\/\/mythslegendes.com\/es\/mitologia-irlandesa\/\">rama roja<\/a> de la <a href=\"https:\/\/mythslegendes.com\/es\/\">mitolog\u00eda<\/a> Irlandesa.<\/p>\n<p><img decoding=\"async\" class=\"alignnone wp-image-5284 size-full\" src=\"https:\/\/mythslegendes.com\/wp-content\/uploads\/2020\/09\/AlphaOmega-e1602613368367.png\" alt=\"la muerte de Fergus Mac Roig\" width=\"25\" height=\"26\" title=\"\"><\/p>\n<div id=\"ez-toc-container\" class=\"ez-toc-v2_0_82_2 counter-hierarchy ez-toc-counter ez-toc-grey ez-toc-container-direction\">\n<div class=\"ez-toc-title-container\">\n<p class=\"ez-toc-title\" style=\"cursor:inherit\">Contenido<\/p>\n<span class=\"ez-toc-title-toggle\"><a href=\"#\" class=\"ez-toc-pull-right ez-toc-btn ez-toc-btn-xs ez-toc-btn-default ez-toc-toggle\" aria-label=\"Alternar tabla de contenidos\"><span class=\"ez-toc-js-icon-con\"><span class=\"\"><span class=\"eztoc-hide\" style=\"display:none;\">Palanca<\/span><span class=\"ez-toc-icon-toggle-span\"><svg style=\"fill: #999;color:#999\" xmlns=\"http:\/\/www.w3.org\/2000\/svg\" class=\"list-377408\" width=\"20px\" height=\"20px\" viewbox=\"0 0 24 24\" fill=\"none\"><path d=\"M6 6H4v2h2V6zm14 0H8v2h12V6zM4 11h2v2H4v-2zm16 0H8v2h12v-2zM4 16h2v2H4v-2zm16 0H8v2h12v-2z\" fill=\"currentColor\"><\/path><\/svg><svg style=\"fill: #999;color:#999\" class=\"arrow-unsorted-368013\" xmlns=\"http:\/\/www.w3.org\/2000\/svg\" width=\"10px\" height=\"10px\" viewbox=\"0 0 24 24\" version=\"1.2\" baseprofile=\"tiny\"><path d=\"M18.2 9.3l-6.2-6.3-6.2 6.3c-.2.2-.3.4-.3.7s.1.5.3.7c.2.2.4.3.7.3h11c.3 0 .5-.1.7-.3.2-.2.3-.5.3-.7s-.1-.5-.3-.7zM5.8 14.7l6.2 6.3 6.2-6.3c.2-.2.3-.5.3-.7s-.1-.5-.3-.7c-.2-.2-.4-.3-.7-.3h-11c-.3 0-.5.1-.7.3-.2.2-.3.5-.3.7s.1.5.3.7z\"\/><\/svg><\/span><\/span><\/span><\/a><\/span><\/div>\n<nav><ul class='ez-toc-list ez-toc-list-level-1' ><li class='ez-toc-page-1 ez-toc-heading-level-2'><a class=\"ez-toc-link ez-toc-heading-1\" href=\"https:\/\/mythslegendes.com\/es\/mitologia-irlandesa\/la-muerte-de-fergus-mac-roig\/#La-Mort-de-Fergus-Mac-Roig\" >La muerte de Fergus Mac Roig<\/a><\/li><\/ul><\/nav><\/div>\n<h2><span class=\"ez-toc-section\" id=\"La-Mort-de-Fergus-Mac-Roig\"><\/span>La muerte de Fergus Mac Roig<span class=\"ez-toc-section-end\"><\/span><\/h2>\n<p>1. \u00bfC\u00f3mo se produjo la tr\u00e1gica muerte de Fergus Mac Roig? No es dificil.<br \/>Fergus estaba exiliado en Connaught despu\u00e9s de que su honor fuera violado a causa de los hijos de Usnech. Porque era uno de los tres fiadores que se les hab\u00eda dado, siendo los otros dos Dubthach Langue-Laesseuse y Cormac Conlonges el hijo de Conchobar. Se exiliaron en occidente hasta el final de los catorce a\u00f1os y durante este tiempo no cesaron en el Ulster el lamento y el miedo a causa de ellos, pero hubo lamentos y temores todas las noches. Fue \u00e9l quien mat\u00f3 a Fiachra, hijo de Conchobar, y Gerg, hijo de Illand, y Eogan, hijo de Durtacht. Fue a trav\u00e9s de este meme de Fergus que se llev\u00f3 a cabo el Cooley Cow Raid. Realiz\u00f3 muchas grandes haza\u00f1as mientras estaba en la casa de Ailill y Medb. Tres mil era el n\u00famero de la compa\u00f1\u00eda exiliada con \u00e9l. Y su compa\u00f1ero en la casa de Ailill era Lugaid Dalleces, es decir, el hermano completo de Ailill.<\/p>\n\n<p>2. Un d\u00eda, luego de valientes acciones, se dirigieron al lago de la llanura de Hai, donde establecieron su campamento y donde hicieron juegos y reuniones. En un momento, todo el ej\u00e9rcito fue a ba\u00f1arse en el lago. &quot;\u00a1Ven, oh Fergus&quot;, dijo Ailill, &quot;y abruma a los hombres! &quot;-&quot; No son buenos en el agua &quot;, dijo Fergus. Sin embargo, fue all\u00ed. El coraz\u00f3n de Medb no pudo soportarlo y corri\u00f3 hacia el lago. Cuando Fergus entr\u00f3 en el lago, todo lo que eran guijarros y grava en el fondo subi\u00f3 a la superficie. As\u00ed que Medb fue hasta que estuvo contra el pecho de Fergus y lo rode\u00f3 con las piernas. Y nad\u00f3 alrededor del lago. Los celos se apoderan de Ailill. Entonces Medb dej\u00f3 el lago y se alej\u00f3.<\/p>\n\n<p>3. &quot;\u00a1Es delicioso lo que hacen los ciervos y las ciervas en el lago, oh Lugaid! dijo Ailill. \u2013 \u201c\u00bfPor qu\u00e9 no matarlos? dijo Lugaid que nunca hab\u00eda perdido su objetivo. \u201c\u00bfQuieres apuntar a ellos? dijo Ailill. \u201cVuelve mi rostro hacia ellos\u201d, dijo Lugaid, \u201cy tr\u00e1eme una lanza. Fergus se estaba lavando en el lago y su pecho estaba vuelto hacia ellos. El carro de Ailill se acerc\u00f3 a \u00e9l, Lugaid arroj\u00f3 la lanza para que atravesara la espalda de Fergus. \u00bb \u00a1El golpe fue a la porter\u00eda! dijo Lugaid. \u201cAs\u00ed es\u201d, dijeron todos, \u201ces el final de Fergus. &quot; (el texto <a href=\"https:\/\/mythslegendes.com\/es\/mitologia-irlandesa\/\">irlandesa<\/a> juega con el significado de la palabra bruinne que significa tanto &#039;final&#039; como &#039;cofre&#039;)<\/p>\n\n<p>4. - \u201cEs angustioso\u201d, dijo Lugaid, \u201csi sin saberlo he matado a mi hermano adoptivo y compa\u00f1ero. - &quot;Trae mi carro&quot;, dijo Ailill. Todo el ej\u00e9rcito comenz\u00f3 a huir, cada uno desembarcando, tanto los exiliados como los hombres de Connaught. Fergus arranc\u00f3 la lanza y se la arroj\u00f3 a Ailill de modo que atraves\u00f3 el galgo que estaba entre los ejes del carro. Entonces Fergus sali\u00f3 del lago, subi\u00f3 a la colina, junto al lago, all\u00ed se par\u00f3 muy derecho, y su alma lo abandon\u00f3 de inmediato. Y su tumba todav\u00eda est\u00e1 all\u00ed. Y esta es la tr\u00e1gica muerte de Fergus.<\/p>\n\t\t\t\t\t\t\t\t<\/div>\n\t\t\t\t<\/div>\n\t\t\t\t\t<\/div>\n\t\t<\/div>\n\t\t\t\t\t<\/div>\n\t\t<\/section>\n\t\t\t\t<\/div>","protected":false},"excerpt":{"rendered":"<p>Wiki Mitolog\u00eda Irlandesa Esta es la historia de la Muerte de Fergus Mac Roig, de la Rama Roja de la Mitolog\u00eda Irlandesa. \u2026 <\/p>","protected":false},"author":1,"featured_media":0,"parent":439,"menu_order":0,"comment_status":"closed","ping_status":"closed","template":"","meta":{"footnotes":""},"class_list":["post-527","page","type-page","status-publish","hentry"],"amp_enabled":true,"_links":{"self":[{"href":"https:\/\/mythslegendes.com\/es\/wp-json\/wp\/v2\/pages\/527","targetHints":{"allow":["GET"]}}],"collection":[{"href":"https:\/\/mythslegendes.com\/es\/wp-json\/wp\/v2\/pages"}],"about":[{"href":"https:\/\/mythslegendes.com\/es\/wp-json\/wp\/v2\/types\/page"}],"author":[{"embeddable":true,"href":"https:\/\/mythslegendes.com\/es\/wp-json\/wp\/v2\/users\/1"}],"replies":[{"embeddable":true,"href":"https:\/\/mythslegendes.com\/es\/wp-json\/wp\/v2\/comments?post=527"}],"version-history":[{"count":1,"href":"https:\/\/mythslegendes.com\/es\/wp-json\/wp\/v2\/pages\/527\/revisions"}],"predecessor-version":[{"id":24537,"href":"https:\/\/mythslegendes.com\/es\/wp-json\/wp\/v2\/pages\/527\/revisions\/24537"}],"up":[{"embeddable":true,"href":"https:\/\/mythslegendes.com\/es\/wp-json\/wp\/v2\/pages\/439"}],"wp:attachment":[{"href":"https:\/\/mythslegendes.com\/es\/wp-json\/wp\/v2\/media?parent=527"}],"curies":[{"name":"wp","href":"https:\/\/api.w.org\/{rel}","templated":true}]}}