{"id":537,"date":"2020-06-12T15:28:12","date_gmt":"2020-06-12T14:28:12","guid":{"rendered":"https:\/\/mythslegendes.com\/?page_id=537"},"modified":"2022-12-03T22:06:55","modified_gmt":"2022-12-03T22:06:55","slug":"le-fantome-de-larbre","status":"publish","type":"page","link":"https:\/\/mythslegendes.com\/es\/mitologia-irlandesa\/le-fantome-de-larbre\/","title":{"rendered":"El fantasma del \u00e1rbol"},"content":{"rendered":"<div data-elementor-type=\"wp-page\" data-elementor-id=\"537\" class=\"elementor elementor-537\">\n\t\t\t\t\t\t<section class=\"elementor-section elementor-top-section elementor-element elementor-element-0113aa5 elementor-section-boxed elementor-section-height-default elementor-section-height-default\" data-id=\"0113aa5\" data-element_type=\"section\" data-e-type=\"section\">\n\t\t\t\t\t\t<div class=\"elementor-container elementor-column-gap-default\">\n\t\t\t\t\t<div class=\"elementor-column elementor-col-50 elementor-top-column elementor-element elementor-element-fe2b2a3\" data-id=\"fe2b2a3\" data-element_type=\"column\" data-e-type=\"column\">\n\t\t\t<div class=\"elementor-widget-wrap elementor-element-populated\">\n\t\t\t\t\t\t<div class=\"elementor-element elementor-element-d5883f5 elementor-align-justify elementor-widget elementor-widget-button\" data-id=\"d5883f5\" data-element_type=\"widget\" data-e-type=\"widget\" data-widget_type=\"button.default\">\n\t\t\t\t<div class=\"elementor-widget-container\">\n\t\t\t\t\t\t\t\t\t<div class=\"elementor-button-wrapper\">\n\t\t\t\t\t<a class=\"elementor-button elementor-button-link elementor-size-sm\" href=\"https:\/\/mythslegendes.com\/es\/mitologia-irlandesa\/\">\n\t\t\t\t\t\t<span class=\"elementor-button-content-wrapper\">\n\t\t\t\t\t\t\t\t\t<span class=\"elementor-button-text\">Mitolog\u00eda irlandesa<\/span>\n\t\t\t\t\t<\/span>\n\t\t\t\t\t<\/a>\n\t\t\t\t<\/div>\n\t\t\t\t\t\t\t\t<\/div>\n\t\t\t\t<\/div>\n\t\t\t\t\t<\/div>\n\t\t<\/div>\n\t\t\t\t<div class=\"elementor-column elementor-col-50 elementor-top-column elementor-element elementor-element-d903c89\" data-id=\"d903c89\" data-element_type=\"column\" data-e-type=\"column\">\n\t\t\t<div class=\"elementor-widget-wrap elementor-element-populated\">\n\t\t\t\t\t\t<div class=\"elementor-element elementor-element-f655be9 elementor-align-justify elementor-widget elementor-widget-button\" data-id=\"f655be9\" data-element_type=\"widget\" data-e-type=\"widget\" data-widget_type=\"button.default\">\n\t\t\t\t<div class=\"elementor-widget-container\">\n\t\t\t\t\t\t\t\t\t<div class=\"elementor-button-wrapper\">\n\t\t\t\t\t<a class=\"elementor-button elementor-button-link elementor-size-sm\" href=\"https:\/\/fr.wikipedia.org\/wiki\/Mythologie_celtique_irlandaise\" target=\"_blank\" rel=\"noopener\">\n\t\t\t\t\t\t<span class=\"elementor-button-content-wrapper\">\n\t\t\t\t\t\t\t\t\t<span class=\"elementor-button-text\">Wiki<\/span>\n\t\t\t\t\t<\/span>\n\t\t\t\t\t<\/a>\n\t\t\t\t<\/div>\n\t\t\t\t\t\t\t\t<\/div>\n\t\t\t\t<\/div>\n\t\t\t\t\t<\/div>\n\t\t<\/div>\n\t\t\t\t\t<\/div>\n\t\t<\/section>\n\t\t\t\t<section class=\"elementor-section elementor-top-section elementor-element elementor-element-49a074b elementor-section-boxed elementor-section-height-default elementor-section-height-default\" data-id=\"49a074b\" data-element_type=\"section\" data-e-type=\"section\">\n\t\t\t\t\t\t<div class=\"elementor-container elementor-column-gap-default\">\n\t\t\t\t\t<div class=\"elementor-column elementor-col-100 elementor-top-column elementor-element elementor-element-3801a43b\" data-id=\"3801a43b\" data-element_type=\"column\" data-e-type=\"column\">\n\t\t\t<div class=\"elementor-widget-wrap elementor-element-populated\">\n\t\t\t\t\t\t<div class=\"elementor-element elementor-element-f79439d elementor-widget elementor-widget-text-editor\" data-id=\"f79439d\" data-element_type=\"widget\" data-e-type=\"widget\" data-widget_type=\"text-editor.default\">\n\t\t\t\t<div class=\"elementor-widget-container\">\n\t\t\t\t\t\t\t\t\t\n<p>Voici l&rsquo;histoire du Fant\u00f4me de l&rsquo;Arbre. Dans l&rsquo;ancien temps, il y avait un homme qui s&rsquo;appelait P\u00e2d\u00een Ruadh 0&rsquo;CeaIlaigh et qui demeurait au pied de la colline du Petit-N\u00eaifin. Il \u00e9tait mari\u00e9, mais il n&rsquo;avait pas d&rsquo;autre enfant qu&rsquo;une fille, qui \u00e9tait aveugle de naissance.<\/p>\n<p><img decoding=\"async\" class=\"alignnone wp-image-5284 size-full\" src=\"https:\/\/mythslegendes.com\/wp-content\/uploads\/2020\/09\/AlphaOmega-e1602613368367.png\" alt=\"El fantasma del \u00e1rbol\" width=\"25\" height=\"26\" title=\"\"><\/p>\n<div id=\"ez-toc-container\" class=\"ez-toc-v2_0_82_2 counter-hierarchy ez-toc-counter ez-toc-grey ez-toc-container-direction\">\n<div class=\"ez-toc-title-container\">\n<p class=\"ez-toc-title\" style=\"cursor:inherit\">Contenido<\/p>\n<span class=\"ez-toc-title-toggle\"><a href=\"#\" class=\"ez-toc-pull-right ez-toc-btn ez-toc-btn-xs ez-toc-btn-default ez-toc-toggle\" aria-label=\"Alternar tabla de contenidos\"><span class=\"ez-toc-js-icon-con\"><span class=\"\"><span class=\"eztoc-hide\" style=\"display:none;\">Palanca<\/span><span class=\"ez-toc-icon-toggle-span\"><svg style=\"fill: #999;color:#999\" xmlns=\"http:\/\/www.w3.org\/2000\/svg\" class=\"list-377408\" width=\"20px\" height=\"20px\" viewbox=\"0 0 24 24\" fill=\"none\"><path d=\"M6 6H4v2h2V6zm14 0H8v2h12V6zM4 11h2v2H4v-2zm16 0H8v2h12v-2zM4 16h2v2H4v-2zm16 0H8v2h12v-2z\" fill=\"currentColor\"><\/path><\/svg><svg style=\"fill: #999;color:#999\" class=\"arrow-unsorted-368013\" xmlns=\"http:\/\/www.w3.org\/2000\/svg\" width=\"10px\" height=\"10px\" viewbox=\"0 0 24 24\" version=\"1.2\" baseprofile=\"tiny\"><path d=\"M18.2 9.3l-6.2-6.3-6.2 6.3c-.2.2-.3.4-.3.7s.1.5.3.7c.2.2.4.3.7.3h11c.3 0 .5-.1.7-.3.2-.2.3-.5.3-.7s-.1-.5-.3-.7zM5.8 14.7l6.2 6.3 6.2-6.3c.2-.2.3-.5.3-.7s-.1-.5-.3-.7c-.2-.2-.4-.3-.7-.3h-11c-.3 0-.5.1-.7.3-.2.2-.3.5-.3.7s.1.5.3.7z\"\/><\/svg><\/span><\/span><\/span><\/a><\/span><\/div>\n<nav><ul class='ez-toc-list ez-toc-list-level-1' ><li class='ez-toc-page-1 ez-toc-heading-level-2'><a class=\"ez-toc-link ez-toc-heading-1\" href=\"https:\/\/mythslegendes.com\/es\/mitologia-irlandesa\/le-fantome-de-larbre\/#Le-Fantome-de-lArbre\" >El fantasma del \u00e1rbol<\/a><\/li><\/ul><\/nav><\/div>\n<h2><span class=\"ez-toc-section\" id=\"Le-Fantome-de-lArbre\"><\/span>El fantasma del \u00e1rbol<span class=\"ez-toc-section-end\"><\/span><\/h2>\n<p>Voici le nom que lui donnaient les voisins: Nora Dall (Nora l&rsquo;aveugle), et ils avaient l&rsquo;id\u00e9e qu&rsquo;elle avait des rapports avec les bonnes gens. P\u00e2id\u00een n&rsquo;avait dans sa ferme que deux acres de terre, et pour cette raison, il \u00e9tait tr\u00e8s pauvre; il \u00e9tait dehors chaque nuit, qu&rsquo;il f\u00eet humide ou sec, froid ou chaud, il ne savait pas ce qui l&rsquo;attirait dehors, mais il \u00e9tait d&rsquo;une nature remuante et il ne pouvait pas rester chez lui. Dans l&rsquo;ancien temps, les gens croyaient que tous les p\u00fbca et les fant\u00f4mes de la terre sortaient la nuit de Samhain pour d\u00e9truire les m\u00fbres, et les gens n&rsquo;auraient pas mis la moindre m\u00fbre dans leur bouche apr\u00e8s cette nuit-l\u00e0. Mais P\u00e2id\u00een n&rsquo;avait peur de rien au monde.<\/p>\n<p><br \/>Une nuit de Samhain, P\u00e2id\u00een sortit, comme il en avait l&rsquo;habitude, et il marcha jusqu&rsquo;\u00e0 ce qu&rsquo;il arrive \u00e0 la hauteur d&rsquo;une vieille cill (nom de l&rsquo;enclos qui contient l&rsquo;\u00e9glise et le cimetierre). Il y avait un arbre \u00e9lev\u00e9 dans la cill. La lune \u00e9tait dans son plein et elle donnait une belle lumi\u00e8re; P\u00e2id\u00een regarda en l&rsquo;air et il vit un homme grand qui sautait d&rsquo;arbre en arbre. Tous les cheveux qu&rsquo;il avait sur la t\u00eate se dress\u00e8rent et une sueur froide commen\u00e7a \u00e0 couler sur son corps; il ne pouvait pas mettre un pied devant l&rsquo;autre. Le fant\u00f4me sauta \u00e0 terre, s&rsquo;arr\u00eata devant P\u00e2id\u00een et lui dit:<\/p>\n\n<p>&#8211; N&rsquo;aie pas peur de moi, je ne te ferai aucun mal ; tu as bon courage et je vais te montrer la troupe des f\u00e9es de Connacht (Connaught) et de M\u00fbmhan (Munster) en train de jouer \u00e0 la balle sur le sommet de la colline du Grand-N\u00eaifin.<\/p>\n\n<p>II saisit P\u00e2id\u00een par les deux mains, le jeta sur son dos comme une femme jette un enfant d&rsquo;un an, sauta sur l&rsquo;arbre et, en route, d&rsquo;arbre en arbre, jusqu&rsquo;\u00e0 ce qu&rsquo;il arrive au sommet du Grand N\u00eaifin et qu&rsquo;il d\u00e9pose P\u00e2id\u00een doucement et mollement au sommet de la colline. La troupe des f\u00e9es de Connacht et celle de M\u00fbmhan ne furent pas longues \u00e0 arriver; elles se mirent \u00e0 jouer \u00e0 la balle en pr\u00e9sence de Padraic et du fant\u00f4me, et jamais homme vivant n&rsquo;avait vu une chose aussi amusante: P\u00e2id\u00een riait tant qu&rsquo;il pensa \u00e9clater. \u00c0 la fin, le roi de la troupe des f\u00e9es de Connacht s&rsquo;\u00e9cria:<\/p>\n\n<p>&#8211; H\u00e9 ! fant\u00f4me des arbres, quelle est la troupe qui a gagn\u00e9 la partie?<\/p>\n\n<p>&#8211; La troupe de Connacht, dit le fant\u00f4me.<\/p>\n\n<p>&#8211; Tu es en train de dire un mensonge, dit le roi de la troupe des f\u00e9es de M\u00fbmhan, et nous allons combattre avant d&rsquo;abandonner la partie aux gens de Connacht.<\/p>\n\n<p>Ils commenc\u00e8rent \u00e0 combattre et ce n&rsquo;\u00e9tait pas un combat pour rire qu&rsquo;ils livr\u00e8rent, on brisa des cr\u00e2nes, des mains et des pieds et la colline fut rouge de sang. Le roi des f\u00e9es de M\u00fbmhan jeta un cri \u00e0 la fin, et dit:<\/p>\n\n<p>&#8211; Paix, je vous c\u00e8de la victoire cette fois-ci, mais nous combattrons de nouveau la nuit de Bealtaine.<\/p>\n\n<p>Alors le fant\u00f4me des arbres dit aux deux rois:<\/p>\n\n<p>&#8211; Payez cet homme en vie que j&rsquo;ai amen\u00e9 ici, vous n&rsquo;auriez pas pu jouer \u00e0 la balle sans lui.<\/p>\n\n<p>&#8211; Tu dis vrai, dit le roi de la troupe des f\u00e9es de Connacht, et il tendit une bourse d&rsquo;or \u00e0 P\u00e2id\u00een.<\/p>\n\n<p>&#8211; Je ne serai pas moins g\u00e9n\u00e9reux que lui, dit le roi de la troupe des f\u00e9es de M\u00fbmhan, et il lui tendit une autre bourse, et en un tour de main, les deux troupes disparurent.<\/p>\n\n<p>Alors le fant\u00f4me lui dit :<\/p>\n\n<p>&#8211; Tu as pas mal d&rsquo;argent maintenant, y a-t-il quelqu&rsquo;autre chose que tu d\u00e9sirerais?<\/p>\n\n<p>&#8211; Oui, en v\u00e9rit\u00e9, il y en a, dit P\u00e2id\u00een : j&rsquo;ai une fille qui est aveugle de naissance, et je voudrais bien qu&rsquo;elle v\u00eet clair.<\/p>\n\n<p>&#8211; Elle verra clair avant que le soleil ne se couche, demain soir, dit le fant\u00f4me, si tu suis mon conseil. Il y a un petit buisson qui cro\u00eet sur la tombe de ta m\u00e8re; prends-en une \u00e9pine et enfonce-la dans la pustule qui est derri\u00e8re la t\u00eate de ta fille, et elle verra aussi bien que toi; mais si tu racontes ton secret \u00e0 n&rsquo;importe quel homme vivant, elle deviendra aveugle de nouveau. Il est temps pour nous maintenant de nous en aller, car j&rsquo;ai \u00e0 te montrer ma demeure avant que tu ne retournes chez toi.<\/p>\n\n<p>Alors, il prit P\u00e2id\u00een des deux mains, il le jeta sur son dos et, en route, il ne s&rsquo;arr\u00eata pas jusqu&rsquo;\u00e0 ce qu&rsquo; il le d\u00e9pose sous le grand arbre, dans la cill, doucement et mollement. Puis il saisit l&rsquo;arbre, le souleva et dit :<\/p>\n\n<p>- Soy yo.<\/p>\n\n<p>P\u00e2id\u00een entra et le fant\u00f4me tira l&rsquo;arbre apr\u00e8s lui; ils descendirent un bel escalier et arriv\u00e8rent \u00e0 une grande porte; il ouvrit la porte et ils entr\u00e8rent. Quand P\u00e2id\u00een regarda autour de lui, il vit bon nombre de gens qui \u00e9taient morts dans son voisinage, des ann\u00e9es auparavant; quelques-uns souhait\u00e8rent la bienvenue \u00e0 P\u00e2id\u00een et ils lui demand\u00e8rent quand il \u00e9tait mort :<\/p>\n\n<p>&#8211; Je ne suis pas mort encore, dit P\u00e2id\u00een.<\/p>\n\n<p>&#8211; Tu plaisantes, dirent-ils, et s&rsquo;il n&rsquo;\u00e9tait pas vrai que tu es mort, tu ne serais pas ici au milieu de la troupe des tr\u00e9pass\u00e9s.<\/p>\n\n<p>Le fant\u00f4me s&rsquo;approcha, et dit:<\/p>\n\n<p>&#8211; Ne crois pas ces gens-l\u00e0; tu as une longue vie heureuse devant toi; viens avec moi maintenant; il sera temps pour toi de retourner \u00e0 la maison. Voici pour toi un petit pot, et n&rsquo;importe quand tu auras besoin de nourriture, frappe trois coups sur la pierre et dis : \u00ab Nourriture et boisson, et gens de service \u00bb, et tu auras tout ce que tu d\u00e9sires, mais si tu t&rsquo;en s\u00e9pares, tu t&rsquo;en repentiras. Voici aussi pour toi un petit sifflet, et, n&rsquo;importe quand tu seras en d\u00e9tresse, souffle dedans, et tu seras secouru, mais, sur ton \u00e2me, ne t&rsquo;en s\u00e9pare pas.<\/p>\n\n<p>L\u00e0-dessus, il enleva P\u00e2id\u00een ; il le laissa sur la route et lui dit:<\/p>\n\n<p>&#8211; Sur ton \u00e2me, ne raconte \u00e0 nulle personne vivante aucune des choses que tu as vues cette nuit.<\/p>\n\n<p>P\u00e2id\u00een alla chez lui, \u00e0 la pointe du jour, et sa femme lui demanda o\u00f9 il avait pass\u00e9 la nuit.<\/p>\n\n<p>&#8211; Je n&rsquo;ai pas fl\u00e2n\u00e9, dit-il.<\/p>\n\n<p>Il d\u00e9posa le petit pot et il dit :<\/p>\n\n<p>&#8211; \u00ab nourriture et boisson \u00bb,<\/p>\n\n<p>mais il avait oubli\u00e9 de frapper les trois. coups sur la pierre et il ne vint rien du tout; il se rappela alors, il frappa les trois coups et deux jeunes femmes saut\u00e8rent hors du pot, mirent la table, et dessus toutes sortes de choses \u00e0 manger et \u00e0 boire aussi bonnes que celles qui \u00e9taient sur la table du roi. P\u00e2id\u00een et sa femme et N\u00f4ir\u00een Dall mang\u00e8rent et burent bien leur content et quand ils eurent fini, les jeunes femmes entr\u00e8rent dans le pot et P\u00e2id\u00een mit la pierre dessus. Alors il dit \u00e0 sa femme:<\/p>\n\n<p>&#8211; N\u00f4ir\u00een ne sera pas longtemps aveugle, je vais la gu\u00e9rir sans retard, mais ne me demande pas de renseignements \u00e0 ce sujet, car je ne puis pas t&rsquo;en donner.<\/p>\n\n<p>&#8211; Tu es en train de te moquer de moi, dit la femme, elle est aveugle de naissance.<\/p>\n\n<p>&#8211; Attends \u00e0 voir, dit P\u00e2id\u00een.<\/p>\n\n<p>Et le voil\u00e0 sorti, et il ne s&rsquo;arr\u00eata pas qu&rsquo;il ne f\u00fbt arriv\u00e9 au buisson qui croissait sur la tombe de sa m\u00e8re; il trouva l&rsquo;\u00e9pine et vint \u00e0 la maison; il saisit N\u00f4ir\u00een, il enfon\u00e7a l&rsquo;\u00e9pine dans la pustule et elle s&rsquo;\u00e9cria:<\/p>\n\n<p>&#8211; Je vois tout!<\/p>\n\n<p>La m\u00e8re se frotta les mains de joie et dit \u00e0 P\u00e2id\u00een :<\/p>\n\n<p>&#8211; L&rsquo;amour et la veine de mon c\u0153ur, c&rsquo;est toi; tu es l&rsquo;homme le meilleur qu&rsquo;il y ait au monde.<\/p>\n\n<p>Ensuite, il frappa trois coups sur la pierre du petit pot et dit:<\/p>\n\n<p>&#8211; \u00abNourriture et service \u00bb.<\/p>\n\n<p>Ces mots n&rsquo;\u00e9taient pas plus t\u00f4t hors de sa bouche que les deux femmes sortirent du pot; mirent la table devant P\u00e2id\u00een, et dessus, toutes sortes de choses meilleures que celles qui \u00e9taient sur la table du roi ; ils mang\u00e8rent et burent, lui, sa femme et N\u00f4ir\u00een, tout leur content, et, quand ils eurent fini, les jeunes femmes mirent tout dans le pot, elles y entr\u00e8rent elles m\u00eames et P\u00e2id\u00een mit la pierre sur le pot.<\/p>\n\n<p>Le bruit se r\u00e9pandit que P\u00e2id\u00een avait beaucoup de richesses, et tout ce qu&rsquo;il d\u00e9sirait. Les gens furent remplis d&rsquo;envie, et se dirent les uns aux autres qu&rsquo;il n&rsquo;\u00e9tait pas juste qu&rsquo;il f\u00fbt en vie, et ils form\u00e8rent un complot pour le tuer; mais il y avait parmi eux un ami; c&rsquo;\u00e9tait le fr\u00e8re de la femme de P\u00e2id\u00een, et celui-ci le pr\u00e9vint. P\u00e2id\u00een mit le sifflet dans la bouche; il souffla dedans et peu de temps apr\u00e8s, il entendit murmurer \u00e0 son oreille:<\/p>\n\n<p>&#8211; Sors, et prends les herbes qui sont dans ton jardin, au pied du mur ; manges-en et donne le reste \u00e0 ta femme et \u00e0 ta fille, et chacun de vous aura autant de fois la force d&rsquo;un homme qu&rsquo;il y a de cheveux sur vos t\u00eates. Avec le maillet qui est sur le mur de ta maison, tu peux battre tout ce qu&rsquo;il y a d&rsquo;hommes dans la paroisse.<\/p>\n\n<p>Au matin, le lendemain, les hommes et les femmes du village vinrent pour tuer P\u00e2id\u00een ; ils l&rsquo;appelaient Lorgad\u00e2n et Fearsidh (homme-f\u00e9e) et dirent que s&rsquo;il ne sortait pas, ils br\u00fbleraient la maison par-dessus sa t\u00eate. P\u00e2id\u00een vint \u00e0 la porte, leur dit de s&rsquo;en retourner chez eux, qu&rsquo;il n&rsquo;avait fait de tort \u00e0 aucun d&rsquo;entre eux; mais rien ne pouvait les satisfaire, sinon le meurtre de P\u00e2id\u00een. P\u00e2id\u00een saisit le maillet et.la femme un manche de b\u00eache et la fille un ribot de baratte et les voil\u00e0 sortis; les gens qui \u00e9taient dehors autour de la. maison les attaqu\u00e8rent, mais P\u00e2id\u00een ne fut pas long \u00e0 les mettre en d\u00e9route; il en laissa la moiti\u00e9 \u00e9tendus par terre, et il ne lui caus\u00e8rent pas d&rsquo;autre d\u00e9sagr\u00e9ment \u00e0 partir de ce jour.<\/p>\n\n<p>Il est vrai, le dicton, qu&rsquo;une femme ne peut pas garder un secret, et ce m\u00eame dicton devint vrai alors; la femme de P\u00e2id\u00een parla du petit pot \u00e0 une autre femme; celle-ci le raconta \u00e0 une autre, en sorte que l&rsquo;histoire passa de bouche en bouche jusqu&rsquo;\u00e0 ce qu&rsquo;elle arrive aux oreilles du seigneur de la terre: celui-ci vint trouver P\u00e2id\u00een et dit:<\/p>\n\n<p>&#8211; J&rsquo;ai entendu dire que tu avais un pot merveilleux; montre le-moi.<\/p>\n\n<p>P\u00e2id\u00een lui montra le petit pot et alors le seigneur lui dit :<\/p>\n\n<p>&#8211; Montre-moi la vertu qui est en lui.<\/p>\n\n<p>P\u00e2id\u00een frappa trois coups sur la pierre du pot et dit:<\/p>\n\n<p>&#8211; \u00abNourriture et service. \u00bb<\/p>\n\n<p>Il n&rsquo;avait pas plus t\u00f4t dit ces mots que les deux jeunes femmes saut\u00e8rent hors du pot et mirent la table avec de la nourriture et de la boisson dessus, devant P\u00e2id\u00een et le seigneur.<\/p>\n\n<p>&#8211; Par ma main, dit celui-ci, voil\u00e0 un bon pot; il serait juste que tu me le pr\u00eates un jour, car il y a des gentilshommes qui iront me rendre visite, un jour de la semaine qui vient.<\/p>\n\n<p>P\u00e2id\u00een r\u00e9fl\u00e9chit \u00e0 ce qu&rsquo;il ferait, et enfin il dit:<\/p>\n\n<p>&#8211; Le pot n&rsquo;aurait aucune vertu si je n&rsquo;\u00e9tais pas pr\u00e9sent.<\/p>\n\n<p>&#8211; Tu peux venir, et tu seras le bienvenu, dit le seigneur de la terre, mais sois bien habill\u00e9.<\/p>\n\n<p>&#8211; Je le serai, dit P\u00e2id\u00een, car il \u00e9tait fier d&rsquo;\u00eatre parmi les gentilshommes.<\/p>\n\n<p>&#8211; Lundi matin sois \u00e0 ma maison, et sur ton \u00e2me ne me manque pas de parole, dit le seigneur.<\/p>\n\n<p>Le lendemain, P\u00e2id\u00een acheta un nouveau v\u00eatement complet et quand il l&rsquo;eut mis, il avait si bon air qu&rsquo;il s&rsquo;en fallut de peu que sa femme et sa fille ne le reconnussent pas. Le lundi matin, il prit avec lui le petit pot et il alla \u00e0 la maison du seigneur. Il y avait l\u00e0 une grande r\u00e9union de gentilshommes; le seigneur fit entrer P\u00e2id\u00een et le petit pot dans le salon, et dit:<\/p>\n\n<p>&#8211; Fais pr\u00e9parer de la nourriture et de la boisson que je voie s&rsquo;il y en aura assez pour rassasier ces gentilshommes.<\/p>\n\n<p>P\u00e2id\u00een frappa trois coups sur la pierre du pot et dit:<\/p>\n\n<p>&#8211; \u00abNourriture, boisson et gens de service.\u00bb<\/p>\n\n<p>Sur-le-champ, six jeunes femmes saut\u00e8rent ensemble hors du pot, elles dress\u00e8rent une belle table, et dessus il y avait \u00e0 boire et \u00e0 manger toutes sortes de choses meilleures les unes que les autres.<br \/>Le seigneur invita alors les gentilshommes; ils entr\u00e8rent et ils furent pleins d&rsquo;admiration quand ils virent la belle table et tout ce qui \u00e9tait dessus; ils mang\u00e8rent et burent leur content, mais bient\u00f4t, un sommeil lourd s&#8217;empara d&rsquo;eux tous et quand ils s&rsquo;\u00e9veill\u00e8rent, le toit de la maison avait disparu sans qu&rsquo;on s\u00fbt ce qu&rsquo;il \u00e9tait devenu. Le petit pot, le sifflet et les deux bourses d&rsquo;or de P\u00e2id\u00een avaient disparu, et il \u00e9tait aussi pauvre qu&rsquo;il avait jamais \u00e9t\u00e9.<\/p>\n\n<p>Pendant qu&rsquo;il \u00e9tait plong\u00e9 dans le sommeil de l&rsquo;ivresse, un lorgad\u00e2n \u00e9tait venu qui avait emport\u00e9 le tout, et le malheur tomba sur P\u00e2id\u00een parce qu&rsquo;il n&rsquo;avait pas gard\u00e9 le secret de son ami, le fant\u00f4me des arbres.<\/p>\n\t\t\t\t\t\t\t\t<\/div>\n\t\t\t\t<\/div>\n\t\t\t\t\t<\/div>\n\t\t<\/div>\n\t\t\t\t\t<\/div>\n\t\t<\/section>\n\t\t\t\t<\/div>","protected":false},"excerpt":{"rendered":"<p>Wiki Mitolog\u00eda Irlandesa Esta es la historia del Fantasma del \u00c1rbol. En los viejos tiempos, hab\u00eda un hombre cuyo nombre era P\u00e2d\u00een... <\/p>","protected":false},"author":1,"featured_media":0,"parent":439,"menu_order":0,"comment_status":"closed","ping_status":"closed","template":"","meta":{"footnotes":""},"class_list":["post-537","page","type-page","status-publish","hentry"],"amp_enabled":true,"_links":{"self":[{"href":"https:\/\/mythslegendes.com\/es\/wp-json\/wp\/v2\/pages\/537","targetHints":{"allow":["GET"]}}],"collection":[{"href":"https:\/\/mythslegendes.com\/es\/wp-json\/wp\/v2\/pages"}],"about":[{"href":"https:\/\/mythslegendes.com\/es\/wp-json\/wp\/v2\/types\/page"}],"author":[{"embeddable":true,"href":"https:\/\/mythslegendes.com\/es\/wp-json\/wp\/v2\/users\/1"}],"replies":[{"embeddable":true,"href":"https:\/\/mythslegendes.com\/es\/wp-json\/wp\/v2\/comments?post=537"}],"version-history":[{"count":1,"href":"https:\/\/mythslegendes.com\/es\/wp-json\/wp\/v2\/pages\/537\/revisions"}],"predecessor-version":[{"id":24539,"href":"https:\/\/mythslegendes.com\/es\/wp-json\/wp\/v2\/pages\/537\/revisions\/24539"}],"up":[{"embeddable":true,"href":"https:\/\/mythslegendes.com\/es\/wp-json\/wp\/v2\/pages\/439"}],"wp:attachment":[{"href":"https:\/\/mythslegendes.com\/es\/wp-json\/wp\/v2\/media?parent=537"}],"curies":[{"name":"wp","href":"https:\/\/api.w.org\/{rel}","templated":true}]}}