{"id":544,"date":"2020-06-12T15:30:08","date_gmt":"2020-06-12T14:30:08","guid":{"rendered":"https:\/\/mythslegendes.com\/?page_id=544"},"modified":"2022-12-03T22:06:55","modified_gmt":"2022-12-03T22:06:55","slug":"le-roi-des-saumons","status":"publish","type":"page","link":"https:\/\/mythslegendes.com\/es\/mitologia-irlandesa\/el-rey-de-los-salmones\/","title":{"rendered":"Rey del Salm\u00f3n"},"content":{"rendered":"<div data-elementor-type=\"wp-page\" data-elementor-id=\"544\" class=\"elementor elementor-544\">\n\t\t\t\t\t\t<section class=\"elementor-section elementor-top-section elementor-element elementor-element-29fe85b elementor-section-boxed elementor-section-height-default elementor-section-height-default\" data-id=\"29fe85b\" data-element_type=\"section\" data-e-type=\"section\">\n\t\t\t\t\t\t<div class=\"elementor-container elementor-column-gap-default\">\n\t\t\t\t\t<div class=\"elementor-column elementor-col-50 elementor-top-column elementor-element elementor-element-710cdee\" data-id=\"710cdee\" data-element_type=\"column\" data-e-type=\"column\">\n\t\t\t<div class=\"elementor-widget-wrap elementor-element-populated\">\n\t\t\t\t\t\t<div class=\"elementor-element elementor-element-b5b809e elementor-align-justify elementor-widget elementor-widget-button\" data-id=\"b5b809e\" data-element_type=\"widget\" data-e-type=\"widget\" data-widget_type=\"button.default\">\n\t\t\t\t<div class=\"elementor-widget-container\">\n\t\t\t\t\t\t\t\t\t<div class=\"elementor-button-wrapper\">\n\t\t\t\t\t<a class=\"elementor-button elementor-button-link elementor-size-sm\" href=\"https:\/\/mythslegendes.com\/es\/mitologia-irlandesa\/\">\n\t\t\t\t\t\t<span class=\"elementor-button-content-wrapper\">\n\t\t\t\t\t\t\t\t\t<span class=\"elementor-button-text\">Mitolog\u00eda irlandesa<\/span>\n\t\t\t\t\t<\/span>\n\t\t\t\t\t<\/a>\n\t\t\t\t<\/div>\n\t\t\t\t\t\t\t\t<\/div>\n\t\t\t\t<\/div>\n\t\t\t\t\t<\/div>\n\t\t<\/div>\n\t\t\t\t<div class=\"elementor-column elementor-col-50 elementor-top-column elementor-element elementor-element-87d394a\" data-id=\"87d394a\" data-element_type=\"column\" data-e-type=\"column\">\n\t\t\t<div class=\"elementor-widget-wrap elementor-element-populated\">\n\t\t\t\t\t\t<div class=\"elementor-element elementor-element-59d8cad elementor-align-justify elementor-widget elementor-widget-button\" data-id=\"59d8cad\" data-element_type=\"widget\" data-e-type=\"widget\" data-widget_type=\"button.default\">\n\t\t\t\t<div class=\"elementor-widget-container\">\n\t\t\t\t\t\t\t\t\t<div class=\"elementor-button-wrapper\">\n\t\t\t\t\t<a class=\"elementor-button elementor-button-link elementor-size-sm\" href=\"https:\/\/fr.wikipedia.org\/wiki\/Mythologie_celtique_irlandaise\" target=\"_blank\" rel=\"noopener\">\n\t\t\t\t\t\t<span class=\"elementor-button-content-wrapper\">\n\t\t\t\t\t\t\t\t\t<span class=\"elementor-button-text\">Wiki<\/span>\n\t\t\t\t\t<\/span>\n\t\t\t\t\t<\/a>\n\t\t\t\t<\/div>\n\t\t\t\t\t\t\t\t<\/div>\n\t\t\t\t<\/div>\n\t\t\t\t\t<\/div>\n\t\t<\/div>\n\t\t\t\t\t<\/div>\n\t\t<\/section>\n\t\t\t\t<section class=\"elementor-section elementor-top-section elementor-element elementor-element-3555cf96 elementor-section-boxed elementor-section-height-default elementor-section-height-default\" data-id=\"3555cf96\" data-element_type=\"section\" data-e-type=\"section\">\n\t\t\t\t\t\t<div class=\"elementor-container elementor-column-gap-default\">\n\t\t\t\t\t<div class=\"elementor-column elementor-col-100 elementor-top-column elementor-element elementor-element-6fc212f5\" data-id=\"6fc212f5\" data-element_type=\"column\" data-e-type=\"column\">\n\t\t\t<div class=\"elementor-widget-wrap elementor-element-populated\">\n\t\t\t\t\t\t<div class=\"elementor-element elementor-element-3fbed41f elementor-widget elementor-widget-text-editor\" data-id=\"3fbed41f\" data-element_type=\"widget\" data-e-type=\"widget\" data-widget_type=\"text-editor.default\">\n\t\t\t\t<div class=\"elementor-widget-container\">\n\t\t\t\t\t\t\t\t\t\n<p>Esta es la historia del Rey Salm\u00f3n. En los buenos viejos tiempos, hace mucho tiempo, hab\u00eda un hombre llamado Domhnall Duhh (el Negro) que viv\u00eda cerca de Lochri. Llevaba veinte a\u00f1os casado sin tener hijos, excepto una hija, y ella era ciega de nacimiento; la gente lo llamaba ciego N\u00f4irin Dubh. Ten\u00eda una voz hermosa y melodiosa y no hab\u00eda una canci\u00f3n antigua en el pa\u00eds que no se supiera de memoria.<\/p>\n<p><img decoding=\"async\" class=\"alignnone wp-image-5284 size-full\" src=\"https:\/\/mythslegendes.com\/wp-content\/uploads\/2020\/09\/AlphaOmega-e1602613368367.png\" alt=\"rey salm\u00f3n\" width=\"25\" height=\"26\" title=\"\"><\/p>\n<div id=\"ez-toc-container\" class=\"ez-toc-v2_0_82_2 counter-hierarchy ez-toc-counter ez-toc-grey ez-toc-container-direction\">\n<div class=\"ez-toc-title-container\">\n<p class=\"ez-toc-title\" style=\"cursor:inherit\">Contenido<\/p>\n<span class=\"ez-toc-title-toggle\"><a href=\"#\" class=\"ez-toc-pull-right ez-toc-btn ez-toc-btn-xs ez-toc-btn-default ez-toc-toggle\" aria-label=\"Alternar tabla de contenidos\"><span class=\"ez-toc-js-icon-con\"><span class=\"\"><span class=\"eztoc-hide\" style=\"display:none;\">Palanca<\/span><span class=\"ez-toc-icon-toggle-span\"><svg style=\"fill: #999;color:#999\" xmlns=\"http:\/\/www.w3.org\/2000\/svg\" class=\"list-377408\" width=\"20px\" height=\"20px\" viewbox=\"0 0 24 24\" fill=\"none\"><path d=\"M6 6H4v2h2V6zm14 0H8v2h12V6zM4 11h2v2H4v-2zm16 0H8v2h12v-2zM4 16h2v2H4v-2zm16 0H8v2h12v-2z\" fill=\"currentColor\"><\/path><\/svg><svg style=\"fill: #999;color:#999\" class=\"arrow-unsorted-368013\" xmlns=\"http:\/\/www.w3.org\/2000\/svg\" width=\"10px\" height=\"10px\" viewbox=\"0 0 24 24\" version=\"1.2\" baseprofile=\"tiny\"><path d=\"M18.2 9.3l-6.2-6.3-6.2 6.3c-.2.2-.3.4-.3.7s.1.5.3.7c.2.2.4.3.7.3h11c.3 0 .5-.1.7-.3.2-.2.3-.5.3-.7s-.1-.5-.3-.7zM5.8 14.7l6.2 6.3 6.2-6.3c.2-.2.3-.5.3-.7s-.1-.5-.3-.7c-.2-.2-.4-.3-.7-.3h-11c-.3 0-.5.1-.7.3-.2.2-.3.5-.3.7s.1.5.3.7z\"\/><\/svg><\/span><\/span><\/span><\/a><\/span><\/div>\n<nav><ul class='ez-toc-list ez-toc-list-level-1' ><li class='ez-toc-page-1 ez-toc-heading-level-2'><a class=\"ez-toc-link ez-toc-heading-1\" href=\"https:\/\/mythslegendes.com\/es\/mitologia-irlandesa\/el-rey-de-los-salmones\/#Le-roi-des-Saumons\" >Rey del Salm\u00f3n<\/a><\/li><\/ul><\/nav><\/div>\n<h2><span class=\"ez-toc-section\" id=\"Le-roi-des-Saumons\"><\/span>Rey del Salm\u00f3n<span class=\"ez-toc-section-end\"><\/span><\/h2>\n\n<p>Una vez, una tarde, N\u00f4irin le pidi\u00f3 a su padre que la llevara a la orilla del lago, porque la tarde era muy hermosa. Su padre la llev\u00f3 all\u00ed y ella le dijo:<\/p>\n\n<p>\u201cEspera aqu\u00ed, o sigue tu camino a casa.<\/p>\n\n<p>Cuando su padre se fue, ella se sent\u00f3 en un mont\u00edculo seco y comenz\u00f3 a cantar una canci\u00f3n, como sigue:<\/p>\n\n<p>Oh mayo amarillento, t\u00fa eres el mes<br \/>donde los abejorros se ponen su lindo color,<br \/>Donde la mujer tiene el ni\u00f1o, la vaca el ternero<br \/>Y donde la yegua tiene el potro.<\/p>\n\n<p>No llevaba mucho tiempo cantando esta canci\u00f3n, cuando un gran salm\u00f3n sali\u00f3 a la superficie del agua y aguz\u00f3 el o\u00eddo para escucharlo. Cuando hubo terminado el verso, escuch\u00f3 una voz que dec\u00eda:<\/p>\n\n<p>\u2013 Es una gran pena que est\u00e9s ciego. Si tuviera hiel de salm\u00f3n para frotarse los ojos, recuperar\u00eda la vista.<\/p>\n\n<p>Cuando se puso el sol, Domhnall lleg\u00f3 y la llev\u00f3 a casa. Ella le dijo las palabras que hab\u00eda o\u00eddo.<\/p>\n\n<p>\u201cMuy bien, ir\u00e9 a pescar ma\u00f1ana por la ma\u00f1ana\u201d, dijo Domhnall, \u201cy si hay un salm\u00f3n en el lago, lo atrapar\u00e9.<\/p>\n\n<p>A la ma\u00f1ana siguiente, temprano en la ma\u00f1ana, antes del amanecer, Domhnall se levant\u00f3 y baj\u00f3 al lago. Tom\u00f3 un bote y se fue a pescar. Cuando lleg\u00f3 a la mitad del lago, escuch\u00f3 el grito de un zarapito; al mismo tiempo encontr\u00f3 que la l\u00ednea fue arrastrada y el <a href=\"https:\/\/mythslegendes.com\/es\/mitologia-gala\/\">Galia<\/a> comenz\u00f3 a doblarse.<\/p>\n\n<p>\u201cPalabra\u201d, dijo Domhnall, \u201chay un gran salm\u00f3n en mi anzuelo.<\/p>\n\n<p>Entonces comenz\u00f3 a disparar lo mejor que pudo, pero, \u00a1ay!, sus pies resbalaron y cay\u00f3 de cabeza primero en el lago, luego al fondo, al fondo del agua, de modo que pens\u00f3 que estaba en el fin del mundo. .<br \/>Cuando abri\u00f3 los ojos, se encontr\u00f3 en una hermosa habitaci\u00f3n, en presencia de un hombre alto cuya piel era como la piel de un pez. El hombre le habl\u00f3:<\/p>\n\n<p>\u2013 Domhnall el negro, dijo, \u00bfqu\u00e9 te trajo aqu\u00ed?<\/p>\n\n<p>&quot;No lo s\u00e9&quot;, dijo Domhnall; estaba pescando en el lago; Pens\u00e9 que hab\u00eda pescado un gran salm\u00f3n; Lo estaba atrayendo cuando mis pies resbalaron y ca\u00ed de cara al lago. No habr\u00eda estado pescando si no hubiera tenido una hija ciega y ella escuch\u00f3 que si tuviera hiel de salm\u00f3n para frotarse los ojos, recuperar\u00eda la vista. Esta es la causa por la cual estoy aqu\u00ed.<\/p>\n\n<p>\u2013 Ahora est\u00e1s en presencia del rey del lago, dijo el hombre, y te he estado esperando por mucho tiempo. Esc\u00fachame. \u00bfAlguna vez has o\u00eddo c\u00f3mo el lago lleg\u00f3 a estar aqu\u00ed donde est\u00e1?<\/p>\n\n<p>\u201cCiertamente nunca he o\u00eddo hablar de \u00e9l\u201d, dijo Domhnall, \u201caunque he vivido cerca del lago desde que llegu\u00e9 aqu\u00ed y siete de mis antepasados vivieron all\u00ed antes que yo.<\/p>\n\n<p>\u201cNo estar\u00e1s as\u00ed por mucho tiempo\u201d, dijo el hombre alto.<\/p>\n\n<p>Mi padre era rey y mi madre muri\u00f3 la noche que yo nac\u00ed, pero pronto mi padre se cas\u00f3 con otra mujer y mi suegra ten\u00eda un gran poder m\u00e1gico. Cuando ten\u00eda siete a\u00f1os, la hice enojar; sac\u00f3 una varita m\u00e1gica, provoc\u00f3 un terremoto en el pa\u00eds de mi padre y lo convirti\u00f3 en un lago. Mi padre se ahog\u00f3 y ella me convirti\u00f3 en un salm\u00f3n, como ves. Todas las noches ven\u00eda mi suegra a atormentarme; pero ya que est\u00e1s aqu\u00ed conmigo, es probable que ahora me adelante a ella. Ahora ven conmigo y te dejo a la orilla del lago; luego ve al pie del gran \u00e1rbol rojo pelado que crece detr\u00e1s de tu casa y cava hasta que encuentres una gran piedra. Levanta la piedra y encontrar\u00e1s un tom negro durmiendo debajo. Lleva al gato a la orilla del lago y yo estar\u00e9 all\u00ed frente a ti. Si haces lo que te digo, ser\u00e1s feliz, rico, tendr\u00e1s una larga vida; pero si no haces como te digo, ser\u00e1s un pobre mendigo mientras haya agua para correr o hierba para crecer.<\/p>\n\n<p>\u201cTe doy mi palabra, har\u00e9 lo que dices\u201d, dijo Domhnall, \u201cy estoy listo para ir contigo.<\/p>\n\n<p>As\u00ed que golpe\u00f3 a Domhnall con su varita m\u00e1gica y lo convirti\u00f3 en un zarapito, y pronto se encontr\u00f3 nadando en el lago. Cuando lleg\u00f3 al borde, el Gran Salm\u00f3n le dio un movimiento de su varita m\u00e1gica y en un santiam\u00e9n estaba en el suelo y de camino a casa. Cuando lleg\u00f3 al alto \u00e1rbol rojo desnudo, comenz\u00f3 a cavar; no tard\u00f3 en encontrarse con la piedra grande y cuando la hubo levantado, vio al gato negro dormido. Puso al gato en su seno y se fue a la orilla del lago. El Gran Salm\u00f3n estaba all\u00ed frente a \u00e9l y lo llev\u00f3 a \u00e9l y al gato negro a su habitaci\u00f3n debajo del lago. Luego le dijo a Domhnall:<\/p>\n\n<p>\u2013 Eres un buen h\u00e9roe; ahora toma un cuchillo, s\u00e1cale el coraz\u00f3n al gato y d\u00e1melo.<\/p>\n\n<p>Domhnall tom\u00f3 el cuchillo, sac\u00f3 el coraz\u00f3n del gato y estaba a punto de d\u00e1rselo al salm\u00f3n, cuando escuch\u00f3 un fuerte ruido.<\/p>\n\n<p>&quot;Date prisa, date prisa&quot;, dijo el salm\u00f3n; viene la anciana. Toma mi espada afilada que est\u00e1 en la pared y demuestra que eres un guerrero, cuando la anciana entre con sus gatos.<\/p>\n\n<p>La puerta de la habitaci\u00f3n pronto se abri\u00f3 y entr\u00f3 una horrible bruja vieja y m\u00e1s de sesenta gatos sigui\u00e9ndola. Domhnall tom\u00f3 su espada, la golpe\u00f3 en medio de la frente y la arroj\u00f3 al suelo. Entonces los gatos saltaron sobre \u00e9l y lo ara\u00f1aron tanto que hab\u00eda un lodo de sangre a su alrededor. La anciana se levant\u00f3 r\u00e1pidamente y estaba a punto de matarla con un golpe de varita cuando el Gran Salm\u00f3n la golpe\u00f3 entre los dos ojos con el coraz\u00f3n del gran gato negro y ella cay\u00f3 muerta entre los gatos. Domhnall venci\u00f3 r\u00e1pidamente a los gatos y los mat\u00f3 a todos.<\/p>\n\n<p>\u2013 Dame tu mano, dijo el Gran Salm\u00f3n, eres el mejor guerrero de Irlanda. No necesitar\u00e1s nada, mientras est\u00e9s vivo. S\u00e9 d\u00f3nde hay un tesoro de oro amarillo y no es dif\u00edcil para ti encontrarlo. Hay un castillo grande y hermoso en el territorio de la Tierra Blanca y puedes llevar a tu esposa e hija a vivir all\u00ed.<\/p>\n\n<p>\u201cGracias\u201d, dijo Domhnail, \u201cpero prefiero vivir en Erin, mi amada tierra, que en cualquier otro pa\u00eds bajo el sol, y si me dejas en casa, te estar\u00e9 muy agradecido.<\/p>\n\n<p>\u201cNo puedo separarme de ti de esta manera\u201d, dijo el Gran Salm\u00f3n, \u201cy creo que no eres razonable, pero como deseas quedarte solo en Erin, \u00a1que as\u00ed sea! \u00bfSabes d\u00f3nde est\u00e1 D\u00fbn-na-righ (la fortaleza de los reyes) cerca del lago?<\/p>\n\n<p>&quot;Ciertamente lo s\u00e9&quot;, dijo Domhnall; He cortado m\u00e1s de un palo ah\u00ed.<\/p>\n\n<p>\u2013 Si est\u00e1s en el fuerte esta noche a medianoche, estar\u00e9 delante de ti y te pondr\u00e9 en el camino de hacerte rico; he aqu\u00ed hiel para ti manchar los ojos de tu hija; ella recobrar\u00e1 la vista, y a cualquiera que sea ciego en tu vecindario, haz lo mismo. Pero no tomes oro ni plata de un hombre pobre, y cuando vayas a tu casa, no le cuentes a ning\u00fan hombre vivo acerca de tu vida, d\u00f3nde has estado, o algo que te haya sucedido desde que saliste de tu casa.<\/p>\n\n<p>\u201cSeguir\u00e9 tu consejo y har\u00e9 lo que dices\u201d, dijo Domhnall.<\/p>\n\n<p>Acto seguido, le asest\u00f3 un golpe, hizo un zarapito y le dijo:<\/p>\n\n<p>- Soy yo.<\/p>\n\n<p>Domhnall lo sigui\u00f3 y no pas\u00f3 mucho tiempo antes de que se encontrara nadando en el lago, con el Gran Salm\u00f3n a su lado. Cuando llegaron al borde, arroj\u00f3 a Domhnall al suelo donde estaba antes de ir a pescar.<br \/>Cuando Domhnall lleg\u00f3 a casa, encontr\u00f3 la casa llena de familiares y vecinos, y su esposa e hija lloraban y se lamentaban porque pensaban que se hab\u00eda ahogado.<br \/>Entr\u00f3, se volvieron hacia \u00e9l asombrados y le estrecharon la mano.<\/p>\n\n<p>\u201cD\u00e9jame pasar\u201d, dijo Domhnall, \u201cd\u00e9jame ver a mi hija.<\/p>\n\n<p>Sac\u00f3 la hiel del salm\u00f3n, frot\u00f3 los ojos de N\u00f4irin con ella, y ella ten\u00eda una vista tan buena como el propio Domhnall. Ella grit\u00f3, aplaudi\u00f3 de alegr\u00eda y dio gracias a Dios. Hab\u00eda muchos ciegos en la parroquia; envi\u00f3 por ellos y les devolvi\u00f3 la vista. La fama de Domhnall no tard\u00f3 en extenderse por el pa\u00eds y todos los d\u00edas ven\u00edan ciegos a buscarlo.<br \/>Cuando lleg\u00f3 la medianoche, o un poco antes, Domhnall fue a D\u00fbn-na-righ; despu\u00e9s de un rato escuch\u00f3 un estruendo sordo y el sonido de un paso de caballo, y lleg\u00f3 el ej\u00e9rcito de hadas con el Gran Salm\u00f3n a la cabeza. Cuando estuvieron todos en la fortaleza, el Gran Salm\u00f3n habl\u00f3:<\/p>\n\n<p>\u2013 Tenemos un juego de pelota para jugar esta noche contra las hadas de Laigheann (Leinster); Tengo al guerrero m\u00e1s valiente que hay en el mundo para ayudar. Vamos, Domhnall Dubh, deja que estos caballeros te vean.<\/p>\n\n<p>Domhnall se adelant\u00f3 y los hombres hadas le estrecharon la mano, y en cada una de sus manos hab\u00eda una bolsa de oro. El Salm\u00f3n fue el \u00faltimo en llegar a \u00e9l; le dio una bolsa grande para que pusiera el oro y le dijo que la pusiera debajo de un \u00e1rbol cuando regresara y que no le dijera a nadie su secreto. Luego vino una gran tormenta de viento que los llev\u00f3 a todos por los aires y se detuvieron en un gran prado. El ej\u00e9rcito de hadas de Laigheann estaba en el prado y no pas\u00f3 mucho tiempo antes de que comenzaran el juego.<br \/>La luna estaba en el cielo, la noche era casi tan clara como el d\u00eda; corr\u00edan de aqu\u00ed para all\u00e1, tra, tra, tra, y hubo m\u00e1s de uno que se cay\u00f3 a consecuencia de un tropez\u00f3n en la pierna. Al final, las Hadas de Connacht reclamaron la victoria y ganaron el juego. Lleg\u00f3 una nueva tormenta de viento y fueron llevados de regreso a D\u00fbn-na-righ cerca de Lochr\u00ee. Entonces el Gran Salm\u00f3n le dijo a Domhnall:<\/p>\n\n<p>\u2013 Toma tu bolso y vete a casa, ahora tienes tanto como gastar\u00edas en ti, tu esposa y tu hija, pero no dejes escapar tu secreto, o lo perder\u00e1s todo. Adi\u00f3s.<\/p>\n\n<p>Domhnall fue a su casa y escondi\u00f3 la bolsa de oro debajo de una piedra grande en el piso de la casa antes de que N\u00f4irin o su esposa se levantaran y no supieron que hab\u00eda salido. Cuando se levantaron, les mostr\u00f3 su mano de oro llena y esto les caus\u00f3 gran alegr\u00eda; corrieron hacia \u00e9l y pens\u00f3 que lo asfixiar\u00edan a besos. Compr\u00f3 una gran extensi\u00f3n de tierra y construy\u00f3 una hermosa casa. Poco despu\u00e9s, N\u00f4irin se cas\u00f3 con un granjero rico.<\/p>\n\n<p>El Gran Salm\u00f3n est\u00e1 en el castillo bajo el lago y cualquiera puede verlo todos los d\u00edas desde Bealtaine (1 de mayo) nadando en la superficie del lago. Domhnall, su esposa y su hija permanecieron felices y pr\u00f3speros y tuvieron una larga vida, \u00a1y ese puede ser el destino de todos nosotros!<\/p>\n\t\t\t\t\t\t\t\t<\/div>\n\t\t\t\t<\/div>\n\t\t\t\t\t<\/div>\n\t\t<\/div>\n\t\t\t\t\t<\/div>\n\t\t<\/section>\n\t\t\t\t<\/div>","protected":false},"excerpt":{"rendered":"<p>Wiki Mitolog\u00eda Irlandesa Esta es la historia del Rey Salm\u00f3n. En los buenos viejos tiempos, hace mucho tiempo... <\/p>","protected":false},"author":1,"featured_media":0,"parent":439,"menu_order":0,"comment_status":"closed","ping_status":"closed","template":"","meta":{"footnotes":""},"class_list":["post-544","page","type-page","status-publish","hentry"],"amp_enabled":true,"_links":{"self":[{"href":"https:\/\/mythslegendes.com\/es\/wp-json\/wp\/v2\/pages\/544","targetHints":{"allow":["GET"]}}],"collection":[{"href":"https:\/\/mythslegendes.com\/es\/wp-json\/wp\/v2\/pages"}],"about":[{"href":"https:\/\/mythslegendes.com\/es\/wp-json\/wp\/v2\/types\/page"}],"author":[{"embeddable":true,"href":"https:\/\/mythslegendes.com\/es\/wp-json\/wp\/v2\/users\/1"}],"replies":[{"embeddable":true,"href":"https:\/\/mythslegendes.com\/es\/wp-json\/wp\/v2\/comments?post=544"}],"version-history":[{"count":1,"href":"https:\/\/mythslegendes.com\/es\/wp-json\/wp\/v2\/pages\/544\/revisions"}],"predecessor-version":[{"id":24541,"href":"https:\/\/mythslegendes.com\/es\/wp-json\/wp\/v2\/pages\/544\/revisions\/24541"}],"up":[{"embeddable":true,"href":"https:\/\/mythslegendes.com\/es\/wp-json\/wp\/v2\/pages\/439"}],"wp:attachment":[{"href":"https:\/\/mythslegendes.com\/es\/wp-json\/wp\/v2\/media?parent=544"}],"curies":[{"name":"wp","href":"https:\/\/api.w.org\/{rel}","templated":true}]}}