{"id":551,"date":"2020-06-12T15:32:05","date_gmt":"2020-06-12T14:32:05","guid":{"rendered":"https:\/\/mythslegendes.com\/?page_id=551"},"modified":"2022-12-03T22:06:55","modified_gmt":"2022-12-03T22:06:55","slug":"laigle-au-plumage-dor","status":"publish","type":"page","link":"https:\/\/mythslegendes.com\/es\/mitologia-irlandesa\/el-aguila-con-plumaje-dorado\/","title":{"rendered":"El \u00e1guila con plumaje dorado"},"content":{"rendered":"<div data-elementor-type=\"wp-page\" data-elementor-id=\"551\" class=\"elementor elementor-551\">\n\t\t\t\t\t\t<section class=\"elementor-section elementor-top-section elementor-element elementor-element-de83cba elementor-section-boxed elementor-section-height-default elementor-section-height-default\" data-id=\"de83cba\" data-element_type=\"section\" data-e-type=\"section\">\n\t\t\t\t\t\t<div class=\"elementor-container elementor-column-gap-default\">\n\t\t\t\t\t<div class=\"elementor-column elementor-col-50 elementor-top-column elementor-element elementor-element-60c68b5\" data-id=\"60c68b5\" data-element_type=\"column\" data-e-type=\"column\">\n\t\t\t<div class=\"elementor-widget-wrap elementor-element-populated\">\n\t\t\t\t\t\t<div class=\"elementor-element elementor-element-6241204 elementor-align-justify elementor-widget elementor-widget-button\" data-id=\"6241204\" data-element_type=\"widget\" data-e-type=\"widget\" data-widget_type=\"button.default\">\n\t\t\t\t<div class=\"elementor-widget-container\">\n\t\t\t\t\t\t\t\t\t<div class=\"elementor-button-wrapper\">\n\t\t\t\t\t<a class=\"elementor-button elementor-button-link elementor-size-sm\" href=\"https:\/\/mythslegendes.com\/es\/mitologia-irlandesa\/\">\n\t\t\t\t\t\t<span class=\"elementor-button-content-wrapper\">\n\t\t\t\t\t\t\t\t\t<span class=\"elementor-button-text\">Mitolog\u00eda irlandesa<\/span>\n\t\t\t\t\t<\/span>\n\t\t\t\t\t<\/a>\n\t\t\t\t<\/div>\n\t\t\t\t\t\t\t\t<\/div>\n\t\t\t\t<\/div>\n\t\t\t\t\t<\/div>\n\t\t<\/div>\n\t\t\t\t<div class=\"elementor-column elementor-col-50 elementor-top-column elementor-element elementor-element-ef031c1\" data-id=\"ef031c1\" data-element_type=\"column\" data-e-type=\"column\">\n\t\t\t<div class=\"elementor-widget-wrap elementor-element-populated\">\n\t\t\t\t\t\t<div class=\"elementor-element elementor-element-0cbe54c elementor-align-justify elementor-widget elementor-widget-button\" data-id=\"0cbe54c\" data-element_type=\"widget\" data-e-type=\"widget\" data-widget_type=\"button.default\">\n\t\t\t\t<div class=\"elementor-widget-container\">\n\t\t\t\t\t\t\t\t\t<div class=\"elementor-button-wrapper\">\n\t\t\t\t\t<a class=\"elementor-button elementor-button-link elementor-size-sm\" href=\"https:\/\/fr.wikipedia.org\/wiki\/Mythologie_celtique_irlandaise\" target=\"_blank\" rel=\"noopener\">\n\t\t\t\t\t\t<span class=\"elementor-button-content-wrapper\">\n\t\t\t\t\t\t\t\t\t<span class=\"elementor-button-text\">Wiki<\/span>\n\t\t\t\t\t<\/span>\n\t\t\t\t\t<\/a>\n\t\t\t\t<\/div>\n\t\t\t\t\t\t\t\t<\/div>\n\t\t\t\t<\/div>\n\t\t\t\t\t<\/div>\n\t\t<\/div>\n\t\t\t\t\t<\/div>\n\t\t<\/section>\n\t\t\t\t<section class=\"elementor-section elementor-top-section elementor-element elementor-element-8a8036d elementor-section-boxed elementor-section-height-default elementor-section-height-default\" data-id=\"8a8036d\" data-element_type=\"section\" data-e-type=\"section\">\n\t\t\t\t\t\t<div class=\"elementor-container elementor-column-gap-default\">\n\t\t\t\t\t<div class=\"elementor-column elementor-col-100 elementor-top-column elementor-element elementor-element-3321c101\" data-id=\"3321c101\" data-element_type=\"column\" data-e-type=\"column\">\n\t\t\t<div class=\"elementor-widget-wrap elementor-element-populated\">\n\t\t\t\t\t\t<div class=\"elementor-element elementor-element-20b1d84a elementor-widget elementor-widget-text-editor\" data-id=\"20b1d84a\" data-element_type=\"widget\" data-e-type=\"widget\" data-widget_type=\"text-editor.default\">\n\t\t\t\t<div class=\"elementor-widget-container\">\n\t\t\t\t\t\t\t\t\t\n<p>Esta es la historia del \u00e1guila del plumaje dorado. Hace mucho tiempo hab\u00eda un viejo rey que viv\u00eda en <a href=\"https:\/\/mythslegendes.com\/es\/mitologia-irlandesa\/\">Irlanda<\/a>.<br \/>Tuvo tres hijos que nacieron al mismo tiempo; los ten\u00eda en gran estima, pero no sab\u00eda cu\u00e1l de ellos heredar\u00eda el reino, ya que nacieron al mismo tiempo y \u00e9l ten\u00eda la misma estima por los tres.<\/p>\n<p><img decoding=\"async\" class=\"alignnone wp-image-5284 size-full\" src=\"https:\/\/mythslegendes.com\/wp-content\/uploads\/2020\/09\/AlphaOmega-e1602613368367.png\" alt=\"aigle au plumage d&#039;or\" width=\"25\" height=\"26\" title=\"\"><\/p>\n<div id=\"ez-toc-container\" class=\"ez-toc-v2_0_82_2 counter-hierarchy ez-toc-counter ez-toc-grey ez-toc-container-direction\">\n<div class=\"ez-toc-title-container\">\n<p class=\"ez-toc-title\" style=\"cursor:inherit\">Contenido<\/p>\n<span class=\"ez-toc-title-toggle\"><a href=\"#\" class=\"ez-toc-pull-right ez-toc-btn ez-toc-btn-xs ez-toc-btn-default ez-toc-toggle\" aria-label=\"Alternar tabla de contenidos\"><span class=\"ez-toc-js-icon-con\"><span class=\"\"><span class=\"eztoc-hide\" style=\"display:none;\">Palanca<\/span><span class=\"ez-toc-icon-toggle-span\"><svg style=\"fill: #999;color:#999\" xmlns=\"http:\/\/www.w3.org\/2000\/svg\" class=\"list-377408\" width=\"20px\" height=\"20px\" viewbox=\"0 0 24 24\" fill=\"none\"><path d=\"M6 6H4v2h2V6zm14 0H8v2h12V6zM4 11h2v2H4v-2zm16 0H8v2h12v-2zM4 16h2v2H4v-2zm16 0H8v2h12v-2z\" fill=\"currentColor\"><\/path><\/svg><svg style=\"fill: #999;color:#999\" class=\"arrow-unsorted-368013\" xmlns=\"http:\/\/www.w3.org\/2000\/svg\" width=\"10px\" height=\"10px\" viewbox=\"0 0 24 24\" version=\"1.2\" baseprofile=\"tiny\"><path d=\"M18.2 9.3l-6.2-6.3-6.2 6.3c-.2.2-.3.4-.3.7s.1.5.3.7c.2.2.4.3.7.3h11c.3 0 .5-.1.7-.3.2-.2.3-.5.3-.7s-.1-.5-.3-.7zM5.8 14.7l6.2 6.3 6.2-6.3c.2-.2.3-.5.3-.7s-.1-.5-.3-.7c-.2-.2-.4-.3-.7-.3h-11c-.3 0-.5.1-.7.3-.2.2-.3.5-.3.7s.1.5.3.7z\"\/><\/svg><\/span><\/span><\/span><\/a><\/span><\/div>\n<nav><ul class='ez-toc-list ez-toc-list-level-1' ><li class='ez-toc-page-1 ez-toc-heading-level-2'><a class=\"ez-toc-link ez-toc-heading-1\" href=\"https:\/\/mythslegendes.com\/es\/mitologia-irlandesa\/el-aguila-con-plumaje-dorado\/#Laigle-au-plumage-dor\" >El \u00e1guila con plumaje dorado<\/a><\/li><\/ul><\/nav><\/div>\n<h2><span class=\"ez-toc-section\" id=\"Laigle-au-plumage-dor\"><\/span>El \u00e1guila con plumaje dorado<span class=\"ez-toc-section-end\"><\/span><\/h2>\n<p>Hab\u00eda un manzano en el jard\u00edn del rey, y cada a\u00f1o el manzano ten\u00eda cuarenta manzanas, pero antes de que estuvieran medio maduras se las robaban; Un d\u00eda, una vez, el rey mand\u00f3 llamar a sus tres hijos y les dijo:<\/p>\n\n<p>\u2013 Mis hermosas manzanas me las roban todos los a\u00f1os, aunque tengo hombres que velan d\u00eda y noche debajo del \u00e1rbol, desde que caen las flores; ahora, si ustedes est\u00e1n de guardia, cualquiera que atrape al ladr\u00f3n tendr\u00e1 mi reino despu\u00e9s de m\u00ed.<\/p>\n\n<p>Aqu\u00ed est\u00e1n los nombres de los tres hijos: Aodh, Art y Niall. Aodh habl\u00f3 primero y dijo:<\/p>\n\n<p>\u201cVoy a vigilar esta noche, no es probable que el ladr\u00f3n venga durante el d\u00eda.<\/p>\n\n<p>\u2014Voy a hacer guardia ma\u00f1ana por la noche \u2014dijo Art\u2014.<\/p>\n\n<p>&quot;Y yo, la tercera noche&quot;, dijo Niall.<\/p>\n\n<p>Esa noche, poco antes del anochecer, Aodh fue a velar al jard\u00edn y llev\u00f3 consigo un arma, vino y comida; cerca de la medianoche, el sue\u00f1o se apoder\u00f3 de \u00e9l y tuvo que frotarse los ojos con fuerza para mantenerlos abiertos; un gran ruido reson\u00f3 en el cielo sobre su cabeza, como si miles de p\u00e1jaros lo cruzaran; un gran temor se apoder\u00f3 de \u00e9l, y cuando mir\u00f3 hacia arriba vio un gran p\u00e1jaro: sus ojos eran tan grandes como la luna y tan brillantes como el sol; cay\u00f3 sobre las manzanas y tom\u00f3 todas las manzanas que estaban de ese lado del \u00e1rbol; Aodh le dispar\u00f3, pero no solt\u00f3 una pluma.<br \/>Por la ma\u00f1ana, el rey sali\u00f3 y le pregunt\u00f3 a Aodh si hab\u00eda atrapado al ladr\u00f3n.<\/p>\n\n<p>\u201cNo lo atrap\u00e9, pero lo vi y le dispar\u00e9\u201d, dijo Aodh.<\/p>\n\n<p>&quot;No tendr\u00e1s mi reino&quot;, dijo el rey.<\/p>\n\n<p>Al d\u00eda siguiente, cuando oscureci\u00f3, Art tom\u00f3 sus armas, vino y comida y sali\u00f3 al jard\u00edn para hacer guardia durante la noche; se sent\u00f3 al pie del \u00e1rbol y se puso a reflexionar; cerca de la medianoche, escuch\u00f3 un ruido en el aire como si miles de p\u00e1jaros estuvieran volando sobre su cabeza; cuando mir\u00f3 hacia arriba, vio el gran p\u00e1jaro que ten\u00eda ojos tan grandes como la luna y tan brillantes como el sol; cay\u00f3 sobre el manzano y tom\u00f3 algunas de las manzanas; Art tir\u00f3 de \u00e9l, pero no solt\u00f3 una pluma.<br \/>Por la ma\u00f1ana, antes del sol, temprano, el rey se acerc\u00f3 a \u00e9l y le pregunt\u00f3 si hab\u00eda atrapado al ladr\u00f3n.<\/p>\n\n<p>\u201cNo te atrap\u00e9\u201d, dijo, \u201cpero creo que lo lastim\u00e9.<\/p>\n\n<p>&quot;No tendr\u00e1s mi reino&quot;, dijo el rey.<\/p>\n\n<p>La tercera noche Niall vino a quedarse con tus manzanas; alrededor de la medianoche, escuch\u00f3 el sonido del gran p\u00e1jaro que se acercaba; sus ojos eran tan grandes como la luna y tan brillantes como el sol; cuando cay\u00f3 sobre las manzanas, Niall le dispar\u00f3 y es seguro que lo hiri\u00f3, pues una nube de plumas cay\u00f3 al pie del \u00e1rbol; cuando mir\u00f3 las plumas a la luz del d\u00eda, descubri\u00f3 que eran de color amarillo dorado y que eran hermosas a la vista.<br \/>Por la ma\u00f1ana, antes del sol, de madrugada, vino el rey y pregunt\u00f3 si hab\u00eda cogido al ladr\u00f3n.<\/p>\n\n<p>\u2013 Je ne l&#039;ai pas attrap\u00e9, dit Niall, mais j&#039;ai tir\u00e9 sur lui, j&#039;en ai fait tomber beaucoup de plumes que voil\u00e0 sous l&#039;arbre et je suis s\u00fbr qu&#039;il n&#039;a pas emport\u00e9 une seule pomme con \u00e9l.<\/p>\n\n<p>El rey mir\u00f3 las plumas doradas; reflexion\u00f3 un rato para s\u00ed mismo, luego dijo:<\/p>\n\n<p>\u201cDebo conseguirme un p\u00e1jaro con plumaje dorado, o de lo contrario no vivir\u00e9 mucho, y quien me lo procure tendr\u00e1 mi reino y mis riquezas terrenales despu\u00e9s de m\u00ed.<\/p>\n\n<p>Ese d\u00eda, el rey mand\u00f3 llamar a un sabio consejero que ten\u00eda a su servicio, le mostr\u00f3 las plumas de oro y le pregunt\u00f3 en qu\u00e9 clase de ave crec\u00edan estas plumas; el consejero mir\u00f3 las plumas y dijo:<\/p>\n\n<p>\u2013 Estas plumas crecen en un p\u00e1jaro maravilloso cuyo igual no se encuentra en la tierra; tiene dos piedras preciosas para sus ojos y son m\u00e1s valiosas que tu reino, y le crecen plumas de oro todos los meses del a\u00f1o.<\/p>\n\n<p>\u2013 \u00bfY d\u00f3nde podemos encontrar esta ave, o d\u00f3nde vive? dijo el rey.<\/p>\n\n<p>\u2013 Vive en la ladera de una gran monta\u00f1a que est\u00e1 en <a href=\"https:\/\/mythslegendes.com\/es\/mitologia-iberica\/\">Espa\u00f1a<\/a>, tiene all\u00ed un hermoso castillo, y este p\u00e1jaro es la mujer m\u00e1s bella del mundo: es mujer de d\u00eda y \u00e1guila de plumaje dorado de noche.<\/p>\n\n<p>\u201cNo puedo vivir mucho tiempo\u201d, dijo el rey, \u201csi no lo consigo, y quien me lo traiga tendr\u00e1 mi reino y todas mis riquezas terrenales.<\/p>\n\n<p>Los tres hijos estaban all\u00ed escuch\u00e1ndolo y dijeron que perder\u00edan la vida o atrapar\u00edan al \u00e1guila con el plumaje dorado.<br \/>En la ma\u00f1ana del d\u00eda siguiente el rey dio una bolsa de oro y un buen caballo a cada hijo y fueron en busca del \u00e1guila de plumas de oro; cuando llegaron a una encrucijada, Niall dijo:<\/p>\n\n<p>Part\u00e1monos aqu\u00ed, y el primero que regrese sano y salvo har\u00e1 una cruz en esa gran piedra que est\u00e1 a un lado del camino.<\/p>\n\n<p>Dijeron que lo har\u00edan; los hermanos entonces se separaron y cada uno se fue por su lado. Ahora, vamos a seguir a los hermanos en el orden en que fueron a guardar las manzanas; era Aodh quien hab\u00eda ido a verlos la primera noche.<br \/>Se le adelant\u00f3 muy bien el primer d\u00eda, y cuando lleg\u00f3 la noche baj\u00f3 a una casita al borde de un bosque; cuando hubo saludado adentro, la anciana que estaba en la casa le dio la bienvenida y le dijo que iba a comer, beber y dinero sin dar oro ni plata; \u00e9l le dio las gracias y le dijo que ten\u00eda mucho oro y plata para pagar su viaje.<\/p>\n\n<p>- Lo s\u00e9, dijo la anciana, pero nunca he accedido a que me paguen por la hospitalidad que doy en las noches, y no la aceptar\u00e9 mientras viva, pero d\u00e9jame tres pelos de tu cola de caballo antes de irte. en la ma\u00f1ana.<\/p>\n\n<p>\u201cEn verdad, te los dejo, y cien cabellos si los quieres.<\/p>\n\n<p>Despu\u00e9s de alg\u00fan tiempo hab\u00eda comida, bebida y vino en la mesa delante del hijo del rey; \u00e9l comi\u00f3 y bebi\u00f3 hasta saciarse. La anciana volvi\u00f3 a poner la mesa contra la pared de la casa. Luego llev\u00f3 avena al caballo; ella se sent\u00f3 en la esquina y comenz\u00f3 a hablar con el hijo del rey.<\/p>\n\n<p>\u2013 \u00bfPodemos preguntarte hasta d\u00f3nde quieres llegar? ella dice.<\/p>\n\n<p>\u2013 S\u00ed, dijo \u00e9ste, voy a Espa\u00f1a en busca de cierta ave para mi padre, que no vivir\u00e1 si no la tiene, y si llega a procurarmela, el reino de mi padre y todo su las riquezas terrenales ser\u00e1n m\u00edas.<\/p>\n\n<p>\u2013 \u00bfQu\u00e9 tipo de ave es, o cu\u00e1l es su nombre? dijo la anciana.<\/p>\n\n<p>&quot;Es el \u00e1guila con plumaje dorado que estoy buscando&quot;, dijo el hijo del rey.<\/p>\n\n<p>&quot;En verdad, el mismo brib\u00f3n me ha traicionado mucho&quot;, dijo la anciana. Vino de noche y me quit\u00f3 a mi \u00fanico hijo, y s\u00f3lo puedo volver a tenerlo quitando tres cabellos de la cola de caballo de todos los que me piden hospitalidad para la noche, para que tenga tantos cabellos como hay. son plumas de oro en la cabeza del \u00e1guila, y no puedo arrancar m\u00e1s de tres pelos de un caballo. Puede que no sepas que esta ave es hembra de d\u00eda y \u00e1guila de noche; Est\u00e1 embrujado y este es mi consejo para ti, no te acerques a \u00e9l.<\/p>\n\n<p>&quot;Dije antes de salir de la casa que perder\u00eda la vida o la atrapar\u00eda, y no puedo regresar&quot;, dijo el hijo del rey.<\/p>\n\n<p>- Que sea como quieras, dijo ella, pero ven ahora que te ense\u00f1o tu cama.<\/p>\n\n<p>El hijo del rey entr\u00f3 en la habitaci\u00f3n y ella lo dej\u00f3 all\u00ed.<br \/>Por la ma\u00f1ana, temprano, Aodh se levant\u00f3, comi\u00f3 y bebi\u00f3 hasta saciarse, arranc\u00f3 tres pelos de la cola del caballo, se los entreg\u00f3 a la anciana y se fue a montar en su caballo.<br \/>La segunda noche se qued\u00f3 en otra casita que se parec\u00eda a la casa donde estuvo la noche anterior; cuando hubo saludado adentro, una anciana le dio la bienvenida y le dijo que tendr\u00eda comida, bebida y cama sin dar oro ni plata; \u00e9l le dio las gracias y dijo que ten\u00eda mucho oro y plata para pagar su viaje.<\/p>\n\n<p>- Lo s\u00e9, dijo la anciana, pero nunca he accedido a que me paguen por la hospitalidad que doy en las noches, y no la aceptar\u00e9 mientras viva, pero d\u00e9jame tres pelos de tu cola de caballo antes de irte. en la ma\u00f1ana.<\/p>\n\n<p>\u201cEn verdad, incluso te dejar\u00e9 cien cabellos\u201d, dijo Aodh.<\/p>\n\n<p>Despu\u00e9s de un rato hab\u00eda comida, bebida y vino en una mesa frente al hijo del rey; comi\u00f3 y bebi\u00f3 hasta saciarse, la anciana volvi\u00f3 a poner la mesa contra la pared de la casa, llev\u00f3 avena al caballo, se sent\u00f3 en un rinc\u00f3n y se puso a hablar con el hijo del rey. Ella le pregunt\u00f3 qu\u00e9 iba a buscar o hasta d\u00f3nde iba y le dijo exactamente como hab\u00eda dicho la otra anciana y que hab\u00eda venido el \u00e1guila con el plumaje de oro, y que le hab\u00eda robado a su \u00fanico hijo. , y que cuando parti\u00f3 al d\u00eda siguiente tuvo que darle tres pelos de la cola de su caballo.<br \/>A la tercera noche baj\u00f3 a casa de otra anciana ya ella le pas\u00f3 lo mismo que le hab\u00eda pasado las dos noches anteriores; tuvo que darle tres cabellos a la anciana, y, para acortar la historia, tuvo que dejar tres cabellos todos los d\u00edas, para que la cola de su caballo quedara tan pelada como la palma de su mano; y los t\u00e1banos se burlaban de ello, porque ya no ten\u00eda pelo en la cola para espantarlos, y la gente le dec\u00eda Ruball Lom (cola desnuda).<br \/>Cuando lleg\u00f3 a la orilla del mar, baj\u00f3 a una casa que estaba all\u00ed, pero vino de los piratas en la noche, mientras dorm\u00eda; lo ataron y lo llevaron a bordo de su nave; no lo desatar\u00e1n hasta que est\u00e9n en el mar; as\u00ed que lo hicieron trabajar duro, pero un d\u00eda los piratas pelearon con otro barco y desafortunadamente Aodh fue golpeado con un bate y encontrado muerto.<\/p>\n\n<p>Ahora no tenemos mucho que decir sobre Art, excepto que baj\u00f3 a las mismas casas y le sucedieron las mismas cosas que le sucedieron a Aodh, y fue solo un d\u00eda despu\u00e9s de que su hermano se quedara en las mismas casas hasta que \u00e9l lleg\u00f3. a la orilla del mar; se qued\u00f3 con el capit\u00e1n de un barco y le pag\u00f3 para que lo transportara a Espa\u00f1a. Temprano en la ma\u00f1ana fue al barco, desplegaron las velas y partieron para Espa\u00f1a, pero al tercer d\u00eda se levant\u00f3 una gran tormenta, el barco se hundi\u00f3 en el fondo del mar y todos se ahogaron.<\/p>\n\n<p>Ahora seguiremos a Niall. Cuando se separ\u00f3 de sus hermanos, no fue muy lejos sin encontrarse con una anciana toda marchita por la edad.<\/p>\n\n<p>\u201cDios te bendiga\u201d, dijo ella.<\/p>\n\n<p>&quot;Y t\u00fa tambi\u00e9n&quot;, dijo.<\/p>\n\n<p>\u2013 \u00bfTienes tiempo para consejos? ella dice.<\/p>\n\n<p>\u201cS\u00ed, por supuesto\u201d, dijo, \u201cy te lo agradecer\u00e9.<\/p>\n\n<p>\u2014Si ese es el caso \u2014dijo\u2014, no cortes un pelo de la cola de tu caballo hasta que vuelvas de Espa\u00f1a. Si te separas de ella, est\u00e1s perdido y no alcanzar\u00e1s al \u00e1guila de plumaje dorado.<\/p>\n\n<p>\u2013 Gracias por tu consejo, dijo, aqu\u00ed tienes una moneda de oro.<\/p>\n\n<p>\u201cTienes un coraz\u00f3n generoso\u201d, dijo la anciana, \u201cy si sigues mi consejo, tendr\u00e1s \u00e9xito. Sab\u00e9is que el \u00e1guila de plumaje dorado es una mujer embrujada: cuando llegu\u00e9is al castillo donde vive, sacad de vuestro bolsillo esta cajita de polvos que os doy ahora, y ech\u00e1dsela; mant\u00e9n la caja abierta, se har\u00e1 tan peque\u00f1o como un reyezuelo y saltar\u00e1 dentro de la caja, se la cerrar\u00e1 y volver\u00e1 a m\u00ed, pero si separas el pelo de tu caballo con la cola de un pelo, est\u00e1s perdido .<\/p>\n\n<p>Nada malo le pas\u00f3 a Niall hasta que lleg\u00f3 al castillo del \u00e1guila real en Espa\u00f1a. Durante tres d\u00edas no pudo entrar porque la puerta estaba cerrada, pero al anochecer del tercer d\u00eda sali\u00f3 el p\u00e1jaro en su carruaje dorado, y cuando pas\u00f3 por all\u00ed Niall se le acerc\u00f3 y le tir\u00f3 el polvo encima. lo toc\u00f3, se hizo peque\u00f1o como un reyezuelo y salt\u00f3 dentro de la caja; Niall salt\u00f3 sobre su caballo, pero el cochero lo agarr\u00f3 por la cola y no pudo ir; Escuch\u00f3 una voz susurrarle al o\u00eddo:<\/p>\n\n<p>\u2013 \u00a1Abrazo duro, carga ligera y cabalgando por los aires!<\/p>\n\n<p>\u201cDuro abrazo, carga ligera y cabalgando por el aire\u201d, dijo Niall.<\/p>\n\n<p>Y tan pronto como estas palabras salieron de su boca, el caballo se elev\u00f3 en el aire y cabalg\u00f3 hacia Irlanda, yendo tan r\u00e1pido como el viento de marzo, con el cochero agarrado a la cola y gritando tan alto como pod\u00eda. El caballo no tard\u00f3 en llegar sano y salvo al suelo al lugar donde se hab\u00edan encontrado Niall y la anciana: ella estaba all\u00ed frente a \u00e9l, y dijo:<\/p>\n\n<p>\u2013 Bienvenido de Espa\u00f1a, veo que tienes un sirviente contigo, hijo del rey.<\/p>\n\n<p>\u201cS\u00ed, gracias\u201d, dijo, y guard\u00e9 cuidadosamente el \u00e1guila emplumada dorada en la cajita.<\/p>\n\n<p>\u201cMu\u00e9stramelo\u201d, dijo la anciana, \u201chace mucho tiempo que no lo veo.<br \/>Niall abri\u00f3 la caja, pero en lugar de un pajarito, apareci\u00f3 la mujer m\u00e1s hermosa que jam\u00e1s hab\u00eda visto.<\/p>\n\n<p>- \u00a1Vaya! \u00a1T\u00fa, mi querida hija! dijo la anciana; me dejaste hace mucho tiempo; Nunca te hubiera visto sin el hijo de este rey y te entrego a \u00e9l si lo desea.<\/p>\n\n<p>\u201cEn verdad la prefiero al reino y las posesiones terrenales de mi padre, pero se la mostrar\u00eda a mi padre en forma de \u00e1guila con plumaje dorado, para que no dude que es ella quien es la.<\/p>\n\n<p>\u2014As\u00ed sea \u2014dijo la anciana\u2014, pero desde esta noche no est\u00e1 embrujada.<\/p>\n\n<p>-Tengo algo que decir -dijo la joven- \u00bfqu\u00e9 vas a hacer con mi cochero?<\/p>\n\n<p>\u201cLo que quieras\u201d, dijeron.<\/p>\n\n<p>\u201cEnv\u00edalo de vuelta a mi castillo\u201d, dijo, \u201ct\u00fa tienes el poder, madre.<\/p>\n\n<p>La anciana sac\u00f3 una vejiga, se la entreg\u00f3 al cochero y le dijo que la inflara, la agarrara con fuerza y que ella la llevar\u00eda al castillo; as\u00ed lo hizo, y cuando se hubo ido, la anciana dijo al hijo del rey:<\/p>\n\n<p>\u2013 Lleva a tu esposa a casa; todo lo que ten\u00eda que hacer est\u00e1 cumplido, ahora es el momento de irme a descansar; \u00a1despedirme de t\u00ed!<\/p>\n\n<p>Y ella se perdi\u00f3 de vista.<br \/>El rey caminaba frente a su castillo cuando vio venir a Niall y su esposa; corri\u00f3 hacia \u00e9l, le rode\u00f3 el cuello con ambas manos y lo bes\u00f3; no pod\u00eda hablar, estaba tan feliz, y comenz\u00f3 a derramar una lluvia de l\u00e1grimas:<\/p>\n\n<p>\u201cNovecientas mil bienvenidas a ti, hijo de mi coraz\u00f3n; cual esta contigo<\/p>\n\n<p>\u201cEs mi mujer, el \u00e1guila del plumaje dorado\u201d, dijo este \u00faltimo.<\/p>\n\n<p>El sabio consejero estaba presente y dijo:<\/p>\n\n<p>&quot;\u00a1Es ella de hecho, y ella es la hija de un rey!&quot;<\/p>\n\n<p>Esa noche, el rey la vio en forma de \u00e1guila con plumaje dorado y se alegr\u00f3 tanto que cay\u00f3 de espaldas, muerto por el ataque de risa que se hab\u00eda apoderado de \u00e9l. Niall y el \u00e1guila emplumada de oro ten\u00edan entonces el reino de su padre y las posesiones terrenales.<\/p>\n\t\t\t\t\t\t\t\t<\/div>\n\t\t\t\t<\/div>\n\t\t\t\t\t<\/div>\n\t\t<\/div>\n\t\t\t\t\t<\/div>\n\t\t<\/section>\n\t\t\t\t<\/div>","protected":false},"excerpt":{"rendered":"<p>Wiki de mitolog\u00eda irlandesa Aqu\u00ed est\u00e1 la historia del \u00e1guila de plumaje dorado. Hace mucho tiempo hubo un... <\/p>","protected":false},"author":1,"featured_media":0,"parent":439,"menu_order":0,"comment_status":"closed","ping_status":"closed","template":"","meta":{"footnotes":""},"class_list":["post-551","page","type-page","status-publish","hentry"],"amp_enabled":true,"_links":{"self":[{"href":"https:\/\/mythslegendes.com\/es\/wp-json\/wp\/v2\/pages\/551","targetHints":{"allow":["GET"]}}],"collection":[{"href":"https:\/\/mythslegendes.com\/es\/wp-json\/wp\/v2\/pages"}],"about":[{"href":"https:\/\/mythslegendes.com\/es\/wp-json\/wp\/v2\/types\/page"}],"author":[{"embeddable":true,"href":"https:\/\/mythslegendes.com\/es\/wp-json\/wp\/v2\/users\/1"}],"replies":[{"embeddable":true,"href":"https:\/\/mythslegendes.com\/es\/wp-json\/wp\/v2\/comments?post=551"}],"version-history":[{"count":1,"href":"https:\/\/mythslegendes.com\/es\/wp-json\/wp\/v2\/pages\/551\/revisions"}],"predecessor-version":[{"id":24543,"href":"https:\/\/mythslegendes.com\/es\/wp-json\/wp\/v2\/pages\/551\/revisions\/24543"}],"up":[{"embeddable":true,"href":"https:\/\/mythslegendes.com\/es\/wp-json\/wp\/v2\/pages\/439"}],"wp:attachment":[{"href":"https:\/\/mythslegendes.com\/es\/wp-json\/wp\/v2\/media?parent=551"}],"curies":[{"name":"wp","href":"https:\/\/api.w.org\/{rel}","templated":true}]}}