{"id":554,"date":"2020-06-12T15:33:15","date_gmt":"2020-06-12T14:33:15","guid":{"rendered":"https:\/\/mythslegendes.com\/?page_id=554"},"modified":"2022-12-03T22:06:55","modified_gmt":"2022-12-03T22:06:55","slug":"la-garde-des-pluviers-dores","status":"publish","type":"page","link":"https:\/\/mythslegendes.com\/es\/mitologia-irlandesa\/la-guardia-de-los-chorlitos-dorados\/","title":{"rendered":"Guardia de los chorlitos dorados"},"content":{"rendered":"<div data-elementor-type=\"wp-page\" data-elementor-id=\"554\" class=\"elementor elementor-554\">\n\t\t\t\t\t\t<section class=\"elementor-section elementor-top-section elementor-element elementor-element-a79c37e elementor-section-boxed elementor-section-height-default elementor-section-height-default\" data-id=\"a79c37e\" data-element_type=\"section\" data-e-type=\"section\">\n\t\t\t\t\t\t<div class=\"elementor-container elementor-column-gap-default\">\n\t\t\t\t\t<div class=\"elementor-column elementor-col-50 elementor-top-column elementor-element elementor-element-3fefd25\" data-id=\"3fefd25\" data-element_type=\"column\" data-e-type=\"column\">\n\t\t\t<div class=\"elementor-widget-wrap elementor-element-populated\">\n\t\t\t\t\t\t<div class=\"elementor-element elementor-element-ac2eead elementor-align-justify elementor-widget elementor-widget-button\" data-id=\"ac2eead\" data-element_type=\"widget\" data-e-type=\"widget\" data-widget_type=\"button.default\">\n\t\t\t\t<div class=\"elementor-widget-container\">\n\t\t\t\t\t\t\t\t\t<div class=\"elementor-button-wrapper\">\n\t\t\t\t\t<a class=\"elementor-button elementor-button-link elementor-size-sm\" href=\"https:\/\/mythslegendes.com\/es\/mitologia-irlandesa\/\">\n\t\t\t\t\t\t<span class=\"elementor-button-content-wrapper\">\n\t\t\t\t\t\t\t\t\t<span class=\"elementor-button-text\">Mitolog\u00eda irlandesa<\/span>\n\t\t\t\t\t<\/span>\n\t\t\t\t\t<\/a>\n\t\t\t\t<\/div>\n\t\t\t\t\t\t\t\t<\/div>\n\t\t\t\t<\/div>\n\t\t\t\t\t<\/div>\n\t\t<\/div>\n\t\t\t\t<div class=\"elementor-column elementor-col-50 elementor-top-column elementor-element elementor-element-15df81f\" data-id=\"15df81f\" data-element_type=\"column\" data-e-type=\"column\">\n\t\t\t<div class=\"elementor-widget-wrap elementor-element-populated\">\n\t\t\t\t\t\t<div class=\"elementor-element elementor-element-4600ace elementor-align-justify elementor-widget elementor-widget-button\" data-id=\"4600ace\" data-element_type=\"widget\" data-e-type=\"widget\" data-widget_type=\"button.default\">\n\t\t\t\t<div class=\"elementor-widget-container\">\n\t\t\t\t\t\t\t\t\t<div class=\"elementor-button-wrapper\">\n\t\t\t\t\t<a class=\"elementor-button elementor-button-link elementor-size-sm\" href=\"https:\/\/fr.wikipedia.org\/wiki\/Mythologie_celtique_irlandaise\" target=\"_blank\" rel=\"noopener\">\n\t\t\t\t\t\t<span class=\"elementor-button-content-wrapper\">\n\t\t\t\t\t\t\t\t\t<span class=\"elementor-button-text\">Wiki<\/span>\n\t\t\t\t\t<\/span>\n\t\t\t\t\t<\/a>\n\t\t\t\t<\/div>\n\t\t\t\t\t\t\t\t<\/div>\n\t\t\t\t<\/div>\n\t\t\t\t\t<\/div>\n\t\t<\/div>\n\t\t\t\t\t<\/div>\n\t\t<\/section>\n\t\t\t\t<section class=\"elementor-section elementor-top-section elementor-element elementor-element-25371722 elementor-section-boxed elementor-section-height-default elementor-section-height-default\" data-id=\"25371722\" data-element_type=\"section\" data-e-type=\"section\">\n\t\t\t\t\t\t<div class=\"elementor-container elementor-column-gap-default\">\n\t\t\t\t\t<div class=\"elementor-column elementor-col-100 elementor-top-column elementor-element elementor-element-9ab63c\" data-id=\"9ab63c\" data-element_type=\"column\" data-e-type=\"column\">\n\t\t\t<div class=\"elementor-widget-wrap elementor-element-populated\">\n\t\t\t\t\t\t<div class=\"elementor-element elementor-element-4502f070 elementor-widget elementor-widget-text-editor\" data-id=\"4502f070\" data-element_type=\"widget\" data-e-type=\"widget\" data-widget_type=\"text-editor.default\">\n\t\t\t\t<div class=\"elementor-widget-container\">\n\t\t\t\t\t\t\t\t\t\n<p>Esta es la historia de la guardia del chorlito dorado. Hab\u00eda una mujer que ten\u00eda tres hijos: el primer hijo dijo que hab\u00eda estado en casa el tiempo suficiente y que era hora de buscar fortuna.<\/p>\n<p><img decoding=\"async\" class=\"alignnone wp-image-5284 size-full\" src=\"https:\/\/mythslegendes.com\/wp-content\/uploads\/2020\/09\/AlphaOmega-e1602613368367.png\" alt=\"guardia de chorlitos dorados\" width=\"25\" height=\"26\" title=\"\"><\/p>\n<div id=\"ez-toc-container\" class=\"ez-toc-v2_0_82_2 counter-hierarchy ez-toc-counter ez-toc-grey ez-toc-container-direction\">\n<div class=\"ez-toc-title-container\">\n<p class=\"ez-toc-title\" style=\"cursor:inherit\">Contenido<\/p>\n<span class=\"ez-toc-title-toggle\"><a href=\"#\" class=\"ez-toc-pull-right ez-toc-btn ez-toc-btn-xs ez-toc-btn-default ez-toc-toggle\" aria-label=\"Alternar tabla de contenidos\"><span class=\"ez-toc-js-icon-con\"><span class=\"\"><span class=\"eztoc-hide\" style=\"display:none;\">Palanca<\/span><span class=\"ez-toc-icon-toggle-span\"><svg style=\"fill: #999;color:#999\" xmlns=\"http:\/\/www.w3.org\/2000\/svg\" class=\"list-377408\" width=\"20px\" height=\"20px\" viewbox=\"0 0 24 24\" fill=\"none\"><path d=\"M6 6H4v2h2V6zm14 0H8v2h12V6zM4 11h2v2H4v-2zm16 0H8v2h12v-2zM4 16h2v2H4v-2zm16 0H8v2h12v-2z\" fill=\"currentColor\"><\/path><\/svg><svg style=\"fill: #999;color:#999\" class=\"arrow-unsorted-368013\" xmlns=\"http:\/\/www.w3.org\/2000\/svg\" width=\"10px\" height=\"10px\" viewbox=\"0 0 24 24\" version=\"1.2\" baseprofile=\"tiny\"><path d=\"M18.2 9.3l-6.2-6.3-6.2 6.3c-.2.2-.3.4-.3.7s.1.5.3.7c.2.2.4.3.7.3h11c.3 0 .5-.1.7-.3.2-.2.3-.5.3-.7s-.1-.5-.3-.7zM5.8 14.7l6.2 6.3 6.2-6.3c.2-.2.3-.5.3-.7s-.1-.5-.3-.7c-.2-.2-.4-.3-.7-.3h-11c-.3 0-.5.1-.7.3-.2.2-.3.5-.3.7s.1.5.3.7z\"\/><\/svg><\/span><\/span><\/span><\/a><\/span><\/div>\n<nav><ul class='ez-toc-list ez-toc-list-level-1' ><li class='ez-toc-page-1 ez-toc-heading-level-2'><a class=\"ez-toc-link ez-toc-heading-1\" href=\"https:\/\/mythslegendes.com\/es\/mitologia-irlandesa\/la-guardia-de-los-chorlitos-dorados\/#La-garde-des-Pluviers-dores\" >Guardia de los chorlitos dorados<\/a><\/li><\/ul><\/nav><\/div>\n<h2><span class=\"ez-toc-section\" id=\"La-garde-des-Pluviers-dores\"><\/span>Guardia de los chorlitos dorados<span class=\"ez-toc-section-end\"><\/span><\/h2>\n\n<p>\u2013 Muy bien, dijo la madre, muy bien, hijo m\u00edo, dijo, puedes partir ma\u00f1ana por la ma\u00f1ana.<\/p>\n\n<p>Al d\u00eda siguiente, la madre hizo un pastel, y cuando estaba listo para partir, le dijo:<\/p>\n\n<p>\u2013 \u00bfCu\u00e1l de los dos prefieres, hijo m\u00edo, dijo ella, la mitad peque\u00f1a con mi bendici\u00f3n, o la mitad grande y mi maldici\u00f3n?<\/p>\n\n<p>\u201cBueno\u201d, dijo, \u201cprefiero la mitad m\u00e1s grande, lo que me des con ella.<\/p>\n\n<p>Entonces ella le dio la mitad grande, \u00e9l la meti\u00f3 en su bolso y se fue; ella se qued\u00f3 en su puerta maldici\u00e9ndolo hasta que se perdi\u00f3 de vista.<br \/>Continu\u00f3 hasta que estuvo cansado, y cuando lleg\u00f3 la mitad del d\u00eda lleg\u00f3 al borde de un bosque; hab\u00eda un campo en barbecho al borde del bosque y una fuente al pie de un \u00e1rbol en una esquina.<\/p>\n\n<p>\u2013 Est\u00e1 bien, se dijo a s\u00ed mismo, me voy a sentar aqu\u00ed junto a la fuente a comer algo ya que estoy cansado y hambriento.<\/p>\n\n<p>Se sent\u00f3 junto a la fuente, y cuando mir\u00f3 dentro de ella, vio que la parte superior era miel y la parte inferior sangre; sac\u00f3 su pastel y comenz\u00f3 a comer, cuando un perrito se acerc\u00f3 al oeste de \u00e9l y le pidi\u00f3 una porci\u00f3n de su pastel.<\/p>\n\n<p>\u201cEn verdad, no te dar\u00e9 un pedazo grande o peque\u00f1o\u201d, se dijo a s\u00ed mismo.<\/p>\n\n<p>El perrito se fue; meti\u00f3 su cola en la fuente de modo que la parte superior se convirti\u00f3 en sangre y la parte inferior en miel.<\/p>\n\n<p>\u201cHubieras hecho mejor\u201d, dijo, \u201cen darme la pieza que te ped\u00ed.<\/p>\n\n<p>El hijo entonces fue delante de \u00e9l, por el mundo, en busca de fortuna, y lleg\u00f3 a una casa grande donde viv\u00eda un granjero.<\/p>\n\n<p>- Qu\u00e9 buscas ? dijo el granjero.<\/p>\n\n<p>\u201cEstoy tratando de ponerme en servicio\u201d, dijo.<\/p>\n\n<p>\u2013 \u00bfEres un buen jornalero?<\/p>\n\n<p>\u201cBastante bien\u201d, dijo este \u00faltimo, \u201char\u00e9 lo mejor que pueda.<\/p>\n\n<p>\u2013 Muy bien, dijo el due\u00f1o de la casa, he aqu\u00ed el trato que voy a hacer contigo, si no eres capaz de hacer el trabajo que te dar\u00e9, te cortar\u00e9 la cabeza.<\/p>\n\n<p>Hicieron el trato juntos; luego cen\u00f3 bien, se acost\u00f3 y se acost\u00f3.<br \/>En la ma\u00f1ana del d\u00eda siguiente se levant\u00f3 y cuando hubo desayunado el granjero lo llev\u00f3 afuera al establo que era de su propiedad, abri\u00f3 la puerta y \u00bfqu\u00e9 vio salir? Doce chorlitos dorados.<\/p>\n\n<p>\u201cAqu\u00ed est\u00e1 el trabajo que les doy\u201d, dijo, \u201cpara que los apacenten todo el d\u00eda y los traigan a casa por la noche.<\/p>\n\n<p>Entonces lo dej\u00f3.<\/p>\n\n<p>\u201cFe\u201d, dijo el ni\u00f1o, \u201caqu\u00ed hay un trabajo que no puedo hacer y estoy perdido\u201d, dijo.<\/p>\n\n<p>Los chorlitejos se fueron, \u00e9l fue tras ellos, pero pronto se perdieron de vista y mi pobre hombre se cans\u00f3 de buscarlos; tuvo que volver a casa sin ellos por la noche, y le cortaron la cabeza.<br \/>Ahora, al a\u00f1o siguiente, el segundo hijo, dijo que ir\u00eda a buscar fortuna. La madre le horne\u00f3 un pastel y le pregunt\u00f3 cu\u00e1l de los dos prefer\u00eda, la mitad peque\u00f1a con su bendici\u00f3n o la mitad grande con su maldici\u00f3n.<\/p>\n\n<p>- \u00a1Oh! dame la mitad grande, dijo, cualquier cosa, bendici\u00f3n o maldici\u00f3n que me des con ella.<\/p>\n\n<p>Luego se fue y la madre se qued\u00f3 maldici\u00e9ndolo hasta que lo perdi\u00f3 de vista.<br \/>Cuando lleg\u00f3 a la fuente, la parte superior de la cual era miel y la parte inferior sangre, el perrito se acerc\u00f3 y le pidi\u00f3 un pedazo de su pastel; no lo consigui\u00f3 y meti\u00f3 la cola en la fuente de modo que la parte de arriba se convirti\u00f3 en sangre y la de abajo en miel. Fue antes que \u00e9l, pues, a la casa del mismo labrador donde hab\u00eda estado su hermano; el due\u00f1o de la casa hizo lo mismo con \u00e9l y como no pod\u00eda quedarse con los chorlitejos, le cortaron la cabeza.<br \/>As\u00ed que al a\u00f1o siguiente, el joven hijo le dijo a la madre:<\/p>\n\n<p>\u201cEs hora de que yo, madre m\u00eda\u201d, dijo, \u201csalga ahora a buscar fortuna.<\/p>\n\n<p>- Puedes, hijo m\u00edo, dijo ella, espera hasta ma\u00f1ana por la ma\u00f1ana, y luego puedes irte, dijo.<\/p>\n\n<p>Por la ma\u00f1ana, al d\u00eda siguiente, hizo un pastel y le pregunt\u00f3:<\/p>\n\n<p>\u2013 \u00bfCu\u00e1l de los dos prefieres, la mitad grande y mi maldici\u00f3n o la mitad peque\u00f1a y mi bendici\u00f3n?<\/p>\n\n<p>\u2013 Prefiero, dijo este \u00faltimo, la mitad peque\u00f1a y tu bendici\u00f3n.<\/p>\n\n<p>&quot;Lo tendr\u00e1s, hijo m\u00edo&quot;, dijo.<\/p>\n\n<p>Entonces \u00e9l parti\u00f3 y ella se qued\u00f3 para darle su bendici\u00f3n hasta que se perdi\u00f3 de vista; luego camin\u00f3 hasta que lleg\u00f3 el mediod\u00eda y lleg\u00f3 a la fuente donde la parte superior era miel y la parte inferior era sangre. As\u00ed que se sent\u00f3 y sac\u00f3 su pastel; el perrito se acerc\u00f3 al oeste de \u00e9l y le pidi\u00f3 una gota para beber y un bocado para comer.<\/p>\n\n<p>- Oh, no es una gota ni un pedazo lo que te dar\u00e9, dijo \u00e9ste, pero ven aqu\u00ed hacia m\u00ed y come tu parte como yo mismo, compartir\u00e9 contigo todo lo que tengo.<\/p>\n\n<p>\u201cTienes un buen coraz\u00f3n\u201d, dijo el perrito, \u201cy eso es bueno para ti.<\/p>\n\n<p>Luego comieron y bebieron juntos hasta quedar satisfechos.<br \/>Cuando se levant\u00f3 para partir, el perrito le dijo:<\/p>\n\n<p>\u2013 Vas a buscar tu fortuna como lo hicieron tus dos hermanos antes que t\u00fa; vas a ir a una casa grande y el due\u00f1o de la casa te preguntar\u00e1 si quieres entrar a su servicio; tus dos hermanos estaban en esta casa antes que t\u00fa, y como no pod\u00edan hacer su trabajo, les cortaron la cabeza; Esta es la obra que el due\u00f1o de la casa os dar\u00e1 para que hag\u00e1is: que guard\u00e9is doce chorlitos, y que los llev\u00e9is a casa con vosotros por la tarde. No podr\u00edas hacer esto sin ayuda; aqu\u00ed hay una peque\u00f1a flauta para ti. Respira en \u00e9l y los chorlitos vendr\u00e1n a ti, pero por tu alma no te separes de \u00e9l o te perder\u00e1s.<\/p>\n\n<p>El perro luego se fue.<br \/>El muchacho se puso en camino, anduvo y anduvo largo rato hasta llegar a la altura de la casa grande; sali\u00f3 el due\u00f1o de la casa y le pregunt\u00f3 qu\u00e9 buscaba.<\/p>\n\n<p>&quot;Estoy buscando trabajo&quot;, dijo este \u00faltimo.<\/p>\n\n<p>- \u00bfQu\u00e9 puedes hacer?<\/p>\n\n<p>\u201cToda la obra que me encomend\u00e9is, har\u00e9 todo lo posible para ejecutarla\u201d, dijo este \u00faltimo.<\/p>\n\n<p>\u201cAqu\u00ed est\u00e1 el trato que voy a hacer contigo\u201d, dijo el due\u00f1o de la casa; si no puedes hacer el trabajo que te voy a dar, te cortar\u00e9 la cabeza.<\/p>\n\n<p>\u2013 Y si soy capaz de hacerlo, dijo el ni\u00f1o, \u00bfme dar\u00e1s permiso para cortarte la cabeza?<\/p>\n\n<p>\u201cCiertamente no te lo dar\u00e9\u201d, dijo este \u00faltimo, \u201cpero te dar\u00e9 un buen salario por tu trabajo.<br \/>Hicieron un trato y se arreglaron juntos de esta manera; el muchacho encontr\u00f3 una cena y una buena cama y se acost\u00f3.<br \/>En la ma\u00f1ana del d\u00eda siguiente, cuando hubo desayunado, el granjero lo condujo al establo, abri\u00f3 la puerta, los doce chorlitos salieron al instante y all\u00ed estaban en el aire.<\/p>\n\n<p>&#039;Aqu\u00ed est\u00e1 el trabajo que tienes que hacer hoy, es mantener a los chorlitos&#039;, dijo el granjero, &#039;y deja que todos regresen contigo esta noche, o te cortar\u00e9 la cabeza.<\/p>\n\n<p>Cuando se perdi\u00f3 de vista, el ni\u00f1o sac\u00f3 su peque\u00f1a flauta, la sopl\u00f3 y todos los chorlitos lo rodearon.<\/p>\n\n<p>\u201cNo te alejes demasiado de m\u00ed ahora\u201d, dijo.<\/p>\n\n<p>Un sirviente vino a traerle la cena; cuando hubo comido y el criado se hubo ido, toc\u00f3 su flauta y los chorlitos lo rodearon.<\/p>\n\n<p>\u201cNo te alejes demasiado de m\u00ed\u201d, dijo.<\/p>\n\n<p>Cuando estaba a punto de partir por la noche, volvi\u00f3 a tocar su flauta y los reuni\u00f3 a todos, y cuando los labradores y la gente de la casa lo vieron venir, se asombraron mucho en el mundo de que los doce chorlitos estaban con \u00e9l.<\/p>\n\n<p>&quot;Veo que has hecho tu trabajo esta vez&quot;, le dijo el granjero.<\/p>\n\n<p>- Oh, s\u00ed, no es doloroso, dice nuestro hombre.<\/p>\n\n<p>Esa noche cen\u00f3 y se fue a la cama. El granjero y su esposa se sorprendieron mucho de que hubiera podido traer a los chorlitos a casa con \u00e9l, y se aconsejaron juntos durante toda la noche para averiguar qu\u00e9 har\u00edan para averiguar qu\u00e9 tipo de cosa ten\u00eda para acorralar a los chorlitos. .<br \/>Al d\u00eda siguiente, mientras atend\u00eda a los chorlitos hacia el mediod\u00eda, enviaron a su hija peque\u00f1a a traerle la cena; mientras com\u00eda ella convers\u00f3 con \u00e9l y le pregunt\u00f3 c\u00f3mo pod\u00eda reunir a los chorlitos salvajes.<\/p>\n\n<p>-Con esta flauta -dijo este \u00faltimo, sac\u00e1ndola-, espera un poco hasta que haya comido mi cena y te mostrar\u00e9 c\u00f3mo vendr\u00e1n cuando la haya soplado.<\/p>\n\n<p>Cuando hubo cenado, toc\u00f3 la flauta y los chorlitos lo rodearon.<\/p>\n\n<p>\u201cLos recojo dos veces al d\u00eda\u201d, dijo, \u201ca la mitad del d\u00eda, para que no se alejen demasiado de m\u00ed, y una segunda vez cuando llego a casa por la noche.<\/p>\n\n<p>La ni\u00f1a volvi\u00f3 a su casa y les dijo que el ni\u00f1o ten\u00eda una flauta peque\u00f1a, y con ella recogi\u00f3 los chorlitos.<\/p>\n\n<p>&quot;Tendremos que conseguirlo&quot;, dijo este \u00faltimo.<\/p>\n\n<p>Cuando lleg\u00f3 a casa esa noche, el maestro le dijo que le gustar\u00eda comprar la flauta que ten\u00eda y que su esposa podr\u00eda ir a ver los chorlitos y \u00e9l no tendr\u00eda nada que hacer.<\/p>\n\n<p>- Oh ! dijo este, no quiero separarme de \u00e9l.<\/p>\n\n<p>Entonces la mujer dijo que ir\u00eda ella misma y se lo comprar\u00eda; era una mujer muy hermosa; ella fue a \u00e9l al d\u00eda siguiente con su cena, y le dijo que hab\u00eda o\u00eddo a su hija decir que \u00e9l ten\u00eda una flauta que juntaba chorlitos.<\/p>\n\n<p>&quot;S\u00ed&quot;, dijo.<\/p>\n\n<p>&quot;\u00bfNo me lo mostrar\u00e1s?&quot; ella dice.<\/p>\n\n<p>Lo sac\u00f3 y se lo mostr\u00f3.<\/p>\n\n<p>&quot;\u00bfNo me lo vender\u00e1s?&quot; ella dice.<\/p>\n\n<p>\u2013 En verdad, no est\u00e1 en venta, dijo este \u00faltimo, pero \u00bfqu\u00e9 me dar\u00edas por ella?<\/p>\n\n<p>- Te doy cinco <a href=\"https:\/\/mythslegendes.com\/es\/bibliotecas-de-libros\/\">libros<\/a>, ella dice.<\/p>\n\n<p>&quot;No te lo dar\u00e9&quot;, dijo.<\/p>\n\n<p>&quot;Te dar\u00e9 diez libras&quot;, dijo.<\/p>\n\n<p>&quot;No te lo dar\u00e9&quot;, dijo.<\/p>\n\n<p>&quot;Te dar\u00e9 cincuenta libras&quot;, dijo.<\/p>\n\n<p>&quot;No te lo dar\u00e9&quot;, dijo.<\/p>\n\n<p>Ella se fue a casa, y \u00e9l reuni\u00f3 algunos chorlitos y los llev\u00f3 a casa con \u00e9l esa noche.<br \/>Al d\u00eda siguiente ella vino a \u00e9l con la cena y le prometi\u00f3 cien libras por la flauta.<\/p>\n\n<p>\u201cMi flauta no est\u00e1 a la venta en absoluto\u201d, dijo.<\/p>\n\n<p>El hombre se enoj\u00f3 cuando la mujer lleg\u00f3 a casa sin la flauta.<br \/>Al d\u00eda siguiente fue a buscarlo de nuevo con la cena.<\/p>\n\n<p>\u201cTe dir\u00e9\u201d, dijo, \u201cel trato que voy a hacer contigo; Te dar\u00e9 doscientas libras por tu flauta y algo m\u00e1s.<\/p>\n\n<p>- \u00bfY qu\u00e9 habr\u00e1 en la cima del mercado? \u00e9l dijo.<\/p>\n\n<p>\u201cPermiso para besarme durante media hora\u201d, dijo.<\/p>\n\n<p>\u201cPrimero tienes que darme lo que est\u00e1 m\u00e1s all\u00e1 del trato\u201d, dijo.<\/p>\n\n<p>Obtuvo lo que pidi\u00f3.<\/p>\n\n<p>\u201cAhora\u201d, dijo, \u201cdame la flauta.<\/p>\n\n<p>- En verdad no te lo voy a dar, dijo, no hay peligro de que te lo d\u00e9, ya te dije que no estaba en venta.<\/p>\n\n<p>Tuvo que irse a casa as\u00ed sin flauta; ella se enoj\u00f3 mucho y le dijo a su esposo:<\/p>\n\n<p>\u201cEl miserable que vino aqu\u00ed\u201d, dijo, \u201cno puedo quedarme con \u00e9l por m\u00e1s tiempo; s\u00e1quenlo de aqu\u00ed todos juntos, \u00e9l y su flauta, y no los tendr\u00e9 m\u00e1s delante de m\u00ed.<\/p>\n\n<p>Cuando el ni\u00f1o lleg\u00f3 a casa esa noche con sus chorlitos, el amo le dijo que ya no necesitaba un jornalero.<\/p>\n\n<p>&quot;Vete&quot;, dijo.<\/p>\n\n<p>\u201cHice el trabajo que me diste que hiciera, y lo hice bien\u201d, dijo el ni\u00f1o, \u201cy me prometiste un buen salario por mi trabajo; Tendr\u00e1s que darme dos bolsas llenas de oro y pon\u00e9rselas a esta vieja yegua aqu\u00ed.<\/p>\n\n<p>\u00c9l la rechaz\u00f3, pero al final, mientras aguantaba, le dio una bolsa de oro; el ni\u00f1o luego se fue, fue a su casa a buscar a su madre y desde ese d\u00eda fue rico.<\/p>\n\t\t\t\t\t\t\t\t<\/div>\n\t\t\t\t<\/div>\n\t\t\t\t\t<\/div>\n\t\t<\/div>\n\t\t\t\t\t<\/div>\n\t\t<\/section>\n\t\t\t\t<\/div>","protected":false},"excerpt":{"rendered":"<p>Wiki de mitolog\u00eda irlandesa Aqu\u00ed est\u00e1 la historia de la guardia del chorlito dorado. Hab\u00eda una mujer que ten\u00eda tres hijos... <\/p>","protected":false},"author":1,"featured_media":0,"parent":439,"menu_order":0,"comment_status":"closed","ping_status":"closed","template":"","meta":{"footnotes":""},"class_list":["post-554","page","type-page","status-publish","hentry"],"amp_enabled":true,"_links":{"self":[{"href":"https:\/\/mythslegendes.com\/es\/wp-json\/wp\/v2\/pages\/554","targetHints":{"allow":["GET"]}}],"collection":[{"href":"https:\/\/mythslegendes.com\/es\/wp-json\/wp\/v2\/pages"}],"about":[{"href":"https:\/\/mythslegendes.com\/es\/wp-json\/wp\/v2\/types\/page"}],"author":[{"embeddable":true,"href":"https:\/\/mythslegendes.com\/es\/wp-json\/wp\/v2\/users\/1"}],"replies":[{"embeddable":true,"href":"https:\/\/mythslegendes.com\/es\/wp-json\/wp\/v2\/comments?post=554"}],"version-history":[{"count":1,"href":"https:\/\/mythslegendes.com\/es\/wp-json\/wp\/v2\/pages\/554\/revisions"}],"predecessor-version":[{"id":24544,"href":"https:\/\/mythslegendes.com\/es\/wp-json\/wp\/v2\/pages\/554\/revisions\/24544"}],"up":[{"embeddable":true,"href":"https:\/\/mythslegendes.com\/es\/wp-json\/wp\/v2\/pages\/439"}],"wp:attachment":[{"href":"https:\/\/mythslegendes.com\/es\/wp-json\/wp\/v2\/media?parent=554"}],"curies":[{"name":"wp","href":"https:\/\/api.w.org\/{rel}","templated":true}]}}