{"id":561,"date":"2020-06-12T15:34:51","date_gmt":"2020-06-12T14:34:51","guid":{"rendered":"https:\/\/mythslegendes.com\/?page_id=561"},"modified":"2022-12-03T22:06:55","modified_gmt":"2022-12-03T22:06:55","slug":"le-lutin-noir-et-le-geant-rouge","status":"publish","type":"page","link":"https:\/\/mythslegendes.com\/es\/mitologia-irlandesa\/el-duende-negro-y-el-gigante-rojo\/","title":{"rendered":"El duendecillo negro y el gigante rojo"},"content":{"rendered":"<div data-elementor-type=\"wp-page\" data-elementor-id=\"561\" class=\"elementor elementor-561\">\n\t\t\t\t\t\t<section class=\"elementor-section elementor-top-section elementor-element elementor-element-799a197 elementor-section-boxed elementor-section-height-default elementor-section-height-default\" data-id=\"799a197\" data-element_type=\"section\" data-e-type=\"section\">\n\t\t\t\t\t\t<div class=\"elementor-container elementor-column-gap-default\">\n\t\t\t\t\t<div class=\"elementor-column elementor-col-50 elementor-top-column elementor-element elementor-element-b034106\" data-id=\"b034106\" data-element_type=\"column\" data-e-type=\"column\">\n\t\t\t<div class=\"elementor-widget-wrap elementor-element-populated\">\n\t\t\t\t\t\t<div class=\"elementor-element elementor-element-8a80057 elementor-align-justify elementor-widget elementor-widget-button\" data-id=\"8a80057\" data-element_type=\"widget\" data-e-type=\"widget\" data-widget_type=\"button.default\">\n\t\t\t\t<div class=\"elementor-widget-container\">\n\t\t\t\t\t\t\t\t\t<div class=\"elementor-button-wrapper\">\n\t\t\t\t\t<a class=\"elementor-button elementor-button-link elementor-size-sm\" href=\"https:\/\/mythslegendes.com\/es\/mitologia-irlandesa\/\">\n\t\t\t\t\t\t<span class=\"elementor-button-content-wrapper\">\n\t\t\t\t\t\t\t\t\t<span class=\"elementor-button-text\">Mitolog\u00eda irlandesa<\/span>\n\t\t\t\t\t<\/span>\n\t\t\t\t\t<\/a>\n\t\t\t\t<\/div>\n\t\t\t\t\t\t\t\t<\/div>\n\t\t\t\t<\/div>\n\t\t\t\t\t<\/div>\n\t\t<\/div>\n\t\t\t\t<div class=\"elementor-column elementor-col-50 elementor-top-column elementor-element elementor-element-6674fb7\" data-id=\"6674fb7\" data-element_type=\"column\" data-e-type=\"column\">\n\t\t\t<div class=\"elementor-widget-wrap elementor-element-populated\">\n\t\t\t\t\t\t<div class=\"elementor-element elementor-element-a6fab54 elementor-align-justify elementor-widget elementor-widget-button\" data-id=\"a6fab54\" data-element_type=\"widget\" data-e-type=\"widget\" data-widget_type=\"button.default\">\n\t\t\t\t<div class=\"elementor-widget-container\">\n\t\t\t\t\t\t\t\t\t<div class=\"elementor-button-wrapper\">\n\t\t\t\t\t<a class=\"elementor-button elementor-button-link elementor-size-sm\" href=\"https:\/\/fr.wikipedia.org\/wiki\/Mythologie_celtique_irlandaise\" target=\"_blank\" rel=\"noopener\">\n\t\t\t\t\t\t<span class=\"elementor-button-content-wrapper\">\n\t\t\t\t\t\t\t\t\t<span class=\"elementor-button-text\">Wiki<\/span>\n\t\t\t\t\t<\/span>\n\t\t\t\t\t<\/a>\n\t\t\t\t<\/div>\n\t\t\t\t\t\t\t\t<\/div>\n\t\t\t\t<\/div>\n\t\t\t\t\t<\/div>\n\t\t<\/div>\n\t\t\t\t\t<\/div>\n\t\t<\/section>\n\t\t\t\t<section class=\"elementor-section elementor-top-section elementor-element elementor-element-592e65d6 elementor-section-boxed elementor-section-height-default elementor-section-height-default\" data-id=\"592e65d6\" data-element_type=\"section\" data-e-type=\"section\">\n\t\t\t\t\t\t<div class=\"elementor-container elementor-column-gap-default\">\n\t\t\t\t\t<div class=\"elementor-column elementor-col-100 elementor-top-column elementor-element elementor-element-75eee45f\" data-id=\"75eee45f\" data-element_type=\"column\" data-e-type=\"column\">\n\t\t\t<div class=\"elementor-widget-wrap elementor-element-populated\">\n\t\t\t\t\t\t<div class=\"elementor-element elementor-element-7e03168 elementor-widget elementor-widget-text-editor\" data-id=\"7e03168\" data-element_type=\"widget\" data-e-type=\"widget\" data-widget_type=\"text-editor.default\">\n\t\t\t\t<div class=\"elementor-widget-container\">\n\t\t\t\t\t\t\t\t\t\n<p>Aqu\u00ed est\u00e1 la historia del duende negro y el gigante rojo. En los viejos tiempos, hace mucho tiempo, hab\u00eda un rey que habitaba en el norte de Irlanda. Tuvo una familia de hijos e hijas, pero todos murieron excepto un hijo y una hija. El hijo no hab\u00eda crecido ni una pulgada desde que ten\u00eda diez a\u00f1os, porque un herrero lo hab\u00eda hechizado, y estaba acostado en una cuna en la habitaci\u00f3n donde hab\u00eda muerto su madre.<\/p>\n<p><img decoding=\"async\" class=\"alignnone wp-image-5284 size-full\" src=\"https:\/\/mythslegendes.com\/wp-content\/uploads\/2020\/09\/AlphaOmega-e1602613368367.png\" alt=\"duende negro y la gigante roja\" width=\"25\" height=\"26\" title=\"\"><\/p>\n<div id=\"ez-toc-container\" class=\"ez-toc-v2_0_82_2 counter-hierarchy ez-toc-counter ez-toc-grey ez-toc-container-direction\">\n<div class=\"ez-toc-title-container\">\n<p class=\"ez-toc-title\" style=\"cursor:inherit\">Contenido<\/p>\n<span class=\"ez-toc-title-toggle\"><a href=\"#\" class=\"ez-toc-pull-right ez-toc-btn ez-toc-btn-xs ez-toc-btn-default ez-toc-toggle\" aria-label=\"Alternar tabla de contenidos\"><span class=\"ez-toc-js-icon-con\"><span class=\"\"><span class=\"eztoc-hide\" style=\"display:none;\">Palanca<\/span><span class=\"ez-toc-icon-toggle-span\"><svg style=\"fill: #999;color:#999\" xmlns=\"http:\/\/www.w3.org\/2000\/svg\" class=\"list-377408\" width=\"20px\" height=\"20px\" viewbox=\"0 0 24 24\" fill=\"none\"><path d=\"M6 6H4v2h2V6zm14 0H8v2h12V6zM4 11h2v2H4v-2zm16 0H8v2h12v-2zM4 16h2v2H4v-2zm16 0H8v2h12v-2z\" fill=\"currentColor\"><\/path><\/svg><svg style=\"fill: #999;color:#999\" class=\"arrow-unsorted-368013\" xmlns=\"http:\/\/www.w3.org\/2000\/svg\" width=\"10px\" height=\"10px\" viewbox=\"0 0 24 24\" version=\"1.2\" baseprofile=\"tiny\"><path d=\"M18.2 9.3l-6.2-6.3-6.2 6.3c-.2.2-.3.4-.3.7s.1.5.3.7c.2.2.4.3.7.3h11c.3 0 .5-.1.7-.3.2-.2.3-.5.3-.7s-.1-.5-.3-.7zM5.8 14.7l6.2 6.3 6.2-6.3c.2-.2.3-.5.3-.7s-.1-.5-.3-.7c-.2-.2-.4-.3-.7-.3h-11c-.3 0-.5.1-.7.3-.2.2-.3.5-.3.7s.1.5.3.7z\"\/><\/svg><\/span><\/span><\/span><\/a><\/span><\/div>\n<nav><ul class='ez-toc-list ez-toc-list-level-1' ><li class='ez-toc-page-1 ez-toc-heading-level-2'><a class=\"ez-toc-link ez-toc-heading-1\" href=\"https:\/\/mythslegendes.com\/es\/mitologia-irlandesa\/el-duende-negro-y-el-gigante-rojo\/#Le-lutin-noir-et-le-geant-rouge\" >El duendecillo negro y el gigante rojo<\/a><\/li><\/ul><\/nav><\/div>\n<h2><span class=\"ez-toc-section\" id=\"Le-lutin-noir-et-le-geant-rouge\"><\/span>El duendecillo negro y el gigante rojo<span class=\"ez-toc-section-end\"><\/span><\/h2>\n<p>La ni\u00f1a creci\u00f3 y se convirti\u00f3 en una ni\u00f1a bonita, y el rey se preocupaba por ella tanto como el ojo en su cabeza.<br \/>Hab\u00eda un gigante en Escocia llamado Gigante Rojo; oy\u00f3 hablar de la bella hija del rey; \u00e9l entr\u00f3 <a href=\"https:\/\/mythslegendes.com\/es\/mitologia-irlandesa\/\">Irlanda<\/a> y se lo quit\u00f3 a pesar de su padre y de sus soldados. La llev\u00f3 a Escocia y la mantuvo encerrada en su castillo durante once a\u00f1os, golpe\u00e1ndola y maltrat\u00e1ndola.<br \/>El coraz\u00f3n del rey estaba destrozado por el dolor. Prometi\u00f3 miles de <a href=\"https:\/\/mythslegendes.com\/es\/bibliotecas-de-libros\/\">libros<\/a> al que le traer\u00eda de vuelta a su hija, pero no sirvi\u00f3 de nada. El gigante no la habr\u00eda dado ni por todas las riquezas del mundo.<br \/>El Gigante Rojo no prest\u00f3 atenci\u00f3n a los golpes de armas arrojadizas, ni a los golpes de espadas, como tampoco habr\u00eda prestado atenci\u00f3n a un golpe de una hoja de paja, y la gente pens\u00f3 que no fue \u00e9l quien se llev\u00f3 la vida. dentro de \u00e9l, porque hab\u00eda recibido golpes y muertes por centenares. A menudo lo hab\u00edan dado por muerto, pero hab\u00eda vuelto a la vida; como el gato de nueve vidas, el Gigante Rojo ten\u00eda nueve mil vidas.<br \/>Un d\u00eda, una vez, una anciana lleg\u00f3 al castillo del rey. Ella dijo que ten\u00eda que contarle al rey una historia que traer\u00eda alegr\u00eda a su coraz\u00f3n, y que no pod\u00eda contarle esta historia a nadie m\u00e1s que al rey mismo. La llevaron a la c\u00e1mara del rey y cuando el sirviente se fue, cerr\u00f3 la puerta con llave.<\/p>\n\n<p>&quot;Perd\u00f3name, oh rey&quot;, dijo ella; S\u00f3lo puedo hacerte mi comisi\u00f3n. vengo de tu hija; ella es perseguida en el Gigante Rojo, en su castillo en Escocia. Solo hay un hombre vivo que puede entregar a tu hija y es tu propio hijo, el Duende Negro que est\u00e1 en la cuna hace veinti\u00fan a\u00f1os. Ahora ve a buscar a tu herrero y dile que haga una espada de dos filos para tu hijo que va a pelear con el Gigante Rojo, en Escocia. Aqu\u00ed hay una peque\u00f1a botella para ti; hay un poco de mi sangre, y dile al herrero que vierta tres gotas de la sangre de la madre de Caoilte sobre la espada cuando la haya de empapar. Cuando la espada est\u00e9 lista, d\u00e1mela. Ll\u00e9vame ahora a la habitaci\u00f3n de tu hijo, debo hablar con \u00e9l.<\/p>\n\n<p>El rey llev\u00f3 a la anciana a la habitaci\u00f3n del Elfo Negro, la dej\u00f3 all\u00ed y se dirigi\u00f3 al taller del herrero sin que nadie supiera de \u00e9l en el castillo. Cuando entr\u00f3 al taller con una reverencia, el herrero lo recibi\u00f3 y le dijo:<\/p>\n\n<p>\u201cEs un gran honor para m\u00ed que mi rey entre en mi pobre fragua.<\/p>\n\n<p>\u201cEmpieza ahora\u201d, dijo el rey, \u201ca hacer una espada de dos filos para mi hijo que va a pelear con el Gigante Rojo en Escocia. Fue \u00e9l quien secuestr\u00f3 a mi linda hija hace once a\u00f1os, y su hermano ahora la va a liberar.<\/p>\n\n<p>- Vaya ! rey, dijo el herrero, har\u00e9 una espada tan buena como pueda, pero ninguna espada en el mundo tiene virtud alguna contra ese gigante all\u00ed, porque su vida no est\u00e1 contenida dentro de s\u00ed mismo y no puede ser derrotado por una sola cosa, \u00a1Es por una espada mojada con tres gotas de la sangre de la madre de Caoilte y no encontrar\u00e1s ninguna en tu reino!<\/p>\n\n<p>\u201cEsta sangre est\u00e1 en mi posesi\u00f3n\u201d, dijo el rey, \u201ccomienza a hacer la espada.<\/p>\n\n<p>El herrero tom\u00f3 un poco de acero y cuando estuvo rojo en la fragua, cuando estaba a punto de golpearlo con un pesado martillo, dijo al rey:<\/p>\n\n<p>\u2013 Ahora vierte las gotas sobre \u00e9l.<\/p>\n\n<p>As\u00ed lo hizo y el herrero continu\u00f3 su trabajo hasta que se hizo la espada.<br \/>Mientras el rey estaba con el herrero, la anciana conversaba con su hijo.<\/p>\n\n<p>\u201cAhora\u201d, le dijo al duende, \u201chas estado en la cuna durante veinti\u00fan a\u00f1os y creo que es hora de que liberes a tu hermana del Gigante Rojo.<\/p>\n\n<p>\u201cSabes que no puedo hacer esto sin tu ayuda\u201d, dijo, \u201cy si est\u00e1s dispuesto a d\u00e1rmela, no estar\u00e9 en la cuna ni un momento m\u00e1s.<\/p>\n\n<p>- Salta, dijo la anciana, d\u00e9jame hacerte un cambio, tu padre vendr\u00e1 sin demora con una espada de dos filos por ti y hay tres gotas de mi sangre en esta espada y no tengas miedo delante de ti. el gigante rojo.<\/p>\n\n<p>Salt\u00f3 al suelo, ligero como una liebre de marzo. Su cabello era tan negro como el cuervo y barr\u00eda el suelo. Por eso fue llamado el Duende Negro. La anciana sac\u00f3 una varita, le asest\u00f3 tres golpes, y en un santiam\u00e9n med\u00eda m\u00e1s de seis pies de alto y ancho en proporci\u00f3n, y vest\u00eda como correspond\u00eda al hijo de un rey. Cuando se mir\u00f3 en el espejo que colgaba de la pared, no se reconoci\u00f3 y dijo:<\/p>\n\n<p>\u2013 No soy el Elfo Negro y no s\u00e9 qui\u00e9n soy.<\/p>\n\n<p>\u2013 Eres el verdadero hijo del rey, dijo la anciana, y eres t\u00fa quien est\u00e1 designado para luchar contra el Gigante Rojo; Lo supe antes de que nacieras, y estar\u00e9 all\u00ed el d\u00eda de la pelea.<\/p>\n\n<p>El rey volvi\u00f3 con la espada acabada y cuando abri\u00f3 la puerta de la habitaci\u00f3n de su hijo y al ver al alto y apuesto hombre en compa\u00f1\u00eda de la anciana, se asombr\u00f3.<\/p>\n\n<p>&quot;\u00bfD\u00f3nde est\u00e1 mi hijo, el Duende Negro?&quot; \u00e9l dijo.<\/p>\n\n<p>\u201cEst\u00e1 parado frente a ti\u201d, dijo la anciana, \u201c\u00bfno ha tomado una buena forma desde que te fuiste?<\/p>\n\n<p>&quot;No creo que sea mi hijo el que est\u00e1 aqu\u00ed&quot;, dijo el rey.<\/p>\n\n<p>\u2013 De eso puedes estar seguro, dijo el hijo, fui fuerte como un duende hasta los veinti\u00fan a\u00f1os, y ahora tengo la fuerza de cien hombres en m\u00ed y vencer\u00e9 al Gigante Rojo. para pelear con el.<\/p>\n\n<p>\u2014Que hay un barco listo para \u00e9l dentro de tres d\u00edas \u2014dijo la anciana\u2014, pero tendremos que ser astutos y tendremos que mantenerlo en secreto. Lleva a tu hijo esta noche a la puerta de atr\u00e1s del castillo, tan pronto como caiga la noche, da la vuelta al castillo hasta la puerta grande y t\u00f3cala y dile a los sirvientes que es tu hijo el que regresa de Espa\u00f1a. Al mismo tiempo, pondr\u00e9 en la cuna un Logardan como Le Lutin Noir. Estar\u00e1 muerto; se puede decir que muri\u00f3 repentinamente y as\u00ed la gente no tendr\u00e1 dudas sobre la historia.<\/p>\n\n<p>\u201cTe doy mi palabra de que har\u00e9 lo que dices\u201d, dijo el rey, \u201cporque veo que eres un buen amigo; \u00bfHay algo que pueda hacer por ti?<\/p>\n\n<p>\u201cNo, si no sigues mi consejo\u201d, dijo la anciana, \u201cy estar\u00e9 lista a la orilla del mar para ir contigo a Escocia.<\/p>\n\n<p>La anciana luego se fue, sin que nadie en el castillo lo supiera, excepto el rey y su hijo.<br \/>Esa noche, cuando hab\u00eda ca\u00eddo la noche, el rey condujo a su hijo por una puerta trasera y lo llev\u00f3 de regreso a la puerta principal. Llam\u00f3 r\u00e1pidamente y cuando el portero abri\u00f3, dijo:<\/p>\n\n<p>\u2013 Este es mi hijo mayor que acaba de volver de Espa\u00f1a.<\/p>\n\n<p>El portero le dio la bienvenida y la historia pronto estuvo en boca de todos en el castillo. El rey condujo a su hijo a una hermosa habitaci\u00f3n pero no tard\u00f3 en regresar para decir que el pobre diablillo hab\u00eda muerto en su cuna. No hubo mucho dolor por \u00e9l, pero fue enterrado adecuadamente.<br \/>Dos d\u00edas despu\u00e9s, el rey procur\u00f3 un barco y marineros, y proclam\u00f3 que su hijo, que hab\u00eda venido de Espa\u00f1a, iba a Escocia a pelear con el Gigante Rojo, y que se alegrar\u00eda si una tropa de caballeros lo acompa\u00f1aba. . Cuando el barco estuvo listo, lleg\u00f3 un gran grupo para ir a Escocia con el rey. Cuando estaban a bordo del barco, el rey vio a la anciana que llegaba a la orilla, vestida con un abrigo verde.<\/p>\n\n<p>\u201cOh, gran rey\u201d, dijo, \u201c\u00bfpermitir\u00e1s que una anciana te acompa\u00f1e?<\/p>\n\n<p>&quot;Subid a bordo&quot;, dijo el rey.<\/p>\n\n<p>Entonces subi\u00f3 a bordo, izaron las velas y se dirigieron a Escocia. Cuando llegaron al puerto, dejaron el barco con los marineros y se dirigieron al castillo del Gigante Rojo.<br \/>Hab\u00eda un gran muro s\u00f3lido alrededor del castillo y solo ten\u00eda una puerta. El Gigante estaba mirando a una ventana y cuando vio la gran tropa en la puerta pregunt\u00f3 con voz espantosa:<\/p>\n\n<p>\u2013 \u00bfQui\u00e9n eres o qu\u00e9 quieres?<\/p>\n\n<p>El rey habl\u00f3 y dijo:<\/p>\n\n<p>\u201cSoy el rey de Irlanda y pido a mi hermosa hija, y si no me la devuelves, aqu\u00ed est\u00e1 mi hijo que la entregar\u00e1 con su espada.<\/p>\n\n<p>El Gigante sali\u00f3, con una espada en la mano. El hijo del rey sac\u00f3 su espada de dos filos y se atacaron. Lucharon durante tres horas sin cortarse ni perforarse. El gigante se enoj\u00f3 y dijo:<\/p>\n\n<p>Eres el mejor hombre que se me ha presentado, pero voy a tener que matarte.<\/p>\n\n<p>Pero tan pronto como la palabra sali\u00f3 de su boca, el hijo del rey le abri\u00f3 la cabeza.<\/p>\n\n<p>\u2013 \u00a1Ay! \u00a1decir ah! dijo el Gigante, hay veneno en tu espada o si no est\u00e1 mezclada con la sangre de la madre de Caoilte.<\/p>\n\n<p>Entonces se present\u00f3 la anciana aplaudiendo y dijo:<\/p>\n\n<p>\u2013 Soy la madre de Caoilte y estoy orgullosa de ello. Dale otro golpe, hijo del rey, y acaba con la vida del traidor, fue por traici\u00f3n que mat\u00f3 a mi hijo, el verdadero h\u00e9roe de Connaught.<\/p>\n\n<p>Entonces el hijo del rey le cort\u00f3 la cabeza y cay\u00f3 muerto. La anciana sac\u00f3 un cuchillo negro y desprendi\u00f3 el coraz\u00f3n del Gigante Rojo y dijo:<\/p>\n\n<p>Lo llevar\u00e9 conmigo a Connaught, como se\u00f1al de mi victoria, para la gente.<\/p>\n\n<p>El rey y su hijo entraron en el castillo y se llevaron a la hermosa hija del rey. No pudo hablar, por el exceso de alegr\u00eda, hasta que vio a la anciana con su abrigo verde. Corri\u00f3 hacia ella y la bes\u00f3:<\/p>\n\n<p>\u2013 Oh padre m\u00edo, es la se\u00f1ora que me liber\u00f3 y que me anim\u00f3 y consol\u00f3 en mi esclavitud. Si no hubiera sido as\u00ed, habr\u00eda muerto hace mucho tiempo. Ella dio sangre de su coraz\u00f3n por m\u00ed y no s\u00e9 qu\u00e9 compensaci\u00f3n le dar\u00e9.<\/p>\n\n<p>\u201cNo necesito ninguna compensaci\u00f3n\u201d, dijo. Recib\u00ed satisfacci\u00f3n por la muerte de mi hijo a quien el Gigante Rojo mat\u00f3 por traici\u00f3n, algo que no pudo haber hecho por la fuerza. Ahora voy a descansar, ya que s\u00e9 que el traidor est\u00e1 muerto.<\/p>\n\n<p>El rey y su compa\u00f1\u00eda regresaron a Irlanda y celebraron una fiesta que dur\u00f3 siete d\u00edas y siete noches y dio la bienvenida a ricos y pobres por igual.<\/p>\n\n<p>Poco despu\u00e9s vino un hijo del rey de Espa\u00f1a y se cas\u00f3 con la muchacha bonita, y el hijo del rey se cas\u00f3 con la hija del rey de Espa\u00f1a y hubo una boda en el castillo que dur\u00f3 un mes. Yo mismo estuve all\u00ed y tuve mucho para comer y beber.<\/p>\n\t\t\t\t\t\t\t\t<\/div>\n\t\t\t\t<\/div>\n\t\t\t\t\t<\/div>\n\t\t<\/div>\n\t\t\t\t\t<\/div>\n\t\t<\/section>\n\t\t\t\t<\/div>","protected":false},"excerpt":{"rendered":"<p>Wiki de mitolog\u00eda irlandesa Aqu\u00ed est\u00e1 la historia del duende negro y el gigante rojo. En los viejos tiempos, hace mucho tiempo... <\/p>","protected":false},"author":1,"featured_media":0,"parent":439,"menu_order":0,"comment_status":"closed","ping_status":"closed","template":"","meta":{"footnotes":""},"class_list":["post-561","page","type-page","status-publish","hentry"],"amp_enabled":true,"_links":{"self":[{"href":"https:\/\/mythslegendes.com\/es\/wp-json\/wp\/v2\/pages\/561","targetHints":{"allow":["GET"]}}],"collection":[{"href":"https:\/\/mythslegendes.com\/es\/wp-json\/wp\/v2\/pages"}],"about":[{"href":"https:\/\/mythslegendes.com\/es\/wp-json\/wp\/v2\/types\/page"}],"author":[{"embeddable":true,"href":"https:\/\/mythslegendes.com\/es\/wp-json\/wp\/v2\/users\/1"}],"replies":[{"embeddable":true,"href":"https:\/\/mythslegendes.com\/es\/wp-json\/wp\/v2\/comments?post=561"}],"version-history":[{"count":1,"href":"https:\/\/mythslegendes.com\/es\/wp-json\/wp\/v2\/pages\/561\/revisions"}],"predecessor-version":[{"id":24546,"href":"https:\/\/mythslegendes.com\/es\/wp-json\/wp\/v2\/pages\/561\/revisions\/24546"}],"up":[{"embeddable":true,"href":"https:\/\/mythslegendes.com\/es\/wp-json\/wp\/v2\/pages\/439"}],"wp:attachment":[{"href":"https:\/\/mythslegendes.com\/es\/wp-json\/wp\/v2\/media?parent=561"}],"curies":[{"name":"wp","href":"https:\/\/api.w.org\/{rel}","templated":true}]}}