{"id":564,"date":"2020-06-12T15:35:33","date_gmt":"2020-06-12T14:35:33","guid":{"rendered":"https:\/\/mythslegendes.com\/?page_id=564"},"modified":"2022-12-03T22:06:55","modified_gmt":"2022-12-03T22:06:55","slug":"le-petit-garcon-et-le-grand-geant","status":"publish","type":"page","link":"https:\/\/mythslegendes.com\/es\/mitologia-irlandesa\/el-pequeno-nino-y-el-gran-gigante\/","title":{"rendered":"El ni\u00f1o y el gran gigante"},"content":{"rendered":"<div data-elementor-type=\"wp-page\" data-elementor-id=\"564\" class=\"elementor elementor-564\">\n\t\t\t\t\t\t<section class=\"elementor-section elementor-top-section elementor-element elementor-element-40140e7 elementor-section-boxed elementor-section-height-default elementor-section-height-default\" data-id=\"40140e7\" data-element_type=\"section\" data-e-type=\"section\">\n\t\t\t\t\t\t<div class=\"elementor-container elementor-column-gap-default\">\n\t\t\t\t\t<div class=\"elementor-column elementor-col-50 elementor-top-column elementor-element elementor-element-1107aa5\" data-id=\"1107aa5\" data-element_type=\"column\" data-e-type=\"column\">\n\t\t\t<div class=\"elementor-widget-wrap elementor-element-populated\">\n\t\t\t\t\t\t<div class=\"elementor-element elementor-element-c1a3744 elementor-align-justify elementor-widget elementor-widget-button\" data-id=\"c1a3744\" data-element_type=\"widget\" data-e-type=\"widget\" data-widget_type=\"button.default\">\n\t\t\t\t<div class=\"elementor-widget-container\">\n\t\t\t\t\t\t\t\t\t<div class=\"elementor-button-wrapper\">\n\t\t\t\t\t<a class=\"elementor-button elementor-button-link elementor-size-sm\" href=\"https:\/\/mythslegendes.com\/es\/mitologia-irlandesa\/\">\n\t\t\t\t\t\t<span class=\"elementor-button-content-wrapper\">\n\t\t\t\t\t\t\t\t\t<span class=\"elementor-button-text\">Mitolog\u00eda irlandesa<\/span>\n\t\t\t\t\t<\/span>\n\t\t\t\t\t<\/a>\n\t\t\t\t<\/div>\n\t\t\t\t\t\t\t\t<\/div>\n\t\t\t\t<\/div>\n\t\t\t\t\t<\/div>\n\t\t<\/div>\n\t\t\t\t<div class=\"elementor-column elementor-col-50 elementor-top-column elementor-element elementor-element-8f6ea17\" data-id=\"8f6ea17\" data-element_type=\"column\" data-e-type=\"column\">\n\t\t\t<div class=\"elementor-widget-wrap elementor-element-populated\">\n\t\t\t\t\t\t<div class=\"elementor-element elementor-element-03402e8 elementor-align-justify elementor-widget elementor-widget-button\" data-id=\"03402e8\" data-element_type=\"widget\" data-e-type=\"widget\" data-widget_type=\"button.default\">\n\t\t\t\t<div class=\"elementor-widget-container\">\n\t\t\t\t\t\t\t\t\t<div class=\"elementor-button-wrapper\">\n\t\t\t\t\t<a class=\"elementor-button elementor-button-link elementor-size-sm\" href=\"https:\/\/fr.wikipedia.org\/wiki\/Mythologie_celtique_irlandaise\" target=\"_blank\" rel=\"noopener\">\n\t\t\t\t\t\t<span class=\"elementor-button-content-wrapper\">\n\t\t\t\t\t\t\t\t\t<span class=\"elementor-button-text\">Wiki<\/span>\n\t\t\t\t\t<\/span>\n\t\t\t\t\t<\/a>\n\t\t\t\t<\/div>\n\t\t\t\t\t\t\t\t<\/div>\n\t\t\t\t<\/div>\n\t\t\t\t\t<\/div>\n\t\t<\/div>\n\t\t\t\t\t<\/div>\n\t\t<\/section>\n\t\t\t\t<section class=\"elementor-section elementor-top-section elementor-element elementor-element-284910f9 elementor-section-boxed elementor-section-height-default elementor-section-height-default\" data-id=\"284910f9\" data-element_type=\"section\" data-e-type=\"section\">\n\t\t\t\t\t\t<div class=\"elementor-container elementor-column-gap-default\">\n\t\t\t\t\t<div class=\"elementor-column elementor-col-100 elementor-top-column elementor-element elementor-element-12c0dc34\" data-id=\"12c0dc34\" data-element_type=\"column\" data-e-type=\"column\">\n\t\t\t<div class=\"elementor-widget-wrap elementor-element-populated\">\n\t\t\t\t\t\t<div class=\"elementor-element elementor-element-3b13aef5 elementor-widget elementor-widget-text-editor\" data-id=\"3b13aef5\" data-element_type=\"widget\" data-e-type=\"widget\" data-widget_type=\"text-editor.default\">\n\t\t\t\t<div class=\"elementor-widget-container\">\n\t\t\t\t\t\t\t\t\t\n<p>Esta es la historia del ni\u00f1o y el gran gigante. Hab\u00eda una vez un rey que ten\u00eda una hija. Ella se cas\u00f3. Un d\u00eda sucedi\u00f3 que su marido no estaba en casa. El Gran Gigante de Reibhlean vino y se lo llev\u00f3.<\/p>\n<p><img decoding=\"async\" class=\"alignnone wp-image-5284 size-full\" src=\"https:\/\/mythslegendes.com\/wp-content\/uploads\/2020\/09\/AlphaOmega-e1602613368367.png\" alt=\"ni\u00f1o peque\u00f1o y el gran gigante\" width=\"25\" height=\"26\" title=\"\"><\/p>\n<div id=\"ez-toc-container\" class=\"ez-toc-v2_0_82_2 counter-hierarchy ez-toc-counter ez-toc-grey ez-toc-container-direction\">\n<div class=\"ez-toc-title-container\">\n<p class=\"ez-toc-title\" style=\"cursor:inherit\">Contenido<\/p>\n<span class=\"ez-toc-title-toggle\"><a href=\"#\" class=\"ez-toc-pull-right ez-toc-btn ez-toc-btn-xs ez-toc-btn-default ez-toc-toggle\" aria-label=\"Alternar tabla de contenidos\"><span class=\"ez-toc-js-icon-con\"><span class=\"\"><span class=\"eztoc-hide\" style=\"display:none;\">Palanca<\/span><span class=\"ez-toc-icon-toggle-span\"><svg style=\"fill: #999;color:#999\" xmlns=\"http:\/\/www.w3.org\/2000\/svg\" class=\"list-377408\" width=\"20px\" height=\"20px\" viewbox=\"0 0 24 24\" fill=\"none\"><path d=\"M6 6H4v2h2V6zm14 0H8v2h12V6zM4 11h2v2H4v-2zm16 0H8v2h12v-2zM4 16h2v2H4v-2zm16 0H8v2h12v-2z\" fill=\"currentColor\"><\/path><\/svg><svg style=\"fill: #999;color:#999\" class=\"arrow-unsorted-368013\" xmlns=\"http:\/\/www.w3.org\/2000\/svg\" width=\"10px\" height=\"10px\" viewbox=\"0 0 24 24\" version=\"1.2\" baseprofile=\"tiny\"><path d=\"M18.2 9.3l-6.2-6.3-6.2 6.3c-.2.2-.3.4-.3.7s.1.5.3.7c.2.2.4.3.7.3h11c.3 0 .5-.1.7-.3.2-.2.3-.5.3-.7s-.1-.5-.3-.7zM5.8 14.7l6.2 6.3 6.2-6.3c.2-.2.3-.5.3-.7s-.1-.5-.3-.7c-.2-.2-.4-.3-.7-.3h-11c-.3 0-.5.1-.7.3-.2.2-.3.5-.3.7s.1.5.3.7z\"\/><\/svg><\/span><\/span><\/span><\/a><\/span><\/div>\n<nav><ul class='ez-toc-list ez-toc-list-level-1' ><li class='ez-toc-page-1 ez-toc-heading-level-2'><a class=\"ez-toc-link ez-toc-heading-1\" href=\"https:\/\/mythslegendes.com\/es\/mitologia-irlandesa\/el-pequeno-nino-y-el-gran-gigante\/#Le-petit-garcon-et-le-grand-geant\" >El ni\u00f1o y el gran gigante<\/a><\/li><\/ul><\/nav><\/div>\n<h2><span class=\"ez-toc-section\" id=\"Le-petit-garcon-et-le-grand-geant\"><\/span>El ni\u00f1o y el gran gigante<span class=\"ez-toc-section-end\"><\/span><\/h2>\n<p>Un a\u00f1o despu\u00e9s, su esposo se puso de pie:<\/p>\n\n<p>\u2013 Hoy se cumple un a\u00f1o desde que mi esposa se fue; Voy a ir a buscarla hoy.<\/p>\n\n<p>Sali\u00f3 y se encontr\u00f3 con un redil de ovejas. Se acerc\u00f3 al pastor:<\/p>\n\n<p>\u2013 \u00bfDe qui\u00e9n son estas ovejas? \u00e9l dijo.<\/p>\n\n<p>\u2013 Al Gran Gigante de Reibhlean, al norte y al sur de Er\u00edn, a la hermosa mujercita, hija de un rey de Er\u00edn; del tama\u00f1o de tu dedo, cada l\u00e1grima corr\u00eda por su mejilla blanca, llorando por su marido, llorando por su hombre, llorando por sus tres hermanos, de modo que extra\u00f1a al peque\u00f1o con tres cuartas partes incluso m\u00e1s que los cuatro hombres que dej\u00f3 atr\u00e1s en Er\u00edn, por all\u00e1.<\/p>\n\n<p>Se fue y se encontr\u00f3 con un hombre parado en una puerta:<\/p>\n\n<p>\u201cD\u00e9jenme pasar\u201d, dijo.<\/p>\n\n<p>\u2013 No te dejar\u00e9 pasar, dijo el portero, hasta que pagues el peaje.<\/p>\n\n<p>Meti\u00f3 la mano en su bolsillo y le entreg\u00f3 el dinero. No se detuvo hasta que estuvo en la casa del Gran Gigante de Refbhlean. La mujer lo vio venir:<\/p>\n\n<p>\u2013 \u00a1Qu\u00e9 pena, dijo, que no te hayas quedado en casa! Cuando este hombre vuelva a casa esta noche, te matar\u00e1.<\/p>\n\n<p>Tuvieron un d\u00eda divertido, hasta que lleg\u00f3 la noche.<\/p>\n\n<p>\u201cEs mejor que te vayas y te escondas ahora\u201d, dijo, \u201cantes de que este hombre te vea.<\/p>\n\n<p>Ella lo puso debajo de su cama.<br \/>No pas\u00f3 mucho tiempo antes de que llegara el Gran Gigante de Reibhlean, con un gran ciervo sobre sus hombros. Lo pas\u00f3 por el fuego, por las cenizas y se lo meti\u00f3 en la boca.<\/p>\n\n<p>\u2013 \u00a1Fru! \u00a1fra! feas\u00f4g! dijo, huelo el olor del irland\u00e9s mentiroso y brib\u00f3n que se est\u00e1 extendiendo esta tarde en mi corte y en mi castillo.<\/p>\n\n<p>\u2013 Mi secreto y mi amor, dijo la mujer, \u00bfno ser\u00e1 as\u00ed mientras est\u00e9 aqu\u00ed?<\/p>\n\n<p>\u201cHay eso y algo m\u00e1s\u201d, dijo el Gran Gigante.<\/p>\n\n<p>\u2013 Sub\u00ed a lo alto de la casa y los pajaritos de Erin pasaron volando y se posaron sobre m\u00ed. Este es el olor que hueles.<\/p>\n\n<p>\u201cHay eso y algo m\u00e1s\u201d, afirm\u00f3.<\/p>\n\n<p>Se levant\u00f3 y busc\u00f3 arriba y abajo hasta que encontr\u00f3 al hombre debajo de la cama. Lo sac\u00f3, tom\u00f3 una varita m\u00e1gica oscura y se transform\u00f3 en un pilar de piedra.<\/p>\n\n<p>Un a\u00f1o despu\u00e9s, su hermano se levant\u00f3:<\/p>\n\n<p>\u2013 Hoy hace dos a\u00f1os que se fue y hoy hace un a\u00f1o que su marido la fue a buscar y yo mismo voy a ir a buscarla.<\/p>\n\n<p>\u00c9l se fue. No se detuvo hasta que estuvo en la casa del Gran Gigante de Reibhlean. La mujer lo vio venir.<\/p>\n\n<p>\u201cQu\u00e9 l\u00e1stima\u201d, dijo, \u201cque no te hayas quedado en casa. Cuando este hombre regrese a casa, te matar\u00e1.<\/p>\n\n<p>Tuvieron un d\u00eda de diversi\u00f3n y canto hasta que lleg\u00f3 la noche.<\/p>\n\n<p>&quot;Es mejor que te escondas ahora&quot;, dijo; Dentro de poco este hombre llegar\u00e1 a la casa.<\/p>\n\n<p>No llevaba mucho tiempo escondido cuando entr\u00f3 el Gran Gigante de Reihhlean, una vieja bestia blanca sobre su hombro. Lo pas\u00f3 por el fuego y las cenizas y se lo meti\u00f3 en la boca.<\/p>\n\n<p>\u2013 \u00a1Fru! \u00a1fra! feas\u00f4g! dijo: \u201cHuelo el olor del irland\u00e9s mentiroso y p\u00edcaro que se extiende por mi corte y mi castillo esta noche.<\/p>\n\n<p>\u2013 \u00a1Mi secreto y mi amor! -dijo ella- \u00bfno ser\u00e1 as\u00ed mientras yo est\u00e9 aqu\u00ed?<\/p>\n\n<p>\u2013 Hay eso y algo m\u00e1s.<\/p>\n\n<p>\u2013 Sub\u00ed a lo alto de la casa y los pajaritos de Erin se posaron sobre m\u00ed, ese es el olor que hueles.<\/p>\n\n<p>\u2013 Hay eso y algo m\u00e1s.<\/p>\n\n<p>Se levant\u00f3 y busc\u00f3 de arriba abajo, hasta que encontr\u00f3 al hombre. Se lo llev\u00f3, tom\u00f3 una varita m\u00e1gica oscura y lo convirti\u00f3 en un pilar de piedra.<br \/>Un a\u00f1o despu\u00e9s, el segundo hermano se levant\u00f3:<\/p>\n\n<p>\u2013 Hoy se cumplen tres a\u00f1os desde que se fue. Hoy han pasado dos a\u00f1os y un d\u00eda desde que su marido sali\u00f3 a buscarla. Hoy hace un a\u00f1o que mi hermano se fue y yo tambi\u00e9n me ir\u00e9 hoy.<\/p>\n\n<p>Sali\u00f3. No se detuvo hasta que estuvo en la casa del Gran Gigante.<\/p>\n\n<p>- \u00a1Oh! \u00a1qu\u00e9 desgracia! \u00a1Dijo que no te quedaste en casa! Cuando este hombre regrese a casa, te matar\u00e1. Mi marido yace aqu\u00ed, al igual que su hermano.<\/p>\n\n<p>Tuvieron un d\u00eda de diversi\u00f3n y canto hasta que lleg\u00f3 la noche.<\/p>\n\n<p>\u2013 Lo mejor es que te escondas ahora, dijo, dentro de poco vendr\u00e1 este hombre.<\/p>\n\n<p>Ella lo escondi\u00f3. No hab\u00eda pasado mucho tiempo desde que entr\u00f3 el Gran Gigante, un gran ciervo sobre sus hombros. Lo pas\u00f3 por el fuego y las cenizas y se lo meti\u00f3 en la boca.<\/p>\n\n<p>\u2013 \u00a1Fru! \u00a1fra! feas\u00f4g! dijo, huelo el olor del irland\u00e9s mentiroso y enga\u00f1oso que se extiende por mi corte y mi castillo esta noche.<\/p>\n\n<p>\u2013 \u00a1Mi secreto y mi amor! ella dijo, &quot;\u00bfno ser\u00e1 as\u00ed mientras est\u00e9 aqu\u00ed?&quot;<\/p>\n\n<p>\u2013 Hay eso y algo m\u00e1s.<\/p>\n\n<p>\u2013 Estaba en lo m\u00e1s alto de la casa. Los pajaritos de Erin se posaron sobre m\u00ed, ese es el olor que hueles.<\/p>\n\n<p>\u2013 Hay eso y algo m\u00e1s.<\/p>\n\n<p>Busc\u00f3 de arriba abajo hasta encontrar al hombre. Se lo quit\u00f3. Tom\u00f3 una varita m\u00e1gica oscura y la convirti\u00f3 en un pilar de piedra.<\/p>\n\n<p>Un a\u00f1o despu\u00e9s, otro de sus hermanos se levant\u00f3:<\/p>\n\n<p>\u2013 Hoy se cumplen cuatro a\u00f1os desde que se fue. Hoy se cumplen tres a\u00f1os desde que su marido sali\u00f3 a buscarla. Hoy se cumplen dos a\u00f1os desde que mi hermano sali\u00f3 a buscarlos; Hoy se cumple un a\u00f1o desde que se fue otro de mis hermanos. \u00a1Que caiga sobre m\u00ed la desgracia y la pobreza si no voy hoy a buscar a mis hermanos!<\/p>\n\n<p>\u00c9l se fue. No se detuvo hasta que estuvo en la casa del Gran Gigante.<\/p>\n\n<p>- \u00a1Oh! \u00a1Qu\u00e9 pena que no te hayas quedado en casa! Cuando este hombre regrese a casa, te matar\u00e1. Afuera est\u00e1n tus dos hermanos y mi marido, y t\u00fa estar\u00e1s con ellos esta noche.<\/p>\n\n<p>Tuvieron un d\u00eda de diversi\u00f3n y canto hasta que lleg\u00f3 la noche.<\/p>\n\n<p>\u201cPara ti vale lo mismo\u201d, dijo, \u201cir a esconderte ahora. No pasar\u00e1 mucho tiempo antes de que este hombre regrese a casa.<\/p>\n\n<p>Se fue a esconder.<\/p>\n\n<p>No hab\u00eda pasado mucho tiempo antes de que entrara el Gran Gigante, una gran bestia vieja sobre sus hombros. Lo pas\u00f3 por el fuego, por las cenizas y se lo meti\u00f3 en la boca.<\/p>\n\n<p>\u2013 \u00a1Fru! \u00a1fra! feas\u00f4g! dijo el gigante, huelo el olor del irland\u00e9s mentiroso y p\u00edcaro, que se extiende por mi corte y mi castillo esta noche.<\/p>\n\n<p>\u2013 \u00a1Mi secreto y mi amor! ella dijo, &quot;\u00bfno ser\u00e1 as\u00ed mientras est\u00e9 aqu\u00ed?&quot;<\/p>\n\n<p>\u2013 Hay eso y algo m\u00e1s.<\/p>\n\n<p>\u2013 Estaba en lo m\u00e1s alto de la casa. Algunos de los pajaritos de Erin se posaron sobre m\u00ed. Este es el olor que hueles.<\/p>\n\n<p>\u2013 Hay eso y algo m\u00e1s.<\/p>\n\n<p>Busc\u00f3 de arriba abajo hasta encontrar al hombre. \u00c9l se lo llev\u00f3. Lo golpe\u00f3 con una varita m\u00e1gica oscura y lo convirti\u00f3 en un pilar de piedra.<\/p>\n\n<p>Un a\u00f1o despu\u00e9s, el ni\u00f1o peque\u00f1o con tres cuartos se puso de pie:<\/p>\n\n<p>\u2013 \u00a1Mi madre se fue hace mucho tiempo, dijo, mis tres t\u00edos se fueron hace mucho tiempo y la desgracia y la pobreza caer\u00e1n sobre m\u00ed si no voy a buscarlos!<\/p>\n\n<p>\u00c9l se fue. Prepar\u00f3 su gallina y su torta de avena. Se fue y se encontr\u00f3 con el pastor de las ovejas:<\/p>\n\n<p>\u2013 \u00bfDe qui\u00e9n son estas ovejas? \u00e9l dijo.<\/p>\n\n<p>\u2013 Al Gran Gigante de Reibhlean, al norte y al sur de Irlanda, a la hermosa mujercita, hija de un rey de Irlanda; del tama\u00f1o de tu dedo, cada l\u00e1grima corr\u00eda por su mejilla blanca, llorando por su marido, llorando por su hombre, llorando por sus tres hermanos, de modo que extra\u00f1a al peque\u00f1o con tres cuartas partes incluso m\u00e1s que los cuatro hombres que dej\u00f3 atr\u00e1s en Erin por all\u00e1.<\/p>\n\n<p>- D\u00e9jame pasar.<\/p>\n\n<p>\u2013 No te dejar\u00e9 pasar, dijo el pastor de las ovejas, hasta que pagues el peaje.<\/p>\n\n<p>El peque\u00f1o ni\u00f1o de tres cuartos le cort\u00f3 la cabeza y sigui\u00f3 su camino. No se detuvo hasta que estuvo en la casa del Gran Gigante. La madre lo vio venir:<\/p>\n\n<p>- \u00a1Oh! \u00a1Mi querido hijo, dijo, es una desgracia que no te hayas quedado en casa! Cuando este hombre vuelva a casa esta noche, te matar\u00e1. Tu padre y tus tres t\u00edos est\u00e1n tumbados fuera.<\/p>\n\n<p>Ella lo asfixi\u00f3 con besos, lo ahog\u00f3 en l\u00e1grimas; lo limpi\u00f3 con un manto de seda y raso y lo acost\u00f3 en un lecho de plumas. Cuando lleg\u00f3 la noche, baj\u00f3 a donde estaba el ni\u00f1o de tres cuartos.<\/p>\n\n<p>- \u00a1Oh! mi querido hijo, \u00a1oh! mi querido hijo, dijo, \u00a1oh! Mi querido hijo, dentro de poco este hombre vendr\u00e1 a la casa y m\u00e1s te vale que te escondas antes de que te mate.<\/p>\n\n<p>El Gran Gigante pronto entr\u00f3, una gran bestia vieja sobre sus hombros. Lo pas\u00f3 por el fuego, por las cenizas y se lo meti\u00f3 en la boca.<\/p>\n\n<p>\u2013 \u00a1Fru! \u00a1fra! feas\u00f4g! dijo, huelo el olor del irland\u00e9s mentiroso y p\u00edcaro que se extiende por mi corte y mi castillo esta noche.<\/p>\n\n<p>- \u00a1Oh! mi secreto y mi amor! \u00bfNo ser\u00e1 as\u00ed mientras est\u00e9 aqu\u00ed?<\/p>\n\n<p>\u2013 Hay eso y algo m\u00e1s.<\/p>\n\n<p>\u2013 S\u00ed, y estoy aqu\u00ed, dijo el ni\u00f1o de tres cuartos.<\/p>\n\n<p>Lleg\u00f3 el muchachito con tres cuartos.<\/p>\n\n<p>\u2013 \u00bfQu\u00e9 prefieres, dijo el Gran Gigante, luchar o luchar duro?<\/p>\n\n<p>\u2013 Prefiero pelear, dijo el ni\u00f1o de tres cuartos; Practiqu\u00e9 la lucha libre en pueblos peque\u00f1os, en pueblos grandes, en los pueblos de mi padre y de mi madre.<\/p>\n\n<p>Se tomaron en los duros abrazos de la lucha, de modo que hicieron un huevo blando con la roca, roca con un huevo blando, fuente de agua viva en medio de la roca gris. Si alguien viniera del norte del mundo al sur del mundo, es para mirar a estos dos que vendr\u00eda, para que llegara la tarde y el fin del d\u00eda.<br \/>El peque\u00f1o ni\u00f1o de tres cuartos lo abraz\u00f3 y lo enterr\u00f3 en el suelo hasta las rodillas, y con un segundo abrazo a su nuez de Ad\u00e1n.<\/p>\n\n<p>\u201cUn mont\u00edculo verde encima de tu cabeza, brib\u00f3n\u201d, dijo el ni\u00f1o de tres cuartos.<\/p>\n\n<p>\u2013 No hagas eso, dijo el Gigante, te dar\u00e9 la mitad de lo que hay fuera y lo que hay dentro.<\/p>\n\n<p>\u201cHace dos d\u00edas que es m\u00edo\u201d, dijo el peque\u00f1o de tres cuartos, asomando la cabeza con nueve surcos y nueve surcos.<\/p>\n\n<p>La cabeza volvi\u00f3 al cuerpo. Se golpe\u00f3 la cabeza en el pericr\u00e1neo.<\/p>\n\n<p>&quot;No es una desgracia para usted&quot;, dijo el jefe; Si volviera al cuerpo, ni t\u00fa ni los hombres de Erin la separar\u00edan.<\/p>\n\n<p>\u00c9l entr\u00f3. Encontr\u00f3 la varita m\u00e1gica oscura. Golpe\u00f3 a su padre ya sus tres t\u00edos. Se pusieron de pie, como estaban antes. Juntaron lo que era riqueza por fuera y por dentro y se lo llevaron. Se fue con su madre, su padre y sus tres t\u00edos; llegaron a casa y vivieron bien hasta su muerte.<\/p>\n\t\t\t\t\t\t\t\t<\/div>\n\t\t\t\t<\/div>\n\t\t\t\t\t<\/div>\n\t\t<\/div>\n\t\t\t\t\t<\/div>\n\t\t<\/section>\n\t\t\t\t<\/div>","protected":false},"excerpt":{"rendered":"<p>Wiki de mitolog\u00eda irlandesa Aqu\u00ed est\u00e1 la historia del ni\u00f1o peque\u00f1o y el gran gigante. Hab\u00eda una vez un rey que... <\/p>","protected":false},"author":1,"featured_media":0,"parent":439,"menu_order":0,"comment_status":"closed","ping_status":"closed","template":"","meta":{"footnotes":""},"class_list":["post-564","page","type-page","status-publish","hentry"],"amp_enabled":true,"_links":{"self":[{"href":"https:\/\/mythslegendes.com\/es\/wp-json\/wp\/v2\/pages\/564","targetHints":{"allow":["GET"]}}],"collection":[{"href":"https:\/\/mythslegendes.com\/es\/wp-json\/wp\/v2\/pages"}],"about":[{"href":"https:\/\/mythslegendes.com\/es\/wp-json\/wp\/v2\/types\/page"}],"author":[{"embeddable":true,"href":"https:\/\/mythslegendes.com\/es\/wp-json\/wp\/v2\/users\/1"}],"replies":[{"embeddable":true,"href":"https:\/\/mythslegendes.com\/es\/wp-json\/wp\/v2\/comments?post=564"}],"version-history":[{"count":1,"href":"https:\/\/mythslegendes.com\/es\/wp-json\/wp\/v2\/pages\/564\/revisions"}],"predecessor-version":[{"id":24547,"href":"https:\/\/mythslegendes.com\/es\/wp-json\/wp\/v2\/pages\/564\/revisions\/24547"}],"up":[{"embeddable":true,"href":"https:\/\/mythslegendes.com\/es\/wp-json\/wp\/v2\/pages\/439"}],"wp:attachment":[{"href":"https:\/\/mythslegendes.com\/es\/wp-json\/wp\/v2\/media?parent=564"}],"curies":[{"name":"wp","href":"https:\/\/api.w.org\/{rel}","templated":true}]}}