{"id":567,"date":"2020-06-12T15:36:35","date_gmt":"2020-06-12T14:36:35","guid":{"rendered":"https:\/\/mythslegendes.com\/?page_id=567"},"modified":"2022-12-03T22:06:55","modified_gmt":"2022-12-03T22:06:55","slug":"les-femmes-cygnes-de-la-mer","status":"publish","type":"page","link":"https:\/\/mythslegendes.com\/es\/mitologia-irlandesa\/mujeres-cisne-del-mar\/","title":{"rendered":"Mujeres cisne del mar"},"content":{"rendered":"<div data-elementor-type=\"wp-page\" data-elementor-id=\"567\" class=\"elementor elementor-567\">\n\t\t\t\t\t\t<section class=\"elementor-section elementor-top-section elementor-element elementor-element-4860c5f elementor-section-boxed elementor-section-height-default elementor-section-height-default\" data-id=\"4860c5f\" data-element_type=\"section\" data-e-type=\"section\">\n\t\t\t\t\t\t<div class=\"elementor-container elementor-column-gap-default\">\n\t\t\t\t\t<div class=\"elementor-column elementor-col-50 elementor-top-column elementor-element elementor-element-12c741b\" data-id=\"12c741b\" data-element_type=\"column\" data-e-type=\"column\">\n\t\t\t<div class=\"elementor-widget-wrap elementor-element-populated\">\n\t\t\t\t\t\t<div class=\"elementor-element elementor-element-eda2ffb elementor-align-justify elementor-widget elementor-widget-button\" data-id=\"eda2ffb\" data-element_type=\"widget\" data-e-type=\"widget\" data-widget_type=\"button.default\">\n\t\t\t\t<div class=\"elementor-widget-container\">\n\t\t\t\t\t\t\t\t\t<div class=\"elementor-button-wrapper\">\n\t\t\t\t\t<a class=\"elementor-button elementor-button-link elementor-size-sm\" href=\"https:\/\/mythslegendes.com\/es\/mitologia-irlandesa\/\">\n\t\t\t\t\t\t<span class=\"elementor-button-content-wrapper\">\n\t\t\t\t\t\t\t\t\t<span class=\"elementor-button-text\">Mitolog\u00eda irlandesa<\/span>\n\t\t\t\t\t<\/span>\n\t\t\t\t\t<\/a>\n\t\t\t\t<\/div>\n\t\t\t\t\t\t\t\t<\/div>\n\t\t\t\t<\/div>\n\t\t\t\t\t<\/div>\n\t\t<\/div>\n\t\t\t\t<div class=\"elementor-column elementor-col-50 elementor-top-column elementor-element elementor-element-59bf205\" data-id=\"59bf205\" data-element_type=\"column\" data-e-type=\"column\">\n\t\t\t<div class=\"elementor-widget-wrap elementor-element-populated\">\n\t\t\t\t\t\t<div class=\"elementor-element elementor-element-b9f2c28 elementor-align-justify elementor-widget elementor-widget-button\" data-id=\"b9f2c28\" data-element_type=\"widget\" data-e-type=\"widget\" data-widget_type=\"button.default\">\n\t\t\t\t<div class=\"elementor-widget-container\">\n\t\t\t\t\t\t\t\t\t<div class=\"elementor-button-wrapper\">\n\t\t\t\t\t<a class=\"elementor-button elementor-button-link elementor-size-sm\" href=\"https:\/\/fr.wikipedia.org\/wiki\/Mythologie_celtique_irlandaise\" target=\"_blank\" rel=\"noopener\">\n\t\t\t\t\t\t<span class=\"elementor-button-content-wrapper\">\n\t\t\t\t\t\t\t\t\t<span class=\"elementor-button-text\">Wiki<\/span>\n\t\t\t\t\t<\/span>\n\t\t\t\t\t<\/a>\n\t\t\t\t<\/div>\n\t\t\t\t\t\t\t\t<\/div>\n\t\t\t\t<\/div>\n\t\t\t\t\t<\/div>\n\t\t<\/div>\n\t\t\t\t\t<\/div>\n\t\t<\/section>\n\t\t\t\t<section class=\"elementor-section elementor-top-section elementor-element elementor-element-574129d2 elementor-section-boxed elementor-section-height-default elementor-section-height-default\" data-id=\"574129d2\" data-element_type=\"section\" data-e-type=\"section\">\n\t\t\t\t\t\t<div class=\"elementor-container elementor-column-gap-default\">\n\t\t\t\t\t<div class=\"elementor-column elementor-col-100 elementor-top-column elementor-element elementor-element-6097d596\" data-id=\"6097d596\" data-element_type=\"column\" data-e-type=\"column\">\n\t\t\t<div class=\"elementor-widget-wrap elementor-element-populated\">\n\t\t\t\t\t\t<div class=\"elementor-element elementor-element-3c967b4f elementor-widget elementor-widget-text-editor\" data-id=\"3c967b4f\" data-element_type=\"widget\" data-e-type=\"widget\" data-widget_type=\"text-editor.default\">\n\t\t\t\t<div class=\"elementor-widget-container\">\n\t\t\t\t\t\t\t\t\t\n<p>aqu\u00ed est\u00e1 <a href=\"https:\/\/mythslegendes.com\/es\/\">leyenda<\/a> Mujeres cisne del mar En Rinn-Culuisge (Bah\u00eda de Roaringwater), al oeste del condado de Cork, el mar se adentra profundamente en la tierra, como un r\u00edo, y los ni\u00f1os que viven en el barrio tienen la costumbre de reunirse para jugar. en el borde, durante los d\u00edas soleados.<\/p>\n<p><img decoding=\"async\" class=\"alignnone wp-image-5284 size-full\" src=\"https:\/\/mythslegendes.com\/wp-content\/uploads\/2020\/09\/AlphaOmega-e1602613368367.png\" alt=\"Mujeres cisne del mar\" width=\"25\" height=\"26\" title=\"\"><\/p>\n<div id=\"ez-toc-container\" class=\"ez-toc-v2_0_82_2 counter-hierarchy ez-toc-counter ez-toc-grey ez-toc-container-direction\">\n<div class=\"ez-toc-title-container\">\n<p class=\"ez-toc-title\" style=\"cursor:inherit\">Contenido<\/p>\n<span class=\"ez-toc-title-toggle\"><a href=\"#\" class=\"ez-toc-pull-right ez-toc-btn ez-toc-btn-xs ez-toc-btn-default ez-toc-toggle\" aria-label=\"Alternar tabla de contenidos\"><span class=\"ez-toc-js-icon-con\"><span class=\"\"><span class=\"eztoc-hide\" style=\"display:none;\">Palanca<\/span><span class=\"ez-toc-icon-toggle-span\"><svg style=\"fill: #999;color:#999\" xmlns=\"http:\/\/www.w3.org\/2000\/svg\" class=\"list-377408\" width=\"20px\" height=\"20px\" viewbox=\"0 0 24 24\" fill=\"none\"><path d=\"M6 6H4v2h2V6zm14 0H8v2h12V6zM4 11h2v2H4v-2zm16 0H8v2h12v-2zM4 16h2v2H4v-2zm16 0H8v2h12v-2z\" fill=\"currentColor\"><\/path><\/svg><svg style=\"fill: #999;color:#999\" class=\"arrow-unsorted-368013\" xmlns=\"http:\/\/www.w3.org\/2000\/svg\" width=\"10px\" height=\"10px\" viewbox=\"0 0 24 24\" version=\"1.2\" baseprofile=\"tiny\"><path d=\"M18.2 9.3l-6.2-6.3-6.2 6.3c-.2.2-.3.4-.3.7s.1.5.3.7c.2.2.4.3.7.3h11c.3 0 .5-.1.7-.3.2-.2.3-.5.3-.7s-.1-.5-.3-.7zM5.8 14.7l6.2 6.3 6.2-6.3c.2-.2.3-.5.3-.7s-.1-.5-.3-.7c-.2-.2-.4-.3-.7-.3h-11c-.3 0-.5.1-.7.3-.2.2-.3.5-.3.7s.1.5.3.7z\"\/><\/svg><\/span><\/span><\/span><\/a><\/span><\/div>\n<nav><ul class='ez-toc-list ez-toc-list-level-1' ><li class='ez-toc-page-1 ez-toc-heading-level-2'><a class=\"ez-toc-link ez-toc-heading-1\" href=\"https:\/\/mythslegendes.com\/es\/mitologia-irlandesa\/mujeres-cisne-del-mar\/#Les-femmes-cygnes-de-la-mer\" >Mujeres cisne del mar<\/a><\/li><\/ul><\/nav><\/div>\n<h2><span class=\"ez-toc-section\" id=\"Les-femmes-cygnes-de-la-mer\"><\/span>Mujeres cisne del mar<span class=\"ez-toc-section-end\"><\/span><\/h2>\n<p>Un d\u00eda, un ni\u00f1o de unos catorce a\u00f1os estaba solo en la orilla y miraba sin miedo hacia el mar donde hab\u00eda resplandores verdes producidos por el brillo del sol, y ni un soplo de viento en el aire. Antes de ese d\u00eda se hab\u00eda sentado muchas veces en el fondo del arroyo que ahora golpeaba contra las piedras debajo de \u00e9l, pero pens\u00f3 que nunca hab\u00eda visto el agua m\u00e1s hermosa y seductora, y se dijo a s\u00ed mismo que si tuviera un bote, le gustar\u00eda salir a caminar; pero no hab\u00eda ning\u00fan barco a la vista. Despu\u00e9s de mirar a su alrededor por un tiempo, vio una tabla de madera muy cerca de \u00e9l, y al mismo tiempo vio tres cisnes nadando en la superficie del golfo y viniendo hacia \u00e9l. Se giraron de un lado a otro, pero al poco tiempo llegaron ante \u00e9l.<br \/>El ni\u00f1o se llen\u00f3 de gran alegr\u00eda cuando vio la forma de los p\u00e1jaros. Recogi\u00f3 todas las migas de pan que ten\u00eda en el bolsillo y se las dio a comer. Pens\u00f3 que no eran salvajes; \u00a1Se ve\u00edan tan dulces y tan familiares! Se acercaron a \u00e9l, pero cada vez que intentaba levantarlos, no pod\u00eda tocarlos. No llevaban mucho tiempo con \u00e9l cuando parecieron volverse a\u00fan m\u00e1s hermosos y brillantes, y su deseo de tomarlos aument\u00f3.<br \/>Para satisfacer su deseo, tom\u00f3 la tabla de madera, se sent\u00f3 en ella y sigui\u00f3 a los cisnes. Manejaba la tabla a su antojo, sumergiendo r\u00e1pidamente las manos en el agua, como se suele hacer con los remos. Los cisnes continuaron delante de \u00e9l, pero no pudo alcanzarlos. Al poco tiempo se encontr\u00f3 en medio del mar. Estaba cansado y dej\u00f3 de remar; luego cambi\u00f3 de color, por temor a no poder regresar a la tierra. Pero los p\u00e1jaros vinieron y se reunieron a su alrededor como si quisieran aliviarlo de su problema, y le hicieron olvidar el peligro en el que se encontraba. Lleno de cari\u00f1o por ellas, r\u00e1pidamente extendi\u00f3 la mano para tomar a la m\u00e1s bella del grupo, pero se llev\u00f3 demasiado peso en el borde de la tabla, fall\u00f3 su tiro y cay\u00f3 a las olas del mar.<\/p>\n\n<p>Cuando despert\u00f3 del shock que hab\u00eda experimentado, estaba acostado en una cama de plumas, en el castillo m\u00e1s hermoso que el ojo humano jam\u00e1s hab\u00eda visto, y tres damas estaban de pie a los pies de su cama. Uno de ellos tom\u00f3 la mano del joven y amablemente le pregunt\u00f3 c\u00f3mo estaba all\u00ed.<\/p>\n\n<p>\u201cNo lo s\u00e9\u201d, dijo el joven, y les cont\u00f3 la desgracia que le hab\u00eda sucedido en el camino.<\/p>\n\n<p>\u2013 \u00bfEst\u00e1s de acuerdo en quedarte con nosotros, finalmente? dijo el menor, te damos la bienvenida. Pero si te quedas aqu\u00ed tres d\u00edas, nunca m\u00e1s podr\u00e1s quedarte en tu pa\u00eds, porque te molestar\u00e1 el viento y el sol.<\/p>\n\n<p>Qued\u00f3 tan cautivado en su coraz\u00f3n por la belleza del lugar que prometi\u00f3 no separarse de ellos. Lo llevaron de habitaci\u00f3n en habitaci\u00f3n de la casa; cada habitaci\u00f3n superaba a la otra en belleza y riqueza; estaban llenos de montones de oro y ricas sedas. Hab\u00eda le\u00eddo a menudo descripciones del Para\u00edso y se preguntaba si \u00e9ste era el lugar llamado con ese nombre.<br \/>Permaneci\u00f3 con gran placer en su nuevo pa\u00eds durante cinco a\u00f1os, pero al final de este tiempo le invadi\u00f3 el deseo de volver a ver a sus padres y a su familia. Temi\u00f3 que no le fuera posible hacerlo, y su coraz\u00f3n se llen\u00f3 de tristeza y angustia sin que las damas lo supieran. Un d\u00eda que estaba tendido al pie de un \u00e1rbol y las l\u00e1grimas corr\u00edan por sus mejillas, se le acerc\u00f3 una anciana desdentada y le dijo:<\/p>\n\n<p>\u2013 Si prometes casarte conmigo, te llevar\u00e9 a casa ma\u00f1ana.<\/p>\n\n<p>\u2013 No me casar\u00e9 contigo, dijo, aunque tuvieras la mitad de la riqueza del mundo.<\/p>\n\n<p>Tan pronto como lo escuch\u00f3 decir estas palabras, salt\u00f3 fuera de su vista. Al mismo tiempo, las tres damas, que estaban a la sombra de una torre cercana a \u00e9l escuchando su conversaci\u00f3n, se le acercaron: le agradecieron la respuesta que hab\u00eda dado a la anciana, y le dijeron que como recompensa, lo llevar\u00eda a casa.<br \/>Cuando sali\u00f3 el sol al d\u00eda siguiente, se despert\u00f3 y se encontr\u00f3 sentado en un mont\u00edculo junto al mar, a poca distancia de la casa de su padre. Cuando mir\u00f3 hacia adelante, vio a los tres cisnes nadando en los mismos baj\u00edos donde estaban hace cinco a\u00f1os. Le saludaron con la cabeza, como diciendo: \u2014Adi\u00f3s, amigo de nuestro coraz\u00f3n.<\/p>\n\n<p>Al hacerlo, se sumergieron bajo el agua y se marcharon sin que nadie supiera qu\u00e9 hab\u00eda sido de ellos.<br \/>Fue a su casa y cont\u00f3 la historia que aqu\u00ed se cuenta. Como su padre y su madre no tuvieron otro hijo adem\u00e1s de \u00e9l, podemos imaginar lo felices que se sintieron por su regreso, que no esperaban. Las personas que escucharon su historia se maravillaron pero no le creyeron, aunque era la pura verdad.<br \/>Al poco tiempo le invadi\u00f3 el deseo de ir al hermoso pa\u00eds que hab\u00eda dejado para ver nuevamente el lugar donde hab\u00eda vivido y a sus amigos, pero no sab\u00eda c\u00f3mo llevar a cabo su proyecto. Su padre y su madre lamentaron que quisiera dejarlos, que s\u00f3lo lo ten\u00edan a \u00e9l, pero \u00e9l no quiso seguir sus consejos. Fue hasta el borde del golfo y empez\u00f3 a llorar, pero fue en vano, porque no ten\u00eda conocimiento, ni informaci\u00f3n, ni secretos sobre ad\u00f3nde hab\u00edan ido los cisnes. No pudieron obligarlo a salir de all\u00ed y no regresar all\u00ed, hasta que muriera all\u00ed.<\/p>\n\t\t\t\t\t\t\t\t<\/div>\n\t\t\t\t<\/div>\n\t\t\t\t\t<\/div>\n\t\t<\/div>\n\t\t\t\t\t<\/div>\n\t\t<\/section>\n\t\t\t\t<\/div>","protected":false},"excerpt":{"rendered":"<p>Wiki Mitolog\u00eda Irlandesa Aqu\u00ed est\u00e1 la leyenda de los cisnes hembras del mar. En Rinn-Culuisge (Roaringwater Bay), en el oeste del condado... <\/p>","protected":false},"author":1,"featured_media":0,"parent":439,"menu_order":0,"comment_status":"closed","ping_status":"closed","template":"","meta":{"footnotes":""},"class_list":["post-567","page","type-page","status-publish","hentry"],"amp_enabled":true,"_links":{"self":[{"href":"https:\/\/mythslegendes.com\/es\/wp-json\/wp\/v2\/pages\/567","targetHints":{"allow":["GET"]}}],"collection":[{"href":"https:\/\/mythslegendes.com\/es\/wp-json\/wp\/v2\/pages"}],"about":[{"href":"https:\/\/mythslegendes.com\/es\/wp-json\/wp\/v2\/types\/page"}],"author":[{"embeddable":true,"href":"https:\/\/mythslegendes.com\/es\/wp-json\/wp\/v2\/users\/1"}],"replies":[{"embeddable":true,"href":"https:\/\/mythslegendes.com\/es\/wp-json\/wp\/v2\/comments?post=567"}],"version-history":[{"count":1,"href":"https:\/\/mythslegendes.com\/es\/wp-json\/wp\/v2\/pages\/567\/revisions"}],"predecessor-version":[{"id":24548,"href":"https:\/\/mythslegendes.com\/es\/wp-json\/wp\/v2\/pages\/567\/revisions\/24548"}],"up":[{"embeddable":true,"href":"https:\/\/mythslegendes.com\/es\/wp-json\/wp\/v2\/pages\/439"}],"wp:attachment":[{"href":"https:\/\/mythslegendes.com\/es\/wp-json\/wp\/v2\/media?parent=567"}],"curies":[{"name":"wp","href":"https:\/\/api.w.org\/{rel}","templated":true}]}}