{"id":571,"date":"2020-06-12T15:37:22","date_gmt":"2020-06-12T14:37:22","guid":{"rendered":"https:\/\/mythslegendes.com\/?page_id=571"},"modified":"2022-12-03T22:06:55","modified_gmt":"2022-12-03T22:06:55","slug":"le-champ-du-lutin","status":"publish","type":"page","link":"https:\/\/mythslegendes.com\/es\/mitologia-irlandesa\/el-campo-del-elfo\/","title":{"rendered":"El campo de los elfos"},"content":{"rendered":"<div data-elementor-type=\"wp-page\" data-elementor-id=\"571\" class=\"elementor elementor-571\">\n\t\t\t\t\t\t<section class=\"elementor-section elementor-top-section elementor-element elementor-element-82bc9b9 elementor-section-boxed elementor-section-height-default elementor-section-height-default\" data-id=\"82bc9b9\" data-element_type=\"section\" data-e-type=\"section\">\n\t\t\t\t\t\t<div class=\"elementor-container elementor-column-gap-default\">\n\t\t\t\t\t<div class=\"elementor-column elementor-col-50 elementor-top-column elementor-element elementor-element-9400c5d\" data-id=\"9400c5d\" data-element_type=\"column\" data-e-type=\"column\">\n\t\t\t<div class=\"elementor-widget-wrap elementor-element-populated\">\n\t\t\t\t\t\t<div class=\"elementor-element elementor-element-bc174c5 elementor-align-justify elementor-widget elementor-widget-button\" data-id=\"bc174c5\" data-element_type=\"widget\" data-e-type=\"widget\" data-widget_type=\"button.default\">\n\t\t\t\t<div class=\"elementor-widget-container\">\n\t\t\t\t\t\t\t\t\t<div class=\"elementor-button-wrapper\">\n\t\t\t\t\t<a class=\"elementor-button elementor-button-link elementor-size-sm\" href=\"https:\/\/mythslegendes.com\/es\/mitologia-irlandesa\/\">\n\t\t\t\t\t\t<span class=\"elementor-button-content-wrapper\">\n\t\t\t\t\t\t\t\t\t<span class=\"elementor-button-text\">Mitolog\u00eda irlandesa<\/span>\n\t\t\t\t\t<\/span>\n\t\t\t\t\t<\/a>\n\t\t\t\t<\/div>\n\t\t\t\t\t\t\t\t<\/div>\n\t\t\t\t<\/div>\n\t\t\t\t\t<\/div>\n\t\t<\/div>\n\t\t\t\t<div class=\"elementor-column elementor-col-50 elementor-top-column elementor-element elementor-element-6254bf3\" data-id=\"6254bf3\" data-element_type=\"column\" data-e-type=\"column\">\n\t\t\t<div class=\"elementor-widget-wrap elementor-element-populated\">\n\t\t\t\t\t\t<div class=\"elementor-element elementor-element-5076129 elementor-align-justify elementor-widget elementor-widget-button\" data-id=\"5076129\" data-element_type=\"widget\" data-e-type=\"widget\" data-widget_type=\"button.default\">\n\t\t\t\t<div class=\"elementor-widget-container\">\n\t\t\t\t\t\t\t\t\t<div class=\"elementor-button-wrapper\">\n\t\t\t\t\t<a class=\"elementor-button elementor-button-link elementor-size-sm\" href=\"https:\/\/fr.wikipedia.org\/wiki\/Mythologie_celtique_irlandaise\" target=\"_blank\" rel=\"noopener\">\n\t\t\t\t\t\t<span class=\"elementor-button-content-wrapper\">\n\t\t\t\t\t\t\t\t\t<span class=\"elementor-button-text\">Wiki<\/span>\n\t\t\t\t\t<\/span>\n\t\t\t\t\t<\/a>\n\t\t\t\t<\/div>\n\t\t\t\t\t\t\t\t<\/div>\n\t\t\t\t<\/div>\n\t\t\t\t\t<\/div>\n\t\t<\/div>\n\t\t\t\t\t<\/div>\n\t\t<\/section>\n\t\t\t\t<section class=\"elementor-section elementor-top-section elementor-element elementor-element-2cbc0288 elementor-section-boxed elementor-section-height-default elementor-section-height-default\" data-id=\"2cbc0288\" data-element_type=\"section\" data-e-type=\"section\">\n\t\t\t\t\t\t<div class=\"elementor-container elementor-column-gap-default\">\n\t\t\t\t\t<div class=\"elementor-column elementor-col-100 elementor-top-column elementor-element elementor-element-45dbb72f\" data-id=\"45dbb72f\" data-element_type=\"column\" data-e-type=\"column\">\n\t\t\t<div class=\"elementor-widget-wrap elementor-element-populated\">\n\t\t\t\t\t\t<div class=\"elementor-element elementor-element-3a4fd99d elementor-widget elementor-widget-text-editor\" data-id=\"3a4fd99d\" data-element_type=\"widget\" data-e-type=\"widget\" data-widget_type=\"text-editor.default\">\n\t\t\t\t<div class=\"elementor-widget-container\">\n\t\t\t\t\t\t\t\t\t\n<p>Se dice que hab\u00eda en alg\u00fan lugar <a href=\"https:\/\/mythslegendes.com\/es\/mitologia-irlandesa\/\">Irlanda<\/a> un territorio vedado a los hombres, que deb\u00eda permanecer virgen y salvaje, porque pertenec\u00eda a un duende. Este territorio se llama el campo de los elfos.<\/p>\n<p><img decoding=\"async\" class=\"alignnone wp-image-5284 size-full\" src=\"https:\/\/mythslegendes.com\/wp-content\/uploads\/2020\/09\/AlphaOmega-e1602613368367.png\" alt=\"campo de duendes\" width=\"25\" height=\"26\" title=\"\"><\/p>\n<div id=\"ez-toc-container\" class=\"ez-toc-v2_0_82_2 counter-hierarchy ez-toc-counter ez-toc-grey ez-toc-container-direction\">\n<div class=\"ez-toc-title-container\">\n<p class=\"ez-toc-title\" style=\"cursor:inherit\">Contenido<\/p>\n<span class=\"ez-toc-title-toggle\"><a href=\"#\" class=\"ez-toc-pull-right ez-toc-btn ez-toc-btn-xs ez-toc-btn-default ez-toc-toggle\" aria-label=\"Alternar tabla de contenidos\"><span class=\"ez-toc-js-icon-con\"><span class=\"\"><span class=\"eztoc-hide\" style=\"display:none;\">Palanca<\/span><span class=\"ez-toc-icon-toggle-span\"><svg style=\"fill: #999;color:#999\" xmlns=\"http:\/\/www.w3.org\/2000\/svg\" class=\"list-377408\" width=\"20px\" height=\"20px\" viewbox=\"0 0 24 24\" fill=\"none\"><path d=\"M6 6H4v2h2V6zm14 0H8v2h12V6zM4 11h2v2H4v-2zm16 0H8v2h12v-2zM4 16h2v2H4v-2zm16 0H8v2h12v-2z\" fill=\"currentColor\"><\/path><\/svg><svg style=\"fill: #999;color:#999\" class=\"arrow-unsorted-368013\" xmlns=\"http:\/\/www.w3.org\/2000\/svg\" width=\"10px\" height=\"10px\" viewbox=\"0 0 24 24\" version=\"1.2\" baseprofile=\"tiny\"><path d=\"M18.2 9.3l-6.2-6.3-6.2 6.3c-.2.2-.3.4-.3.7s.1.5.3.7c.2.2.4.3.7.3h11c.3 0 .5-.1.7-.3.2-.2.3-.5.3-.7s-.1-.5-.3-.7zM5.8 14.7l6.2 6.3 6.2-6.3c.2-.2.3-.5.3-.7s-.1-.5-.3-.7c-.2-.2-.4-.3-.7-.3h-11c-.3 0-.5.1-.7.3-.2.2-.3.5-.3.7s.1.5.3.7z\"\/><\/svg><\/span><\/span><\/span><\/a><\/span><\/div>\n<nav><ul class='ez-toc-list ez-toc-list-level-1' ><li class='ez-toc-page-1 ez-toc-heading-level-2'><a class=\"ez-toc-link ez-toc-heading-1\" href=\"https:\/\/mythslegendes.com\/es\/mitologia-irlandesa\/el-campo-del-elfo\/#Le-champ-du-lutin\" >El campo de los elfos<\/a><\/li><\/ul><\/nav><\/div>\n<h2><span class=\"ez-toc-section\" id=\"Le-champ-du-lutin\"><\/span>El campo de los elfos<span class=\"ez-toc-section-end\"><\/span><\/h2>\n<p>Un d\u00eda, un hombre decidi\u00f3 cultivar este campo prohibido y luego quiso voltear el suelo. Apenas tom\u00f3 su pala y se puso en marcha cuando escuch\u00f3 una vocecita traviesa que le dec\u00eda:<br \/>- Pero, qu\u00e9 haces ah\u00ed ?<br \/>Era un peque\u00f1o elfo que acababa de salir de un agujero en el suelo.<br \/>\u201cBueno, he venido a arar el campo\u201d, respondi\u00f3 el hombre.<br \/>&quot;\u00bfY qui\u00e9n te dio permiso?&quot; retom\u00f3 el duende<br \/>\u201cNadie\u201d, dijo el hombre, un poco estupefacto.<br \/>\u2013 Entonces espera, dijo el duende, te ayudaremos.<br \/>Y aparecieron cien duendes, y le ayudaron a voltear la tierra.<\/p>\n\n<p>Al d\u00eda siguiente, el hombre quer\u00eda sembrar. Apenas hubo querido sembrar cuando la misma vocecita le dijo:<br \/>- Pero, qu\u00e9 haces ah\u00ed ?<br \/>\u2013 Pues planto, respondi\u00f3 el hombre.<br \/>&quot;\u00bfY qui\u00e9n te dio permiso?&quot;<br \/>- Persona !<br \/>\u2013 As\u00ed que espera, te ayudaremos, dijo el elfo.<br \/>Entonces aparecieron doscientos duendes y lo ayudaron a sembrar su campo.<\/p>\n\n<p>Cuando el trigo creci\u00f3, hab\u00eda que cosecharlo, pero el hombre estaba enfermo, as\u00ed que pregunt\u00f3 por su hijo peque\u00f1o. Cuando lleg\u00f3 frente al campo, no pudo resistir: rompi\u00f3 una espiga para probar el trigo.<br \/>- Pero qu\u00e9 haces ah\u00ed, entonces pregunt\u00f3 el mismo elfo que acababa de aparecer.<br \/>\u201cBueno, pruebo el trigo\u201d, respondi\u00f3 el hijo.<br \/>&quot;\u00bfY qui\u00e9n te dio permiso?&quot;<br \/>\u2013 Nadie: es el campo de mi padre, defendi\u00f3 el ni\u00f1o.<br \/>\u2013 As\u00ed que espera, te ayudaremos, dijo el elfo.<br \/>Y vinieron cuatrocientos duendes y masticaron todo el trigo en unos momentos.<\/p>\n\n<p>Cuando el padre vio esto, se enfureci\u00f3 violentamente y comenz\u00f3 a golpear a su hijo, a quien amaba mucho.<br \/>- Pero que haces ah\u00ed, pregunt\u00f3 el elfo que nuevamente acababa de llegar.<br \/>\u201cLe estoy pegando a mi hijo, que se ha comido todo mi campo\u201d, respondi\u00f3 el hombre furioso.<br \/>&quot;Entonces espera, te ayudaremos&quot;, dijo el duendecillo con dureza.<br \/>Y se levantaron ochocientos duendes, e hirieron al ni\u00f1o hasta matarlo.<\/p>\n\n<p>Entonces vino la madre, y al ver esto, tom\u00f3 a su hijo en brazos, y se ech\u00f3 a llorar.<br \/>- Pero que haces aqu\u00ed, pregunt\u00f3 el duende con una mirada triste.<br \/>\u201cLloro a mi hijo que muri\u00f3\u201d, dijo la madre, sollozando.<br \/>\u2013 As\u00ed que espera, te ayudaremos\u2026<br \/>Entonces mil seiscientos elfos se levantaron del suelo y comenzaron a derramar todas las l\u00e1grimas en sus cuerpos, llorando por el ni\u00f1o con su madre. Las l\u00e1grimas, tantas, se hicieron r\u00edos, y se llevaron a la madre y al ni\u00f1o.<\/p>\n\n<p>As\u00ed que el padre se qued\u00f3 solo, aturdido ante su campo devastado y su familia arrasada. Le pic\u00f3 un insecto y se rasc\u00f3 para quitarse la picaz\u00f3n. Entonces el duende le pregunt\u00f3:<br \/>- Pero, qu\u00e9 haces ah\u00ed ?<br \/>\u2013 Me rasco porque me ha picado un insecto.<br \/>- Entonces espera, te ayudaremos, prosigui\u00f3 el elfo.<br \/>Y aparecieron tres mil doscientos duendes, y ara\u00f1aron su piel, luego su carne. Eventualmente, los goblins lo ara\u00f1aron hasta los huesos...<\/p>\n\t\t\t\t\t\t\t\t<\/div>\n\t\t\t\t<\/div>\n\t\t\t\t\t<\/div>\n\t\t<\/div>\n\t\t\t\t\t<\/div>\n\t\t<\/section>\n\t\t\t\t<\/div>","protected":false},"excerpt":{"rendered":"<p>Wiki Mitolog\u00eda Irlandesa Se dice que en alg\u00fan lugar de Irlanda hab\u00eda un territorio prohibido a los hombres, que deb\u00eda permanecer... <\/p>","protected":false},"author":1,"featured_media":0,"parent":439,"menu_order":0,"comment_status":"closed","ping_status":"closed","template":"","meta":{"footnotes":""},"class_list":["post-571","page","type-page","status-publish","hentry"],"amp_enabled":true,"_links":{"self":[{"href":"https:\/\/mythslegendes.com\/es\/wp-json\/wp\/v2\/pages\/571","targetHints":{"allow":["GET"]}}],"collection":[{"href":"https:\/\/mythslegendes.com\/es\/wp-json\/wp\/v2\/pages"}],"about":[{"href":"https:\/\/mythslegendes.com\/es\/wp-json\/wp\/v2\/types\/page"}],"author":[{"embeddable":true,"href":"https:\/\/mythslegendes.com\/es\/wp-json\/wp\/v2\/users\/1"}],"replies":[{"embeddable":true,"href":"https:\/\/mythslegendes.com\/es\/wp-json\/wp\/v2\/comments?post=571"}],"version-history":[{"count":1,"href":"https:\/\/mythslegendes.com\/es\/wp-json\/wp\/v2\/pages\/571\/revisions"}],"predecessor-version":[{"id":24549,"href":"https:\/\/mythslegendes.com\/es\/wp-json\/wp\/v2\/pages\/571\/revisions\/24549"}],"up":[{"embeddable":true,"href":"https:\/\/mythslegendes.com\/es\/wp-json\/wp\/v2\/pages\/439"}],"wp:attachment":[{"href":"https:\/\/mythslegendes.com\/es\/wp-json\/wp\/v2\/media?parent=571"}],"curies":[{"name":"wp","href":"https:\/\/api.w.org\/{rel}","templated":true}]}}