{"id":581,"date":"2020-06-12T15:45:23","date_gmt":"2020-06-12T14:45:23","guid":{"rendered":"https:\/\/mythslegendes.com\/?page_id=581"},"modified":"2022-12-03T22:06:55","modified_gmt":"2022-12-03T22:06:55","slug":"athirne-et-amergin","status":"publish","type":"page","link":"https:\/\/mythslegendes.com\/es\/mitologia-irlandesa\/athirne-y-amergin\/","title":{"rendered":"Athirne y Amergin"},"content":{"rendered":"<div data-elementor-type=\"wp-page\" data-elementor-id=\"581\" class=\"elementor elementor-581\">\n\t\t\t\t\t\t<section class=\"elementor-section elementor-top-section elementor-element elementor-element-5e71076 elementor-section-boxed elementor-section-height-default elementor-section-height-default\" data-id=\"5e71076\" data-element_type=\"section\" data-e-type=\"section\">\n\t\t\t\t\t\t<div class=\"elementor-container elementor-column-gap-default\">\n\t\t\t\t\t<div class=\"elementor-column elementor-col-50 elementor-top-column elementor-element elementor-element-635fe82\" data-id=\"635fe82\" data-element_type=\"column\" data-e-type=\"column\">\n\t\t\t<div class=\"elementor-widget-wrap elementor-element-populated\">\n\t\t\t\t\t\t<div class=\"elementor-element elementor-element-95bbc52 elementor-align-justify elementor-widget elementor-widget-button\" data-id=\"95bbc52\" data-element_type=\"widget\" data-e-type=\"widget\" data-widget_type=\"button.default\">\n\t\t\t\t<div class=\"elementor-widget-container\">\n\t\t\t\t\t\t\t\t\t<div class=\"elementor-button-wrapper\">\n\t\t\t\t\t<a class=\"elementor-button elementor-button-link elementor-size-sm\" href=\"https:\/\/mythslegendes.com\/es\/mitologia-irlandesa\/\">\n\t\t\t\t\t\t<span class=\"elementor-button-content-wrapper\">\n\t\t\t\t\t\t\t\t\t<span class=\"elementor-button-text\">Mitolog\u00eda irlandesa<\/span>\n\t\t\t\t\t<\/span>\n\t\t\t\t\t<\/a>\n\t\t\t\t<\/div>\n\t\t\t\t\t\t\t\t<\/div>\n\t\t\t\t<\/div>\n\t\t\t\t\t<\/div>\n\t\t<\/div>\n\t\t\t\t<div class=\"elementor-column elementor-col-50 elementor-top-column elementor-element elementor-element-188a2a9\" data-id=\"188a2a9\" data-element_type=\"column\" data-e-type=\"column\">\n\t\t\t<div class=\"elementor-widget-wrap elementor-element-populated\">\n\t\t\t\t\t\t<div class=\"elementor-element elementor-element-fecce01 elementor-align-justify elementor-widget elementor-widget-button\" data-id=\"fecce01\" data-element_type=\"widget\" data-e-type=\"widget\" data-widget_type=\"button.default\">\n\t\t\t\t<div class=\"elementor-widget-container\">\n\t\t\t\t\t\t\t\t\t<div class=\"elementor-button-wrapper\">\n\t\t\t\t\t<a class=\"elementor-button elementor-button-link elementor-size-sm\" href=\"https:\/\/fr.wikipedia.org\/wiki\/Mythologie_celtique_irlandaise\" target=\"_blank\" rel=\"noopener\">\n\t\t\t\t\t\t<span class=\"elementor-button-content-wrapper\">\n\t\t\t\t\t\t\t\t\t<span class=\"elementor-button-text\">Wiki<\/span>\n\t\t\t\t\t<\/span>\n\t\t\t\t\t<\/a>\n\t\t\t\t<\/div>\n\t\t\t\t\t\t\t\t<\/div>\n\t\t\t\t<\/div>\n\t\t\t\t\t<\/div>\n\t\t<\/div>\n\t\t\t\t\t<\/div>\n\t\t<\/section>\n\t\t\t\t<section class=\"elementor-section elementor-top-section elementor-element elementor-element-6d2b31e7 elementor-section-boxed elementor-section-height-default elementor-section-height-default\" data-id=\"6d2b31e7\" data-element_type=\"section\" data-e-type=\"section\">\n\t\t\t\t\t\t<div class=\"elementor-container elementor-column-gap-default\">\n\t\t\t\t\t<div class=\"elementor-column elementor-col-100 elementor-top-column elementor-element elementor-element-6ad2ba9b\" data-id=\"6ad2ba9b\" data-element_type=\"column\" data-e-type=\"column\">\n\t\t\t<div class=\"elementor-widget-wrap elementor-element-populated\">\n\t\t\t\t\t\t<div class=\"elementor-element elementor-element-6d3cdd5a elementor-widget elementor-widget-text-editor\" data-id=\"6d3cdd5a\" data-element_type=\"widget\" data-e-type=\"widget\" data-widget_type=\"text-editor.default\">\n\t\t\t\t<div class=\"elementor-widget-container\">\n\t\t\t\t\t\t\t\t\t\n<p>aqu\u00ed est\u00e1 <a href=\"https:\/\/mythslegendes.com\/es\/\">leyenda<\/a> de la <a href=\"https:\/\/mythslegendes.com\/es\/\">mitolog\u00eda<\/a> Irland\u00e9s de Athirne y Amergin.<\/p>\n<p><img decoding=\"async\" class=\"alignnone wp-image-5284 size-full\" src=\"https:\/\/mythslegendes.com\/wp-content\/uploads\/2020\/09\/AlphaOmega-e1602613368367.png\" alt=\"Athirne y Amergin\" width=\"25\" height=\"26\" title=\"\"><\/p>\n<div id=\"ez-toc-container\" class=\"ez-toc-v2_0_82_2 counter-hierarchy ez-toc-counter ez-toc-grey ez-toc-container-direction\">\n<div class=\"ez-toc-title-container\">\n<p class=\"ez-toc-title\" style=\"cursor:inherit\">Contenido<\/p>\n<span class=\"ez-toc-title-toggle\"><a href=\"#\" class=\"ez-toc-pull-right ez-toc-btn ez-toc-btn-xs ez-toc-btn-default ez-toc-toggle\" aria-label=\"Alternar tabla de contenidos\"><span class=\"ez-toc-js-icon-con\"><span class=\"\"><span class=\"eztoc-hide\" style=\"display:none;\">Palanca<\/span><span class=\"ez-toc-icon-toggle-span\"><svg style=\"fill: #999;color:#999\" xmlns=\"http:\/\/www.w3.org\/2000\/svg\" class=\"list-377408\" width=\"20px\" height=\"20px\" viewbox=\"0 0 24 24\" fill=\"none\"><path d=\"M6 6H4v2h2V6zm14 0H8v2h12V6zM4 11h2v2H4v-2zm16 0H8v2h12v-2zM4 16h2v2H4v-2zm16 0H8v2h12v-2z\" fill=\"currentColor\"><\/path><\/svg><svg style=\"fill: #999;color:#999\" class=\"arrow-unsorted-368013\" xmlns=\"http:\/\/www.w3.org\/2000\/svg\" width=\"10px\" height=\"10px\" viewbox=\"0 0 24 24\" version=\"1.2\" baseprofile=\"tiny\"><path d=\"M18.2 9.3l-6.2-6.3-6.2 6.3c-.2.2-.3.4-.3.7s.1.5.3.7c.2.2.4.3.7.3h11c.3 0 .5-.1.7-.3.2-.2.3-.5.3-.7s-.1-.5-.3-.7zM5.8 14.7l6.2 6.3 6.2-6.3c.2-.2.3-.5.3-.7s-.1-.5-.3-.7c-.2-.2-.4-.3-.7-.3h-11c-.3 0-.5.1-.7.3-.2.2-.3.5-.3.7s.1.5.3.7z\"\/><\/svg><\/span><\/span><\/span><\/a><\/span><\/div>\n<nav><ul class='ez-toc-list ez-toc-list-level-1' ><li class='ez-toc-page-1 ez-toc-heading-level-2'><a class=\"ez-toc-link ez-toc-heading-1\" href=\"https:\/\/mythslegendes.com\/es\/mitologia-irlandesa\/athirne-y-amergin\/#Athirne-et-Amergin\" >Athirne y Amergin<\/a><\/li><\/ul><\/nav><\/div>\n<h2><span class=\"ez-toc-section\" id=\"Athirne-et-Amergin\"><\/span>Athirne y Amergin<span class=\"ez-toc-section-end\"><\/span><\/h2>\n<p>Un d\u00eda, Athirne vino en un viaje de oto\u00f1o a la casa de su hijo adoptivo, Amergin, y pas\u00f3 all\u00ed la noche. Estaba listo para partir al d\u00eda siguiente, pero Amergin dijo, para detenerlo:<\/p>\n\n<p>\u00a0\u00bb El oto\u00f1o es una buena estaci\u00f3n para detenerse; hay trabajo para todos antes de los d\u00edas m\u00e1s cortos. Los cervatillos manchados que est\u00e1n en medio de las ciervas, los arbustos de helechos rojos los mantienen protegidos; los ciervos descienden de los mont\u00edculos a la llamada del l\u00edder de la manada. Las bellotas son deliciosas en los vastos bosques, en los campos los tallos de trigo cubren la marr\u00f3n extensi\u00f3n de la tierra. Hay arbustos espinosos y tallos de zarzas en medio del palacio en ruinas; el suelo generoso est\u00e1 cubierto de frutos pesados. Las avellanas buenas para recoger caen de las copas de \u00e1rboles viejos y enormes a las zanjas. &quot;\u00a0<\/p>\n\n<p>De nuevo se dispuso a partir para el invierno, pero entonces Amergin dijo:<\/p>\n\n<p>\u00a0En la estaci\u00f3n oscura del profundo invierno se levanta una tempestad de olas en torno a la inmensidad del mundo. Afligidos est\u00e1n los p\u00e1jaros de las praderas, aparte de los cuervos que se alimentan de sangre carmes\u00ed, en el clamor del crudo invierno; \u00e1spero, negro, oscuro, oscuro, ahumado. Los perros rompen huesos con sa\u00f1a; la olla de hierro se pone al fuego despu\u00e9s del sombr\u00edo d\u00eda negro. &quot;\u00a0<\/p>\n\n<p>Nuevamente se prepar\u00f3 para partir en primavera, pero entonces Amergin dijo:<\/p>\n\n<p>\u00a0Crujiente y fr\u00eda es la primavera helada, la escarcha vendr\u00e1 con el viento; los patos de los pozos de agua dieron un grito. El lamento amargo y estridente de la grulla es un lamento apasionado que los lobos escuchan con las primeras luces de la ma\u00f1ana en el desierto; los p\u00e1jaros se despiertan en los prados, muchas son las criaturas salvajes que huyen de los bosques, de las verdes hierbas. &quot;\u00a0<\/p>\n\n<p>Nuevamente se prepar\u00f3 para partir en el verano, y Amergin dijo, dej\u00e1ndolo ir:<\/p>\n\n<p>\u00a0\u00bb El verano es una buena estaci\u00f3n para viajes largos; tranquilo es el bosque encumbrado y encumbrado, que el silbido del viento no mover\u00e1; verde es el plumaje del bosque acogedor; los remolinos se arremolinan en el r\u00edo; dulce es el calor de la hierba. &quot;\u00a0<\/p>\n\t\t\t\t\t\t\t\t<\/div>\n\t\t\t\t<\/div>\n\t\t\t\t\t<\/div>\n\t\t<\/div>\n\t\t\t\t\t<\/div>\n\t\t<\/section>\n\t\t\t\t<\/div>","protected":false},"excerpt":{"rendered":"<p>Wiki de mitolog\u00eda irlandesa Aqu\u00ed est\u00e1 la leyenda de la mitolog\u00eda irlandesa de Athirne y Amergin. Athirne y Amergin Un d\u00eda, Athirne\u2026 <\/p>","protected":false},"author":1,"featured_media":0,"parent":439,"menu_order":0,"comment_status":"closed","ping_status":"closed","template":"","meta":{"footnotes":""},"class_list":["post-581","page","type-page","status-publish","hentry"],"amp_enabled":true,"_links":{"self":[{"href":"https:\/\/mythslegendes.com\/es\/wp-json\/wp\/v2\/pages\/581","targetHints":{"allow":["GET"]}}],"collection":[{"href":"https:\/\/mythslegendes.com\/es\/wp-json\/wp\/v2\/pages"}],"about":[{"href":"https:\/\/mythslegendes.com\/es\/wp-json\/wp\/v2\/types\/page"}],"author":[{"embeddable":true,"href":"https:\/\/mythslegendes.com\/es\/wp-json\/wp\/v2\/users\/1"}],"replies":[{"embeddable":true,"href":"https:\/\/mythslegendes.com\/es\/wp-json\/wp\/v2\/comments?post=581"}],"version-history":[{"count":1,"href":"https:\/\/mythslegendes.com\/es\/wp-json\/wp\/v2\/pages\/581\/revisions"}],"predecessor-version":[{"id":24551,"href":"https:\/\/mythslegendes.com\/es\/wp-json\/wp\/v2\/pages\/581\/revisions\/24551"}],"up":[{"embeddable":true,"href":"https:\/\/mythslegendes.com\/es\/wp-json\/wp\/v2\/pages\/439"}],"wp:attachment":[{"href":"https:\/\/mythslegendes.com\/es\/wp-json\/wp\/v2\/media?parent=581"}],"curies":[{"name":"wp","href":"https:\/\/api.w.org\/{rel}","templated":true}]}}