{"id":585,"date":"2020-06-12T15:48:51","date_gmt":"2020-06-12T14:48:51","guid":{"rendered":"https:\/\/mythslegendes.com\/?page_id=585"},"modified":"2022-12-03T22:06:55","modified_gmt":"2022-12-03T22:06:55","slug":"la-courtise-de-ferb","status":"publish","type":"page","link":"https:\/\/mythslegendes.com\/es\/mitologia-irlandesa\/el-cortejo-de-ferb\/","title":{"rendered":"La corte de Ferb"},"content":{"rendered":"\t\t<div data-elementor-type=\"wp-page\" data-elementor-id=\"585\" class=\"elementor elementor-585\">\n\t\t\t\t\t\t<section class=\"elementor-section elementor-top-section elementor-element elementor-element-2601627 elementor-section-boxed elementor-section-height-default elementor-section-height-default\" data-id=\"2601627\" data-element_type=\"section\" data-e-type=\"section\">\n\t\t\t\t\t\t<div class=\"elementor-container elementor-column-gap-default\">\n\t\t\t\t\t<div class=\"elementor-column elementor-col-50 elementor-top-column elementor-element elementor-element-d5fe868\" data-id=\"d5fe868\" data-element_type=\"column\" data-e-type=\"column\">\n\t\t\t<div class=\"elementor-widget-wrap elementor-element-populated\">\n\t\t\t\t\t\t<div class=\"elementor-element elementor-element-d001bab elementor-align-justify elementor-widget elementor-widget-button\" data-id=\"d001bab\" data-element_type=\"widget\" data-e-type=\"widget\" data-widget_type=\"button.default\">\n\t\t\t\t<div class=\"elementor-widget-container\">\n\t\t\t\t\t\t\t\t\t<div class=\"elementor-button-wrapper\">\n\t\t\t\t\t<a class=\"elementor-button elementor-button-link elementor-size-sm\" href=\"https:\/\/mythslegendes.com\/mythologie-irlandaise\/\">\n\t\t\t\t\t\t<span class=\"elementor-button-content-wrapper\">\n\t\t\t\t\t\t\t\t\t<span class=\"elementor-button-text\">Mythologie irlandaise<\/span>\n\t\t\t\t\t<\/span>\n\t\t\t\t\t<\/a>\n\t\t\t\t<\/div>\n\t\t\t\t\t\t\t\t<\/div>\n\t\t\t\t<\/div>\n\t\t\t\t\t<\/div>\n\t\t<\/div>\n\t\t\t\t<div class=\"elementor-column elementor-col-50 elementor-top-column elementor-element elementor-element-a14689c\" data-id=\"a14689c\" data-element_type=\"column\" data-e-type=\"column\">\n\t\t\t<div class=\"elementor-widget-wrap elementor-element-populated\">\n\t\t\t\t\t\t<div class=\"elementor-element elementor-element-5082c81 elementor-align-justify elementor-widget elementor-widget-button\" data-id=\"5082c81\" data-element_type=\"widget\" data-e-type=\"widget\" data-widget_type=\"button.default\">\n\t\t\t\t<div class=\"elementor-widget-container\">\n\t\t\t\t\t\t\t\t\t<div class=\"elementor-button-wrapper\">\n\t\t\t\t\t<a class=\"elementor-button elementor-button-link elementor-size-sm\" href=\"https:\/\/fr.wikipedia.org\/wiki\/Mythologie_celtique_irlandaise\" target=\"_blank\" rel=\"noopener\">\n\t\t\t\t\t\t<span class=\"elementor-button-content-wrapper\">\n\t\t\t\t\t\t\t\t\t<span class=\"elementor-button-text\">Wiki<\/span>\n\t\t\t\t\t<\/span>\n\t\t\t\t\t<\/a>\n\t\t\t\t<\/div>\n\t\t\t\t\t\t\t\t<\/div>\n\t\t\t\t<\/div>\n\t\t\t\t\t<\/div>\n\t\t<\/div>\n\t\t\t\t\t<\/div>\n\t\t<\/section>\n\t\t\t\t<section class=\"elementor-section elementor-top-section elementor-element elementor-element-6a393c59 elementor-section-boxed elementor-section-height-default elementor-section-height-default\" data-id=\"6a393c59\" data-element_type=\"section\" data-e-type=\"section\">\n\t\t\t\t\t\t<div class=\"elementor-container elementor-column-gap-default\">\n\t\t\t\t\t<div class=\"elementor-column elementor-col-100 elementor-top-column elementor-element elementor-element-7a7576ef\" data-id=\"7a7576ef\" data-element_type=\"column\" data-e-type=\"column\">\n\t\t\t<div class=\"elementor-widget-wrap elementor-element-populated\">\n\t\t\t\t\t\t<div class=\"elementor-element elementor-element-11bf909 elementor-widget elementor-widget-text-editor\" data-id=\"11bf909\" data-element_type=\"widget\" data-e-type=\"widget\" data-widget_type=\"text-editor.default\">\n\t\t\t\t<div class=\"elementor-widget-container\">\n\t\t\t\t\t\t\t\t\t\n<p>Voici l&rsquo;histoire de la Courtise de Ferb, de la <a href=\"https:\/\/mythslegendes.com\/es\/mitologia-irlandesa\/\">branche rouge<\/a> de la <a href=\"https:\/\/mythslegendes.com\/es\/\">mythologie<\/a> irlandaise.<\/p>\n<p><img decoding=\"async\" class=\"alignnone wp-image-5284 size-full\" src=\"https:\/\/mythslegendes.com\/wp-content\/uploads\/2020\/09\/AlphaOmega-e1602613368367.png\" alt=\"la Courtise de Ferb\" width=\"25\" height=\"26\" title=\"\"><\/p>\n<div id=\"ez-toc-container\" class=\"ez-toc-v2_0_82_2 counter-hierarchy ez-toc-counter ez-toc-grey ez-toc-container-direction\">\n<div class=\"ez-toc-title-container\">\n<p class=\"ez-toc-title\" style=\"cursor:inherit\">Contenus<\/p>\n<span class=\"ez-toc-title-toggle\"><a href=\"#\" class=\"ez-toc-pull-right ez-toc-btn ez-toc-btn-xs ez-toc-btn-default ez-toc-toggle\" aria-label=\"Alternar tabla de contenidos\"><span class=\"ez-toc-js-icon-con\"><span class=\"\"><span class=\"eztoc-hide\" style=\"display:none;\">Toggle<\/span><span class=\"ez-toc-icon-toggle-span\"><svg style=\"fill: #999;color:#999\" xmlns=\"http:\/\/www.w3.org\/2000\/svg\" class=\"list-377408\" width=\"20px\" height=\"20px\" viewBox=\"0 0 24 24\" fill=\"none\"><path d=\"M6 6H4v2h2V6zm14 0H8v2h12V6zM4 11h2v2H4v-2zm16 0H8v2h12v-2zM4 16h2v2H4v-2zm16 0H8v2h12v-2z\" fill=\"currentColor\"><\/path><\/svg><svg style=\"fill: #999;color:#999\" class=\"arrow-unsorted-368013\" xmlns=\"http:\/\/www.w3.org\/2000\/svg\" width=\"10px\" height=\"10px\" viewBox=\"0 0 24 24\" version=\"1.2\" baseProfile=\"tiny\"><path d=\"M18.2 9.3l-6.2-6.3-6.2 6.3c-.2.2-.3.4-.3.7s.1.5.3.7c.2.2.4.3.7.3h11c.3 0 .5-.1.7-.3.2-.2.3-.5.3-.7s-.1-.5-.3-.7zM5.8 14.7l6.2 6.3 6.2-6.3c.2-.2.3-.5.3-.7s-.1-.5-.3-.7c-.2-.2-.4-.3-.7-.3h-11c-.3 0-.5.1-.7.3-.2.2-.3.5-.3.7s.1.5.3.7z\"\/><\/svg><\/span><\/span><\/span><\/a><\/span><\/div>\n<nav><ul class='ez-toc-list ez-toc-list-level-1 ' ><li class='ez-toc-page-1 ez-toc-heading-level-2'><a class=\"ez-toc-link ez-toc-heading-1\" href=\"https:\/\/mythslegendes.com\/es\/mitologia-irlandesa\/el-cortejo-de-ferb\/#La-Courtise-de-Ferb\" >La Courtise de Ferb<\/a><\/li><\/ul><\/nav><\/div>\n<h2><span class=\"ez-toc-section\" id=\"La-Courtise-de-Ferb\"><\/span>La Courtise de Ferb<span class=\"ez-toc-section-end\"><\/span><\/h2>\n<p>Conchobar, le fils de Nessa, reposait une nuit dans son sommeil, et comme il \u00e9tait couch\u00e9 il eut une vision, car il vint \u00e0 lui une dame dans la fleur de la jeunesse, belle de forme et d&rsquo;apparence. \u00ab\u00a0Bon est mon accueil,\u00a0\u00bb d\u00e9clara la dame. \u00ab\u00a0En v\u00e9rit\u00e9 est-ce un bon accueil ?\u00a0\u00bb d\u00e9clara Conchobar. \u00ab\u00a0Que veut dire cette vision ?\u00a0\u00bb dit-il. \u00ab\u00a0Honneur et la bonne fortune t&rsquo;attendent,\u00bb r\u00e9pondit-elle. \u00ab\u00a0Et que m&rsquo;a donc,\u00a0\u00bb d\u00e9clara Conchobar, \u00ab\u00a0allou\u00e9 l&rsquo;avenir ?\u00a0\u00bb \u00ab\u00a0Les hommes d&rsquo;Irlande te rechercheront,\u00a0\u00bb dit la dame, \u00ab\u00a0et tes femmes, tes fils, tes filles, et ton b\u00e9tail seront enlev\u00e9s par Medb et par Ailill, et les avis rus\u00e9s de Fergus les aideront.\u00a0\u00bb \u00ab\u00a0Quand viendra le temps,\u00a0\u00bb dit Conchobar, \u00ab\u00a0o\u00f9 ils commenceront cette razzia ?\u00a0\u00bb \u00ab\u00a0Au cours d&rsquo;une nuit,\u00a0\u00bb dit-elle, \u00ab\u00a0qui est \u00e9loign\u00e9e de cette nuit de sept ans, le Blanc d\u00e9vastera les terres de Cualgne pour ce Brun venu de Cualgne, \u00e0 la poursuite desquels cette attaque contre ton peuple sera faite.\u00a0\u00bb \u00ab\u00a0Je n&rsquo;aime pas,\u00a0\u00bb, dit Conchobar, \u00ab\u00a0le genre de faits dont tu as parl\u00e9.\u00a0\u00bb \u00ab\u00a0Mais avant que ce jour ne vienne,\u00a0\u00bb dit-elle, \u00ab\u00a0il y a une action glorieuse \u00e0 faire pour toi. Dans les marches ext\u00e9rieures de ton royaume se trouve <a href=\"https:\/\/mythslegendes.com\/es\/mitologia-maniquea\/\">Mani<\/a> Morgor, le fils d&rsquo;Ailill, trois fois cinquante est le nombre des guerriers avec lui, et \u00e0 Glen Geirg, pr\u00e8s de toi, il se trouve maintenant, il est venu pour son mariage avec la fille de Gerg: le nom de la jeune fille est Ferb. L\u00e0 h\u00e2te-toi contre lui, car demain, \u00e0 la neuvi\u00e8me heure, le banquet sera donn\u00e9.\u00a0\u00bb \u00ab\u00a0Quel nombre\u00a0\u00bb, dit Conchobar, \u00ab\u00a0de guerriers dois-je prendre?\u00a0\u00bb \u00ab\u00a0Rassemble trois centaines de guerriers,\u00a0\u00bb dit-elle; et elle s&rsquo;\u00e9carta de lui, et elle disparut de sa vue. Au matin Conchobar se r\u00e9veilla, et \u00e0 Mumain Aitenchaitrech, sa reine, il conta l&rsquo;histoire qu&rsquo;il avait entendu. \u00ab\u00a0Si tu voulais m&rsquo;\u00e9couter,\u00a0\u00bb dit-elle, \u00ab\u00a0tu n&rsquo;irais pas &#8211; il y a d\u00e9j\u00e0 suffisamment de raisons de luttes pour notre peuple et pour eux.\u00a0\u00bb \u00ab\u00a0Par la route que nous prenons pour notre razzia\u00a0\u00bb, r\u00e9pondit Conchobar, \u00ab\u00a0je reviendrai assur\u00e9ment.\u00a0\u00bb \u00ab\u00a0Eh bien,\u00a0\u00bb dit-elle, \u00ab\u00a0va par la voie que tu recherches.\u00a0\u00bb<\/p>\n\n<p>Et ces trois centaines partirent, et all\u00e8rent ensuite, jusqu&rsquo;\u00e0 ce qu&rsquo;ils parviennent \u00e0 la maison de Gerg, jusqu&rsquo;\u00e0 ce qu&rsquo;ils aient atteint la forteresse de Raith Imbuee, o\u00f9 le roi Gerg demeurait. Les rumeurs de la musique leur parvenaient \u00e0 travers les murs, et la forteresse \u00e9tait ouverte devant eux. Conchobar s&rsquo;avan\u00e7a vers le ch\u00e2teau, et ses trois cents guerriers \u00e0 c\u00f4t\u00e9 de lui, de sorte qu&rsquo;ils se tenaient \u00e0 la porte. Belle \u00e9tait la maison du roi. L\u00e0 se trouvaient Gerg et Buan sa femme, trente [hommes] avec Flann, trente avec Dubhtach, trente avec Donnell, trente avec Angus, et une trentaine [d&rsquo;hommes] de son clan avec Falbe Flann. Ils \u00e9taient l\u00e0 en raison de la fid\u00e9lit\u00e9 qu&rsquo;ils devaient \u00e0 la maison de Gerg, \u00e0 c\u00f4t\u00e9 des serviteurs qui de la m\u00eame mani\u00e8re \u00e9taient l\u00e0; de plus, il y avait Mani et sa suite &#8211; trois fois cinquante \u00e9tait leur nombre.<\/p>\n\n<p>Or, tous ceux-l\u00e0 avaient leurs boucliers de cuivre. Si de chaque homme un boisseau d&rsquo;or et un boisseau d&rsquo;argent et de bronze avaient \u00e9t\u00e9 dus, les rivets de la lance de chaque homme parmi eux, avec les anneaux d&rsquo;or qui \u00e9taient sur leurs cheveux, auraient acquitt\u00e9 la dette. Dans la maison se trouvait une centaine de tables d&rsquo;airain. Une cuve d&rsquo;airain \u00e9tait sur le plancher de la maison, et elle avait \u00e9t\u00e9 remplie de vin. Durant trois jours et trois nuits, ils avaient festoy\u00e9, et, quand Conchobar vint \u00e0 la porte, seule la moiti\u00e9 du vin restait. Dans la maison se trouvaient Gerg et Buan sa femme et Mani Morgor, avec sa troupe de guerriers, \u00e0 boire le le vin et la bi\u00e8re, et la porte de la forteresse et la maison dans laquelle ils \u00e9taient assis \u00e9taient sans d\u00e9fense. Conchobar avan\u00e7a jusqu&rsquo;\u00e0 ce qu&rsquo;il atteigne la porte de la maison; de m\u00eame le serviteur de Conchobar s&rsquo;avan\u00e7a jusqu&rsquo;\u00e0 ce qu&rsquo;il arrive \u00e0 l&rsquo;int\u00e9rieur de cette maison. Le nom de ce serviteur \u00e9tait Broth\u00a0<em>[broth signifie bouillon]<\/em>. Alors le druide qui \u00e9tait avec eux jeta son cri de lamentation, et tous entendirent ce lai qu&rsquo;il chanta:<\/p>\n\n<p>\u00ab\u00a0Broth dans le bol est d\u00e9couvert,<br \/>Bient\u00f4t des \u00e9trangers le prendront;<br \/>Les troupes sont r\u00e9veill\u00e9es au bruit de la bataille,<br \/>Les h\u00e9ros verseront le sang!<br \/>Bien des demeures s&rsquo;effondrent,<br \/>Des Guerriers tombent dans des duels,<br \/>Des faits d&rsquo;armes les entrainent tous.<br \/>Ainsi est-il d\u00e9cr\u00e9t\u00e9!\u00a0\u00bb<\/p>\n\n<p>Puis Brod projeta sa lance sur Gerg, de sorte qu&rsquo;elle passa directement \u00e0 travers son corps. Et le roi Gerg laissa tomber la coupe de sa main, et il s&rsquo;effondra sur le plancher de la maison. \u00ab\u00a0Broth a \u00e9t\u00e9 trouv\u00e9 dans la coupe, O Gerg!\u00a0\u00bb s&rsquo;\u00e9cria Conchobar. \u00ab\u00a0Levez-vous, \u00f4 jeunes gens,\u00a0\u00bb dit-il et trente guerriers se ru\u00e8rent dans cette maison au c\u00f4t\u00e9 de Conchobar. Et du fils de Mill, Conchobar frappa la t\u00eate, et de m\u00eame une centaine de t\u00eates furent coup\u00e9es. Puis Conchobar et Brod sortirent de la maison, et il laissa le reste de ses jeunes guerriers derri\u00e8re lui; pendant trois jours et trois nuits ils rest\u00e8rent dans cette maison.<\/p>\n\n<p>Pendant ce temps, la dame, \u00e0 savoir la Badb, poursuivit son chemin, et dans Croghan elle apparut. \u00ab\u00a0Ton fils,\u00a0\u00bb dit-elle \u00e0 Medb, \u00ab\u00a0a \u00e9t\u00e9 vaincu \u00e0 Glenn Geirg.\u00a0\u00bb \u00ab\u00a0Qui l&rsquo;a vaincu ?\u00a0\u00bb dit-elle. \u00ab\u00a0Conchobar, avec les vaillants h\u00e9ros d&rsquo;Ulster autour de lui.\u00a0\u00bb Medb prit ses armes, et elle rassembla six cents de ses guerriers et jeunes h\u00e9ros, de plus elle emmena avec elle Fergus et les exil\u00e9s d&rsquo;Ulster, et elle marcha jusqu&rsquo;\u00e0 ce qu&rsquo;elle arrive \u00e0 Glenn Geirg, et l\u00e0 ils ont combattirent ensemble. Medb de sa propre main abbatit seize guerriers, ainsi que les deux Amalgaid, les deux fils de Conchobar. Une centaine d&rsquo;hommes d&rsquo;Ulster furent tu\u00e9s; mais quatre cents des hommes de Connaught et du peuple de Medb tomb\u00e8rent dans la lutte, et Medb fut d\u00e9faite. Puis les hommes de l&rsquo;Ulster all\u00e8rent dans la cit\u00e9 (o\u00f9 Gerg avait habit\u00e9), et aucun d&rsquo;entre les habitants de cette cit\u00e9 n&rsquo;\u00e9chappa \u00e0 leurs mains; et ils prirent tous les tr\u00e9sors et les choses co\u00fbteuses qui \u00e9taient l\u00e0, et ils enlev\u00e8rent la cuve d&rsquo;airain, de sorte qu&rsquo;elle vint dans le pays d&rsquo;Ulster, et ils d\u00e9barrass\u00e8rent la contr\u00e9e de cette troupe d&rsquo;hommes de Connaught, et ils retourn\u00e8rent en triomphe dans leur propre pays. Ainsi ce r\u00e9cit a \u00e0 voir avec cette razzia o\u00f9 le Taureau fut emmen\u00e9 \u00e0 l&rsquo;ouest, car c&rsquo;est alors que les hommes d&rsquo;Ulster emport\u00e8rent la cuve. Quand ils \u00e9taient tous rassembl\u00e9s pour une incursion, ou quand ils \u00e9taient r\u00e9unis pour une assembl\u00e9e, cette cuve \u00e9tait suffisante pour eux tous, et de c&rsquo;est ainsi que la cuve appel\u00e9e\u00a0<em>Ol n-guala<\/em>\u00a0entra en possession des hommes d&rsquo;Ulster, et de l\u00e0 aussi vient (le nom de) Loch Guala, qui est maintenant dans Daminis \u00e0 l&rsquo;int\u00e9rieur des fronti\u00e8res d&rsquo;Ulster.<\/p>\n\t\t\t\t\t\t\t\t<\/div>\n\t\t\t\t<\/div>\n\t\t\t\t\t<\/div>\n\t\t<\/div>\n\t\t\t\t\t<\/div>\n\t\t<\/section>\n\t\t\t\t<\/div>\n\t\t","protected":false},"excerpt":{"rendered":"<p>Wiki de mitolog\u00eda irlandesa Esta es la historia de la corte de Ferb, la rama roja de la mitolog\u00eda irlandesa. La corte ... <\/p>","protected":false},"author":1,"featured_media":0,"parent":439,"menu_order":0,"comment_status":"closed","ping_status":"closed","template":"","meta":{"footnotes":""},"class_list":["post-585","page","type-page","status-publish","hentry"],"amp_enabled":true,"_links":{"self":[{"href":"https:\/\/mythslegendes.com\/es\/wp-json\/wp\/v2\/pages\/585","targetHints":{"allow":["GET"]}}],"collection":[{"href":"https:\/\/mythslegendes.com\/es\/wp-json\/wp\/v2\/pages"}],"about":[{"href":"https:\/\/mythslegendes.com\/es\/wp-json\/wp\/v2\/types\/page"}],"author":[{"embeddable":true,"href":"https:\/\/mythslegendes.com\/es\/wp-json\/wp\/v2\/users\/1"}],"replies":[{"embeddable":true,"href":"https:\/\/mythslegendes.com\/es\/wp-json\/wp\/v2\/comments?post=585"}],"version-history":[{"count":1,"href":"https:\/\/mythslegendes.com\/es\/wp-json\/wp\/v2\/pages\/585\/revisions"}],"predecessor-version":[{"id":24552,"href":"https:\/\/mythslegendes.com\/es\/wp-json\/wp\/v2\/pages\/585\/revisions\/24552"}],"up":[{"embeddable":true,"href":"https:\/\/mythslegendes.com\/es\/wp-json\/wp\/v2\/pages\/439"}],"wp:attachment":[{"href":"https:\/\/mythslegendes.com\/es\/wp-json\/wp\/v2\/media?parent=585"}],"curies":[{"name":"wp","href":"https:\/\/api.w.org\/{rel}","templated":true}]}}