{"id":601,"date":"2020-06-15T09:45:30","date_gmt":"2020-06-15T08:45:30","guid":{"rendered":"https:\/\/mythslegendes.com\/?page_id=601"},"modified":"2022-12-03T22:06:56","modified_gmt":"2022-12-03T22:06:56","slug":"la-fille-qui-se-maria-a-un-mort","status":"publish","type":"page","link":"https:\/\/mythslegendes.com\/es\/mitologia-bretona\/la-chica-que-se-caso-hasta-la-muerte\/","title":{"rendered":"La chica que se cas\u00f3 con un muerto."},"content":{"rendered":"<div data-elementor-type=\"wp-page\" data-elementor-id=\"601\" class=\"elementor elementor-601\">\n\t\t\t\t\t\t<section class=\"elementor-section elementor-top-section elementor-element elementor-element-141ede8 elementor-section-boxed elementor-section-height-default elementor-section-height-default\" data-id=\"141ede8\" data-element_type=\"section\" data-e-type=\"section\">\n\t\t\t\t\t\t<div class=\"elementor-container elementor-column-gap-default\">\n\t\t\t\t\t<div class=\"elementor-column elementor-col-50 elementor-top-column elementor-element elementor-element-215136a\" data-id=\"215136a\" data-element_type=\"column\" data-e-type=\"column\">\n\t\t\t<div class=\"elementor-widget-wrap elementor-element-populated\">\n\t\t\t\t\t\t<div class=\"elementor-element elementor-element-cce040a elementor-align-justify elementor-widget elementor-widget-button\" data-id=\"cce040a\" data-element_type=\"widget\" data-e-type=\"widget\" data-widget_type=\"button.default\">\n\t\t\t\t<div class=\"elementor-widget-container\">\n\t\t\t\t\t\t\t\t\t<div class=\"elementor-button-wrapper\">\n\t\t\t\t\t<a class=\"elementor-button elementor-button-link elementor-size-sm\" href=\"https:\/\/mythslegendes.com\/es\/mitologia-bretona\/\">\n\t\t\t\t\t\t<span class=\"elementor-button-content-wrapper\">\n\t\t\t\t\t\t\t\t\t<span class=\"elementor-button-text\">Mitolog\u00eda bretona<\/span>\n\t\t\t\t\t<\/span>\n\t\t\t\t\t<\/a>\n\t\t\t\t<\/div>\n\t\t\t\t\t\t\t\t<\/div>\n\t\t\t\t<\/div>\n\t\t\t\t\t<\/div>\n\t\t<\/div>\n\t\t\t\t<div class=\"elementor-column elementor-col-50 elementor-top-column elementor-element elementor-element-868c621\" data-id=\"868c621\" data-element_type=\"column\" data-e-type=\"column\">\n\t\t\t<div class=\"elementor-widget-wrap elementor-element-populated\">\n\t\t\t\t\t\t<div class=\"elementor-element elementor-element-c02aed8 elementor-align-justify elementor-widget elementor-widget-button\" data-id=\"c02aed8\" data-element_type=\"widget\" data-e-type=\"widget\" data-widget_type=\"button.default\">\n\t\t\t\t<div class=\"elementor-widget-container\">\n\t\t\t\t\t\t\t\t\t<div class=\"elementor-button-wrapper\">\n\t\t\t\t\t<a class=\"elementor-button elementor-button-link elementor-size-sm\" href=\"https:\/\/fr.wikipedia.org\/wiki\/Mythologie_bretonne\" target=\"_blank\" rel=\"noopener\">\n\t\t\t\t\t\t<span class=\"elementor-button-content-wrapper\">\n\t\t\t\t\t\t\t\t\t<span class=\"elementor-button-text\">Wiki<\/span>\n\t\t\t\t\t<\/span>\n\t\t\t\t\t<\/a>\n\t\t\t\t<\/div>\n\t\t\t\t\t\t\t\t<\/div>\n\t\t\t\t<\/div>\n\t\t\t\t\t<\/div>\n\t\t<\/div>\n\t\t\t\t\t<\/div>\n\t\t<\/section>\n\t\t\t\t<section class=\"elementor-section elementor-top-section elementor-element elementor-element-4d750190 elementor-section-boxed elementor-section-height-default elementor-section-height-default\" data-id=\"4d750190\" data-element_type=\"section\" data-e-type=\"section\">\n\t\t\t\t\t\t<div class=\"elementor-container elementor-column-gap-default\">\n\t\t\t\t\t<div class=\"elementor-column elementor-col-100 elementor-top-column elementor-element elementor-element-4eb556f4\" data-id=\"4eb556f4\" data-element_type=\"column\" data-e-type=\"column\">\n\t\t\t<div class=\"elementor-widget-wrap elementor-element-populated\">\n\t\t\t\t\t\t<div class=\"elementor-element elementor-element-540212d elementor-widget elementor-widget-text-editor\" data-id=\"540212d\" data-element_type=\"widget\" data-e-type=\"widget\" data-widget_type=\"text-editor.default\">\n\t\t\t\t<div class=\"elementor-widget-container\">\n\t\t\t\t\t\t\t\t\t<p><\/p>\n<p>Hace mucho tiempo, esta es la historia de la ni\u00f1a que se cas\u00f3 con un hombre muerto.<br \/>Cuando las gallinas ten\u00edan dientes.<\/p>\n<p><img decoding=\"async\" class=\"alignnone wp-image-5284 size-full\" src=\"https:\/\/mythslegendes.com\/wp-content\/uploads\/2020\/09\/AlphaOmega-e1602613368367.png\" alt=\"la chica que se cas\u00f3 con un muerto\" width=\"25\" height=\"26\" title=\"\"><\/p>\n<div id=\"ez-toc-container\" class=\"ez-toc-v2_0_82_2 counter-hierarchy ez-toc-counter ez-toc-grey ez-toc-container-direction\">\n<div class=\"ez-toc-title-container\">\n<p class=\"ez-toc-title\" style=\"cursor:inherit\">Contenido<\/p>\n<span class=\"ez-toc-title-toggle\"><a href=\"#\" class=\"ez-toc-pull-right ez-toc-btn ez-toc-btn-xs ez-toc-btn-default ez-toc-toggle\" aria-label=\"Alternar tabla de contenidos\"><span class=\"ez-toc-js-icon-con\"><span class=\"\"><span class=\"eztoc-hide\" style=\"display:none;\">Palanca<\/span><span class=\"ez-toc-icon-toggle-span\"><svg style=\"fill: #999;color:#999\" xmlns=\"http:\/\/www.w3.org\/2000\/svg\" class=\"list-377408\" width=\"20px\" height=\"20px\" viewbox=\"0 0 24 24\" fill=\"none\"><path d=\"M6 6H4v2h2V6zm14 0H8v2h12V6zM4 11h2v2H4v-2zm16 0H8v2h12v-2zM4 16h2v2H4v-2zm16 0H8v2h12v-2z\" fill=\"currentColor\"><\/path><\/svg><svg style=\"fill: #999;color:#999\" class=\"arrow-unsorted-368013\" xmlns=\"http:\/\/www.w3.org\/2000\/svg\" width=\"10px\" height=\"10px\" viewbox=\"0 0 24 24\" version=\"1.2\" baseprofile=\"tiny\"><path d=\"M18.2 9.3l-6.2-6.3-6.2 6.3c-.2.2-.3.4-.3.7s.1.5.3.7c.2.2.4.3.7.3h11c.3 0 .5-.1.7-.3.2-.2.3-.5.3-.7s-.1-.5-.3-.7zM5.8 14.7l6.2 6.3 6.2-6.3c.2-.2.3-.5.3-.7s-.1-.5-.3-.7c-.2-.2-.4-.3-.7-.3h-11c-.3 0-.5.1-.7.3-.2.2-.3.5-.3.7s.1.5.3.7z\"\/><\/svg><\/span><\/span><\/span><\/a><\/span><\/div>\n<nav><ul class='ez-toc-list ez-toc-list-level-1' ><li class='ez-toc-page-1 ez-toc-heading-level-2'><a class=\"ez-toc-link ez-toc-heading-1\" href=\"https:\/\/mythslegendes.com\/es\/mitologia-bretona\/la-chica-que-se-caso-hasta-la-muerte\/#La-fille-qui-se-maria-a-un-mort\" >La chica que se cas\u00f3 con un muerto.<\/a><\/li><\/ul><\/nav><\/div>\n<h2><span class=\"ez-toc-section\" id=\"La-fille-qui-se-maria-a-un-mort\"><\/span>La chica que se cas\u00f3 con un muerto.<span class=\"ez-toc-section-end\"><\/span><\/h2>\n<p><\/p>\n<p>- La hija del rey se casa con un mendigo - Despu\u00e9s de la boda, el mendigo lleva a su esposa a casa - El hermano menor de la novia desea visitarlo y se va, siguiendo las instrucciones dadas por su cu\u00f1ado - Este \u00faltimo l &#039;invita a s\u00edguelo bajo tierra, donde se lleva a cabo el reencuentro - Intenta seguir a su cu\u00f1ado para averiguar d\u00f3nde pasa sus d\u00edas, pero lo enga\u00f1a y escapa de su supervisi\u00f3n<\/p>\n<p>- El joven regresa a casa y cuenta su aventura - El hermano mayor decide ir a su vez para tratar de desentra\u00f1ar el misterio - Sigue a su cu\u00f1ado hasta una iglesia donde lo ayuda a servir la misa de difuntos - En el camino a casa su cu\u00f1ado le da la explicaci\u00f3n de todo lo que ha pasado.<\/p>\n<p><\/p>\n<p>Un d\u00eda, un mendigo se acerc\u00f3 a un rey y le pidi\u00f3 limosna, en el nombre de Dios. La hija del rey se dio cuenta de esto y le dijo a su padre que quer\u00eda tener a este mendigo por esposo. El rey pens\u00f3 al principio que era una broma que su hija hablara as\u00ed.<\/p>\n<p>Pero, al ver que no era as\u00ed y que ella hablaba bien y en serio, le dijo:<br \/>- \u00a1Debiste haber perdido la cabeza, hija m\u00eda, para querer casarte con un mendigo, la hija de un rey como eres!<br \/>- No se puede negar, padre, debo tenerlo por marido, o morir\u00e9 de dolor.<\/p>\n<p>El rey amaba a su hija por encima de todo e hac\u00eda lo que ella quer\u00eda. Entonces \u00e9l le dijo que la dejar\u00eda tomar al mendigo por esposo. Pero, el mendigo pidi\u00f3 que la princesa, as\u00ed como su padre, su madre y sus dos hermanos fueran bautizados, antes del matrimonio, porque todos eran paganos. Todos fueron bautizados y el mendigo fue el padrino del pr\u00edncipe mayor. Luego se celebr\u00f3 la boda y hubo una gran fiesta.<\/p>\n<p>Cuando termin\u00f3 la boda, el esposo dijo:<\/p>\n<p><\/p>\n<p>- Ahora me ir\u00e9 a casa con mi esposa.<br \/>Y se despidi\u00f3 de su suegro, de su suegra y de toda la gente en la fiesta de bodas. Antes de irse, les dijo a los dos j\u00f3venes pr\u00edncipes sus cu\u00f1ados:<br \/>- Cuando quieras visitar a tu hermana, ve a una gran roca que est\u00e1 en el bosque cercano, golp\u00e9ala dos cruces con esta varita, y yo ir\u00e9 a encontrarte.<\/p>\n<p>Y les dio una varita blanca, y se fue inmediatamente con su esposa, y nadie supo ad\u00f3nde hab\u00edan ido.<br \/>Alg\u00fan tiempo despu\u00e9s de esto, el menor de los dos pr\u00edncipes dijo un d\u00eda:<\/p>\n<p><\/p>\n<p>- Debo ir a ver a mi hermana, para saber c\u00f3mo est\u00e1 donde est\u00e1.<\/p>\n<p>Y tom\u00f3 la varita blanca que le dio su cu\u00f1ado y se fue al bosque. Cuando estuvo cerca de la gran roca, golpe\u00f3 dos cruces sobre ella, y la roca se abri\u00f3 inmediatamente, y vio debajo a su cu\u00f1ado, quien le dijo:<\/p>\n<p>- \u00a1Ah! \u00bfEres t\u00fa, querido cu\u00f1ado? Me alegro mucho de volver a verte; pero, sin duda, \u00bfquieres ver a tu hermana tambi\u00e9n?<br \/>- S\u00ed, quiero ver a mi hermana, para saber c\u00f3mo est\u00e1.<br \/>- Y bien ! S\u00edgueme y la ver\u00e1s.<br \/>- O ?<br \/>- En mi palacio; baja y s\u00edgueme.<\/p>\n<p>El joven pr\u00edncipe dud\u00f3 en descender al agujero negro que vio frente a \u00e9l; pero el otro prosigui\u00f3:<br \/>- Ven conmigo y no tengas miedo; no te pasar\u00e1 ning\u00fan da\u00f1o.<\/p>\n<p><\/p>\n<p>Baj\u00f3 al hoyo, y ambos se hundieron profundamente bajo la tierra, hasta que llegaron a un magn\u00edfico castillo. En este castillo, el joven pr\u00edncipe vio a su hermana, en una hermosa habitaci\u00f3n, magn\u00edficamente vestida y sentada en un asiento dorado. Estaban muy felices de volver a verse. El amo del castillo se fue y los dej\u00f3 a los dos juntos.<\/p>\n<p>- \u00bfC\u00f3mo est\u00e1s aqu\u00ed, querida hermana? pregunt\u00f3 el hermano a la hermana.<br \/>- Me siento bien, querido hermano; todo lo que pueda desear se me concede de inmediato. Solo hay una cosa que no me gusta; mi marido no se queda conmigo. Todas las ma\u00f1anas se va de viaje, al amanecer, y todo el d\u00eda estoy solo.<\/p>\n<p>- \u00bfA d\u00f3nde va as\u00ed?<br \/>- No lo s\u00e9, querido hermano, no me lo dice. - Le pedir\u00e9, ma\u00f1ana, que lo vea.<br \/>- S\u00ed, preg\u00fantale.<\/p>\n<p>Al d\u00eda siguiente, el pr\u00edncipe se levant\u00f3 temprano en la ma\u00f1ana y le habl\u00f3 as\u00ed a su cu\u00f1ado:<br \/>- \u00bfTambi\u00e9n me gustar\u00eda ir contigo, a dar un paseo, cu\u00f1ado?<br \/>- No me importa, querido cu\u00f1ado.<\/p>\n<p>Pero apenas hab\u00edan salido del patio cuando el se\u00f1or del castillo pregunt\u00f3 a su cu\u00f1ado:<\/p>\n<p>- \u00bfLe cerraste la puerta a tu hermana?<br \/>- No, de verdad, respondi\u00f3.<br \/>- \u00a1Oye! bueno, ve a cerrar la puerta, r\u00e1pido, y luego vuelve.<\/p>\n<p>El pr\u00edncipe fue a cerrar la puerta; pero, cuando regres\u00f3, su cu\u00f1ado ya se hab\u00eda ido. Se enoj\u00f3 al ver esto y se dijo a s\u00ed mismo:<\/p>\n<p><\/p>\n<p>- Y bien ! Dado que esto es as\u00ed, volver\u00e9 a casa de inmediato.<br \/>Ten\u00eda su varita blanca consigo; golpe\u00f3 dos cruces en una gran roca<\/p>\n<p>Lo cual cerr\u00f3 la entrada al subterr\u00e1neo, cerca del castillo, y la roca se abri\u00f3 de inmediato, y entr\u00f3 al subterr\u00e1neo. Cuando lleg\u00f3 al otro extremo, dio dos golpes cruzados m\u00e1s en la roca que lo cerr\u00f3 por ese lado, que tambi\u00e9n se abri\u00f3 un poco, y se encontr\u00f3 en su casa sin dificultad.<br \/>Todos corr\u00edan a su alrededor, pidi\u00e9ndole noticias de su hermana. Cont\u00f3 todo lo que hab\u00eda visto y o\u00eddo.<\/p>\n<p>- \u00a1Jes\u00fas! Dijeron el padre y la madre, \u00bfqu\u00e9 es este hombre?<br \/>&#039;Yo&#039;, dijo el pr\u00edncipe mayor, &#039;yo tambi\u00e9n quiero ir a ver a mi hermana, y antes de regresar, sabr\u00e9 qu\u00e9 es este hombre.<br \/>Y toma la varita blanca de las manos de su hermano menor, va al bosque y golpea dos cruces en la roca.<br \/>La piedra se abre inmediatamente y \u00e9l ve a su cu\u00f1ado abajo, quien le dice:<\/p>\n<p><\/p>\n<p>- \u00a1Ah! Hola ahijado; b\u00e1jate y v\u00e1monos, r\u00e1pido.<br \/>El pr\u00edncipe baja al t\u00fanel y su cu\u00f1ado lo lleva hasta su hermana, luego se va. Al igual que su hermano, se asombr\u00f3 al ver a su hermana sentada en un asiento dorado y ricamente adornada.<\/p>\n<p>- \u00bfTe sientes bien aqu\u00ed, parece, querida hermanita? Le pregunt\u00f3 a ella.<br \/>- S\u00ed, querido hermano, estoy bastante bien aqu\u00ed\u2026 ..<br \/>Solo hay una cosa que me molesta.<\/p>\n<p>- \u00bfQu\u00e9 pasa, querida hermanita?<br \/>- Es porque mi marido no se queda conmigo; todas las ma\u00f1anas sale de casa y me deja solo todo el d\u00eda.<br \/>- \u00bfA d\u00f3nde va as\u00ed, todos los d\u00edas, hermanita?<br \/>- No lo s\u00e9, querido hermano.<br \/>- Le pedir\u00e9 que lo acompa\u00f1e, ma\u00f1ana por la ma\u00f1ana, a ver.<\/p>\n<p>- S\u00ed, preg\u00fantale, querido hermano; pero, cu\u00eddate que no te suceda a ti como a nuestro hermano menor.<br \/>- Oh ! No se preocupe, no me atrapar\u00e1n as\u00ed.<br \/>A la ma\u00f1ana siguiente, tan pronto como sali\u00f3 el sol, el se\u00f1or del castillo se puso de pie y tambi\u00e9n su cu\u00f1ado. Este \u00faltimo le pidi\u00f3 que le permitiera acompa\u00f1arlo.<br \/>&quot;Con mucho gusto&quot;, le dijo, &quot;pero v\u00e1monos r\u00e1pido, porque es el momento&quot;.<\/p>\n<p>Y salieron juntos del castillo. Pero, apenas hab\u00edan dado algunos pasos:<br \/>- \u00bfLe cerraste la puerta a tu hermana? pregunt\u00f3 el amo del castillo.<br \/>- S\u00ed, s\u00ed, padrino, la cerr\u00e9, respondi\u00f3 el pr\u00edncipe.<br \/>- Eso est\u00e1 bien, v\u00e1monos, entonces.<\/p>\n<p><\/p>\n<p>Poco despu\u00e9s, atravesaron un gran p\u00e1ramo yermo donde s\u00f3lo hab\u00eda helechos y aulagas; y, sin embargo, se ve\u00edan dos vacas gordas y relucientes, tendidas entre los brezos y las aulagas.<\/p>\n<p>Esto asombr\u00f3 al pr\u00edncipe, quien dijo:<br \/>- \u00a1Aqu\u00ed hay vacas muy gordas y muy brillantes, en un p\u00e1ramo donde no encuentran nada para pastar!<br \/>Su cu\u00f1ado no respondi\u00f3; pero, las vacas dijeron:<br \/>- Dios os bendiga !<\/p>\n<p>Y continuaron su camino. Luego pasaron por un hermoso prado donde hab\u00eda un excelente pasto, y en medio de la hierba, que les llegaba hasta la panza, vimos dos vacas, pero tan delgadas, tan delgadas, que &#039;solo ten\u00edan huesos y piel. . Y el pr\u00edncipe, al ver esto, dijo de nuevo:<\/p>\n<p><\/p>\n<p>- Aqu\u00ed hay dos vacas muy delgadas; y, sin embargo, est\u00e1n en la hierba hasta el vientre.<br \/>- Dios os bendiga ! Le dijeron las dos vacas, como las otras dos; pero el cu\u00f1ado del pr\u00edncipe no dijo nada.<\/p>\n<p>Y continuaron su camino. Un poco m\u00e1s adelante, pasaron por un sendero profundo y muy estrecho, donde dos cabras se golpeaban la cabeza entre s\u00ed, y con tanta violencia que la sangre brotaba a su alrededor.<\/p>\n<p>- \u00a1Jes\u00fas! grit\u00f3 el pr\u00edncipe, \u00a1aqu\u00ed hay dos pobres bestias que se matar\u00e1n entre s\u00ed! \u00bfC\u00f3mo lo lograremos? Obstruyen todo el pasaje.<br \/>Su cu\u00f1ado segu\u00eda sin responder; pero, las dos cabras tambi\u00e9n dijeron: &quot;\u00a1Dios los bendiga! Y dejaron de luchar, y los dos viajeros pudieron pasar sin dificultad.<br \/>M\u00e1s a\u00fan, llegaron a una vieja iglesia en ruinas y entraron en ella. Estaba lleno de gente, pero todos estaban muertos y solo quedaban las sombras.<\/p>\n<p>- \u00bfContestar\u00e1s misa por m\u00ed, ya que eres cristiano? pregunt\u00f3 su cu\u00f1ado del pr\u00edncipe.<br \/>&quot;Quiero&quot;, respondi\u00f3, muy asombrado; pero no fue t\u00edmido.<br \/>Y el otro luego se visti\u00f3 de sacerdote, luego subi\u00f3 al altar y comenz\u00f3 a celebrar la misa, como un verdadero sacerdote. Cuando estuvo en la elevaci\u00f3n, comenz\u00f3 a vomitar sapos y otros horribles reptiles\u2026, y todos los presentes estaban haciendo lo mismo que \u00e9l.<\/p>\n<p>Terminada la misa, todos los que estaban en la iglesia, el sacerdote a la cabeza, se acercaron al pr\u00edncipe,<br \/>y le dijo:<\/p>\n<p><\/p>\n<p>- &quot;\u00a1Nos entregaste!&quot; Gracias ! Gracias ! Luego se fueron.<br \/>&quot;Vamos a casa ahora&quot;, dijo su cu\u00f1ado al pr\u00edncipe.<br \/>Y volvieron. Pero, no volvieron a ver las cosas extraordinarias que hab\u00edan visto primero, y, en el camino, el pr\u00edncipe le pidi\u00f3 a su cu\u00f1ado la explicaci\u00f3n de todo esto.<\/p>\n<p>Entonces \u00e9l le habl\u00f3 as\u00ed:<br \/>- Ahora puedo hablar, y esto es lo que significa todo lo que has visto: Las dos vacas gordas y relucientes, en el p\u00e1ramo yermo, donde solo hab\u00eda brezos, aulagas finas y piedras, son gente pobre que viv\u00eda honestamente, cuando estaban en tierra, dio limosna, aunque pobre, y estaba contento con su condici\u00f3n, y ahora son salvos. Las dos vacas flacas y flacas, en medio de un excelente pasto, eran gente rica, que solo amas\u00f3 riquezas y codiciaba el bien de sus vecinos, no daba limosna a los pobres y, aunque ricos, eran infelices.<\/p>\n<p>\u201cEstaban donde los viste, en el Purgatorio, y por su penitencia estaban en medio de la hierba alta y tupida, sin poder comerla. Los dos machos cabr\u00edos que peleaban con tanta fiereza, en el camino angosto y profundo, eran dos ladrones, que solo buscaban ruido y batalla, y Dios, para castigarlos, ahora los obliga a pelear as\u00ed, por mucho tiempo.<\/p>\n<p>- Sin embargo, todos me agradecieron cuando pasamos cerca de ellos.<br \/>- Eso es porque los entregaste a todos. Dios hab\u00eda dicho que permanecer\u00edan como t\u00fa los ve\u00edas, hasta que pasara una persona que no estaba muerta y que se compadeciera de ellos; y esperaron mucho tiempo!<\/p>\n<p>- Y lo que vi en la vieja iglesia, \u00bfqu\u00e9 significa eso?<\/p>\n<p>- Fui un mal sacerdote mientras estaba en la tierra; He dicho muchas misas malas y cometido muchos otros pecados, y Dios hab\u00eda dicho que yo no ser\u00eda salvo, ni yo ni todos los que vieron en la iglesia, y que hab\u00edan ayudado a pecar y a pecar ellos mismos. conmigo, s\u00f3lo cuando hubiera encontrado a la hija de un rey para casarse conmigo, aunque vestido de mendigo, y un pr\u00edncipe vivo para contestar misa, aqu\u00ed; \u00a1Esper\u00e9 mucho tiempo! Los horribles reptiles que me viste vomitar, como todos los dem\u00e1s que hab\u00eda en la iglesia, eran tantos demonios tortur\u00e1ndonos. Ahora estamos todos entregados, gracias a ti.<\/p>\n<p>- Y mi hermana, \u00bfpuede irse a casa conmigo?<br \/>- No, tu hermana, que ayud\u00f3 a liberarme, como t\u00fa, ahora vendr\u00e1 conmigo al para\u00edso, y t\u00fa mismo te unir\u00e1s all\u00ed, sin demora. Pero primero debes ir a casa y contarle a tu padre, a tu madre y a tu hermano todo lo que has visto y o\u00eddo aqu\u00ed. Aqu\u00ed les dejo una carta que les entregar\u00e1, para hacerles saber que no est\u00e1n preocupados por su hija y hermana, porque ella va conmigo al cielo, y si no hubiera sido mi esposa, habr\u00eda estado all\u00ed. esposa del diablo!<\/p>\n<p><\/p>\n<p>Luego, el pr\u00edncipe regres\u00f3 a casa y les dio la carta a su padre y a su madre para que la leyeran, y les cont\u00f3 todo lo que hab\u00eda visto y o\u00eddo en su viaje. Muri\u00f3 poco despu\u00e9s, como le hab\u00edan dicho, y fue a reunirse con su hermana y su cu\u00f1ado, donde estaban, para quedarse con ellos para siempre.<\/p>\n<p><\/p>\t\t\t\t\t\t\t\t<\/div>\n\t\t\t\t<\/div>\n\t\t\t\t\t<\/div>\n\t\t<\/div>\n\t\t\t\t\t<\/div>\n\t\t<\/section>\n\t\t\t\t<\/div>","protected":false},"excerpt":{"rendered":"<p>Wiki Mitolog\u00eda bretona Hace mucho tiempo, aqu\u00ed est\u00e1 la historia de la chica que se cas\u00f3 con un... <\/p>","protected":false},"author":1,"featured_media":0,"parent":96,"menu_order":0,"comment_status":"closed","ping_status":"closed","template":"","meta":{"footnotes":""},"class_list":["post-601","page","type-page","status-publish","hentry"],"amp_enabled":true,"_links":{"self":[{"href":"https:\/\/mythslegendes.com\/es\/wp-json\/wp\/v2\/pages\/601","targetHints":{"allow":["GET"]}}],"collection":[{"href":"https:\/\/mythslegendes.com\/es\/wp-json\/wp\/v2\/pages"}],"about":[{"href":"https:\/\/mythslegendes.com\/es\/wp-json\/wp\/v2\/types\/page"}],"author":[{"embeddable":true,"href":"https:\/\/mythslegendes.com\/es\/wp-json\/wp\/v2\/users\/1"}],"replies":[{"embeddable":true,"href":"https:\/\/mythslegendes.com\/es\/wp-json\/wp\/v2\/comments?post=601"}],"version-history":[{"count":1,"href":"https:\/\/mythslegendes.com\/es\/wp-json\/wp\/v2\/pages\/601\/revisions"}],"predecessor-version":[{"id":24554,"href":"https:\/\/mythslegendes.com\/es\/wp-json\/wp\/v2\/pages\/601\/revisions\/24554"}],"up":[{"embeddable":true,"href":"https:\/\/mythslegendes.com\/es\/wp-json\/wp\/v2\/pages\/96"}],"wp:attachment":[{"href":"https:\/\/mythslegendes.com\/es\/wp-json\/wp\/v2\/media?parent=601"}],"curies":[{"name":"wp","href":"https:\/\/api.w.org\/{rel}","templated":true}]}}