{"id":604,"date":"2020-06-15T09:47:45","date_gmt":"2020-06-15T08:47:45","guid":{"rendered":"https:\/\/mythslegendes.com\/?page_id=604"},"modified":"2022-12-03T22:06:56","modified_gmt":"2022-12-03T22:06:56","slug":"la-femme-du-trepas","status":"publish","type":"page","link":"https:\/\/mythslegendes.com\/es\/mitologia-bretona\/la-mujer-de-las-trepas\/","title":{"rendered":"La mujer de la muerte"},"content":{"rendered":"<div data-elementor-type=\"wp-page\" data-elementor-id=\"604\" class=\"elementor elementor-604\">\n\t\t\t\t\t\t<section class=\"elementor-section elementor-top-section elementor-element elementor-element-7b92414 elementor-section-boxed elementor-section-height-default elementor-section-height-default\" data-id=\"7b92414\" data-element_type=\"section\" data-e-type=\"section\">\n\t\t\t\t\t\t<div class=\"elementor-container elementor-column-gap-default\">\n\t\t\t\t\t<div class=\"elementor-column elementor-col-50 elementor-top-column elementor-element elementor-element-0d78af1\" data-id=\"0d78af1\" data-element_type=\"column\" data-e-type=\"column\">\n\t\t\t<div class=\"elementor-widget-wrap elementor-element-populated\">\n\t\t\t\t\t\t<div class=\"elementor-element elementor-element-e94187d elementor-align-justify elementor-widget elementor-widget-button\" data-id=\"e94187d\" data-element_type=\"widget\" data-e-type=\"widget\" data-widget_type=\"button.default\">\n\t\t\t\t<div class=\"elementor-widget-container\">\n\t\t\t\t\t\t\t\t\t<div class=\"elementor-button-wrapper\">\n\t\t\t\t\t<a class=\"elementor-button elementor-button-link elementor-size-sm\" href=\"https:\/\/mythslegendes.com\/es\/mitologia-bretona\/\">\n\t\t\t\t\t\t<span class=\"elementor-button-content-wrapper\">\n\t\t\t\t\t\t\t\t\t<span class=\"elementor-button-text\">Mitolog\u00eda bretona<\/span>\n\t\t\t\t\t<\/span>\n\t\t\t\t\t<\/a>\n\t\t\t\t<\/div>\n\t\t\t\t\t\t\t\t<\/div>\n\t\t\t\t<\/div>\n\t\t\t\t\t<\/div>\n\t\t<\/div>\n\t\t\t\t<div class=\"elementor-column elementor-col-50 elementor-top-column elementor-element elementor-element-d14c5c9\" data-id=\"d14c5c9\" data-element_type=\"column\" data-e-type=\"column\">\n\t\t\t<div class=\"elementor-widget-wrap elementor-element-populated\">\n\t\t\t\t\t\t<div class=\"elementor-element elementor-element-6270819 elementor-align-justify elementor-widget elementor-widget-button\" data-id=\"6270819\" data-element_type=\"widget\" data-e-type=\"widget\" data-widget_type=\"button.default\">\n\t\t\t\t<div class=\"elementor-widget-container\">\n\t\t\t\t\t\t\t\t\t<div class=\"elementor-button-wrapper\">\n\t\t\t\t\t<a class=\"elementor-button elementor-button-link elementor-size-sm\" href=\"https:\/\/fr.wikipedia.org\/wiki\/Mythologie_bretonne\" target=\"_blank\" rel=\"noopener\">\n\t\t\t\t\t\t<span class=\"elementor-button-content-wrapper\">\n\t\t\t\t\t\t\t\t\t<span class=\"elementor-button-text\">Wiki<\/span>\n\t\t\t\t\t<\/span>\n\t\t\t\t\t<\/a>\n\t\t\t\t<\/div>\n\t\t\t\t\t\t\t\t<\/div>\n\t\t\t\t<\/div>\n\t\t\t\t\t<\/div>\n\t\t<\/div>\n\t\t\t\t\t<\/div>\n\t\t<\/section>\n\t\t\t\t<section class=\"elementor-section elementor-top-section elementor-element elementor-element-35d4c216 elementor-section-boxed elementor-section-height-default elementor-section-height-default\" data-id=\"35d4c216\" data-element_type=\"section\" data-e-type=\"section\">\n\t\t\t\t\t\t<div class=\"elementor-container elementor-column-gap-default\">\n\t\t\t\t\t<div class=\"elementor-column elementor-col-100 elementor-top-column elementor-element elementor-element-661ba437\" data-id=\"661ba437\" data-element_type=\"column\" data-e-type=\"column\">\n\t\t\t<div class=\"elementor-widget-wrap elementor-element-populated\">\n\t\t\t\t\t\t<div class=\"elementor-element elementor-element-1af21829 elementor-widget elementor-widget-text-editor\" data-id=\"1af21829\" data-element_type=\"widget\" data-e-type=\"widget\" data-widget_type=\"text-editor.default\">\n\t\t\t\t<div class=\"elementor-widget-container\">\n\t\t\t\t\t\t\t\t\t<p><\/p>\n<p>- Marguerite, la mujer de los muertos Tr\u00e9pas - Despu\u00e9s de la boda, parten hacia el castillo del Sol Naciente - Cada ma\u00f1ana, los Tr\u00e9pas salen del castillo solo para regresar por la noche - Un d\u00eda, el hermano de Marguerite viene a visitarlos - Quiere para acompa\u00f1ar a la Muerte para saber a donde va<\/p>\n<p><img decoding=\"async\" class=\"alignnone wp-image-5284 size-full\" src=\"https:\/\/mythslegendes.com\/wp-content\/uploads\/2020\/09\/AlphaOmega-e1602613368367.png\" alt=\"Marguerite la mujer de los muertos Muerte\" width=\"25\" height=\"26\" title=\"\"><\/p>\n<div id=\"ez-toc-container\" class=\"ez-toc-v2_0_82_2 counter-hierarchy ez-toc-counter ez-toc-grey ez-toc-container-direction\">\n<div class=\"ez-toc-title-container\">\n<p class=\"ez-toc-title\" style=\"cursor:inherit\">Contenido<\/p>\n<span class=\"ez-toc-title-toggle\"><a href=\"#\" class=\"ez-toc-pull-right ez-toc-btn ez-toc-btn-xs ez-toc-btn-default ez-toc-toggle\" aria-label=\"Alternar tabla de contenidos\"><span class=\"ez-toc-js-icon-con\"><span class=\"\"><span class=\"eztoc-hide\" style=\"display:none;\">Palanca<\/span><span class=\"ez-toc-icon-toggle-span\"><svg style=\"fill: #999;color:#999\" xmlns=\"http:\/\/www.w3.org\/2000\/svg\" class=\"list-377408\" width=\"20px\" height=\"20px\" viewbox=\"0 0 24 24\" fill=\"none\"><path d=\"M6 6H4v2h2V6zm14 0H8v2h12V6zM4 11h2v2H4v-2zm16 0H8v2h12v-2zM4 16h2v2H4v-2zm16 0H8v2h12v-2z\" fill=\"currentColor\"><\/path><\/svg><svg style=\"fill: #999;color:#999\" class=\"arrow-unsorted-368013\" xmlns=\"http:\/\/www.w3.org\/2000\/svg\" width=\"10px\" height=\"10px\" viewbox=\"0 0 24 24\" version=\"1.2\" baseprofile=\"tiny\"><path d=\"M18.2 9.3l-6.2-6.3-6.2 6.3c-.2.2-.3.4-.3.7s.1.5.3.7c.2.2.4.3.7.3h11c.3 0 .5-.1.7-.3.2-.2.3-.5.3-.7s-.1-.5-.3-.7zM5.8 14.7l6.2 6.3 6.2-6.3c.2-.2.3-.5.3-.7s-.1-.5-.3-.7c-.2-.2-.4-.3-.7-.3h-11c-.3 0-.5.1-.7.3-.2.2-.3.5-.3.7s.1.5.3.7z\"\/><\/svg><\/span><\/span><\/span><\/a><\/span><\/div>\n<nav><ul class='ez-toc-list ez-toc-list-level-1' ><li class='ez-toc-page-1 ez-toc-heading-level-2'><a class=\"ez-toc-link ez-toc-heading-1\" href=\"https:\/\/mythslegendes.com\/es\/mitologia-bretona\/la-mujer-de-las-trepas\/#Marguerite-la-femme-du-trepas-Trepas\" >Marguerite la mujer de los muertos Muerte<\/a><\/li><\/ul><\/nav><\/div>\n<h2><span class=\"ez-toc-section\" id=\"Marguerite-la-femme-du-trepas-Trepas\"><\/span>Marguerite la mujer de los muertos Muerte<span class=\"ez-toc-section-end\"><\/span><\/h2>\n<p>- La primera vez, no logra seguir a la Muerte, pero tiene \u00e9xito la segunda - En el camino, es testigo de cosas inusuales que lo intrigaron - A su regreso, la Muerte le explica el significado de lo que vio - El hermano de Marguerite quiere Vete a casa, pero la Muerte le dice que se ha ido por quinientos a\u00f1os y que su familia y amigos est\u00e1n muertos.<\/p>\n<p>Hab\u00eda una solterona que no ten\u00eda marido, sin duda porque nunca hab\u00eda encontrado uno. Ten\u00eda m\u00e1s de 40 a\u00f1os y la gente sol\u00eda decirle en broma:<br \/>Te volver\u00e1s a casar, Marguerite.<br \/>- S\u00ed, s\u00ed, respondi\u00f3 ella, cuando la Muerte viene a buscarme.<\/p>\n<p>Un d\u00eda de agosto, estaba sola en la casa, ocupada preparando comida para los bateristas, cuando un personaje que no conoc\u00eda entr\u00f3 de repente y le pregunt\u00f3:<br \/>- \u00bfMe tomar\u00e1s por marido?<br \/>- Quien es usted ? Ella le dijo, muy sorprendida.<br \/>&quot;Muerte&quot;, respondi\u00f3 el extra\u00f1o.<br \/>- Entonces estoy dispuesto a tomarte por mi esposo.<\/p>\n<p>Y arroj\u00f3 all\u00ed su palito de gachas de avena y corri\u00f3 a la era:<br \/>- Venid a cenar, cuando quer\u00e1is, les dijo a los bateristas, para m\u00ed, me voy, \u00a1me caso!<br \/>- \u00a1No es posible, Marguerite! Gritaron los tambores,<br \/>- Es como te digo; mi marido, Le Tr\u00e9pas, vino a buscarme.<\/p>\n<p>Le Tr\u00e9pas, antes de irse, le dijo que pod\u00eda invitar a la boda a cuantas personas quisiera, y que \u00e9l volver\u00eda exactamente el d\u00eda se\u00f1alado.<\/p>\n<p>Cuando lleg\u00f3 el d\u00eda se\u00f1alado, lleg\u00f3 el novio, como hab\u00eda prometido. Hubo una gran comida y, mientras se levantaba de la mesa, le dijo a su esposa que se despidiera de sus padres y de todos los invitados, porque nunca volver\u00eda a verlos. Le dijo de nuevo que tomara un trozo de pan, que lo mordisqueara, de camino, si ten\u00eda hambre, que ten\u00edan que ir muy lejos, y que le dijera a su hermano menor, que era su ahijado, todav\u00eda en la cuna, que ven a verla, cuando sea mayor, y ve siempre hacia el sol naciente.<\/p>\n<p>Marguerite hizo lo que le recomendaron y se fueron.<br \/>Iban con el viento, lejos, lejos, m\u00e1s lejos a\u00fan; Tanto es as\u00ed que Marguerite pregunt\u00f3 si no llegar\u00edan pronto al final de su viaje.<br \/>&quot;Todav\u00eda tenemos un largo camino por recorrer&quot;, dijo Muerte.<br \/>- Estoy muy cansado y no puedo seguir sin descansar y comer un poco.<\/p>\n<p>Y se detuvieron a pasar la noche en una antigua capilla.<br \/>&quot;Muerde tu corteza de pan, si tienes hambre&quot;, le dijo Muerte a su esposa; para m\u00ed, no comer\u00e9.<\/p>\n<p>A la ma\u00f1ana siguiente, partieron de nuevo. Van todav\u00eda lejos, muy lejos, siempre m\u00e1s lejos, de modo que Marguerite, cansada, vuelve a decir:<br \/>- \u00a1Dios, qu\u00e9 lejos! \u00bfNo nos acercamos todav\u00eda?<br \/>- S\u00ed, nos acercamos; \u00bfNo ves un muro alto frente a ti?<br \/>- S\u00ed, veo un muro alto frente a m\u00ed.<br \/>- Aqu\u00ed es donde est\u00e1 mi casa.<\/p>\n<p>Llegan al muro alto y entran en un patio.<br \/>- \u00a1Dios, qu\u00e9 hermoso est\u00e1 aqu\u00ed! grit\u00f3 Marguerite.<\/p>\n<p>Este fue el castillo del Sol Naciente. Todas las ma\u00f1anas se iba, solo para regresar por la noche, y no le dec\u00eda a su esposa ad\u00f3nde iba. Adem\u00e1s, a Marguerite no le faltaba nada, y todo lo que quer\u00eda lo ten\u00eda de inmediato. Sin embargo, extra\u00f1aba estar siempre sola, todo el d\u00eda.<\/p>\n<p>Un d\u00eda, mientras caminaba por el patio del castillo, vio a alguien que bajaba de la monta\u00f1a cercana. Esto la sorprendi\u00f3, porque nada menos que su marido se acercaba al castillo. El extra\u00f1o continu\u00f3 descendiendo de la monta\u00f1a y entr\u00f3 en el patio del castillo. Entonces Marguerite reconoci\u00f3 a su ahijado, su hermano menor, que estaba en su cuna cuando sali\u00f3 de la casa de su padre. Y se arrojaron en los brazos del otro, derramando l\u00e1grimas de alegr\u00eda.<\/p>\n<p>- \u00bfD\u00f3nde est\u00e1 tambi\u00e9n mi cu\u00f1ado, que le deseo buenos d\u00edas? pregunt\u00f3 el joven, despu\u00e9s de un rato.<br \/>- No s\u00e9 d\u00f3nde est\u00e1, querido hermano; todas las ma\u00f1anas se va de viaje temprano, solo para volver por la noche, y no me dice ad\u00f3nde va.<br \/>&quot;Bueno, esta noche le preguntar\u00e9 cuando vuelva a casa, por qu\u00e9 te deja as\u00ed y ad\u00f3nde va&quot;.<br \/>- S\u00ed, preg\u00fantale, querido hermano.<\/p>\n<p>El due\u00f1o del castillo lleg\u00f3 a su hora habitual y mostr\u00f3 a su cu\u00f1ado una gran alegr\u00eda por su visita.<br \/>- \u00bfA d\u00f3nde vas as\u00ed, todas las ma\u00f1anas, cu\u00f1ado ?, pregunt\u00f3 el joven dejando a mi hermana sola.<br \/>En casa ?<br \/>- Dar\u00e9 la vuelta al mundo, querido cu\u00f1ado.<br \/>- \u00a1Jes\u00fas, cu\u00f1ado, eres t\u00fa quien debe ver las cosas hermosas! Me encantar\u00eda ir contigo solo una vez.<\/p>\n<p>- Y bien ! Ma\u00f1ana por la ma\u00f1ana, puedes venir conmigo, si quieres; pero, vea o escuche lo que vea, no me cuestione, no diga una sola palabra, o tendr\u00e1 que volver sobre sus pasos inmediatamente.<br \/>- No dir\u00e9 una palabra, cu\u00f1ado.<br \/>A la ma\u00f1ana siguiente, ambos se fueron juntos, y tomados de la mano, \u00a1se iban, se iban! ...<\/p>\n<p>El viento golpea el sombrero del hermano de Marguerite, y \u00e9l dice:<br \/>- Espera un poco, cu\u00f1ado, hasta que recoja mi sombrero, que se acaba de caer.<\/p>\n<p>Pero apenas hab\u00eda dicho estas palabras, perdi\u00f3 de vista a su cu\u00f1ado y tuvo que regresar, solo, al castillo.<br \/>- Y bien ! Su hermana le pregunt\u00f3 al verlo regresar solo, \u00bfaprendiste algo?<br \/>- No, en serio, pobre hermana: \u00edbamos tan r\u00e1pido que el viento me vol\u00f3 el sombrero. Le digo a su marido que espere un poco, que me deje recogerlo; pero sigui\u00f3 su camino y lo perd\u00ed de vista. De todos modos, ma\u00f1ana por la ma\u00f1ana le pedir\u00e9 que me permita acompa\u00f1arlo nuevamente, y no dir\u00e9 una sola palabra pase lo que pase.<\/p>\n<p>Cuando el se\u00f1or del castillo regres\u00f3 por la noche, a su hora habitual, el joven volvi\u00f3 a preguntarle:<br \/>- \u00bfMe permitir\u00e1s acompa\u00f1arte de nuevo, ma\u00f1ana por la ma\u00f1ana, cu\u00f1ado?<br \/>- Lo quiero mucho; pero, no digas una sola palabra, o te volver\u00e1 a pasar como esta ma\u00f1ana.<br \/>- Tendr\u00e9 cuidado de no hablar, puedes estar seguro.<\/p>\n<p>Por lo tanto, se van de nuevo en compa\u00f1\u00eda, a la ma\u00f1ana siguiente. Se van, se van ... El sombrero del hermano de Marguerite vuelve a caer, pero esta vez en un r\u00edo, por el que estaban pasando, y se vuelve a olvidar y dice:<br \/>- \u00a1Baja un poco, cu\u00f1ado, para que recoja mi sombrero, que acaba de caer al agua!<\/p>\n<p>E inmediatamente lo colocan en el suelo nuevamente (porque viajaban por el aire), y se encuentra solo. Y regresa al castillo, todo triste y confundido.<br \/>A la ma\u00f1ana siguiente, su cu\u00f1ado le permiti\u00f3 volver a acompa\u00f1arlo, pero por \u00faltima vez. Van, van, por el aire ... el sombrero del joven vuelve a caer; pero, esta vez no dijo una palabra.<\/p>\n<p>Pasan por una llanura donde la tierra estaba toda cubierta de palomas blancas, y en medio de ellos hab\u00eda dos palomas negras. Y las palomas blancas recogieron de todos lados briznas de hierba y le\u00f1a seca y las amontonaron sobre las dos palomas negras; y cuando \u00e9stos estuvieron cubiertos con ellos, prendieron fuego a la hierba ya la le\u00f1a.<\/p>\n<p>El hermano de Marguerite quer\u00eda preguntar qu\u00e9 significaba eso. Sin embargo, no dijo nada y continuaron su camino.<\/p>\n<p>M\u00e1s adelante llegaron frente a una gran puerta, en el patio de un castillo. El esposo de Marguerite entr\u00f3 por esta puerta y le dijo a su cu\u00f1ado que lo esperara afuera. Le volvi\u00f3 a decir que si se cansaba de esperar y tambi\u00e9n le entraba el impulso, solo tendr\u00eda que romper una rama verde y ponerla debajo de la puerta, y ese deseo pasar\u00eda a \u00e9l.<\/p>\n<p>Mientras el joven esperaba en la puerta, vio una bandada de p\u00e1jaros descender en picado sobre un laurel, que estaba cerca de all\u00ed; y los p\u00e1jaros se quedaron all\u00ed un rato, cantando y gorjeando. Luego se fueron volando, cada uno con una hoja de laurel en el pico, pero que dejaron caer a poca distancia.<\/p>\n<p>Un momento despu\u00e9s otra bandada de p\u00e1jaros descendi\u00f3 sobre el mismo laurel, y cantaron y piaron un poco m\u00e1s que el primero, y m\u00e1s tiempo, y al alejarse tambi\u00e9n se llevaron en el pico. Cada uno una hoja de laurel, que tambi\u00e9n ca\u00eddo, pero un poco m\u00e1s lejos que los anteriores.<\/p>\n<p>Finalmente, una tercera bandada de p\u00e1jaros descendi\u00f3 sobre el arbusto, un momento despu\u00e9s, y piaban y cantaban mejor y m\u00e1s largo que los dem\u00e1s, y al irse, tambi\u00e9n llevaban en el pico cada uno una hoja de laurel; pero no los dej\u00f3 caer al suelo.<\/p>\n<p>El hermano de Marguerite, asombrado por lo que vio, se dijo: &quot;\u00bfQu\u00e9 puede significar todo esto?&quot; Como su cu\u00f1ado no regresaba, se cans\u00f3 de esperarlo y, habiendo roto una rama de roble cubierta de hojas verdes, la meti\u00f3 debajo de la puerta, como le hab\u00edan dicho. Inmediatamente la rama se consumi\u00f3 hasta su mano. &quot; Hola ! grit\u00f3, al ver esto, \u00a1parece que hace calor all\u00ed! Y ya no quer\u00eda entrar.<\/p>\n<p>Su cu\u00f1ado sali\u00f3 por fin, cuando le lleg\u00f3 el momento, y volvieron juntos. En el camino, el hermano de Marguerite le pregunt\u00f3 a la otra:<br \/>- Dime, cu\u00f1ado, por favor, qu\u00e9 significa lo que vi, mientras te esperaba, en la puerta del castillo: primero vi una bandada de p\u00e1jaros cayendo sobre un laurel, y, despu\u00e9s de cantar y piando all\u00ed durante un rato, se alejaron volando, cada uno llevando en el pico una hoja de laurel, que dejaron caer al suelo a poca distancia.<\/p>\n<p>- Estos p\u00e1jaros representan personas que van a misa, pero que est\u00e1n distra\u00eddos, rezan poco y dejan caer su hoja de laurel, es decir la palabra divina, al suelo, donde se olvidan de su Dios.<br \/>- \u00bfY la segunda bandada de p\u00e1jaros que luego cay\u00f3 sobre los laureles, que piaron y cantaron un poco m\u00e1s, y tambi\u00e9n dejaron caer sus hojas de laurel al suelo, pero un poco m\u00e1s lejos?<\/p>\n<p>- Representan a las personas que van a misa y est\u00e1n m\u00e1s atentas a ella y rezan m\u00e1s que el primero, pero que, sin embargo, tambi\u00e9n dejan caer su rama de laurel al suelo, es decir, olvidan la palabra de Dios.<br \/>- \u00bfY la tercera bandada de p\u00e1jaros, que gorjearon y cantaron mucho m\u00e1s tiempo y mejor que los dem\u00e1s, y tambi\u00e9n cada uno tom\u00f3 su hoja de laurel, pero que no arroj\u00f3 al suelo?<\/p>\n<p>- Representan a personas que han rezado bien, desde el fondo de su coraz\u00f3n, y no han olvidado la palabra de Dios antes de llegar a casa.<br \/>- \u00bfY las palomas blancas que vi, en un llano, recogiendo pasto y le\u00f1a seca para quemar dos palomas negras que estaban en medio de ellas?<br \/>- Estas dos palomas negras eran tu padre y tu madre, quienes fueron pasados por el fuego, para purificarlos de sus pecados. Ahora est\u00e1n en el para\u00edso.<\/p>\n<p>En ese momento llegaron al castillo.<br \/>Poco despu\u00e9s, el hermano de Marguerite le dijo a su cu\u00f1ado:<br \/>- Quiero ir a casa ahora.<br \/>- \u00a1Vete a casa! \u00bfY por qu\u00e9, mi pobre amigo?<br \/>- Ver a mis padres y vivir con ellos.<br \/>- \u00a1Pero, solo piensa que han pasado quinientos a\u00f1os desde que los dejaste!<\/p>\n<p>Todos tus padres murieron, hace mucho tiempo, y donde una vez estuvo su casa, \u00a1ahora hay un gran roble podrido por la vejez! ...<\/p>\n<p><\/p>\t\t\t\t\t\t\t\t<\/div>\n\t\t\t\t<\/div>\n\t\t\t\t\t<\/div>\n\t\t<\/div>\n\t\t\t\t\t<\/div>\n\t\t<\/section>\n\t\t\t\t<\/div>","protected":false},"excerpt":{"rendered":"<p>Wiki mitolog\u00eda bretona \u2013 Margarita, la mujer de la muerte Muerte \u2013 Despu\u00e9s de la boda, parten hacia el castillo de \u2026 <\/p>","protected":false},"author":1,"featured_media":0,"parent":96,"menu_order":0,"comment_status":"closed","ping_status":"closed","template":"","meta":{"footnotes":""},"class_list":["post-604","page","type-page","status-publish","hentry"],"amp_enabled":true,"_links":{"self":[{"href":"https:\/\/mythslegendes.com\/es\/wp-json\/wp\/v2\/pages\/604","targetHints":{"allow":["GET"]}}],"collection":[{"href":"https:\/\/mythslegendes.com\/es\/wp-json\/wp\/v2\/pages"}],"about":[{"href":"https:\/\/mythslegendes.com\/es\/wp-json\/wp\/v2\/types\/page"}],"author":[{"embeddable":true,"href":"https:\/\/mythslegendes.com\/es\/wp-json\/wp\/v2\/users\/1"}],"replies":[{"embeddable":true,"href":"https:\/\/mythslegendes.com\/es\/wp-json\/wp\/v2\/comments?post=604"}],"version-history":[{"count":1,"href":"https:\/\/mythslegendes.com\/es\/wp-json\/wp\/v2\/pages\/604\/revisions"}],"predecessor-version":[{"id":24555,"href":"https:\/\/mythslegendes.com\/es\/wp-json\/wp\/v2\/pages\/604\/revisions\/24555"}],"up":[{"embeddable":true,"href":"https:\/\/mythslegendes.com\/es\/wp-json\/wp\/v2\/pages\/96"}],"wp:attachment":[{"href":"https:\/\/mythslegendes.com\/es\/wp-json\/wp\/v2\/media?parent=604"}],"curies":[{"name":"wp","href":"https:\/\/api.w.org\/{rel}","templated":true}]}}