{"id":653,"date":"2020-06-15T10:45:25","date_gmt":"2020-06-15T09:45:25","guid":{"rendered":"https:\/\/mythslegendes.com\/?page_id=653"},"modified":"2022-12-03T22:06:56","modified_gmt":"2022-12-03T22:06:56","slug":"la-truie-sauvage","status":"publish","type":"page","link":"https:\/\/mythslegendes.com\/es\/mitologia-bretona\/la-cerda-salvaje\/","title":{"rendered":"la cerda salvaje"},"content":{"rendered":"<div data-elementor-type=\"wp-page\" data-elementor-id=\"653\" class=\"elementor elementor-653\">\n\t\t\t\t\t\t<section class=\"elementor-section elementor-top-section elementor-element elementor-element-5515628 elementor-section-boxed elementor-section-height-default elementor-section-height-default\" data-id=\"5515628\" data-element_type=\"section\" data-e-type=\"section\">\n\t\t\t\t\t\t<div class=\"elementor-container elementor-column-gap-default\">\n\t\t\t\t\t<div class=\"elementor-column elementor-col-50 elementor-top-column elementor-element elementor-element-05f43d4\" data-id=\"05f43d4\" data-element_type=\"column\" data-e-type=\"column\">\n\t\t\t<div class=\"elementor-widget-wrap elementor-element-populated\">\n\t\t\t\t\t\t<div class=\"elementor-element elementor-element-9de3c42 elementor-align-justify elementor-widget elementor-widget-button\" data-id=\"9de3c42\" data-element_type=\"widget\" data-e-type=\"widget\" data-widget_type=\"button.default\">\n\t\t\t\t<div class=\"elementor-widget-container\">\n\t\t\t\t\t\t\t\t\t<div class=\"elementor-button-wrapper\">\n\t\t\t\t\t<a class=\"elementor-button elementor-button-link elementor-size-sm\" href=\"https:\/\/mythslegendes.com\/es\/mitologia-bretona\/\">\n\t\t\t\t\t\t<span class=\"elementor-button-content-wrapper\">\n\t\t\t\t\t\t\t\t\t<span class=\"elementor-button-text\">Mitolog\u00eda bretona<\/span>\n\t\t\t\t\t<\/span>\n\t\t\t\t\t<\/a>\n\t\t\t\t<\/div>\n\t\t\t\t\t\t\t\t<\/div>\n\t\t\t\t<\/div>\n\t\t\t\t\t<\/div>\n\t\t<\/div>\n\t\t\t\t<div class=\"elementor-column elementor-col-50 elementor-top-column elementor-element elementor-element-3449d49\" data-id=\"3449d49\" data-element_type=\"column\" data-e-type=\"column\">\n\t\t\t<div class=\"elementor-widget-wrap elementor-element-populated\">\n\t\t\t\t\t\t<div class=\"elementor-element elementor-element-2d8ed18 elementor-align-justify elementor-widget elementor-widget-button\" data-id=\"2d8ed18\" data-element_type=\"widget\" data-e-type=\"widget\" data-widget_type=\"button.default\">\n\t\t\t\t<div class=\"elementor-widget-container\">\n\t\t\t\t\t\t\t\t\t<div class=\"elementor-button-wrapper\">\n\t\t\t\t\t<a class=\"elementor-button elementor-button-link elementor-size-sm\" href=\"https:\/\/fr.wikipedia.org\/wiki\/Mythologie_bretonne\" target=\"_blank\" rel=\"noopener\">\n\t\t\t\t\t\t<span class=\"elementor-button-content-wrapper\">\n\t\t\t\t\t\t\t\t\t<span class=\"elementor-button-text\">Wiki<\/span>\n\t\t\t\t\t<\/span>\n\t\t\t\t\t<\/a>\n\t\t\t\t<\/div>\n\t\t\t\t\t\t\t\t<\/div>\n\t\t\t\t<\/div>\n\t\t\t\t\t<\/div>\n\t\t<\/div>\n\t\t\t\t\t<\/div>\n\t\t<\/section>\n\t\t\t\t<section class=\"elementor-section elementor-top-section elementor-element elementor-element-579b23ae elementor-section-boxed elementor-section-height-default elementor-section-height-default\" data-id=\"579b23ae\" data-element_type=\"section\" data-e-type=\"section\">\n\t\t\t\t\t\t<div class=\"elementor-container elementor-column-gap-default\">\n\t\t\t\t\t<div class=\"elementor-column elementor-col-100 elementor-top-column elementor-element elementor-element-7b43e85a\" data-id=\"7b43e85a\" data-element_type=\"column\" data-e-type=\"column\">\n\t\t\t<div class=\"elementor-widget-wrap elementor-element-populated\">\n\t\t\t\t\t\t<div class=\"elementor-element elementor-element-5b2097a1 elementor-widget elementor-widget-text-editor\" data-id=\"5b2097a1\" data-element_type=\"widget\" data-e-type=\"widget\" data-widget_type=\"text-editor.default\">\n\t\t\t\t<div class=\"elementor-widget-container\">\n\t\t\t\t\t\t\t\t\t<p><\/p>\n<p>Un joven se\u00f1or, mientras cazaba un d\u00eda, en un gran bosque, no lejos de su castillo, se encontr\u00f3 con una cerda salvaje. La apunt\u00f3 y estaba a punto de disparar, cuando qued\u00f3 muy sorprendido al o\u00edrla hablar as\u00ed:<\/p>\n<p><img decoding=\"async\" class=\"alignnone wp-image-5284 size-full\" src=\"https:\/\/mythslegendes.com\/wp-content\/uploads\/2020\/09\/AlphaOmega-e1602613368367.png\" alt=\"la cerda salvaje\" width=\"25\" height=\"26\" title=\"\"><\/p>\n<div id=\"ez-toc-container\" class=\"ez-toc-v2_0_82_2 counter-hierarchy ez-toc-counter ez-toc-grey ez-toc-container-direction\">\n<div class=\"ez-toc-title-container\">\n<p class=\"ez-toc-title\" style=\"cursor:inherit\">Contenido<\/p>\n<span class=\"ez-toc-title-toggle\"><a href=\"#\" class=\"ez-toc-pull-right ez-toc-btn ez-toc-btn-xs ez-toc-btn-default ez-toc-toggle\" aria-label=\"Alternar tabla de contenidos\"><span class=\"ez-toc-js-icon-con\"><span class=\"\"><span class=\"eztoc-hide\" style=\"display:none;\">Palanca<\/span><span class=\"ez-toc-icon-toggle-span\"><svg style=\"fill: #999;color:#999\" xmlns=\"http:\/\/www.w3.org\/2000\/svg\" class=\"list-377408\" width=\"20px\" height=\"20px\" viewbox=\"0 0 24 24\" fill=\"none\"><path d=\"M6 6H4v2h2V6zm14 0H8v2h12V6zM4 11h2v2H4v-2zm16 0H8v2h12v-2zM4 16h2v2H4v-2zm16 0H8v2h12v-2z\" fill=\"currentColor\"><\/path><\/svg><svg style=\"fill: #999;color:#999\" class=\"arrow-unsorted-368013\" xmlns=\"http:\/\/www.w3.org\/2000\/svg\" width=\"10px\" height=\"10px\" viewbox=\"0 0 24 24\" version=\"1.2\" baseprofile=\"tiny\"><path d=\"M18.2 9.3l-6.2-6.3-6.2 6.3c-.2.2-.3.4-.3.7s.1.5.3.7c.2.2.4.3.7.3h11c.3 0 .5-.1.7-.3.2-.2.3-.5.3-.7s-.1-.5-.3-.7zM5.8 14.7l6.2 6.3 6.2-6.3c.2-.2.3-.5.3-.7s-.1-.5-.3-.7c-.2-.2-.4-.3-.7-.3h-11c-.3 0-.5.1-.7.3-.2.2-.3.5-.3.7s.1.5.3.7z\"\/><\/svg><\/span><\/span><\/span><\/a><\/span><\/div>\n<nav><ul class='ez-toc-list ez-toc-list-level-1' ><li class='ez-toc-page-1 ez-toc-heading-level-2'><a class=\"ez-toc-link ez-toc-heading-1\" href=\"https:\/\/mythslegendes.com\/es\/mitologia-bretona\/la-cerda-salvaje\/#La-truie-sauvage\" >la cerda salvaje<\/a><\/li><\/ul><\/nav><\/div>\n<h2><span class=\"ez-toc-section\" id=\"La-truie-sauvage\"><\/span>la cerda salvaje<span class=\"ez-toc-section-end\"><\/span><\/h2>\n<p>\u2014 \u00a1No me dispares, porque tienes que casarte conmigo!<br \/>\u2014 Dios, \u00bfqu\u00e9 est\u00e1s diciendo? \u00a1Yo cas\u00e1ndome con una cerda salvaje! grit\u00f3 el se\u00f1or.<br \/>- S\u00ed ; vete a casa cuando quieras, y recuerda lo que te dije; \u00a1Ser\u00e9 tu esposa!<\/p>\n<p>Y volvi\u00f3 a casa, todo triste y pensativo.<\/p>\n<p>\u2014\u00bfQu\u00e9 te pas\u00f3 para estar tan triste, hijo m\u00edo? le pregunt\u00f3 su madre.<br \/>- \u00a1Pobre de m\u00ed! mi madre, yo estaba cazando y me encontr\u00e9 con una puerca salvaje, y al apuntarle, ella habl\u00f3, como un hombre, y me dijo que me casara con ella.<br \/>- \u00a1Pobre de m\u00ed! Mi pobre ni\u00f1a, si ella lo dijo, debe ser verdad. Esta cerda vive en un antiguo castillo, al otro extremo del bosque.<\/p>\n<p>A partir de ese d\u00eda, la cerda vino todos los d\u00edas a visitar al joven se\u00f1or, y \u00e9ste se entristeci\u00f3 tanto que estuvo a punto de perder la raz\u00f3n. Finalmente, un d\u00eda, obsesionado por sus visitas y sus s\u00faplicas, dijo:<\/p>\n<p>- Y bien ! ya que tiene que ser as\u00ed, \u00a1terminemos de una vez y vayamos a la iglesia!<br \/>Y fueron a la iglesia. El sacerdote, muy sorprendido, puso dificultades para unir a un cristiano con una cerda salvaje.<br \/>\u2014 C\u00e1sanos con valent\u00eda, dijo la cerda, porque si me ves as\u00ed, es mi madre la causa.<\/p>\n<p>Y el sacerdote los une.<\/p>\n<p>La cerda llev\u00f3 entonces a su marido a su castillo, que era muy bonito. Su padre hab\u00eda muerto, pero su madre todav\u00eda viv\u00eda y viv\u00eda en el castillo con ella.<br \/>El joven caballero se acostumbr\u00f3 a su esposa, y acab\u00f3 am\u00e1ndola tal como era.<\/p>\n<p>La cerda qued\u00f3 pre\u00f1ada.<\/p>\n<p>Tres meses despu\u00e9s de su boda, el caballero, mientras paseaba un d\u00eda por el jard\u00edn del castillo, vio tres hermosas flores en las que a\u00fan no hab\u00eda reparado. Y a medida que las flores crec\u00edan y crec\u00edan, las hojas se marchitaban y ca\u00edan al suelo. Esto le pareci\u00f3 un mal augurio.<\/p>\n<p>\u2014 \u00bfAmenazar\u00edan de muerte a mi esposa? pens\u00f3 con dolor.<br \/>Despu\u00e9s de nueve meses, su esposa dio a luz a tres hijos, de un solo parto, \u00a1tres hijos magn\u00edficos! Fueron bautizados y luego se les busc\u00f3 enfermeras. Los tres ten\u00edan el pelo dorado y, cuando los peinaban, les ca\u00edan monedas de oro de la cabeza.<\/p>\n<p>La cerda le hab\u00eda prohibido a su padre tocarlos; incluso s\u00f3lo los vio por el ojo de la cerradura, mientras sus enfermeras los pintaban.<\/p>\n<p>Seis meses despu\u00e9s, el padre, mientras caminaba por el jard\u00edn del castillo, vio tres flores m\u00e1s magn\u00edficas y, a medida que crec\u00edan y se elevaban sobre sus tallos, las hojas se marchitaban y ca\u00edan al suelo. Y todav\u00eda estaba preocupado por su esposa. Pero, al cabo de nueve meses, la cerda dio a luz a otros tres hijos, incluso m\u00e1s hermosos que los tres primeros. Tambi\u00e9n fueron bautizados; se les asignaron enfermeras y se tomaron todos los cuidados imaginables. Ellos tambi\u00e9n ten\u00edan el cabello dorado, y cuando su madre lo peinaba, tambi\u00e9n les ca\u00edan monedas de oro de la cabeza.<\/p>\n<p>Seis meses despu\u00e9s, mientras caminaba por el jard\u00edn del castillo, el padre not\u00f3 tres hermosas flores m\u00e1s, y a medida que crec\u00edan y sus tallos se elevaban, sus hojas se marchitaban y ca\u00edan al suelo. Y todav\u00eda estaba preocupado por su esposa.<\/p>\n<p>Pero al cabo de nueve meses, la cerda dio a luz a tres ni\u00f1os m\u00e1s, esta vez tres ni\u00f1as, tan hermosas como el d\u00eda.<\/p>\n<p>\u00a1Aqu\u00ed hay nueve ni\u00f1os, en menos de tres a\u00f1os!<br \/>Entonces la cerda le dijo a su marido:<br \/>\u2014\u00a1Ahora soy libre, gracias a ti! Mi madre encontraba feos y falsos a todos los hijos de las dem\u00e1s mujeres, y Dios, para castigarla, le dio una cerda por hija.<br \/>E inmediatamente ella cambi\u00f3 de forma y se convirti\u00f3 en una bella princesa.<\/p>\n<p><\/p>\t\t\t\t\t\t\t\t<\/div>\n\t\t\t\t<\/div>\n\t\t\t\t\t<\/div>\n\t\t<\/div>\n\t\t\t\t\t<\/div>\n\t\t<\/section>\n\t\t\t\t<\/div>","protected":false},"excerpt":{"rendered":"<p>Breton Mythology Wiki Un joven se\u00f1or, un d\u00eda cazando, en un gran bosque, no lejos de su... <\/p>","protected":false},"author":1,"featured_media":0,"parent":96,"menu_order":0,"comment_status":"closed","ping_status":"closed","template":"","meta":{"footnotes":""},"class_list":["post-653","page","type-page","status-publish","hentry"],"amp_enabled":true,"_links":{"self":[{"href":"https:\/\/mythslegendes.com\/es\/wp-json\/wp\/v2\/pages\/653","targetHints":{"allow":["GET"]}}],"collection":[{"href":"https:\/\/mythslegendes.com\/es\/wp-json\/wp\/v2\/pages"}],"about":[{"href":"https:\/\/mythslegendes.com\/es\/wp-json\/wp\/v2\/types\/page"}],"author":[{"embeddable":true,"href":"https:\/\/mythslegendes.com\/es\/wp-json\/wp\/v2\/users\/1"}],"replies":[{"embeddable":true,"href":"https:\/\/mythslegendes.com\/es\/wp-json\/wp\/v2\/comments?post=653"}],"version-history":[{"count":1,"href":"https:\/\/mythslegendes.com\/es\/wp-json\/wp\/v2\/pages\/653\/revisions"}],"predecessor-version":[{"id":24569,"href":"https:\/\/mythslegendes.com\/es\/wp-json\/wp\/v2\/pages\/653\/revisions\/24569"}],"up":[{"embeddable":true,"href":"https:\/\/mythslegendes.com\/es\/wp-json\/wp\/v2\/pages\/96"}],"wp:attachment":[{"href":"https:\/\/mythslegendes.com\/es\/wp-json\/wp\/v2\/media?parent=653"}],"curies":[{"name":"wp","href":"https:\/\/api.w.org\/{rel}","templated":true}]}}