{"id":656,"date":"2020-06-15T10:46:19","date_gmt":"2020-06-15T09:46:19","guid":{"rendered":"https:\/\/mythslegendes.com\/?page_id=656"},"modified":"2022-12-03T22:06:56","modified_gmt":"2022-12-03T22:06:56","slug":"lhomme-poulain","status":"publish","type":"page","link":"https:\/\/mythslegendes.com\/es\/mitologia-bretona\/coltman\/","title":{"rendered":"el potrillo"},"content":{"rendered":"<div data-elementor-type=\"wp-page\" data-elementor-id=\"656\" class=\"elementor elementor-656\">\n\t\t\t\t\t\t<section class=\"elementor-section elementor-top-section elementor-element elementor-element-a08c1fc elementor-section-boxed elementor-section-height-default elementor-section-height-default\" data-id=\"a08c1fc\" data-element_type=\"section\" data-e-type=\"section\">\n\t\t\t\t\t\t<div class=\"elementor-container elementor-column-gap-default\">\n\t\t\t\t\t<div class=\"elementor-column elementor-col-50 elementor-top-column elementor-element elementor-element-034ca59\" data-id=\"034ca59\" data-element_type=\"column\" data-e-type=\"column\">\n\t\t\t<div class=\"elementor-widget-wrap elementor-element-populated\">\n\t\t\t\t\t\t<div class=\"elementor-element elementor-element-3112190 elementor-align-justify elementor-widget elementor-widget-button\" data-id=\"3112190\" data-element_type=\"widget\" data-e-type=\"widget\" data-widget_type=\"button.default\">\n\t\t\t\t<div class=\"elementor-widget-container\">\n\t\t\t\t\t\t\t\t\t<div class=\"elementor-button-wrapper\">\n\t\t\t\t\t<a class=\"elementor-button elementor-button-link elementor-size-sm\" href=\"https:\/\/mythslegendes.com\/es\/mitologia-bretona\/\">\n\t\t\t\t\t\t<span class=\"elementor-button-content-wrapper\">\n\t\t\t\t\t\t\t\t\t<span class=\"elementor-button-text\">Mitolog\u00eda bretona<\/span>\n\t\t\t\t\t<\/span>\n\t\t\t\t\t<\/a>\n\t\t\t\t<\/div>\n\t\t\t\t\t\t\t\t<\/div>\n\t\t\t\t<\/div>\n\t\t\t\t\t<\/div>\n\t\t<\/div>\n\t\t\t\t<div class=\"elementor-column elementor-col-50 elementor-top-column elementor-element elementor-element-c9654e8\" data-id=\"c9654e8\" data-element_type=\"column\" data-e-type=\"column\">\n\t\t\t<div class=\"elementor-widget-wrap elementor-element-populated\">\n\t\t\t\t\t\t<div class=\"elementor-element elementor-element-fe157a8 elementor-align-justify elementor-widget elementor-widget-button\" data-id=\"fe157a8\" data-element_type=\"widget\" data-e-type=\"widget\" data-widget_type=\"button.default\">\n\t\t\t\t<div class=\"elementor-widget-container\">\n\t\t\t\t\t\t\t\t\t<div class=\"elementor-button-wrapper\">\n\t\t\t\t\t<a class=\"elementor-button elementor-button-link elementor-size-sm\" href=\"https:\/\/fr.wikipedia.org\/wiki\/Mythologie_bretonne\" target=\"_blank\" rel=\"noopener\">\n\t\t\t\t\t\t<span class=\"elementor-button-content-wrapper\">\n\t\t\t\t\t\t\t\t\t<span class=\"elementor-button-text\">Wiki<\/span>\n\t\t\t\t\t<\/span>\n\t\t\t\t\t<\/a>\n\t\t\t\t<\/div>\n\t\t\t\t\t\t\t\t<\/div>\n\t\t\t\t<\/div>\n\t\t\t\t\t<\/div>\n\t\t<\/div>\n\t\t\t\t\t<\/div>\n\t\t<\/section>\n\t\t\t\t<section class=\"elementor-section elementor-top-section elementor-element elementor-element-520a5001 elementor-section-boxed elementor-section-height-default elementor-section-height-default\" data-id=\"520a5001\" data-element_type=\"section\" data-e-type=\"section\">\n\t\t\t\t\t\t<div class=\"elementor-container elementor-column-gap-default\">\n\t\t\t\t\t<div class=\"elementor-column elementor-col-100 elementor-top-column elementor-element elementor-element-4c336ee9\" data-id=\"4c336ee9\" data-element_type=\"column\" data-e-type=\"column\">\n\t\t\t<div class=\"elementor-widget-wrap elementor-element-populated\">\n\t\t\t\t\t\t<div class=\"elementor-element elementor-element-465b9b6 elementor-widget elementor-widget-text-editor\" data-id=\"465b9b6\" data-element_type=\"widget\" data-e-type=\"widget\" data-widget_type=\"text-editor.default\">\n\t\t\t\t<div class=\"elementor-widget-container\">\n\t\t\t\t\t\t\t\t\t<p><\/p>\n<p><strong>Solia ser,<\/strong> en el antiguo castillo de Kerou\u00e9z, en la comuna de Loguivi-Plougras, un rico y poderoso se\u00f1or que ten\u00eda un \u00fanico hijo, que hab\u00eda venido al mundo con cabeza de potro, era un Hombre-Potro.<\/p>\n<p><img decoding=\"async\" class=\"alignnone wp-image-5284 size-full\" src=\"https:\/\/mythslegendes.com\/wp-content\/uploads\/2020\/09\/AlphaOmega-e1602613368367.png\" alt=\"Hombre-Potro\" width=\"25\" height=\"26\" title=\"\"><\/p>\n<div id=\"ez-toc-container\" class=\"ez-toc-v2_0_82_2 counter-hierarchy ez-toc-counter ez-toc-grey ez-toc-container-direction\">\n<div class=\"ez-toc-title-container\">\n<p class=\"ez-toc-title\" style=\"cursor:inherit\">Contenido<\/p>\n<span class=\"ez-toc-title-toggle\"><a href=\"#\" class=\"ez-toc-pull-right ez-toc-btn ez-toc-btn-xs ez-toc-btn-default ez-toc-toggle\" aria-label=\"Alternar tabla de contenidos\"><span class=\"ez-toc-js-icon-con\"><span class=\"\"><span class=\"eztoc-hide\" style=\"display:none;\">Palanca<\/span><span class=\"ez-toc-icon-toggle-span\"><svg style=\"fill: #999;color:#999\" xmlns=\"http:\/\/www.w3.org\/2000\/svg\" class=\"list-377408\" width=\"20px\" height=\"20px\" viewbox=\"0 0 24 24\" fill=\"none\"><path d=\"M6 6H4v2h2V6zm14 0H8v2h12V6zM4 11h2v2H4v-2zm16 0H8v2h12v-2zM4 16h2v2H4v-2zm16 0H8v2h12v-2z\" fill=\"currentColor\"><\/path><\/svg><svg style=\"fill: #999;color:#999\" class=\"arrow-unsorted-368013\" xmlns=\"http:\/\/www.w3.org\/2000\/svg\" width=\"10px\" height=\"10px\" viewbox=\"0 0 24 24\" version=\"1.2\" baseprofile=\"tiny\"><path d=\"M18.2 9.3l-6.2-6.3-6.2 6.3c-.2.2-.3.4-.3.7s.1.5.3.7c.2.2.4.3.7.3h11c.3 0 .5-.1.7-.3.2-.2.3-.5.3-.7s-.1-.5-.3-.7zM5.8 14.7l6.2 6.3 6.2-6.3c.2-.2.3-.5.3-.7s-.1-.5-.3-.7c-.2-.2-.4-.3-.7-.3h-11c-.3 0-.5.1-.7.3-.2.2-.3.5-.3.7s.1.5.3.7z\"\/><\/svg><\/span><\/span><\/span><\/a><\/span><\/div>\n<nav><ul class='ez-toc-list ez-toc-list-level-1' ><li class='ez-toc-page-1 ez-toc-heading-level-2'><a class=\"ez-toc-link ez-toc-heading-1\" href=\"https:\/\/mythslegendes.com\/es\/mitologia-bretona\/coltman\/#Homme-Poulain\" >Hombre-Potro<\/a><\/li><\/ul><\/nav><\/div>\n<h2><span class=\"ez-toc-section\" id=\"Homme-Poulain\"><\/span>Hombre-Potro<span class=\"ez-toc-section-end\"><\/span><\/h2>\n<p>Cuando el ni\u00f1o con cabeza de potro hab\u00eda cumplido los dieciocho a\u00f1os, le dijo un d\u00eda a su madre que quer\u00eda casarse, y que deb\u00eda ir a pedirle una de las hijas del granjero, que ten\u00eda tres a\u00f1os.<\/p>\n<p>La buena se\u00f1ora fue a la casa de su granjero, un poco avergonzada por su comisi\u00f3n. Despu\u00e9s de hablarle largo rato de su ganado, de sus hijos y de mil cosas m\u00e1s, finalmente le explic\u00f3 el motivo de su visita.<\/p>\n<p>&quot;\u00a1Jes\u00fas!&quot; \u00a1Se\u00f1ora, qu\u00e9 est\u00e1 diciendo ah\u00ed! \u00a1Dar mi hija, cristiana, a un hombre que parece un animal! grit\u00f3 la esposa del granjero.<br \/>&quot;No te asustes mucho por eso, mi pobre esposa, es Dios quien me lo dio as\u00ed, \u00a1y \u00e9l est\u00e1 muy triste por eso, el pobre ni\u00f1o!&quot; Adem\u00e1s, es gentileza y amabilidad en s\u00ed misma, y tu hija estar\u00eda feliz con eso.<br \/>- Se lo preguntar\u00e9 a mis hijas, y si una de ellas acepta, no me opondr\u00e9.<\/p>\n<p>Y la buena mujer fue a buscar a sus hijas, y les explic\u00f3 el motivo de la visita de la se\u00f1ora del castillo.<\/p>\n<p>&quot;\u00bfTe atreves a hacernos una propuesta as\u00ed?&quot; respondieron los dos mayores; \u00a1c\u00e1sate con alguien que tenga cabeza de potro! Habr\u00eda que estar muy escaso de pretendientes, y, Dios, gracias, a\u00fan no llegamos.<br \/>Pero piensa en lo rico que es, y como es hijo \u00fanico, el castillo y todo lo dem\u00e1s te pertenecer\u00e1.<br \/>-Es verdad -continu\u00f3 el mayor-, as\u00ed ser\u00e9 una castellana; y bien ! dile que consiento en casarme con ella.<\/p>\n<p>La madre transmiti\u00f3 la respuesta de su hija mayor a la dama, y \u00e9sta volvi\u00f3 muy contenta al castillo, para anunciarle la noticia a su hijo.<br \/>Inmediatamente nos pusimos a preparar la boda.<\/p>\n<p>Unos d\u00edas m\u00e1s tarde, la joven novia estaba cerca del <em>dulce<\/em>, en el bosque, mirando a los sirvientes del castillo que lavaban la ropa, charlando y riendo con ellos. Uno de ellos le dice:<\/p>\n<p>&quot;\u00a1C\u00f3mo puedes tomar a alguien que parece un potro, una hermosa ni\u00f1a como t\u00fa, como tu esposo!&quot;<br \/>- \u00a1Bah! ella respondi\u00f3, \u00e9l es rico; y luego, no te preocupes, no ser\u00e1 mi esposo por mucho tiempo, porque en la primera noche de mi boda, le cortar\u00e9 el cuello.<\/p>\n<p>En este momento pas\u00f3 un apuesto se\u00f1or que habiendo o\u00eddo la conversaci\u00f3n dijo:<\/p>\n<p>&quot;\u00a1Tienes una extra\u00f1a conversaci\u00f3n ah\u00ed!&quot;<br \/>-Estas lavanderas, monse\u00f1or -respondi\u00f3 la joven novia-, se burlan de m\u00ed, porque acepto casarme con el joven se\u00f1or del castillo, que tiene cabeza de potro; pero, no ser\u00e9 la esposa de este animal por mucho tiempo, porque, la primera noche de mi boda, le cortar\u00e9 el cuello.<\/p>\n<p>&quot;Lo har\u00e1s bien&quot;, respondi\u00f3 el extra\u00f1o. Y sigui\u00f3 su camino, y desapareci\u00f3.<br \/>Finalmente, lleg\u00f3 el d\u00eda de la boda. Gran fiesta en el castillo y grandes festines. Cuando lleg\u00f3 el momento, las damas de honor llevaron a la joven novia a la c\u00e1mara nupcial, la desnudaron, la acostaron y luego se retiraron. Lleg\u00f3 entonces el joven marido, apuesto y brillante; porque, despu\u00e9s de la puesta del sol, perdi\u00f3 la cabeza de su potro y se volvi\u00f3 en todos los aspectos como los dem\u00e1s hombres. Corri\u00f3 a la cama, se inclin\u00f3 sobre la joven esposa, como para besarla, \u00a1y le cort\u00f3 la cabeza!...<\/p>\n<p>A la ma\u00f1ana siguiente, cuando lleg\u00f3 su madre, se apoder\u00f3 de ella horrorizada por el espect\u00e1culo que se present\u00f3 ante sus ojos, y exclam\u00f3:<\/p>\n<p>&quot;Dios, hijo m\u00edo, \u00bfqu\u00e9 has hecho?&quot;<br \/>&quot;Le hice a ella, mi madre, lo que ella quer\u00eda hacerme&quot;.<\/p>\n<p>Tres meses despu\u00e9s, el deseo de casarse se apoder\u00f3 nuevamente del se\u00f1or con la cabeza de potro, y le rog\u00f3 a su madre que fuera a pedirle la segunda hija del labrador. Esta \u00faltima, sin duda, ignoraba la forma en que hab\u00eda perecido su hermana; adem\u00e1s, acept\u00f3 con presteza la proposici\u00f3n que se le hizo, siempre por los grandes bienes del joven se\u00f1or.<\/p>\n<p>Inmediatamente comenzaron los preparativos para la boda, y un d\u00eda que ella estaba, como su hermana, cerca del <em>dulce<\/em>, mirando a las lavanderas del castillo, charlando y riendo con ellas, alguien le dijo:<\/p>\n<p>&quot;\u00bfC\u00f3mo te puedes casar con un hombre con cara de potro, tan bonita como eres?&quot; Y luego, ten cuidado, nadie sabe exactamente qu\u00e9 ha sido de tu hermana mayor...<br \/>\u201cNo te preocupes, sabr\u00e9 c\u00f3mo deshacerme de ese animal; Lo matar\u00e9 como a un cerdo en la primera noche de su boda, y todos sus bienes permanecer\u00e1n conmigo.<\/p>\n<p>En este momento volvi\u00f3 a pasar el mismo se\u00f1or desconocido, quien se detuvo un momento y dijo:<\/p>\n<p>\u201c\u00a1Tienen una conversaci\u00f3n extra\u00f1a ah\u00ed, chicas!<br \/>Son estas muchachas, monse\u00f1or, las que me disuaden de casarme con el joven amo del castillo, porque parece un potro; pero lo matar\u00e9, como a un cerdo, la primera noche de mi matrimonio, y todos sus bienes me pertenecer\u00e1n.<br \/>&quot;Har\u00e1s bien&quot;, respondi\u00f3 el extra\u00f1o; - y desapareci\u00f3.<\/p>\n<p>Las nupcias se celebraron con solemnidad, como la primera vez; magn\u00edficas fiestas, m\u00fasica, bailes, todo tipo de juegos. Pero, a la ma\u00f1ana siguiente, la joven novia todav\u00eda se encontraba en su cama, \u00a1con la cabeza cortada!...<\/p>\n<p>Tres meses despu\u00e9s, el joven se\u00f1or con cabeza de potro le dijo a su madre que fuera a preguntarle por la tercera hija del granjero. Los padres pusieron dificultades esta vez; el destino de sus dos mayores los asustaba. Pero, les ofrecieron darles su finca en plena propiedad, y este era un argumento irresistible. Adem\u00e1s, la jovencita misma estaba consintiendo y le dijo a su madre:<\/p>\n<p>\u201cCon mucho gusto lo tomar\u00e9, madre m\u00eda; si mis dos hermanas perdieron la vida, es culpa de ellas; fue su lenguaje lo que lo caus\u00f3.<\/p>\n<p>Por lo tanto, se hicieron preparativos para la boda en el castillo, por tercera vez. Como sus dos mayores, la joven novia fue a charlar con las lavanderas en el estanque.<br \/>&#039;\u00a1C\u00f3mo&#039;, le dec\u00edan, &#039;una linda muchacha como t\u00fa se va a casar con alguien que parece un potro, y despu\u00e9s de lo que les pas\u00f3 a tus dos hermanas mayores!<br \/>&#039;S\u00ed, s\u00ed&#039;, respondi\u00f3 confiadamente, &#039;me casar\u00e9 con \u00e9l y no tengo miedo de que me pase como a mis hermanas; si algo les pas\u00f3, fue su lengua la causa.<\/p>\n<p>En este momento, pas\u00f3 el mismo se\u00f1or de las otras dos veces, quien escuch\u00f3 la conversaci\u00f3n, y sigui\u00f3 su camino, sin decir nada esta vez.<br \/>La boda se desarroll\u00f3 con gran pompa y solemnidad; magn\u00edficas fiestas, m\u00fasica, bailes, juegos y diversiones de toda clase, como las dos primeras veces. La \u00fanica diferencia era que al d\u00eda siguiente la novia segu\u00eda viva.<\/p>\n<p>Durante nueve meses vivi\u00f3 feliz con su marido. \u00c9ste ten\u00eda cara de potro s\u00f3lo de d\u00eda; cuando se puso el sol, se convirti\u00f3 en un joven apuesto hasta la ma\u00f1ana siguiente.<\/p>\n<p>Al cabo de los nueve meses, la joven dio a luz un hijo, un ni\u00f1o hermoso, bien formado y sin cabeza de potro. Al salir a bautizar al ni\u00f1o, el padre le dijo a la joven madre:<\/p>\n<p>\u201cHab\u00eda sido condenado a llevar cabeza de potro, hasta que me naciera un ni\u00f1o; ahora dar\u00e9 a luz, y cuando mi hijo sea bautizado, ser\u00e9 como los dem\u00e1s hombres en todo. Pero no habl\u00e9is de esto a nadie hasta que las campanas bautismales hayan cesado de sonar; si dices lo m\u00e1s m\u00ednimo al respecto, incluso a tu madre, \u00a1desaparecer\u00e9 instant\u00e1neamente y nunca me volver\u00e1s a ver!<\/p>\n<p>Hecha esta recomendaci\u00f3n, se fue con el padrino y la madrina a bautizar a su hijo.<\/p>\n<p>Pronto la joven madre escuch\u00f3 las campanas de su cama y se sinti\u00f3 muy feliz. En su impaciencia por anunciar la buena noticia a su madre, que estaba cerca de su cama, no pudo esperar a que dejaran de llamar y hablaran. Inmediatamente vio venir a su marido, con su cabeza de potro, cubierta de polvo y muy enfadada.<\/p>\n<p>- \u00a1Vaya! infeliz mujer, exclam\u00f3, \u00bfqu\u00e9 has hecho?<br \/>\u00a1Ahora me voy, y nunca me volver\u00e1s a ver!<\/p>\n<p>Y se fue de inmediato, sin siquiera besarla.<br \/>Ella se levant\u00f3 para contenerlo; al no poder hacerlo, corri\u00f3 tras \u00e9l.<br \/>- No me siga ! le grit\u00f3.<br \/>Pero ella no lo escuch\u00f3 y sigui\u00f3 corriendo.<br \/>- \u00a1No me sigas, te digo!<\/p>\n<p>Le pisaba los talones, iba a alcanzarlo; luego se dio la vuelta y le dio un pu\u00f1etazo en la cara. La sangre brot\u00f3 sobre su camisa y dej\u00f3 tres manchas all\u00ed.<\/p>\n<p>&quot;\u00a1Que estas manchas&quot;, exclam\u00f3 la joven, &quot;nunca se puedan borrar, hasta que yo venga a quitarlas!&quot;<br \/>&quot;Y t\u00fa, infeliz&quot;, respondi\u00f3 su marido, &quot;\u00a1no me encontrar\u00e1s hasta que hayas gastado tres pares de zapatos de hierro busc\u00e1ndome!&quot;<br \/>Mientras la sangre, que brotaba en abundancia de la nariz de la joven madre, le imped\u00eda continuar, el hombre potro sigui\u00f3 su camino, y ella pronto lo perdi\u00f3 de vista.<\/p>\n<p>As\u00ed que mand\u00f3 hacer tres pares de zapatos de hierro y fue a buscarlo. Iba al azar, sin saber qu\u00e9 direcci\u00f3n tomar.<\/p>\n<p>Despu\u00e9s de caminar durante diez a\u00f1os, su tercer par de zapatos estaba casi gastado, cuando se encontr\u00f3 un d\u00eda cerca de un castillo, donde los sirvientes lavaban ropa, en un estanque. Se detuvo un momento a mirarlos, y escuch\u00f3 a una de las lavanderas decir:<\/p>\n<p>&quot;\u00a1Aqu\u00ed est\u00e1 de nuevo, la camisa embrujada!&quot; Se presenta a todas las nieblas, y en vano lo froto con jab\u00f3n, no puedo quitar las tres manchas de sangre que est\u00e1n all\u00ed; y ma\u00f1ana el se\u00f1or la va a necesitar para ir a la iglesia, porque es su mejor camiseta!<\/p>\n<p>La joven escuch\u00f3 con todos sus o\u00eddos. Se acerc\u00f3 a la lavandera que as\u00ed hablaba y le dijo:<\/p>\n<p>&#039;Dame esa camisa por un rato, por favor; Creo que lograr\u00e9 que desaparezcan las manchas.<\/p>\n<p>Le dieron la camiseta; escupi\u00f3 sobre las manchas, las empap\u00f3 en agua, luego las frot\u00f3 y las manchas desaparecieron.<\/p>\n<p>&quot;Gracias&quot;, le dijo la lavandera; ve al ch\u00e2teau, pide que te alojen y luego, cuando llegue, te recomendar\u00e9 al cocinero.<\/p>\n<p>Fue al castillo, comi\u00f3 en la cocina con los sirvientes, y la hicieron dormir en un peque\u00f1o armario, muy cerca de la alcoba del se\u00f1or. Todas las camas estaban ocupadas por todas partes. Alrededor de la medianoche, el se\u00f1or entr\u00f3 en su habitaci\u00f3n. El coraz\u00f3n de la joven lat\u00eda con tanta fuerza, por estar tan cerca de su esposo, que casi se desmaya. S\u00f3lo un muro de tablones los separaba. Golpe\u00f3 con el dedo en el tabique; su esposo respondi\u00f3 desde el otro lado.<\/p>\n<p>Ella se dio a conocer y su esposo se apresur\u00f3 a unirse a ella. \u00a1Juzgad si estaban contentos de volver a encontrarse, despu\u00e9s de tan larga separaci\u00f3n, y tantos sufrimientos!<\/p>\n<p>\u00a1Ya era hora! Al d\u00eda siguiente se iba a celebrar su matrimonio con la hija del due\u00f1o de este castillo. Pero hizo aplazar la ceremonia, no s\u00e9 con qu\u00e9 pretexto, y como estaba preparada la fiesta, y llegados todos los invitados, nos sentamos a la mesa. El extra\u00f1o, tan hermoso como una princesa, aunque escasamente adornado, fue presentado a la sociedad por la novia como su prima.<\/p>\n<p>La comida fue muy alegre. Hacia el final, el prometido le habl\u00f3 as\u00ed a su futuro suegro:<br \/>\u2014 Suegro, quisiera saber su opini\u00f3n sobre el siguiente caso: Tengo una bonita caja, llena de objetos preciosos, cuya llave se me hab\u00eda perdido. Hice una nueva llave y ahora acabo de encontrar la primera. \u00bfA cu\u00e1l debo dar preferencia?<\/p>\n<p>-Siempre se debe respetar lo viejo -replic\u00f3 el anciano-; tienes que tomar tu primera llave.<br \/>- Y bien ! aqu\u00ed est\u00e1 mi primera esposa, a quien acabo de encontrar, porque ya estoy casado; y como todav\u00eda lo amo, me parece oportuno retirarlo, como t\u00fa mismo lo has dicho.<\/p>\n<p>Grande fue el asombro de todos; y en medio del silencio general, tom\u00f3 de la mano a su primera esposa, y sali\u00f3 con ella del sal\u00f3n de la fiesta.<br \/>Regresaron a su pa\u00eds y vivieron felices juntos por el resto de sus d\u00edas.<\/p>\n<p><\/p>\t\t\t\t\t\t\t\t<\/div>\n\t\t\t\t<\/div>\n\t\t\t\t\t<\/div>\n\t\t<\/div>\n\t\t\t\t\t<\/div>\n\t\t<\/section>\n\t\t\t\t<\/div>","protected":false},"excerpt":{"rendered":"<p>Wiki mitolog\u00eda bretona Hab\u00eda una vez, en el antiguo castillo de Kerou\u00e9z, en el municipio de Loguivi-Plougras, un rico se\u00f1or\u2026 <\/p>","protected":false},"author":1,"featured_media":0,"parent":96,"menu_order":0,"comment_status":"closed","ping_status":"closed","template":"","meta":{"footnotes":""},"class_list":["post-656","page","type-page","status-publish","hentry"],"amp_enabled":true,"_links":{"self":[{"href":"https:\/\/mythslegendes.com\/es\/wp-json\/wp\/v2\/pages\/656","targetHints":{"allow":["GET"]}}],"collection":[{"href":"https:\/\/mythslegendes.com\/es\/wp-json\/wp\/v2\/pages"}],"about":[{"href":"https:\/\/mythslegendes.com\/es\/wp-json\/wp\/v2\/types\/page"}],"author":[{"embeddable":true,"href":"https:\/\/mythslegendes.com\/es\/wp-json\/wp\/v2\/users\/1"}],"replies":[{"embeddable":true,"href":"https:\/\/mythslegendes.com\/es\/wp-json\/wp\/v2\/comments?post=656"}],"version-history":[{"count":1,"href":"https:\/\/mythslegendes.com\/es\/wp-json\/wp\/v2\/pages\/656\/revisions"}],"predecessor-version":[{"id":24570,"href":"https:\/\/mythslegendes.com\/es\/wp-json\/wp\/v2\/pages\/656\/revisions\/24570"}],"up":[{"embeddable":true,"href":"https:\/\/mythslegendes.com\/es\/wp-json\/wp\/v2\/pages\/96"}],"wp:attachment":[{"href":"https:\/\/mythslegendes.com\/es\/wp-json\/wp\/v2\/media?parent=656"}],"curies":[{"name":"wp","href":"https:\/\/api.w.org\/{rel}","templated":true}]}}