{"id":693,"date":"2020-06-15T11:48:40","date_gmt":"2020-06-15T10:48:40","guid":{"rendered":"https:\/\/mythslegendes.com\/?page_id=693"},"modified":"2021-04-15T10:50:12","modified_gmt":"2021-04-15T10:50:12","slug":"le-livre-des-invasions","status":"publish","type":"page","link":"https:\/\/mythslegendes.com\/es\/mitologia-irlandesa\/el-libro-de-las-invasiones\/","title":{"rendered":"El libro de las invasiones"},"content":{"rendered":"<p>Incluye el Lebor Gab\u00e1la \u00c9renn, una recopilaci\u00f3n de la historia m\u00edtica de las ocupaciones de Irlanda, la <em>Foras Feasa de Erinn<\/em> y los <em>Anales de los cuatro maestros<\/em>.<\/p>\n\n\n\n<ul class=\"wp-block-list\"><li><strong><a href=\"https:\/\/mythslegendes.com\/es\/\">Introducci\u00f3n a Lebor Gab\u00e1la \u00c9renn<\/a><\/strong><\/li><li><strong><a href=\"https:\/\/mythslegendes.com\/es\/\">Historia b\u00edblica irlandesa<\/a><\/strong><\/li><li><strong><a href=\"https:\/\/mythslegendes.com\/es\/\">Go\u00efdels<\/a><\/strong><\/li><li><strong><a href=\"https:\/\/mythslegendes.com\/es\/\">Cessair<\/a><\/strong><\/li><li><strong><a href=\"https:\/\/mythslegendes.com\/es\/\">Partholon<\/a><\/strong><\/li><li><strong><a href=\"https:\/\/mythslegendes.com\/es\/\">Nemed<\/a><\/strong><\/li><li><strong><a href=\"https:\/\/mythslegendes.com\/es\/\">Bolgs de abeto<\/a><\/strong><\/li><li><strong><a href=\"https:\/\/mythslegendes.com\/es\/\">Tuatha De Danann<\/a><\/strong><\/li><li><strong><a href=\"https:\/\/mythslegendes.com\/es\/\">Milesiens<\/a><\/strong><\/li><\/ul>\n\n\n\n<p>Historias relacionadas<\/p>\n\n\n\n<ul class=\"wp-block-list\"><li><strong>La venida de Partholon<\/strong><\/li><li><strong>Los fomorianos<\/strong><\/li><li><strong><a href=\"https:\/\/mythslegendes.com\/es\/\">La leyenda de Tuan Mac Carell<\/a><\/strong><\/li><li><strong>Los nemedios<\/strong><\/li><li><strong>La llegada de los Firbolg<\/strong><\/li><li><strong>La venida de la gente de Dana<\/strong><\/li><li><strong>Los tesoros de los daneses<\/strong><\/li><li><strong>Los daneses y los firbolgs<\/strong><\/li><li><strong>La primera batalla de Moytura<\/strong><\/li><li><strong>El exilio del rey Bres<\/strong><\/li><li><strong>La tiran\u00eda de los fomorianos<\/strong><\/li><li><strong>La venida de Lug<\/strong><\/li><li><strong>La b\u00fasqueda de los hijos de Turenn<\/strong><\/li><li><strong>La segunda batalla de Moytura<\/strong><\/li><li><strong>La muerte de balor<\/strong><\/li><li><strong>Arpa de Dagda<\/strong><\/li><li><strong>Dagda<\/strong><\/li><li><strong>Angus og<\/strong><\/li><li><strong>Lagos de Killarney<\/strong><\/li><li><strong>Arrastrar<\/strong><\/li><li><strong>Midir el Orgulloso<\/strong><\/li><li><strong>Lir y Mananan<\/strong><\/li><li><strong>La diosa Dana<\/strong><\/li><li><strong>Morrigan<\/strong><\/li><li><strong>Ola de Cleena<\/strong><\/li><li><strong>La Diosa Mayor<\/strong><\/li><li><strong>Sinend y el pozo del conocimiento<\/strong><\/li><li><strong>La llegada de los milesios<\/strong><\/li><li><strong>El poeta Amergin<\/strong><\/li><li><strong>El juicio de Amergin<\/strong><\/li><li><strong>La derrota de los daneses<\/strong><\/li><li><strong><a href=\"https:\/\/mythslegendes.com\/es\/\">Los hijos de Lir<\/a><\/strong><\/li><li><strong>El cuento de Ethne<\/strong><\/li><\/ul>","protected":false},"excerpt":{"rendered":"<p>Incluye el Lebor Gab\u00e1la \u00c9renn, una recopilaci\u00f3n de la historia m\u00edtica de las ocupaciones de Irlanda, las Foras Feasa de Erinn y\u2026 <\/p>","protected":false},"author":1,"featured_media":691,"parent":439,"menu_order":0,"comment_status":"closed","ping_status":"closed","template":"","meta":{"footnotes":""},"class_list":["post-693","page","type-page","status-publish","has-post-thumbnail","hentry"],"amp_enabled":true,"_links":{"self":[{"href":"https:\/\/mythslegendes.com\/es\/wp-json\/wp\/v2\/pages\/693","targetHints":{"allow":["GET"]}}],"collection":[{"href":"https:\/\/mythslegendes.com\/es\/wp-json\/wp\/v2\/pages"}],"about":[{"href":"https:\/\/mythslegendes.com\/es\/wp-json\/wp\/v2\/types\/page"}],"author":[{"embeddable":true,"href":"https:\/\/mythslegendes.com\/es\/wp-json\/wp\/v2\/users\/1"}],"replies":[{"embeddable":true,"href":"https:\/\/mythslegendes.com\/es\/wp-json\/wp\/v2\/comments?post=693"}],"version-history":[{"count":0,"href":"https:\/\/mythslegendes.com\/es\/wp-json\/wp\/v2\/pages\/693\/revisions"}],"up":[{"embeddable":true,"href":"https:\/\/mythslegendes.com\/es\/wp-json\/wp\/v2\/pages\/439"}],"wp:featuredmedia":[{"embeddable":true,"href":"https:\/\/mythslegendes.com\/es\/wp-json\/wp\/v2\/media\/691"}],"wp:attachment":[{"href":"https:\/\/mythslegendes.com\/es\/wp-json\/wp\/v2\/media?parent=693"}],"curies":[{"name":"wp","href":"https:\/\/api.w.org\/{rel}","templated":true}]}}