{"id":704,"date":"2020-06-15T11:58:01","date_gmt":"2020-06-15T10:58:01","guid":{"rendered":"https:\/\/mythslegendes.com\/?page_id=704"},"modified":"2021-04-15T10:50:25","modified_gmt":"2021-04-15T10:50:25","slug":"la-branche-rouge","status":"publish","type":"page","link":"https:\/\/mythslegendes.com\/es\/mitologia-irlandesa\/la-rama-roja\/","title":{"rendered":"La rama roja"},"content":{"rendered":"<p class=\"has-text-align-justify\">Las historias de este ciclo pertenecen al reinado del rey Conchobar Mac Nessa, hijo del druida Cathbad y la reina Ness, de quien se dice que vivi\u00f3 en la \u00e9poca de Cristo (30&nbsp;<abbr title=\"30 a. C.\">AV. J.-C.<\/abbr>&nbsp;al 35 abr. ANUNCIO). Su capital es Emain Macha. Fue durante la guerra que entreg\u00f3 a la reina Medb y al rey Ailill de Connaught que intervino el gesto de C\u00fachulainn.<\/p>\n\n\n\n<ul class=\"wp-block-list\"><li><strong><a href=\"https:\/\/mythslegendes.com\/es\/\">Compert Conchobuir (La concepci\u00f3n de Conchobar)<\/a><\/strong><\/li><li><strong><a href=\"https:\/\/mythslegendes.com\/es\/\">Sc\u00e9la Conchobuir mac Nessa (Historia de Conchobar Mac Nessa)<\/a><\/strong><\/li><li><strong><a href=\"https:\/\/mythslegendes.com\/es\/\">Ferchuitred Medba \/ Cath B\u00f3inde (Los hombres de Medb \/ La batalla del Boyne)<\/a><\/strong><\/li><li><strong><a href=\"https:\/\/mythslegendes.com\/es\/\">Compert Con Culainn (La concepci\u00f3n de C\u00fachulainn)<\/a><\/strong><\/li><li><strong><a href=\"https:\/\/mythslegendes.com\/es\/\">Feis Rod Becfoltaig (La concepci\u00f3n de Cuchulainn)<\/a><\/strong><\/li><li><strong><a href=\"https:\/\/mythslegendes.com\/es\/\">Tochmarc Emire (La corte de Emer)<\/a><\/strong><\/li><li><strong><a href=\"https:\/\/mythslegendes.com\/es\/\">Aided \u00d3enfir A\u00edfe (La violenta muerte del \u00fanico hijo de Aife)<\/a><\/strong><\/li><li><strong><a href=\"https:\/\/mythslegendes.com\/es\/\">Ainfer Aife (El asesinato de Aif\u00e9)<\/a><\/strong><\/li><li><strong><a href=\"https:\/\/mythslegendes.com\/es\/\">Derbforgaill ayudado<\/a><\/strong><\/li><li><strong>Ayudado Guill maic Carbada ocus Ayudado Gairb Glinne Rige<\/strong><\/li><li><strong><a href=\"https:\/\/mythslegendes.com\/es\/\">Sc\u00e9la Muicce Maic Dath\u00f3 (Historia de los cerdos de Mac Datho)<\/a><\/strong><\/li><li><strong><a href=\"https:\/\/mythslegendes.com\/es\/\">Huy\u00f3 de Bricrenn (La fiesta de Bricriu)<\/a><\/strong><\/li><li><strong><a href=\"https:\/\/mythslegendes.com\/es\/\">Longes mac nDu\u00edl Dermait (El exilio de los hijos de D\u00f3el Dermait)<\/a><\/strong><\/li><li><strong><a href=\"https:\/\/mythslegendes.com\/es\/\">Los cuentos de Deirdre y Grania<\/a><\/strong><\/li><li><strong><a href=\"https:\/\/mythslegendes.com\/es\/\">Cordones Mac nUisnech (El exilio de los hijos de Usnech)<\/a><\/strong><\/li><li><strong><a href=\"https:\/\/mythslegendes.com\/es\/\">Ayudada Chloinne Uisnig<\/a><\/strong><\/li><li><strong>Aislinge \u00d3enguso (El sue\u00f1o de Oengus)<\/strong><\/li><li><strong><a href=\"https:\/\/mythslegendes.com\/es\/\">T\u00e1in B\u00f3 Fr\u00e1ich (La Razzia de Fraich)<\/a><\/strong><\/li><li><strong><a href=\"https:\/\/mythslegendes.com\/es\/\">Tochmarc Treblainne (La corte de Treblainne)<\/a><\/strong><\/li><li><strong>T\u00e1in B\u00f3 Regamain (La Razzia de Regamon)<\/strong><\/li><li><strong>T\u00e1in B\u00f3 Dartada (La incursi\u00f3n de Dartaid)<\/strong><\/li><li><strong>T\u00e1in B\u00f3 Flidaise (La Razzia de Flidais)<\/strong><\/li><li><strong><a href=\"https:\/\/mythslegendes.com\/es\/\">Tochmarc Ferbe (La corte de Ferb)<\/a><\/strong><\/li><li><strong><a href=\"https:\/\/mythslegendes.com\/es\/\">Echtra Nerae (Las aventuras de Nera)<\/a><\/strong><\/li><li><strong><a href=\"https:\/\/mythslegendes.com\/es\/\">T\u00e1in B\u00f3 Regamna (La Razzia de Ragamna)<\/a><\/strong><\/li><li><strong><a href=\"https:\/\/mythslegendes.com\/es\/\">Cath Aenaig Macha (La batalla de la Asamblea de Macha)<\/a><\/strong><\/li><li><strong><a href=\"https:\/\/mythslegendes.com\/es\/\">No\u00ednden Ulad (La debilidad de los Ulates)<\/a><\/strong><\/li><li><strong><a href=\"https:\/\/mythslegendes.com\/es\/\">De Chophur en D\u00e1 Muccida (La disputa de los dos hombres cerdo)<\/a><\/strong><\/li><li><strong><a href=\"https:\/\/mythslegendes.com\/es\/\">T\u00e1in B\u00f3 Cuailnge (El asalto de las vacas Cooley)<\/a><\/strong><\/li><li><strong><a href=\"https:\/\/mythslegendes.com\/es\/\">Macgnimrada Conculaid (Las haza\u00f1as de la infancia de C\u00fachulainn)<\/a><\/strong><\/li><li><strong><a href=\"https:\/\/mythslegendes.com\/es\/\">Aided Con Ro\u00ed (La muerte de Con Roi)<\/a><\/strong><\/li><li><strong><a href=\"https:\/\/mythslegendes.com\/es\/\">Ayudado Conroi Maic Dairi (La tr\u00e1gica muerte de Curoi Mac Dari)<\/a><\/strong><\/li><li><strong>Mesca Ulad (La embriaguez de los Ulates)<\/strong><\/li><li><strong><a href=\"https:\/\/mythslegendes.com\/es\/\">These Ulad (La enfermedad de Ulate)<\/a><\/strong><\/li><li><strong><a href=\"https:\/\/mythslegendes.com\/es\/\">Tochmarc Luaine ocus Aided Athirni<\/a><\/strong><\/li><li><strong>Togail Bruidne Da Derga (Destrucci\u00f3n de la residencia de Da Derga)<\/strong><\/li><li><strong><a href=\"https:\/\/mythslegendes.com\/es\/\">Cheltchair asistido maic Uthechair (La Mort de Celtchar mac Uthechair)<\/a><\/strong><\/li><li><strong><a href=\"https:\/\/mythslegendes.com\/es\/\">Serglige Con Culainn \u00d3en\u00e9t Emire (La historia de C\u00fachulainn y los celos de Emer)<\/a><\/strong><\/li><li><strong>Cath \u00c9tair (La batalla de Howth)<\/strong><\/li><li><strong>Cath Ruis na R\u00edg (La batalla de Ros na Rig)<\/strong><\/li><li><strong><a href=\"https:\/\/mythslegendes.com\/es\/\">Ayudado con Culainn<\/a><\/strong><\/li><li><strong><a href=\"https:\/\/mythslegendes.com\/es\/\">La muerte de Connlach<\/a> (variante)<\/strong><\/li><li><strong><a href=\"https:\/\/mythslegendes.com\/es\/\">Ayudado Ceit maic M\u00e1gach (La muerte de este Mac M\u00e1gach)<\/a><\/strong><\/li><li><strong>Ayudado a L\u00f3egairi B\u00faadaig (La violenta muerte del victorioso Loegaire)<\/strong><\/li><li><strong><a href=\"https:\/\/mythslegendes.com\/es\/\">Conchobair ayudado<\/a><\/strong><\/li><li><strong><a href=\"https:\/\/mythslegendes.com\/es\/\">Bruiden Da Chocae (La residencia de Da Choca)<\/a><\/strong><\/li><li><strong>Cath Airtig (La batalla de Airtech)<\/strong><\/li><li><strong><a href=\"https:\/\/mythslegendes.com\/es\/\">Ayudado Fergusa maic R\u00f3ig (La muerte de Fergus Mac Roeg)<\/a><\/strong><\/li><li><strong><a href=\"https:\/\/mythslegendes.com\/es\/\">Goire Conaill Chernaig ocus Ayud\u00f3 a Ailella ocus Conaill Chernaig<\/a><\/strong><\/li><li><strong><a href=\"https:\/\/mythslegendes.com\/es\/\">Aided Meidbe (La muerte de Medb)<\/a><\/strong><\/li><li><strong>Siaburcharpat Con Culainn (El fantasma del carro de C\u00fachulainn)<\/strong><\/li><li><strong>De Faillsigud T\u00e1na B\u00f3 Cuailnge (El redescubrimiento de la incursi\u00f3n de las vacas Cooley)<\/strong><\/li><li><strong><a href=\"https:\/\/mythslegendes.com\/es\/\">Masha en las Dinnshenchas<\/a><\/strong><\/li><li><strong><a href=\"https:\/\/mythslegendes.com\/es\/\">La batalla de Leitir Ruibhe<\/a><\/strong><\/li><li><strong><a href=\"https:\/\/mythslegendes.com\/es\/\">Cogadh Ferghusa agus Choncubhair sonn (La guerra entre Fergus y Conchobar)<\/a><\/strong><\/li><li><strong><a href=\"https:\/\/mythslegendes.com\/es\/\">Verba Sc\u00e1thaige (La predicci\u00f3n de Sc\u00e1thach)<\/a><\/strong><\/li><li><strong><a href=\"https:\/\/mythslegendes.com\/es\/\">Sanas Cormaic (Historia de N\u00e9d\u00e9 hijo de Adnae)<\/a><\/strong><\/li><li><strong><a href=\"https:\/\/mythslegendes.com\/es\/\">Serglige Con Culainn \u00d3en\u00e9t Emire (Enfermedad de Cuchulainn y los celos \u00fanicos de Emer)<\/a><\/strong><\/li><li><strong><a href=\"https:\/\/mythslegendes.com\/es\/\">Comracc Conchulaind re Senbecc hua n-Ebricc a Segais in so (El combate de Cuchulainn con Senbecc, nieto de Ebrecc, de Segais)<\/a><\/strong><\/li><li><strong><a href=\"https:\/\/mythslegendes.com\/es\/\">Brinna Ferchertne inso triana codlud (Brinna Ferchertne)<\/a><\/strong><\/li><\/ul>","protected":false},"excerpt":{"rendered":"<p>Las historias de este ciclo est\u00e1n ambientadas durante el reinado del rey Conchobar Mac Nessa, hijo del druida Cathbad y la reina Ness, quien\u2026 <\/p>","protected":false},"author":1,"featured_media":711,"parent":439,"menu_order":0,"comment_status":"closed","ping_status":"closed","template":"","meta":{"footnotes":""},"class_list":["post-704","page","type-page","status-publish","has-post-thumbnail","hentry"],"amp_enabled":true,"_links":{"self":[{"href":"https:\/\/mythslegendes.com\/es\/wp-json\/wp\/v2\/pages\/704","targetHints":{"allow":["GET"]}}],"collection":[{"href":"https:\/\/mythslegendes.com\/es\/wp-json\/wp\/v2\/pages"}],"about":[{"href":"https:\/\/mythslegendes.com\/es\/wp-json\/wp\/v2\/types\/page"}],"author":[{"embeddable":true,"href":"https:\/\/mythslegendes.com\/es\/wp-json\/wp\/v2\/users\/1"}],"replies":[{"embeddable":true,"href":"https:\/\/mythslegendes.com\/es\/wp-json\/wp\/v2\/comments?post=704"}],"version-history":[{"count":0,"href":"https:\/\/mythslegendes.com\/es\/wp-json\/wp\/v2\/pages\/704\/revisions"}],"up":[{"embeddable":true,"href":"https:\/\/mythslegendes.com\/es\/wp-json\/wp\/v2\/pages\/439"}],"wp:featuredmedia":[{"embeddable":true,"href":"https:\/\/mythslegendes.com\/es\/wp-json\/wp\/v2\/media\/711"}],"wp:attachment":[{"href":"https:\/\/mythslegendes.com\/es\/wp-json\/wp\/v2\/media?parent=704"}],"curies":[{"name":"wp","href":"https:\/\/api.w.org\/{rel}","templated":true}]}}