{"id":718,"date":"2020-06-15T12:23:36","date_gmt":"2020-06-15T11:23:36","guid":{"rendered":"https:\/\/mythslegendes.com\/?page_id=718"},"modified":"2022-12-03T22:06:57","modified_gmt":"2022-12-03T22:06:57","slug":"histoire-biblique-irlandaise","status":"publish","type":"page","link":"https:\/\/mythslegendes.com\/es\/mitologia-irlandesa\/historia-biblica-irlandesa\/","title":{"rendered":"Historia b\u00edblica irlandesa"},"content":{"rendered":"<div data-elementor-type=\"wp-page\" data-elementor-id=\"718\" class=\"elementor elementor-718\">\n\t\t\t\t\t\t<section class=\"elementor-section elementor-top-section elementor-element elementor-element-8c82870 elementor-section-boxed elementor-section-height-default elementor-section-height-default\" data-id=\"8c82870\" data-element_type=\"section\" data-e-type=\"section\">\n\t\t\t\t\t\t<div class=\"elementor-container elementor-column-gap-default\">\n\t\t\t\t\t<div class=\"elementor-column elementor-col-50 elementor-top-column elementor-element elementor-element-e2d052c\" data-id=\"e2d052c\" data-element_type=\"column\" data-e-type=\"column\">\n\t\t\t<div class=\"elementor-widget-wrap elementor-element-populated\">\n\t\t\t\t\t\t<div class=\"elementor-element elementor-element-2ea7368 elementor-align-justify elementor-widget elementor-widget-button\" data-id=\"2ea7368\" data-element_type=\"widget\" data-e-type=\"widget\" data-widget_type=\"button.default\">\n\t\t\t\t<div class=\"elementor-widget-container\">\n\t\t\t\t\t\t\t\t\t<div class=\"elementor-button-wrapper\">\n\t\t\t\t\t<a class=\"elementor-button elementor-button-link elementor-size-sm\" href=\"https:\/\/mythslegendes.com\/es\/mitologia-irlandesa\/\">\n\t\t\t\t\t\t<span class=\"elementor-button-content-wrapper\">\n\t\t\t\t\t\t\t\t\t<span class=\"elementor-button-text\">Mitolog\u00eda irlandesa<\/span>\n\t\t\t\t\t<\/span>\n\t\t\t\t\t<\/a>\n\t\t\t\t<\/div>\n\t\t\t\t\t\t\t\t<\/div>\n\t\t\t\t<\/div>\n\t\t\t\t\t<\/div>\n\t\t<\/div>\n\t\t\t\t<div class=\"elementor-column elementor-col-50 elementor-top-column elementor-element elementor-element-ecdf338\" data-id=\"ecdf338\" data-element_type=\"column\" data-e-type=\"column\">\n\t\t\t<div class=\"elementor-widget-wrap elementor-element-populated\">\n\t\t\t\t\t\t<div class=\"elementor-element elementor-element-a4252b0 elementor-align-justify elementor-widget elementor-widget-button\" data-id=\"a4252b0\" data-element_type=\"widget\" data-e-type=\"widget\" data-widget_type=\"button.default\">\n\t\t\t\t<div class=\"elementor-widget-container\">\n\t\t\t\t\t\t\t\t\t<div class=\"elementor-button-wrapper\">\n\t\t\t\t\t<a class=\"elementor-button elementor-button-link elementor-size-sm\" href=\"https:\/\/fr.wikipedia.org\/wiki\/Mythologie_celtique_irlandaise\" target=\"_blank\" rel=\"noopener\">\n\t\t\t\t\t\t<span class=\"elementor-button-content-wrapper\">\n\t\t\t\t\t\t\t\t\t<span class=\"elementor-button-text\">Wiki<\/span>\n\t\t\t\t\t<\/span>\n\t\t\t\t\t<\/a>\n\t\t\t\t<\/div>\n\t\t\t\t\t\t\t\t<\/div>\n\t\t\t\t<\/div>\n\t\t\t\t\t<\/div>\n\t\t<\/div>\n\t\t\t\t\t<\/div>\n\t\t<\/section>\n\t\t\t\t<section class=\"elementor-section elementor-top-section elementor-element elementor-element-6e341a2d elementor-section-boxed elementor-section-height-default elementor-section-height-default\" data-id=\"6e341a2d\" data-element_type=\"section\" data-e-type=\"section\">\n\t\t\t\t\t\t<div class=\"elementor-container elementor-column-gap-default\">\n\t\t\t\t\t<div class=\"elementor-column elementor-col-100 elementor-top-column elementor-element elementor-element-569e632e\" data-id=\"569e632e\" data-element_type=\"column\" data-e-type=\"column\">\n\t\t\t<div class=\"elementor-widget-wrap elementor-element-populated\">\n\t\t\t\t\t\t<div class=\"elementor-element elementor-element-60a3572c elementor-widget elementor-widget-text-editor\" data-id=\"60a3572c\" data-element_type=\"widget\" data-e-type=\"widget\" data-widget_type=\"text-editor.default\">\n\t\t\t\t<div class=\"elementor-widget-container\">\n\t\t\t\t\t\t\t\t\t\n<p>he aqu\u00ed el <a href=\"https:\/\/mythslegendes.com\/es\/bibliotecas-de-libros\/\">libro<\/a> que se llama Historia B\u00edblica Irlandesa, o la <a href=\"https:\/\/mythslegendes.com\/es\/mitologia-irlandesa\/\">Libro de las invasiones<\/a>.<\/p>\n<p><img decoding=\"async\" class=\"alignnone wp-image-5284 size-full\" src=\"https:\/\/mythslegendes.com\/wp-content\/uploads\/2020\/09\/AlphaOmega-e1602613368367.png\" alt=\"Historia b\u00edblica irlandesa\" width=\"25\" height=\"26\" title=\"\"><\/p>\n<div id=\"ez-toc-container\" class=\"ez-toc-v2_0_82_2 counter-hierarchy ez-toc-counter ez-toc-grey ez-toc-container-direction\">\n<div class=\"ez-toc-title-container\">\n<p class=\"ez-toc-title\" style=\"cursor:inherit\">Contenido<\/p>\n<span class=\"ez-toc-title-toggle\"><a href=\"#\" class=\"ez-toc-pull-right ez-toc-btn ez-toc-btn-xs ez-toc-btn-default ez-toc-toggle\" aria-label=\"Alternar tabla de contenidos\"><span class=\"ez-toc-js-icon-con\"><span class=\"\"><span class=\"eztoc-hide\" style=\"display:none;\">Palanca<\/span><span class=\"ez-toc-icon-toggle-span\"><svg style=\"fill: #999;color:#999\" xmlns=\"http:\/\/www.w3.org\/2000\/svg\" class=\"list-377408\" width=\"20px\" height=\"20px\" viewbox=\"0 0 24 24\" fill=\"none\"><path d=\"M6 6H4v2h2V6zm14 0H8v2h12V6zM4 11h2v2H4v-2zm16 0H8v2h12v-2zM4 16h2v2H4v-2zm16 0H8v2h12v-2z\" fill=\"currentColor\"><\/path><\/svg><svg style=\"fill: #999;color:#999\" class=\"arrow-unsorted-368013\" xmlns=\"http:\/\/www.w3.org\/2000\/svg\" width=\"10px\" height=\"10px\" viewbox=\"0 0 24 24\" version=\"1.2\" baseprofile=\"tiny\"><path d=\"M18.2 9.3l-6.2-6.3-6.2 6.3c-.2.2-.3.4-.3.7s.1.5.3.7c.2.2.4.3.7.3h11c.3 0 .5-.1.7-.3.2-.2.3-.5.3-.7s-.1-.5-.3-.7zM5.8 14.7l6.2 6.3 6.2-6.3c.2-.2.3-.5.3-.7s-.1-.5-.3-.7c-.2-.2-.4-.3-.7-.3h-11c-.3 0-.5.1-.7.3-.2.2-.3.5-.3.7s.1.5.3.7z\"\/><\/svg><\/span><\/span><\/span><\/a><\/span><\/div>\n<nav><ul class='ez-toc-list ez-toc-list-level-1' ><li class='ez-toc-page-1 ez-toc-heading-level-2'><a class=\"ez-toc-link ez-toc-heading-1\" href=\"https:\/\/mythslegendes.com\/es\/mitologia-irlandesa\/historia-biblica-irlandesa\/#Histoire-biblique-irlandaise\" >Historia b\u00edblica irlandesa<\/a><\/li><\/ul><\/nav><\/div>\n<h2><span class=\"ez-toc-section\" id=\"Histoire-biblique-irlandaise\"><\/span>Historia b\u00edblica irlandesa<span class=\"ez-toc-section-end\"><\/span><\/h2>\n<p><strong>\u00a71.<\/strong> En el principio, Dios cre\u00f3 el cielo y la tierra.<\/p>\n\n<p><strong>\u00a72.<\/strong> Primero cre\u00f3 la masa informe y la luz de los \u00e1ngeles. Cre\u00f3 el firmamento. \u00c9l cre\u00f3 las tierras y los mares. Cre\u00f3 el Sol y la Luna y las estrellas en el Cielo. Cre\u00f3 los p\u00e1jaros y los reptiles. Cre\u00f3 bestias en general y Ad\u00e1n para gobernarlas. Entonces Dios descans\u00f3 del cumplimiento de su nueva creaci\u00f3n.<\/p>\n\n<p><strong>\u00a73.<\/strong> Le dio la regencia del cielo a Lucifer, con las nueve \u00f3rdenes de los \u00e1ngeles del cielo. Le dio la regencia de la Tierra a Ad\u00e1n. Lucifer pec\u00f3, de modo que fue la cabeza de un tercio de los \u00e1ngeles. El Rey lo confin\u00f3 con un tercio de los \u00c1ngeles en su compa\u00f1\u00eda, en el Infierno. Y Dios dijo al Enemigo del Cielo: reunidos en este lugar, confundamos sus consejos.<\/p>\n\n<p><strong>\u00a74.<\/strong> Entonces Lucifer envidi\u00f3 a Ad\u00e1n, porque estaba seguro de que se le confiar\u00eda la regencia del cielo. As\u00ed que vino en forma de serpiente y persuadi\u00f3 a Eva a pecar al comer la manzana del \u00e1rbol prohibido. Despu\u00e9s de eso, Ad\u00e1n fue expulsado del para\u00edso.<\/p>\n\n<p><strong>\u00a75.<\/strong> Entonces el Se\u00f1or se acerc\u00f3 a ellos y le dijo a Ad\u00e1n: De la tierra fue creado, y a la tierra volver\u00e1. No obtendr\u00e1 satisfacci\u00f3n sin trabajo duro. Tambi\u00e9n le dijo a la mujer: con dolor ser\u00e1s el padre de tus hijos y de tus hijas.<\/p>\n\n<p><strong>\u00a76.<\/strong> La descendencia de Ad\u00e1n pec\u00f3, fue obra del hijo mayor de Ad\u00e1n, Ca\u00edn lo maldijo, quien mat\u00f3 a su hermano Abel por celos y envidia, con hueso de camello, como dicen los hombres. As\u00ed comenzaron los asesinatos del mundo.<\/p>\n\n<p><strong>\u00a77.<\/strong> En cuanto a Set, uno de los tres hijos de Ad\u00e1n, de \u00e9l nacieron todos los hombres del mundo entero. No\u00e9 hijo de Lamec f. Matusal\u00e9n f. Enoch f. Iared f. Malalahel f. Cainan f. Enos f. Seth f. Ad\u00e1n. Porque fue No\u00e9 el segundo Ad\u00e1n, de quien nacieron todos los hombres del mundo. Porque el Diluvio ahog\u00f3 a todos los descendientes de Ad\u00e1n, excepto a No\u00e9 y sus tres hijos, Sem, Cam, Iafeth y sus cuatro esposas Coba, Olla, Oliva, Olivana. Luego, cuando Dios trajo el Diluvio a todo el mundo, nadie escap\u00f3 del Diluvio excepto la gente de esa arca: No\u00e9 y sus tres hijos, y la esposa de No\u00e9, las esposas de los hijos.<\/p>\n\n<p>Eso dice el poeta,<br \/><em>Una tripulaci\u00f3n que una muerte invernal no present\u00f3<\/em><br \/><em>Noah, no hubo escapatoria en el h\u00e9roe,<\/em><br \/><em>Una historia de terror qued\u00f3 clara con prisa.<\/em><br \/><em>Sem, Ham e Iafeth.<\/em><br \/><em>Mujeres sin mancha, de gran excelencia,<\/em><br \/><em>M\u00e1s all\u00e1 del Diluvio sin extinci\u00f3n,<\/em><br \/><em>Coba, vigoroso era el cisne blanco,<\/em><br \/><em>Olla, Oliva, Olivana.<\/em><\/p>\n\n<p><strong>\u00a78.<\/strong> Entonces Sem se instal\u00f3 en Asia, Ham en \u00c1frica, Iafeth en Europa. Sem se instal\u00f3 en la agradable Asia; Cam y su descendencia en \u00c1frica, el noble Iafeth y sus hijos, fueron ellos quienes se establecieron en Europa. Sem tuvo treinta hijos, incluidos Arfaxad, Assur y Persius. Ham tuvo treinta hijos, incluidos Chus y Chanaan. Iafeth tuvo quince hijos, incluidos Dannai, Gregus, Hispanius, Gomer. O bien Sem tuvo veintisiete hijos.<\/p>\n\n<p><em>Treinta hermosos hijos, un hecho brillante,<\/em><br \/><em>Salieron de Cam, hijo de No\u00e9<\/em><br \/><em>Veintisiete de Sem,<\/em><br \/><em>Y quince de Iafeth.<\/em><\/p>\n\n<p><strong>\u00a79.<\/strong> Iafeth ten\u00eda la parte norte de Asia - Asia Menor,<a href=\"https:\/\/mythslegendes.com\/es\/mitologia-armenia\/\">Armenia<\/a>, Media, los Pueblos de Scythia \u2013 y de \u00e9l descienden los habitantes de toda Europa.<br \/>Grecus hijo de Iafeth, ep\u00f3nimo del Grande <a href=\"https:\/\/mythslegendes.com\/es\/mythes-et-legendes-grecques-1664\/\">Grecia<\/a>, Peque\u00f1a Grecia y la Grecia de Alejandro. Espanus f. Iafeth, de quien descienden los Hispani. Gomer hijo de Iafeth tuvo dos hijos, Emoth e Ibath. Emoth, de \u00e9l descienden los pueblos del norte del mundo. Ibath tuvo dos hijos, Bodb y Baath. Bodb, que tuvo un hijo, Dohe. Elinus hijo de Dohe tuvo tres hijos, Airmen, Negua, Isacon. En cuanto a Airmen, tuvo cinco hijos, Gutus, Cebidus, Uiligothus, Burgundus, Longbardus. Negua tuvo tres hijos, Saxus, Boarus, Uandalus. Isaacon, adem\u00e1s, uno de los tres hijos de Elenus, tuvo cuatro hijos, Romanus, Francus, Britus, Albanus.<br \/>Fue Albano quien primero tom\u00f3 Albania, con sus hijos, y despu\u00e9s de \u00e9l se llama Alba: de modo que condujo a su hermano a trav\u00e9s del mar de Icht, y de \u00e9l descendi\u00f3 los Albins de Lazio en Italia.<\/p>\n\n<p><strong>\u00a710.<\/strong> Magog, hijo de Iafeth, de sus descendientes son los pueblos que entraron en <a href=\"https:\/\/mythslegendes.com\/es\/mitologia-irlandesa\/\">Irlanda<\/a> antes de los Goidels: a saber, Partholon f. ser\u00e1 F. Sru f. Esr\u00fa f. Bimbend f. Aitech f. Magog f. Iafeth y Nemed f. Agnomain f. mimar f. Tat f. ser\u00e1 F. Sru, y los descendientes de Nemed, los Gaileoin, los Fir Domnann, los Fir Bolg y los Tuatha D\u00e9 Danann.<\/p>\n\n<p>As\u00ed dice el poeta:<br \/><em>Magog, hijo de Iafeth, estamos seguros<\/em><br \/><em>De su descendencia:<\/em><br \/><em>Uno de ellos fue Partholon de Banba<\/em><br \/><em>Decente fue su logro.<\/em><br \/><em>Uno de ellos fue el noble Nemed, hijo de Agnomain, \u00fanico;<\/em><br \/><em>De ellos eran Ghent y Genand, Sengand, el Slaine libre.<\/em><br \/><em>Los numerosos descendientes de Elada,<\/em><br \/><em>Uno de ellos era Bres, no es mentira, hijo de Elada.<\/em><br \/><em>Experto en armas, hijo de Delb\u00e1eth hijo de Net.<\/em><\/p>\n\n<p>Hijo de Inda, f. Allda - que era el hijo de Tat, f. Tabam f. de Enda, f. Baath, Ibath el agradable. Hijo de Betac f. Iardan f. Nemed nieto de Paimp: Pamp f. Tat f. Ser\u00e1 f. Sru f. Braiment the White. De Braiment f. Aithecht, f. Magog, de gran renombre: ocurri\u00f3 en su tiempo una aparici\u00f3n combinada en una llanura.<\/p>\n\n<p><strong>\u00a711.<\/strong> Baath, uno de los dos hijos de Ibath f. Gomer F. Iafeth, de \u00e9l son los Goidels y el pueblo de <a href=\"https:\/\/mythslegendes.com\/es\/mitologia-escita\/\">Escitas<\/a>. Tuvo un hijo, el hombre eminente y noble cuyo nombre era Feinus Farsaid. Fue \u00e9l quien fue uno de los sesenta y dos l\u00edderes que fueron a construir la Torre de Nimrod, de la cual se dispersaron las lenguas. Adem\u00e1s, el propio Nimrod era hijo de Cus f. Jam\u00f3n F. No\u00e9. Fue este Feinius quien devolvi\u00f3 a los Pueblos las lenguas de la Torre, y fue \u00e9l quien tuvo la gran escuela, ense\u00f1ando la multiplicidad de lenguas.<\/p>\n\n<p><strong>\u00a712.<\/strong> Pero Feinio tuvo dos hijos: Nenual, a quien dej\u00f3 en el principado de Escitia; Nel, el otro hijo, naci\u00f3 en La Tour. Ahora dominaba todas las lenguas, por eso vinieron en nombre de Fara\u00f3n para ense\u00f1arle la multiplicidad de lenguas. Pero Feinio pas\u00f3 de Asia a Escita, donde hab\u00eda ido para la construcci\u00f3n de la Torre, de modo que muri\u00f3 en el principado de los escitas, al cabo de cuarenta a\u00f1os, y pas\u00f3 el mando a su hijo, Nenual.<\/p>\n\n<p><strong>\u00a713.<\/strong> Cuarenta y dos a\u00f1os despu\u00e9s de la construcci\u00f3n de la torre, Ninus f. Belus tom\u00f3 la realeza del mundo. Porque nadie m\u00e1s que \u00e9l hab\u00eda tratado de ejercer autoridad sobre los pueblos o de unir a la multitud de naciones bajo un solo reinado, ni de someterlas a impuestos y tributos.<br \/>Antes de este tiempo hab\u00eda habido caciques, el m\u00e1s noble y el m\u00e1s favorecido de la comunidad, era \u00e9l el primer consejero de todo hombre: el que deb\u00eda evitar toda injusticia y defender toda la justicia. No ha habido ning\u00fan intento de invadir o dominar a otras naciones.<\/p>\n\t\t\t\t\t\t\t\t<\/div>\n\t\t\t\t<\/div>\n\t\t\t\t\t<\/div>\n\t\t<\/div>\n\t\t\t\t\t<\/div>\n\t\t<\/section>\n\t\t\t\t<\/div>","protected":false},"excerpt":{"rendered":"<p>Wiki de Mitolog\u00eda Irlandesa Este es el libro llamado Historia B\u00edblica Irlandesa, o el Libro de las Invasiones. Historia b\u00edblica irlandesa... <\/p>","protected":false},"author":1,"featured_media":0,"parent":439,"menu_order":0,"comment_status":"closed","ping_status":"closed","template":"","meta":{"footnotes":""},"class_list":["post-718","page","type-page","status-publish","hentry"],"amp_enabled":true,"_links":{"self":[{"href":"https:\/\/mythslegendes.com\/es\/wp-json\/wp\/v2\/pages\/718","targetHints":{"allow":["GET"]}}],"collection":[{"href":"https:\/\/mythslegendes.com\/es\/wp-json\/wp\/v2\/pages"}],"about":[{"href":"https:\/\/mythslegendes.com\/es\/wp-json\/wp\/v2\/types\/page"}],"author":[{"embeddable":true,"href":"https:\/\/mythslegendes.com\/es\/wp-json\/wp\/v2\/users\/1"}],"replies":[{"embeddable":true,"href":"https:\/\/mythslegendes.com\/es\/wp-json\/wp\/v2\/comments?post=718"}],"version-history":[{"count":1,"href":"https:\/\/mythslegendes.com\/es\/wp-json\/wp\/v2\/pages\/718\/revisions"}],"predecessor-version":[{"id":24578,"href":"https:\/\/mythslegendes.com\/es\/wp-json\/wp\/v2\/pages\/718\/revisions\/24578"}],"up":[{"embeddable":true,"href":"https:\/\/mythslegendes.com\/es\/wp-json\/wp\/v2\/pages\/439"}],"wp:attachment":[{"href":"https:\/\/mythslegendes.com\/es\/wp-json\/wp\/v2\/media?parent=718"}],"curies":[{"name":"wp","href":"https:\/\/api.w.org\/{rel}","templated":true}]}}