{"id":722,"date":"2020-06-15T12:24:38","date_gmt":"2020-06-15T11:24:38","guid":{"rendered":"https:\/\/mythslegendes.com\/?page_id=722"},"modified":"2022-12-03T22:06:57","modified_gmt":"2022-12-03T22:06:57","slug":"les-goidels","status":"publish","type":"page","link":"https:\/\/mythslegendes.com\/es\/mitologia-irlandesa\/los-godeles\/","title":{"rendered":"los goidelos"},"content":{"rendered":"<div data-elementor-type=\"wp-page\" data-elementor-id=\"722\" class=\"elementor elementor-722\">\n\t\t\t\t\t\t<section class=\"elementor-section elementor-top-section elementor-element elementor-element-6cd1d86 elementor-section-boxed elementor-section-height-default elementor-section-height-default\" data-id=\"6cd1d86\" data-element_type=\"section\" data-e-type=\"section\">\n\t\t\t\t\t\t<div class=\"elementor-container elementor-column-gap-default\">\n\t\t\t\t\t<div class=\"elementor-column elementor-col-50 elementor-top-column elementor-element elementor-element-b9413cb\" data-id=\"b9413cb\" data-element_type=\"column\" data-e-type=\"column\">\n\t\t\t<div class=\"elementor-widget-wrap elementor-element-populated\">\n\t\t\t\t\t\t<div class=\"elementor-element elementor-element-5219e66 elementor-align-justify elementor-widget elementor-widget-button\" data-id=\"5219e66\" data-element_type=\"widget\" data-e-type=\"widget\" data-widget_type=\"button.default\">\n\t\t\t\t<div class=\"elementor-widget-container\">\n\t\t\t\t\t\t\t\t\t<div class=\"elementor-button-wrapper\">\n\t\t\t\t\t<a class=\"elementor-button elementor-button-link elementor-size-sm\" href=\"https:\/\/mythslegendes.com\/es\/mitologia-irlandesa\/\">\n\t\t\t\t\t\t<span class=\"elementor-button-content-wrapper\">\n\t\t\t\t\t\t\t\t\t<span class=\"elementor-button-text\">Mitolog\u00eda irlandesa<\/span>\n\t\t\t\t\t<\/span>\n\t\t\t\t\t<\/a>\n\t\t\t\t<\/div>\n\t\t\t\t\t\t\t\t<\/div>\n\t\t\t\t<\/div>\n\t\t\t\t\t<\/div>\n\t\t<\/div>\n\t\t\t\t<div class=\"elementor-column elementor-col-50 elementor-top-column elementor-element elementor-element-ec04c2f\" data-id=\"ec04c2f\" data-element_type=\"column\" data-e-type=\"column\">\n\t\t\t<div class=\"elementor-widget-wrap elementor-element-populated\">\n\t\t\t\t\t\t<div class=\"elementor-element elementor-element-5fb5a36 elementor-align-justify elementor-widget elementor-widget-button\" data-id=\"5fb5a36\" data-element_type=\"widget\" data-e-type=\"widget\" data-widget_type=\"button.default\">\n\t\t\t\t<div class=\"elementor-widget-container\">\n\t\t\t\t\t\t\t\t\t<div class=\"elementor-button-wrapper\">\n\t\t\t\t\t<a class=\"elementor-button elementor-button-link elementor-size-sm\" href=\"https:\/\/fr.wikipedia.org\/wiki\/Mythologie_celtique_irlandaise\" target=\"_blank\" rel=\"noopener\">\n\t\t\t\t\t\t<span class=\"elementor-button-content-wrapper\">\n\t\t\t\t\t\t\t\t\t<span class=\"elementor-button-text\">Wiki<\/span>\n\t\t\t\t\t<\/span>\n\t\t\t\t\t<\/a>\n\t\t\t\t<\/div>\n\t\t\t\t\t\t\t\t<\/div>\n\t\t\t\t<\/div>\n\t\t\t\t\t<\/div>\n\t\t<\/div>\n\t\t\t\t\t<\/div>\n\t\t<\/section>\n\t\t\t\t<section class=\"elementor-section elementor-top-section elementor-element elementor-element-313fe8b2 elementor-section-boxed elementor-section-height-default elementor-section-height-default\" data-id=\"313fe8b2\" data-element_type=\"section\" data-e-type=\"section\">\n\t\t\t\t\t\t<div class=\"elementor-container elementor-column-gap-default\">\n\t\t\t\t\t<div class=\"elementor-column elementor-col-100 elementor-top-column elementor-element elementor-element-dbe3d1b\" data-id=\"dbe3d1b\" data-element_type=\"column\" data-e-type=\"column\">\n\t\t\t<div class=\"elementor-widget-wrap elementor-element-populated\">\n\t\t\t\t\t\t<div class=\"elementor-element elementor-element-422fe538 elementor-widget elementor-widget-text-editor\" data-id=\"422fe538\" data-element_type=\"widget\" data-e-type=\"widget\" data-widget_type=\"text-editor.default\">\n\t\t\t\t<div class=\"elementor-widget-container\">\n\t\t\t\t\t\t\t\t\t\n<p>Aqu\u00ed est\u00e1 la parte llamada Les Go\u00efdels du <a href=\"https:\/\/mythslegendes.com\/es\/mitologia-irlandesa\/\">Libro de las invasiones<\/a>.<\/p>\n<p><img decoding=\"async\" class=\"alignnone wp-image-5284 size-full\" src=\"https:\/\/mythslegendes.com\/wp-content\/uploads\/2020\/09\/AlphaOmega-e1602613368367.png\" alt=\"los goidelos\" width=\"25\" height=\"26\" title=\"\"><\/p>\n<div id=\"ez-toc-container\" class=\"ez-toc-v2_0_82_2 counter-hierarchy ez-toc-counter ez-toc-grey ez-toc-container-direction\">\n<div class=\"ez-toc-title-container\">\n<p class=\"ez-toc-title\" style=\"cursor:inherit\">Contenido<\/p>\n<span class=\"ez-toc-title-toggle\"><a href=\"#\" class=\"ez-toc-pull-right ez-toc-btn ez-toc-btn-xs ez-toc-btn-default ez-toc-toggle\" aria-label=\"Alternar tabla de contenidos\"><span class=\"ez-toc-js-icon-con\"><span class=\"\"><span class=\"eztoc-hide\" style=\"display:none;\">Palanca<\/span><span class=\"ez-toc-icon-toggle-span\"><svg style=\"fill: #999;color:#999\" xmlns=\"http:\/\/www.w3.org\/2000\/svg\" class=\"list-377408\" width=\"20px\" height=\"20px\" viewbox=\"0 0 24 24\" fill=\"none\"><path d=\"M6 6H4v2h2V6zm14 0H8v2h12V6zM4 11h2v2H4v-2zm16 0H8v2h12v-2zM4 16h2v2H4v-2zm16 0H8v2h12v-2z\" fill=\"currentColor\"><\/path><\/svg><svg style=\"fill: #999;color:#999\" class=\"arrow-unsorted-368013\" xmlns=\"http:\/\/www.w3.org\/2000\/svg\" width=\"10px\" height=\"10px\" viewbox=\"0 0 24 24\" version=\"1.2\" baseprofile=\"tiny\"><path d=\"M18.2 9.3l-6.2-6.3-6.2 6.3c-.2.2-.3.4-.3.7s.1.5.3.7c.2.2.4.3.7.3h11c.3 0 .5-.1.7-.3.2-.2.3-.5.3-.7s-.1-.5-.3-.7zM5.8 14.7l6.2 6.3 6.2-6.3c.2-.2.3-.5.3-.7s-.1-.5-.3-.7c-.2-.2-.4-.3-.7-.3h-11c-.3 0-.5.1-.7.3-.2.2-.3.5-.3.7s.1.5.3.7z\"\/><\/svg><\/span><\/span><\/span><\/a><\/span><\/div>\n<nav><ul class='ez-toc-list ez-toc-list-level-1' ><li class='ez-toc-page-1 ez-toc-heading-level-2'><a class=\"ez-toc-link ez-toc-heading-1\" href=\"https:\/\/mythslegendes.com\/es\/mitologia-irlandesa\/los-godeles\/#Les-Goidels\" >los goidelos<\/a><\/li><\/ul><\/nav><\/div>\n<h2><span class=\"ez-toc-section\" id=\"Les-Goidels\"><\/span>los goidelos<span class=\"ez-toc-section-end\"><\/span><\/h2>\n<p><strong>\u00a714.<\/strong> Fue en esta \u00e9poca cuando naci\u00f3 Gaedel Glas, de Scota, hija del fara\u00f3n. De ella se nombran los <a href=\"https:\/\/mythslegendes.com\/es\/mitologia-escocesa-2\/\">escoc\u00e9s<\/a>,<\/p>\n\n<p>Eso dicen<br \/><em>Los Feni llevan el nombre de Feinius<\/em><br \/><em>Un significado sin secretos:<\/em><br \/><em>Goidel del respaldo Gaedel Glas,<\/em><br \/><em>Los escoceses de Scota.<\/em><\/p>\n\n<p><strong>\u00a715.<\/strong> Fue Gaedel Glas quien dio forma al idioma ga\u00e9lico a partir de sesenta y dos lenguas: aqu\u00ed est\u00e1n sus nombres, bitinio, escita, etc.<\/p>\n\n<p>As\u00ed dice el poeta<br \/><em>Los idiomas del mundo, compru\u00e9balo t\u00fa mismo.<\/em><br \/><em>Bitinia, Escitia, Cilicia, Hircania, Gotia,<\/em><br \/><em><a href=\"https:\/\/mythslegendes.com\/es\/mythes-et-legendes-grecques-1664\/\">Grecia<\/a>, Alemania, <a href=\"https:\/\/mythslegendes.com\/es\/mitologia-gala\/\">Galia<\/a> con horror,<\/em><br \/><em>Pent\u00e1polis, Frigia, Dalmacia, Dardania.<\/em><br \/><em>Panfilia, Mauritania, Licaonia tan pobladas,<\/em><br \/><em>Bactria, <a href=\"https:\/\/mythslegendes.com\/es\/mitologia-minoica\/\">Creta<\/a>, C\u00f3rcega, Chipre, Tesalia,<\/em><br \/><em>Capadocia, la noble <a href=\"https:\/\/mythslegendes.com\/es\/mitologia-armenia\/\">Armenia<\/a>, Retia,<\/em><br \/><em>Sicilia, la tierra de los sarracenos, <a href=\"https:\/\/mythslegendes.com\/es\/mitologia-sarda\/\">Cerde\u00f1a<\/a>.<\/em><br \/><em>B\u00e9lgica, <a href=\"https:\/\/mythslegendes.com\/es\/viento-pelasges-mitologia\/\">Beocia<\/a>, <a href=\"https:\/\/mythslegendes.com\/es\/mitologia-bretona\/\">Breta\u00f1a<\/a>,<\/em><br \/><em>Las melodiosas Rodas, Hispania, Roma,<\/em><br \/><em>Rhege, Fenicia, India, Arabia Dorada,<\/em><br \/><em>Migdonia, Mazaca, Macedonia.<\/em><br \/><em>partos, <a href=\"https:\/\/mythslegendes.com\/es\/mitologia-cariana\/\">Decadencia<\/a>, Siria, sajones,<\/em><br \/><em>Atenas, Acaya, Albania,<\/em><br \/><em>Palestina, Arcadia, clara Galacia,<\/em><br \/><em><a href=\"https:\/\/mythslegendes.com\/es\/mitologia-troyana\/\">Troya<\/a>, Tesalia, <a href=\"https:\/\/mythslegendes.com\/es\/mitologia-cicladica\/\">Cyclades<\/a>.<\/em><br \/><em>Moesia, medios de comunicaci\u00f3n, <a href=\"https:\/\/mythslegendes.com\/es\/mythes-et-legendes-de-perse-1542\/\">persa<\/a>, francos,<\/em><br \/><em>Cirene, Lacedemonia, Longobardos<\/em><br \/><em>Tracia, Numidia, Hellas \u2013 \u00a1Escuchen!<\/em><br \/><em>Italia noble, Etiop\u00eda, Egipto.<\/em><br \/><em>Aqu\u00ed est\u00e1 el recuento de lenguas inmaculadas.<\/em><br \/><em>De donde Gaedel form\u00f3 el ga\u00e9lico:<\/em><br \/><em>Conozco su registro de comprensi\u00f3n,<\/em><br \/><em>Grupos, m\u00faltiples idiomas.<\/em><\/p>\n\n<p><strong>\u00a7diecis\u00e9is.<\/strong> O Sru hijo de Esru f. Gaedel, fue \u00e9l quien fue el l\u00edder de los Godels que abandonaron Egipto despu\u00e9s de que el Fara\u00f3n se ahogara: setecientos setenta a\u00f1os desde el Diluvio hasta entonces.<br \/>Cuatrocientos cuarenta a\u00f1os desde el momento en que Fara\u00f3n se ahog\u00f3, y despu\u00e9s de Sru f. Esru sali\u00f3 de Egipto, hasta que entraron los hijos de Mil. <a href=\"https:\/\/mythslegendes.com\/es\/mitologia-irlandesa\/\">Irlanda<\/a>, a saber, Eber y Eremon<\/p>\n\n<p>Al respecto decimos:<br \/><em>Cuarenta y cuatrocientos a\u00f1os \u2013 eso no es mentira \u2013<\/em><br \/><em>Desde que vino el pueblo de Dios,<\/em><br \/><em>Est\u00e9 seguro, en la superficie de Mare Rubrum,<\/em><br \/><em>Hasta que desembarcaron en Escena desde el mar claro,<\/em><br \/><em>Ellos, los hijos de Mil, en la tierra de Irlanda.<\/em><\/p>\n\n<p><strong>\u00a717.<\/strong> Cuatro fuertes tripulaciones de barcos sacaron a Sru de Egipto. Hab\u00eda veinticuatro matrimonios y tres mercenarios por cada barco. Sru y su hijo Eber Scot fueron los l\u00edderes de la expedici\u00f3n. Fue entonces cuando Nenual f. Baaz f. Nenual f. Feinius Farsaid, pr\u00edncipe de Escitia, muri\u00f3; y Sru tambi\u00e9n muri\u00f3 inmediatamente despu\u00e9s de su llegada a Escitia.<\/p>\n\n<p><strong>\u00a718.<\/strong> Eber Escoto arrebat\u00f3 por la fuerza el reinado de Escitia a los descendientes de Nenual, hasta que cay\u00f3 por mano de Noemio f. Nenual. Hubo un conflicto entre Noemius y Boamain f. Eber Scott. Boamain tom\u00f3 el trono, hasta que cay\u00f3 de la mano de Noemio. Noemius tom\u00f3 el principado hasta que cay\u00f3 de la mano de Ogamain f. Boamain en venganza por su padre. Ogamain tom\u00f3 el trono hasta su muerte. Recarga f. Noemio asumi\u00f3 el reinado, hasta que cay\u00f3 de la mano de Tat f. Ogamain. Posteriormente Tat cay\u00f3 de la mano de Refloir f. Rellenar. Posteriormente, hubo un conflicto por el principado entre Refloir, nieto de No\u00e9mius, y Agnomain f. Tat, hasta que Refloir cay\u00f3 de la mano de Agnomain.<\/p>\n\n<p><strong>\u00a719.<\/strong> Por esta raz\u00f3n, los descendientes de Gaedil fueron expulsados al mar, es decir, Agnomain y Lamfhind su hijo, de modo que estuvieron siete a\u00f1os en el mar, viajando por el mundo por el lado norte. Bien podemos imaginar las desgracias que sufrieron. Ten\u00edan tres barcos unidos entre s\u00ed, de modo que ninguno de ellos pudiera separarse de los dem\u00e1s. Tuvieron tres l\u00edderes despu\u00e9s de la muerte de Agnomain en la superficie del gran Mar Caspio, Lamfhind y Allot y Caicher el Druida.<\/p>\n\n<p><strong>\u00a720.<\/strong> Fue Caicher el druida quien les dio el remedio, cuando la sirena les cant\u00f3 su melod\u00eda: el sue\u00f1o los invadi\u00f3 con esta m\u00fasica. Aqu\u00ed est\u00e1 el remedio que les encontr\u00f3 Caicher, derritiendo cera en sus o\u00eddos. Fue Caicher quien les habl\u00f3, cuando un gran viento los empuj\u00f3 hacia el oc\u00e9ano, de modo que all\u00ed sufrieron mucha hambre y sed: hasta que al cabo de una semana llegaron al gran promontorio que est\u00e1 al norte de las monta\u00f1as Riphean, y en este promontorio encontraron una fuente con sabor a vino, y all\u00ed festejaron y durmieron all\u00ed tres d\u00edas y tres noches. Pero Caicher el Druida dijo: Lev\u00e1ntate, dijo, no descansaremos hasta llegar a Irlanda. \u00bfQu\u00e9 es este lugar, Irlanda? dice Lamfhind f. Agnomain. Est\u00e1 m\u00e1s lejos que Escitia, dice Caicher. No somos nosotros quienes accederemos a \u00e9l, sino nuestros hijos, dentro de trescientos a\u00f1os.<\/p>\n\n<p><strong>\u00a721.<\/strong> Posteriormente se establecieron en los pantanos de Meotic, y all\u00ed le naci\u00f3 un hijo a Lamfhind, Eber Glunfhind. Fue \u00e9l quien fue jefe despu\u00e9s de su padre. Su nieto fue Febri. Su nieto era Nuadu.<\/p>\n\n<p><strong>\u00a722.<\/strong> Brat f. Muerte f. Ercha f. Asignar f. Nuaduf. Nenual f. Febri Glasf. Agni Encuentra f. Eber Glunfhind f. Lamfhind f. Agnomain f. Tat f. Agnomain f. Boamain f. Eber escoc\u00e9s f. \u0160ru f. Esru f. Gaedel Glas f. Nel f. Feinius Farsaid: es este Brath quien sali\u00f3 de las marismas a lo largo del mar Tirreno hacia Creta y Sicilia. Llegaron a <a href=\"https:\/\/mythslegendes.com\/es\/mitologia-iberica\/\">Espa\u00f1a<\/a> a continuaci\u00f3n. Tomaron Espa\u00f1a por la fuerza.<\/p>\n\n<p><strong>\u00a723.<\/strong> En cuanto a Agnomain f. Tat es el l\u00edder de los G\u00f3del que abandonaron Escitia. Tuvo dos hijos, Lamfhind y Allot. Lamfhind tuvo un hijo, Eber Glunfhind. Allot tuvo un hijo, Eber Dub, durante su estancia en el Marais. Tuvieron dos nietos en reinado conjunto, Toithecht f. Tetrech f. Eber Dub y Nenual f. febrero f. Agni f. Eber Glunfhind, tambi\u00e9n estaba Soithecht f. Mantan f. Caicher. Ucce y Occe, dos hijos de Allot f. Nenual f. Nemed f. Asignar f. Ogamain f. Toithecht f. Tetrech f. Eber Dub f. Asignar.<\/p>\n\n<p><strong>\u00a724.<\/strong> Cuatro fuertes tripulaciones de barcos condujeron a los Goidel a Espa\u00f1a: en cada barco catorce matrimonios y siete mercenarios solteros. Brath, la tripulaci\u00f3n de un barco. Ucce y Occe, dos tripulantes de barco, Mantan, una tripulaci\u00f3n de barco. Entonces, libraron tres batallas despu\u00e9s de llegar a Espa\u00f1a: una batalla contra los toscanos, una batalla contra los langobardos y una batalla contra los barchu. Pero cay\u00f3 sobre ellos una plaga y murieron veinticuatro de ellos, entre ellos Occe y Ucce. De los dos barcos ninguno sobrevivi\u00f3, excepto dos veces cinco hombres, entre ellos \u00c9n f. Occe y \u00dan f. \u00c9xito.<\/p>\n\n<p><strong>\u00a725.<\/strong> Brath ten\u00eda un buen hijo llamado Breogan, quien construy\u00f3 la Torre y la ciudad (Braganza era el nombre de la ciudad). Desde la Torre de Breogan se divisaba Irlanda en la tarde de un d\u00eda de invierno. Ith f. Breog\u00e1n la vio.<\/p>\n\n<p>As\u00ed dice Gilla Coemain:<br \/><em>Gaedel Glas, de quien descienden los G\u00f6dels,<\/em><br \/><em>Era hijo de Nel, de mucho valor:<\/em><br \/><em>Era poderoso en occidente y en oriente,<\/em><br \/><em>Nel, hijo de Feinius Farsaid.<\/em><br \/><em>Feinius tuvo dos hijos \u2013 digo la verdad \u2013<\/em><br \/><em>Nel nuestro padre y Nenual,<\/em><br \/><em>Nel naci\u00f3 en la Torre Este,<\/em><br \/><em>Nenual en Escitia, brillando como un escudo.<\/em><br \/><em>Despu\u00e9s de Feinius, el h\u00e9roe del oc\u00e9ano,<\/em><br \/><em>Hab\u00eda grandes celos entre los hermanos;<\/em><br \/><em>Nel mat\u00f3 a Nenual, que no era gentil;<\/em><br \/><em>El Gran Rey fue expulsado.<\/em><br \/><em>Lleg\u00f3 a Egipto gracias a su valor.<\/em><br \/><em>Hasta llegar al poderoso Fara\u00f3n;<\/em><br \/><em>Hasta que se cas\u00f3 con Scota, de gran belleza,<\/em><br \/><em>La modesta y \u00e1gil hija del fara\u00f3n.<\/em><\/p>\n\n<p><em>Scota le dio un hijo al noble Nel,<\/em><br \/><em>De donde naci\u00f3 una raza grande y perfecta:<\/em><br \/><em>Gaedel Glas era el nombre del hombre.<\/em><br \/><em>Verdes eran sus brazos y su ropa.<\/em><br \/><em>El feroz Esru era su hijo,<\/em><br \/><em>Un Se\u00f1or de brazos pesados:<\/em><br \/><em>El hijo de Esru, Sru de los antiguos ej\u00e9rcitos,<\/em><br \/><em>Quien merec\u00eda la reputaci\u00f3n que se le atribuye.<\/em><br \/><em>\u0160ru f. Esru f. Gaedel,<\/em><br \/><em>Nuestro antepasado, regocij\u00e1ndose con las tropas,<\/em><br \/><em>Fue \u00e9l quien fue al norte a su casa,<\/em><br \/><em>En la superficie del Mare Rubrum rojo.<\/em><br \/><em>Las tripulaciones de cuatro barcos, ese era el conteo<\/em><br \/><em>De su ej\u00e9rcito a lo largo del rojo Mare Rubrum:<\/em><br \/><em>En su casa de tablones, podemos decir,<\/em><br \/><em>Veinticuatro matrimonios.<\/em><br \/><em>El pr\u00edncipe de Escitia, es un hecho evidente,<\/em><br \/><em>El joven que se llamaba Nenual,<\/em><br \/><em>Fue entonces cuando muri\u00f3 all\u00ed en su casa.<\/em><br \/><em>Cuando llegaron los G\u00f6del.<\/em><\/p>\n\n<p><em>Eber Escoto de los h\u00e9roes asumi\u00f3 el Reino<\/em><br \/><em>Sobre los descendientes de Nenual sin verg\u00fcenza,<\/em><br \/><em>Hasta que cay\u00f3, sin gentil bondad,<\/em><br \/><em>De la mano de Noemio hijo de Nenual.<\/em><br \/><em>El fuerte hijo de Eber, cuyo nombre era Boamain,<\/em><br \/><em>De perfecta pureza, hasta la orilla<\/em><br \/><em>Del mar Caspio era rey,<\/em><br \/><em>Hasta el d\u00eda en que cay\u00f3 de la mano de Noemio.<\/em><br \/><em>Noemius f. nenual lleno de fuerza<\/em><br \/><em>Establecido en Escitia, cuadrado como un escudo:<\/em><br \/><em>Cay\u00f3 el pr\u00edncipe perfecto y justo.<\/em><br \/><em>De la mano de Ogamain f. Boamain.<\/em><br \/><em>Posteriormente Ogamain fue pr\u00edncipe.<\/em><br \/><em>Despu\u00e9s de Noemius a la fuerza buena:<\/em><br \/><em>Hasta su muerte en su territorio, sin fe:<\/em><br \/><em>Despu\u00e9s de \u00e9l, Refill fue rey.<\/em><br \/><em>Posteriormente el recambio muere a mano.<\/em><br \/><em>De Tait f. Ogmain:<\/em><br \/><em>Tait cay\u00f3, aunque no estaba d\u00e9bil,<\/em><br \/><em>De la mano de Refloir f. Rellenar.<\/em><br \/><em>Refloir y Agnomain sin culpa,<\/em><br \/><em>Siete a\u00f1os estuvieron en conflicto,<\/em><br \/><em>Hasta que Refloir cay\u00f3 con estr\u00e9pito<\/em><br \/><em>Por la mano victoriosa de Agnomain.<\/em><br \/><em>Noinel y Refill, con punta de lanza,<\/em><br \/><em>Dos de los hijos de Refloir f. Rellenar,<\/em><br \/><em>Persiguieron a Agnomain a trav\u00e9s del mar embravecido,<\/em><br \/><em>Grande y verde.<\/em><\/p>\n\n<p><em>Buenos fueron los l\u00edderes, fue suficiente,<\/em><br \/><em>que partieron de Escitia;<\/em><br \/><em>Agnomain, Eber sin culpa,<\/em><br \/><em>Los dos hijos de Tait f. Ogamain.<\/em><br \/><em>Asignar, Lamfhind con el pulgar verde,<\/em><br \/><em>Los dos notables hijos de Agnomain el brillante,<\/em><br \/><em>Caicher y Cing, gloria con victoria<\/em><br \/><em>Los dos buenos hijos de Eber con la montura roja.<\/em><br \/><em>El n\u00famero de sus barcos,<\/em><br \/><em>Tres barcos acerc\u00e1ndose sobre fuertes olas;<\/em><br \/><em>Tres puntuaciones en cada barco,<\/em><br \/><em>Una palabra clara, y mujeres por cada tercio veinte.<\/em><\/p>\n\n<p><em>Agnomain muri\u00f3, no fue un reproche<\/em><br \/><em>En las islas del Gran Mar Caspio.<\/em><br \/><em>El lugar donde estuvieron durante un a\u00f1o.<\/em><br \/><em>Lo encontraron muy reservado.<\/em><br \/><em>Llegaron al mar abierto de Libia,<\/em><br \/><em>Una traves\u00eda de seis d\u00edas completos de verano;<\/em><br \/><em>Vidrio f. Agnomain, que no era despreciable,<\/em><br \/><em>Muri\u00f3 all\u00ed, en Cercinia.<\/em><br \/><em>All\u00ed descubrieron una hermosa isla.<\/em><br \/><em>En el mar de Libia con espadas guerreras:<\/em><br \/><em>Un a\u00f1o y una estaci\u00f3n, con gloria,<\/em><br \/><em>Su estancia en esta isla.<\/em><br \/><em>Navegaron por el mar<\/em><br \/><em>Un hecho brillante, d\u00eda y noche:<\/em><br \/><em>El brillo de las manos de Lamfhind el reluciente<\/em><br \/><em>Eran como hermosas velas.<\/em><br \/><em>Ten\u00edan cuatro jefes que no eran despreciables,<\/em><br \/><em>Despu\u00e9s de cruzar el mar de Libia:<\/em><br \/><em>Asignar, Lamfhind r\u00e1pido en el oc\u00e9ano,<\/em><br \/><em>Cing y su hermano Caicher.<\/em><br \/><em>Caicher encontr\u00f3 una cura para ellos<\/em><br \/><em>All\u00ed contra el canto de las sirenas:<\/em><br \/><em>Aqu\u00ed est\u00e1 el remedio que encontr\u00f3 el apuesto Caicher,<\/em><br \/><em>Derretir cera en sus o\u00eddos.<\/em><\/p>\n\n<p><em>Encontraron un manantial y una tierra<\/em><br \/><em>En Cabo Riphean con gran fuerza,<\/em><br \/><em>Tener gusto por el vino despu\u00e9s:<\/em><br \/><em>La sed los dominaba poderosamente.<\/em><br \/><em>Profundo, profundo durmieron<\/em><br \/><em>Durante tres d\u00edas sin dificultad,<\/em><br \/><em>Hasta Caicher el Fiel Druida<\/em><br \/><em>Despert\u00f3 a los nobles con impaciencia.<\/em><br \/><em>Es Caicher (\u00a1un gran logro!)<\/em><br \/><em>\u00bfQui\u00e9n les hizo una profec\u00eda?<\/em><br \/><em>En las monta\u00f1as Ripheae con un cabo \u2013<\/em><br \/><em>\u201cNo tendremos descanso hasta Irlanda. \u00bb<\/em><br \/><em>\u201c\u00bfD\u00f3nde est\u00e1 la noble Irlanda? \u00bb<\/em><br \/><em>Dijo Lamfhind el guerrero violento.<\/em><br \/><em>\u201cMuy lejos\u201d, declar\u00f3 entonces Caicher,<\/em><br \/><em>\u201cNo somos nosotros quienes lo alcanzaremos, sino nuestros hijos. \u00bb<\/em><br \/><em>Empujaron a su batall\u00f3n hacia adelante agresivamente,<\/em><br \/><em>Hacia el sur, m\u00e1s all\u00e1 del cabo Ripheen;<\/em><br \/><em>Los descendientes de Gaedel, con pureza,<\/em><br \/><em>Aterrizaron en los pantanos.<\/em><\/p>\n\n<p><em>All\u00ed naci\u00f3 un hijo glorioso.<\/em><br \/><em>De Lamfhind f. Agnodominio;<\/em><br \/><em>Eber Glunfhind, puro Grifo,<\/em><br \/><em>El abuelo de pelo rizado de Febri.<\/em><br \/><em>La familia de Gaedel, los r\u00e1pidos y blancos,<\/em><br \/><em>Estuvo trescientos a\u00f1os en este pa\u00eds:<\/em><br \/><em>All\u00ed residieron desde entonces,<\/em><br \/><em>Hasta la llegada de Brath el Victorioso.<\/em><br \/><em>Brath, el noble hijo de la fiel Muerte<\/em><br \/><em>Lleg\u00f3 a Creta, a Sicilia,<\/em><br \/><em>La tripulaci\u00f3n de cuatro barcos para una navegaci\u00f3n segura,<\/em><br \/><em>Estribor hacia Europa, luego Espa\u00f1a.<\/em><br \/><em>Occe, Ucce y sin defecto,<\/em><br \/><em>Los dos hijos de Allot f. Nenual;<\/em><br \/><em>Mantan f. Caicher, Brath el fiel,<\/em><br \/><em>Eran los cuatro l\u00edderes.<\/em><br \/><em>Catorce hombres con sus esposas<\/em><br \/><em>Tripulaba cada barco lleno de guerreros,<\/em><br \/><em>As\u00ed como seis nobles mercenarios;<\/em><br \/><em>Ganaron tres batallas en Espa\u00f1a.<\/em><br \/><em>Noble la primera batalla \u2013 No la esconder\u00e9 \u2013<\/em><br \/><em>Que vencieron al ej\u00e9rcito de los toscanos;<\/em><br \/><em>Una batalla contra Bachra con violencia,<\/em><br \/><em>Y una batalla contra los Langobardi.<\/em><br \/><em>Fue despu\u00e9s de la sombr\u00eda batalla<\/em><br \/><em>El azote de un d\u00eda cay\u00f3 sobre ellos:<\/em><br \/><em>Gente de los barcos de los hijos de Allot<\/em><br \/><em>Sin duda todos estaban muertos, excepto diez personas.<\/em><\/p>\n\n<p><em>\u00dan y \u00c9n escaparon,<\/em><br \/><em>Dos nobles hijos de jefes fuertes:<\/em><br \/><em>Posteriormente naci\u00f3 Breg\u00f3n,<\/em><br \/><em>Padre de Bilis el s\u00f3lido y el furioso.<\/em><br \/><em>Luch\u00f3 una gran cantidad de peleas y batallas.<\/em><br \/><em>Contra el ej\u00e9rcito multicolor de Espa\u00f1a:<\/em><br \/><em>Breg\u00f3n el aullador de haza\u00f1as valientes,<\/em><br \/><em>En los combates, por \u00e9l, se construy\u00f3 Braganza.<\/em><br \/><em>Breg\u00f3n f. Brath, dulce y bueno,<\/em><br \/><em>Tuvo un hijo, Mil:<\/em><br \/><em>Los siete hijos de Mil \u2013bueno su ej\u00e9rcito\u2013<\/em><br \/><em>Incluyendo a Eber y Eremon.<\/em><br \/><em>Con Dond y Airech en batalla,<\/em><br \/><em>Incluyendo a Ir, con Arannan,<\/em><br \/><em>Incluyendo al alegre Armorgen,<\/em><br \/><em>Y con Colptha a la espada.<\/em><br \/><em>Los diez hijos de Bregon sin mentiras,<\/em><br \/><em>Brega, Fuat y Murthemne,<\/em><br \/><em>Cualnge, Cuala, aunque fue glorioso,<\/em><br \/><em>Ebleo, Nar, Ith y Bilis.<\/em><br \/><em>Ith f. Bregon con gloria melodiosa<\/em><br \/><em>Lleg\u00f3 primero a Irlanda:<\/em><br \/><em>Es el primero de los hombres que habitaron all\u00ed,<\/em><br \/><em>De la noble ascendencia de Gaedil el Poderoso.<\/em><\/p>\n\t\t\t\t\t\t\t\t<\/div>\n\t\t\t\t<\/div>\n\t\t\t\t\t<\/div>\n\t\t<\/div>\n\t\t\t\t\t<\/div>\n\t\t<\/section>\n\t\t\t\t<\/div>","protected":false},"excerpt":{"rendered":"<p>Wiki de Mitolog\u00eda Irlandesa Aqu\u00ed est\u00e1 la parte llamada Los Goidels del Libro de las Invasiones. Los Goidel \u00a714. Es en este momento\u2026 <\/p>","protected":false},"author":1,"featured_media":0,"parent":439,"menu_order":0,"comment_status":"closed","ping_status":"closed","template":"","meta":{"footnotes":""},"class_list":["post-722","page","type-page","status-publish","hentry"],"amp_enabled":true,"_links":{"self":[{"href":"https:\/\/mythslegendes.com\/es\/wp-json\/wp\/v2\/pages\/722","targetHints":{"allow":["GET"]}}],"collection":[{"href":"https:\/\/mythslegendes.com\/es\/wp-json\/wp\/v2\/pages"}],"about":[{"href":"https:\/\/mythslegendes.com\/es\/wp-json\/wp\/v2\/types\/page"}],"author":[{"embeddable":true,"href":"https:\/\/mythslegendes.com\/es\/wp-json\/wp\/v2\/users\/1"}],"replies":[{"embeddable":true,"href":"https:\/\/mythslegendes.com\/es\/wp-json\/wp\/v2\/comments?post=722"}],"version-history":[{"count":1,"href":"https:\/\/mythslegendes.com\/es\/wp-json\/wp\/v2\/pages\/722\/revisions"}],"predecessor-version":[{"id":24579,"href":"https:\/\/mythslegendes.com\/es\/wp-json\/wp\/v2\/pages\/722\/revisions\/24579"}],"up":[{"embeddable":true,"href":"https:\/\/mythslegendes.com\/es\/wp-json\/wp\/v2\/pages\/439"}],"wp:attachment":[{"href":"https:\/\/mythslegendes.com\/es\/wp-json\/wp\/v2\/media?parent=722"}],"curies":[{"name":"wp","href":"https:\/\/api.w.org\/{rel}","templated":true}]}}