{"id":728,"date":"2020-06-15T13:31:17","date_gmt":"2020-06-15T12:31:17","guid":{"rendered":"https:\/\/mythslegendes.com\/?page_id=728"},"modified":"2022-12-03T22:06:57","modified_gmt":"2022-12-03T22:06:57","slug":"partholon","status":"publish","type":"page","link":"https:\/\/mythslegendes.com\/es\/mitologia-irlandesa\/partholon\/","title":{"rendered":"Partholon"},"content":{"rendered":"<div data-elementor-type=\"wp-page\" data-elementor-id=\"728\" class=\"elementor elementor-728\">\n\t\t\t\t\t\t<section class=\"elementor-section elementor-top-section elementor-element elementor-element-35f0ae0 elementor-section-boxed elementor-section-height-default elementor-section-height-default\" data-id=\"35f0ae0\" data-element_type=\"section\" data-e-type=\"section\">\n\t\t\t\t\t\t<div class=\"elementor-container elementor-column-gap-default\">\n\t\t\t\t\t<div class=\"elementor-column elementor-col-50 elementor-top-column elementor-element elementor-element-673063e\" data-id=\"673063e\" data-element_type=\"column\" data-e-type=\"column\">\n\t\t\t<div class=\"elementor-widget-wrap elementor-element-populated\">\n\t\t\t\t\t\t<div class=\"elementor-element elementor-element-3124519 elementor-align-justify elementor-widget elementor-widget-button\" data-id=\"3124519\" data-element_type=\"widget\" data-e-type=\"widget\" data-widget_type=\"button.default\">\n\t\t\t\t<div class=\"elementor-widget-container\">\n\t\t\t\t\t\t\t\t\t<div class=\"elementor-button-wrapper\">\n\t\t\t\t\t<a class=\"elementor-button elementor-button-link elementor-size-sm\" href=\"https:\/\/mythslegendes.com\/es\/mitologia-irlandesa\/\">\n\t\t\t\t\t\t<span class=\"elementor-button-content-wrapper\">\n\t\t\t\t\t\t\t\t\t<span class=\"elementor-button-text\">Mitolog\u00eda irlandesa<\/span>\n\t\t\t\t\t<\/span>\n\t\t\t\t\t<\/a>\n\t\t\t\t<\/div>\n\t\t\t\t\t\t\t\t<\/div>\n\t\t\t\t<\/div>\n\t\t\t\t\t<\/div>\n\t\t<\/div>\n\t\t\t\t<div class=\"elementor-column elementor-col-50 elementor-top-column elementor-element elementor-element-9d4dd69\" data-id=\"9d4dd69\" data-element_type=\"column\" data-e-type=\"column\">\n\t\t\t<div class=\"elementor-widget-wrap elementor-element-populated\">\n\t\t\t\t\t\t<div class=\"elementor-element elementor-element-b351008 elementor-align-justify elementor-widget elementor-widget-button\" data-id=\"b351008\" data-element_type=\"widget\" data-e-type=\"widget\" data-widget_type=\"button.default\">\n\t\t\t\t<div class=\"elementor-widget-container\">\n\t\t\t\t\t\t\t\t\t<div class=\"elementor-button-wrapper\">\n\t\t\t\t\t<a class=\"elementor-button elementor-button-link elementor-size-sm\" href=\"https:\/\/fr.wikipedia.org\/wiki\/Mythologie_celtique_irlandaise\" target=\"_blank\" rel=\"noopener\">\n\t\t\t\t\t\t<span class=\"elementor-button-content-wrapper\">\n\t\t\t\t\t\t\t\t\t<span class=\"elementor-button-text\">Wiki<\/span>\n\t\t\t\t\t<\/span>\n\t\t\t\t\t<\/a>\n\t\t\t\t<\/div>\n\t\t\t\t\t\t\t\t<\/div>\n\t\t\t\t<\/div>\n\t\t\t\t\t<\/div>\n\t\t<\/div>\n\t\t\t\t\t<\/div>\n\t\t<\/section>\n\t\t\t\t<section class=\"elementor-section elementor-top-section elementor-element elementor-element-3ba7a9f2 elementor-section-boxed elementor-section-height-default elementor-section-height-default\" data-id=\"3ba7a9f2\" data-element_type=\"section\" data-e-type=\"section\">\n\t\t\t\t\t\t<div class=\"elementor-container elementor-column-gap-default\">\n\t\t\t\t\t<div class=\"elementor-column elementor-col-100 elementor-top-column elementor-element elementor-element-56de1cbd\" data-id=\"56de1cbd\" data-element_type=\"column\" data-e-type=\"column\">\n\t\t\t<div class=\"elementor-widget-wrap elementor-element-populated\">\n\t\t\t\t\t\t<div class=\"elementor-element elementor-element-4666abea elementor-widget elementor-widget-text-editor\" data-id=\"4666abea\" data-element_type=\"widget\" data-e-type=\"widget\" data-widget_type=\"text-editor.default\">\n\t\t\t\t<div class=\"elementor-widget-container\">\n\t\t\t\t\t\t\t\t\t\n<p>Aqu\u00ed est\u00e1 la parte llamada Partholon de la <a href=\"https:\/\/mythslegendes.com\/es\/mitologia-irlandesa\/\">Libro de las invasiones<\/a>.<\/p>\n<p><img decoding=\"async\" class=\"alignnone wp-image-5284 size-full\" src=\"https:\/\/mythslegendes.com\/wp-content\/uploads\/2020\/09\/AlphaOmega-e1602613368367.png\" alt=\"Partholon\" width=\"25\" height=\"26\" title=\"\"><\/p>\n<div id=\"ez-toc-container\" class=\"ez-toc-v2_0_82_2 counter-hierarchy ez-toc-counter ez-toc-grey ez-toc-container-direction\">\n<div class=\"ez-toc-title-container\">\n<p class=\"ez-toc-title\" style=\"cursor:inherit\">Contenido<\/p>\n<span class=\"ez-toc-title-toggle\"><a href=\"#\" class=\"ez-toc-pull-right ez-toc-btn ez-toc-btn-xs ez-toc-btn-default ez-toc-toggle\" aria-label=\"Alternar tabla de contenidos\"><span class=\"ez-toc-js-icon-con\"><span class=\"\"><span class=\"eztoc-hide\" style=\"display:none;\">Palanca<\/span><span class=\"ez-toc-icon-toggle-span\"><svg style=\"fill: #999;color:#999\" xmlns=\"http:\/\/www.w3.org\/2000\/svg\" class=\"list-377408\" width=\"20px\" height=\"20px\" viewbox=\"0 0 24 24\" fill=\"none\"><path d=\"M6 6H4v2h2V6zm14 0H8v2h12V6zM4 11h2v2H4v-2zm16 0H8v2h12v-2zM4 16h2v2H4v-2zm16 0H8v2h12v-2z\" fill=\"currentColor\"><\/path><\/svg><svg style=\"fill: #999;color:#999\" class=\"arrow-unsorted-368013\" xmlns=\"http:\/\/www.w3.org\/2000\/svg\" width=\"10px\" height=\"10px\" viewbox=\"0 0 24 24\" version=\"1.2\" baseprofile=\"tiny\"><path d=\"M18.2 9.3l-6.2-6.3-6.2 6.3c-.2.2-.3.4-.3.7s.1.5.3.7c.2.2.4.3.7.3h11c.3 0 .5-.1.7-.3.2-.2.3-.5.3-.7s-.1-.5-.3-.7zM5.8 14.7l6.2 6.3 6.2-6.3c.2-.2.3-.5.3-.7s-.1-.5-.3-.7c-.2-.2-.4-.3-.7-.3h-11c-.3 0-.5.1-.7.3-.2.2-.3.5-.3.7s.1.5.3.7z\"\/><\/svg><\/span><\/span><\/span><\/a><\/span><\/div>\n<nav><ul class='ez-toc-list ez-toc-list-level-1' ><li class='ez-toc-page-1 ez-toc-heading-level-2'><a class=\"ez-toc-link ez-toc-heading-1\" href=\"https:\/\/mythslegendes.com\/es\/mitologia-irlandesa\/partholon\/#Partholon\" >Partholon<\/a><\/li><\/ul><\/nav><\/div>\n<h2><span class=\"ez-toc-section\" id=\"Partholon\"><\/span>Partholon<span class=\"ez-toc-section-end\"><\/span><\/h2>\n<p><strong>\u00a730.<\/strong> Ahora Irlanda qued\u00f3 desierta a partir de entonces, por un per\u00edodo de trescientos a\u00f1os, o trescientos doce, eso es correcto; hasta Partholon f. Ser\u00e1 f. Sru vino all\u00ed. Es el primero que tom\u00f3 Irlanda despu\u00e9s del Diluvio, un martes, el decimocuarto de la estaci\u00f3n lunar, en Inber Scene: porque tres veces Irlanda fue tomada en Inber Scene. De los descendientes de Magog f. Iafeth era \u00e9l: en el sexag\u00e9simo a\u00f1o de la edad de Abraham, Partholon conquist\u00f3 Irlanda.<\/p>\n\n<p><strong>\u00a731.<\/strong> El fuerte de cuatro jefes era Partholon: \u00e9l y su hijo Laiglinne, ep\u00f3nimo desde Loch Laighlinne hasta Ui Mac Uais de Breg; Slanga y Rudraige, los otros dos hijos de Partholon, ep\u00f3nimo de Sliab Slanga y Loch Rudraige. Cuando se excav\u00f3 la tumba de Rudraige, el lago se elev\u00f3 sobre la tierra.<\/p>\n\n<p><strong>\u00a732.<\/strong> Partholon estuvo siete a\u00f1os en <a href=\"https:\/\/mythslegendes.com\/es\/mitologia-irlandesa\/\">Irlanda<\/a> antes de que muriera el primer hombre de su pueblo, a saber, Fea, ep\u00f3nimo de Mag Fea, porque all\u00ed fue enterrado, en Mag Fea.<\/p>\n\n<p><strong>\u00a733.<\/strong> En el tercer a\u00f1o a partir de entonces, la Primera Batalla de Irlanda, que Partholon gan\u00f3 en Slemna de Mag Itha contra Cichol el cojo de Fomoiraig. Eran hombres con un brazo y una pierna, que se le unieron en la batalla.<\/p>\n\n<p><strong>\u00a734.<\/strong> Hubo siete chorros de lagos en Irlanda durante la \u00e9poca de Partholon: Loch Laighlinne en Ui Mac Uais de Breg, Loch Cuan y Loch Rudraige en Ulster, Loch Dechet y Loch Mese y Loch Con en Connachta, y Loch Echtra en Airg\u00edalla porque Partholon no encuentra solo tres lagos y nueve r\u00edos en Irlanda antes que \u00e9l - Loch Fordremain en Sliab Mis de Mumu, Loch Lumnig en Tir Find, Loch Cera en Irrus; Aba Lif\u00e9, Lui, Muad, Slicech, Samer (donde se encuentra Ess Ruaid), Find, Modorn, Buas y Banna entre L\u00e9 y Ell\u00e9. Cuatro a\u00f1os antes de la muerte de Partholon, Brena lleg\u00f3 a la tierra.<\/p>\n\n<p><strong>\u00a735.<\/strong> Partholon limpi\u00f3 cuatro llanuras en Irlanda: Mag Itha en Leinster, Mag Tuired en Connachta, Mag Li en Ui Mac Uais, Mag Ladrand en Dal nAraide. Porque Partholon encontr\u00f3 solo una llanura en Irlanda antes que \u00e9l, la Vieja Llanura de Elta de Edar. Por eso se le llama la &quot;Llanura Vieja&quot;: nunca una rama de una rama de madera creci\u00f3 a trav\u00e9s de ella.<\/p>\n\n<p><strong>\u00a736.<\/strong> Y es all\u00ed donde muri\u00f3 Partholon, cinco mil hombres y cuatro mil mujeres, de una semana de peste en las calendas de mayo. Un lunes, la plaga los mat\u00f3 a todos menos a un hombre: Tuan f. Starn f. Ser\u00e1 el sobrino de Partholon: y Dios lo molde\u00f3 de muchas formas, y este hombre sobrevivi\u00f3 solo desde la \u00e9poca de Partholon hasta la \u00e9poca de Findian y Colum Cille. Entonces les habl\u00f3 de las Conquistas de Irlanda desde la \u00e9poca de Cessair, el primero en conquistarla, hasta entonces. Y este es Tuan f. Cairell f. Muiredach Muinderg. De \u00e9l, el sabio historiador cant\u00f3 la siguiente canci\u00f3n:<\/p>\n\n<p><em>Ustedes, eruditos de la llanura de la hermosa y blanca Conn,<\/em><br \/><em>De la tierra de los hombres de Fal, como digo,<\/em><br \/><em>\u00bfQu\u00e9 empresa, despu\u00e9s de la creaci\u00f3n del mundo,<\/em><br \/><em>\u00bfLleg\u00f3 por primera vez a Irlanda?<\/em><br \/><em>Irlanda antes de la r\u00e1pida inundaci\u00f3n,<\/em><br \/><em>Mientras cuento sus eras, es decir,<\/em><br \/><em>Guerreros blancos puros la han encontrado,<\/em><br \/><em>Incluyendo a Cessair, hija de Bith.<\/em><br \/><em>Con el hijo de No\u00e9 con muchas tropas,<\/em><br \/><em>Aunque gan\u00f3 gracias a una trinchera,<\/em><br \/><em>Muri\u00f3 como en la guerra de Sliab Betha;<\/em><br \/><em>Ladra muri\u00f3 en Ard Ladrann.<\/em><br \/><em>Fintan emprendi\u00f3 un viaje de debilidad,<\/em><br \/><em>Su tumba fue encontrada, era una marca de ardor:<\/em><br \/><em>No fue enterrado apresuradamente en la tumba de un cementerio,<\/em><br \/><em>Pero en una tumba en Tul Tuinde.<\/em><br \/><em>En Dun na mBarc para una fiesta de separaci\u00f3n<\/em><br \/><em>Un viaje sin medida los trajo<\/em><br \/><em>En el t\u00famulo, cerca de un mar f\u00e9rtil<\/em><br \/><em>Cessair muri\u00f3 en Cul Cessrach.<\/em><br \/><em>Cuarenta d\u00edas apenas, el delgado<\/em><br \/><em>Y graciosa tropa lleg\u00f3 en su barco,<\/em><br \/><em>Antes del sonido del Diluvio, aterrizaron<\/em><br \/><em>En un punto de la tierra de Irlanda.<\/em><br \/><em>Fue en busca de la verdad, por el poder<\/em><br \/><em>Del Rey al que sol\u00eda adorar;<\/em><br \/><em>Fintan, que era un mensajero de los se\u00f1ores,<\/em><br \/><em>Los poderosos de la tierra.<\/em><br \/><em>Trescientos a\u00f1os, me jacto de ello<\/em><br \/><em>Hablo a trav\u00e9s de los reinos que cuento,<\/em><br \/><em>La broma de Irlanda, la proclamo en contra<\/em><br \/><em>Adivinos, qued\u00f3 desierta despu\u00e9s del Diluvio.<\/em><\/p>\n\n<p><em>Partholon el eminente vino,<\/em><br \/><em>Un curso real en el mar a remo:<\/em><br \/><em>Su cuarteto de h\u00e9roes, justos y fieles -<\/em><br \/><em>Entre ellos, Slanga el liberado.<\/em><br \/><em>Slanga, Laiglinne la brillante,<\/em><br \/><em>S\u00f3lida, noble y fuerte era su canoa;<\/em><br \/><em>Tal fue su veloz tr\u00edo de l\u00edderes,<\/em><br \/><em>As\u00ed como el noble Rudraige.<\/em><br \/><em>Las llanuras fueron limpiadas de su gran bosque,<\/em><br \/><em>A trav\u00e9s de \u00e9l, estar m\u00e1s cerca de sus queridos hijos;<\/em><br \/><em>Mag Itha al sur, una colina de la victoria,<\/em><br \/><em>Mag Li de los fresnos, Mag Lathraind.<\/em><br \/><em>Surgieron siete lagos, pero calif\u00edquenlos ustedes mismos,<\/em><br \/><em>Por la fama de su nombre,<\/em><br \/><em>Aunque los enumere, se llenaron,<\/em><br \/><em>En el enclave de los valles de la isla de Irlanda en su \u00e9poca.<\/em><br \/><em>Loch Laiglinne, el atrevido Loch Cuan,<\/em><br \/><em>Loch de Rudraige, un se\u00f1or sin legislaci\u00f3n.<\/em><br \/><em>Loch Techet, Loch Mesc abundante en hidromiel,<\/em><br \/><em>Loch Con, Loch Echtra lleno de cisnes.<\/em><br \/><em>En Irlanda de bellos colores,<\/em><br \/><em>Como le digo a cada fundaci\u00f3n,<\/em><br \/><em>En la fortaleza de Bith<\/em><br \/><em>No encontr\u00f3 m\u00e1s de tres lagos frente a \u00e9l.<\/em><br \/><em>Tres lagos, inmensos y sin marea,<\/em><br \/><em>Y nueve r\u00edos llenos de belleza:<\/em><br \/><em>Loch Fordremain, Loch Luimnig,<\/em><br \/><em>Findloch m\u00e1s all\u00e1 de las fronteras de Irrus.<\/em><br \/><em>El r\u00edo Lif\u00e9, el Lee, que se se\u00f1ale,<\/em><br \/><em>Que todo druida que conozca a diana senga tararee;<\/em><br \/><em>La historia de los antiguos r\u00edos de Irlanda<\/em><br \/><em>Demostr\u00f3 la verdadera altura del Diluvio.<\/em><br \/><em>Muad, Slicech, Samer, tienes que nombrarlos, Buas,<\/em><br \/><em>Un arroyo con la misma fama que una cumbre, Modorn,<\/em><br \/><em>Encuentra con alg\u00fan tipo de espada<\/em><br \/><em>Banna entre Lee y Eille.<\/em><br \/><em>Muri\u00f3 tras el orgullo, con guerreros,<\/em><br \/><em>Partholon, de la tropa ciento por uno:<\/em><br \/><em>Fueron sacrificados con sus posesiones,<\/em><br \/><em>Sus tesoros, en la antigua llanura de Elta de Edar.<\/em><br \/><em>Por eso es el viejo llano feliz<\/em><br \/><em>Fue Dios el Creador quien lo provoc\u00f3:<\/em><br \/><em>En su tierra que la r\u00eda separ\u00f3<\/em><br \/><em>No hab\u00eda ra\u00edz ni rama de madera.<\/em><br \/><em>All\u00ed est\u00e1 su tumba seg\u00fan los hombres de verdad,<\/em><br \/><em>Aunque no ten\u00eda poder entre los santos:<\/em><br \/><em>Silencioso fue su sue\u00f1o bajo lugares pac\u00edficos<\/em><br \/><em>Que no son un lugar de peregrinaje para nuestros eruditos.<\/em><br \/><em>Trescientos a\u00f1os, aunque lo sepas,<\/em><br \/><em>En tierras desconocidas para los exaltados,<\/em><br \/><em>La tropa permaneci\u00f3, brillantemente melodiosa y duradera,<\/em><br \/><em>En la secular y noble Irlanda.<\/em><br \/><em>Hombres, mujeres, ni\u00f1os y ni\u00f1as,<\/em><br \/><em>En las calendas de mayo, un gran obst\u00e1culo,<\/em><br \/><em>La plaga de Partholon de Mag Breg<\/em><br \/><em>No fue una tregua ininterrumpida de verano.<\/em><br \/><em>Eran treinta a\u00f1os finos<\/em><br \/><em>Que se qued\u00f3 vac\u00eda ante los h\u00e9roes,<\/em><br \/><em>Despu\u00e9s de la muerte de su ej\u00e9rcito en una semana,<\/em><br \/><em>Tropas en Mag Elta.<\/em><br \/><em>Adoramos al Rey de los Elementos,<\/em><br \/><em>El buen l\u00edder, la fortaleza de nuestro pueblo,<\/em><br \/><em>Que posee cada tropa, cada generaci\u00f3n,<\/em><br \/><em>Quien posee toda la cabeza, todo el conocimiento.<\/em><br \/><em>Soy Ua Flaind, que difunde las verdades;<\/em><br \/><em>Una retribuci\u00f3n de los reyes que eligi\u00f3;<\/em><br \/><em>Que todo lo que dice es un discurso de gracia,<\/em><br \/><em>\u00a1Que est\u00e9 de acuerdo con la santidad, eruditos!<\/em><\/p>\n\n<p><strong>\u00a737.<\/strong> Estos son los cuatro hijos de Partholon que hicieron la primera divisi\u00f3n de Irlanda al principio, Er, Orba, Fergna, Feron. Hab\u00eda cuatro hombres, sus hom\u00f3nimos, entre los hijos de Mil, pero no eran los mismos. Desde Ath Cliath en Leinster hasta Ailech Neit, es la parte de Er. Desde Ath Cliath hasta la isla de Ard Nemid, es la parte de Orba. De Ailech a Ath Cliath en Medraige, es parte de Feron. Desde este Ath Cliath hasta Ailech Neit, es parte de Fergna. As\u00ed fue como dividieron Irlanda por primera vez.<\/p>\n\n<p><strong>\u00a738.<\/strong> Partholon ten\u00eda cuatro bueyes, este fue el primer ganado en Irlanda. De su compa\u00f1\u00eda estaba Brea, hijo de Senboth, quien primero hizo una casa, un hogar con un caldero y una residencia en Irlanda. De su compa\u00f1\u00eda estaba Samailiath, quien primero consumi\u00f3 cerveza y se mantuvo fiador en Irlanda. De su compa\u00f1\u00eda estaba Beoir, quien fue el primero en montar una posada en Irlanda.<\/p>\n\n<p>Como dice el poeta,<br \/><em>Partholon, de d\u00f3nde vino en Irlanda,<\/em><br \/><em>\u00bfTu crees?<\/em><br \/><em>El d\u00eda que cruz\u00f3 el mar<\/em><br \/><em>\u00bfDe qu\u00e9 tierra proced\u00eda Partholon?<\/em><br \/><em>Proced\u00eda de Sicilia, de <a href=\"https:\/\/mythslegendes.com\/es\/mythes-et-legendes-grecques-1664\/\">Grecia<\/a>,<\/em><br \/><em>Un viaje de un a\u00f1o, sin mentiras descaradas:<\/em><br \/><em>Una traves\u00eda de un mes desde Grecia hacia el oeste,<\/em><br \/><em>Hacia Capadocia.<\/em><br \/><em>Desde Capadocia viaj\u00f3,<\/em><br \/><em>Una traves\u00eda de tres d\u00edas por Gothia,<\/em><br \/><em>Un viaje de un mes a trav\u00e9s de White Gothie,<\/em><br \/><em>A Espa\u00f1a en los tres puntos.<\/em><br \/><em>Despu\u00e9s de eso lleg\u00f3 a Inis Fail,<\/em><br \/><em>A Irlanda desde Espa\u00f1a:<\/em><br \/><em>Lunes d\u00e9cimo sin tacha<\/em><br \/><em>Un octado se apoder\u00f3 de Irlanda.<\/em><\/p>\n\n<p><em>\u00c9l es el primer hombre que tom\u00f3 esposa.<\/em><br \/><em>En la \u00e9poca de Partholon sin mentira:<\/em><br \/><em>Fintan, quien tom\u00f3 esposa por batalla -<\/em><br \/><em>Aif\u00e9, hija de Partholon.<\/em><br \/><em>Partholon sali\u00f3 un d\u00eda,<\/em><br \/><em>Visite su tierra f\u00e9rtil:<\/em><br \/><em>Su esposa y su obrero juntos<\/em><br \/><em>Dej\u00f3 atr\u00e1s en la isla.<\/em><br \/><em>Como estaban en su casa,<\/em><br \/><em>Ambos, un milagro incre\u00edble,<\/em><br \/><em>Ella avanz\u00f3 a la maniobra fiel,<\/em><br \/><em>No le hizo ning\u00fan adelanto.<\/em><br \/><em>Como no respondi\u00f3 r\u00e1pidamente a la maniobra,<\/em><br \/><em>Terco contra las intenciones viles,<\/em><br \/><em>Ella se desnud\u00f3 desesperada.<\/em><br \/><em>\u00a1Acci\u00f3n impulsiva para una buena mujer!<\/em><br \/><em>La maniobra se elev\u00f3 sin incertidumbre,<\/em><br \/><em>\u00a1Una cosa fr\u00e1gil que la humanidad! -<\/em><br \/><em>Y vino una palabra sin placer,<\/em><br \/><em>Con Delgnat para compartir cama.<\/em><br \/><em>Insolente fue la farsa por una maniobra agradable<\/em><br \/><em>Ese Topa con m\u00fasculos armoniosos comprometi\u00f3:<\/em><br \/><em>Ve, un mal giro, una felicidad sin placer,<\/em><br \/><em>Con Delgnat, para compartir cama.<\/em><\/p>\n\n<p><em>Partholon, que era un hombre de conocimiento,<\/em><br \/><em>Ten\u00eda un barril de la cerveza m\u00e1s dulce:<\/em><br \/><em>Que nadie pod\u00eda beber<\/em><br \/><em>Excepto por una pipa de oro rojo.<\/em><br \/><em>La sed se apodera de ellos despu\u00e9s del acto,<\/em><br \/><em>Topa y Delgnat, seg\u00fan la verdad:<\/em><br \/><em>Para que sus bocas bebieran<\/em><br \/><em>Sus dos tragos por la tuber\u00eda.<\/em><br \/><em>Cuando lo hicieron, una pareja sin remordimientos,<\/em><br \/><em>Se apoder\u00f3 de ellos una sed muy grande;<\/em><br \/><em>Pronto bebieron el resplandeciente refrigerio,<\/em><br \/><em>A trav\u00e9s de la tuber\u00eda dorada.<\/em><br \/><em>Partholon sali\u00f3<\/em><br \/><em>Despu\u00e9s de correr el campo deshabitado:<\/em><br \/><em>Lo trajeron, fue un ligero revuelo,<\/em><br \/><em>Su ca\u00f1\u00f3n y su pipa.<\/em><br \/><em>Cuando tom\u00f3 la pipa correcta,<\/em><br \/><em>Lo percibi\u00f3 de inmediato,<\/em><br \/><em>El sabor de la boca de Topa hasta ahora,<\/em><br \/><em>Y el sabor de la boca de Delgnat.<\/em><br \/><em>Un demonio negro y hosco revelado<\/em><br \/><em>La acci\u00f3n mala, incorrecta y desagradable:<\/em><br \/><em>&quot;Este es el sabor de la boca de Topa&quot;, dijo,<\/em><br \/><em>&quot;Y el sabor de la boca de Delmat&quot;<\/em><br \/><em>As\u00ed dijo el leal hijo de Sera,<\/em><br \/><em>El hombre llamado Partholon:<\/em><br \/><em>&quot;Tan breve fue el tiempo que pasamos afuera,<\/em><br \/><em>Tenemos derecho a quejarnos de ti. &quot;<\/em><br \/><em>El hombre golpe\u00f3 al perro de la mujer.<\/em><br \/><em>No tuvo ning\u00fan efecto: mat\u00f3 al perro,<\/em><br \/><em>Era un tesoro muy fr\u00e1gil;<\/em><br \/><em>As\u00ed que estos son los primeros celos de Irlanda.<\/em><br \/><em>Delgnat respondi\u00f3 a su marido:<\/em><br \/><em>&quot;La culpa no es nuestra,<\/em><br \/><em>Tan amargas como son mis palabras,<\/em><br \/><em>De verdad, pero depende de ti.<\/em><br \/><em>Aunque creas que mis palabras son malas<\/em><br \/><em>Partholon, su derecho ser\u00e1 m\u00edo:<\/em><br \/><em>Yo soy uno a uno aqu\u00ed<\/em><br \/><em>Soy inocente, me deben una compensaci\u00f3n<\/em><\/p>\n\n<p><em>Miel con una mujer, leche con un gato,<\/em><br \/><em>Comida con los generosos, carne con un ni\u00f1o,<\/em><br \/><em>Un artesano de interiores y una herramienta afilada.<\/em><br \/><em>Uno a uno es un gran riesgo.<\/em><br \/><em>La mujer probar\u00e1 la miel espesa,<\/em><br \/><em>El gato beber\u00e1 la leche<\/em><br \/><em>El generoso dar\u00e1 comida pura,<\/em><br \/><em>El ni\u00f1o comer\u00e1 la carne.<\/em><br \/><em>El artesano agarrar\u00e1 la herramienta,<\/em><br \/><em>Uno y uno ir\u00e1n juntos:<\/em><br \/><em>Por eso es justo mantenerlos<\/em><br \/><em>Bueno desde el principio.<\/em><br \/><em>Este es el primer adulterio conocido<\/em><br \/><em>Qui\u00e9n se comprometi\u00f3 originalmente aqu\u00ed:<\/em><br \/><em>La esposa de Partholon, un hombre de rango,<\/em><br \/><em>Callej\u00f3n con una maniobra mal nacida.<\/em><\/p>\n\n<p><em>El persigui\u00f3 al secuaz<\/em><br \/><em>Y lo mat\u00f3 airadamente:<\/em><br \/><em>No recibi\u00f3 ayuda de Dios<\/em><br \/><em>Para prevenir el homicidio.<\/em><br \/><em>El lugar donde se hizo<\/em><br \/><em>Despu\u00e9s de su ocurrencia, ciertamente,<\/em><br \/><em>Grande fue su dulzura<\/em><br \/><em>Un d\u00eda en la tierra de Inis Saimera.<\/em><br \/><em>Y esto, sin enga\u00f1os,<\/em><br \/><em>Es el primer juicio en Irlanda, y desde all\u00ed,<\/em><br \/><em>Por un juicio muy noble,<\/em><br \/><em>Viene &quot;el derecho de su esposa contra Partholon&quot;.<\/em><br \/><em>Entonces pasaron diecisiete a\u00f1os<\/em><br \/><em>Hasta la muerte de este hombre;<\/em><br \/><em>La batalla de Mag Itha luchando<\/em><br \/><em>Fue una de las haza\u00f1as de Partholon.<\/em><\/p>\n\n<p>M\u00e1s adelante en la epopeya de Partholon:<br \/><em>Bueno fue la gran tropa<\/em><br \/><em>\u00bfQu\u00e9 ten\u00eda Partholon?<\/em><br \/><em>Hombres y mujeres j\u00f3venes en\u00e9rgicos,<\/em><br \/><em>Chefs y campeones.<\/em><br \/><em>Totacht y Fort Tarba,<\/em><br \/><em>Eochar y Aithechbel,<\/em><br \/><em>Cuaille, Dorcha, Presa,<\/em><br \/><em>Los siete maestros labradores de Partholon<\/em><br \/><em>Liac y Lecmag el colorido,<\/em><br \/><em>Imar y Etrigi,<\/em><br \/><em>Los cuatro bueyes, un grupo adecuado,<\/em><br \/><em>Quien a\u00f3 la tierra de Partholon.<\/em><br \/><em>Beoir era el nombre del hombre,<\/em><br \/><em>Con sus nobles y su pueblo,<\/em><br \/><em>Que acept\u00f3 un hu\u00e9sped en su s\u00f3lida casa,<\/em><br \/><em>El primero en la isla de Irlanda.<\/em><br \/><em>Por este Brea hijo de Senboth<\/em><br \/><em>Una casa fue lo primero, un caldero al fuego;<\/em><br \/><em>Una haza\u00f1a que el agradable Gael no abandon\u00f3,<\/em><br \/><em>Una residencia en Irlanda.<\/em><br \/><em>Por Samaliliath fueron conocidos<\/em><br \/><em>Consumo y garant\u00eda de cerveza:<\/em><br \/><em>Por \u00e9l fueron tra\u00eddos m\u00e1s tarde<\/em><br \/><em>Adoraci\u00f3n, oraci\u00f3n, cuestionamiento.<\/em><br \/><em>Los tres druidas de Partholon de los puertos,<\/em><br \/><em>Fiss, Eolas, Fochmarc:<\/em><br \/><em>Los nombres de sus tres campeones adem\u00e1s,<\/em><br \/><em>Milchu, Merano, Muinechan.<\/em><br \/><em>Los nombres de las diez nobles hijas.<\/em><br \/><em>Que Partholon ten\u00eda,<\/em><br \/><em>Y los nombres de sus diez yernos<\/em><br \/><em>Los dejo a un lado, es una lista completa.<\/em><br \/><em>Aife, Aine, el noble Adnad,<\/em><br \/><em>Macha, Mucha, Melepard,<\/em><br \/><em>Glas y Grenach,<\/em><br \/><em>Auach y Achanach.<\/em><br \/><em>Aidbli, Bomnad y Ban,<\/em><br \/><em>Caertin, Echtach, Athchosan,<\/em><br \/><em>Lucraid, Ligair, Lugaid el guerrero,<\/em><br \/><em>Gerber, que no hablaba en vano.<\/em><br \/><em>Beothach, Iarbonel, Fergus,<\/em><br \/><em>Art, Corb, que sigui\u00f3 sin pecado,<\/em><br \/><em>Sobairche, el en\u00e9rgico Dobairche,<\/em><br \/><em>Eran los cinco jefes de Nemed, de buena fuerza.<\/em><br \/><em>Bacorb Ladra, que era un sabio de renombre,<\/em><br \/><em>Era el cient\u00edfico de Partholon;<\/em><br \/><em>El es el primer hombre, sin dudas,<\/em><br \/><em>Quien ofreci\u00f3 hospitalidad al principio.<\/em><\/p>\n\n<p><em>Donde araron en el oeste es en Dun Finntain,<\/em><br \/><em>Aunque estaba muy lejos:<\/em><br \/><em>Y rozaron la hierba en reposo<\/em><br \/><em>Al este de Mag Sanais.<\/em><br \/><em>Bibal y Babal el blanco,<\/em><br \/><em>Fueron dos comerciantes de Partholon:<\/em><br \/><em>Bibal trajo el oro aqu\u00ed<\/em><br \/><em>Babal trajo el ganado.<\/em><br \/><em>El primer edificio en Irlanda, sin dificultad,<\/em><br \/><em>Fue hecho por Partholon:<\/em><br \/><em>La primera elaboraci\u00f3n, el batido, la cerveza, un elegante viaje,<\/em><br \/><em>Al principio, en la buena y noble Irlanda.<\/em><br \/><em>Rimad era el jornalero en la parte de atr\u00e1s,<\/em><br \/><em>Tairle, el jefe de labranza general;<\/em><br \/><em>Fodbach era la reja del arado, no es una ficci\u00f3n,<\/em><br \/><em>Y Fetain la reja.<\/em><br \/><em>Roto era el nombre del hombre, era perfecto<\/em><br \/><em>\u00bfQui\u00e9n fue el primero en fomentar esc\u00e1ndalos secretos?<\/em><br \/><em>Fue destruido y esparcido, lo cual no estuvo mal.<\/em><br \/><em>Partholon pens\u00f3 que era bueno.<\/em><\/p>\n\n<p>As\u00ed que esta es la noticia de la primera captura de Irlanda despu\u00e9s del Diluvio.<\/p>\n\t\t\t\t\t\t\t\t<\/div>\n\t\t\t\t<\/div>\n\t\t\t\t\t<\/div>\n\t\t<\/div>\n\t\t\t\t\t<\/div>\n\t\t<\/section>\n\t\t\t\t<\/div>","protected":false},"excerpt":{"rendered":"<p>Wiki de mitolog\u00eda irlandesa Esta es la parte llamada Partholon del Libro de las invasiones. Partol\u00f3n \u00a730. Pero Irlanda fue abandonada por... <\/p>","protected":false},"author":1,"featured_media":0,"parent":439,"menu_order":0,"comment_status":"closed","ping_status":"closed","template":"","meta":{"footnotes":""},"class_list":["post-728","page","type-page","status-publish","hentry"],"amp_enabled":true,"_links":{"self":[{"href":"https:\/\/mythslegendes.com\/es\/wp-json\/wp\/v2\/pages\/728","targetHints":{"allow":["GET"]}}],"collection":[{"href":"https:\/\/mythslegendes.com\/es\/wp-json\/wp\/v2\/pages"}],"about":[{"href":"https:\/\/mythslegendes.com\/es\/wp-json\/wp\/v2\/types\/page"}],"author":[{"embeddable":true,"href":"https:\/\/mythslegendes.com\/es\/wp-json\/wp\/v2\/users\/1"}],"replies":[{"embeddable":true,"href":"https:\/\/mythslegendes.com\/es\/wp-json\/wp\/v2\/comments?post=728"}],"version-history":[{"count":1,"href":"https:\/\/mythslegendes.com\/es\/wp-json\/wp\/v2\/pages\/728\/revisions"}],"predecessor-version":[{"id":24581,"href":"https:\/\/mythslegendes.com\/es\/wp-json\/wp\/v2\/pages\/728\/revisions\/24581"}],"up":[{"embeddable":true,"href":"https:\/\/mythslegendes.com\/es\/wp-json\/wp\/v2\/pages\/439"}],"wp:attachment":[{"href":"https:\/\/mythslegendes.com\/es\/wp-json\/wp\/v2\/media?parent=728"}],"curies":[{"name":"wp","href":"https:\/\/api.w.org\/{rel}","templated":true}]}}