{"id":731,"date":"2020-06-15T13:32:15","date_gmt":"2020-06-15T12:32:15","guid":{"rendered":"https:\/\/mythslegendes.com\/?page_id=731"},"modified":"2022-12-03T22:06:57","modified_gmt":"2022-12-03T22:06:57","slug":"nemed","status":"publish","type":"page","link":"https:\/\/mythslegendes.com\/es\/mitologia-irlandesa\/nemado\/","title":{"rendered":"Nemed"},"content":{"rendered":"\t\t<div data-elementor-type=\"wp-page\" data-elementor-id=\"731\" class=\"elementor elementor-731\">\n\t\t\t\t\t\t<section class=\"elementor-section elementor-top-section elementor-element elementor-element-23eacb9 elementor-section-boxed elementor-section-height-default elementor-section-height-default\" data-id=\"23eacb9\" data-element_type=\"section\" data-e-type=\"section\">\n\t\t\t\t\t\t<div class=\"elementor-container elementor-column-gap-default\">\n\t\t\t\t\t<div class=\"elementor-column elementor-col-50 elementor-top-column elementor-element elementor-element-dd0d135\" data-id=\"dd0d135\" data-element_type=\"column\" data-e-type=\"column\">\n\t\t\t<div class=\"elementor-widget-wrap elementor-element-populated\">\n\t\t\t\t\t\t<div class=\"elementor-element elementor-element-0a1a169 elementor-align-justify elementor-widget elementor-widget-button\" data-id=\"0a1a169\" data-element_type=\"widget\" data-e-type=\"widget\" data-widget_type=\"button.default\">\n\t\t\t\t<div class=\"elementor-widget-container\">\n\t\t\t\t\t\t\t\t\t<div class=\"elementor-button-wrapper\">\n\t\t\t\t\t<a class=\"elementor-button elementor-button-link elementor-size-sm\" href=\"https:\/\/mythslegendes.com\/mythologie-irlandaise\/\">\n\t\t\t\t\t\t<span class=\"elementor-button-content-wrapper\">\n\t\t\t\t\t\t\t\t\t<span class=\"elementor-button-text\">Mythologie irlandaise<\/span>\n\t\t\t\t\t<\/span>\n\t\t\t\t\t<\/a>\n\t\t\t\t<\/div>\n\t\t\t\t\t\t\t\t<\/div>\n\t\t\t\t<\/div>\n\t\t\t\t\t<\/div>\n\t\t<\/div>\n\t\t\t\t<div class=\"elementor-column elementor-col-50 elementor-top-column elementor-element elementor-element-b0198dc\" data-id=\"b0198dc\" data-element_type=\"column\" data-e-type=\"column\">\n\t\t\t<div class=\"elementor-widget-wrap elementor-element-populated\">\n\t\t\t\t\t\t<div class=\"elementor-element elementor-element-c8eed34 elementor-align-justify elementor-widget elementor-widget-button\" data-id=\"c8eed34\" data-element_type=\"widget\" data-e-type=\"widget\" data-widget_type=\"button.default\">\n\t\t\t\t<div class=\"elementor-widget-container\">\n\t\t\t\t\t\t\t\t\t<div class=\"elementor-button-wrapper\">\n\t\t\t\t\t<a class=\"elementor-button elementor-button-link elementor-size-sm\" href=\"https:\/\/fr.wikipedia.org\/wiki\/Mythologie_celtique_irlandaise\" target=\"_blank\" rel=\"noopener\">\n\t\t\t\t\t\t<span class=\"elementor-button-content-wrapper\">\n\t\t\t\t\t\t\t\t\t<span class=\"elementor-button-text\">Wiki<\/span>\n\t\t\t\t\t<\/span>\n\t\t\t\t\t<\/a>\n\t\t\t\t<\/div>\n\t\t\t\t\t\t\t\t<\/div>\n\t\t\t\t<\/div>\n\t\t\t\t\t<\/div>\n\t\t<\/div>\n\t\t\t\t\t<\/div>\n\t\t<\/section>\n\t\t\t\t<section class=\"elementor-section elementor-top-section elementor-element elementor-element-7c11f76d elementor-section-boxed elementor-section-height-default elementor-section-height-default\" data-id=\"7c11f76d\" data-element_type=\"section\" data-e-type=\"section\">\n\t\t\t\t\t\t<div class=\"elementor-container elementor-column-gap-default\">\n\t\t\t\t\t<div class=\"elementor-column elementor-col-100 elementor-top-column elementor-element elementor-element-462e267f\" data-id=\"462e267f\" data-element_type=\"column\" data-e-type=\"column\">\n\t\t\t<div class=\"elementor-widget-wrap elementor-element-populated\">\n\t\t\t\t\t\t<div class=\"elementor-element elementor-element-8101c78 elementor-widget elementor-widget-text-editor\" data-id=\"8101c78\" data-element_type=\"widget\" data-e-type=\"widget\" data-widget_type=\"text-editor.default\">\n\t\t\t\t<div class=\"elementor-widget-container\">\n\t\t\t\t\t\t\t\t\t\n<p>Voici la partie dite de Nemed du <a href=\"https:\/\/mythslegendes.com\/es\/mitologia-irlandesa\/\">Livre des Invasions<\/a>.<\/p>\n<p><img decoding=\"async\" class=\"alignnone wp-image-5284 size-full\" src=\"https:\/\/mythslegendes.com\/wp-content\/uploads\/2020\/09\/AlphaOmega-e1602613368367.png\" alt=\"Nemed\" width=\"25\" height=\"26\" title=\"\"><\/p>\n<div id=\"ez-toc-container\" class=\"ez-toc-v2_0_82_2 counter-hierarchy ez-toc-counter ez-toc-grey ez-toc-container-direction\">\n<div class=\"ez-toc-title-container\">\n<p class=\"ez-toc-title\" style=\"cursor:inherit\">Contenus<\/p>\n<span class=\"ez-toc-title-toggle\"><a href=\"#\" class=\"ez-toc-pull-right ez-toc-btn ez-toc-btn-xs ez-toc-btn-default ez-toc-toggle\" aria-label=\"Alternar tabla de contenidos\"><span class=\"ez-toc-js-icon-con\"><span class=\"\"><span class=\"eztoc-hide\" style=\"display:none;\">Toggle<\/span><span class=\"ez-toc-icon-toggle-span\"><svg style=\"fill: #999;color:#999\" xmlns=\"http:\/\/www.w3.org\/2000\/svg\" class=\"list-377408\" width=\"20px\" height=\"20px\" viewBox=\"0 0 24 24\" fill=\"none\"><path d=\"M6 6H4v2h2V6zm14 0H8v2h12V6zM4 11h2v2H4v-2zm16 0H8v2h12v-2zM4 16h2v2H4v-2zm16 0H8v2h12v-2z\" fill=\"currentColor\"><\/path><\/svg><svg style=\"fill: #999;color:#999\" class=\"arrow-unsorted-368013\" xmlns=\"http:\/\/www.w3.org\/2000\/svg\" width=\"10px\" height=\"10px\" viewBox=\"0 0 24 24\" version=\"1.2\" baseProfile=\"tiny\"><path d=\"M18.2 9.3l-6.2-6.3-6.2 6.3c-.2.2-.3.4-.3.7s.1.5.3.7c.2.2.4.3.7.3h11c.3 0 .5-.1.7-.3.2-.2.3-.5.3-.7s-.1-.5-.3-.7zM5.8 14.7l6.2 6.3 6.2-6.3c.2-.2.3-.5.3-.7s-.1-.5-.3-.7c-.2-.2-.4-.3-.7-.3h-11c-.3 0-.5.1-.7.3-.2.2-.3.5-.3.7s.1.5.3.7z\"\/><\/svg><\/span><\/span><\/span><\/a><\/span><\/div>\n<nav><ul class='ez-toc-list ez-toc-list-level-1 ' ><li class='ez-toc-page-1 ez-toc-heading-level-2'><a class=\"ez-toc-link ez-toc-heading-1\" href=\"https:\/\/mythslegendes.com\/es\/mitologia-irlandesa\/nemado\/#Nemed\" >Nemed<\/a><\/li><\/ul><\/nav><\/div>\n<h2><span class=\"ez-toc-section\" id=\"Nemed\"><\/span>Nemed<span class=\"ez-toc-section-end\"><\/span><\/h2>\n<p><strong>\u00a739<\/strong>. Or l\u2019Irlande fut d\u00e9serte par la suite, pour un temps de trente ann\u00e9es apr\u00e8s Partholon, jusqu\u2019\u00e0 l\u2019arriv\u00e9e de Nemed f. Agnomain des <a href=\"https:\/\/mythslegendes.com\/es\/mythes-et-legendes-grecques-1664\/\">Grecs<\/a> de Scythie, avec ses quatre chefs. Quarante-quatre navires eut-il sur la Mer Caspienne pendant un an et demi, mais seul son navire parvint en <a href=\"https:\/\/mythslegendes.com\/es\/mitologia-irlandesa\/\">Irlande<\/a>. Ceux-ci sont les quatre chefs, Starn, Iarbonel le devin, Annind, et Fergus au flanc rouge: ils \u00e9taient les quatre fils de Nemed.<\/p>\n\n<p><strong>\u00a740.<\/strong> Il y eut quatre jaillissements de lacs au temps de Nemed: Loch Cal \u00e0 Ui Niallain, Loch Munremair \u00e0 Luigne, Loch Dairbrech, Loch Annind \u00e0 Meath. Quand sa tombe fut creus\u00e9e et qu\u2019on l\u2019enterrait, l\u00e0 le lac jaillit sur la terre.<\/p>\n\n<p><strong>\u00a741.<\/strong> C\u2019est Nemed qui gagna la bataille de Ros Fraechain contre Gand et Sengand, deux rois des Fomoraig, et les deux y furent tu\u00e9s. Deux forts royaux furent creus\u00e9s par Nemed en Irlande, Raith Chimbaith \u00e0 Semne, Raith Chindeich \u00e0 Ui Niallain. Les quatre fils de Matan Munremar creus\u00e8rent Raith Cindeich en un jour: c\u2019est-\u00e0-dire, Boc, Roboc, Ruibne, et Rotan. Ils furent tu\u00e9s au matin \u00e0 Daire Lige par Nemed, de peur qu\u2019ils ne s\u2019am\u00e9liorassent par le fait de creuser.<\/p>\n\n<p><strong>\u00a742.<\/strong> Douze plaines furent d\u00e9frich\u00e9es par Nemed en Irlande: Mag Cera, Mag Eba, Mag Cuile Tolaid, et Mag Luirg en Connachta: Mag Seired \u00e0 Tethba; Mag Tochair \u00e0 Tir Eogain; Mag Selmne \u00e0 Araide; Mag Macha \u00e0 Airgialla; Mag Muirthemne \u00e0 Brega; Mag Bernsa \u00e0 Laighne; Leccmag et Mag Moda \u00e0 Mumu.<\/p>\n\n<p><strong>\u00a743.<\/strong> Il gagna trois batailles contre les Fomoraig: la bataille de Badbgna en Connachta, celle de Cnamros \u00e0 Laigne, celle de Murbolg \u00e0 Dal Riada. Apr\u00e8s cela, Nemed mourut de la peste \u00e0 Oilean Arda Nemid \u00e0 Ui Liathain.<\/p>\n\n<p><strong>\u00a744.<\/strong> La prog\u00e9niture de Nemed subit grande oppression apr\u00e8s son temps en Irlande, aux mains de More, f. Dela et de Conand f. Febar [\u00e9ponyme de la Tour de Conand, aujourd\u2019hui nomm\u00e9e Toirinis Cetne. Dedans se tenait la grande flotte des Fomoraig]. Les deux tiers de la descendance, du bl\u00e9 et du lait du peuple d\u2019Irlande devait \u00eatre port\u00e9 chaque Samain \u00e0 Mag Cetne. Col\u00e8re et tristesse saisirent les hommes d\u2019Irlande face au fardeau de la taxe. Ils partirent tous se battre contre les Fomoraig. Ils avaient trois champions, Semul f. Iarbonel le devin f. Nemed, Erglan f. Beoan f. Starn f. Nemed, Fergus au flanc rouge f. Nemed. Trente mille sur la mer, trente mille autres sur terre, ils prirent d\u2019assaut la tour. Conand et sa descendance tomb\u00e8rent.<\/p>\n\n<p><strong>\u00a745.<\/strong> Or, apr\u00e8s cette capture, More fils de Dela tomba sur eux, avec les \u00e9quipages et soixante navires, et ils tomb\u00e8rent dans un carnage mutuel. La mer recouvrit le peuple d\u2019Irlande, et aucun ne parvint \u00e0 s\u2019\u00e9chapper, si s\u00e9v\u00e8re fut la bataille: aucun sauf un navire, dans lequel il y avait trente guerriers. Ils se mirent en route, quittant l\u2019Irlande, fuyant la maladie et la taxe: Bethach mourut en Irlande de la peste; ses dix femmes lui surv\u00e9curent pendant vingt-trois ans. Ibath et son fils Baath partirent au nord du monde. Matach et Erglan et Iartach, les trois fils de Beoan, partirent \u00e0 Dobar et Iardobar au nord d\u2019Alba.<\/p>\n\n<p><strong>\u00a746.<\/strong> Semeon partit dans les terres des Grecs. Sa descendance s\u2019y agrandit jusqu\u2019\u00e0 compter des milliers. L\u2019esclavage leur fut impos\u00e9 par les Grecs; ils durent porter l\u2019argile sur de rudes montagnes afin qu\u2019elles devinssent des plaines fleuries. Par la suite ils furent las de leur servitude, et ils s\u2019enfuirent, cinq mille d\u2019entre eux, et fabriqu\u00e8rent des navires avec leurs sacs: [ou, comme le dit le <a href=\"https:\/\/mythslegendes.com\/es\/bibliotecas-de-libros\/\">Livre<\/a> de Druim Snechta, ils d\u00e9rob\u00e8rent les pinasses du roi de <a href=\"https:\/\/mythslegendes.com\/es\/mythes-et-legendes-grecques-1664\/\">Gr\u00e8ce<\/a> pour y embarquer]. Par la suite ils revinrent en Irlande, leur terre d\u2019origine: ce fut au terme de deux cent trente ann\u00e9es apr\u00e8s Nemed. Ceux-ci \u00e9taient leurs cinq chefs, Gand, Genand, Rudraige, Sengand et Slaine.<\/p>\n\n<p><strong>\u00a747.<\/strong> Quant \u00e0 Fergus au flanc rouge et son fils, Britain Mael duquel descendent tous les <a href=\"https:\/\/mythslegendes.com\/es\/mitologia-bretona\/\">Bretons<\/a> du monde, ils prirent Moin Conain et emplirent de leur descendance la grande \u00eele, l\u2019Ile de <a href=\"https:\/\/mythslegendes.com\/es\/mitologia-bretona\/\">Bretagne<\/a>: jusqu\u2019\u00e0 ce que Hengist et Horsa, les deux fils de Guictglis, Rois des Anciens Saxons, ne vinssent les conqu\u00e9rir: et ils chass\u00e8rent les Bretons au-del\u00e0 des fronti\u00e8res de l\u2019\u00eele. Telles sont les aventures de la descendance de Nemed apr\u00e8s la prise de la Tour de Conand:<\/p>\n\n<p>Ainsi dit l\u2019historien,<br \/><em>La grande Irlande que les Gaels administrent,<\/em><br \/><em>Je raconte certaines de ses affaires:<\/em><br \/><em>De grands chefs arm\u00e9s de lances la prirent,<\/em><br \/><em>De la fi\u00e8re race d\u2019Adam.<\/em><br \/><em>D\u2019Adam le tr\u00e8s harmonieux, l\u2019impitoyable,<\/em><br \/><em>Au D\u00e9luge, un tumulte qui fut pr\u00e9par\u00e9,<\/em><br \/><em>Personne ne r\u00e9chauffa sa tr\u00e8s puissante maison<\/em><br \/><em>Sauf Cessair aux cinquante vierges.<\/em><br \/><em>Sauf Bith et Ladru \u2013 laissez-nous le relater \u2013<\/em><br \/><em>Fintan, avec l\u2019obscurit\u00e9 de la terre, aucun homme ne la trouva,<\/em><br \/><em>Qui r\u00e9v\u00e9la la majest\u00e9 de l\u2019Irlande,<\/em><br \/><em>Avant le temps du D\u00e9luge.<\/em><br \/><em>Apr\u00e8s le D\u00e9luge en secret trois cents ans,<\/em><br \/><em>Quiconque le raconte,<\/em><br \/><em>Celui qui fut brillamment couronn\u00e9 pour ses exploits,<\/em><br \/><em>Partholon fils de Sera, vint.<\/em><br \/><em>Nonobstant tout majestueux psaume,<\/em><br \/><em>Le peuple de Partholon le p\u00e9cheur \u2013<\/em><br \/><em>Mort fut l\u2019ensemble de sa maisonn\u00e9e,<\/em><br \/><em>Sur la Vieille Plaine, au cours d\u2019une semaine.<\/em><br \/><em>Soixante ann\u00e9es sans croissance,<\/em><br \/><em>Sans un garde, ce fut l\u2019obscurit\u00e9,<\/em><br \/><em>D\u00e9sert chaque recoin de la fi\u00e8re mer;<\/em><br \/><em>Personne ne la prit sauf Nemed.<\/em><br \/><em>Nemed avec la rage d\u2019eux tous,<\/em><br \/><em>Avec provision d\u2019entraves et de valeur,<\/em><br \/><em>Il poss\u00e9da la terre contre les arm\u00e9es guerri\u00e8res,<\/em><br \/><em>Apr\u00e8s la destruction des autres troupes.<\/em><br \/><em>Il employa pour vaincre sans risque,<\/em><br \/><em>Nemed, avec fiert\u00e9 et intelligence:<\/em><br \/><em>Le fils d\u2019Agnomain avec arrogance,<\/em><br \/><em>Bien que sa troupe f\u00fbt faible, elle fut majestueuse.<\/em><br \/><em>Starn, qui tomba par la main de Mac Faebuir,<\/em><br \/><em>Iarbonel le devin, qui \u00e9tait joyeux,<\/em><br \/><em>Ainnind avec des entraves de cuir<\/em><br \/><em>\u00c9taient les trois chefs venimeux de Nemed.<\/em><br \/><em>Nemed qui les paya en mati\u00e8re de garantie,<\/em><br \/><em>Il y eut un fl\u00e9au de feu et une sentence de mort;<\/em><br \/><em>En son temps, avec un grand bruit grondant,<\/em><br \/><em>Il y eut un jaillissement\u2014quatre lacs.<\/em><br \/><em>Loch Munremair, une mer plaisante,<\/em><br \/><em>Forte furie aux larges rives;<\/em><br \/><em>Loch Dairbrech au-dessus de la haie d\u2019un roi<\/em><br \/><em>Loch Cal et Loch Ainnind.<\/em><br \/><em>Vigoureusement furent creus\u00e9s par son arm\u00e9e<\/em><br \/><em>Deux forts solides et robustes,<\/em><br \/><em>Raith Cindeich o\u00f9 il octroya des armes,<\/em><br \/><em>Raith Cimbaeith \u00e0 Semne.<\/em><\/p>\n\n<p><em>D\u00e9frich\u00e9es par lui, ce fut un parcours de plaisir,<\/em><br \/><em>Douze plaines de belle \u00e9tendue,<\/em><br \/><em>Mag Cera en\u00a0Connachta des brumes,<\/em><br \/><em>Mag Moda et Mag Eba.<\/em><br \/><em>La forte Mag Tochair fut nettoy\u00e9e,<\/em><br \/><em>Leemag de la grande plaine de Muma,<\/em><br \/><em>Mag Bernsa avec un myst\u00e8re de gr\u00e2ces,<\/em><br \/><em>Mag Cuile Tolad, Mag Lughad.<\/em><br \/><em>Mag Sered de l\u2019ass\u00e8chement d\u2019une rivi\u00e8re,<\/em><br \/><em>Mag Semne d\u2019une claire couleur,<\/em><br \/><em>Mag Luirg au flanc un peu sombre,<\/em><br \/><em>Mag Muirthemne, Mag Macha.<\/em><\/p>\n\n<p><em>Les troubles \u2014un travail de les raconter\u2013<\/em><br \/><em>Qu\u2019il causa aux guerriers de Fomoire de grande acuit\u00e9;<\/em><br \/><em>La bataille de l\u2019\u00e9norme Morbole de grande acuit\u00e9 la bataille de Badgna,<\/em><br \/><em>Et la bataille de Cnamros.<\/em><br \/><em>Dans le territoire de Liathan non loin de Muma,<\/em><br \/><em>Le seigneur sombre des massacres mourut de la peste:<\/em><br \/><em>Avec la grossi\u00e8re compagnie de l\u2019herbe propre<\/em><br \/><em>A Oilean Arda Nemid.<\/em><br \/><em>Ils n\u2019\u00e9taient pas en s\u00e9curit\u00e9 par rapport \u00e0 l\u2019oppression \u2013<\/em><br \/><em>La descendance que Nemed engendra \u2013<\/em><br \/><em>Aux mains de Conaing au corps dur<\/em><br \/><em>Et aux mains de More fils de Dela.<\/em><br \/><em>Deux tiers de leurs beaux enfants,<\/em><br \/><em>Ce n\u2019\u00e9tait pas g\u00e9n\u00e9reux contre faiblesse militaire \u2013<\/em><br \/><em>Une taxe qui durait \u00e0 travers les \u00e2ges du monde \u2013<\/em><br \/><em>Deux tiers de bl\u00e9 et de lait.<\/em><br \/><em>Vers la rude Mag Cetna des armes,<\/em><br \/><em>Par-dessus Eas Ruaid aux merveilleux saumons,<\/em><br \/><em>Il fut pr\u00e9par\u00e9 sans aide,<\/em><br \/><em>Contre festin pour eux, chaque veille de Samain.<\/em><br \/><em>Semeon fils du joyeux Iardan,<\/em><br \/><em>Fergus pur et g\u00e9n\u00e9reux, un effort de fiert\u00e9,<\/em><br \/><em>Erglan fils du belliqueux Beoan,<\/em><br \/><em>Furent les trois affranchis pour leurs arm\u00e9es.<\/em><br \/><em>L\u2019arm\u00e9e d\u2019Irlande avec sa troupe vint \u2013<\/em><br \/><em>C\u2019\u00e9tait la progression son pouvoir \u2013<\/em><br \/><em>Une unit\u00e9 de guerriers qui avaient le sang au corps,<\/em><br \/><em>Vers l\u2019ouest \u00e0 la capture de la tour de Conaing.<\/em><br \/><em>La tour de Conaing avec nombre de butins<\/em><br \/><em>D\u2019une union de crimes de centaines de rapines,<\/em><br \/><em>Une forteresse de l\u2019assembl\u00e9e de cet art<\/em><br \/><em>De la rage des Fomoire de la mer.<\/em><br \/><em>Les hommes d\u2019Irlande apr\u00e8s sa capture,<\/em><br \/><em>Avec la grande valeur des parcours avant eux,<\/em><br \/><em>De ceux-ci, des nouvelles de perte,<\/em><br \/><em>Aucun n\u2019\u00e9chappa sauf trente des enfants de Nemed.<\/em><br \/><em>Ils ne furent pas en paix par rapport \u00e0 leur h\u00e9ritage,<\/em><br \/><em>Cette arm\u00e9e avec grande valeur de d\u00e9sespoir;<\/em><br \/><em>Des trente nobles guerriers,<\/em><br \/><em>Chaque chef se mit en chemin.<\/em><br \/><em>En la terre des Grecs, le reste de la troupe<\/em><br \/><em>Partit Semeon, ce fut un chemin heureux:<\/em><br \/><em>Avec sagesse sur la division principale<\/em><br \/><em>Partit Fergus \u00e0 Moin Conain.<\/em><br \/><em>Britan Mael fils d\u2019un prince<\/em><br \/><em>Librement nombre de voyages sur les cours d\u2019eau,<\/em><br \/><em>Fils de Lethderg de Leemag<\/em><br \/><em>De lui sont les Bretons du monde.<\/em><br \/><em>Bethach sous les pas de la renomm\u00e9e<\/em><br \/><em>Mourut en Irlande selon la v\u00e9rit\u00e9:<\/em><br \/><em>Ses dix femmes derri\u00e8re lui,<\/em><br \/><em>Par la suite, pour un temps de vingt-trois ann\u00e9es.<\/em><br \/><em>Des centaines jaillirent de Semeon,<\/em><br \/><em>Les Grecs les pens\u00e8rent nombreuse l\u00e9gion:<\/em><br \/><em>Ils ne furent pas accept\u00e9s par les guerriers<\/em><br \/><em>Mais furent asservis par les Grecs.<\/em><br \/><em>Tel fut l\u2019ordre des chefs,<\/em><br \/><em>Portant des sacs ronds\u2014ce ne fut pas risqu\u00e9<\/em><br \/><em>Avec le renom d\u2019argile sur une montagne rocheuse<\/em><br \/><em>De sorte qu\u2019elle f\u00fbt une plaine riche de fleurs et de troupeaux.<\/em><br \/><em>Ils partirent sans tra\u00eetre contrat<\/em><br \/><em>Sur la tr\u00e8s noire mer courrouc\u00e9e,<\/em><br \/><em>Hors de la captivit\u00e9 d\u2019un dur patronage<\/em><br \/><em>Avec navires et avec sacs.<\/em><br \/><em>Ceux-ci furent leurs noms glorieux,<\/em><br \/><em>Des rois, fougueux, avec agilit\u00e9,<\/em><br \/><em>Gann, Genann avec un choix d\u2019hommes de bonnes divisions,<\/em><br \/><em>Rudraige, Sengann, Slanga.<\/em><br \/><em>La descendance de Semeon d\u2019un rang de lanciers,<\/em><br \/><em>Un exploit de pure volont\u00e9 de puret\u00e9 d\u2019actions;<\/em><br \/><em>Les Galioin, hommes de fort peu d\u2019ordres,<\/em><br \/><em>Les Fir Bolg et les Fir Domnann.<\/em><br \/><em>Deux cents ans, quiconque le relate,<\/em><br \/><em>Apr\u00e8s Nemed, brillants ses valeureux exploits,<\/em><br \/><em>Avant les Fir Bolg qui prirent la belle terre d\u2019Irlande,<\/em><br \/><em>Depuis le creux de l\u2019oc\u00e9an.<\/em><br \/><em>Leur navigation, leurs mesures, demeurent;<\/em><br \/><em>Ils divis\u00e8rent en cinq, sans religion \u2013<\/em><br \/><em>Sans tricher pour leur clan au flanc mince \u2013<\/em><br \/><em>La plaisante Irlande, depuis Uisnech.<\/em><br \/><em>Rendons gr\u00e2ce au Christ si vertueux<\/em><br \/><em>Qui a apais\u00e9 les flots les plus forts;<\/em><br \/><em>A lui le monde et sa prog\u00e9niture,<\/em><br \/><em>A lui chaque territoire, \u00e0 lui est l\u2019Irlande.<\/em><br \/><em>La capture de la tour de Conaing avec courage<\/em><br \/><em>Contre Conaing le grand, fils de Faebar:<\/em><br \/><em>Les hommes d\u2019Irlande y prirent part,<\/em><br \/><em>Trois brillants chefs avec eux.<\/em><br \/><em>Erglan fils de Beoan f. Starn,<\/em><br \/><em>Semeon fils de l\u2019amer Iardan,<\/em><br \/><em>En exil partit le guerrier des plaines,<\/em><br \/><em>Le fils de Nemed, Fergus Lethderg.<\/em><br \/><em>Soixante milliers le brillant \u00e9quipage<\/em><br \/><em>Sur la terre et sur l\u2019eau,<\/em><br \/><em>Tel est le nombre qui quitta le pays,<\/em><br \/><em>Les enfants de Nemed, pour aller \u00e0 la capture.<\/em><br \/><em>Torinis, \u00eele de la tour,<\/em><br \/><em>La forteresse de Conaing f. Faebar;<\/em><br \/><em>Par Fergus lui-m\u00eame, en valeureux combat,<\/em><br \/><em>Conaing f. Faebar tomba.<\/em><br \/><em>More f. Dela y vint,<\/em><br \/><em>C\u2019\u00e9tait pour aider Conaing:<\/em><br \/><em>Conaing tomba avant,<\/em><br \/><em>More apprit la grave nouvelle.<\/em><br \/><em>Soixante navires sur la mer fut le nombre<\/em><br \/><em>Avec lequel More f. Dela vint;<\/em><br \/><em>Ils rencontr\u00e8rent avant d\u2019atteindre la terre,<\/em><br \/><em>Les enfants de Nemed avec grande puissance.<\/em><br \/><em>Les hommes de toute l\u2019Irlande dans la bataille,<\/em><br \/><em>Apr\u00e8s l\u2019arriv\u00e9e des Fomoraig,<\/em><br \/><em>La mar\u00e9e les noya tous,<\/em><br \/><em>A l\u2019exception de trois foix dix hommes.<\/em><br \/><em>Erglan, Matach, Iartacht le noble,<\/em><br \/><em>Les trois fils de Beoan f. Starn,<\/em><br \/><em>Blanche sa ceinture, Bethach, Britan apr\u00e8s la bataille,<\/em><br \/><em>Baath le glorieux, et Ibath.<\/em><br \/><em>Bechach, Bethach, Bronal, Pal,<\/em><br \/><em>Goirthigorn, German, Glasa,<\/em><br \/><em>Ceran, Gobran, Gothiam le pur,<\/em><br \/><em>Gam, Dam, Ding et Deal.<\/em><br \/><em>Semeon, Fortecht, le brillant Gosten,<\/em><br \/><em>Grimaig, Guillius avec astuce,<\/em><br \/><em>Taman, Turrue, et Glas,<\/em><br \/><em>Feb, et Feran le fris\u00e9.<\/em><br \/><em>Trois dizaines en plaisant voyage<\/em><br \/><em>Partirent ensuite d\u2019Irlande:<\/em><br \/><em>En trois ils se divis\u00e8rent<\/em><br \/><em>Apr\u00e8s la capture de la tour de Conaing \u00e0 l\u2019ouest.<\/em><br \/><em>Le tiers de Bethach le victorieux,<\/em><br \/><em>Harmonieux renom, de Toirinis \u00e0 Boinn:<\/em><br \/><em>C\u2019est lui qui mourut \u00e0 Inis Fail,<\/em><br \/><em>Deux ann\u00e9es apr\u00e8s Britan.<\/em><br \/><em>Le tiers de Semeon fils d\u2019Erglan le noble<\/em><br \/><em>A Belach Conglais avec horreur;<\/em><br \/><em>Le tiers de Britan, Ua Flaind le dit,<\/em><br \/><em>De l\u00e0 \u00e0 la tour de Conaing.<\/em><br \/><em>Les enfants d\u2019Israel en voyage<\/em><br \/><em>A cette p\u00e9riode, hors d\u2019Egypte;<\/em><br \/><em>Et les enfants de Gaedel Glas,<\/em><br \/><em>Voyageaient vers la Scythie.<\/em><br \/><em>O doux Christ, avec belle apparence,<\/em><br \/><em>O Roi, pourvoyeur du havre du Paradis,<\/em><br \/><em>En tes cieux, c\u00e9l\u00e8bre lieu,<\/em><br \/><em>O Roi du monde, puisses-tu me choisir!<\/em><\/p>\n\t\t\t\t\t\t\t\t<\/div>\n\t\t\t\t<\/div>\n\t\t\t\t\t<\/div>\n\t\t<\/div>\n\t\t\t\t\t<\/div>\n\t\t<\/section>\n\t\t\t\t<\/div>\n\t\t","protected":false},"excerpt":{"rendered":"<p>Wiki de mitolog\u00eda irlandesa Aqu\u00ed est\u00e1 la parte llamada Nemed del Libro de las invasiones. Nemed \u00a739. Pero Irlanda fue abandonada por... <\/p>","protected":false},"author":1,"featured_media":0,"parent":439,"menu_order":0,"comment_status":"closed","ping_status":"closed","template":"","meta":{"footnotes":""},"class_list":["post-731","page","type-page","status-publish","hentry"],"amp_enabled":true,"_links":{"self":[{"href":"https:\/\/mythslegendes.com\/es\/wp-json\/wp\/v2\/pages\/731","targetHints":{"allow":["GET"]}}],"collection":[{"href":"https:\/\/mythslegendes.com\/es\/wp-json\/wp\/v2\/pages"}],"about":[{"href":"https:\/\/mythslegendes.com\/es\/wp-json\/wp\/v2\/types\/page"}],"author":[{"embeddable":true,"href":"https:\/\/mythslegendes.com\/es\/wp-json\/wp\/v2\/users\/1"}],"replies":[{"embeddable":true,"href":"https:\/\/mythslegendes.com\/es\/wp-json\/wp\/v2\/comments?post=731"}],"version-history":[{"count":1,"href":"https:\/\/mythslegendes.com\/es\/wp-json\/wp\/v2\/pages\/731\/revisions"}],"predecessor-version":[{"id":24582,"href":"https:\/\/mythslegendes.com\/es\/wp-json\/wp\/v2\/pages\/731\/revisions\/24582"}],"up":[{"embeddable":true,"href":"https:\/\/mythslegendes.com\/es\/wp-json\/wp\/v2\/pages\/439"}],"wp:attachment":[{"href":"https:\/\/mythslegendes.com\/es\/wp-json\/wp\/v2\/media?parent=731"}],"curies":[{"name":"wp","href":"https:\/\/api.w.org\/{rel}","templated":true}]}}