{"id":759,"date":"2020-06-15T15:08:00","date_gmt":"2020-06-15T14:08:00","guid":{"rendered":"https:\/\/mythslegendes.com\/?page_id=759"},"modified":"2022-12-03T22:06:57","modified_gmt":"2022-12-03T22:06:57","slug":"la-debilite-des-ulates","status":"publish","type":"page","link":"https:\/\/mythslegendes.com\/es\/mitologia-irlandesa\/la-debilita-des-ulados\/","title":{"rendered":"La debilidad de los Ulates"},"content":{"rendered":"\t\t<div data-elementor-type=\"wp-page\" data-elementor-id=\"759\" class=\"elementor elementor-759\">\n\t\t\t\t\t\t<section class=\"elementor-section elementor-top-section elementor-element elementor-element-693c2c4 elementor-section-boxed elementor-section-height-default elementor-section-height-default\" data-id=\"693c2c4\" data-element_type=\"section\" data-e-type=\"section\">\n\t\t\t\t\t\t<div class=\"elementor-container elementor-column-gap-default\">\n\t\t\t\t\t<div class=\"elementor-column elementor-col-50 elementor-top-column elementor-element elementor-element-622a7f2\" data-id=\"622a7f2\" data-element_type=\"column\" data-e-type=\"column\">\n\t\t\t<div class=\"elementor-widget-wrap elementor-element-populated\">\n\t\t\t\t\t\t<div class=\"elementor-element elementor-element-656a1e0 elementor-align-justify elementor-widget elementor-widget-button\" data-id=\"656a1e0\" data-element_type=\"widget\" data-e-type=\"widget\" data-widget_type=\"button.default\">\n\t\t\t\t<div class=\"elementor-widget-container\">\n\t\t\t\t\t\t\t\t\t<div class=\"elementor-button-wrapper\">\n\t\t\t\t\t<a class=\"elementor-button elementor-button-link elementor-size-sm\" href=\"https:\/\/mythslegendes.com\/mythologie-irlandaise\/\">\n\t\t\t\t\t\t<span class=\"elementor-button-content-wrapper\">\n\t\t\t\t\t\t\t\t\t<span class=\"elementor-button-text\">Mythologie irlandaise<\/span>\n\t\t\t\t\t<\/span>\n\t\t\t\t\t<\/a>\n\t\t\t\t<\/div>\n\t\t\t\t\t\t\t\t<\/div>\n\t\t\t\t<\/div>\n\t\t\t\t\t<\/div>\n\t\t<\/div>\n\t\t\t\t<div class=\"elementor-column elementor-col-50 elementor-top-column elementor-element elementor-element-12b23fd\" data-id=\"12b23fd\" data-element_type=\"column\" data-e-type=\"column\">\n\t\t\t<div class=\"elementor-widget-wrap elementor-element-populated\">\n\t\t\t\t\t\t<div class=\"elementor-element elementor-element-b25d474 elementor-align-justify elementor-widget elementor-widget-button\" data-id=\"b25d474\" data-element_type=\"widget\" data-e-type=\"widget\" data-widget_type=\"button.default\">\n\t\t\t\t<div class=\"elementor-widget-container\">\n\t\t\t\t\t\t\t\t\t<div class=\"elementor-button-wrapper\">\n\t\t\t\t\t<a class=\"elementor-button elementor-button-link elementor-size-sm\" href=\"https:\/\/fr.wikipedia.org\/wiki\/Mythologie_celtique_irlandaise\" target=\"_blank\" rel=\"noopener\">\n\t\t\t\t\t\t<span class=\"elementor-button-content-wrapper\">\n\t\t\t\t\t\t\t\t\t<span class=\"elementor-button-text\">Wiki<\/span>\n\t\t\t\t\t<\/span>\n\t\t\t\t\t<\/a>\n\t\t\t\t<\/div>\n\t\t\t\t\t\t\t\t<\/div>\n\t\t\t\t<\/div>\n\t\t\t\t\t<\/div>\n\t\t<\/div>\n\t\t\t\t\t<\/div>\n\t\t<\/section>\n\t\t\t\t<section class=\"elementor-section elementor-top-section elementor-element elementor-element-1015ea74 elementor-section-boxed elementor-section-height-default elementor-section-height-default\" data-id=\"1015ea74\" data-element_type=\"section\" data-e-type=\"section\">\n\t\t\t\t\t\t<div class=\"elementor-container elementor-column-gap-default\">\n\t\t\t\t\t<div class=\"elementor-column elementor-col-100 elementor-top-column elementor-element elementor-element-7235d69f\" data-id=\"7235d69f\" data-element_type=\"column\" data-e-type=\"column\">\n\t\t\t<div class=\"elementor-widget-wrap elementor-element-populated\">\n\t\t\t\t\t\t<div class=\"elementor-element elementor-element-5ec97115 elementor-widget elementor-widget-text-editor\" data-id=\"5ec97115\" data-element_type=\"widget\" data-e-type=\"widget\" data-widget_type=\"text-editor.default\">\n\t\t\t\t<div class=\"elementor-widget-container\">\n\t\t\t\t\t\t\t\t\t\n<p>Voici diff\u00e9rentes version de l&rsquo;histoire de la D\u00e9bilit\u00e9 des Ulates, de la <a href=\"https:\/\/mythslegendes.com\/es\/mitologia-irlandesa\/\">branche rouge<\/a> de la <a href=\"https:\/\/mythslegendes.com\/es\/\">mythologie<\/a> irlandaise.<\/p>\n<p><img decoding=\"async\" class=\"alignnone wp-image-5284 size-full\" src=\"https:\/\/mythslegendes.com\/wp-content\/uploads\/2020\/09\/AlphaOmega-e1602613368367.png\" alt=\"la D\u00e9bilit\u00e9 des Ulates\" width=\"25\" height=\"26\" title=\"\"><\/p>\n<div id=\"ez-toc-container\" class=\"ez-toc-v2_0_82_2 counter-hierarchy ez-toc-counter ez-toc-grey ez-toc-container-direction\">\n<div class=\"ez-toc-title-container\">\n<p class=\"ez-toc-title\" style=\"cursor:inherit\">Contenus<\/p>\n<span class=\"ez-toc-title-toggle\"><a href=\"#\" class=\"ez-toc-pull-right ez-toc-btn ez-toc-btn-xs ez-toc-btn-default ez-toc-toggle\" aria-label=\"Alternar tabla de contenidos\"><span class=\"ez-toc-js-icon-con\"><span class=\"\"><span class=\"eztoc-hide\" style=\"display:none;\">Toggle<\/span><span class=\"ez-toc-icon-toggle-span\"><svg style=\"fill: #999;color:#999\" xmlns=\"http:\/\/www.w3.org\/2000\/svg\" class=\"list-377408\" width=\"20px\" height=\"20px\" viewBox=\"0 0 24 24\" fill=\"none\"><path d=\"M6 6H4v2h2V6zm14 0H8v2h12V6zM4 11h2v2H4v-2zm16 0H8v2h12v-2zM4 16h2v2H4v-2zm16 0H8v2h12v-2z\" fill=\"currentColor\"><\/path><\/svg><svg style=\"fill: #999;color:#999\" class=\"arrow-unsorted-368013\" xmlns=\"http:\/\/www.w3.org\/2000\/svg\" width=\"10px\" height=\"10px\" viewBox=\"0 0 24 24\" version=\"1.2\" baseProfile=\"tiny\"><path d=\"M18.2 9.3l-6.2-6.3-6.2 6.3c-.2.2-.3.4-.3.7s.1.5.3.7c.2.2.4.3.7.3h11c.3 0 .5-.1.7-.3.2-.2.3-.5.3-.7s-.1-.5-.3-.7zM5.8 14.7l6.2 6.3 6.2-6.3c.2-.2.3-.5.3-.7s-.1-.5-.3-.7c-.2-.2-.4-.3-.7-.3h-11c-.3 0-.5.1-.7.3-.2.2-.3.5-.3.7s.1.5.3.7z\"\/><\/svg><\/span><\/span><\/span><\/a><\/span><\/div>\n<nav><ul class='ez-toc-list ez-toc-list-level-1 ' ><li class='ez-toc-page-1 ez-toc-heading-level-2'><a class=\"ez-toc-link ez-toc-heading-1\" href=\"https:\/\/mythslegendes.com\/es\/mitologia-irlandesa\/la-debilita-des-ulados\/#Debilite-des-Ulates\" >D\u00e9bilit\u00e9 des Ulates<\/a><\/li><li class='ez-toc-page-1 ez-toc-heading-level-2'><a class=\"ez-toc-link ez-toc-heading-2\" href=\"https:\/\/mythslegendes.com\/es\/mitologia-irlandesa\/la-debilita-des-ulados\/#Version-I\" >Version I<\/a><\/li><li class='ez-toc-page-1 ez-toc-heading-level-2'><a class=\"ez-toc-link ez-toc-heading-3\" href=\"https:\/\/mythslegendes.com\/es\/mitologia-irlandesa\/la-debilita-des-ulados\/#Version-II\" >Version II<\/a><\/li><\/ul><\/nav><\/div>\n<h2 class=\"wp-block-heading\"><span class=\"ez-toc-section\" id=\"Debilite-des-Ulates\"><\/span>D\u00e9bilit\u00e9 des Ulates<span class=\"ez-toc-section-end\"><\/span><\/h2>\n<h2><span class=\"ez-toc-section\" id=\"Version-I\"><\/span>Version I<span class=\"ez-toc-section-end\"><\/span><\/h2>\n\n<p>Crunniuc, fils de Agnoman \u00e9tait un fermier prosp\u00e8re. Il vivait dans la solitude et dans les montagnes, et il avait de nombreux fils avec lui. Puis sa femme mourut. Un jour qu&rsquo;il \u00e9tait seul dans sa maison, il vit une femme [venir] \u00e0 lui dans sa maison. L&rsquo;apparence de la femme lui semblait magnifique. La femme commen\u00e7a peu de temps apr\u00e8s, d\u00e9s qu&rsquo;elle se fut assise, \u00e0 pr\u00e9parer [\u00e0 manger], comme si [d\u00e9j\u00e0] elle avait \u00e9t\u00e9 dans la maison. Quand la nuit vint, elle donna des instructions sans interroger les gens. La nuit, elle dormit avec Crunniuc . Pendant longtemps, elle fut avec lui, et gr\u00e2ce \u00e0 elle, il ne leur manquait aucune chose, que ce soit de la nourriture, des v\u00eatements et [ce qui concerne] de bons produits. Peu de temps apr\u00e8s, les Ulates tinrent une assembl\u00e9e solennelle. Les Ulates avait l&rsquo;habitude de se rendre \u00e0 l&rsquo;assembl\u00e9e tant homme qu&rsquo;\u00e9pouse, fils et fille. Crunniuc aussi se rendit avec les autres \u00e0 la r\u00e9union, il portait de bons v\u00eatements et avait belle apprence. \u00ab\u00a0Mais il convient pour toi\u00a0\u00bb, lui dit sa femme:\u00a0\u00bb que tu ne sois pas arrogant au point de parler imprudemment.\u00a0\u00bb \u00ab\u00a0Cela n&rsquo;arrivera pas,\u00a0\u00bb dit-il. La r\u00e9union se termina. A la fin de la journ\u00e9e, le char du roi arriva au but le premier. Les chevaux du char emport\u00e8rent la victoire. Les gens disaient \u00ab\u00a0Il n&rsquo;y a rien de plus rapide que ces chevaux!\u00a0\u00bb Crunniuc dit \u00ab\u00a0Ma femme est plus rapide\u00a0\u00bb, dit-il. Il fut arr\u00eat\u00e9 imm\u00e9diatement par le roi. Ce fut rapport\u00e9 \u00e0 sa femme. \u00ab\u00a0C&rsquo;est vraiment un souci pour moi,\u00a0\u00bb dit-elle, \u00ab\u00a0d&rsquo;avoir \u00e0 aller le lib\u00e9rer alors que je suis enceinte!\u00a0\u00bb \u00ab\u00a0Quel souci,\u00a0\u00bb dit le messager, \u00ab\u00a0il sera tu\u00e9 si vous ne venez pas!\u00a0\u00bb Elle se rendit \u00e0 l&rsquo;assembl\u00e9e, et les douleurs de l&rsquo;enfantement la prirent. \u00ab\u00a0Aidez-moi\u00a0\u00bb, dit-elle aux gens, \u00ab\u00a0car chacun de vous est n\u00e9 d&rsquo;une m\u00e8re! Attendez que je sois d\u00e9livr\u00e9e! \u00ab\u00a0Elle ne parvint pas \u00e0 obtenir [cela] d&rsquo;eux. \u00ab\u00a0Tr\u00e8s bien\u00a0\u00bb, dit-elle, \u00ab\u00a0la plus grande calamit\u00e9 en viendra, et longtemps elle atteindra la totalit\u00e9 des Ulates.\u00a0\u00bb \u00ab\u00a0Quel est ton nom?\u00a0\u00bb dit le roi. \u00ab\u00a0Mon nom\u00a0\u00bb, dit-elle, \u00ab\u00a0et le nom de ma descendance resteront pour toujours sur le lieu de cette assembl\u00e9e. Macha, fille de Sainreth mac Imbaith est mon nom\u00a0\u00bb, dit-elle. Elle courut alors avec le char, et quand le char arriva au but, elle y avait d\u00e9j\u00e0 accouch\u00e9e, elle donna naissance \u00e0 des jumeaux, un gar\u00e7on et une fille. C&rsquo;est d&rsquo;eux qu&rsquo;est appel\u00e9e <em>Emain Macha<\/em> (i.e. les Jumeaux de Macha). A leur naissance elle poussa un tel cri que toute personne qui avait entendu resta dans un \u00e9tat de faiblesse cinq jours et quatre nuits. Tous les hommes d&rsquo;Ulster, qui s&rsquo;\u00e9taient trouv\u00e9s l\u00e0, tomb\u00e8rent dans cet \u00e9tat (?), jusqu&rsquo;\u00e0 la neuvi\u00e8me g\u00e9n\u00e9ration de celui qui \u00e9tait l\u00e0. Cinq jours et quatre nuits ou cinq nuits et quatre jours, ce fut la <em>Noinden Ulad<\/em>. La force d&rsquo;une femme en couches, ce fut la force de chaque Ulate jusqu&rsquo;\u00e0 la neuvi\u00e8me g\u00e9n\u00e9ration de la <em>Noinden<\/em>. Il y avaient trois sortes de gens que la <em>Noinden<\/em> de l&rsquo;Ulster n&rsquo;atteignait pas, \u00e0 savoir les enfants et les femmes d&rsquo;Ulster et Cuchulainn. La p\u00e9riode durant laquelle elle pesa sur l&rsquo;Ulster commen\u00e7a au temps de Crunniuc, fils de Agnoman, fils de Curir Ulad, fils de Fiatach, fils de Urmi, jusqu&rsquo;au temps de Forc (?), fils de Dall\u00e1n, fils de Mainech, fils de Lugid, etc. Curir Ulad est celui dont les Ulates prennent leur nom.<\/p>\n\n<h2 class=\"wp-block-heading\"><span class=\"ez-toc-section\" id=\"Version-II\"><\/span>Version II<span class=\"ez-toc-section-end\"><\/span><\/h2>\n\n<p>Pourquoi la faiblesse a-t-elle pes\u00e9 sur les Ulates? Ce n&rsquo;est pas difficile.<\/p>\n\n<p>Un riche fermier d&rsquo;Ulster vivait sur les hauteurs des montagnes et dans la solitude, Crundchu Mac Agnomain \u00e9tait son nom. Dans sa solitude, il engrangea de grandes richesses. Il avait de nombreux fils avec lui, et autour de lui. [Alors] la femme qui avait v\u00e9cu avec lui, la m\u00e8re de ses enfants, mourut. Longtemps il resta sans femme. Alors qu&rsquo;un jour il \u00e9tait l\u00e0, seul, sur son lit dans sa maison, il vit une jeune et jolie femme venir \u00e0 lui dans la grande maison; sa silhouette, son v\u00eatement et son allure \u00e9taient admirables. Macha \u00e9tait le nom de cette femme, <em>ut periti dicunt<\/em>. La femme s&rsquo;assit sur un si\u00e8ge pr\u00e8s du foyer, et alluma le feu. Ils furent ainsi jusqu&rsquo;\u00e0 la fin de la journ\u00e9e sans parler l&rsquo;un \u00e0 l&rsquo;autre. Elle saisit un p\u00e9trin et un crible et commen\u00e7a \u00e0 pr\u00e9parer [la nourriture] pour la maison. Quand la journ\u00e9e fut finie, elle prit des seaux pour traire les vaches, sans rien demander. Quand ils (les gens) furent [de retour] dans la maison, elle fit un tour autour d&rsquo;eux par la droite et alla dans sa cuisine et parla aux gens et s&rsquo;assit sur un si\u00e8ge \u00e0 c\u00f4t\u00e9 de Crundchu. Tout le monde alla \u00e0 son lit, elle resta apr\u00e8s tous les autres, et \u00e9teignit le feu puis tourna par la droite autour de lui et alla sous la couverture avec lui (Crundchu) et mit la main sur son c\u00f4t\u00e9. Ils rest\u00e8rent ensemble jusqu&rsquo;\u00e0 ce qu&rsquo;elle soit enceinte de lui. En se liant avec elle, sa richesse [n&rsquo;en] devint qu&rsquo;encore plus grande. Son apparition et l&rsquo;\u00e9panouissement *** \u00e9tait agr\u00e9able. Cependant, les Ulates avaient souvent de grandes r\u00e9unions et des rassemblements. Ils demand\u00e8rent [alors] \u00e0 tous d&rsquo;aller \u00e0 l&rsquo;assembl\u00e9e, homme et femme, de tous ceux qui le pouvaient. \u00ab\u00a0Je veux\u00a0\u00bb, dit Crundchu \u00e0 sa femme, \u00ab\u00a0aller \u00e0 la r\u00e9union comme les autres.\u00a0\u00bb \u00ab\u00a0Tu ne devrais pas aller\u00a0\u00bb, dit la femme, \u00ab\u00a0de sorte que tu ne serais pas dans le danger de parler de nous, car notre union ne tient que [tant] que tu ne parles pas de moi \u00e0 l&rsquo;assembl\u00e9e.\u00a0\u00bb \u00ab\u00a0Je n&rsquo;en parlerai donc pas\u00a0\u00bb, dit Crundchu. Les Ulates all\u00e8rent \u00e0 l&rsquo;assembl\u00e9e, de m\u00eame Crundchu y alla comme les autres. La r\u00e9union fut impressionnante, tant par [les] gens, [que] par les chevaux et que [en ce qui concerne] les costumes. Il y avait pendant l&rsquo;assembl\u00e9e des courses de chevaux et des combats et des jeux de lancer et des courses entre hommes et des parades (qui \u00e9taient) organis\u00e9s. La neuvi\u00e8me heure le char du roi arriva sur le champ de course. Les chevaux du roi arrach\u00e8rent la victoire lors de la rencontre. Alors vint le chanteur de louanges pour louer le roi et la reine, et les po\u00e8tes et les druides et les guerriers (?) et le peuple et toute l&rsquo;assembl\u00e9e. \u00ab\u00a0Jamais ne sont venus \u00e0 l&rsquo;Assembl\u00e9e, deux chevaux, comme les deux chevaux du roi, car il n&rsquo;y a pas plus rapide que ces deux-l\u00e0 en <a href=\"https:\/\/mythslegendes.com\/es\/mitologia-irlandesa\/\">Irlande<\/a>.\u00a0\u00bb \u00ab\u00a0Ma femme est plus rapide que ces deux chevaux\u00a0\u00bb, dit Crundchu. \u00ab\u00a0Retenez cet homme.\u00a0\u00bb dit le roi, \u00ab\u00a0jusqu&rsquo;\u00e0 ce que sa femme vienne concourir!\u00a0\u00bb Il (Crundchu) fut arr\u00eat\u00e9 et des envoy\u00e9s du roi se rendirent aupr\u00e8s de la femme. Elle souhaita la bienvenue aux messagers, et demanda ce qui les avaient conduit \u00e0 elle. \u00ab\u00a0Nous sommes venus, pour que tu ailles lib\u00e9rer ton mari, qui est arr\u00eat\u00e9 par le roi, car il a dit que tu es plus rapide que les deux chevaux du roi.\u00a0\u00bb \u00abC'[est] vraiment malheureux\u00a0\u00bb, dit-elle, \u00ab\u00a0parce qu&rsquo;il n&rsquo;\u00e9tait pas convenable de dire cela. C&rsquo;est un malheur pour moi\u00a0\u00bb, dit-elle, \u00ab\u00a0parce que je suis dans les douleurs de l&rsquo;enfantement.\u00a0\u00bb \u00ab\u00a0Quelle malchance\u00a0\u00bb, dirent les messagers, \u00ab\u00a0il sera tu\u00e9 si tu ne viens pas.\u00a0\u00bb \u00ab\u00a0Cela n&rsquo;arrivera pas\u00a0\u00bb, dit-elle. Elle se rendit avec eux \u00e0 l&rsquo;assembl\u00e9e. Alors, tout le monde vint la voir. \u00ab\u00a0Il n&rsquo;est pas digne d&rsquo;examiner ma figure\u00a0\u00bb, dit-elle. \u00ab\u00a0Pourquoi, ai-je \u00e9t\u00e9 amen\u00e9e?\u00a0\u00bb dit-elle. \u00ab\u00a0Pour faire la course contre les deux chevaux du roi\u00a0\u00bb, dirent-ils tous. \u00ab\u00a0C&rsquo;est une catastrophe\u00a0\u00bb, dit-elle,\u00ab car j&rsquo;ai des contractions.\u00a0\u00bb \u00ab\u00a0Tirez l&rsquo;\u00e9p\u00e9e contre cet homme,\u00a0\u00bb dit le roi. \u00abAttendez un peu avec moi\u00a0\u00bb, dit-elle, \u00ab\u00a0jusqu&rsquo;\u00e0 ce que j&rsquo;ai accouch\u00e9.\u00a0\u00bb \u00ab\u00a0Non,\u00a0\u00bb dit le roi. \u00ab\u00a0Vraiment c&rsquo;est une honte pour vous de ne pas avoir un peu de consid\u00e9ration pour moi. Puisque vous n&rsquo;en avez pas, je vais amener la plus grande honte sur vous. Approchez seulement les chevaux pr\u00e8s de moi!\u00a0\u00bb dit-elle. Ceci fut fait, et elle arriva au bout de la piste devant eux. Puis elle poussa un cri de d\u00e9tresse et de douleur. Bient\u00f4t, Dieu y mit fin pour elle, et elle donna naissance \u00e0 un fils et une fille, Fir et Fial, en une seule fois. Lorsque tous entendirent le cri de la femme, il se fit qu&rsquo;ils n&rsquo;eurent tous [que] la m\u00eame force que la femme, qui \u00e9tait dans la faiblesse. \u00ab\u00a0Vous b\u00e9n\u00e9ficierez d\u00e8s cette heure-ci de l&rsquo;honneur de la profanation, dont vous m&rsquo;avez couverte, par honte. Lorsque le besoin sera le plus grand pour vous, tout ceux qui vivent dans cette province, n&rsquo;auront que la force d&rsquo;une femme, dans le temps o\u00f9 elle est en couches, pour la m\u00eame dur\u00e9e, \u00e0 savoir cinq jours et quatre nuits, et ceci p\u00e8sera sur vous jusqu&rsquo;au neuvi\u00e8me homme, c&rsquo;est-\u00e0-dire, le temps de neuf (g\u00e9n\u00e9ration d&rsquo;)hommes.\u00a0\u00bb<\/p>\n\n<p>Cela arriva v\u00e9ritablement. Cela dura depuis l&rsquo;\u00e9poque de Crunchu jusqu&rsquo;au temps de Fergus mac Domnaill. Mais cette faiblesse n&rsquo;\u00e9tait pas sur les femmes, ni les enfants, ni Cuchulainn, parce qu&rsquo;il ne venait pas de l&rsquo;Ulster, ni sur ceux qui [alors] \u00e9taient hors du pays.<\/p>\n\n<p>Ainsi, c&rsquo;est de cela que vint la faiblesse sur les Ulates etc<\/p>\n\t\t\t\t\t\t\t\t<\/div>\n\t\t\t\t<\/div>\n\t\t\t\t\t<\/div>\n\t\t<\/div>\n\t\t\t\t\t<\/div>\n\t\t<\/section>\n\t\t\t\t<\/div>\n\t\t","protected":false},"excerpt":{"rendered":"<p>Wiki Mitolog\u00eda Irlandesa Aqu\u00ed hay diferentes versiones de la historia de la Debilidad de los Ulates, de la rama roja de la mitolog\u00eda... <\/p>","protected":false},"author":1,"featured_media":0,"parent":439,"menu_order":0,"comment_status":"closed","ping_status":"closed","template":"","meta":{"footnotes":""},"class_list":["post-759","page","type-page","status-publish","hentry"],"amp_enabled":true,"_links":{"self":[{"href":"https:\/\/mythslegendes.com\/es\/wp-json\/wp\/v2\/pages\/759","targetHints":{"allow":["GET"]}}],"collection":[{"href":"https:\/\/mythslegendes.com\/es\/wp-json\/wp\/v2\/pages"}],"about":[{"href":"https:\/\/mythslegendes.com\/es\/wp-json\/wp\/v2\/types\/page"}],"author":[{"embeddable":true,"href":"https:\/\/mythslegendes.com\/es\/wp-json\/wp\/v2\/users\/1"}],"replies":[{"embeddable":true,"href":"https:\/\/mythslegendes.com\/es\/wp-json\/wp\/v2\/comments?post=759"}],"version-history":[{"count":1,"href":"https:\/\/mythslegendes.com\/es\/wp-json\/wp\/v2\/pages\/759\/revisions"}],"predecessor-version":[{"id":24587,"href":"https:\/\/mythslegendes.com\/es\/wp-json\/wp\/v2\/pages\/759\/revisions\/24587"}],"up":[{"embeddable":true,"href":"https:\/\/mythslegendes.com\/es\/wp-json\/wp\/v2\/pages\/439"}],"wp:attachment":[{"href":"https:\/\/mythslegendes.com\/es\/wp-json\/wp\/v2\/media?parent=759"}],"curies":[{"name":"wp","href":"https:\/\/api.w.org\/{rel}","templated":true}]}}