{"id":779,"date":"2020-06-15T15:29:50","date_gmt":"2020-06-15T14:29:50","guid":{"rendered":"https:\/\/mythslegendes.com\/?page_id=779"},"modified":"2022-12-03T22:06:57","modified_gmt":"2022-12-03T22:06:57","slug":"la-fete-de-la-maison-peu-riche","status":"publish","type":"page","link":"https:\/\/mythslegendes.com\/es\/mitologia-irlandesa\/la-fiesta-en-la-casita-de-los-ricos\/","title":{"rendered":"La fiesta de la casa de los peque\u00f1os ricos"},"content":{"rendered":"<div data-elementor-type=\"wp-page\" data-elementor-id=\"779\" class=\"elementor elementor-779\">\n\t\t\t\t\t\t<section class=\"elementor-section elementor-top-section elementor-element elementor-element-8bb04c9 elementor-section-boxed elementor-section-height-default elementor-section-height-default\" data-id=\"8bb04c9\" data-element_type=\"section\" data-e-type=\"section\">\n\t\t\t\t\t\t<div class=\"elementor-container elementor-column-gap-default\">\n\t\t\t\t\t<div class=\"elementor-column elementor-col-50 elementor-top-column elementor-element elementor-element-c4d2e56\" data-id=\"c4d2e56\" data-element_type=\"column\" data-e-type=\"column\">\n\t\t\t<div class=\"elementor-widget-wrap elementor-element-populated\">\n\t\t\t\t\t\t<div class=\"elementor-element elementor-element-c677dc1 elementor-align-justify elementor-widget elementor-widget-button\" data-id=\"c677dc1\" data-element_type=\"widget\" data-e-type=\"widget\" data-widget_type=\"button.default\">\n\t\t\t\t<div class=\"elementor-widget-container\">\n\t\t\t\t\t\t\t\t\t<div class=\"elementor-button-wrapper\">\n\t\t\t\t\t<a class=\"elementor-button elementor-button-link elementor-size-sm\" href=\"https:\/\/mythslegendes.com\/es\/mitologia-irlandesa\/\">\n\t\t\t\t\t\t<span class=\"elementor-button-content-wrapper\">\n\t\t\t\t\t\t\t\t\t<span class=\"elementor-button-text\">Mitolog\u00eda irlandesa<\/span>\n\t\t\t\t\t<\/span>\n\t\t\t\t\t<\/a>\n\t\t\t\t<\/div>\n\t\t\t\t\t\t\t\t<\/div>\n\t\t\t\t<\/div>\n\t\t\t\t\t<\/div>\n\t\t<\/div>\n\t\t\t\t<div class=\"elementor-column elementor-col-50 elementor-top-column elementor-element elementor-element-1f1234a\" data-id=\"1f1234a\" data-element_type=\"column\" data-e-type=\"column\">\n\t\t\t<div class=\"elementor-widget-wrap elementor-element-populated\">\n\t\t\t\t\t\t<div class=\"elementor-element elementor-element-b09dcd0 elementor-align-justify elementor-widget elementor-widget-button\" data-id=\"b09dcd0\" data-element_type=\"widget\" data-e-type=\"widget\" data-widget_type=\"button.default\">\n\t\t\t\t<div class=\"elementor-widget-container\">\n\t\t\t\t\t\t\t\t\t<div class=\"elementor-button-wrapper\">\n\t\t\t\t\t<a class=\"elementor-button elementor-button-link elementor-size-sm\" href=\"https:\/\/fr.wikipedia.org\/wiki\/Mythologie_celtique_irlandaise\" target=\"_blank\" rel=\"noopener\">\n\t\t\t\t\t\t<span class=\"elementor-button-content-wrapper\">\n\t\t\t\t\t\t\t\t\t<span class=\"elementor-button-text\">Wiki<\/span>\n\t\t\t\t\t<\/span>\n\t\t\t\t\t<\/a>\n\t\t\t\t<\/div>\n\t\t\t\t\t\t\t\t<\/div>\n\t\t\t\t<\/div>\n\t\t\t\t\t<\/div>\n\t\t<\/div>\n\t\t\t\t\t<\/div>\n\t\t<\/section>\n\t\t\t\t<section class=\"elementor-section elementor-top-section elementor-element elementor-element-6663f1ba elementor-section-boxed elementor-section-height-default elementor-section-height-default\" data-id=\"6663f1ba\" data-element_type=\"section\" data-e-type=\"section\">\n\t\t\t\t\t\t<div class=\"elementor-container elementor-column-gap-default\">\n\t\t\t\t\t<div class=\"elementor-column elementor-col-100 elementor-top-column elementor-element elementor-element-2946ef59\" data-id=\"2946ef59\" data-element_type=\"column\" data-e-type=\"column\">\n\t\t\t<div class=\"elementor-widget-wrap elementor-element-populated\">\n\t\t\t\t\t\t<div class=\"elementor-element elementor-element-4343b9dc elementor-widget elementor-widget-text-editor\" data-id=\"4343b9dc\" data-element_type=\"widget\" data-e-type=\"widget\" data-widget_type=\"text-editor.default\">\n\t\t\t\t<div class=\"elementor-widget-container\">\n\t\t\t\t\t\t\t\t\t\n<p>A continuaci\u00f3n se muestra la historia de La Concepci\u00f3n de Cuchulainn de la <a href=\"https:\/\/mythslegendes.com\/es\/mitologia-irlandesa\/\">rama roja<\/a> de la <a href=\"https:\/\/mythslegendes.com\/es\/\">mitolog\u00eda<\/a> Irland\u00e9s, tambi\u00e9n llamado: La Fiesta de la Casa Unrich.<\/p>\n<p><img decoding=\"async\" class=\"alignnone wp-image-5284 size-full\" src=\"https:\/\/mythslegendes.com\/wp-content\/uploads\/2020\/09\/AlphaOmega-e1602613368367.png\" alt=\"La fiesta de la casa de los peque\u00f1os ricos\" width=\"25\" height=\"26\" title=\"\"><\/p>\n<div id=\"ez-toc-container\" class=\"ez-toc-v2_0_82_2 counter-hierarchy ez-toc-counter ez-toc-grey ez-toc-container-direction\">\n<div class=\"ez-toc-title-container\">\n<p class=\"ez-toc-title\" style=\"cursor:inherit\">Contenido<\/p>\n<span class=\"ez-toc-title-toggle\"><a href=\"#\" class=\"ez-toc-pull-right ez-toc-btn ez-toc-btn-xs ez-toc-btn-default ez-toc-toggle\" aria-label=\"Alternar tabla de contenidos\"><span class=\"ez-toc-js-icon-con\"><span class=\"\"><span class=\"eztoc-hide\" style=\"display:none;\">Palanca<\/span><span class=\"ez-toc-icon-toggle-span\"><svg style=\"fill: #999;color:#999\" xmlns=\"http:\/\/www.w3.org\/2000\/svg\" class=\"list-377408\" width=\"20px\" height=\"20px\" viewbox=\"0 0 24 24\" fill=\"none\"><path d=\"M6 6H4v2h2V6zm14 0H8v2h12V6zM4 11h2v2H4v-2zm16 0H8v2h12v-2zM4 16h2v2H4v-2zm16 0H8v2h12v-2z\" fill=\"currentColor\"><\/path><\/svg><svg style=\"fill: #999;color:#999\" class=\"arrow-unsorted-368013\" xmlns=\"http:\/\/www.w3.org\/2000\/svg\" width=\"10px\" height=\"10px\" viewbox=\"0 0 24 24\" version=\"1.2\" baseprofile=\"tiny\"><path d=\"M18.2 9.3l-6.2-6.3-6.2 6.3c-.2.2-.3.4-.3.7s.1.5.3.7c.2.2.4.3.7.3h11c.3 0 .5-.1.7-.3.2-.2.3-.5.3-.7s-.1-.5-.3-.7zM5.8 14.7l6.2 6.3 6.2-6.3c.2-.2.3-.5.3-.7s-.1-.5-.3-.7c-.2-.2-.4-.3-.7-.3h-11c-.3 0-.5.1-.7.3-.2.2-.3.5-.3.7s.1.5.3.7z\"\/><\/svg><\/span><\/span><\/span><\/a><\/span><\/div>\n<nav><ul class='ez-toc-list ez-toc-list-level-1' ><li class='ez-toc-page-1 ez-toc-heading-level-2'><a class=\"ez-toc-link ez-toc-heading-1\" href=\"https:\/\/mythslegendes.com\/es\/mitologia-irlandesa\/la-fiesta-en-la-casita-de-los-ricos\/#La-Fete-de-la-Maison-peu-riche\" >La fiesta de la casa de los peque\u00f1os ricos<\/a><\/li><\/ul><\/nav><\/div>\n<h2><span class=\"ez-toc-section\" id=\"La-Fete-de-la-Maison-peu-riche\"><\/span>La fiesta de la casa de los peque\u00f1os ricos<span class=\"ez-toc-section-end\"><\/span><\/h2>\n\n<p>Dechtir\u00e9, hermana de Conchobar, huy\u00f3 un d\u00eda con cincuenta muchachas j\u00f3venes, sin pedir permiso a los Ulates ni a Conchobar; no encontramos ning\u00fan rastro, ninguna pista, y as\u00ed estuvimos durante tres a\u00f1os sin saber nada de ellos. Luego llegaron en forma de p\u00e1jaros a la llanura de Emain; y all\u00ed devoraron todo, sin dejar ni una brizna de hierba en el suelo. Grande fue el dolor de los Ulates al ver esto. Enjaezaron nueve carros para perseguir a los p\u00e1jaros; porque la caza de p\u00e1jaros era costumbre entre ellos. Estaban Conchobar y Fergus, Amorgin y Blai Briuguig, Sencha y Bricriu.<\/p>\n\n<p>Los p\u00e1jaros volaron m\u00e1s all\u00e1 de ellos hacia el sur, pasando Sliab Fuait, a trav\u00e9s de Ath Lethan, a trav\u00e9s de Ath Garach y Mag Gossa, entre Fir Roiss y Fir Ardai. Entonces cay\u00f3 la noche sobre los guerreros del Ulster; la tropa de p\u00e1jaros desapareci\u00f3: los ulatos desengancharon sus carros. Fergus fue en busca de refugio y lleg\u00f3 a una peque\u00f1a casa. En esta casa encontr\u00f3 a un hombre y una mujer, quienes le desearon la bienvenida\u2026 \u201cEntrar\u00e1s en la casa con tus compa\u00f1eros, y ser\u00e1n bienvenidos. Fergus luego sali\u00f3 y se uni\u00f3 a ellos; luego los hizo volver consigo a todos, los hombres con sus carros, y entraron en la casa.<\/p>\n\n<p>Entonces sali\u00f3 Bricriu y escuch\u00f3 algo, un d\u00e9bil gemido. Oy\u00f3 ese ruido y no supo qu\u00e9 era. Lleg\u00f3 entonces, guiado por el ruido, hacia la casa, y la vio frente a \u00e9l, alta, hermosa, magn\u00edfica. Camina hacia una puerta que nota en la casa y mira dentro. Ve al due\u00f1o de la casa. \u00c9ste, joven guerrero, apuesto, con aire noble, le habla. &quot;Entra en la casa, Bricriu&quot;, le dijo; \u201c\u00bfPor qu\u00e9 est\u00e1s mirando de esta manera? \u2014 &quot;Para m\u00ed, ciertamente&quot;, dijo la mujer, &quot;usted es bienvenido aqu\u00ed&quot;. \u2014 &quot;\u00bfPor qu\u00e9 me saluda tu mujer?&quot; dijo Bricri\u00fa. &quot;Es por ella que yo tambi\u00e9n te doy la bienvenida&quot;, dijo el hombre. &quot;\u00bfEchas de menos a alguien en Emain?&quot; \u2014 &quot;Claro que s\u00ed&quot;, dijo Bricriu. \u201cNos faltan cincuenta ni\u00f1as, y desde hace m\u00e1s de tres a\u00f1os. \u2014 &quot;\u00bfLos reconocer\u00edas si los vieras?&quot; dijo el hombre. \u201cSi no los reconoc\u00ed\u201d, dijo Bricriu, \u201ces porque tres a\u00f1os m\u00e1s o menos nos impiden reconocerlos, o nos hacen dudar\u201d. &quot;Trata de reconocerlos&quot;, respondi\u00f3 el hombre; \u201cLas cincuenta j\u00f3venes est\u00e1n en esta casa; esta mujer que est\u00e1 aqu\u00ed en mi poder es su amante: su nombre es Dechtir\u00e9. Son ellos quienes, convertidos en p\u00e1jaros; Fui a Emain Macha, a alistar a los Ulates para que vinieran aqu\u00ed. La mujer le dio a Bricriu un manto morado con flecos dorados; y sali\u00f3 para reunirse con sus compa\u00f1eros. Bricriu, durante el viaje, piensa as\u00ed en su mente: \u201cConchobar dar\u00eda considerables tesoros para encontrar a las cincuenta j\u00f3venes perdidas. Le voy a ocultar que los encontr\u00e9 con su hermana. Solo dir\u00e9 que vi una casa con hermosas mujeres, y nada m\u00e1s. Conchobar le pregunt\u00f3 a Bricriu sobre su exploraci\u00f3n. \u201c\u00bfQu\u00e9 noticias traes, oh Bricriu? \u2014 &quot;He llegado a una casa brillante, hermosa (?)&quot;, respondi\u00f3. \u201cVi una reina, noble, graciosa, de porte verdaderamente real, con hermosos mechones de cabello; luego una tropa de mujeres, hermosas, bien vestidas; y el generoso y brillante due\u00f1o de la casa. \u2014 &quot;Es mi vasallo&quot;, dijo Conchobar; \u201cEste hombre depende de m\u00ed, vive en mi territorio. Que su esposa venga esta noche a dormir conmigo. Pero no se encontr\u00f3 a nadie para emprender esta negociaci\u00f3n, excepto Fergus. Este \u00faltimo explic\u00f3 la petici\u00f3n que se le hab\u00eda encomendado hacer. Fue bienvenido, y la mujer fue a buscarlo: se quej\u00f3 de ser infantil. Fergus regres\u00f3 para decirle a Conchobar que estaba pidiendo un retraso. Entonces cada uno de los Ulates se acost\u00f3 con su mujer, y todos se durmieron. Cuando despertaron, vieron algo: un ni\u00f1o peque\u00f1o que ten\u00eda las facciones (\u00bf?) de Conchobar. &quot;Ll\u00e9vate a este ni\u00f1o contigo, Finnchoem&quot;, dijo Conchobar.<\/p>\n\n<p>Finnchoem vio al ni\u00f1o con Conchobar. &quot;Mi coraz\u00f3n ya ama a este ni\u00f1o peque\u00f1o&quot;, dijo; \u201c\u00c9l ser\u00e1 otro Conall el Triunfante para m\u00ed. &quot;Hay poca diferencia entre ellos&quot;, dijo Bricriu; \u201cEste ni\u00f1o es el hijo de tu propia hermana Dechtir\u00e9: porque es aqu\u00ed donde las cincuenta j\u00f3venes han estado ausentes de Emain durante tres a\u00f1os. Y luego Conchobar cant\u00f3 lo siguiente:<\/p>\n\n<p>Famoso, poderoso, aunque pobre,<br \/>Bueno fue para m\u00ed Dechtir\u00e9.<br \/>Ella me protegi\u00f3 con mis siete carros.<br \/>Ella persigui\u00f3 el fr\u00edo de mis caballos.<br \/>Ella nos restaur\u00f3 con todos los guerreros.<br \/>Entonces nos lleg\u00f3 un tesoro, Setanta.<\/p>\n\n<p>&quot;Ll\u00e9vate al ni\u00f1o contigo, Finnchoem&quot;, repiti\u00f3 Conchobar a su hermana. &quot;Ella no lo traer\u00e1 a colaci\u00f3n&quot;, dijo Sencha; &quot; soy yo. Porque soy fuerte, soy h\u00e1bil, soy h\u00e1bil en el combate. Soy un erudito, soy un sabio, no soy olvidadizo. Hablo con cualquiera delante del rey. Cuido su palabra. Juzgo las batallas del rey ante Conchobar victorioso. Soy juez de los Ulates; pero no soy yo quien ejecuta mis decisiones. Nadie tiene derecho a impugnarme la tutela excepto Conchobar. \u2014 &quot;Si soy yo quien cr\u00eda al ni\u00f1o&quot;, dijo Blai Briuguig, &quot;no sufrir\u00e1 ni abandono ni falta de cuidado&quot;. Son mis mensajeros los que cumplen los deseos de Conchobar. Convoco a los guerreros de todo un reino de Irlanda. Puedo alimentarlos durante una semana, o incluso durante diez d\u00edas. Me ocupo de sus negocios y sus peleas. Rescato su honor, vengo sus ultrajes. \u201cQu\u00e9 descarado\u201d, respondi\u00f3 Fergus; \u201c*** Yo criar\u00e9 al ni\u00f1o. Soy fuerte, soy h\u00e1bil. Soy el mensajero del rey. Nadie puede competir conmigo por honores o riquezas. Estoy endurecido para las peleas y la guerra. Soy un buen trabajador. Soy digno de tener alumnos. Soy el protector de todos los desafortunados. Soy el terror de los fuertes, el apoyo de los d\u00e9biles..\u201d \u2014 \u201cOye, \u00bfqu\u00e9? ahora nos escuchar\u00e1s\u201d, dijo Amorgen, \u201cya que por fin est\u00e1s en silencio. Soy capaz de alimentar a mis pupilos como reyes. Los honores, la valent\u00eda, el coraje, la sabidur\u00eda se alaban en m\u00ed; alaban mi felicidad, mi edad, mi elocuencia, mi brillantez, el valor de mi raza. Aunque guerrero, soy poeta. Soy digno del favor del rey. Triunfo sobre todos los guerreros que luchan en sus carros. a nadie doy gracias sino a Conchobar; No obedezco a nadie m\u00e1s que al rey. \u2014 \u201c*** Dejemos que Finnchoem\u201d, dijo Sencha, \u201cse quede con el ni\u00f1o hasta que lleguemos a Emain; Morann tomar\u00e1 una decisi\u00f3n sobre \u00e9l cuando lleguemos. Los Ulates luego partieron hacia Emain, Finnchoem tuvo al ni\u00f1o con ella. Y despu\u00e9s de su llegada, Morann pronunci\u00f3 juicio: &#039;Corresponde a Conchobar&#039;, dijo, &#039;hacer al ni\u00f1o ilustre: porque es pariente cercano de Finnchoem. A Sencha para que le ense\u00f1e habla y elocuencia; a Blai Briuguig para cuidar su alimentaci\u00f3n; Fergus para llevarlo en su regazo. Amorgin ser\u00e1 su tutor; se criar\u00e1 con Conall el Triunfante: Finnchoem, la madre de Conall, tiene dos pezones. El ni\u00f1o ser\u00e1 alabado por todos, aurigas y guerreros, reyes y eruditos; porque \u00e9l ser\u00e1 amado por una multitud de hombres. Este ni\u00f1o vengar\u00e1 todas vuestras injurias; y pelear\u00e1 por tus vados; \u00e9l pelear\u00e1 todas tus peleas. Y as\u00ed se hizo. Amorgin y Finnchoem se llevaron al ni\u00f1o, que fue criado en la fortaleza de Breth, en la llanura de Murthemne. Final.<\/p>\n\t\t\t\t\t\t\t\t<\/div>\n\t\t\t\t<\/div>\n\t\t\t\t\t<\/div>\n\t\t<\/div>\n\t\t\t\t\t<\/div>\n\t\t<\/section>\n\t\t\t\t<\/div>","protected":false},"excerpt":{"rendered":"<p>Mythologie irlandaise Wiki Ci-dessous, l&rsquo;histoire de La Conception de Cuchulainn de la branche rouge de la mythologie irlandaise, aussi appel\u00e9e &hellip; <\/p>","protected":false},"author":1,"featured_media":0,"parent":439,"menu_order":0,"comment_status":"closed","ping_status":"closed","template":"","meta":{"footnotes":""},"class_list":["post-779","page","type-page","status-publish","hentry"],"amp_enabled":true,"_links":{"self":[{"href":"https:\/\/mythslegendes.com\/es\/wp-json\/wp\/v2\/pages\/779","targetHints":{"allow":["GET"]}}],"collection":[{"href":"https:\/\/mythslegendes.com\/es\/wp-json\/wp\/v2\/pages"}],"about":[{"href":"https:\/\/mythslegendes.com\/es\/wp-json\/wp\/v2\/types\/page"}],"author":[{"embeddable":true,"href":"https:\/\/mythslegendes.com\/es\/wp-json\/wp\/v2\/users\/1"}],"replies":[{"embeddable":true,"href":"https:\/\/mythslegendes.com\/es\/wp-json\/wp\/v2\/comments?post=779"}],"version-history":[{"count":1,"href":"https:\/\/mythslegendes.com\/es\/wp-json\/wp\/v2\/pages\/779\/revisions"}],"predecessor-version":[{"id":24593,"href":"https:\/\/mythslegendes.com\/es\/wp-json\/wp\/v2\/pages\/779\/revisions\/24593"}],"up":[{"embeddable":true,"href":"https:\/\/mythslegendes.com\/es\/wp-json\/wp\/v2\/pages\/439"}],"wp:attachment":[{"href":"https:\/\/mythslegendes.com\/es\/wp-json\/wp\/v2\/media?parent=779"}],"curies":[{"name":"wp","href":"https:\/\/api.w.org\/{rel}","templated":true}]}}