{"id":788,"date":"2020-06-15T16:57:55","date_gmt":"2020-06-15T15:57:55","guid":{"rendered":"https:\/\/mythslegendes.com\/?page_id=788"},"modified":"2022-12-03T22:06:58","modified_gmt":"2022-12-03T22:06:58","slug":"histoire-de-nede-fils-dadnae","status":"publish","type":"page","link":"https:\/\/mythslegendes.com\/es\/mitologia-irlandesa\/historia-de-nede-son-dadnae\/","title":{"rendered":"Historia de N\u00e9d\u00e9 hijo de Adnae"},"content":{"rendered":"<div data-elementor-type=\"wp-page\" data-elementor-id=\"788\" class=\"elementor elementor-788\">\n\t\t\t\t\t\t<section class=\"elementor-section elementor-top-section elementor-element elementor-element-bcf652a elementor-section-boxed elementor-section-height-default elementor-section-height-default\" data-id=\"bcf652a\" data-element_type=\"section\" data-e-type=\"section\">\n\t\t\t\t\t\t<div class=\"elementor-container elementor-column-gap-default\">\n\t\t\t\t\t<div class=\"elementor-column elementor-col-50 elementor-top-column elementor-element elementor-element-4efd754\" data-id=\"4efd754\" data-element_type=\"column\" data-e-type=\"column\">\n\t\t\t<div class=\"elementor-widget-wrap elementor-element-populated\">\n\t\t\t\t\t\t<div class=\"elementor-element elementor-element-d43257a elementor-align-justify elementor-widget elementor-widget-button\" data-id=\"d43257a\" data-element_type=\"widget\" data-e-type=\"widget\" data-widget_type=\"button.default\">\n\t\t\t\t<div class=\"elementor-widget-container\">\n\t\t\t\t\t\t\t\t\t<div class=\"elementor-button-wrapper\">\n\t\t\t\t\t<a class=\"elementor-button elementor-button-link elementor-size-sm\" href=\"https:\/\/mythslegendes.com\/es\/mitologia-irlandesa\/\">\n\t\t\t\t\t\t<span class=\"elementor-button-content-wrapper\">\n\t\t\t\t\t\t\t\t\t<span class=\"elementor-button-text\">Mitolog\u00eda irlandesa<\/span>\n\t\t\t\t\t<\/span>\n\t\t\t\t\t<\/a>\n\t\t\t\t<\/div>\n\t\t\t\t\t\t\t\t<\/div>\n\t\t\t\t<\/div>\n\t\t\t\t\t<\/div>\n\t\t<\/div>\n\t\t\t\t<div class=\"elementor-column elementor-col-50 elementor-top-column elementor-element elementor-element-e2148cb\" data-id=\"e2148cb\" data-element_type=\"column\" data-e-type=\"column\">\n\t\t\t<div class=\"elementor-widget-wrap elementor-element-populated\">\n\t\t\t\t\t\t<div class=\"elementor-element elementor-element-3df6735 elementor-align-justify elementor-widget elementor-widget-button\" data-id=\"3df6735\" data-element_type=\"widget\" data-e-type=\"widget\" data-widget_type=\"button.default\">\n\t\t\t\t<div class=\"elementor-widget-container\">\n\t\t\t\t\t\t\t\t\t<div class=\"elementor-button-wrapper\">\n\t\t\t\t\t<a class=\"elementor-button elementor-button-link elementor-size-sm\" href=\"https:\/\/fr.wikipedia.org\/wiki\/Mythologie_celtique_irlandaise\" target=\"_blank\" rel=\"noopener\">\n\t\t\t\t\t\t<span class=\"elementor-button-content-wrapper\">\n\t\t\t\t\t\t\t\t\t<span class=\"elementor-button-text\">Wiki<\/span>\n\t\t\t\t\t<\/span>\n\t\t\t\t\t<\/a>\n\t\t\t\t<\/div>\n\t\t\t\t\t\t\t\t<\/div>\n\t\t\t\t<\/div>\n\t\t\t\t\t<\/div>\n\t\t<\/div>\n\t\t\t\t\t<\/div>\n\t\t<\/section>\n\t\t\t\t<section class=\"elementor-section elementor-top-section elementor-element elementor-element-20d4e0b0 elementor-section-boxed elementor-section-height-default elementor-section-height-default\" data-id=\"20d4e0b0\" data-element_type=\"section\" data-e-type=\"section\">\n\t\t\t\t\t\t<div class=\"elementor-container elementor-column-gap-default\">\n\t\t\t\t\t<div class=\"elementor-column elementor-col-100 elementor-top-column elementor-element elementor-element-2b28f2f3\" data-id=\"2b28f2f3\" data-element_type=\"column\" data-e-type=\"column\">\n\t\t\t<div class=\"elementor-widget-wrap elementor-element-populated\">\n\t\t\t\t\t\t<div class=\"elementor-element elementor-element-61cba0b8 elementor-widget elementor-widget-text-editor\" data-id=\"61cba0b8\" data-element_type=\"widget\" data-e-type=\"widget\" data-widget_type=\"text-editor.default\">\n\t\t\t\t<div class=\"elementor-widget-container\">\n\t\t\t\t\t\t\t\t\t<p><\/p>\n<p>Esta es la historia de Nede hijo de Adnae, del <a href=\"https:\/\/mythslegendes.com\/es\/mitologia-irlandesa\/\">rama roja<\/a> de la <a href=\"https:\/\/mythslegendes.com\/es\/\">mitolog\u00eda<\/a> Irlandesa.<\/p>\n<p><img decoding=\"async\" class=\"alignnone wp-image-5284 size-full\" src=\"https:\/\/mythslegendes.com\/wp-content\/uploads\/2020\/09\/AlphaOmega-e1602613368367.png\" alt=\"Hijo nacido de Adnae\" width=\"25\" height=\"26\" title=\"\"><\/p>\n<div id=\"ez-toc-container\" class=\"ez-toc-v2_0_82_2 counter-hierarchy ez-toc-counter ez-toc-grey ez-toc-container-direction\">\n<div class=\"ez-toc-title-container\">\n<p class=\"ez-toc-title\" style=\"cursor:inherit\">Contenido<\/p>\n<span class=\"ez-toc-title-toggle\"><a href=\"#\" class=\"ez-toc-pull-right ez-toc-btn ez-toc-btn-xs ez-toc-btn-default ez-toc-toggle\" aria-label=\"Alternar tabla de contenidos\"><span class=\"ez-toc-js-icon-con\"><span class=\"\"><span class=\"eztoc-hide\" style=\"display:none;\">Palanca<\/span><span class=\"ez-toc-icon-toggle-span\"><svg style=\"fill: #999;color:#999\" xmlns=\"http:\/\/www.w3.org\/2000\/svg\" class=\"list-377408\" width=\"20px\" height=\"20px\" viewbox=\"0 0 24 24\" fill=\"none\"><path d=\"M6 6H4v2h2V6zm14 0H8v2h12V6zM4 11h2v2H4v-2zm16 0H8v2h12v-2zM4 16h2v2H4v-2zm16 0H8v2h12v-2z\" fill=\"currentColor\"><\/path><\/svg><svg style=\"fill: #999;color:#999\" class=\"arrow-unsorted-368013\" xmlns=\"http:\/\/www.w3.org\/2000\/svg\" width=\"10px\" height=\"10px\" viewbox=\"0 0 24 24\" version=\"1.2\" baseprofile=\"tiny\"><path d=\"M18.2 9.3l-6.2-6.3-6.2 6.3c-.2.2-.3.4-.3.7s.1.5.3.7c.2.2.4.3.7.3h11c.3 0 .5-.1.7-.3.2-.2.3-.5.3-.7s-.1-.5-.3-.7zM5.8 14.7l6.2 6.3 6.2-6.3c.2-.2.3-.5.3-.7s-.1-.5-.3-.7c-.2-.2-.4-.3-.7-.3h-11c-.3 0-.5.1-.7.3-.2.2-.3.5-.3.7s.1.5.3.7z\"\/><\/svg><\/span><\/span><\/span><\/a><\/span><\/div>\n<nav><ul class='ez-toc-list ez-toc-list-level-1' ><li class='ez-toc-page-1 ez-toc-heading-level-2'><a class=\"ez-toc-link ez-toc-heading-1\" href=\"https:\/\/mythslegendes.com\/es\/mitologia-irlandesa\/historia-de-nede-son-dadnae\/#Nede-fils-dAdnae\" >Hijo nacido de Adnae<\/a><\/li><\/ul><\/nav><\/div>\n<h2><span class=\"ez-toc-section\" id=\"Nede-fils-dAdnae\"><\/span>Hijo nacido de Adnae<span class=\"ez-toc-section-end\"><\/span><\/h2>\n<p>N\u00e9d\u00e9 ten\u00eda un t\u00edo, el hermano de su padre: era Caier, rey de Connaught. Caier, al no tener hijos, consideraba a N\u00e9d\u00e9 como su hijo; pero ten\u00eda esposa; esta \u00faltima se enamor\u00f3 de N\u00e9d\u00e9 y le regal\u00f3, como muestra de su pasi\u00f3n, una manzana plateada. N\u00e9d\u00e9, sin embargo, se neg\u00f3 a cumplir sus deseos. Ella prometi\u00f3 darle el reino de Connaught, si \u00e9l acced\u00eda a casarse con ella despu\u00e9s.<\/p>\n<p><\/p>\n<p>&quot;\u00bfC\u00f3mo pudiste llevarme al trono?&quot; \u00bbDijo N\u00e9d\u00e9 hijo de Adnae. &quot;No es dif\u00edcil&quot;, respondi\u00f3 la joven. &quot;S\u00e1tira contra Caier, de modo que se le ocurre una deformidad que lo vuelve incapaz de retener la realeza&quot;. &quot;Es muy dif\u00edcil&quot;, respondi\u00f3 N\u00e9d\u00e9, &quot;componer una s\u00e1tira contra un hombre tan excelente: nunca recibir\u00e9 una negativa de \u00e9l&quot;. No tiene nada en el mundo que no est\u00e9 dispuesto a darme. &quot;S\u00e9 muy bien&quot;, continu\u00f3 la mujer, &quot;una cosa que no te dar\u00e1: es la daga que trajo de Gran Breta\u00f1a&quot;. \u00c9l no te lo dar\u00e1, porque tiene prohibido separarse de \u00e9l. &quot;<\/p>\n<p><\/p>\n<p>N\u00e9d\u00e9 le pidi\u00f3 a Caier que le diera la daga. \u201cEs una l\u00e1stima para m\u00ed\u201d, dijo Caier, \u201cno tengo derecho a separarme de \u00e9l. Nede pronunci\u00f3 una s\u00e1tira sobre \u00e9l que hizo que aparecieran tres enormes botones en las mejillas del infeliz rey. Aqu\u00ed est\u00e1 la s\u00e1tira:<\/p>\n<p><\/p>\n<p>\u201cVar\u00f3n muerto, corta vida en Caier;<br \/>que las lanzas de batalla hieren a Caier;<br \/>muerte en Caier; que Caier est\u00e9 bajo tierra;<br \/>Dejad que Caier est\u00e9 bajo muros, bajo piedras. &quot;<\/p>\n<p><\/p>\n<p>A la ma\u00f1ana siguiente, Caier se levant\u00f3 y fue al manantial a lavarse. Se llev\u00f3 la mano a la cara; all\u00ed sinti\u00f3 los tres botones que hab\u00eda producido la s\u00e1tira; los vio cuando se meti\u00f3 en el agua. El primero era rojo, el segundo verde, el tercero blanco. Fueron llamados mancha, imperfecci\u00f3n y verg\u00fcenza. Para no dejar que nadie viera su desgracia, huy\u00f3 y se refugi\u00f3 en Dun-Cermnai, con Cacher, hijo de Etarscel.<\/p>\n<p><\/p>\n<p>Nede, hijo de Adnae, se convirti\u00f3 en rey de Connaught; fue por un a\u00f1o. Pensando en la desgracia de Caier, sinti\u00f3 un gran dolor. Un d\u00eda, queriendo verlo, se fue a Dun-Cermnai. Estaba montado en el carro de Caier; ten\u00eda a la esposa y el perro de Caier a su lado. \u00a1Qu\u00e9 guapo era N\u00e9d\u00e9, conduciendo \u00e9l mismo el carro y acerc\u00e1ndose a Dun-Cermnai! La dignidad real estaba pintada en sus rasgos.<\/p>\n<p><\/p>\n<p>&quot;\u00bfQui\u00e9n es este hombre tan guapo?&quot; Todos lloraron. Caier dijo: \u201cEn el pasado, \u00e9ramos nosotros en este carro los que ocupamos el asiento del guerrero al lado del asiento del cochero. &quot;Es una palabra de rey&quot;, grit\u00f3 Cacher, hijo de Etarscel. Hasta entonces no hab\u00edamos reconocido a Caier. &quot;No, no soy un rey&quot;, dijo Caier; y huy\u00f3. Fue a esconderse detr\u00e1s del fuerte.<\/p>\n<p><\/p>\n<p>Mientras tanto, N\u00e9d\u00e9, en el carro, entraba en Dun-Cermnai. Los perros siguieron el rastro de Caier y lo encontraron en el manicomio donde se hab\u00eda refugiado; Caier muri\u00f3 all\u00ed de verg\u00fcenza y de la emoci\u00f3n que le hab\u00eda causado la vista de N\u00e9d\u00e9. Al mismo tiempo que la piedra estallaba, un fragmento golpeaba a N\u00e9d\u00e9 en la cabeza, quien muri\u00f3 por ello y sufr\u00eda, como merec\u00eda, el castigo por su ingratitud.<\/p>\n<p><\/p>\t\t\t\t\t\t\t\t<\/div>\n\t\t\t\t<\/div>\n\t\t\t\t\t<\/div>\n\t\t<\/div>\n\t\t\t\t\t<\/div>\n\t\t<\/section>\n\t\t\t\t<\/div>","protected":false},"excerpt":{"rendered":"<p>Mythologie irlandaise Wiki Voici l&rsquo;histoire de N\u00e9d\u00e9 fils d&rsquo;Adnae, de la branche rouge de la mythologie irlandaise. N\u00e9d\u00e9 fils d&rsquo;Adnae &hellip; <\/p>","protected":false},"author":1,"featured_media":0,"parent":439,"menu_order":0,"comment_status":"closed","ping_status":"closed","template":"","meta":{"footnotes":""},"class_list":["post-788","page","type-page","status-publish","hentry"],"amp_enabled":true,"_links":{"self":[{"href":"https:\/\/mythslegendes.com\/es\/wp-json\/wp\/v2\/pages\/788","targetHints":{"allow":["GET"]}}],"collection":[{"href":"https:\/\/mythslegendes.com\/es\/wp-json\/wp\/v2\/pages"}],"about":[{"href":"https:\/\/mythslegendes.com\/es\/wp-json\/wp\/v2\/types\/page"}],"author":[{"embeddable":true,"href":"https:\/\/mythslegendes.com\/es\/wp-json\/wp\/v2\/users\/1"}],"replies":[{"embeddable":true,"href":"https:\/\/mythslegendes.com\/es\/wp-json\/wp\/v2\/comments?post=788"}],"version-history":[{"count":1,"href":"https:\/\/mythslegendes.com\/es\/wp-json\/wp\/v2\/pages\/788\/revisions"}],"predecessor-version":[{"id":24595,"href":"https:\/\/mythslegendes.com\/es\/wp-json\/wp\/v2\/pages\/788\/revisions\/24595"}],"up":[{"embeddable":true,"href":"https:\/\/mythslegendes.com\/es\/wp-json\/wp\/v2\/pages\/439"}],"wp:attachment":[{"href":"https:\/\/mythslegendes.com\/es\/wp-json\/wp\/v2\/media?parent=788"}],"curies":[{"name":"wp","href":"https:\/\/api.w.org\/{rel}","templated":true}]}}