{"id":808,"date":"2020-06-15T17:24:38","date_gmt":"2020-06-15T16:24:38","guid":{"rendered":"https:\/\/mythslegendes.com\/?page_id=808"},"modified":"2022-12-03T22:06:58","modified_gmt":"2022-12-03T22:06:58","slug":"le-meurtre-daife","status":"publish","type":"page","link":"https:\/\/mythslegendes.com\/es\/mitologia-irlandesa\/el-asesinato-daife\/","title":{"rendered":"El asesinato de Aif\u00e9"},"content":{"rendered":"\t\t<div data-elementor-type=\"wp-page\" data-elementor-id=\"808\" class=\"elementor elementor-808\">\n\t\t\t\t\t\t<section class=\"elementor-section elementor-top-section elementor-element elementor-element-8e9c91f elementor-section-boxed elementor-section-height-default elementor-section-height-default\" data-id=\"8e9c91f\" data-element_type=\"section\" data-e-type=\"section\">\n\t\t\t\t\t\t<div class=\"elementor-container elementor-column-gap-default\">\n\t\t\t\t\t<div class=\"elementor-column elementor-col-50 elementor-top-column elementor-element elementor-element-f7c7d5d\" data-id=\"f7c7d5d\" data-element_type=\"column\" data-e-type=\"column\">\n\t\t\t<div class=\"elementor-widget-wrap elementor-element-populated\">\n\t\t\t\t\t\t<div class=\"elementor-element elementor-element-ef59ebb elementor-align-justify elementor-widget elementor-widget-button\" data-id=\"ef59ebb\" data-element_type=\"widget\" data-e-type=\"widget\" data-widget_type=\"button.default\">\n\t\t\t\t<div class=\"elementor-widget-container\">\n\t\t\t\t\t\t\t\t\t<div class=\"elementor-button-wrapper\">\n\t\t\t\t\t<a class=\"elementor-button elementor-button-link elementor-size-sm\" href=\"https:\/\/mythslegendes.com\/mythologie-irlandaise\/\">\n\t\t\t\t\t\t<span class=\"elementor-button-content-wrapper\">\n\t\t\t\t\t\t\t\t\t<span class=\"elementor-button-text\">Mythologie irlandaise<\/span>\n\t\t\t\t\t<\/span>\n\t\t\t\t\t<\/a>\n\t\t\t\t<\/div>\n\t\t\t\t\t\t\t\t<\/div>\n\t\t\t\t<\/div>\n\t\t\t\t\t<\/div>\n\t\t<\/div>\n\t\t\t\t<div class=\"elementor-column elementor-col-50 elementor-top-column elementor-element elementor-element-7b6710f\" data-id=\"7b6710f\" data-element_type=\"column\" data-e-type=\"column\">\n\t\t\t<div class=\"elementor-widget-wrap elementor-element-populated\">\n\t\t\t\t\t\t<div class=\"elementor-element elementor-element-eb40756 elementor-align-justify elementor-widget elementor-widget-button\" data-id=\"eb40756\" data-element_type=\"widget\" data-e-type=\"widget\" data-widget_type=\"button.default\">\n\t\t\t\t<div class=\"elementor-widget-container\">\n\t\t\t\t\t\t\t\t\t<div class=\"elementor-button-wrapper\">\n\t\t\t\t\t<a class=\"elementor-button elementor-button-link elementor-size-sm\" href=\"https:\/\/fr.wikipedia.org\/wiki\/Mythologie_celtique_irlandaise\" target=\"_blank\" rel=\"noopener\">\n\t\t\t\t\t\t<span class=\"elementor-button-content-wrapper\">\n\t\t\t\t\t\t\t\t\t<span class=\"elementor-button-text\">Wiki<\/span>\n\t\t\t\t\t<\/span>\n\t\t\t\t\t<\/a>\n\t\t\t\t<\/div>\n\t\t\t\t\t\t\t\t<\/div>\n\t\t\t\t<\/div>\n\t\t\t\t\t<\/div>\n\t\t<\/div>\n\t\t\t\t\t<\/div>\n\t\t<\/section>\n\t\t\t\t<section class=\"elementor-section elementor-top-section elementor-element elementor-element-58296aff elementor-section-boxed elementor-section-height-default elementor-section-height-default\" data-id=\"58296aff\" data-element_type=\"section\" data-e-type=\"section\">\n\t\t\t\t\t\t<div class=\"elementor-container elementor-column-gap-default\">\n\t\t\t\t\t<div class=\"elementor-column elementor-col-100 elementor-top-column elementor-element elementor-element-6c11caf9\" data-id=\"6c11caf9\" data-element_type=\"column\" data-e-type=\"column\">\n\t\t\t<div class=\"elementor-widget-wrap elementor-element-populated\">\n\t\t\t\t\t\t<div class=\"elementor-element elementor-element-68919635 elementor-widget elementor-widget-text-editor\" data-id=\"68919635\" data-element_type=\"widget\" data-e-type=\"widget\" data-widget_type=\"text-editor.default\">\n\t\t\t\t<div class=\"elementor-widget-container\">\n\t\t\t\t\t\t\t\t\t<p><\/p>\n<p>Voici l&rsquo;histoire du Meurtre d&rsquo;Aif\u00e9, de la <a href=\"https:\/\/mythslegendes.com\/es\/mitologia-irlandesa\/\">branche rouge<\/a> de la <a href=\"https:\/\/mythslegendes.com\/es\/\">mythologie<\/a> irlandaise.<\/p>\n<p><img decoding=\"async\" class=\"alignnone wp-image-5284 size-full\" src=\"https:\/\/mythslegendes.com\/wp-content\/uploads\/2020\/09\/AlphaOmega-e1602613368367.png\" alt=\"Meurtre d&#039;Aif\u00e9\" width=\"25\" height=\"26\" title=\"\"><\/p>\n<h2>Le Meurtre d&rsquo;Aif\u00e9<\/h2>\n<p>Quand Cuchulainn alla \u00e9tudier les armes en Alba avec Scathach et qu&rsquo;elle lui eut donn\u00e9 sa fille Aife et qu&rsquo;il la quitta enceinte pour rentrer lui-m\u00eame en <a href=\"https:\/\/mythslegendes.com\/es\/mitologia-irlandesa\/\">Irlande<\/a>, il lui dit : \u00ab\u00a0Voici un anneau de bras en or pour toi; et si c&rsquo;est un fils que tu enfantes, envoie-le vers moi en en Irlande aussit\u00f4t que son poignet remplira l&rsquo;anneau. Appelle-le Aife Ainfer et dis-lui de ne r\u00e9v\u00e9ler son nom \u00e0 aucune personne seule en Irlande.\u00a0\u00bb<\/p>\n<p><\/p>\n<p>Elle donna naissance \u00e0 un fils et fit avec lui comme on lui avait dit. Elle lui apprit tous les faits d&rsquo;armes sauf le tour du <em>Gae Bolga<\/em>, car son p\u00e8re avait pris le <em>Gae Bolga<\/em> avec lui en Irlande. Quand Aife Ainfer vint en Irlande, les hommes d&rsquo;Ulster \u00e9taient assembl\u00e9s dans Mag Ene. Ils virent le <em>curach<\/em> venir vers eux et Munremar fut envoy\u00e9 pour lui demander des nouvelles; mais Ainfer Aife dit qu&rsquo;il ne r\u00e9v\u00e8lerait son nom \u00e0 aucune personne seule. <\/p>\n<p>Alors s&rsquo;ensuivit un combat entre lui et Munremar et il mit la ceinture de son \u00e9p\u00e9e autour des poignets de Munremar. Alors Dubthach fut envoy\u00e9 l\u00e0 bas. Il lui fit la m\u00eame chose. Cuchulainn descendit alors et de m\u00eame il ne lui donna aucune information. Tous deux combattirent, mais Cuchulainn ne parvint \u00e0 rien lui faire sur la terre.<\/p>\n<p><\/p>\n<p>\u00ab\u00a0Si ton adresse sur la mer vaut celle sur la terre,\u00a0\u00bb dit Cuchulainn, \u00ab\u00a0ton combat est bon.\u00a0\u00bb<\/p>\n<p><\/p>\n<p>\u00ab\u00a0Il me semble que mon adresse n&rsquo;est pas pire sur la mer,\u00a0\u00bb dit-il; et ils all\u00e8rent sur la mer. Cuchulainn \u00e9tait toujours incapable de rien lui faire, jusqu&rsquo;\u00e0 ce qu&rsquo;il lui ait lanc\u00e9 le <em>Gae Bolga<\/em> et l&rsquo;ait tu\u00e9.<\/p>\n<p><\/p>\n<p>\u00ab\u00a0Dis ton nom maintenant,\u00a0\u00bb dit Cuchulainn, \u00ab\u00a0puisque ton heure est venue.\u00a0\u00bb<\/p>\n<p><\/p>\n<p>\u00ab\u00a0Je suis Ainfer Aife,\u00a0\u00bb dit-il, \u00ab\u00a0fils de Cuchulainn, fils de Sualtam.\u00a0\u00bb Alors il [Cuchulainn] le prit sur son dos vers l&rsquo;endroit o\u00f9 \u00e9taient les hommes d&rsquo;Ulster et il y a un t\u00e9moignage de cela [\u00e0 savoir ces vers] :<\/p>\n<p><\/p>\n<p>\u00ab\u00a0Lourd le fardeau<br \/>Que j&rsquo;ai port\u00e9 \u00e0 travers Mag Ene!<br \/>Les grandes armes de mon fils dans une main.<br \/>Et dans l&rsquo;autre sa d\u00e9pouille. \u00ab\u00a0<\/p>\n<p><\/p>\n<p>Cuchulainn fut alors poursuivi en justice par les hommes d&rsquo;Ulster; et il fut d\u00e9clar\u00e9 natif d&rsquo;Ulster et la moiti\u00e9 du <em>wergeld<\/em> fut [exig\u00e9] de lui pour son fils. Car il l&rsquo;avait tu\u00e9 dans l&rsquo;erreur et il \u00e9tait une personne innocente sous l&rsquo;apparence d&rsquo;une personne coupable, alors que c&rsquo;\u00e9tait un combat.<\/p>\n<p><\/p>\n<p>Ceci est la raison qui le justifia, alors qu&rsquo;il y avait eu combat : que ce n&rsquo;\u00e9tait pas avec le consentement de la tribu ou la race qu&rsquo;il l&rsquo;avait fait.<\/p>\n<p><\/p>\n<p>Pour quelle raison Cuchulainn devait payer un demi-<em>wergeld<\/em> pour son fils ?<\/p>\n<p><\/p>\n<p>Parce qu&rsquo;il \u00e9tait un \u00e9tranger en Ulster, bien qu&rsquo;il ait \u00e9t\u00e9 l&rsquo;un des leurs (?). La mesure d&rsquo;un <em>cantred<\/em> de Murthemne \u00e9tait sa propre terre en Ulster et ainsi il fut [d\u00e9clar\u00e9] un natif et son fils un \u00e9tranger, et le demi-<em>wergeld<\/em> fut donn\u00e9 \u00e0 Conchobar.<\/p>\n<p><\/p>\n<p>Qu&rsquo;est-ce qui a fait que le demi-<em>wergeld<\/em> fut donn\u00e9 \u00e0 Conchobar ?<\/p>\n<p><\/p>\n<p>Ce n&rsquo;est pas difficile. Voici la raison. Cuchulainn \u00e9tait un parricide et le parricide ne re\u00e7oit ni succession ni <em>wergeld<\/em>. Conchobar \u00e9tait son plus proche parent et on lui a [en cons\u00e9quence] donn\u00e9 le demi-<em>wergeld<\/em>.<\/p>\n<p><\/p>\n<p>S&rsquo;il avait \u00e9t\u00e9 un Ulate, il aurait \u00e9t\u00e9 une personne innocente sous l&rsquo;apparence d&rsquo;un coupable. S&rsquo;il n&rsquo;avait pas \u00e9t\u00e9 l&rsquo;un des leurs du tout, il \u00e9tait une personne coupable sous sa propre apparence ****** pour \u00eatre donn\u00e9 \u00e0 Conchobar comme le prix d&rsquo;indemnisation.<\/p>\n<p><\/p>\t\t\t\t\t\t\t\t<\/div>\n\t\t\t\t<\/div>\n\t\t\t\t\t<\/div>\n\t\t<\/div>\n\t\t\t\t\t<\/div>\n\t\t<\/section>\n\t\t\t\t<\/div>\n\t\t","protected":false},"excerpt":{"rendered":"<p>Mythologie irlandaise Wiki Voici l&rsquo;histoire du Meurtre d&rsquo;Aif\u00e9, de la branche rouge de la mythologie irlandaise. Le Meurtre d&rsquo;Aif\u00e9 Quand &hellip; <\/p>","protected":false},"author":1,"featured_media":0,"parent":439,"menu_order":0,"comment_status":"closed","ping_status":"closed","template":"","meta":{"footnotes":""},"class_list":["post-808","page","type-page","status-publish","hentry"],"amp_enabled":true,"_links":{"self":[{"href":"https:\/\/mythslegendes.com\/es\/wp-json\/wp\/v2\/pages\/808","targetHints":{"allow":["GET"]}}],"collection":[{"href":"https:\/\/mythslegendes.com\/es\/wp-json\/wp\/v2\/pages"}],"about":[{"href":"https:\/\/mythslegendes.com\/es\/wp-json\/wp\/v2\/types\/page"}],"author":[{"embeddable":true,"href":"https:\/\/mythslegendes.com\/es\/wp-json\/wp\/v2\/users\/1"}],"replies":[{"embeddable":true,"href":"https:\/\/mythslegendes.com\/es\/wp-json\/wp\/v2\/comments?post=808"}],"version-history":[{"count":1,"href":"https:\/\/mythslegendes.com\/es\/wp-json\/wp\/v2\/pages\/808\/revisions"}],"predecessor-version":[{"id":24601,"href":"https:\/\/mythslegendes.com\/es\/wp-json\/wp\/v2\/pages\/808\/revisions\/24601"}],"up":[{"embeddable":true,"href":"https:\/\/mythslegendes.com\/es\/wp-json\/wp\/v2\/pages\/439"}],"wp:attachment":[{"href":"https:\/\/mythslegendes.com\/es\/wp-json\/wp\/v2\/media?parent=808"}],"curies":[{"name":"wp","href":"https:\/\/api.w.org\/{rel}","templated":true}]}}