{"id":827,"date":"2020-06-15T19:35:30","date_gmt":"2020-06-15T18:35:30","guid":{"rendered":"https:\/\/mythslegendes.com\/?page_id=827"},"modified":"2022-12-03T22:06:58","modified_gmt":"2022-12-03T22:06:58","slug":"la-mort-de-celtchar-mac-uthechair","status":"publish","type":"page","link":"https:\/\/mythslegendes.com\/es\/mitologia-irlandesa\/la-muerte-de-celtchar-mac-uthechair\/","title":{"rendered":"La muerte de Celtchar mac Uthechair"},"content":{"rendered":"\t\t<div data-elementor-type=\"wp-page\" data-elementor-id=\"827\" class=\"elementor elementor-827\">\n\t\t\t\t\t\t<section class=\"elementor-section elementor-top-section elementor-element elementor-element-fca5253 elementor-section-boxed elementor-section-height-default elementor-section-height-default\" data-id=\"fca5253\" data-element_type=\"section\" data-e-type=\"section\">\n\t\t\t\t\t\t<div class=\"elementor-container elementor-column-gap-default\">\n\t\t\t\t\t<div class=\"elementor-column elementor-col-50 elementor-top-column elementor-element elementor-element-2ecebaf\" data-id=\"2ecebaf\" data-element_type=\"column\" data-e-type=\"column\">\n\t\t\t<div class=\"elementor-widget-wrap elementor-element-populated\">\n\t\t\t\t\t\t<div class=\"elementor-element elementor-element-a072e85 elementor-align-justify elementor-widget elementor-widget-button\" data-id=\"a072e85\" data-element_type=\"widget\" data-e-type=\"widget\" data-widget_type=\"button.default\">\n\t\t\t\t<div class=\"elementor-widget-container\">\n\t\t\t\t\t\t\t\t\t<div class=\"elementor-button-wrapper\">\n\t\t\t\t\t<a class=\"elementor-button elementor-button-link elementor-size-sm\" href=\"https:\/\/mythslegendes.com\/mythologie-irlandaise\/\">\n\t\t\t\t\t\t<span class=\"elementor-button-content-wrapper\">\n\t\t\t\t\t\t\t\t\t<span class=\"elementor-button-text\">Mythologie irlandaise<\/span>\n\t\t\t\t\t<\/span>\n\t\t\t\t\t<\/a>\n\t\t\t\t<\/div>\n\t\t\t\t\t\t\t\t<\/div>\n\t\t\t\t<\/div>\n\t\t\t\t\t<\/div>\n\t\t<\/div>\n\t\t\t\t<div class=\"elementor-column elementor-col-50 elementor-top-column elementor-element elementor-element-b23c89f\" data-id=\"b23c89f\" data-element_type=\"column\" data-e-type=\"column\">\n\t\t\t<div class=\"elementor-widget-wrap elementor-element-populated\">\n\t\t\t\t\t\t<div class=\"elementor-element elementor-element-f2ebb98 elementor-align-justify elementor-widget elementor-widget-button\" data-id=\"f2ebb98\" data-element_type=\"widget\" data-e-type=\"widget\" data-widget_type=\"button.default\">\n\t\t\t\t<div class=\"elementor-widget-container\">\n\t\t\t\t\t\t\t\t\t<div class=\"elementor-button-wrapper\">\n\t\t\t\t\t<a class=\"elementor-button elementor-button-link elementor-size-sm\" href=\"https:\/\/fr.wikipedia.org\/wiki\/Mythologie_celtique_irlandaise\" target=\"_blank\" rel=\"noopener\">\n\t\t\t\t\t\t<span class=\"elementor-button-content-wrapper\">\n\t\t\t\t\t\t\t\t\t<span class=\"elementor-button-text\">Wiki<\/span>\n\t\t\t\t\t<\/span>\n\t\t\t\t\t<\/a>\n\t\t\t\t<\/div>\n\t\t\t\t\t\t\t\t<\/div>\n\t\t\t\t<\/div>\n\t\t\t\t\t<\/div>\n\t\t<\/div>\n\t\t\t\t\t<\/div>\n\t\t<\/section>\n\t\t\t\t<section class=\"elementor-section elementor-top-section elementor-element elementor-element-48d82546 elementor-section-boxed elementor-section-height-default elementor-section-height-default\" data-id=\"48d82546\" data-element_type=\"section\" data-e-type=\"section\">\n\t\t\t\t\t\t<div class=\"elementor-container elementor-column-gap-default\">\n\t\t\t\t\t<div class=\"elementor-column elementor-col-100 elementor-top-column elementor-element elementor-element-5885f618\" data-id=\"5885f618\" data-element_type=\"column\" data-e-type=\"column\">\n\t\t\t<div class=\"elementor-widget-wrap elementor-element-populated\">\n\t\t\t\t\t\t<div class=\"elementor-element elementor-element-258362c7 elementor-widget elementor-widget-text-editor\" data-id=\"258362c7\" data-element_type=\"widget\" data-e-type=\"widget\" data-widget_type=\"text-editor.default\">\n\t\t\t\t<div class=\"elementor-widget-container\">\n\t\t\t\t\t\t\t\t\t\n<p>Voici l&rsquo;histoire de la Mort de Celtchar mac Uthechair de la <a href=\"https:\/\/mythslegendes.com\/es\/mitologia-irlandesa\/\">branche rouge<\/a> de la <a href=\"https:\/\/mythslegendes.com\/es\/\">mythologie<\/a> irlandaise.<\/p>\n<p><img decoding=\"async\" class=\"alignnone wp-image-5284 size-full\" src=\"https:\/\/mythslegendes.com\/wp-content\/uploads\/2020\/09\/AlphaOmega-e1602613368367.png\" alt=\"la Mort de Celtchar mac Uthechair\" width=\"25\" height=\"26\" title=\"\"><\/p>\n<div id=\"ez-toc-container\" class=\"ez-toc-v2_0_82_2 counter-hierarchy ez-toc-counter ez-toc-grey ez-toc-container-direction\">\n<div class=\"ez-toc-title-container\">\n<p class=\"ez-toc-title\" style=\"cursor:inherit\">Contenus<\/p>\n<span class=\"ez-toc-title-toggle\"><a href=\"#\" class=\"ez-toc-pull-right ez-toc-btn ez-toc-btn-xs ez-toc-btn-default ez-toc-toggle\" aria-label=\"Alternar tabla de contenidos\"><span class=\"ez-toc-js-icon-con\"><span class=\"\"><span class=\"eztoc-hide\" style=\"display:none;\">Toggle<\/span><span class=\"ez-toc-icon-toggle-span\"><svg style=\"fill: #999;color:#999\" xmlns=\"http:\/\/www.w3.org\/2000\/svg\" class=\"list-377408\" width=\"20px\" height=\"20px\" viewBox=\"0 0 24 24\" fill=\"none\"><path d=\"M6 6H4v2h2V6zm14 0H8v2h12V6zM4 11h2v2H4v-2zm16 0H8v2h12v-2zM4 16h2v2H4v-2zm16 0H8v2h12v-2z\" fill=\"currentColor\"><\/path><\/svg><svg style=\"fill: #999;color:#999\" class=\"arrow-unsorted-368013\" xmlns=\"http:\/\/www.w3.org\/2000\/svg\" width=\"10px\" height=\"10px\" viewBox=\"0 0 24 24\" version=\"1.2\" baseProfile=\"tiny\"><path d=\"M18.2 9.3l-6.2-6.3-6.2 6.3c-.2.2-.3.4-.3.7s.1.5.3.7c.2.2.4.3.7.3h11c.3 0 .5-.1.7-.3.2-.2.3-.5.3-.7s-.1-.5-.3-.7zM5.8 14.7l6.2 6.3 6.2-6.3c.2-.2.3-.5.3-.7s-.1-.5-.3-.7c-.2-.2-.4-.3-.7-.3h-11c-.3 0-.5.1-.7.3-.2.2-.3.5-.3.7s.1.5.3.7z\"\/><\/svg><\/span><\/span><\/span><\/a><\/span><\/div>\n<nav><ul class='ez-toc-list ez-toc-list-level-1 ' ><li class='ez-toc-page-1 ez-toc-heading-level-2'><a class=\"ez-toc-link ez-toc-heading-1\" href=\"https:\/\/mythslegendes.com\/es\/mitologia-irlandesa\/la-muerte-de-celtchar-mac-uthechair\/#La-Mort-de-Celtchar-mac-Uthechair\" >La Mort de Celtchar mac Uthechair<\/a><\/li><\/ul><\/nav><\/div>\n<h2><span class=\"ez-toc-section\" id=\"La-Mort-de-Celtchar-mac-Uthechair\"><\/span>La Mort de Celtchar mac Uthechair<span class=\"ez-toc-section-end\"><\/span><\/h2>\n<p>1. D&rsquo;o\u00f9 vient la mort tragique de Celtchar mac Uthechar ?<br \/>Ce n&rsquo;est pas difficile \u00e0 dire. Il y avait un homme c\u00e9l\u00e8bre parmi les hommes d&rsquo;Ulster, Bl\u00e1i Briuga lui-m\u00eame, l&rsquo;Hospitalier. Il poss\u00e9dait sept troupeaux de bovins, sept centaines de b\u00eates dans chaque troupeau et un couple de boeufs pour labourer dans chaque troupeau. Il tenait aussi une auberge. Maintenant c&rsquo;\u00e9tait un geis pour lui qu&rsquo;une femme dans une compagnie ne devait entrer dans sa maison sans qu&rsquo;il dorme avec elle, \u00e0 moins que son mari ne soit dans cette compagnie. Alors Brig Brethach, la femme de Celtchar, alla \u00e0 sa maison. \u00ab\u00a0Ce n&rsquo;est pas bien ce que vous avez fait, la femme,\u00a0\u00bb dit Bl\u00e1i l&rsquo;Hospitalier. \u00ab\u00a0Venir \u00e0 moi comme vous \u00eates venue est un geis pour moi.\u00a0\u00bb \u00ab\u00a0C&rsquo;est un homme mis\u00e9rable,\u00a0\u00bb dit la femme,\u00a0\u00bbcelui qui viole son propre gessa.\u00a0\u00bb \u00ab\u00a0C&rsquo;est vrai. Je suis un vieil homme et de plus tu me provoques,\u00a0\u00bb dit-il. Cette nuit-l\u00e0, il dormit avec elle.<\/p>\n\n<p>2. Celtchar le sut; et il alla chercher sa femme. Bl\u00e1i l&rsquo;Hospitalier partit jusqu&rsquo;\u00e0 ce qu&rsquo;il soit \u00e0 c\u00f4t\u00e9 de Conchobar dans la Maison royale. Celtchar partit aussi jusqu&rsquo;\u00e0 ce qu&rsquo;il soit sur le plancher de la Maison royale. L\u00e0 \u00e9taient Conchobar et Cuchulainn jouant au jeu de Fidchell; et la poitrine de Bl\u00e1i l&rsquo;Hospitalier \u00e9tait entre eux, au-dessus du plateau de jeu. Et Celtchar planta une lance \u00e0 travers lui si bien qu&rsquo;elle se prit dans le clayonnage du mur derri\u00e8re lui, si bien que de la pointe de la lance une goutte (de sang) tomba sur le plateau.<\/p>\n\n<p>3. \u00ab\u00a0En v\u00e9rit\u00e9, Cuchulainn!\u00a0\u00bb dit Conchobar. \u00ab\u00a0En v\u00e9rit\u00e9, en effet, Conchobar! \u00a0\u00bb dit Cuchulainn. Le plateau de jeu est mesur\u00e9 \u00e0 partir de la goutte, par ici et par l\u00e0, pour savoir lequel des deux \u00e9tait le plus proche. De fait la goutte \u00e9tait plus proche de Conchobar et il \u00e9tait le plus long \u00e0 tirer vengeance. Bl\u00e1i l&rsquo;Hospitalier, cependant, mourut. Celtchar s&rsquo;\u00e9chappa jusqu&rsquo;\u00e0 ce qu&rsquo;il soit dans le territoire des D\u00e9isi de Munster au sud.<\/p>\n\n<p>4. \u00ab\u00a0C&rsquo;est mauvais, Conchobar!\u00a0\u00bb dirent les hommes d&rsquo;Ulster. \u00ab\u00a0Cela signifie la mort de deux hommes. C&rsquo;est assez que nous devions perdre l&rsquo;homme qui est mort, laisse Celtchar revenir dans sa terre,\u00a0\u00bb dirent les hommes d&rsquo;Ulster. \u00ab\u00a0Laissez-le venir, alors,\u00a0\u00bb dit Conchobar; \u00ab\u00a0et que son fils aille le chercher et qu&rsquo;il soit sa sauvegarde.\u00a0\u00bb En ce temps-l\u00e0, chez les hommes d&rsquo;Ulster le crime d&rsquo;un p\u00e8re ne retombait pas sur son fils, ni le crime du fils sur le p\u00e8re. Donc il alla jusqu&rsquo;\u00e0 ce qu&rsquo;il soit dans le sud pour le convoquer.<\/p>\n\n<p>5. \u00ab\u00a0Pour quelle raison es-tu venu, mon fils ?\u00a0\u00bb dit Celtchar. \u00ab\u00a0Pour que tu reviennes dans ta terre,\u00a0\u00bb dit le gar\u00e7on.\u00a0\u00bb Quelle est ma sauvegarde ? \u00a0\u00bb \u00ab\u00a0Moi,\u00a0\u00bb dit le gar\u00e7on. \u00ab\u00a0Vraiment\u00a0\u00bb, dit-il. \u00ab\u00a0subtile est la trahison que les hommes d&rsquo;Ulster pratiquent sur moi, que je doive aller avec la garantie de mon fils.\u00a0\u00bb &#8211; \u00ab\u00a0Subtil sera son nom et le nom de sa descendance,\u00a0\u00bb dit le druide. \u00ab\u00a0Reste [ici], gar\u00e7on,\u00a0\u00bb dit Celtchar,\u00a0\u00bbet j&rsquo;irai l\u00e0-bas.\u00a0\u00bb<\/p>\n\n<p>6. Cela est accompli, de l\u00e0 vient Semuine dans le territoire des D\u00e9isi.<\/p>\n\n<p>7. Cependant, voici le prix qui fut exig\u00e9 pour la mort de Bl\u00e1i l&rsquo;Hospitalier, les d\u00e9livrer des trois pires fl\u00e9aux qui viendraient en Ulster \u00e0 son \u00e9poque.<\/p>\n\n<p>8. Alors Conganchness mac Dedad vint venger son fr\u00e8re, Curoi fils de Daire mac Dedad lui-m\u00eame, sur les hommes d&rsquo;Ulster. Il d\u00e9vasta \u00e9norm\u00e9ment l&rsquo;Ulster. Les lances ou les \u00e9p\u00e9es ne le blessaient pas, mais rebondissaient sur lui comme sur la corne.<\/p>\n\n<p>9. \u00ab\u00a0Lib\u00e8re-nous de ce fl\u00e9au, Celtchar!\u00a0\u00bb dit Conchobar. \u00ab\u00a0S\u00fbrement je le ferai,\u00a0\u00bbdit Celtchar. Et un certain jour il alla s&rsquo;entretenir avec Conganchness pour le tromper, lui promettant sa fille, \u00e0 savoir Niam fille de Celtchar, ainsi que la fourniture d&rsquo;un d\u00eener pour cent chaque apr\u00e8s-midi. Alors la femme le trompa, lui demandant : \u00ab\u00a0Dites-moi,\u00a0\u00bb dit-elle,\u00a0\u00bbcomment vous pouvez \u00eatre tu\u00e9.\u00a0\u00bb &#8211; \u00ab\u00a0On doit pousser des pointes de fer chauff\u00e9es au rouge \u00e0 travers mes plantes de pied et mes tibias. \u00a0\u00bb Alors elle dit \u00e0 son p\u00e8re qu&rsquo;il devrait faire deux grandes pointes, et mettre un sort de sommeil sur lui, et qu&rsquo;il devrait rassembler une arm\u00e9e importante avec lui. Et ainsi fut fait. Et ils sont all\u00e9s sur le ventre, et les lances ont \u00e9t\u00e9 pouss\u00e9e dans ses plantes de pied avec des marteaux et directement dans sa moelle, de sorte qu&rsquo;il (Conganchness) est tomb\u00e9 \u00e0 cause de lui (Celtchar). Et Celtchar lui coupa la t\u00eate, sur laquelle un cairn fut \u00e9lev\u00e9, \u00e0 savoir, une pierre a \u00e9t\u00e9 plac\u00e9e par tout homme qui est venu l\u00e0.<\/p>\n\n<p>10. Et voici le second fl\u00e9au, c&rsquo;est-\u00e0-dire la Souris Brune, \u00e0 savoir, un roquet que le fils de la veuve avait trouv\u00e9 dans le creux d&rsquo;un ch\u00eane, et que la veuve avait \u00e9lev\u00e9 jusqu&rsquo;\u00e0 ce qu&rsquo;il soit grand. Finalement il s&rsquo;en prit aux brebis de la veuve, et il tua ses vaches, et son fils, et la tua elle-m\u00eame, et se rendit ensuite au Glen de la Grande-Truie. Chaque soir, il d\u00e9vastait une demeure en Ulster, et chaque jour il dormait. \u00ab\u00a0Lib\u00e8re-nous de lui, Celtchar!\u00a0\u00bb dit Conchobar. Et Celtchar alla dans un bois et en sortit un pied d&rsquo;aulne, et un trou fut creus\u00e9 en lui de la longueur de ses bras, et il le fit bouillir dans des herbes parfum\u00e9es, dans le miel et la graisse jusqu&rsquo;\u00e0 ce qu&rsquo;il soit tendre et r\u00e9sistant. Celtchar se rendit \u00e0 la caverne dans laquelle la Souris Brune avait l&rsquo;habitude de dormir et il entra dans la caverne t\u00f4t avant que la Souris Brune ne soit revenue apr\u00e8s ses meurtres. Elle revint et son museau se dressa haut en l&rsquo;air \u00e0 l&rsquo;odeur du bois. Et Celtchar poussa le bois vers elle dans la caverne. Le chien le prit dans ses m\u00e2choires et y planta ses crocs et les crocs s&rsquo;accroch\u00e8rent au bois dur. Celtchar tira le bois vers lui; et le chien tira de l&rsquo;autre c\u00f4t\u00e9; et Celtchar passa son bras \u00e0 travers le rondin (\u00e0 l&rsquo;int\u00e9rieur) et lui retira son coeur \u00e0 travers ses m\u00e2choires si bien qu&rsquo;il l&rsquo;eut dans sa main. Et il prit sa t\u00eate avec lui.<\/p>\n\n<p>11. Et ce jour-l\u00e0, \u00e0 la fin de l&rsquo;ann\u00e9e suivante, des vachers all\u00e8rent du c\u00f4t\u00e9 du cairn de Conganchness, et entendirent les cris de chiots dans le cairn. Et ils creus\u00e8rent dans le cairn et y trouv\u00e8rent trois chiots, \u00e0 savoir, un chien fauve, et un chien avec de petites taches, et un chien noir. Le chien avec les petites taches fut donn\u00e9 en pr\u00e9sent \u00e0 Mac Datho de Leinster, et \u00e0 cause de lui de nombreux hommes d&rsquo;Irlande moururent dans la maison de Mac Datho et Ailbe \u00e9tait le nom de ce chien. Et c&rsquo;est \u00e0 Culann le forgeron que le chien fauve fut donn\u00e9, et le chien noir \u00e9tait le propre chien de Celtchar, D\u00f3elch\u00fa. Il ne laissait personne l&rsquo;approcher hormis Celtchar. Une fois Celtchar n&rsquo;\u00e9tait pas \u00e0 la maison, et le chien \u00e9tait sorti, et les gens de sa maison ne pouvait pas l&rsquo;attraper, et il s&rsquo;en prit au b\u00e9tail et aux troupeaux, et \u00e0 la fin il s&rsquo;attaquait \u00e0 un \u00eatre vivant tous les soirs en Ulster.<\/p>\n\n<p>12. \u00ab\u00a0Lib\u00e8re-nous de ce fl\u00e9au, Celtchar!\u00a0\u00bb dit Conchobar. Celtchar se dirigea vers la vall\u00e9e dans laquelle le chien se trouvait, avec une centaine de guerriers, et trois fois il appela le chien jusqu&rsquo;\u00e0 ce qu&rsquo;ils le voient venir vers eux, allant tout droit jusqu&rsquo;\u00e0 Celtchar auquel il vint l\u00e9cher les pieds. \u00ab\u00a0C&rsquo;est d\u00e9solant, en v\u00e9rit\u00e9, ce que le chien fait\u00a0\u00bb, dirent-ils tous. \u00ab\u00a0Je ne veux plus \u00eatre incrimin\u00e9 \u00e0 cause de toi!\u00a0\u00bb dit Celtchar, en lui donnant un coup de Luin Celtchar<sup>6<\/sup>, de sorte qu&rsquo;il lui arracha le c\u0153ur, apr\u00e8s quoi il mourut. \u00ab\u00a0Malheur!\u00a0\u00bb cria tout le monde. \u00abC&rsquo;est vrai\u00bb, dit-il, tout en soulevant la lance, quand une goutte de sang du chien courut le long de la lance et passa \u00e0 travers lui jusqu&rsquo;\u00e0 la terre, de sorte qu&rsquo;il mourut de cela. Et l&rsquo;on fit sa lamentation, sa pierre et sa tombe furent \u00e9rig\u00e9es \u00e0 cet endroit. C&rsquo;est donc la mort tragique de Blai l&rsquo;Hospitalier, et de Conganchness, et de Celtchar le fils de Uthechar.Finit.<\/p>\n\t\t\t\t\t\t\t\t<\/div>\n\t\t\t\t<\/div>\n\t\t\t\t\t<\/div>\n\t\t<\/div>\n\t\t\t\t\t<\/div>\n\t\t<\/section>\n\t\t\t\t<\/div>\n\t\t","protected":false},"excerpt":{"rendered":"<p>Mythologie irlandaise Wiki Voici l&rsquo;histoire de la Mort de Celtchar mac Uthechair de la branche rouge de la mythologie irlandaise. &hellip; <\/p>","protected":false},"author":1,"featured_media":0,"parent":439,"menu_order":0,"comment_status":"closed","ping_status":"closed","template":"","meta":{"footnotes":""},"class_list":["post-827","page","type-page","status-publish","hentry"],"amp_enabled":true,"_links":{"self":[{"href":"https:\/\/mythslegendes.com\/es\/wp-json\/wp\/v2\/pages\/827","targetHints":{"allow":["GET"]}}],"collection":[{"href":"https:\/\/mythslegendes.com\/es\/wp-json\/wp\/v2\/pages"}],"about":[{"href":"https:\/\/mythslegendes.com\/es\/wp-json\/wp\/v2\/types\/page"}],"author":[{"embeddable":true,"href":"https:\/\/mythslegendes.com\/es\/wp-json\/wp\/v2\/users\/1"}],"replies":[{"embeddable":true,"href":"https:\/\/mythslegendes.com\/es\/wp-json\/wp\/v2\/comments?post=827"}],"version-history":[{"count":1,"href":"https:\/\/mythslegendes.com\/es\/wp-json\/wp\/v2\/pages\/827\/revisions"}],"predecessor-version":[{"id":24605,"href":"https:\/\/mythslegendes.com\/es\/wp-json\/wp\/v2\/pages\/827\/revisions\/24605"}],"up":[{"embeddable":true,"href":"https:\/\/mythslegendes.com\/es\/wp-json\/wp\/v2\/pages\/439"}],"wp:attachment":[{"href":"https:\/\/mythslegendes.com\/es\/wp-json\/wp\/v2\/media?parent=827"}],"curies":[{"name":"wp","href":"https:\/\/api.w.org\/{rel}","templated":true}]}}