{"id":836,"date":"2020-06-15T19:45:28","date_gmt":"2020-06-15T18:45:28","guid":{"rendered":"https:\/\/mythslegendes.com\/?page_id=836"},"modified":"2022-12-03T22:06:58","modified_gmt":"2022-12-03T22:06:58","slug":"lamour-de-conall-cernach","status":"publish","type":"page","link":"https:\/\/mythslegendes.com\/es\/mitologia-irlandesa\/amor-de-conall-cernach\/","title":{"rendered":"El amor de Conall Cernach"},"content":{"rendered":"<div data-elementor-type=\"wp-page\" data-elementor-id=\"836\" class=\"elementor elementor-836\">\n\t\t\t\t\t\t<section class=\"elementor-section elementor-top-section elementor-element elementor-element-d1b5de1 elementor-section-boxed elementor-section-height-default elementor-section-height-default\" data-id=\"d1b5de1\" data-element_type=\"section\" data-e-type=\"section\">\n\t\t\t\t\t\t<div class=\"elementor-container elementor-column-gap-default\">\n\t\t\t\t\t<div class=\"elementor-column elementor-col-50 elementor-top-column elementor-element elementor-element-7c86d02\" data-id=\"7c86d02\" data-element_type=\"column\" data-e-type=\"column\">\n\t\t\t<div class=\"elementor-widget-wrap elementor-element-populated\">\n\t\t\t\t\t\t<div class=\"elementor-element elementor-element-39c534b elementor-align-justify elementor-widget elementor-widget-button\" data-id=\"39c534b\" data-element_type=\"widget\" data-e-type=\"widget\" data-widget_type=\"button.default\">\n\t\t\t\t<div class=\"elementor-widget-container\">\n\t\t\t\t\t\t\t\t\t<div class=\"elementor-button-wrapper\">\n\t\t\t\t\t<a class=\"elementor-button elementor-button-link elementor-size-sm\" href=\"https:\/\/mythslegendes.com\/es\/mitologia-irlandesa\/\">\n\t\t\t\t\t\t<span class=\"elementor-button-content-wrapper\">\n\t\t\t\t\t\t\t\t\t<span class=\"elementor-button-text\">Mitolog\u00eda irlandesa<\/span>\n\t\t\t\t\t<\/span>\n\t\t\t\t\t<\/a>\n\t\t\t\t<\/div>\n\t\t\t\t\t\t\t\t<\/div>\n\t\t\t\t<\/div>\n\t\t\t\t\t<\/div>\n\t\t<\/div>\n\t\t\t\t<div class=\"elementor-column elementor-col-50 elementor-top-column elementor-element elementor-element-671803a\" data-id=\"671803a\" data-element_type=\"column\" data-e-type=\"column\">\n\t\t\t<div class=\"elementor-widget-wrap elementor-element-populated\">\n\t\t\t\t\t\t<div class=\"elementor-element elementor-element-a698f1a elementor-align-justify elementor-widget elementor-widget-button\" data-id=\"a698f1a\" data-element_type=\"widget\" data-e-type=\"widget\" data-widget_type=\"button.default\">\n\t\t\t\t<div class=\"elementor-widget-container\">\n\t\t\t\t\t\t\t\t\t<div class=\"elementor-button-wrapper\">\n\t\t\t\t\t<a class=\"elementor-button elementor-button-link elementor-size-sm\" href=\"https:\/\/fr.wikipedia.org\/wiki\/Mythologie_celtique_irlandaise\" target=\"_blank\" rel=\"noopener\">\n\t\t\t\t\t\t<span class=\"elementor-button-content-wrapper\">\n\t\t\t\t\t\t\t\t\t<span class=\"elementor-button-text\">Wiki<\/span>\n\t\t\t\t\t<\/span>\n\t\t\t\t\t<\/a>\n\t\t\t\t<\/div>\n\t\t\t\t\t\t\t\t<\/div>\n\t\t\t\t<\/div>\n\t\t\t\t\t<\/div>\n\t\t<\/div>\n\t\t\t\t\t<\/div>\n\t\t<\/section>\n\t\t\t\t<section class=\"elementor-section elementor-top-section elementor-element elementor-element-377212bf elementor-section-boxed elementor-section-height-default elementor-section-height-default\" data-id=\"377212bf\" data-element_type=\"section\" data-e-type=\"section\">\n\t\t\t\t\t\t<div class=\"elementor-container elementor-column-gap-default\">\n\t\t\t\t\t<div class=\"elementor-column elementor-col-100 elementor-top-column elementor-element elementor-element-55c356f4\" data-id=\"55c356f4\" data-element_type=\"column\" data-e-type=\"column\">\n\t\t\t<div class=\"elementor-widget-wrap elementor-element-populated\">\n\t\t\t\t\t\t<div class=\"elementor-element elementor-element-4a4db0a3 elementor-widget elementor-widget-text-editor\" data-id=\"4a4db0a3\" data-element_type=\"widget\" data-e-type=\"widget\" data-widget_type=\"text-editor.default\">\n\t\t\t\t<div class=\"elementor-widget-container\">\n\t\t\t\t\t\t\t\t\t\n<p>Aqu\u00ed est\u00e1 la historia del Amor de Conall Cernach, de <a href=\"https:\/\/mythslegendes.com\/es\/mitologia-irlandesa\/\">rama roja<\/a> de la <a href=\"https:\/\/mythslegendes.com\/es\/\">mitolog\u00eda<\/a> Irlandesa.<\/p>\n<p><img decoding=\"async\" class=\"alignnone wp-image-5284 size-full\" src=\"https:\/\/mythslegendes.com\/wp-content\/uploads\/2020\/09\/AlphaOmega-e1602613368367.png\" alt=\"Amor de Conall Cernach\" width=\"25\" height=\"26\" title=\"\"><\/p>\n<div id=\"ez-toc-container\" class=\"ez-toc-v2_0_82_2 counter-hierarchy ez-toc-counter ez-toc-grey ez-toc-container-direction\">\n<div class=\"ez-toc-title-container\">\n<p class=\"ez-toc-title\" style=\"cursor:inherit\">Contenido<\/p>\n<span class=\"ez-toc-title-toggle\"><a href=\"#\" class=\"ez-toc-pull-right ez-toc-btn ez-toc-btn-xs ez-toc-btn-default ez-toc-toggle\" aria-label=\"Alternar tabla de contenidos\"><span class=\"ez-toc-js-icon-con\"><span class=\"\"><span class=\"eztoc-hide\" style=\"display:none;\">Palanca<\/span><span class=\"ez-toc-icon-toggle-span\"><svg style=\"fill: #999;color:#999\" xmlns=\"http:\/\/www.w3.org\/2000\/svg\" class=\"list-377408\" width=\"20px\" height=\"20px\" viewbox=\"0 0 24 24\" fill=\"none\"><path d=\"M6 6H4v2h2V6zm14 0H8v2h12V6zM4 11h2v2H4v-2zm16 0H8v2h12v-2zM4 16h2v2H4v-2zm16 0H8v2h12v-2z\" fill=\"currentColor\"><\/path><\/svg><svg style=\"fill: #999;color:#999\" class=\"arrow-unsorted-368013\" xmlns=\"http:\/\/www.w3.org\/2000\/svg\" width=\"10px\" height=\"10px\" viewbox=\"0 0 24 24\" version=\"1.2\" baseprofile=\"tiny\"><path d=\"M18.2 9.3l-6.2-6.3-6.2 6.3c-.2.2-.3.4-.3.7s.1.5.3.7c.2.2.4.3.7.3h11c.3 0 .5-.1.7-.3.2-.2.3-.5.3-.7s-.1-.5-.3-.7zM5.8 14.7l6.2 6.3 6.2-6.3c.2-.2.3-.5.3-.7s-.1-.5-.3-.7c-.2-.2-.4-.3-.7-.3h-11c-.3 0-.5.1-.7.3-.2.2-.3.5-.3.7s.1.5.3.7z\"\/><\/svg><\/span><\/span><\/span><\/a><\/span><\/div>\n<nav><ul class='ez-toc-list ez-toc-list-level-1' ><li class='ez-toc-page-1 ez-toc-heading-level-2'><a class=\"ez-toc-link ez-toc-heading-1\" href=\"https:\/\/mythslegendes.com\/es\/mitologia-irlandesa\/amor-de-conall-cernach\/#Amour-de-Conall-Cernach\" >Amor de Conall Cernach<\/a><\/li><\/ul><\/nav><\/div>\n<h2><span class=\"ez-toc-section\" id=\"Amour-de-Conall-Cernach\"><\/span>Amor de Conall Cernach<span class=\"ez-toc-section-end\"><\/span><\/h2>\n<p>Hab\u00eda un hombre feroz entre los hombres del Ulster, Conall el Victorioso, el hijo de Amorgen, el mejor guerrero que hab\u00eda en <a href=\"https:\/\/mythslegendes.com\/es\/mitologia-irlandesa\/\">Irlanda<\/a>. Grande fue su audacia. Era un hombre que desde su infancia, mientras ten\u00eda una lanza en la mano, no regresaba sin portar la cabeza de un hombre de Connaught. Estaba librando una guerra mortal contra los hombres de Connaught, porque hab\u00edan matado a sus hermanos. Sin embargo, no hab\u00eda un solo hombre entre los hombres de Connaught a cuyo hijo, hermano o padre no hubiera matado. Y hab\u00eda matado a tres hijos de Ailill y Medb, y tambi\u00e9n hab\u00eda matado a Belchu de Breefne y a sus tres hijos, y fue \u00e9l quien hab\u00eda matado a los siete hijos de Magu de Connaught, es decir, Anl\u00faan hijo de Magu, y Docha hijo de Magu, y Mac Corb hijo de Magu, y Find hijo de Magu, y Scandl\u00e1n hijo de Magu, y Cet, y Ailill hijo de Magu. Y fue \u00e9l quien mat\u00f3 a Ailill, hijo de Mata Muresc de Connaught, porque Mata Muresc era su madre (la de Ailill), y \u00e9l era hijo de Ross el Rojo de Leinster. Y \u00e9l (Ailill) fue hacia el este para disputar el reinado de Leinster, y se apoder\u00f3 del reinado de Connaught en el Oeste, en nombre de su madre, y de la tierra de su madre proviene el nombre del hijo (es decir, mac Mata) que le fue dado en el oeste.<\/p>\n\n<p>Al final, sin embargo, la debilidad y la tristeza sobrevinieron a Conall el Victorioso, despu\u00e9s de que sus hermanos adoptivos Conchobar y Cuchulinn hab\u00edan sido asesinados, de modo que le sobrevino mucha tristeza y miseria y lepra, de modo que no tuvo fuerzas en sus pies para caminar. Viene y va. Y consider\u00f3 dentro de s\u00ed mismo a qu\u00e9 hogar deber\u00eda ir para ser querido y alimentado.<\/p>\n\n<p>\u201cAilill y Medb, en verdad\u201d, dijo, \u201cestos son los dos que pueden cuidarme. Pero, sin embargo, mi odio hacia ellos es grande. Sin embargo, por grande que sea, tengo que irme. \u00bb<\/p>\n\n<p>As\u00ed que solo fue hasta que lleg\u00f3 a Rath Cruachan, y entr\u00f3 en el <em>Rath<\/em> donde estaban Ailill y Medb. Y Ailill le dio la bienvenida.<\/p>\n\n<p>&quot;Eres bienvenido&quot;, dijo Medb, &quot;Oh Conall *** Efectivamente ser\u00e1s bienvenido&quot;, dijo Medb. Se har\u00e1 una casa (para ti) en la muralla del rath. &quot;\u00a0<\/p>\n\n<p>Le construyeron una casa, y le trajeron un cerdo y un ternero y las noticias de Medb y Ailill y doce tortas y un cordero y la olla de caldo, y los consumi\u00f3 todo de una vez. \u00c9l es la muralla del rath, y los hombres de Connaught lo llenan todas las noches, y antes de la ma\u00f1ana vuelve a casa.<\/p>\n\n<p>De esta manera lo alimentaron durante un a\u00f1o completo, d\u00e1ndole la misma fiesta que aquella vez (la primera). Esto es lo que divert\u00eda todos los d\u00edas a los hombres de Connaught, que les contara c\u00f3mo hab\u00eda matado a sus hijos y a sus hermanos y a sus padres. Los hombres de Connaught le traer\u00edan sus lanzas para prepararlas y afilarlas, y \u00e9l las preparar\u00eda antes de que despertaran las vacas.<\/p>\n\n<p>Ahora bien, grande era el poder, el honor y la dignidad de Medb, y grande era su deseo en todo, es decir, iba con treinta hombres todos los d\u00edas, o con Fergus solo. Su marido, sin embargo, era de la misma edad que ella, es decir, Ailill, un hombre sin mancha, es decir, sin celos, sin miedo, sin mezquindad. Hermosas eran la forma y la fuerza de este hombre y bueno su juicio, es decir, cuando un hombre jugaba contra Ailill, si un sirviente de Medb ven\u00eda a convocarlo a una reuni\u00f3n con ella. Esto es lo que sol\u00eda decir Ailill, \u201cEspera un poco hasta que termine el juego\u201d. Tambi\u00e9n sol\u00eda salir con otras mujeres, desafiando a su esposa, y ella estaba celosa por esto, por lo que llev\u00f3 a Conall Cernach a su casa (para vigilar) a Ailill, para que no hiciera tal cosa en contra de su permiso.<\/p>\n\n<p>Un d\u00eda, temprano en la ma\u00f1ana de Beltaine, Ailill ten\u00eda una cita con una mujer cerca de la fortaleza. Sin embargo, Conall prepar\u00f3 lanzas en (el baluarte de) el rath. Medb tambi\u00e9n sali\u00f3, porque sab\u00eda que se iban a encontrar. Hab\u00eda un arbusto de avellano en movimiento junto a la pareja, y Medb lo vio. \u201cBueno, Conall\u201d, dijo Medb, \u201cConall el Victorioso ha sido tu nombre hasta el d\u00eda de hoy. A partir de ahora tu nombre ser\u00e1 Conall the Wretched. Cuando eras Conall el Victorioso, nadie se habr\u00eda atrevido a violar tu garant\u00eda. Hoy, este esc\u00e1ndalo de all\u00e1 est\u00e1 muy cerca de ti\u201d. Entonces Conall dijo: &quot;\u00a1En verdad, aqu\u00ed est\u00e1 la venganza por Fergus!&quot; dijo, y amartill\u00f3 su lanza contra ellos de modo que atraves\u00f3 a Ailill, o tal vez lo hiri\u00f3 en una casa vac\u00eda a trav\u00e9s del techo de paja de arriba. Todos vinieron a \u00e9l (Aillil), y lo llevaron con ellos a la casa.<\/p>\n\n<p>Todo el mundo pregunta: &quot;\u00bfQui\u00e9n hizo esto?&quot; &quot;Conall lo hizo&quot;, dijo Ailill. &quot;\u00a1Desgracia! \u00a1Esto no es cierto! Dijo Conall. &quot; Que <em>es<\/em> cierto\u201d, dice Medb. \u2014Si eso es cierto, entonces \u2014dijo\u2014 hay una venganza para Fergus en eso. \u2014Est\u00e1 mal por tu parte lo que has hecho \u2014dijo Ailill\u2014 por haberme hecho da\u00f1o. Al\u00e9jate de mi cara antes de que muera. Porque, despu\u00e9s de mi muerte, los hombres de Connaught te matar\u00e1n. \u2014Es suficiente para m\u00ed \u2014dijo Conall\u2014 si llego a mi carro frente a la fortaleza. &quot;No morir\u00e9 antes de eso&quot;, dijo Ailill.<\/p>\n\n<p>Se subi\u00f3 a su carro. Inmediatamente Ailill muri\u00f3 all\u00ed (en la casa). Entonces, sin embargo, los hombres de Connaught le arrojaron sus lanzas con vehemencia. Mat\u00f3 a muchos de ellos. Hab\u00eda uno <em>geis<\/em> de \u00e9l para entrar en un vado sin que el agua est\u00e9 agitada detr\u00e1s de \u00e9l. Hab\u00eda mineros lavando mineral en el r\u00edo por encima de \u00e9l, y el agua turbulenta lo alcanz\u00f3, de modo que lo golpe\u00f3 antes que nadie. Luego cay\u00f3 bajo sus golpes despu\u00e9s de llevar la masacre a los hombres de Connaught. Los tres Lobos Rojos de Martine des Fir Maige (Fermoy), son los que le cortan la cabeza; eran Erna, y estaban en la casa de Ailill. Y para vengar a Curoi le cortaron la cabeza. Y mientras lo estaban matando, Medb los persigui\u00f3. Fue entonces cuando Medb dijo:<\/p>\n\n<p>&quot;Oh cabeza p\u00e1lida, que despu\u00e9s del arbitraje (de la batalla)<br \/>Ganan los tres Lobos Rojos de Martine.<br \/>Es la cara de un h\u00e9roe ***,<br \/>La cabeza de Conall, hijo de Amorgen.<\/p>\n\n<p>Se llevaron la cabeza de Conall con ellos en venganza por Curoi, cuya cabeza los Ulates se hab\u00edan llevado con ellos hacia el norte. Y la cabeza (de Conall) todav\u00eda est\u00e1 hacia el oeste. En \u00e9l se paraban terneros de cuatro a\u00f1os, o cuatro hombres jugando <em>fidchell<\/em>, o una pareja en una litera. Hay una profec\u00eda para los Ulates de que debe ser devuelto al sur nuevamente, y la misma fuerza volver\u00e1 a ellos, si beben leche a trav\u00e9s de \u00e9l. Y as\u00ed dice el dicho: \u201cLa destrucci\u00f3n del Ulster por la destrucci\u00f3n del Ulster. \u00bb<\/p>\n\n<p>Muerte de Ailill y Conall the Victor hasta ahora.<\/p>\n\t\t\t\t\t\t\t\t<\/div>\n\t\t\t\t<\/div>\n\t\t\t\t\t<\/div>\n\t\t<\/div>\n\t\t\t\t\t<\/div>\n\t\t<\/section>\n\t\t\t\t<\/div>","protected":false},"excerpt":{"rendered":"<p>Mythologie irlandaise Wiki Voici l&rsquo;histoire de l&rsquo;Amour de Conall Cernach, de la branche rouge de la mythologie irlandaise. Amour de &hellip; <\/p>","protected":false},"author":1,"featured_media":0,"parent":439,"menu_order":0,"comment_status":"closed","ping_status":"closed","template":"","meta":{"footnotes":""},"class_list":["post-836","page","type-page","status-publish","hentry"],"amp_enabled":true,"_links":{"self":[{"href":"https:\/\/mythslegendes.com\/es\/wp-json\/wp\/v2\/pages\/836","targetHints":{"allow":["GET"]}}],"collection":[{"href":"https:\/\/mythslegendes.com\/es\/wp-json\/wp\/v2\/pages"}],"about":[{"href":"https:\/\/mythslegendes.com\/es\/wp-json\/wp\/v2\/types\/page"}],"author":[{"embeddable":true,"href":"https:\/\/mythslegendes.com\/es\/wp-json\/wp\/v2\/users\/1"}],"replies":[{"embeddable":true,"href":"https:\/\/mythslegendes.com\/es\/wp-json\/wp\/v2\/comments?post=836"}],"version-history":[{"count":1,"href":"https:\/\/mythslegendes.com\/es\/wp-json\/wp\/v2\/pages\/836\/revisions"}],"predecessor-version":[{"id":24608,"href":"https:\/\/mythslegendes.com\/es\/wp-json\/wp\/v2\/pages\/836\/revisions\/24608"}],"up":[{"embeddable":true,"href":"https:\/\/mythslegendes.com\/es\/wp-json\/wp\/v2\/pages\/439"}],"wp:attachment":[{"href":"https:\/\/mythslegendes.com\/es\/wp-json\/wp\/v2\/media?parent=836"}],"curies":[{"name":"wp","href":"https:\/\/api.w.org\/{rel}","templated":true}]}}