{"id":839,"date":"2020-06-15T19:46:57","date_gmt":"2020-06-15T18:46:57","guid":{"rendered":"https:\/\/mythslegendes.com\/?page_id=839"},"modified":"2022-12-03T22:06:58","modified_gmt":"2022-12-03T22:06:58","slug":"la-mort-de-medb","status":"publish","type":"page","link":"https:\/\/mythslegendes.com\/es\/mitologia-irlandesa\/la-muerte-de-medb\/","title":{"rendered":"La muerte de Medb"},"content":{"rendered":"<div data-elementor-type=\"wp-page\" data-elementor-id=\"839\" class=\"elementor elementor-839\">\n\t\t\t\t\t\t<section class=\"elementor-section elementor-top-section elementor-element elementor-element-f2fe3b5 elementor-section-boxed elementor-section-height-default elementor-section-height-default\" data-id=\"f2fe3b5\" data-element_type=\"section\" data-e-type=\"section\">\n\t\t\t\t\t\t<div class=\"elementor-container elementor-column-gap-default\">\n\t\t\t\t\t<div class=\"elementor-column elementor-col-50 elementor-top-column elementor-element elementor-element-cf50869\" data-id=\"cf50869\" data-element_type=\"column\" data-e-type=\"column\">\n\t\t\t<div class=\"elementor-widget-wrap elementor-element-populated\">\n\t\t\t\t\t\t<div class=\"elementor-element elementor-element-64defea elementor-align-justify elementor-widget elementor-widget-button\" data-id=\"64defea\" data-element_type=\"widget\" data-e-type=\"widget\" data-widget_type=\"button.default\">\n\t\t\t\t<div class=\"elementor-widget-container\">\n\t\t\t\t\t\t\t\t\t<div class=\"elementor-button-wrapper\">\n\t\t\t\t\t<a class=\"elementor-button elementor-button-link elementor-size-sm\" href=\"https:\/\/mythslegendes.com\/es\/mitologia-irlandesa\/\">\n\t\t\t\t\t\t<span class=\"elementor-button-content-wrapper\">\n\t\t\t\t\t\t\t\t\t<span class=\"elementor-button-text\">Mitolog\u00eda irlandesa<\/span>\n\t\t\t\t\t<\/span>\n\t\t\t\t\t<\/a>\n\t\t\t\t<\/div>\n\t\t\t\t\t\t\t\t<\/div>\n\t\t\t\t<\/div>\n\t\t\t\t\t<\/div>\n\t\t<\/div>\n\t\t\t\t<div class=\"elementor-column elementor-col-50 elementor-top-column elementor-element elementor-element-18ff6d6\" data-id=\"18ff6d6\" data-element_type=\"column\" data-e-type=\"column\">\n\t\t\t<div class=\"elementor-widget-wrap elementor-element-populated\">\n\t\t\t\t\t\t<div class=\"elementor-element elementor-element-bfac3c1 elementor-align-justify elementor-widget elementor-widget-button\" data-id=\"bfac3c1\" data-element_type=\"widget\" data-e-type=\"widget\" data-widget_type=\"button.default\">\n\t\t\t\t<div class=\"elementor-widget-container\">\n\t\t\t\t\t\t\t\t\t<div class=\"elementor-button-wrapper\">\n\t\t\t\t\t<a class=\"elementor-button elementor-button-link elementor-size-sm\" href=\"https:\/\/fr.wikipedia.org\/wiki\/Mythologie_celtique_irlandaise\" target=\"_blank\" rel=\"noopener\">\n\t\t\t\t\t\t<span class=\"elementor-button-content-wrapper\">\n\t\t\t\t\t\t\t\t\t<span class=\"elementor-button-text\">Wiki<\/span>\n\t\t\t\t\t<\/span>\n\t\t\t\t\t<\/a>\n\t\t\t\t<\/div>\n\t\t\t\t\t\t\t\t<\/div>\n\t\t\t\t<\/div>\n\t\t\t\t\t<\/div>\n\t\t<\/div>\n\t\t\t\t\t<\/div>\n\t\t<\/section>\n\t\t\t\t<section class=\"elementor-section elementor-top-section elementor-element elementor-element-69094b4c elementor-section-boxed elementor-section-height-default elementor-section-height-default\" data-id=\"69094b4c\" data-element_type=\"section\" data-e-type=\"section\">\n\t\t\t\t\t\t<div class=\"elementor-container elementor-column-gap-default\">\n\t\t\t\t\t<div class=\"elementor-column elementor-col-100 elementor-top-column elementor-element elementor-element-7fa1b0bb\" data-id=\"7fa1b0bb\" data-element_type=\"column\" data-e-type=\"column\">\n\t\t\t<div class=\"elementor-widget-wrap elementor-element-populated\">\n\t\t\t\t\t\t<div class=\"elementor-element elementor-element-1354c3f6 elementor-widget elementor-widget-text-editor\" data-id=\"1354c3f6\" data-element_type=\"widget\" data-e-type=\"widget\" data-widget_type=\"text-editor.default\">\n\t\t\t\t<div class=\"elementor-widget-container\">\n\t\t\t\t\t\t\t\t\t\n<p>Esta es la historia de la Muerte de Medb, del <a href=\"https:\/\/mythslegendes.com\/es\/mitologia-irlandesa\/\">rama roja<\/a> de la <a href=\"https:\/\/mythslegendes.com\/es\/\">mitolog\u00eda<\/a> Irlandesa.<\/p>\n<p><img decoding=\"async\" class=\"alignnone wp-image-5284 size-full\" src=\"https:\/\/mythslegendes.com\/wp-content\/uploads\/2020\/09\/AlphaOmega-e1602613368367.png\" alt=\"La muerte de Medb\" width=\"25\" height=\"26\" title=\"\"><\/p>\n<div id=\"ez-toc-container\" class=\"ez-toc-v2_0_82_2 counter-hierarchy ez-toc-counter ez-toc-grey ez-toc-container-direction\">\n<div class=\"ez-toc-title-container\">\n<p class=\"ez-toc-title\" style=\"cursor:inherit\">Contenido<\/p>\n<span class=\"ez-toc-title-toggle\"><a href=\"#\" class=\"ez-toc-pull-right ez-toc-btn ez-toc-btn-xs ez-toc-btn-default ez-toc-toggle\" aria-label=\"Alternar tabla de contenidos\"><span class=\"ez-toc-js-icon-con\"><span class=\"\"><span class=\"eztoc-hide\" style=\"display:none;\">Palanca<\/span><span class=\"ez-toc-icon-toggle-span\"><svg style=\"fill: #999;color:#999\" xmlns=\"http:\/\/www.w3.org\/2000\/svg\" class=\"list-377408\" width=\"20px\" height=\"20px\" viewbox=\"0 0 24 24\" fill=\"none\"><path d=\"M6 6H4v2h2V6zm14 0H8v2h12V6zM4 11h2v2H4v-2zm16 0H8v2h12v-2zM4 16h2v2H4v-2zm16 0H8v2h12v-2z\" fill=\"currentColor\"><\/path><\/svg><svg style=\"fill: #999;color:#999\" class=\"arrow-unsorted-368013\" xmlns=\"http:\/\/www.w3.org\/2000\/svg\" width=\"10px\" height=\"10px\" viewbox=\"0 0 24 24\" version=\"1.2\" baseprofile=\"tiny\"><path d=\"M18.2 9.3l-6.2-6.3-6.2 6.3c-.2.2-.3.4-.3.7s.1.5.3.7c.2.2.4.3.7.3h11c.3 0 .5-.1.7-.3.2-.2.3-.5.3-.7s-.1-.5-.3-.7zM5.8 14.7l6.2 6.3 6.2-6.3c.2-.2.3-.5.3-.7s-.1-.5-.3-.7c-.2-.2-.4-.3-.7-.3h-11c-.3 0-.5.1-.7.3-.2.2-.3.5-.3.7s.1.5.3.7z\"\/><\/svg><\/span><\/span><\/span><\/a><\/span><\/div>\n<nav><ul class='ez-toc-list ez-toc-list-level-1' ><li class='ez-toc-page-1 ez-toc-heading-level-2'><a class=\"ez-toc-link ez-toc-heading-1\" href=\"https:\/\/mythslegendes.com\/es\/mitologia-irlandesa\/la-muerte-de-medb\/#La-Mort-de-Medb\" >La muerte de Medb<\/a><\/li><\/ul><\/nav><\/div>\n<h2><span class=\"ez-toc-section\" id=\"La-Mort-de-Medb\"><\/span>La muerte de Medb<span class=\"ez-toc-section-end\"><\/span><\/h2>\n<p>El rey Eocha Feidlech tuvo tres hijos y tres hijas. Sus hijos intentaron arrebatarle el reinado, pero fueron recibidos por su hermana, Clothru, que intent\u00f3 disuadirlos. \u201c\u00bfHas venido a hacerle da\u00f1o a tu padre? Es un gran error, si es necesario hacerlo. \u00bb \u201cEsto no se puede evitar\u201d, declararon los j\u00f3venes. &quot;\u00bfDejas alg\u00fan ni\u00f1o atr\u00e1s?&quot; \u00bb pregunt\u00f3 la mujer. \u201cYa no est\u00e1n vivos\u201d, declararon los j\u00f3venes. \u201cEs probable que mueras como resultado de tu crimen. \u00bb<\/p>\n\n<p>\u201cVenite ad me\u201d, se preocup\u00f3 Ilia, \u201cnamque tempus mihi est concipiendi\u201d. Videamus num progeniem mecum relicturi sitis. \u00bb Hecho est. Alius super alium cum ea coierunt. Bendito sea el caso. Peperit \u201cLugaid de las rayas rojas\u201d, filium trium Findemna. \u201c\u00a1Nolite contra patrem procedere!\u201d \u00bb pregunt\u00f3 Ilia, \u00absatis sceleris admitistis qui cum sorore vestra dormiveritis, ita ut contra patrem pugnare non debeatis. \u00bb Prohibici\u00f3n pugnarent Hoc quominus.<\/p>\n\n<p>Clothru hizo cumplir las leyes de Connaught en la isla de Clothru (<em> Inis Clothrand <\/em>) en el lago Ree. Dicen que Medb asesin\u00f3 a su hermana Clothru, y que su hijo, In Furbaide mac Conchobuir, fue arrancado de su costado a espada. Entonces Medb se apoder\u00f3 del reinado de Connaught y tom\u00f3 a Ailill para reinar a su lado. Y fue en Inis Clothrand donde administr\u00f3 las leyes de Connaught.<\/p>\n\n<p>Ten\u00eda la obligaci\u00f3n m\u00e1gica de ba\u00f1arse todas las ma\u00f1anas en un manantial al final de la isla. Un d\u00eda Furbaide fue a Inis Clothrand y fij\u00f3 un poste en la losa de piedra sobre la que Medb sol\u00eda realizar sus abluciones. At\u00f3 una cuerda a la parte superior del poste, y la estaca era tan alta como Medb, y estir\u00f3 la cuerda a trav\u00e9s del lago Ree, de este a oeste. Luego se llev\u00f3 la cuerda a casa, y cuando los j\u00f3venes del Ulster jugaban, \u00e9ste era el juego de Furbaide: estiraba la cuerda entre dos estacas y practicaba el lanzamiento con su honda entre ellas, y no paraba hasta llegar a la manzana. eso estaba en la parte superior del poste.<\/p>\n\n<p>Un d\u00eda hubo una gran reuni\u00f3n de hombres de Connaught y Ulster alrededor del lago Ree, al oeste y al este. Y Medb fue a ba\u00f1arse temprano en la ma\u00f1ana en el manantial sobre el lago.<\/p>\n\n<p>&quot;\u00a1Qu\u00e9 hermosa persona all\u00ed!&quot; \u00bb dijeron todos. &quot; \u00bfQuien esta ahi? \u00bb pregunt\u00f3 Furbaide. \u201cLa hermana de tu madre\u201d, dijeron todos.<\/p>\n\n<p>Luego comi\u00f3 un trozo de queso. No esper\u00f3 para recoger una piedra. Puso el queso en su honda, y cuando la frente de Medb se volvi\u00f3 hacia ellos, arroj\u00f3 el trozo y se lo hundi\u00f3 en la cabeza.<\/p>\n\n<p>Y as\u00ed la mat\u00f3 de un solo tiro y veng\u00f3 a su madre.<\/p>\n\t\t\t\t\t\t\t\t<\/div>\n\t\t\t\t<\/div>\n\t\t\t\t\t<\/div>\n\t\t<\/div>\n\t\t\t\t\t<\/div>\n\t\t<\/section>\n\t\t\t\t<\/div>","protected":false},"excerpt":{"rendered":"<p>Mythologie irlandaise Wiki Voici l&rsquo;histoire de la Mort de Medb, de la branche rouge de la mythologie irlandaise. La Mort &hellip; <\/p>","protected":false},"author":1,"featured_media":0,"parent":439,"menu_order":0,"comment_status":"closed","ping_status":"closed","template":"","meta":{"footnotes":""},"class_list":["post-839","page","type-page","status-publish","hentry"],"amp_enabled":true,"_links":{"self":[{"href":"https:\/\/mythslegendes.com\/es\/wp-json\/wp\/v2\/pages\/839","targetHints":{"allow":["GET"]}}],"collection":[{"href":"https:\/\/mythslegendes.com\/es\/wp-json\/wp\/v2\/pages"}],"about":[{"href":"https:\/\/mythslegendes.com\/es\/wp-json\/wp\/v2\/types\/page"}],"author":[{"embeddable":true,"href":"https:\/\/mythslegendes.com\/es\/wp-json\/wp\/v2\/users\/1"}],"replies":[{"embeddable":true,"href":"https:\/\/mythslegendes.com\/es\/wp-json\/wp\/v2\/comments?post=839"}],"version-history":[{"count":1,"href":"https:\/\/mythslegendes.com\/es\/wp-json\/wp\/v2\/pages\/839\/revisions"}],"predecessor-version":[{"id":24609,"href":"https:\/\/mythslegendes.com\/es\/wp-json\/wp\/v2\/pages\/839\/revisions\/24609"}],"up":[{"embeddable":true,"href":"https:\/\/mythslegendes.com\/es\/wp-json\/wp\/v2\/pages\/439"}],"wp:attachment":[{"href":"https:\/\/mythslegendes.com\/es\/wp-json\/wp\/v2\/media?parent=839"}],"curies":[{"name":"wp","href":"https:\/\/api.w.org\/{rel}","templated":true}]}}