{"id":845,"date":"2020-06-15T20:27:45","date_gmt":"2020-06-15T19:27:45","guid":{"rendered":"https:\/\/mythslegendes.com\/?page_id=845"},"modified":"2022-12-03T22:06:58","modified_gmt":"2022-12-03T22:06:58","slug":"lhistoire-de-tuan-mac-cairell","status":"publish","type":"page","link":"https:\/\/mythslegendes.com\/es\/mitologia-irlandesa\/la-historia-de-tuan-mac-cairell\/","title":{"rendered":"La historia de Tuan Mac Cairell"},"content":{"rendered":"<div data-elementor-type=\"wp-page\" data-elementor-id=\"845\" class=\"elementor elementor-845\">\n\t\t\t\t\t\t<section class=\"elementor-section elementor-top-section elementor-element elementor-element-c381de3 elementor-section-boxed elementor-section-height-default elementor-section-height-default\" data-id=\"c381de3\" data-element_type=\"section\" data-e-type=\"section\">\n\t\t\t\t\t\t<div class=\"elementor-container elementor-column-gap-default\">\n\t\t\t\t\t<div class=\"elementor-column elementor-col-50 elementor-top-column elementor-element elementor-element-fe1e5cd\" data-id=\"fe1e5cd\" data-element_type=\"column\" data-e-type=\"column\">\n\t\t\t<div class=\"elementor-widget-wrap elementor-element-populated\">\n\t\t\t\t\t\t<div class=\"elementor-element elementor-element-29d399e elementor-align-justify elementor-widget elementor-widget-button\" data-id=\"29d399e\" data-element_type=\"widget\" data-e-type=\"widget\" data-widget_type=\"button.default\">\n\t\t\t\t<div class=\"elementor-widget-container\">\n\t\t\t\t\t\t\t\t\t<div class=\"elementor-button-wrapper\">\n\t\t\t\t\t<a class=\"elementor-button elementor-button-link elementor-size-sm\" href=\"https:\/\/mythslegendes.com\/es\/mitologia-irlandesa\/\">\n\t\t\t\t\t\t<span class=\"elementor-button-content-wrapper\">\n\t\t\t\t\t\t\t\t\t<span class=\"elementor-button-text\">Mitolog\u00eda irlandesa<\/span>\n\t\t\t\t\t<\/span>\n\t\t\t\t\t<\/a>\n\t\t\t\t<\/div>\n\t\t\t\t\t\t\t\t<\/div>\n\t\t\t\t<\/div>\n\t\t\t\t\t<\/div>\n\t\t<\/div>\n\t\t\t\t<div class=\"elementor-column elementor-col-50 elementor-top-column elementor-element elementor-element-9f8fba6\" data-id=\"9f8fba6\" data-element_type=\"column\" data-e-type=\"column\">\n\t\t\t<div class=\"elementor-widget-wrap elementor-element-populated\">\n\t\t\t\t\t\t<div class=\"elementor-element elementor-element-9597e24 elementor-align-justify elementor-widget elementor-widget-button\" data-id=\"9597e24\" data-element_type=\"widget\" data-e-type=\"widget\" data-widget_type=\"button.default\">\n\t\t\t\t<div class=\"elementor-widget-container\">\n\t\t\t\t\t\t\t\t\t<div class=\"elementor-button-wrapper\">\n\t\t\t\t\t<a class=\"elementor-button elementor-button-link elementor-size-sm\" href=\"https:\/\/fr.wikipedia.org\/wiki\/Mythologie_celtique_irlandaise\" target=\"_blank\" rel=\"noopener\">\n\t\t\t\t\t\t<span class=\"elementor-button-content-wrapper\">\n\t\t\t\t\t\t\t\t\t<span class=\"elementor-button-text\">Wiki<\/span>\n\t\t\t\t\t<\/span>\n\t\t\t\t\t<\/a>\n\t\t\t\t<\/div>\n\t\t\t\t\t\t\t\t<\/div>\n\t\t\t\t<\/div>\n\t\t\t\t\t<\/div>\n\t\t<\/div>\n\t\t\t\t\t<\/div>\n\t\t<\/section>\n\t\t\t\t<section class=\"elementor-section elementor-top-section elementor-element elementor-element-4e62a50 elementor-section-boxed elementor-section-height-default elementor-section-height-default\" data-id=\"4e62a50\" data-element_type=\"section\" data-e-type=\"section\">\n\t\t\t\t\t\t<div class=\"elementor-container elementor-column-gap-default\">\n\t\t\t\t\t<div class=\"elementor-column elementor-col-100 elementor-top-column elementor-element elementor-element-51100825\" data-id=\"51100825\" data-element_type=\"column\" data-e-type=\"column\">\n\t\t\t<div class=\"elementor-widget-wrap elementor-element-populated\">\n\t\t\t\t\t\t<div class=\"elementor-element elementor-element-35149679 elementor-widget elementor-widget-text-editor\" data-id=\"35149679\" data-element_type=\"widget\" data-e-type=\"widget\" data-widget_type=\"text-editor.default\">\n\t\t\t\t<div class=\"elementor-widget-container\">\n\t\t\t\t\t\t\t\t\t\n<p>Esta es la historia de Tuan Mac Cairell del ciclo mitol\u00f3gico <a href=\"https:\/\/mythslegendes.com\/es\/mitologia-irlandesa\/\">irlandesa<\/a>.<\/p>\n<p><img decoding=\"async\" class=\"alignnone wp-image-5284 size-full\" src=\"https:\/\/mythslegendes.com\/wp-content\/uploads\/2020\/09\/AlphaOmega-e1602613368367.png\" alt=\"Tuan Mac Cairell\" width=\"25\" height=\"26\" title=\"\"><\/p>\n<div id=\"ez-toc-container\" class=\"ez-toc-v2_0_82_2 counter-hierarchy ez-toc-counter ez-toc-grey ez-toc-container-direction\">\n<div class=\"ez-toc-title-container\">\n<p class=\"ez-toc-title\" style=\"cursor:inherit\">Contenido<\/p>\n<span class=\"ez-toc-title-toggle\"><a href=\"#\" class=\"ez-toc-pull-right ez-toc-btn ez-toc-btn-xs ez-toc-btn-default ez-toc-toggle\" aria-label=\"Alternar tabla de contenidos\"><span class=\"ez-toc-js-icon-con\"><span class=\"\"><span class=\"eztoc-hide\" style=\"display:none;\">Palanca<\/span><span class=\"ez-toc-icon-toggle-span\"><svg style=\"fill: #999;color:#999\" xmlns=\"http:\/\/www.w3.org\/2000\/svg\" class=\"list-377408\" width=\"20px\" height=\"20px\" viewbox=\"0 0 24 24\" fill=\"none\"><path d=\"M6 6H4v2h2V6zm14 0H8v2h12V6zM4 11h2v2H4v-2zm16 0H8v2h12v-2zM4 16h2v2H4v-2zm16 0H8v2h12v-2z\" fill=\"currentColor\"><\/path><\/svg><svg style=\"fill: #999;color:#999\" class=\"arrow-unsorted-368013\" xmlns=\"http:\/\/www.w3.org\/2000\/svg\" width=\"10px\" height=\"10px\" viewbox=\"0 0 24 24\" version=\"1.2\" baseprofile=\"tiny\"><path d=\"M18.2 9.3l-6.2-6.3-6.2 6.3c-.2.2-.3.4-.3.7s.1.5.3.7c.2.2.4.3.7.3h11c.3 0 .5-.1.7-.3.2-.2.3-.5.3-.7s-.1-.5-.3-.7zM5.8 14.7l6.2 6.3 6.2-6.3c.2-.2.3-.5.3-.7s-.1-.5-.3-.7c-.2-.2-.4-.3-.7-.3h-11c-.3 0-.5.1-.7.3-.2.2-.3.5-.3.7s.1.5.3.7z\"\/><\/svg><\/span><\/span><\/span><\/a><\/span><\/div>\n<nav><ul class='ez-toc-list ez-toc-list-level-1' ><li class='ez-toc-page-1 ez-toc-heading-level-2'><a class=\"ez-toc-link ez-toc-heading-1\" href=\"https:\/\/mythslegendes.com\/es\/mitologia-irlandesa\/la-historia-de-tuan-mac-cairell\/#Tuan-Mac-Cairell\" >Tuan Mac Cairell<\/a><\/li><\/ul><\/nav><\/div>\n<h2><span class=\"ez-toc-section\" id=\"Tuan-Mac-Cairell\"><\/span>Tuan Mac Cairell<span class=\"ez-toc-section-end\"><\/span><\/h2>\n<p>1. Cuando Finnen de Moville lleg\u00f3 con los Evangelios a <a href=\"https:\/\/mythslegendes.com\/es\/mitologia-irlandesa\/\">Irlanda<\/a>, en el territorio de los hombres del Ulster, lleg\u00f3 donde resid\u00eda un guerrero rico, que no los invit\u00f3 a su fortaleza, sino que los dej\u00f3 ayunar afuera hasta el domingo. La fe del guerrero no era buena. Finnen dijo a sus disc\u00edpulos: \u201cVendr\u00e1 a vosotros un buen hombre que os consolar\u00e1 y os contar\u00e1 la historia de Irlanda desde su primer asentamiento hasta ahora. \u00bb<\/p>\n\n<p>2. As\u00ed que, a la ma\u00f1ana siguiente, un venerable monje se acerc\u00f3 a ellos y les dio la bienvenida. \u201cVen conmigo a mi ermita\u201d, dijo, \u201ces m\u00e1s adecuado para ti. Fueron con \u00e9l y celebraron los ritos del d\u00eda del Se\u00f1or, tanto con salmos como con sermones y ofrendas. Entonces Finnen le pidi\u00f3 que dijera su nombre. Les dijo: \u201cSoy hombres del Ulster. Soy Tuan, hijo de Cairell, hijo de Muredach en Red Neck. Tom\u00e9 esta ermita, en la que te hospedas, en la tierra hereditaria de mi padre. Tuan, hijo de Starn, hijo de Sera, hijo del hermano de Partholon, ese fue mi primer nombre una vez. &quot;<\/p>\n\n<p>3. Luego Finnen le pregunt\u00f3 acerca de los eventos en Irlanda, a saber, qu\u00e9 hab\u00eda sucedido all\u00ed desde la \u00e9poca de Partholon, hijo de Sera. Y Finnen dijo que no comer\u00edan con \u00e9l hasta que les contara las historias de Irlanda. Tuan le dijo a Finnen: \u201cEs dif\u00edcil para nosotros no meditar en la Palabra de Dios que acaba de hablarnos. Pero Finnen dijo: &quot;Se concede permiso para contarnos sobre sus propias aventuras y la historia de Irlanda ahora&quot;. &quot;<\/p>\n\n<p>4. \u201cCiertamente cinco veces\u201d, dijo, \u201cIrlanda fue tomada despu\u00e9s del Diluvio, y no fue tomada despu\u00e9s del Diluvio hasta que pasaron 312 a\u00f1os. Entonces Partholon, hijo de Sera, lo tom\u00f3. Se hab\u00eda ido de viaje con veinticuatro parejas. El ingenio de cada uno no era mayor que el de los dem\u00e1s. Se establecieron en Irlanda hasta que cumplieron 5000 de su raza. Entre dos domingos, una enfermedad los golpe\u00f3, por lo que todos murieron, excepto un hombre. Porque no hay masacre sin que alguien se escape para contar la historia. Yo soy ese hombre \u201d, dijo.<\/p>\n\n<p>5. &quot;As\u00ed que fui de colina en colina y de acantilado en acantilado, protegi\u00e9ndome de los lobos durante veintid\u00f3s.<sup>4<\/sup> a\u00f1os en los que Irlanda estuvo vac\u00eda. Finalmente me lleg\u00f3 la vejez, y pas\u00e9 por acantilados y p\u00e1ramos, y apenas me mov\u00eda, y ten\u00eda refugios especiales para m\u00ed.<\/p>\n\n<p>6. \u201cAs\u00ed que Nemed, hijo de Agnoman, el hermano de mi padre, invadi\u00f3 Irlanda, los vi desde los acantilados y los evit\u00e9. Y yo estaba peludo, con garras, marchito, gris, desnudo, miserable, miserable. As\u00ed que una noche, mientras dorm\u00eda, me vi tomando la forma de un ciervo. Con esta apariencia yo era joven y con un coraz\u00f3n feliz. Es entonces cuando digo estas palabras: &quot;<\/p>\n\n<p>Sin fuerzas hoy est\u00e1 el hijo de Senba,<br \/>Estaba desprovisto de vigor,<br \/>Sin bella fama con su renovada fuerza.<br \/>El hijo de Senba es mayor.<\/p>\n\n<p>Estos hombres del este<br \/>Con sus lanzas que dan valent\u00eda,<br \/>No tengo la fuerza en mis manos ni en mis pies<br \/>Para evitarlos.<\/p>\n\n<p>Starin, terrible es el hombre,<br \/>Temo a Scemel con el escudo blanco,<br \/>Andind no me salvar\u00e1, aunque es bueno y justo<br \/>Si fuera Beoin, mierda<\/p>\n\n<p>Aunque Beothach me dejar\u00eda con vida,<br \/>La lucha brutal de Cacher es dura,<br \/>Britan adquiere valor con sus lanzas,<br \/>Fergus tiene un ataque de furia.<\/p>\n\n<p>Vienen a m\u00ed, oh dulce Se\u00f1or,<br \/>Los descendientes de Nemed, hijo de Agnoman,<br \/>Energ\u00e9ticamente yacen esperando mi sangre<br \/>Para darme mi primera herida.<\/p>\n\n<p>As\u00ed que creci\u00f3 en mi cabeza<br \/>Dos astas con tres puntos,<br \/>Para que sea grosero y de forma gris<br \/>Despu\u00e9s de eso, mi tiempo se ha ido de la debilidad.<\/p>\n\n<p>7. \u201cDespu\u00e9s de eso, durante mi tiempo en forma de ciervo, fui el amo de las manadas de Irlanda, y dondequiera que fui hab\u00eda una gran manada de ciervos conmigo. As\u00ed es como pas\u00e9 mi vida durante la \u00e9poca de Nemed y sus descendientes. Cuando Nemed lleg\u00f3 con su flota a Irlanda, su n\u00famero era de treinta y cuatro barcos, a treinta por barco, y el mar los descarri\u00f3 durante un a\u00f1o y medio hasta el Mar Caspio, y fueron abrumados y murieron de hambre y sed. adem\u00e1s de cuatro parejas con Nemed. Posteriormente, su raza aument\u00f3 y tuvo descendencia hasta que hubo 4030 parejas. Sin embargo, todos murieron.<\/p>\n\n<p>8. \u201cAs\u00ed que finalmente me sobrevino la vejez, y hu\u00ed de los hombres y los lobos. Una vez, cuando estaba frente a mi cueva, todav\u00eda lo recuerdo, supe que estaba cambiando de una forma a otra. As\u00ed que pas\u00e9 en forma de jabal\u00ed. Ah\u00ed es cuando digo:<\/p>\n\n<p>Un jabal\u00ed soy hoy entre las manadas,<br \/>Soy un se\u00f1or poderoso con grandes triunfos,<br \/>Me puso en el maravilloso dolor,<br \/>El Rey de todo, en muchas formas.<\/p>\n\n<p>La ma\u00f1ana que estuve en Dun Br\u00e9,<br \/>Luchando contra los viejos sabios<br \/>Belle era mi tropa al otro lado del agua<br \/>Nos sigui\u00f3 un magn\u00edfico ej\u00e9rcito.<\/p>\n\n<p>M\u00edos, fueron r\u00e1pidos<br \/>Entre los ej\u00e9rcitos en venganza,<br \/>Habr\u00edan arrojado mis lanzas alternativamente<br \/>Sobre los guerreros de F\u00e1l a ambos lados.<\/p>\n\n<p>Cuando est\u00e1bamos en nuestra asamblea<br \/>Decidiendo los juicios de Partholon,<br \/>Dulce para todos fue lo que dije<br \/>Estas fueron las palabras de la verdadera apertura.<\/p>\n\n<p>Agradable fue mi brillante juicio<br \/>Entre las mujeres bellas,<br \/>Majestuoso era mi carro reluciente,<br \/>Dulce fue mi canci\u00f3n a trav\u00e9s de un camino oscuro.<\/p>\n\n<p>R\u00e1pidos fueron mis pasos sin vagar<br \/>En batallas desde el principio,<br \/>Hermoso era mi rostro un dia<br \/>Aunque hoy soy un jabal\u00ed.<\/p>\n\n<p>9. \u201cEn esta forma\u201d, dijo, \u201cyo era verdaderamente joven y de esp\u00edritu alegre. Y fui rey de todas las tropas de jabal\u00edes de Irlanda, y siempre visitaba mi casa cuando llegaba a esta tierra de Ulster en la \u00e9poca de mi vejez y mi decrepitud; porque en este mismo lugar pas\u00e9 en todas estas formas. Por lo tanto, siempre visitaba este lugar para esperar el avivamiento.<\/p>\n\n<p>10. \u201cEn este Semion, el hijo de Stariath, se apoder\u00f3 de esta isla. De \u00e9l descienden el Fir Domnann, el Fir Bolg y los Galuin; y estos habitaron esta isla mientras estaban en Irlanda. Entonces me sobrevino la vejez, mi mente estaba triste y no pod\u00eda hacer nada de lo que sol\u00eda hacer antes, pero estaba solo en cuevas oscuras y acantilados al margen.<\/p>\n\n<p>11. \u201cAs\u00ed que me fui a mi propia casa. Record\u00e9 todas las formas que hab\u00eda tomado antes. Ayun\u00e9 durante tres d\u00edas como siempre. No me quedaban fuerzas. Entonces tom\u00e9 la forma de un gran halc\u00f3n. Entonces mi mente se regocija de nuevo. Podr\u00eda hacer cualquier cosa. Estaba impaciente y vigoroso. Habr\u00eda volado a trav\u00e9s de Irlanda; Hubiera descubierto cualquier cosa. Ah\u00ed es cuando digo:<\/p>\n\n<p>Un halc\u00f3n hoy, un jabal\u00ed ayer,<br \/>***. maravillosa inconsistencia!<br \/>Mas querida para mi cada dia<br \/>Dios, el amigo que me dio forma.<\/p>\n\n<p>Muchos descendientes de Nemed<br \/>Sin obediencia ***. al verdadero rey,<br \/>Reducida hoy es la raza de Sera;<br \/>No s\u00e9 cu\u00e1l es la causa.<\/p>\n\n<p>Entre manadas de jabal\u00edes estaba yo,<br \/>Aunque hoy estoy entre los p\u00e1jaros;<br \/>S\u00e9 lo que le pasar\u00e1:<br \/>Siempre estar\u00e9 de otra forma.<\/p>\n\n<p>Maravillosamente arreglado mi amado Dios<br \/>De m\u00ed y de los hijos de Nemed;<br \/>Ellos a la voluntad del demonio de Dios,<br \/>Mientras que, para m\u00ed, Dios es mi ayuda.<\/p>\n\n<p>12. \u201cBeotac, hijo del profeta Iarbonel, se apoder\u00f3 de esta isla a expensas de quienes la ocupaban. De \u00e9l proceden los Tuatha D\u00e9 y And\u00e9, de los que los cient\u00edficos desconocen el origen, pero les parece probable que vinieran de los cielos, teniendo en cuenta su inteligencia y la excelencia de sus conocimientos.<\/p>\n\n<p>13. &quot;As\u00ed que durante mucho tiempo tuve la forma de un halc\u00f3n, as\u00ed que sobreviv\u00ed a todas esas razas que invadieron Irlanda&quot;. Sin embargo, los hijos de Mil tomaron esta isla de los Tuatha D\u00e9 Danann por la fuerza. As\u00ed que ten\u00eda la forma del halc\u00f3n que hab\u00eda sido, y estaba en el hueco de un \u00e1rbol junto a un r\u00edo.<\/p>\n\n<p>14. \u201cAll\u00ed ayun\u00e9 tres d\u00edas y tres noches, luego el sue\u00f1o cay\u00f3 sobre m\u00ed, y de inmediato pas\u00e9 en forma de salm\u00f3n de r\u00edo. Entonces Dios me puso en el r\u00edo para que yo estuviera all\u00ed. Una vez m\u00e1s me sent\u00ed feliz, vigoroso y bien alimentado, y mi nado fue bueno, y escap\u00e9 regularmente de peligros y redes, es decir, de las manos de los pescadores, garras de halcones y lanzas para pescar, por lo que todas las cicatrices que todos dejaron son todav\u00eda en m\u00ed.<\/p>\n\n<p>15. \u201cSin embargo, una vez, cuando Dios, mi ayuda, juzg\u00f3 el tiempo por venir, mientras las bestias me persegu\u00edan, y todos los pescadores en cada pozo de agua me conoc\u00edan, el pescador de Cairell, el rey de esta tierra, me agarr\u00f3 y me carg\u00f3. a la esposa de Cairell que ansiaba pescado. Lo recuerdo bien; el hombre me puso en una parrilla y empez\u00f3 a dorarse. Y la reina me quiso y me comi\u00f3 entero, de modo que yo estaba en su vientre. Todav\u00eda recuerdo cuando estaba en su vientre, y lo que todos le dec\u00edan en la casa, y lo que se hac\u00eda en Irlanda en ese momento. Tambi\u00e9n recuerdo cuando me lleg\u00f3 la palabra, como le ocurre a todo hombre, y supe todo lo que se hab\u00eda hecho en Irlanda. Y yo era un profeta; y se me dio un nombre, a saber, Tuan, hijo de Cairell. Fue entonces cuando Patrick vino a traer la fe a Irlanda. Entonces yo ten\u00eda una gran edad; y fui bautizado, y solo cre\u00ed en el Rey de todas las cosas por sus rudimentos. &#039;<\/p>\n\n<p>16. Entonces celebraron la misa y fueron al refectorio, Finnen con sus disc\u00edpulos y Tuan, despu\u00e9s de que les cont\u00f3 estas historias. Y all\u00ed estuvieron una semana conversando juntos. Cada historia y cada genealog\u00eda que hay en Irlanda, es de Tuan, hijo de Cairell, de donde viene su origen. Hab\u00eda conversado con Patrick antes que ellos y le hab\u00eda contado todo; y convers\u00f3 con Colum Cille, y le profetiz\u00f3 en presencia de la gente del pa\u00eds. Y Finnen se ofreci\u00f3 a quedarse con \u00e9l, pero no pudo lograr que ella estuviera de acuerdo. \u201cSu casa ser\u00e1 famosa hasta el D\u00eda del Juicio Final\u201d, dijo Tuan.<\/p>\n\t\t\t\t\t\t\t\t<\/div>\n\t\t\t\t<\/div>\n\t\t\t\t\t<\/div>\n\t\t<\/div>\n\t\t\t\t\t<\/div>\n\t\t<\/section>\n\t\t\t\t<\/div>","protected":false},"excerpt":{"rendered":"<p>Mythologie irlandaise Wiki Voici l&rsquo;histoire de Tuan Mac Cairell du cycle mythologique irlandais. Tuan Mac Cairell 1. Lorsque Finnen de &hellip; <\/p>","protected":false},"author":1,"featured_media":0,"parent":439,"menu_order":0,"comment_status":"closed","ping_status":"closed","template":"","meta":{"footnotes":""},"class_list":["post-845","page","type-page","status-publish","hentry"],"amp_enabled":true,"_links":{"self":[{"href":"https:\/\/mythslegendes.com\/es\/wp-json\/wp\/v2\/pages\/845","targetHints":{"allow":["GET"]}}],"collection":[{"href":"https:\/\/mythslegendes.com\/es\/wp-json\/wp\/v2\/pages"}],"about":[{"href":"https:\/\/mythslegendes.com\/es\/wp-json\/wp\/v2\/types\/page"}],"author":[{"embeddable":true,"href":"https:\/\/mythslegendes.com\/es\/wp-json\/wp\/v2\/users\/1"}],"replies":[{"embeddable":true,"href":"https:\/\/mythslegendes.com\/es\/wp-json\/wp\/v2\/comments?post=845"}],"version-history":[{"count":1,"href":"https:\/\/mythslegendes.com\/es\/wp-json\/wp\/v2\/pages\/845\/revisions"}],"predecessor-version":[{"id":24610,"href":"https:\/\/mythslegendes.com\/es\/wp-json\/wp\/v2\/pages\/845\/revisions\/24610"}],"up":[{"embeddable":true,"href":"https:\/\/mythslegendes.com\/es\/wp-json\/wp\/v2\/pages\/439"}],"wp:attachment":[{"href":"https:\/\/mythslegendes.com\/es\/wp-json\/wp\/v2\/media?parent=845"}],"curies":[{"name":"wp","href":"https:\/\/api.w.org\/{rel}","templated":true}]}}