{"id":849,"date":"2020-06-15T20:33:38","date_gmt":"2020-06-15T19:33:38","guid":{"rendered":"https:\/\/mythslegendes.com\/?page_id=849"},"modified":"2022-12-03T22:06:58","modified_gmt":"2022-12-03T22:06:58","slug":"la-navigation-de-bran","status":"publish","type":"page","link":"https:\/\/mythslegendes.com\/es\/mitologia-irlandesa\/la-navegacion-del-salvado\/","title":{"rendered":"Navegaci\u00f3n de Bran"},"content":{"rendered":"<div data-elementor-type=\"wp-page\" data-elementor-id=\"849\" class=\"elementor elementor-849\">\n\t\t\t\t\t\t<section class=\"elementor-section elementor-top-section elementor-element elementor-element-875427c elementor-section-boxed elementor-section-height-default elementor-section-height-default\" data-id=\"875427c\" data-element_type=\"section\" data-e-type=\"section\">\n\t\t\t\t\t\t<div class=\"elementor-container elementor-column-gap-default\">\n\t\t\t\t\t<div class=\"elementor-column elementor-col-50 elementor-top-column elementor-element elementor-element-dd55913\" data-id=\"dd55913\" data-element_type=\"column\" data-e-type=\"column\">\n\t\t\t<div class=\"elementor-widget-wrap elementor-element-populated\">\n\t\t\t\t\t\t<div class=\"elementor-element elementor-element-a2ee1b2 elementor-align-justify elementor-widget elementor-widget-button\" data-id=\"a2ee1b2\" data-element_type=\"widget\" data-e-type=\"widget\" data-widget_type=\"button.default\">\n\t\t\t\t<div class=\"elementor-widget-container\">\n\t\t\t\t\t\t\t\t\t<div class=\"elementor-button-wrapper\">\n\t\t\t\t\t<a class=\"elementor-button elementor-button-link elementor-size-sm\" href=\"https:\/\/mythslegendes.com\/es\/mitologia-irlandesa\/\">\n\t\t\t\t\t\t<span class=\"elementor-button-content-wrapper\">\n\t\t\t\t\t\t\t\t\t<span class=\"elementor-button-text\">Mitolog\u00eda irlandesa<\/span>\n\t\t\t\t\t<\/span>\n\t\t\t\t\t<\/a>\n\t\t\t\t<\/div>\n\t\t\t\t\t\t\t\t<\/div>\n\t\t\t\t<\/div>\n\t\t\t\t\t<\/div>\n\t\t<\/div>\n\t\t\t\t<div class=\"elementor-column elementor-col-50 elementor-top-column elementor-element elementor-element-79406c1\" data-id=\"79406c1\" data-element_type=\"column\" data-e-type=\"column\">\n\t\t\t<div class=\"elementor-widget-wrap elementor-element-populated\">\n\t\t\t\t\t\t<div class=\"elementor-element elementor-element-69c839a elementor-align-justify elementor-widget elementor-widget-button\" data-id=\"69c839a\" data-element_type=\"widget\" data-e-type=\"widget\" data-widget_type=\"button.default\">\n\t\t\t\t<div class=\"elementor-widget-container\">\n\t\t\t\t\t\t\t\t\t<div class=\"elementor-button-wrapper\">\n\t\t\t\t\t<a class=\"elementor-button elementor-button-link elementor-size-sm\" href=\"https:\/\/fr.wikipedia.org\/wiki\/Mythologie_celtique_irlandaise\" target=\"_blank\" rel=\"noopener\">\n\t\t\t\t\t\t<span class=\"elementor-button-content-wrapper\">\n\t\t\t\t\t\t\t\t\t<span class=\"elementor-button-text\">Wiki<\/span>\n\t\t\t\t\t<\/span>\n\t\t\t\t\t<\/a>\n\t\t\t\t<\/div>\n\t\t\t\t\t\t\t\t<\/div>\n\t\t\t\t<\/div>\n\t\t\t\t\t<\/div>\n\t\t<\/div>\n\t\t\t\t\t<\/div>\n\t\t<\/section>\n\t\t\t\t<section class=\"elementor-section elementor-top-section elementor-element elementor-element-10c41b4c elementor-section-boxed elementor-section-height-default elementor-section-height-default\" data-id=\"10c41b4c\" data-element_type=\"section\" data-e-type=\"section\">\n\t\t\t\t\t\t<div class=\"elementor-container elementor-column-gap-default\">\n\t\t\t\t\t<div class=\"elementor-column elementor-col-100 elementor-top-column elementor-element elementor-element-7f35e3af\" data-id=\"7f35e3af\" data-element_type=\"column\" data-e-type=\"column\">\n\t\t\t<div class=\"elementor-widget-wrap elementor-element-populated\">\n\t\t\t\t\t\t<div class=\"elementor-element elementor-element-600b464d elementor-widget elementor-widget-text-editor\" data-id=\"600b464d\" data-element_type=\"widget\" data-e-type=\"widget\" data-widget_type=\"text-editor.default\">\n\t\t\t\t<div class=\"elementor-widget-container\">\n\t\t\t\t\t\t\t\t\t\n<p>Cincuenta cuartetas le cant\u00f3 la mujer de tierras desconocidas, en medio de la casa, a Bran hijo de Febal, cuando el palacio se llen\u00f3 de reyes que no sab\u00edan de d\u00f3nde hab\u00eda salido la mujer, ya que el recinto estaba cerrado.<\/p>\n<p><img decoding=\"async\" class=\"alignnone wp-image-5284 size-full\" src=\"https:\/\/mythslegendes.com\/wp-content\/uploads\/2020\/09\/AlphaOmega-e1602613368367.png\" alt=\"Navegaci\u00f3n de Bran\" width=\"25\" height=\"26\" title=\"\"><\/p>\n<div id=\"ez-toc-container\" class=\"ez-toc-v2_0_82_2 counter-hierarchy ez-toc-counter ez-toc-grey ez-toc-container-direction\">\n<div class=\"ez-toc-title-container\">\n<p class=\"ez-toc-title\" style=\"cursor:inherit\">Contenido<\/p>\n<span class=\"ez-toc-title-toggle\"><a href=\"#\" class=\"ez-toc-pull-right ez-toc-btn ez-toc-btn-xs ez-toc-btn-default ez-toc-toggle\" aria-label=\"Alternar tabla de contenidos\"><span class=\"ez-toc-js-icon-con\"><span class=\"\"><span class=\"eztoc-hide\" style=\"display:none;\">Palanca<\/span><span class=\"ez-toc-icon-toggle-span\"><svg style=\"fill: #999;color:#999\" xmlns=\"http:\/\/www.w3.org\/2000\/svg\" class=\"list-377408\" width=\"20px\" height=\"20px\" viewbox=\"0 0 24 24\" fill=\"none\"><path d=\"M6 6H4v2h2V6zm14 0H8v2h12V6zM4 11h2v2H4v-2zm16 0H8v2h12v-2zM4 16h2v2H4v-2zm16 0H8v2h12v-2z\" fill=\"currentColor\"><\/path><\/svg><svg style=\"fill: #999;color:#999\" class=\"arrow-unsorted-368013\" xmlns=\"http:\/\/www.w3.org\/2000\/svg\" width=\"10px\" height=\"10px\" viewbox=\"0 0 24 24\" version=\"1.2\" baseprofile=\"tiny\"><path d=\"M18.2 9.3l-6.2-6.3-6.2 6.3c-.2.2-.3.4-.3.7s.1.5.3.7c.2.2.4.3.7.3h11c.3 0 .5-.1.7-.3.2-.2.3-.5.3-.7s-.1-.5-.3-.7zM5.8 14.7l6.2 6.3 6.2-6.3c.2-.2.3-.5.3-.7s-.1-.5-.3-.7c-.2-.2-.4-.3-.7-.3h-11c-.3 0-.5.1-.7.3-.2.2-.3.5-.3.7s.1.5.3.7z\"\/><\/svg><\/span><\/span><\/span><\/a><\/span><\/div>\n<nav><ul class='ez-toc-list ez-toc-list-level-1' ><li class='ez-toc-page-1 ez-toc-heading-level-2'><a class=\"ez-toc-link ez-toc-heading-1\" href=\"https:\/\/mythslegendes.com\/es\/mitologia-irlandesa\/la-navegacion-del-salvado\/#La-navigation-de-Bran\" >Navegaci\u00f3n de Bran<\/a><\/li><\/ul><\/nav><\/div>\n<h2><span class=\"ez-toc-section\" id=\"La-navigation-de-Bran\"><\/span>Navegaci\u00f3n de Bran<span class=\"ez-toc-section-end\"><\/span><\/h2>\n\n<p>Este es el comienzo de la historia. Un d\u00eda, en las cercan\u00edas de la fortaleza, Bran caminaba solo cuando escuch\u00f3 m\u00fasica detr\u00e1s de \u00e9l. Cuando mir\u00f3 hacia atr\u00e1s, Music estaba detr\u00e1s de \u00e9l nuevamente. Se qued\u00f3 dormido, la m\u00fasica era tan dulce. Cuando despert\u00f3 de su sue\u00f1o, vio cerca de \u00e9l una rama plateada con flores blancas que no fue f\u00e1cil distinguir de esta rama. Entonces Bran llev\u00f3 la rama en su mano al palacio. Cuando la asamblea era numerosa en el palacio, se vio a una mujer con ropas extra\u00f1as en el medio de la casa. Entonces le cant\u00f3 las cincuenta cuartetas a Bran, mientras el ej\u00e9rcito la escuchaba y todos la ve\u00edan:<\/p>\n\n<p>Aqu\u00ed hay una rama del manzano de Emain.<br \/>que te traigo, como los dem\u00e1s;<br \/>ramitas de plata blanca est\u00e1n sobre ella,<br \/>cejas de cristal con flores.<br \/><br \/>Hay una isla lejana;<br \/>alrededor brillan los caballitos de mar,<br \/>bonita carrera contra las olas espumosas;<br \/>cuatro pies lo sostienen.<br \/><br \/>Encanto de ojos, extensi\u00f3n gloriosa<br \/>es la llanura en la que juegan los ej\u00e9rcitos;<br \/>el barco pelea contra el carro,<br \/>en la llanura sur de Argent Blanc.<br \/><br \/>Sus pies de bronce blanco lo sostienen,<br \/>brillando a trav\u00e9s de siglos de belleza;<br \/>hermosa tierra a trav\u00e9s de los siglos del mundo,<br \/>donde se extienden muchas flores.<br \/><br \/>Un \u00e1rbol viejo est\u00e1 ah\u00ed con las flores<br \/>en el que los p\u00e1jaros piden las horas;<br \/>en armon\u00eda est\u00e1n acostumbrados a<br \/>llamar juntos cada hora.<br \/><br \/>Esplendores de todos los colores brillan<br \/>a trav\u00e9s de las llanuras de voces bonitas;<br \/>la alegr\u00eda es habitual; nos alineamos alrededor de la m\u00fasica,<br \/>en la llanura sur de Silver Cloud.<br \/><br \/>Queja desconocida o traici\u00f3n<br \/>en la conocida tierra cultivada;<br \/>no hay nada grosero ni grosero,<br \/>sino una m\u00fasica suave que golpea el o\u00eddo.<br \/><br \/>Sin dolor, sin duelo, sin muerte,<br \/>ni enfermedad ni debilidad<br \/>este es el signo de Emain;<br \/>raro es una maravilla.<br \/><br \/>Belleza de una tierra maravillosa,<br \/>cuyos aspectos son agradables,<br \/>cuya vista es una tierra hermosa,<br \/>incomparable es su niebla.<br \/><br \/>Si vemos la tierra de la bondad,<br \/>sobre el que llueven piedras de drag\u00f3n y cristales;<br \/>el mar lanza la ola contra la tierra,<br \/>pelos de cristal de su melena.<br \/><br \/>Riquezas, tesoros de todos los colores<br \/>est\u00e1n en la tierra serena, fresca belleza,<br \/>quien escucha la dulce musica<br \/>mientras bebe el mejor vino.<br \/><br \/>Carros de oro en la llanura del mar,<br \/>levant\u00e1ndose con la ola al sol,<br \/>carros de plata en la Plaine des Jeux<br \/>y carros de bronce impecables.<br \/><br \/>Mensajeros de oro amarillo est\u00e1n en la orilla:<br \/>otros mensajeros, de color violeta;<br \/>otros, con lana en la espalda,<br \/>el color del cielo todo azul.<br \/><br \/>Al amanecer llegar\u00e1<br \/>un hombre guapo iluminando las llanuras;<br \/>se extiende a horcajadas sobre la extensi\u00f3n batida de las olas;<br \/>agita el mar hasta que se vuelve sangre.<br \/><br \/>Un ej\u00e9rcito cruzar\u00e1 el mar claro;<br \/>hacia tierra navegan;<br \/>luego remaron hacia la piedra a la vista,<br \/>de donde surgen cien estribillos.<br \/><br \/>Cantamos un coro al ej\u00e9rcito<br \/>(a trav\u00e9s de los largos siglos), que no es miserable;<br \/>su m\u00fasica se hincha con los coros de cientos,<br \/>que no esperan ni decadencia ni muerte.<br \/><br \/>Emain multiforme frente al mar,<br \/>que est\u00e9 cerca, que est\u00e9 lejos,<br \/>donde hay miles de mujeres coloridas.<br \/>que el mar claro rodea.<br \/><br \/>Cuando escuch\u00f3 el sonido de la m\u00fasica,<br \/>el coro de los pajaritos de la Tierra muy tranquila,<br \/>un grupo de mujeres, vienen del cerro<br \/>en la Plaine des Jeux donde se encuentra.<br \/><br \/>Llega la felicidad con la salud<br \/>a la tierra donde resuena la risa,<br \/>en la Tierra muy tranquila, en todas las estaciones<br \/>vendr\u00e1 la alegr\u00eda que dura para siempre.<br \/><br \/>Es un d\u00eda de eterno buen tiempo,<br \/>quien paga dinero por la tierra;<br \/>un acantilado blanco que bordea el mar,<br \/>que recibe su calor del sol.<br \/><br \/>Carrera del ej\u00e9rcito a lo largo del patio de recreo;<br \/>juego encantador, sin debilidad;<br \/>en la tierra variada, despu\u00e9s de tantas bellezas,<br \/>no est\u00e1n esperando el declive o la muerte.<br \/><br \/>Escucha musica por la noche<br \/>y ven a la tierra de muchos colores<br \/>pa\u00eds variado, esplendor en una tiara de belleza,<br \/>de donde brilla la nube blanca.<br \/><br \/>Hay tres veces cincuenta islas distantes,<br \/>en el oc\u00e9ano al oeste de nosotros;<br \/>dos veces m\u00e1s alto que Erin<br \/>es cada uno de ellos, o tres veces.<br \/><br \/>Un gran nacimiento vendr\u00e1 despu\u00e9s de siglos,<br \/>que no estar\u00e1 en los tama\u00f1os:<br \/>el hijo de una mujer cuyo marido no ser\u00e1 conocido;<br \/>Tendr\u00e1 reinado sobre miles de hombres.<br \/><br \/>Realeza sin principio, sin fin;<br \/>cre\u00f3 el mundo a la perfecci\u00f3n,<br \/>suyos son la tierra y el mar;<br \/>\u00a1Ay de aquel que incurrir\u00e1 en su deshonra!<br \/><br \/>\u00c9l es quien hizo los cielos.<br \/>Bienaventurado el de coraz\u00f3n puro;<br \/>purificar\u00e1 a los pueblos con agua pura;<br \/>\u00e9l es quien curar\u00e1 tus dolencias.<br \/><br \/>Mi discurso no es para todos ustedes<br \/>aunque se conoce esta gran maravilla;<br \/>que Bran, entre la multitud del mundo, escucha<br \/>la parte de la ciencia que se le comunica!<br \/><br \/>No caigas en un lecho de pereza;<br \/>\u00a1Que la borrachera no te venza!<br \/>comienza un viaje por el mar claro<br \/>para ver si llega a la Tierra de las Mujeres.<\/p>\n\n<p>Entonces la mujer se alej\u00f3 de ellos y no sab\u00edan ad\u00f3nde hab\u00eda ido. Y con ella hab\u00eda tomado su rama. La rama hab\u00eda saltado de las manos de Bran a las manos de la mujer y la mano de Bran no hab\u00eda tenido la fuerza para sostener la rama.<\/p>\n\n<p>Al d\u00eda siguiente, Bran se hizo a la mar con su compa\u00f1\u00eda de tres hombres. Uno de sus hermanos de crianza o compa\u00f1eros de su edad estaba al frente de cada novena. Cuando llevaba dos d\u00edas y dos noches en el mar, vio a un hombre que ven\u00eda en un carro por el mar. Este hombre le cant\u00f3 otras treinta cuartetas y se hizo conocido como Manann\u00e2n hijo de L\u00ear; dijo que ten\u00eda intenci\u00f3n de ir a <a href=\"https:\/\/mythslegendes.com\/es\/mitologia-irlandesa\/\">Irlanda<\/a> despu\u00e9s de muchos a\u00f1os y que le nacer\u00eda un hijo que se llamar\u00eda Mongan, hijo de Fiachna. Luego cant\u00f3 sus treinta cuartetos:<\/p>\n\n<p>Bran piensa que es una hermosa maravilla<br \/>cruzar el mar claro en un bote,<br \/>mientras que para m\u00ed, alrededor de mi carro, desde lejos<br \/>es una llanura florida por la que cabalga.<br \/><br \/>Que es el mar claro<br \/>al barco de proa donde est\u00e1 Bran,<br \/>es una llanura agradable con muchas flores,<br \/>para m\u00ed, desde mi carro de dos ruedas.<br \/><br \/>Bran ve<br \/>n\u00famero de olas esparcidas sobre el mar claro<br \/>Me veo en la Plaine des Jeux,<br \/>perfectas flores pelirrojas.<br \/><br \/>Los caballitos de mar brillan en el verano,<br \/>hasta donde Bran extiende su mirada;<br \/>los r\u00edos derraman un torrente de miel,<br \/>en el territorio de Manann\u00e2n hijo de L\u00ear.<br \/><br \/>El color del oc\u00e9ano en el que est\u00e1s<br \/>la sombra blanca del mar en el que remas,<br \/>es el amarillo y el azul generalizados,<br \/>es tierra que no es dura.<br \/><br \/>Salm\u00f3n manchado salta del pecho<br \/>del mar blanco que miras;<br \/>son terneros, son corderos de colores,<br \/>en amistad, sin mutuo asesinato.<br \/><br \/>Aunque solo veamos al conductor de un carro,<br \/>en la llanura agradable con muchas flores,<br \/>hay muchos mensajeros en la superficie,<br \/>aunque no los veas.<br \/><br \/>Extensi\u00f3n de la llanura, n\u00famero de tropas,<br \/>colores que brillan en pura gloria;<br \/>hermoso torrente de plata, grados de oro,<br \/>bienvenido, entre toda clase de abundancia.<br \/><br \/>Juego encantador, lleno de diversi\u00f3n;<br \/>juegan frente al vino espumoso,<br \/>hombres y mujeres bonitas, debajo de una cuna,<br \/>sin pecado, sin crimen.<br \/><br \/>Est\u00e1 en lo alto de un bosque que nada<br \/>tu barco a trav\u00e9s de los picos;<br \/>hay un bosque cargado de frutos muy hermosos,<br \/>bajo la proa de tu barquito.<br \/><br \/>Un bosque con flores y frutos,<br \/>en el que est\u00e1 el verdadero olor a vino,<br \/>madera sin decadencia, sin tacha,<br \/>donde hay hojas de color dorado.<br \/><br \/>Somos desde el principio de la Creaci\u00f3n,<br \/>sin vejez, sin cementerios;<br \/>adem\u00e1s, no esperamos quedarnos sin fuerzas;<br \/>el pecado no nos ha llegado.<br \/><br \/>Mal d\u00eda que cuando vino la Serpiente,<br \/>al Padre, en su Ciudad;<br \/>pervirti\u00f3 este mundo,<br \/>de modo que vino el declive, que no estaba en el origen.<br \/><br \/>Por codicia y glotoner\u00eda nos mat\u00f3,<br \/>por ellos arruin\u00f3 a su noble raza;<br \/>el cuerpo marchito ha pasado por el c\u00edrculo de los dolores<br \/>y la eterna morada de la tortura.<br \/><br \/>Es la ley del orgullo en este mundo,<br \/>creer en las criaturas, olvidar a Dios;<br \/>ser superado por la enfermedad y la vejez,<br \/>el alma destruida por el enga\u00f1o.<br \/><br \/>Vendr\u00e1 una noble salvaci\u00f3n<br \/>del Rey que nos cre\u00f3;<br \/>una hermosa ley vendr\u00e1 por los mares;<br \/>adem\u00e1s de Dios, ser\u00e1 hombre.<br \/><br \/>De esta forma, quienquiera que mires<br \/>vendr\u00e1 de tu lado;<br \/>Tengo que ir a su casa,<br \/>hacia la mujer del llano de Lin\u00e9.<br \/><br \/>Porque es Manann\u00e2n, hijo de L\u00ear,<br \/>en su carro, en forma de hombre;<br \/>de su raza pronto ser\u00e1<br \/>un hombre guapo con un cuerpo de arcilla blanca.<br \/><br \/>Manann\u00e2n, descendiente de L\u00ear, ser\u00e1<br \/>un vigoroso compa\u00f1ero de cama de Caintigern;<br \/>celebraremos a su hijo en el mundo hermoso;<br \/>Fiachna lo reconocer\u00e1 como su hijo.<br \/><br \/>Encantar\u00e1 la compa\u00f1\u00eda de cada uno <em>Sidh<\/em>;<br \/>ser\u00e1 el favorito de toda Buena Tierra;<br \/>Dar\u00e1 a conocer secretos, fluir de la ciencia,<br \/>en el mundo, sin ser temido.<br \/><br \/>Tomar\u00e1 la forma de cualquier animal,<br \/>tanto en el mar azul como en tierra,<br \/>ser\u00e1 un drag\u00f3n ante el enemigo atacante;<br \/>ser\u00e1 el lobo de cualquier gran bosque.<br \/><br \/>Ser\u00e1 un ciervo con cuernos de plata,<br \/>en la tierra donde se conducen los carros;<br \/>se ver\u00e1 salm\u00f3n en un estanque lleno;<br \/>ser\u00e1 un sello; ser\u00e1 un hermoso cisne blanco.<br \/><br \/>Ser\u00e1 por muchos siglos<br \/>cien a\u00f1os, un gran rey;<br \/>batir\u00e1 los caminos, sepulcro lejano;<br \/>arar\u00e1 los campos, rueda sobre el mar.<br \/><br \/>Ser\u00e1 alrededor de reyes y sus campeones.<br \/>que ser\u00e1 conocido como un h\u00e9roe valiente,<br \/>en las fortalezas de una tierra en lo alto<br \/>Le enviar\u00e9 Islay su fin.<br \/><br \/>Muy alto lo coloco con los pr\u00edncipes;<br \/>ser\u00e1 vencido por un hijo de error;<br \/>Manann\u00e2n, hijo de L\u00ear<br \/>ser\u00e1 su padre, su tutor.<br \/><br \/>Lo ser\u00e1 (porque le queda poco tiempo)<br \/>cincuenta a\u00f1os en este mundo;<br \/>un drag\u00f3n de piedra del mar lo matar\u00e1,<br \/>en la lucha de Senlabor.<br \/><br \/>Pedir\u00e1 beber agua del lago L\u00f4,<br \/>mirando el r\u00edo de sangre;<br \/>la tropa blanca lo conducir\u00e1 en una rueda de nubes<br \/>a la asamblea donde no hay dolor.<br \/><br \/>Que firmemente Bran remos<br \/>hacia la Tierra de las Mujeres que no est\u00e1 lejos;<br \/>Permanezca con una hospitalidad tan variada,<br \/>\u00a1Lo alcanzar\u00e1s antes del atardecer!<\/p>\n\n<p>Con eso, Bran se alej\u00f3 hasta que estuvo a la vista de la isla. Rem\u00f3 alrededor; all\u00ed, una tropa se ri\u00f3 a carcajadas. Todos miraron a Bran y su gente, pero no se detuvieron a charlar con ellos, y siguieron riendo en su cara. Bran envi\u00f3 a uno de los suyos a la isla. Entr\u00f3 con ellos y se ech\u00f3 a re\u00edr como el resto de la gente de la isla. Cuando pas\u00f3 junto a Bran, sus camaradas lo llamaron. Pero \u00e9l no les habl\u00f3 y solo los mir\u00f3 y se ri\u00f3 de ellos. El nombre de esta isla es \u201cIle de la Joie\u201d. Entonces la dejaron.<\/p>\n\n<p>No pas\u00f3 mucho tiempo despu\u00e9s de que llegaron a la Isla de las Mujeres. Vieron una fila de mujeres en el puerto. La reina de las mujeres dijo: \u201cVen a mi pa\u00eds, Bran hijo de F\u00e9bal; su llegada es bienvenida! Bran no se atrevi\u00f3 a bajar a tierra. La mujer lanza un ovillo de lana a Bran directamente a la cara.<\/p>\n\n<p>Bran pone sus manos sobre la pelota. La pelota se adhiere a su palma. La punta del ovillo de estambre estaba en la mano de la mujer, quien tir\u00f3 el bote hacia el puerto. Acto seguido, entraron en una gran vivienda, que conten\u00eda una cama para cada pareja, es decir, tres veces nueve camas. La comida que se puso en cada plato no desapareci\u00f3; les parec\u00eda que s\u00f3lo hab\u00edan estado all\u00ed durante un a\u00f1o, y eran varios a\u00f1os; no faltaba ning\u00fan sabor.<\/p>\n\n<p>Pero la nostalgia se apoder\u00f3 de uno de ellos, Necht\u00e2n hijo de Collbran. Sus padres le rogaron a Bran que regresara a Irlanda con \u00e9l. La mujer les dijo que se arrepentir\u00edan de irse. Sin embargo, se fueron y la mujer les advirti\u00f3 que ninguno de ellos tocaba el suelo y que visitar\u00edan y se llevar\u00edan al que hab\u00edan dejado en la Isla de la Alegr\u00eda.<br \/>As\u00ed que fueron hasta que llegaron a la asamblea de Bran Creek. La gente les pregunt\u00f3 qui\u00e9n hab\u00eda llegado al mar y \u00e9l respondi\u00f3: \u201cSoy yo, Bran hijo de Febal. No lo conocemos, dijo el otro; pero tenemos la navegaci\u00f3n de Bran en nuestras viejas historias. Necht\u00e2n salta de su barco. Tan pronto como toc\u00f3 la tierra de Irlanda, instant\u00e1neamente cay\u00f3 a cenizas, como si hubiera estado en la tierra durante cientos de a\u00f1os.<\/p>\n\n<p>Entonces Bran cant\u00f3 esta cuarteta:<\/p>\n\n<p>El hijo de Collbran tuvo una gran locura<br \/>levantar la mano contra la edad;<br \/>y nadie arroja un torrente de agua pura<br \/>en Necht\u00e2n, hijo de Collbran.<\/p>\n\n<p>Luego Bran le cont\u00f3 a la congregaci\u00f3n sobre sus aventuras desde el principio hasta entonces y escribi\u00f3 estas cuartetas en Ogham. Se despidi\u00f3 de ellos, y no sabemos ad\u00f3nde fue a partir de esta hora.<\/p>\n\t\t\t\t\t\t\t\t<\/div>\n\t\t\t\t<\/div>\n\t\t\t\t\t<\/div>\n\t\t<\/div>\n\t\t\t\t\t<\/div>\n\t\t<\/section>\n\t\t\t\t<\/div>","protected":false},"excerpt":{"rendered":"<p>Mythologie irlandaise Wiki Cinquante quatrains chanta la femme des pays inconnus, au milieu de la maison, \u00e0 Bran fils de &hellip; <\/p>","protected":false},"author":1,"featured_media":0,"parent":439,"menu_order":0,"comment_status":"closed","ping_status":"closed","template":"","meta":{"footnotes":""},"class_list":["post-849","page","type-page","status-publish","hentry"],"amp_enabled":true,"_links":{"self":[{"href":"https:\/\/mythslegendes.com\/es\/wp-json\/wp\/v2\/pages\/849","targetHints":{"allow":["GET"]}}],"collection":[{"href":"https:\/\/mythslegendes.com\/es\/wp-json\/wp\/v2\/pages"}],"about":[{"href":"https:\/\/mythslegendes.com\/es\/wp-json\/wp\/v2\/types\/page"}],"author":[{"embeddable":true,"href":"https:\/\/mythslegendes.com\/es\/wp-json\/wp\/v2\/users\/1"}],"replies":[{"embeddable":true,"href":"https:\/\/mythslegendes.com\/es\/wp-json\/wp\/v2\/comments?post=849"}],"version-history":[{"count":1,"href":"https:\/\/mythslegendes.com\/es\/wp-json\/wp\/v2\/pages\/849\/revisions"}],"predecessor-version":[{"id":24611,"href":"https:\/\/mythslegendes.com\/es\/wp-json\/wp\/v2\/pages\/849\/revisions\/24611"}],"up":[{"embeddable":true,"href":"https:\/\/mythslegendes.com\/es\/wp-json\/wp\/v2\/pages\/439"}],"wp:attachment":[{"href":"https:\/\/mythslegendes.com\/es\/wp-json\/wp\/v2\/media?parent=849"}],"curies":[{"name":"wp","href":"https:\/\/api.w.org\/{rel}","templated":true}]}}