{"id":860,"date":"2020-06-15T20:49:39","date_gmt":"2020-06-15T19:49:39","guid":{"rendered":"https:\/\/mythslegendes.com\/?page_id=860"},"modified":"2022-12-03T22:06:58","modified_gmt":"2022-12-03T22:06:58","slug":"finn-et-les-fantomes","status":"publish","type":"page","link":"https:\/\/mythslegendes.com\/es\/mitologia-irlandesa\/finn-y-los-fantasmas\/","title":{"rendered":"finn y los fantasmas"},"content":{"rendered":"<div data-elementor-type=\"wp-page\" data-elementor-id=\"860\" class=\"elementor elementor-860\">\n\t\t\t\t\t\t<section class=\"elementor-section elementor-top-section elementor-element elementor-element-588f376 elementor-section-boxed elementor-section-height-default elementor-section-height-default\" data-id=\"588f376\" data-element_type=\"section\" data-e-type=\"section\">\n\t\t\t\t\t\t<div class=\"elementor-container elementor-column-gap-default\">\n\t\t\t\t\t<div class=\"elementor-column elementor-col-50 elementor-top-column elementor-element elementor-element-5009b88\" data-id=\"5009b88\" data-element_type=\"column\" data-e-type=\"column\">\n\t\t\t<div class=\"elementor-widget-wrap elementor-element-populated\">\n\t\t\t\t\t\t<div class=\"elementor-element elementor-element-98a4242 elementor-align-justify elementor-widget elementor-widget-button\" data-id=\"98a4242\" data-element_type=\"widget\" data-e-type=\"widget\" data-widget_type=\"button.default\">\n\t\t\t\t<div class=\"elementor-widget-container\">\n\t\t\t\t\t\t\t\t\t<div class=\"elementor-button-wrapper\">\n\t\t\t\t\t<a class=\"elementor-button elementor-button-link elementor-size-sm\" href=\"https:\/\/mythslegendes.com\/es\/mitologia-irlandesa\/\">\n\t\t\t\t\t\t<span class=\"elementor-button-content-wrapper\">\n\t\t\t\t\t\t\t\t\t<span class=\"elementor-button-text\">Mitolog\u00eda irlandesa<\/span>\n\t\t\t\t\t<\/span>\n\t\t\t\t\t<\/a>\n\t\t\t\t<\/div>\n\t\t\t\t\t\t\t\t<\/div>\n\t\t\t\t<\/div>\n\t\t\t\t\t<\/div>\n\t\t<\/div>\n\t\t\t\t<div class=\"elementor-column elementor-col-50 elementor-top-column elementor-element elementor-element-f5c0fe8\" data-id=\"f5c0fe8\" data-element_type=\"column\" data-e-type=\"column\">\n\t\t\t<div class=\"elementor-widget-wrap elementor-element-populated\">\n\t\t\t\t\t\t<div class=\"elementor-element elementor-element-8a7df17 elementor-align-justify elementor-widget elementor-widget-button\" data-id=\"8a7df17\" data-element_type=\"widget\" data-e-type=\"widget\" data-widget_type=\"button.default\">\n\t\t\t\t<div class=\"elementor-widget-container\">\n\t\t\t\t\t\t\t\t\t<div class=\"elementor-button-wrapper\">\n\t\t\t\t\t<a class=\"elementor-button elementor-button-link elementor-size-sm\" href=\"https:\/\/fr.wikipedia.org\/wiki\/Mythologie_celtique_irlandaise\" target=\"_blank\" rel=\"noopener\">\n\t\t\t\t\t\t<span class=\"elementor-button-content-wrapper\">\n\t\t\t\t\t\t\t\t\t<span class=\"elementor-button-text\">Wiki<\/span>\n\t\t\t\t\t<\/span>\n\t\t\t\t\t<\/a>\n\t\t\t\t<\/div>\n\t\t\t\t\t\t\t\t<\/div>\n\t\t\t\t<\/div>\n\t\t\t\t\t<\/div>\n\t\t<\/div>\n\t\t\t\t\t<\/div>\n\t\t<\/section>\n\t\t\t\t<section class=\"elementor-section elementor-top-section elementor-element elementor-element-6da43f68 elementor-section-boxed elementor-section-height-default elementor-section-height-default\" data-id=\"6da43f68\" data-element_type=\"section\" data-e-type=\"section\">\n\t\t\t\t\t\t<div class=\"elementor-container elementor-column-gap-default\">\n\t\t\t\t\t<div class=\"elementor-column elementor-col-100 elementor-top-column elementor-element elementor-element-679eaf1b\" data-id=\"679eaf1b\" data-element_type=\"column\" data-e-type=\"column\">\n\t\t\t<div class=\"elementor-widget-wrap elementor-element-populated\">\n\t\t\t\t\t\t<div class=\"elementor-element elementor-element-7b9d198e elementor-widget elementor-widget-text-editor\" data-id=\"7b9d198e\" data-element_type=\"widget\" data-e-type=\"widget\" data-widget_type=\"text-editor.default\">\n\t\t\t\t<div class=\"elementor-widget-container\">\n\t\t\t\t\t\t\t\t\t\n<p>Esta es la historia de Finn y los fantasmas de <a href=\"https:\/\/mythslegendes.com\/es\/mitologia-irlandesa\/\">Ciclo feniano<\/a>.<\/p>\n<p><img decoding=\"async\" class=\"alignnone wp-image-5284 size-full\" src=\"https:\/\/mythslegendes.com\/wp-content\/uploads\/2020\/09\/AlphaOmega-e1602613368367.png\" alt=\"finn y los fantasmas\" width=\"25\" height=\"26\" title=\"\"><\/p>\n<div id=\"ez-toc-container\" class=\"ez-toc-v2_0_82_2 counter-hierarchy ez-toc-counter ez-toc-grey ez-toc-container-direction\">\n<div class=\"ez-toc-title-container\">\n<p class=\"ez-toc-title\" style=\"cursor:inherit\">Contenido<\/p>\n<span class=\"ez-toc-title-toggle\"><a href=\"#\" class=\"ez-toc-pull-right ez-toc-btn ez-toc-btn-xs ez-toc-btn-default ez-toc-toggle\" aria-label=\"Alternar tabla de contenidos\"><span class=\"ez-toc-js-icon-con\"><span class=\"\"><span class=\"eztoc-hide\" style=\"display:none;\">Palanca<\/span><span class=\"ez-toc-icon-toggle-span\"><svg style=\"fill: #999;color:#999\" xmlns=\"http:\/\/www.w3.org\/2000\/svg\" class=\"list-377408\" width=\"20px\" height=\"20px\" viewbox=\"0 0 24 24\" fill=\"none\"><path d=\"M6 6H4v2h2V6zm14 0H8v2h12V6zM4 11h2v2H4v-2zm16 0H8v2h12v-2zM4 16h2v2H4v-2zm16 0H8v2h12v-2z\" fill=\"currentColor\"><\/path><\/svg><svg style=\"fill: #999;color:#999\" class=\"arrow-unsorted-368013\" xmlns=\"http:\/\/www.w3.org\/2000\/svg\" width=\"10px\" height=\"10px\" viewbox=\"0 0 24 24\" version=\"1.2\" baseprofile=\"tiny\"><path d=\"M18.2 9.3l-6.2-6.3-6.2 6.3c-.2.2-.3.4-.3.7s.1.5.3.7c.2.2.4.3.7.3h11c.3 0 .5-.1.7-.3.2-.2.3-.5.3-.7s-.1-.5-.3-.7zM5.8 14.7l6.2 6.3 6.2-6.3c.2-.2.3-.5.3-.7s-.1-.5-.3-.7c-.2-.2-.4-.3-.7-.3h-11c-.3 0-.5.1-.7.3-.2.2-.3.5-.3.7s.1.5.3.7z\"\/><\/svg><\/span><\/span><\/span><\/a><\/span><\/div>\n<nav><ul class='ez-toc-list ez-toc-list-level-1' ><li class='ez-toc-page-1 ez-toc-heading-level-2'><a class=\"ez-toc-link ez-toc-heading-1\" href=\"https:\/\/mythslegendes.com\/es\/mitologia-irlandesa\/finn-y-los-fantasmas\/#Finn-et-les-fantomes\" >finn y los fantasmas<\/a><\/li><\/ul><\/nav><\/div>\n<h2><span class=\"ez-toc-section\" id=\"Finn-et-les-fantomes\"><\/span>finn y los fantasmas<span class=\"ez-toc-section-end\"><\/span><\/h2>\n<p>Redondo como un huevo de petirrojo, ambos ojos, negros como (la muerte) y m\u00e1s r\u00e1pido que una liebre. La parte inferior de sus dientes era gris como el tronco de acebo, sus puntas eran amarillas como el oro. Ten\u00eda piernas calvas y flacas y tacones negros puntiagudos. Ten\u00eda cada miembro y cada art\u00edculo negro como carb\u00f3n encendido, desde la coronilla hasta la planta del pie.<\/p>\n\n<p>El gigante los salud\u00f3 y condujo su caballo al establo. Cerr\u00f3 delante de ellos la puerta de su casa con cadenas de hierro. &quot;\u00a1Bienvenido, Finn!&quot; \u00bb dijo el gigante, \u201chace mucho tiempo que no visitaste (aqu\u00ed) y nadie ha podido curarte\u201d. Los tres (Finn, Ossin y Cailte) se sentaron en el banco de pa\u00f1ales y el gigante les dio algo para lavar. Les encendi\u00f3 un fuego con madera de sa\u00faco y casi fueron asfixiados por el humo.<\/p>\n\n<p>Entonces la gente de la casa se levant\u00f3 de los rincones y se volvi\u00f3 hacia el fuego. La gente que apareci\u00f3 era verdaderamente detestable. Hab\u00eda all\u00ed una anciana espantosa, negra como el humo, con tres cabezas, una para quejarse, otra para re\u00edr y otra para dormir. Del otro lado hab\u00eda un hombre sin cabeza y con un ojo en el pecho. \u201cHaz m\u00fasica para el rey guerrero\u201d, dijo el gigante, \u201cno tenemos merienda para los extra\u00f1os; que la gente de la casa se levante y toque un poco de m\u00fasica hasta que est\u00e9 lista la comida\u201d. \u201cBueno\u201d, respondi\u00f3 la anciana, \u201cas\u00ed se har\u00e1\u201d.<\/p>\n\n<p>Entonces nueve cuerpos humanos surgieron de la esquina al lado de Finn y nueve cabezas aparecieron al otro lado en el banco de la casa. Entonces lanzaron nueve gritos estridentes, \u00e1speros, horribles, verdaderamente espantosos, mientras, al otro lado, les respond\u00edan la anciana, el gigante y el ba\u00fal. La m\u00fasica discordante que hac\u00edan podr\u00eda haber arrancado el cabello de las cabezas de los hombres, haber despertado a los muertos del suelo y haber desmayado a los d\u00e9biles de coraz\u00f3n. La melod\u00eda del ba\u00fal, sin embargo, era la m\u00e1s terrible y espantosa de todas. Estuvieron a punto de romperles la cabeza a quienes escuchaban sus gritos. \u201c\u00a1Escuchen un poco! \u00bb dijo el gigante, \u00abhasta que la comida est\u00e9 lista para el rey\u00bb. Finalmente, guardaron silencio.<\/p>\n\n<p>El gigante se levant\u00f3 y mat\u00f3 al caballo de Finn, lo desoll\u00f3 y lo cort\u00f3 inmediatamente. Cailte se prepara para atacar al gigante. &quot; Estate tranquila ! &quot; dijo Finn, &quot;nos alegra que nos perdone; porque el caballo no importa\u201d. La gente volvi\u00f3 a utilizar el mismo dron. \u201cEstuvo bien darte un buen augurio (?)\u201d, dijo el gigante, \u201cla m\u00fasica que sonaba era encantadora\u201d.<\/p>\n\n<p>El gigante hizo cincuenta asadores de madera tierna de serbal, los dispuso alrededor del fuego y puso sobre ellos la cabeza del caballo. Lejos de esperar a que la carne estuviera lo suficientemente asada, se la present\u00f3 cruda a Finn. \u201cGuarda tu comida para ti, oh gigante\u201d, dijo Finn, \u201cno estamos acostumbrados a comer tal cosa. No importa que una vez nos quedemos sin comer\u201d. \u201cTu visita a nosotros es perversa\u201d, respondi\u00f3 el gigante, \u201crehusar nuestra comida para angustiarnos, eso es lo que los extra\u00f1os antes de ti no nos han hecho. \u00a1Te doy mi palabra - a\u00f1adi\u00f3 - que esta negativa te causar\u00e1 da\u00f1o antes de tu partida! \u00bb<\/p>\n\n<p>Entonces, de repente todos se fueron. Inmediatamente el fuego dej\u00f3 de arder; Solo Finn fue obligado a arrinconarse para ser sacudido y golpeado (por los fantasmas). Como los dem\u00e1s no se separaron de Finn, estuvieron en esta situaci\u00f3n toda la noche, gritando. Finalmente, cayeron y quedaron d\u00e9biles en completo fracaso. As\u00ed estuvieron como cad\u00e1veres hasta la ma\u00f1ana.<\/p>\n\n<p>Cuando se levantaron al d\u00eda siguiente de quedarse dormidos, no vieron ni casa ni gente en el campo llano que los rodeaba. Finn se despert\u00f3 y encontr\u00f3 su caballo atado a la cuerda (\u00bfcomo una cuerda?) sin defecto ni imperfecci\u00f3n ni da\u00f1o. Luego celebraron un consejo para saber qui\u00e9n les habr\u00eda hecho este ultraje. Finn cant\u00f3 un teinm laida y puso su pulgar en su muela del aprendizaje, entonces la cosa le fue revelada. \u201cEn verdad\u201d, dijo, \u201clos tres fantasmas de Hibar-glend (el valle de los tejos) han ca\u00eddo sobre nosotros; Ellos son los que nos han cometido este ultraje para vengarse de su hermana Cuillend, la de hocico ancho, a quien matamos\u201d.<\/p>\n\n<p>Luego partieron hacia Fanttur y Etrachtaighe, y llegando al lugar donde estaban los Fians, les contaron sus aventuras y sus carreras.<\/p>\n\n<p>Finn y los Fians ven\u00edan de gira por el pa\u00eds del sur, cuando surgi\u00f3 una discordia entre Finn y Ronan, hijo de Aed, hijo de Imchad, hijo de Laigsech Greathead, hijo de Conall Cernach. Estallaron peleas entre ellos y Finn mat\u00f3 a Ronan. Ronan dej\u00f3 un excelente hijo, llamado Aed. Le hizo la guerra a Finn para vengarse de su padre. Cien h\u00e9roes de los Fians of Find murieron a manos de Aed alrededor de los tres l\u00edderes Fiannic para expiar la muerte de su padre. Despu\u00e9s de esto, se libra la Batalla de Maistiu entre Aed y Finn, y Aed la pierde. Luego, Aed desaf\u00eda a Finn y los Fians a un combate singular y mata a los cinco l\u00edderes fiannic Fiachae, Aedan, Cu-Laghean, Led y Nechtain por su valor en combate singular. Nadie entre los Fians se atrevi\u00f3 a oponerse a \u00e9l, hasta que lleg\u00f3 a Finn.<\/p>\n\n<p>Finn se levant\u00f3 para luchar contra Aed. \u201cNo\u201d, dijo Cailte, \u201cir\u00e9 por ti (?)\u201d. \u201cNo\u201d, respondi\u00f3 Finn, \u201cno podr\u00e1s apoyar la lucha de este guerrero bien equipado; cada hombre que fue asesinado por su singular valor era rival para cien\u201d. &quot;No&quot;, dijo Cailte, &quot;me opondr\u00e9 a \u00e9l, pero en verdad&quot;, dijo, &quot;ten por seguro que \u00e9l perecer\u00e1 por m\u00ed, aunque yo perezca por \u00e9l&quot;. Cailte se dirigi\u00f3 al lugar de la pelea donde estaba Aed. Cada uno de ellos se dirigi\u00f3 al otro. \u201cTe concedo condiciones\u201d, dijo Cailte, \u201cantes de comenzar la pelea\u201d. &quot;\u00bfQue condiciones? \u00bb respondi\u00f3 Aed. \u201cCompensaci\u00f3n por la muerte de tu padre\u201d, respondi\u00f3 Cailte, \u201cy perd\u00f3n por cualquier da\u00f1o que hayas hecho a los Fians\u201d. \u201cAcepto\u201d, dijo Aed. Se comprometi\u00f3 con Cailte y ambos fueron hacia donde estaba Finn. Todos se sorprendieron al ver que Aed estaba de acuerdo con Cailte. Luego recibi\u00f3 una indemnizaci\u00f3n completa por la muerte de su padre y desde entonces estuvo pac\u00edficamente en la procesi\u00f3n de Finn. Aed estaba alternativamente en el sid, es decir, la morada de las hadas, donde hab\u00eda sido alimentado, y entre los Fians de Finn. Por eso lo llamaron Ferdoman. (Ferdoman, Fer-da-doman, es decir un hombre entre dos domans o viviendas). Posteriormente, Aed Rind obtuvo tierras, concretamente la campi\u00f1a del pa\u00eds de Echo Rond, hoy Soghon.<\/p>\n\n<p>Masc, hija de Maigen, era esposa de Aed y le dio dos hijos, un hijo llamado Enan y una hija llamada Celg. Ahora, Aed ten\u00eda una predicci\u00f3n: si su hija se casara, morir\u00eda prematuramente. Por eso rechaz\u00f3 a todos los hombres que le ped\u00edan que se casara con su hija. Lo ret\u00f3 a luchar para que perdiera la vida.<\/p>\n\n<p>Entonces Ossin, hijo de Finn, se enamor\u00f3 mucho de la ni\u00f1a, pero no se atrevi\u00f3 a ped\u00edrselo a su padre. Convenci\u00f3 a Conan Honeymouth, hijo de Dagda, para que le pidiera a Aed la ni\u00f1a, porque no ten\u00eda esposa y una esposa as\u00ed era digna de \u00e9l. Entonces Conan pregunt\u00f3 por la ni\u00f1a. \u201cNo\u201d, respondi\u00f3 Aed, \u201c(no te lo dar\u00e9) si no lo tomas con la espada\u201d. \u201cDe ninguna manera\u201d, dijo Conan, \u201ctienes a tu hija en tu poder; Haz lo que quieras con eso &quot;.<\/p>\n\n<p>Ossin reprimi\u00f3 su pasi\u00f3n, el amor de la muchacha, durante un a\u00f1o; pero convenci\u00f3 a Conan para que volviera a preguntar por ella, porque esperaba que si los dos h\u00e9roes peleaban, morir\u00edan juntos y que la mujer se enamorar\u00eda de \u00e9l, lo que efectivamente sucedi\u00f3. Entonces Conan se enoj\u00f3 con Ossin y lo culp\u00f3 mucho. \u201cSer\u00eda m\u00e1s justo\u201d, respondi\u00f3 Ossin, \u201cestar enojado con Aed por haber rechazado a su hija y haber provocado a un guerrero como t\u00fa a un combate singular\u201d. Entonces, Conan se enfureci\u00f3 con Aed y lo ret\u00f3 a un combate singular, si no quer\u00eda entregarle a su hija.<\/p>\n\n<p>Ambos fueron al lugar donde estaba Finn, a la Casa del granjero Caba (es decir, cerca de Raith-Caba), a Granairiut Sinda (es decir, hoy Magh-in-cairn). Finn tuvo una hija con Caba, llamada Bairend (en matrimonio), de quien toma el nombre Cluain-Bairend. Luego, Finn fue con ellos a Snam-da-\u00e9n para ver el duelo. Su tienda fue entonces levantada en Gardiat (hoy Cros-greancha), pero no pudo ofrecerles una lucha igual.<\/p>\n\n<p>Snam-d\u00e2-\u00e9n (el nado de los dos p\u00e1jaros), en el lugar del vado del mismo nombre, tom\u00f3 su nombre de Nar, hijo de Fiach, hijo de Conall el Victorioso, que resid\u00eda en la provincia de Connacht. Esti la guerrera era su esposa, pero ten\u00eda un amante, Bude, hijo de Daire, de Cruachain Dubthire. Ahora, Budi y su hermano adoptivo Luan, hijo de Lugair, hijo de Lugaid, visitaron a Esti en forma de dos p\u00e1jaros y cantaron a su pueblo una l\u00e1nguida melod\u00eda que los hizo quedarse dormidos. Luego, tan pronto como todos se durmieran, vendr\u00edan en sus propias formas y Budi se acostar\u00eda con Esti.<\/p>\n\n<p>Nar le pregunt\u00f3 a su druida de d\u00f3nde ven\u00edan estas aves en Esti. El druida respondi\u00f3 que eran Bude y Luan en forma de dos p\u00e1jaros. Luego, al d\u00eda siguiente, llegaron al r\u00edo y lo cruzaron nadando. Esti fue a su encuentro. Nar vino detr\u00e1s de ella y dispar\u00f3 a los p\u00e1jaros y los mat\u00f3 de un solo tiro. Todav\u00eda hab\u00eda tanta vida en Luan que pudo ir a lo largo del r\u00edo hasta Athluain (Athlone) donde expir\u00f3. Por eso el vado de Athlone recibi\u00f3 su nombre. Esti fue a Magh-Esten y muri\u00f3 all\u00ed, y es por ella que el campo se llama Magh-Esten. Nar finalmente muri\u00f3 a causa del dolor de su esposa cerca de Moin-tire-Nair. Por eso el poeta dijo: \u201cDe ah\u00ed fue nombrado Athlone, y Snam-da-\u00e9n al mismo tiempo, y Moin-tire-Nair (\u00a1destino prodigioso!) y Magh-Esten antes mencionados. \u00bb<\/p>\n\n<p>Finn tuvo una visi\u00f3n esa noche: vio una masacre de hombres. <a href=\"https:\/\/mythslegendes.com\/es\/mitologia-irlandesa\/\">irlandesa<\/a> en la colina de la derecha, pero no vio ni batalla ni orden de batalla dispuesta all\u00ed. Entonces vio una llama de fuego que descend\u00eda del cielo a la tierra. Finalmente, vio all\u00ed una multitud vestida con trajes desconocidos ***. Entonces Finn se despert\u00f3 y le cont\u00f3 su sue\u00f1o a sus druidas, Morna Mungairit y Ercoil Sainarma. Luego se puso el pulgar en la muela del aprendizaje y cant\u00f3 un teinm laida, y descubri\u00f3 la cosa. \u201cEn verdad\u201d, dijo, \u201cvendr\u00e1 aqu\u00ed el hijo de la Vida, con quien Irlanda estar\u00e1 llena\u201d. Finn habl\u00f3 entonces en estos t\u00e9rminos, prediciendo la llegada de San Ciaran, hijo del carpintero: \u201c\u00a0<em>Ca\u00edn tuir daidleuch mac-saoir co aibda ar cach aine grene<\/em>, &quot; etc.<\/p>\n\t\t\t\t\t\t\t\t<\/div>\n\t\t\t\t<\/div>\n\t\t\t\t\t<\/div>\n\t\t<\/div>\n\t\t\t\t\t<\/div>\n\t\t<\/section>\n\t\t\t\t<\/div>","protected":false},"excerpt":{"rendered":"<p>Mythologie irlandaise Wiki Voici l&rsquo;histoire de Finn et les fant\u00f4mes du Cycle Fenian. Finn et les fant\u00f4mes Ronds comme un &hellip; <\/p>","protected":false},"author":1,"featured_media":0,"parent":439,"menu_order":0,"comment_status":"closed","ping_status":"closed","template":"","meta":{"footnotes":""},"class_list":["post-860","page","type-page","status-publish","hentry"],"amp_enabled":true,"_links":{"self":[{"href":"https:\/\/mythslegendes.com\/es\/wp-json\/wp\/v2\/pages\/860","targetHints":{"allow":["GET"]}}],"collection":[{"href":"https:\/\/mythslegendes.com\/es\/wp-json\/wp\/v2\/pages"}],"about":[{"href":"https:\/\/mythslegendes.com\/es\/wp-json\/wp\/v2\/types\/page"}],"author":[{"embeddable":true,"href":"https:\/\/mythslegendes.com\/es\/wp-json\/wp\/v2\/users\/1"}],"replies":[{"embeddable":true,"href":"https:\/\/mythslegendes.com\/es\/wp-json\/wp\/v2\/comments?post=860"}],"version-history":[{"count":1,"href":"https:\/\/mythslegendes.com\/es\/wp-json\/wp\/v2\/pages\/860\/revisions"}],"predecessor-version":[{"id":24614,"href":"https:\/\/mythslegendes.com\/es\/wp-json\/wp\/v2\/pages\/860\/revisions\/24614"}],"up":[{"embeddable":true,"href":"https:\/\/mythslegendes.com\/es\/wp-json\/wp\/v2\/pages\/439"}],"wp:attachment":[{"href":"https:\/\/mythslegendes.com\/es\/wp-json\/wp\/v2\/media?parent=860"}],"curies":[{"name":"wp","href":"https:\/\/api.w.org\/{rel}","templated":true}]}}