{"id":867,"date":"2020-06-15T20:52:56","date_gmt":"2020-06-15T19:52:56","guid":{"rendered":"https:\/\/mythslegendes.com\/?page_id=867"},"modified":"2022-12-03T22:06:59","modified_gmt":"2022-12-03T22:06:59","slug":"le-petit-hotel-dallen","status":"publish","type":"page","link":"https:\/\/mythslegendes.com\/es\/mitologia-irlandesa\/el-pequeno-hotel-dallen\/","title":{"rendered":"El peque\u00f1o hotel de Allen"},"content":{"rendered":"<div data-elementor-type=\"wp-page\" data-elementor-id=\"867\" class=\"elementor elementor-867\">\n\t\t\t\t\t\t<section class=\"elementor-section elementor-top-section elementor-element elementor-element-9ef6628 elementor-section-boxed elementor-section-height-default elementor-section-height-default\" data-id=\"9ef6628\" data-element_type=\"section\" data-e-type=\"section\">\n\t\t\t\t\t\t<div class=\"elementor-container elementor-column-gap-default\">\n\t\t\t\t\t<div class=\"elementor-column elementor-col-50 elementor-top-column elementor-element elementor-element-7aa967d\" data-id=\"7aa967d\" data-element_type=\"column\" data-e-type=\"column\">\n\t\t\t<div class=\"elementor-widget-wrap elementor-element-populated\">\n\t\t\t\t\t\t<div class=\"elementor-element elementor-element-8199941 elementor-align-justify elementor-widget elementor-widget-button\" data-id=\"8199941\" data-element_type=\"widget\" data-e-type=\"widget\" data-widget_type=\"button.default\">\n\t\t\t\t<div class=\"elementor-widget-container\">\n\t\t\t\t\t\t\t\t\t<div class=\"elementor-button-wrapper\">\n\t\t\t\t\t<a class=\"elementor-button elementor-button-link elementor-size-sm\" href=\"https:\/\/mythslegendes.com\/es\/mitologia-irlandesa\/\">\n\t\t\t\t\t\t<span class=\"elementor-button-content-wrapper\">\n\t\t\t\t\t\t\t\t\t<span class=\"elementor-button-text\">Mitolog\u00eda irlandesa<\/span>\n\t\t\t\t\t<\/span>\n\t\t\t\t\t<\/a>\n\t\t\t\t<\/div>\n\t\t\t\t\t\t\t\t<\/div>\n\t\t\t\t<\/div>\n\t\t\t\t\t<\/div>\n\t\t<\/div>\n\t\t\t\t<div class=\"elementor-column elementor-col-50 elementor-top-column elementor-element elementor-element-d654d83\" data-id=\"d654d83\" data-element_type=\"column\" data-e-type=\"column\">\n\t\t\t<div class=\"elementor-widget-wrap elementor-element-populated\">\n\t\t\t\t\t\t<div class=\"elementor-element elementor-element-1f1a75c elementor-align-justify elementor-widget elementor-widget-button\" data-id=\"1f1a75c\" data-element_type=\"widget\" data-e-type=\"widget\" data-widget_type=\"button.default\">\n\t\t\t\t<div class=\"elementor-widget-container\">\n\t\t\t\t\t\t\t\t\t<div class=\"elementor-button-wrapper\">\n\t\t\t\t\t<a class=\"elementor-button elementor-button-link elementor-size-sm\" href=\"https:\/\/fr.wikipedia.org\/wiki\/Mythologie_celtique_irlandaise\" target=\"_blank\" rel=\"noopener\">\n\t\t\t\t\t\t<span class=\"elementor-button-content-wrapper\">\n\t\t\t\t\t\t\t\t\t<span class=\"elementor-button-text\">Wiki<\/span>\n\t\t\t\t\t<\/span>\n\t\t\t\t\t<\/a>\n\t\t\t\t<\/div>\n\t\t\t\t\t\t\t\t<\/div>\n\t\t\t\t<\/div>\n\t\t\t\t\t<\/div>\n\t\t<\/div>\n\t\t\t\t\t<\/div>\n\t\t<\/section>\n\t\t\t\t<section class=\"elementor-section elementor-top-section elementor-element elementor-element-5df32882 elementor-section-boxed elementor-section-height-default elementor-section-height-default\" data-id=\"5df32882\" data-element_type=\"section\" data-e-type=\"section\">\n\t\t\t\t\t\t<div class=\"elementor-container elementor-column-gap-default\">\n\t\t\t\t\t<div class=\"elementor-column elementor-col-100 elementor-top-column elementor-element elementor-element-7d4970ff\" data-id=\"7d4970ff\" data-element_type=\"column\" data-e-type=\"column\">\n\t\t\t<div class=\"elementor-widget-wrap elementor-element-populated\">\n\t\t\t\t\t\t<div class=\"elementor-element elementor-element-346eb5e9 elementor-widget elementor-widget-text-editor\" data-id=\"346eb5e9\" data-element_type=\"widget\" data-e-type=\"widget\" data-widget_type=\"text-editor.default\">\n\t\t\t\t<div class=\"elementor-widget-container\">\n\t\t\t\t\t\t\t\t\t\n<p>Aqu\u00ed est\u00e1 el llamado episodio de Allen&#039;s Little Hotel de <a href=\"https:\/\/mythslegendes.com\/es\/mitologia-irlandesa\/\">Ciclo feniano<\/a>.<\/p>\n<p><img decoding=\"async\" class=\"alignnone wp-image-5284 size-full\" src=\"https:\/\/mythslegendes.com\/wp-content\/uploads\/2020\/09\/AlphaOmega-e1602613368367.png\" alt=\"Hotel Allen\" width=\"25\" height=\"26\" title=\"\"><\/p>\n<h2>El peque\u00f1o hotel de Allen<\/h2>\n<p>Hubo un banquete animado, hermoso y enorme ofrecido por Find, hijo de Cumall, nieto de Baiscn\u00e9, en Allen el Grande, en Leinster. Cuando el banquete estuvo listo para servir, los nobles y se\u00f1ores de los fenianos vinieron a participar. Aqu\u00ed est\u00e1n los m\u00e1s nobles y honrados antes de Find: Goll el amable, el activo hijo de Morna, Ossian hijo de Find, Oscar hijo de Ossian, Mac Lugach con la mano terrible, Diarmaid con el rostro luminoso, Cailt\u00e9 hijo de Ronan, el fuerte hijos de Dubdirma, los hijos de Smol y la raza de Dubdaboirenn, Goll Gulban, el veloz Corr y sus hijos Conn, Donn, Aed y Anacan, Ivor el hacedor de maravillas, hijo del sanguinario y victorioso Crimthann, y dos hijos del rey de Leinster. quienes estaban al mismo tiempo bajo la tutela de Find y Coirell nieto de Conbran. Vinieron con ellos al banquete dos hijos del rey de<a href=\"https:\/\/mythslegendes.com\/es\/mitologia-escocesa-2\/\">Escocia<\/a> y una multitud violenta y enloquecida de hijos de reyes y se\u00f1ores de todo el mundo. Adem\u00e1s, todos los fenianos de Irlanda acud\u00edan all\u00ed.<\/p>\n\n<p>Encuentra sentado en el asiento del campe\u00f3n en el medio del hotel; el bondadoso Goll hijo de Morna, en el otro asiento, y los nobles de su casa a ambos lados de ellos. Luego cada uno ocup\u00f3 su lugar, seg\u00fan su rango y su pa\u00eds, en el lugar fijado y adecuado, como hab\u00eda sido costumbre en todos los lugares y en todos los tiempos antes.<\/p>\n\n<p>Entonces los sirvientes se levantaron en verdadera multitud para servir y abastecer el hotel; Tomaron cuernos enjoyados, con gemas de cristal puro, art\u00edsticas y elegantes, de cada copa brillante, llena de arte y belleza, y repartieron bebidas fuertes, fermentadas, licores exquisitos, muy dulces, a estos buenos guerreros. La alegr\u00eda surgi\u00f3 entre los j\u00f3venes, la locura y el ingenio entre los h\u00e9roes, la dulzura y el pudor entre las mujeres, el conocimiento y la profec\u00eda entre los poetas.<\/p>\n\n<p>Entonces un heraldo se levant\u00f3 r\u00e1pidamente y agit\u00f3 una dura cadena de hierro para reprimir a los siervos y a los patanes; Agit\u00f3 una larga cadena de plata vieja para reprimir a los nobles y se\u00f1ores de los fenianos, as\u00ed como a los poetas. Y todos escucharon en profundo silencio a Fergus el de la hermosa boca; el poeta de Find y los fenianos se levantaron y cantaron baladas, canciones y buenos poemas de los antepasados y de anta\u00f1o anteriores a Find, hijo de Cumall, y Find, Ossian. Oscar y Mac Lugach recompensaron maravillosamente al poeta con los mejores tesoros y riquezas.<\/p>\n\n<p>Luego fue ante Goll hijo de Morna y le habl\u00f3 de los Hoteles y las Destrucciones, las Incursiones y las Cortes de anta\u00f1o, para que su arte hiciera felices y de buen humor a los hijos de Morna. Entonces Goll dijo: \u201c\u00bfD\u00f3nde est\u00e1 mi correo?<\/p>\n\n<p>\u2013 Aqu\u00ed estoy, oh rey de los fenianos, dijo.<\/p>\n\n<p>\u2013 \u00bfMe trajiste mi tributo manual desde Noruega?<\/p>\n\n<p>- Yo lo traje. &quot;De verdad&quot;, dijo, y diciendo esto se levant\u00f3 r\u00e1pidamente y arroj\u00f3, como la masa de un enorme cerdo, o la carga de un h\u00e9roe vigoroso, vivaz y valiente, de hermoso oro refinado, en medio del hotel frente a Dios m\u00edo.<\/p>\n\n<p>Desat\u00f3 el sobre que conten\u00eda este homenaje y extendi\u00f3 los preciosos tesoros en el suelo en presencia de los presentes. Goll recompens\u00f3 a Fergus como era su costumbre y no hubo ning\u00fan poeta erudito y elocuente, ni un buen poeta trabajador, ni un arpista melodioso, ni un anticuario erudito y preciso, ni ning\u00fan hombre de ciencia en su casa. <a href=\"https:\/\/mythslegendes.com\/es\/mitologia-irlandesa\/\">Irlanda<\/a> o en Escocia, que estaba en el hotel de Allen esa noche, a quien Goll no le hizo ninguna generosidad con oro, plata u otras cosas preciosas.<\/p>\n\n<p>Find habl\u00f3 y dijo: \u201cOh Goll, \u00bfcu\u00e1nto tiempo hace que tienes este tributo sobre los noruegos, mientras yo tengo sobre ellos mi propio tributo y hay un guerrero para guardar mi tributo y mis impuestos, mi caza y mi bot\u00edn, y este guerrero? \u00bfEs Ciaran hijo de Lathairn\u00e9, un h\u00e9roe duro, duelista y vigoroso cuya casa cuenta con mil cien valientes soldados? \u00bb<\/p>\n\n<p>Entonces Goll respondi\u00f3 al hijo de Cumall, porque hab\u00eda comprendido que Find estaba enojado con \u00e9l y celoso de \u00e9l, y dijo: \u201cOh Find, hace mucho que tengo este tributo sobre los escandinavos; fue la \u00e9poca en que tu padre me oblig\u00f3 a la guerra y a la lucha; el rey de Irlanda fue con sus provincianos tras Cumall contra m\u00ed; Tuve que dejarles Irlanda. fui a <a href=\"https:\/\/mythslegendes.com\/es\/mitologia-bretona\/\">Breta\u00f1a<\/a>, captur\u00e9 el pa\u00eds, mat\u00e9 al rey y masacr\u00e9 a su pueblo; pero Cumall me ahuyent\u00f3. De all\u00ed pas\u00e9 a Finnlochlann; El rey de Finnlochlann cay\u00f3 bajo mis golpes y tambi\u00e9n su casa; pero Cumall me ahuyent\u00f3. De all\u00ed vine a Escocia, el rey de Escocia cay\u00f3 bajo mis golpes; pero Cumall me ahuyent\u00f3. De all\u00ed llegu\u00e9 a la tierra de los sajones; El rey de los sajones cay\u00f3 bajo mis golpes, al igual que su casa; pero Cumall me ahuyent\u00f3. Llegu\u00e9 a la batalla de Cnucha y all\u00ed tu padre cay\u00f3 bajo mis golpes; Fue en esa \u00e9poca cuando recib\u00ed este tributo de los escandinavos, dijo Goll. Te llev\u00e9 conmigo a la fortaleza del rey de los escandinavos, y quince hombres contigo. La esposa del rey de <a href=\"https:\/\/mythslegendes.com\/es\/mythes-et-legendes-fenniques-1697\/\">Escandinavia<\/a> te dio su amor y estuviste en una prisi\u00f3n subterr\u00e1nea por un a\u00f1o; se se\u00f1al\u00f3 un d\u00eda para matarte a ti y a los tuyos; y, por tu mano, oh Find, fui a la fortaleza del rey de Escandinavia, mat\u00e9 al rey Eogan el grande; Masacr\u00e9 a su pueblo, tom\u00e9 su oro y su plata, e impuse a los escandinavos un rey, Tin\u00e9 de gran fuerza, hijo de Triscall; Le obligu\u00e9 a cobrarme un tributo de los escandinavos y aqu\u00ed est\u00e1, dijo Goll. Adem\u00e1s, oh Find, continu\u00f3, no es un tributo manual lo que ten\u00e9is entre ellos, sino una indemnizaci\u00f3n de rey de los fenianos y protector, y no quiero disminuirla. As\u00ed que, oh Find, no tengas celos de m\u00ed por este tributo, porque si tuviera algo m\u00e1s que esto, se lo dar\u00eda a ti y a los hombres de Irlanda. \u00bb<\/p>\n\n<p>Find le respondi\u00f3 con ira y valent\u00eda. \u201cOh Goll\u201d, dijo, \u201cconfesaste en esta historia que viniste del pueblo de Beirb\u00e9 a Cnucha y que all\u00ed mataste a mi padre; Es atrevido que me lo digas.<\/p>\n\n<p>\u201cPor tu mano\u201d, dijo Goll, \u201csi me trajeras deshonra como lo hizo tu padre, te infligir\u00eda el mismo trato que le inflig\u00ed a Cumall.<\/p>\n\n<p>\u2013 \u00a1Oh Goll, dijo Find, mi poder ser\u00eda muy bueno, dej\u00e1rtelo a ti! Porque tengo en mi casa cien guerreros valientes para oponerse a cada uno de los que componen la tuya.<\/p>\n\n<p>\u201cAs\u00ed era tu padre\u201d, dijo Goll, \u201cy vengu\u00e9 mi deshonra en \u00e9l y te har\u00e9 lo mismo a ti si me quitas mi tributo. \u201c\u00a0<\/p>\n\n<p>Cairell Cneisgell (piel blanca), nieto de Baiscn\u00e9, habl\u00f3 y dijo: \u201cOh Goll, dijo, son muchos los hombres que has reprimido en la casa de Find hijo de Cumall. \u00bb<\/p>\n\n<p>Conan el Calvo, el maldito, hijo de Morna, habl\u00f3 y dijo: \u201cJuro por mis brazos\u201d, dijo, \u201cque por peque\u00f1a que sea la casa de Goll, nunca ha estado sin tener consigo cien hombres por cada uno. de ellos te reprimir\u00edan.<\/p>\n\n<p>\u2013 \u00bfEres uno de esos, oh Conan, de palabras tortuosas, de cabeza pelada? Dijo Cairell.<\/p>\n\n<p>\u201cSoy uno, oh Cairell moreno, de u\u00f1as \u00e1speras, de piel arrugada, de fuerza d\u00e9bil\u201d, dijo Conan, \u201ce ir\u00e9 y te demostrar\u00e9 que Find estaba equivocado.<\/p>\n\n<p>Entonces Cairell se levant\u00f3 y asest\u00f3 a Conan un golpe audaz y furioso. Conan no respondi\u00f3 respetuosamente y le dio otro golpe a Cairell, justo en el medio de la frente y en los dientes. Entonces se dieron unos a otros golpes furiosos, muy r\u00e1pidos, verdaderamente venenosos en el cuerpo y en la piel, de modo que, despu\u00e9s de esta pelea, los pechos y los senos de estos valientes quedaron desgarrados durante mucho tiempo.<\/p>\n\n<p>Entonces se levantaron los dos hijos de Oscar hijo de Ossian, Echtach e Ilann; Hicieron gruesos techos de sus escudos a su alrededor y le dieron a Conan, en el combate cuerpo a cuerpo, golpes profundos y dif\u00edciles de curar. Cuando los dos hijos de Goll hijo de Morna vieron a Conan en esta situaci\u00f3n embarazosa, se levantaron e hirieron a los hijos de Oscar en batalla.<\/p>\n\n<p>Entonces se levantaron el fuerte, valiente le\u00f3n y el veloz, furioso, irresistible drag\u00f3n, Oscar el valiente hijo de Ossian, y puso su hermoso vestido dorado sobre su encantador cuerpo; una hermosa placa art\u00edstica en su cuello; su escudo de gran h\u00e9roe en su mano izquierda; su espada dura y de hoja recta en la otra mano. Acudi\u00f3 impetuosamente y con valent\u00eda en ayuda de su familia y de su hermano Cairell. Sin desenvainar su espada, recurri\u00f3 a golpes de martillo -ten\u00eda un martillo en cada mano- para este repentino ataque. Conan le dijo a Oscar: \u201cAgradezco a los dioses que te enfrentes a un verdadero duelo conmigo, oh Oscar\u201d, dijo, \u201cporque cortar\u00e9 el hilo de tu vida. \u00bb<\/p>\n\n<p>Entonces Oscar y Conan se acercaron y su encuentro termin\u00f3 con la derrota de Conan de quien Oscar arranc\u00f3 un grito de angustia. Conan mir\u00f3 a Art Oc hijo de Morna, y este guerrero todopoderoso se levant\u00f3 e hiri\u00f3 a Oscar. Ossian el muy fuerte, hijo de Find, no pudo soportar esto e hiri\u00f3 a Art. Garbfoltach, hijo de Morna, se levant\u00f3 e hiri\u00f3 a Ossian. El valiente Mac Lugach se levant\u00f3, se puso su arn\u00e9s de combate y luch\u00f3 duramente e hiri\u00f3 a Garbfoltach. Garadh, el de ancho pecho, hijo de Morna, se levant\u00f3 e hiri\u00f3 a MacLugach. Entonces se levant\u00f3 Faelan hijo de Find, con sus trescientos hermanos consigo, y entr\u00f3 vigorosamente y valientemente en la refriega y por \u00e9l los hijos de Morna fueron expulsados de su lugar.<\/p>\n\n<p>Entonces surgi\u00f3 el valiente le\u00f3n, el majestuoso guerrero de gran esp\u00edritu, el veloz y furioso drag\u00f3n, el alegre oso, y la ira de los persistentes golpes, y la columna de la valent\u00eda y la fuerte columna de batalla, Goll el gracioso, el en\u00e9rgico, p\u00farpura. - hijo de Morna, de mejillas claras y de mente clara, y le puso sus arneses de batalla y duelo: un hermoso pectoral, adornado de flores, alrededor de su cuello; su magn\u00edfico vestido, ribeteado de blanco, sobre su hermosa piel; su espada de punta afilada, muy s\u00f3lida y bien pegadora, en la mano de u\u00f1as marrones; su gran escudo guerrero, jorobado, en su mano izquierda. Entr\u00f3 en el hotel con audacia, furioso, irresistible, y no dej\u00f3 en el gran hotel una vela centelleante ni una antorcha encendida y brillante sin apagarla, ni una mesa sin romperla en peque\u00f1os pedazos.<\/p>\n\n<p>Entonces Find pronunci\u00f3 su grito de batalla, &quot;el h\u00e9roe del bosque&quot;, con todas sus fuerzas y orden\u00f3 a los fenianos de Irlanda que exterminaran y mataran, sin dar cuartel, a los hijos de Morna.<\/p>\n\n<p>Entonces los fenianos construyeron empalizadas gruesas, fuertes e indisolubles, con sus escudos a su alrededor. Find se puso a la cabeza de estos valientes y comenzaron a romperse huesos unos a otros sin dar cuartel. Entonces un ataque de ira se apoder\u00f3 de Goll; para proteger a los suyos, hizo de s\u00ed mismo un escudo s\u00f3lido e irrompible; entonces las valientes tropas y sus grandes l\u00edderes se enfurecieron; los guerreros, enfurecidos, y los combatientes, m\u00e1s numerosos; y los combatientes quedaron cubiertos de heridas tras el violento, odioso y venenoso combate que los grandes h\u00e9roes libraron entre s\u00ed. Mucha sangre fluy\u00f3 libremente de los costados de los hijos de los nobles; Heridas profundas e incurables cubrieron a la multitud destructiva e inseparable. Era un mal lugar para una persona d\u00e9bil y enferma, o para una mujer delicada de dedos largos, o para un anciano agobiado por los a\u00f1os lejanos, que habr\u00eda estado esa noche en el peque\u00f1o hotel de Allen, escuchando los gemidos de j\u00f3venes y viejos. , plebeyos y nobles, en apuros, debilitados, moribundos, arrojados al suelo y despedazados. Y as\u00ed permanecieron desde el comienzo de la noche hasta la salida del sol del d\u00eda siguiente, sin darse cuartel unos a otros.<\/p>\n\n<p>Entonces surgi\u00f3 el poeta prof\u00e9tico de palabra incisiva, el hombre de verso, ricamente recompensado, Fergus de la boca hermosa, y con \u00e9l los hombres de ciencia de los fenianos; y cantaban sus lays, sus buenos poemas y sus canciones paneg\u00edricas a estos h\u00e9roes para retenerlos y suavizarlos.<\/p>\n\n<p>Luego, al son de la m\u00fasica de los poetas, dejaron de cortar y moler y dejaron caer sus armas al suelo. Los poetas tomaron sus armas y se reconciliaron entre ellos. Sin embargo Find dijo que no har\u00eda las paces con el clan de Morna antes de tener la sentencia del Rey de Irlanda, la de Ailb\u00e9 hija de Cormac Mac Art hijo de Cond Cechathach, la de Cairbr\u00e9 Lifechair heredero de Irlanda, la sentencia de Fithal y Flathri y antes de que Finntan hijo de Bochna diera la aprobaci\u00f3n de la sentencia. Goll dijo que le conceder\u00eda todo eso. Se comprometieron, bajo la garant\u00eda de los poetas, a establecer firmemente esta paz y se establecieron un d\u00eda, quince d\u00edas despu\u00e9s de aquel momento, en la pradera de Tara.<\/p>\n\n<p>Luego se examinaron las p\u00e9rdidas de los fenianos, y \u00e9stos eran los que faltaban de la casa de Find; mil cien hombres y mujeres, y hab\u00eda muchas damas graciosas, muy nobles, y mujeres lindas, bien hechas, muchachas amables, de palabras dulces, h\u00e9roes llenos de bravura y valor para caer all\u00ed; y fueron muchas las narices heridas, los ojos arrancados, las orejas cortadas, las piernas cortadas hasta el hueso, las manos desgarradas, los cuerpos lacerados, los costados agujereados entre los que quedaron con vida de la casa de Find hijo de Cumall, en aquel tiempo.<\/p>\n\n<p>En cuanto a Goll y su buena casa, el clan de Morna, s\u00f3lo faltaban once hombres y cincuenta mujeres. No es que las mujeres hubieran sido asesinadas, sino que hab\u00edan muerto de miedo y conmoci\u00f3n. Todos los que pudieron sanar fueron tratados. E hicieron sepulturas muy profundas y muy anchas para todos los que hab\u00edan muerto de ambos lados.<\/p>\n\n<p>Luego se limpi\u00f3 el gran sal\u00f3n de Allen y cada uno ocup\u00f3 su lugar seg\u00fan su nobleza y su pa\u00eds. Les tom\u00f3 catorce d\u00edas hacer este arreglo, y al final de este tiempo fueron a Tara. Cormac y Cairbr\u00e9, Ailbe y Fithal, Flathri y Finntan, hijos de Bochna, se sentaron en el lugar del juicio. Find se adelant\u00f3 primero para contar su historia. Pero Goll dijo: \u201cOh, Encuentra\u201d, dijo, \u201cno te daremos a ti la posibilidad de contar el asunto que hay entre nosotros; porque har\u00e9is verdad con mentira, mentira con verdad, contra m\u00ed; Juntos confiamos el asunto a Fergus. \u00a1Que jure por sus dioses hacer justicia entre nosotros! \u00bb<\/p>\n\n<p>Encuentre consentimientos y Fergus garantiza hacer justicia. Luego dijo que fue Cairell quien hab\u00eda golpeado a Conan primero; que los dos hijos de Goll hab\u00edan acudido en ayuda de Conan; que Oscar hab\u00eda acudido en ayuda de su casa; y que entonces los fenianos de Irlanda y el clan de Morna se hab\u00edan levantado unos contra otros, y hab\u00edan comenzado a romperse los huesos sin cuartel, desde el comienzo de la noche hasta el amanecer del d\u00eda siguiente, y que las p\u00e9rdidas de la casa de Find hijo de Cumall, en esta ocasi\u00f3n, hab\u00edan sido mil cien hombres y mujeres y que los del clan de Morna hab\u00edan sido once hombres y cincuenta mujeres, y que, adem\u00e1s, hubo gran n\u00famero de heridos en ambos bandos tras esta avalancha.<\/p>\n\n<p>\u201cEstoy sorprendido por la peque\u00f1a p\u00e9rdida del clan Morna\u201d, dijo Cormac, \u201cdados los n\u00fameros que ten\u00edan frente a ellos. \u00bb Fergus dijo que fue Goll quien hab\u00eda venido como escudo para proteger a su pueblo, \u201cy esta, oh rey de Irlanda\u201d, dijo, \u201ces la historia de este hotel\u201d. Flathri dijo: \u201cDa\u00f1o al clan de Morna\u201d, dijo, \u201cporque fue contra ellos contra quien se inici\u00f3 el asalto.<\/p>\n\n<p>\u201cNo es la decisi\u00f3n del hijo de un abogado\u201d, dijo Cormac; porque todo guerrero debe obediencia a su se\u00f1or.<\/p>\n\n<p>\u201cEso es cierto para un hematoma\u201d, dijo Flathri, \u201cpero no para el derramamiento de sangre. \u00bb Fithal dijo: &quot;Disculpemos al clan de Morna de pagar da\u00f1os y perjuicios a quienes iniciaron la agresi\u00f3n y adem\u00e1s eximamos a Find, debido a la magnitud de sus p\u00e9rdidas, de pagar da\u00f1os y perjuicios. \u00bb<\/p>\n\n<p>Finntan hijo de Bochna dijo: \u201c\u00a1Este es el juicio del hijo de un abogado! \u00bb<\/p>\n\n<p>Cormac y Cairbr\u00e9 elogiaron esta frase.<\/p>\n\n<p>Entonces los fenianos fueron convocados al campo; Se les present\u00f3 el juicio y as\u00ed se hizo la paz entre ellos. Esta es la historia del Petit Hotel d&#039;Allen.<\/p>\n\t\t\t\t\t\t\t\t<\/div>\n\t\t\t\t<\/div>\n\t\t\t\t\t<\/div>\n\t\t<\/div>\n\t\t\t\t\t<\/div>\n\t\t<\/section>\n\t\t\t\t<\/div>","protected":false},"excerpt":{"rendered":"<p>Mythologie irlandaise Wiki Voici l&rsquo;\u00e9pisode dit du Petit H\u00f4tel d&rsquo;Allen du Cycle Fenian. Petit H\u00f4tel d&rsquo;Allen Il y eut un &hellip; <\/p>","protected":false},"author":1,"featured_media":0,"parent":439,"menu_order":0,"comment_status":"closed","ping_status":"closed","template":"","meta":{"footnotes":""},"class_list":["post-867","page","type-page","status-publish","hentry"],"amp_enabled":true,"_links":{"self":[{"href":"https:\/\/mythslegendes.com\/es\/wp-json\/wp\/v2\/pages\/867","targetHints":{"allow":["GET"]}}],"collection":[{"href":"https:\/\/mythslegendes.com\/es\/wp-json\/wp\/v2\/pages"}],"about":[{"href":"https:\/\/mythslegendes.com\/es\/wp-json\/wp\/v2\/types\/page"}],"author":[{"embeddable":true,"href":"https:\/\/mythslegendes.com\/es\/wp-json\/wp\/v2\/users\/1"}],"replies":[{"embeddable":true,"href":"https:\/\/mythslegendes.com\/es\/wp-json\/wp\/v2\/comments?post=867"}],"version-history":[{"count":1,"href":"https:\/\/mythslegendes.com\/es\/wp-json\/wp\/v2\/pages\/867\/revisions"}],"predecessor-version":[{"id":24616,"href":"https:\/\/mythslegendes.com\/es\/wp-json\/wp\/v2\/pages\/867\/revisions\/24616"}],"up":[{"embeddable":true,"href":"https:\/\/mythslegendes.com\/es\/wp-json\/wp\/v2\/pages\/439"}],"wp:attachment":[{"href":"https:\/\/mythslegendes.com\/es\/wp-json\/wp\/v2\/media?parent=867"}],"curies":[{"name":"wp","href":"https:\/\/api.w.org\/{rel}","templated":true}]}}