{"id":874,"date":"2020-06-16T10:24:00","date_gmt":"2020-06-16T09:24:00","guid":{"rendered":"https:\/\/mythslegendes.com\/?page_id=874"},"modified":"2021-04-24T13:02:56","modified_gmt":"2021-04-24T13:02:56","slug":"cycle-historique-irlandais","status":"publish","type":"page","link":"https:\/\/mythslegendes.com\/es\/mitologia-irlandesa\/ciclo-historico-irlandes\/","title":{"rendered":"Ciclo hist\u00f3rico irland\u00e9s"},"content":{"rendered":"<ul class=\"wp-block-list\"><li><strong><a href=\"https:\/\/mythslegendes.com\/es\/mitologia-irlandesa\/lexpedition-de-loegaire\/\">Echtra Laegaire maic Crimthainn (La expedici\u00f3n de Loegair\u00e9, hijo de Crimthann)<\/a><\/strong><\/li><li><strong><a href=\"https:\/\/mythslegendes.com\/es\/mitologia-irlandesa\/theconnle-ruad-expedition\/\">Echtra Condla (La expedici\u00f3n de Connle Ruad, hijo de Conn Cetchathach)<\/a><\/strong><\/li><li><strong><a href=\"https:\/\/mythslegendes.com\/es\/mitologia-irlandesa\/aventuras-cormac\/\">Echtra Cormaic i T\u00edr Tairngire (Las aventuras de Cormac, hijo del arte)<\/a><\/strong><\/li><li><strong>Aventuras de Cormac en la tierra prometida<\/strong><\/li><li><strong>La locura de Suibhne<\/strong><\/li><li><strong>La muerte de Eochaid Mac Mairid<\/strong><\/li><li><strong><a href=\"https:\/\/mythslegendes.com\/es\/\">Sc\u00e9l Bail\u00e9 Binnb\u00e9rlaig mic B\u00faain (La dulce historia parlante de Bail\u00e9)<\/a><\/strong><\/li><\/ul>","protected":false},"excerpt":{"rendered":"<p>Echtra Laegaire maic Crimthainn (L&rsquo;Exp\u00e9dition de Lo\u00e9gair\u00e9, Fils de Crimthann) Echtra Condla (L&rsquo;Exp\u00e9dition de Connle Ruad, Fils de Conn Cetchathach) &hellip; <\/p>","protected":false},"author":1,"featured_media":0,"parent":439,"menu_order":0,"comment_status":"closed","ping_status":"closed","template":"","meta":{"footnotes":""},"class_list":["post-874","page","type-page","status-publish","hentry"],"amp_enabled":true,"_links":{"self":[{"href":"https:\/\/mythslegendes.com\/es\/wp-json\/wp\/v2\/pages\/874","targetHints":{"allow":["GET"]}}],"collection":[{"href":"https:\/\/mythslegendes.com\/es\/wp-json\/wp\/v2\/pages"}],"about":[{"href":"https:\/\/mythslegendes.com\/es\/wp-json\/wp\/v2\/types\/page"}],"author":[{"embeddable":true,"href":"https:\/\/mythslegendes.com\/es\/wp-json\/wp\/v2\/users\/1"}],"replies":[{"embeddable":true,"href":"https:\/\/mythslegendes.com\/es\/wp-json\/wp\/v2\/comments?post=874"}],"version-history":[{"count":0,"href":"https:\/\/mythslegendes.com\/es\/wp-json\/wp\/v2\/pages\/874\/revisions"}],"up":[{"embeddable":true,"href":"https:\/\/mythslegendes.com\/es\/wp-json\/wp\/v2\/pages\/439"}],"wp:attachment":[{"href":"https:\/\/mythslegendes.com\/es\/wp-json\/wp\/v2\/media?parent=874"}],"curies":[{"name":"wp","href":"https:\/\/api.w.org\/{rel}","templated":true}]}}