{"id":879,"date":"2020-06-16T10:25:22","date_gmt":"2020-06-16T09:25:22","guid":{"rendered":"https:\/\/mythslegendes.com\/?page_id=879"},"modified":"2022-12-03T22:06:59","modified_gmt":"2022-12-03T22:06:59","slug":"lexpedition-de-loegaire","status":"publish","type":"page","link":"https:\/\/mythslegendes.com\/es\/mitologia-irlandesa\/lexpedition-de-loegaire\/","title":{"rendered":"Expedici\u00f3n de Lo\u00e9gair\u00e9"},"content":{"rendered":"<div data-elementor-type=\"wp-page\" data-elementor-id=\"879\" class=\"elementor elementor-879\">\n\t\t\t\t\t\t<section class=\"elementor-section elementor-top-section elementor-element elementor-element-9c58e80 elementor-section-boxed elementor-section-height-default elementor-section-height-default\" data-id=\"9c58e80\" data-element_type=\"section\" data-e-type=\"section\">\n\t\t\t\t\t\t<div class=\"elementor-container elementor-column-gap-default\">\n\t\t\t\t\t<div class=\"elementor-column elementor-col-50 elementor-top-column elementor-element elementor-element-1084414\" data-id=\"1084414\" data-element_type=\"column\" data-e-type=\"column\">\n\t\t\t<div class=\"elementor-widget-wrap elementor-element-populated\">\n\t\t\t\t\t\t<div class=\"elementor-element elementor-element-894b511 elementor-align-justify elementor-widget elementor-widget-button\" data-id=\"894b511\" data-element_type=\"widget\" data-e-type=\"widget\" data-widget_type=\"button.default\">\n\t\t\t\t<div class=\"elementor-widget-container\">\n\t\t\t\t\t\t\t\t\t<div class=\"elementor-button-wrapper\">\n\t\t\t\t\t<a class=\"elementor-button elementor-button-link elementor-size-sm\" href=\"https:\/\/mythslegendes.com\/es\/mitologia-irlandesa\/\">\n\t\t\t\t\t\t<span class=\"elementor-button-content-wrapper\">\n\t\t\t\t\t\t\t\t\t<span class=\"elementor-button-text\">Mitolog\u00eda irlandesa<\/span>\n\t\t\t\t\t<\/span>\n\t\t\t\t\t<\/a>\n\t\t\t\t<\/div>\n\t\t\t\t\t\t\t\t<\/div>\n\t\t\t\t<\/div>\n\t\t\t\t\t<\/div>\n\t\t<\/div>\n\t\t\t\t<div class=\"elementor-column elementor-col-50 elementor-top-column elementor-element elementor-element-b1828be\" data-id=\"b1828be\" data-element_type=\"column\" data-e-type=\"column\">\n\t\t\t<div class=\"elementor-widget-wrap elementor-element-populated\">\n\t\t\t\t\t\t<div class=\"elementor-element elementor-element-d8f68c8 elementor-align-justify elementor-widget elementor-widget-button\" data-id=\"d8f68c8\" data-element_type=\"widget\" data-e-type=\"widget\" data-widget_type=\"button.default\">\n\t\t\t\t<div class=\"elementor-widget-container\">\n\t\t\t\t\t\t\t\t\t<div class=\"elementor-button-wrapper\">\n\t\t\t\t\t<a class=\"elementor-button elementor-button-link elementor-size-sm\" href=\"https:\/\/fr.wikipedia.org\/wiki\/Mythologie_celtique_irlandaise\" target=\"_blank\" rel=\"noopener\">\n\t\t\t\t\t\t<span class=\"elementor-button-content-wrapper\">\n\t\t\t\t\t\t\t\t\t<span class=\"elementor-button-text\">Wiki<\/span>\n\t\t\t\t\t<\/span>\n\t\t\t\t\t<\/a>\n\t\t\t\t<\/div>\n\t\t\t\t\t\t\t\t<\/div>\n\t\t\t\t<\/div>\n\t\t\t\t\t<\/div>\n\t\t<\/div>\n\t\t\t\t\t<\/div>\n\t\t<\/section>\n\t\t\t\t<section class=\"elementor-section elementor-top-section elementor-element elementor-element-c70906f elementor-section-boxed elementor-section-height-default elementor-section-height-default\" data-id=\"c70906f\" data-element_type=\"section\" data-e-type=\"section\">\n\t\t\t\t\t\t<div class=\"elementor-container elementor-column-gap-default\">\n\t\t\t\t\t<div class=\"elementor-column elementor-col-100 elementor-top-column elementor-element elementor-element-11c6e929\" data-id=\"11c6e929\" data-element_type=\"column\" data-e-type=\"column\">\n\t\t\t<div class=\"elementor-widget-wrap elementor-element-populated\">\n\t\t\t\t\t\t<div class=\"elementor-element elementor-element-2ee9da9a elementor-widget elementor-widget-text-editor\" data-id=\"2ee9da9a\" data-element_type=\"widget\" data-e-type=\"widget\" data-widget_type=\"text-editor.default\">\n\t\t\t\t<div class=\"elementor-widget-container\">\n\t\t\t\t\t\t\t\t\t\n<p>Aqu\u00ed est\u00e1 la historia de la expedici\u00f3n de Lo\u00e9gair\u00e9, del ciclo hist\u00f3rico <a href=\"https:\/\/mythslegendes.com\/es\/mitologia-irlandesa\/\">irlandesa<\/a>.<\/p>\n<p><img decoding=\"async\" class=\"alignnone wp-image-5284 size-full\" src=\"https:\/\/mythslegendes.com\/wp-content\/uploads\/2020\/09\/AlphaOmega-e1602613368367.png\" alt=\"Expedici\u00f3n Lo\u00e9gair\u00e9\" width=\"25\" height=\"26\" title=\"\"><\/p>\n<div id=\"ez-toc-container\" class=\"ez-toc-v2_0_82_2 counter-hierarchy ez-toc-counter ez-toc-grey ez-toc-container-direction\">\n<div class=\"ez-toc-title-container\">\n<p class=\"ez-toc-title\" style=\"cursor:inherit\">Contenido<\/p>\n<span class=\"ez-toc-title-toggle\"><a href=\"#\" class=\"ez-toc-pull-right ez-toc-btn ez-toc-btn-xs ez-toc-btn-default ez-toc-toggle\" aria-label=\"Alternar tabla de contenidos\"><span class=\"ez-toc-js-icon-con\"><span class=\"\"><span class=\"eztoc-hide\" style=\"display:none;\">Palanca<\/span><span class=\"ez-toc-icon-toggle-span\"><svg style=\"fill: #999;color:#999\" xmlns=\"http:\/\/www.w3.org\/2000\/svg\" class=\"list-377408\" width=\"20px\" height=\"20px\" viewbox=\"0 0 24 24\" fill=\"none\"><path d=\"M6 6H4v2h2V6zm14 0H8v2h12V6zM4 11h2v2H4v-2zm16 0H8v2h12v-2zM4 16h2v2H4v-2zm16 0H8v2h12v-2z\" fill=\"currentColor\"><\/path><\/svg><svg style=\"fill: #999;color:#999\" class=\"arrow-unsorted-368013\" xmlns=\"http:\/\/www.w3.org\/2000\/svg\" width=\"10px\" height=\"10px\" viewbox=\"0 0 24 24\" version=\"1.2\" baseprofile=\"tiny\"><path d=\"M18.2 9.3l-6.2-6.3-6.2 6.3c-.2.2-.3.4-.3.7s.1.5.3.7c.2.2.4.3.7.3h11c.3 0 .5-.1.7-.3.2-.2.3-.5.3-.7s-.1-.5-.3-.7zM5.8 14.7l6.2 6.3 6.2-6.3c.2-.2.3-.5.3-.7s-.1-.5-.3-.7c-.2-.2-.4-.3-.7-.3h-11c-.3 0-.5.1-.7.3-.2.2-.3.5-.3.7s.1.5.3.7z\"\/><\/svg><\/span><\/span><\/span><\/a><\/span><\/div>\n<nav><ul class='ez-toc-list ez-toc-list-level-1' ><li class='ez-toc-page-1 ez-toc-heading-level-2'><a class=\"ez-toc-link ez-toc-heading-1\" href=\"https:\/\/mythslegendes.com\/es\/mitologia-irlandesa\/lexpedition-de-loegaire\/#Expedition-de-Loegaire\" >Expedici\u00f3n Lo\u00e9gair\u00e9<\/a><\/li><\/ul><\/nav><\/div>\n<h2><span class=\"ez-toc-section\" id=\"Expedition-de-Loegaire\"><\/span>Expedici\u00f3n Lo\u00e9gair\u00e9<span class=\"ez-toc-section-end\"><\/span><\/h2>\n<p>Los connacianos se reunieron una vez en Bird Lake en la llanura de Ae. Crimthan Cas era el rey de Connaught en ese momento. Permanecieron reunidos por la noche; al d\u00eda siguiente, temprano en la ma\u00f1ana, se levantaron y vieron a un hombre que ven\u00eda hacia ellos a trav\u00e9s de la niebla: vest\u00eda un abrigo p\u00farpura con cinco pliegues; ten\u00eda en la mano dos jabalinas de cinco puntas; lo cubr\u00eda un escudo con una joroba de oro; llevaba una espada con empu\u00f1adura de oro en el cintur\u00f3n y el cabello amarillo flotaba detr\u00e1s de \u00e9l.<\/p>\n\n<p>&quot;Saludad al que viene a nosotros&quot;, dijo Lo\u00e9gair\u00e9 Liabn, hijo de Crimthan, el hijo m\u00e1s hermoso de Connaught. &quot;\u00a1Bienvenidos al guerrero que no conocemos!&quot;<\/p>\n\n<p>- Gracias, dijo.<\/p>\n\n<p>-\u00bfPor qu\u00e9 viniste? dijo Lo\u00e9gair\u00e9.<\/p>\n\n<p>&quot;Para pedir refuerzos&quot;, dijo.<\/p>\n\n<p>-De d\u00f3nde eres ? dijo Lo\u00e9gair\u00e9.<\/p>\n\n<p>-Soy gente de Faerie, dijo, Fiachna hijo de R\u00e9t\u00e9 es mi nombre; Eochaid, hijo de Sal, me arrebat\u00f3 a mi esposa. Cay\u00f3 bajo mis golpes en el campo de batalla; fue a ver a un hijo de su hermano, Goll, hijo de Dolb, rey de la fortaleza de la Llanura. Le entregu\u00e9 siete batallas; todos se han vuelto contra m\u00ed. Hoy estamos librando una batalla y he venido para pedir ayuda. Dar\u00e9 una vara de plata y una vara de oro a cualquier hombre que venga conmigo. Con eso se dio la vuelta.<\/p>\n\n<p>\u201cEs una pena para ti\u201d, dijo Lo\u00e9gair\u00e9, \u201cno ayudar a ese hombre. \u00bbArrastra a cincuenta guerreros en su s\u00e9quito; se sumerge ante ellos bajo el lago; se zambullen tras \u00e9l. Vieron una fortaleza enfrente y una batalla enfrente. Fiachna hijo de R\u00e9t\u00e9 a la cabeza fue a la fortaleza y vieron a los dos ej\u00e9rcitos combatiendo.<\/p>\n\n<p>\u201cBueno\u201d, dijo Lo\u00e9gair\u00e9, \u201cmarchar\u00e9 hacia el l\u00edder de cincuenta guerreros all\u00e1.<\/p>\n\n<p>-Marchar\u00e9 contra ti. Dijo Goll hijo de Dolb.<\/p>\n\n<p>Los dos cincuenta pelearon; Lo\u00e9gair\u00e9 sali\u00f3 vivo con sus cincuenta hombres, despu\u00e9s de que Goll hubiera ca\u00eddo y sus cincuenta hombres a su alrededor. Entonces todo se rompe frente a ellos y hacen una gran carnicer\u00eda.<\/p>\n\n<p>&quot;\u00bfD\u00f3nde est\u00e1 la mujer?&quot; dice Lo\u00e9gair\u00e9<\/p>\n\n<p>&quot;Est\u00e1 en la fortaleza de Pleasant Plain&quot;, dijo Fiachna, rodeada de un ej\u00e9rcito.<\/p>\n\n<p>-Qu\u00e9date aqu\u00ed, que voy con mis cincuenta. \u00bbDice Lo\u00e9gair\u00e9.<\/p>\n\n<p>Entonces Lo\u00e9gair\u00e9 se dirigi\u00f3 a la fortaleza de la Llanura Agradable. Empezamos a tomarlo. &quot;No habr\u00eda mucho beneficio&quot;, dijo Lo\u00e9gair\u00e9; tu rey ha ca\u00eddo y tus se\u00f1ores han ca\u00eddo; saca a la mujer y, a cambio, se te dar\u00e1 la vida. &quot;<\/p>\n\n<p>As\u00ed se hizo. Cuando se va, dice la Lamentaci\u00f3n de la Hija de Eochaid el Mudo. Lo\u00e9gaire luego se fue y puso su mano en la mano de Fiachna. Esa noche, Der Greine, hija de Fiachna, estaba en Lo\u00e9gair\u00e9, y cincuenta mujeres fueron entregadas a los cincuenta guerreros y permanecieron con ellos hasta fin de a\u00f1o.<\/p>\n\n<p>&quot;Vamos a buscar noticias de nuestro pa\u00eds&quot;, dice Lo\u00e9gair\u00e9.<\/p>\n\n<p>-Si quieres volver, dijo Fiachna, lleva caballos y no te bajes. &quot;<\/p>\n\n<p>As\u00ed se hizo. Llegaron a la asamblea. Los connacianos estaban lamentando a las personas mencionadas al final del a\u00f1o cuando las vieron encima de ellos. Los connacianos se apresuraron a recibirlos.<\/p>\n\n<p>\u201cNo te acerques\u201d, dijo Lo\u00e9gair\u00e9, \u201chemos venido a despedirnos de ti.<\/p>\n\n<p>&quot;No me dejes&quot;, dijo Crimthann; el reino de Connacht es tuyo, su oro, su plata, sus caballos y sus bridas, sus hermosas mujeres a tu discreci\u00f3n, \u00a1para que no me dejes! &quot;<\/p>\n\n<p>Pero se apart\u00f3 de ellos para entrar en el\u00a0<em>s\u00eedh,<\/em>\u00a0donde comparte la realeza con Fiachna hijo de R\u00e9t\u00e9, teniendo a la hija de Fiachna a su lado, y a\u00fan no ha sido liberado.<\/p>\n\t\t\t\t\t\t\t\t<\/div>\n\t\t\t\t<\/div>\n\t\t\t\t\t<\/div>\n\t\t<\/div>\n\t\t\t\t\t<\/div>\n\t\t<\/section>\n\t\t\t\t<\/div>","protected":false},"excerpt":{"rendered":"<p>Mythologie irlandaise Wiki Voici l&rsquo;histoire de l&rsquo;exp\u00e9dition de Lo\u00e9gair\u00e9, du cycle historique irlandais. Exp\u00e9dition de Lo\u00e9gair\u00e9 Les Connaciens \u00e9taient une &hellip; <\/p>","protected":false},"author":1,"featured_media":0,"parent":439,"menu_order":0,"comment_status":"closed","ping_status":"closed","template":"","meta":{"footnotes":""},"class_list":["post-879","page","type-page","status-publish","hentry"],"amp_enabled":true,"_links":{"self":[{"href":"https:\/\/mythslegendes.com\/es\/wp-json\/wp\/v2\/pages\/879","targetHints":{"allow":["GET"]}}],"collection":[{"href":"https:\/\/mythslegendes.com\/es\/wp-json\/wp\/v2\/pages"}],"about":[{"href":"https:\/\/mythslegendes.com\/es\/wp-json\/wp\/v2\/types\/page"}],"author":[{"embeddable":true,"href":"https:\/\/mythslegendes.com\/es\/wp-json\/wp\/v2\/users\/1"}],"replies":[{"embeddable":true,"href":"https:\/\/mythslegendes.com\/es\/wp-json\/wp\/v2\/comments?post=879"}],"version-history":[{"count":1,"href":"https:\/\/mythslegendes.com\/es\/wp-json\/wp\/v2\/pages\/879\/revisions"}],"predecessor-version":[{"id":24617,"href":"https:\/\/mythslegendes.com\/es\/wp-json\/wp\/v2\/pages\/879\/revisions\/24617"}],"up":[{"embeddable":true,"href":"https:\/\/mythslegendes.com\/es\/wp-json\/wp\/v2\/pages\/439"}],"wp:attachment":[{"href":"https:\/\/mythslegendes.com\/es\/wp-json\/wp\/v2\/media?parent=879"}],"curies":[{"name":"wp","href":"https:\/\/api.w.org\/{rel}","templated":true}]}}