{"id":882,"date":"2020-06-16T10:27:22","date_gmt":"2020-06-16T09:27:22","guid":{"rendered":"https:\/\/mythslegendes.com\/?page_id=882"},"modified":"2022-12-03T22:06:59","modified_gmt":"2022-12-03T22:06:59","slug":"lexpedition-de-connle-ruad","status":"publish","type":"page","link":"https:\/\/mythslegendes.com\/es\/mitologia-irlandesa\/theconnle-ruad-expedition\/","title":{"rendered":"Expedici\u00f3n de Connle Ruad"},"content":{"rendered":"<div data-elementor-type=\"wp-page\" data-elementor-id=\"882\" class=\"elementor elementor-882\">\n\t\t\t\t\t\t<section class=\"elementor-section elementor-top-section elementor-element elementor-element-5a02128 elementor-section-boxed elementor-section-height-default elementor-section-height-default\" data-id=\"5a02128\" data-element_type=\"section\" data-e-type=\"section\">\n\t\t\t\t\t\t<div class=\"elementor-container elementor-column-gap-default\">\n\t\t\t\t\t<div class=\"elementor-column elementor-col-50 elementor-top-column elementor-element elementor-element-adc4381\" data-id=\"adc4381\" data-element_type=\"column\" data-e-type=\"column\">\n\t\t\t<div class=\"elementor-widget-wrap elementor-element-populated\">\n\t\t\t\t\t\t<div class=\"elementor-element elementor-element-df4f495 elementor-align-justify elementor-widget elementor-widget-button\" data-id=\"df4f495\" data-element_type=\"widget\" data-e-type=\"widget\" data-widget_type=\"button.default\">\n\t\t\t\t<div class=\"elementor-widget-container\">\n\t\t\t\t\t\t\t\t\t<div class=\"elementor-button-wrapper\">\n\t\t\t\t\t<a class=\"elementor-button elementor-button-link elementor-size-sm\" href=\"https:\/\/mythslegendes.com\/es\/mitologia-irlandesa\/\">\n\t\t\t\t\t\t<span class=\"elementor-button-content-wrapper\">\n\t\t\t\t\t\t\t\t\t<span class=\"elementor-button-text\">Mitolog\u00eda irlandesa<\/span>\n\t\t\t\t\t<\/span>\n\t\t\t\t\t<\/a>\n\t\t\t\t<\/div>\n\t\t\t\t\t\t\t\t<\/div>\n\t\t\t\t<\/div>\n\t\t\t\t\t<\/div>\n\t\t<\/div>\n\t\t\t\t<div class=\"elementor-column elementor-col-50 elementor-top-column elementor-element elementor-element-cf8f440\" data-id=\"cf8f440\" data-element_type=\"column\" data-e-type=\"column\">\n\t\t\t<div class=\"elementor-widget-wrap elementor-element-populated\">\n\t\t\t\t\t\t<div class=\"elementor-element elementor-element-6626630 elementor-align-justify elementor-widget elementor-widget-button\" data-id=\"6626630\" data-element_type=\"widget\" data-e-type=\"widget\" data-widget_type=\"button.default\">\n\t\t\t\t<div class=\"elementor-widget-container\">\n\t\t\t\t\t\t\t\t\t<div class=\"elementor-button-wrapper\">\n\t\t\t\t\t<a class=\"elementor-button elementor-button-link elementor-size-sm\" href=\"https:\/\/fr.wikipedia.org\/wiki\/Mythologie_celtique_irlandaise\" target=\"_blank\" rel=\"noopener\">\n\t\t\t\t\t\t<span class=\"elementor-button-content-wrapper\">\n\t\t\t\t\t\t\t\t\t<span class=\"elementor-button-text\">Wiki<\/span>\n\t\t\t\t\t<\/span>\n\t\t\t\t\t<\/a>\n\t\t\t\t<\/div>\n\t\t\t\t\t\t\t\t<\/div>\n\t\t\t\t<\/div>\n\t\t\t\t\t<\/div>\n\t\t<\/div>\n\t\t\t\t\t<\/div>\n\t\t<\/section>\n\t\t\t\t<section class=\"elementor-section elementor-top-section elementor-element elementor-element-55d9cf9e elementor-section-boxed elementor-section-height-default elementor-section-height-default\" data-id=\"55d9cf9e\" data-element_type=\"section\" data-e-type=\"section\">\n\t\t\t\t\t\t<div class=\"elementor-container elementor-column-gap-default\">\n\t\t\t\t\t<div class=\"elementor-column elementor-col-100 elementor-top-column elementor-element elementor-element-da5939d\" data-id=\"da5939d\" data-element_type=\"column\" data-e-type=\"column\">\n\t\t\t<div class=\"elementor-widget-wrap elementor-element-populated\">\n\t\t\t\t\t\t<div class=\"elementor-element elementor-element-60e6ac0a elementor-widget elementor-widget-text-editor\" data-id=\"60e6ac0a\" data-element_type=\"widget\" data-e-type=\"widget\" data-widget_type=\"text-editor.default\">\n\t\t\t\t<div class=\"elementor-widget-container\">\n\t\t\t\t\t\t\t\t\t\n<p>Esta es la historia de la expedici\u00f3n de Connle Ruad, del ciclo hist\u00f3rico <a href=\"https:\/\/mythslegendes.com\/es\/mitologia-irlandesa\/\">irlandesa<\/a>.<\/p>\n<p><img decoding=\"async\" class=\"alignnone wp-image-5284 size-full\" src=\"https:\/\/mythslegendes.com\/wp-content\/uploads\/2020\/09\/AlphaOmega-e1602613368367.png\" alt=\"Expedici\u00f3n Connle Ruad\" width=\"25\" height=\"26\" title=\"\"><\/p>\n<div id=\"ez-toc-container\" class=\"ez-toc-v2_0_82_2 counter-hierarchy ez-toc-counter ez-toc-grey ez-toc-container-direction\">\n<div class=\"ez-toc-title-container\">\n<p class=\"ez-toc-title\" style=\"cursor:inherit\">Contenido<\/p>\n<span class=\"ez-toc-title-toggle\"><a href=\"#\" class=\"ez-toc-pull-right ez-toc-btn ez-toc-btn-xs ez-toc-btn-default ez-toc-toggle\" aria-label=\"Alternar tabla de contenidos\"><span class=\"ez-toc-js-icon-con\"><span class=\"\"><span class=\"eztoc-hide\" style=\"display:none;\">Palanca<\/span><span class=\"ez-toc-icon-toggle-span\"><svg style=\"fill: #999;color:#999\" xmlns=\"http:\/\/www.w3.org\/2000\/svg\" class=\"list-377408\" width=\"20px\" height=\"20px\" viewbox=\"0 0 24 24\" fill=\"none\"><path d=\"M6 6H4v2h2V6zm14 0H8v2h12V6zM4 11h2v2H4v-2zm16 0H8v2h12v-2zM4 16h2v2H4v-2zm16 0H8v2h12v-2z\" fill=\"currentColor\"><\/path><\/svg><svg style=\"fill: #999;color:#999\" class=\"arrow-unsorted-368013\" xmlns=\"http:\/\/www.w3.org\/2000\/svg\" width=\"10px\" height=\"10px\" viewbox=\"0 0 24 24\" version=\"1.2\" baseprofile=\"tiny\"><path d=\"M18.2 9.3l-6.2-6.3-6.2 6.3c-.2.2-.3.4-.3.7s.1.5.3.7c.2.2.4.3.7.3h11c.3 0 .5-.1.7-.3.2-.2.3-.5.3-.7s-.1-.5-.3-.7zM5.8 14.7l6.2 6.3 6.2-6.3c.2-.2.3-.5.3-.7s-.1-.5-.3-.7c-.2-.2-.4-.3-.7-.3h-11c-.3 0-.5.1-.7.3-.2.2-.3.5-.3.7s.1.5.3.7z\"\/><\/svg><\/span><\/span><\/span><\/a><\/span><\/div>\n<nav><ul class='ez-toc-list ez-toc-list-level-1' ><li class='ez-toc-page-1 ez-toc-heading-level-2'><a class=\"ez-toc-link ez-toc-heading-1\" href=\"https:\/\/mythslegendes.com\/es\/mitologia-irlandesa\/theconnle-ruad-expedition\/#Expedition-de-Connle-Ruad\" >Expedici\u00f3n Connle Ruad<\/a><\/li><\/ul><\/nav><\/div>\n<h2><span class=\"ez-toc-section\" id=\"Expedition-de-Connle-Ruad\"><\/span>Expedici\u00f3n Connle Ruad<span class=\"ez-toc-section-end\"><\/span><\/h2>\n<p>\u00bfPor qu\u00e9 decimos Arte \u00danico? No es dif\u00edcil de explicar.<\/p>\n\n<p>Un d\u00eda, Connle Ruad, hijo de Conn Cetchathach, estaba junto a su padre en las alturas de Usnech. De repente vio a una mujer hermosamente vestida acerc\u00e1ndose a \u00e9l. Connle le habl\u00f3: \u00bfDe d\u00f3nde eres, mujer? \u00e9l dijo. -Vengo -respondi\u00f3 la mujer- de la tierra de los vivos, de la tierra donde no se conoce ni la muerte ni el pecado ni el esc\u00e1ndalo.<\/p>\n\n<p>Nuestras fiestas extendidas no necesitan preparaci\u00f3n; nunca una ri\u00f1a perturba nuestros hermosos encuentros. Vivimos en el gran Sid; tambi\u00e9n nos llaman la gente del lado. &quot;\u00bfCon qui\u00e9n est\u00e1s hablando?&quot;, le dijo Conn a su hijo. Porque nadie vio a la mujer excepto Connle solo. La mujer respondi\u00f3:<\/p>\n\n<p>Est\u00e1 hablando con una mujer joven y bonita de noble cuna,<br \/>Quien no tiene que temer ni a la muerte ni a la vejez.<br \/>Me gusta Connle Ruad. Lo invito a venir a Mag Mell<br \/>donde reina un rey Boadach el inmortal;<br \/>ninguna queja, ninguna desgracia en su pa\u00eds desde que asumi\u00f3 el poder.<\/p>\n\n<p>\u00a1Ven conmigo, Connle Ruad, cuello de color, brillante como la luz!<br \/>Una corona de oro debe ser puesta en la cabeza,<br \/>como emblema eterno de vuestra dignidad real.<br \/>Si lo quieres, tu cuerpo nunca se marchitar\u00e1,<br \/>su juventud, su hermosura aun a juicio favorable.<\/p>\n\n<p>Conn habl\u00f3 con su druida, cuyo nombre era Cor\u00e1n. Todos hab\u00edan o\u00eddo lo que dijo la mujer, pero no la vieron.<\/p>\n\n<p>Te imploro Cor\u00e1n con canciones famosas,<br \/>a la vasta ciencia,<br \/>se me da una orden estricta,<br \/>el es mas fuerte que mi voluntad<br \/>y m\u00e1s fuerte que mi poder.<br \/>Nunca he peleado una pelea as\u00ed<br \/>desde que asum\u00ed el poder.<\/p>\n\n<p>M\u00e1s fuerte que todas las armas,<br \/>una forma invisible me atormenta<br \/>y canten alrededor de mi hijo para que me lo quiten con brujer\u00eda,<br \/>el Rey de Irlanda, y los m\u00e1gicos encantos de una mujer lo arrastran.<\/p>\n\n<p>Entonces el druida cant\u00f3 contra la voz de la mujer, para que no se escuchara, y tambi\u00e9n para que Connle no la volviera a ver.<\/p>\n\n<p>Pero la mujer, al marcharse, ahuyentada por la canci\u00f3n m\u00e1gica del druida, le hab\u00eda dado una manzana a Connle. Estuvo hasta fin de mes sin comer ni beber. Ning\u00fan plato le agradaba excepto su manzana. La manzana no se encog\u00eda; cada vez que lo com\u00eda, permanec\u00eda intacto. Entonces Connle se preocup\u00f3: pens\u00f3 en la mujer que hab\u00eda visto. El d\u00eda que termin\u00f3 el mes, estaba con su padre en Mag-Archomman, cuando vio a la misma mujer frente a \u00e9l que le dijo:<\/p>\n\n<p>Connle, t\u00fa que est\u00e1s sentado<br \/>en un lugar alto entre los mortales que pasan,<br \/>t\u00fa que esperas la temida muerte,<br \/>los seres inmortales os invitan a acercaros a ellos;<br \/>eres un h\u00e9roe para la gente de Tethra,<br \/>el quiere verte todos los dias<br \/>en las asambleas de tus antepasados<br \/>en medio de los que has conocido<br \/>y que son queridos para ti.<\/p>\n\n<p>Cuando Conn escuch\u00f3 la voz de la mujer, dijo a su gente: &quot;Llama al druida, que venga a m\u00ed, hoy todav\u00eda se escucha la voz de esta mujer. La mujer respondi\u00f3:<\/p>\n\n<p>Conn Cetchathach,<br \/>el arte del druida ya no tiene poder,<br \/>en poco tiempo llegar\u00e1 a la Gran Orilla.<br \/>Los justos vendr\u00e1n pronto<br \/>con muchos compa\u00f1eros ilustres,<br \/>y su ley destruir\u00e1 los hechizos de los druidas,<br \/>esos pecados inspirados por la boca<br \/>del demonio negro y enga\u00f1oso.<\/p>\n\n<p>Conn se sorprendi\u00f3 de que Connle no respondiera a nadie excepto: \u201cVino la mujer. \u2014\u00bfEntendiste \u2014le dijo\u2014 lo que dijo la mujer, Connle? Connle Loi respondi\u00f3: Lo que ella pide es f\u00e1cil para m\u00ed de ejecutar; una cosa me detiene: amo a mi familia. Esta mujer me causa un gran tormento.<\/p>\n\n<p>Entonces la mujer respondi\u00f3 y habl\u00f3 as\u00ed:<\/p>\n\n<p>\u00a1Me amas, no importa si tus seres queridos te extra\u00f1an!<br \/>En un barco de cristal podemos llegar al Sid de Boadach.<br \/>Es una tierra extranjera donde no es dif\u00edcil ir.<br \/>Veo el sol brillante ponerse; aunque nuestro pa\u00eds est\u00e1 lejos, llegaremos antes del anochecer.<br \/>Es la tierra del placer para quien la recorre.<br \/>Nuestra raza se compone s\u00f3lo de mujeres y ni\u00f1as.<\/p>\n\n<p>Ante esta respuesta de la mujer, Connle dej\u00f3 a su familia y salt\u00f3 al bote de cristal. Su padre y sus amigos lo vieron alejarse poco a poco. Lo observaron mientras sus ojos pod\u00edan verle. Connle y la mujer desaparecieron en la extensi\u00f3n del mar y, como nunca m\u00e1s se los volvi\u00f3 a ver, no se sabe ad\u00f3nde fueron.<\/p>\n\n<p>Mientras Conn y su gente permanec\u00edan juntos, pensativos, vieron a Art, el hijo de Conn, que avanzaba hacia ellos. &quot;Art es hijo \u00fanico hoy, dijo Conn, es probable que ya no tenga un hermano&quot;. &quot;Dijiste bien&quot;, respondi\u00f3 Coran. \u201cEste nombre, Art Oenfer, siempre ser\u00e1 suyo y no lo dejar\u00e1 en el futuro, desde hoy. \u00bb<\/p>\n\t\t\t\t\t\t\t\t<\/div>\n\t\t\t\t<\/div>\n\t\t\t\t\t<\/div>\n\t\t<\/div>\n\t\t\t\t\t<\/div>\n\t\t<\/section>\n\t\t\t\t<\/div>","protected":false},"excerpt":{"rendered":"<p>Wiki de mitolog\u00eda irlandesa Esta es la historia de la expedici\u00f3n de Connle Ruad, del ciclo hist\u00f3rico irland\u00e9s. Expedici\u00f3n Connle Ruad \u00bfPor qu\u00e9 decimos... <\/p>","protected":false},"author":1,"featured_media":0,"parent":439,"menu_order":0,"comment_status":"closed","ping_status":"closed","template":"","meta":{"footnotes":""},"class_list":["post-882","page","type-page","status-publish","hentry"],"amp_enabled":true,"_links":{"self":[{"href":"https:\/\/mythslegendes.com\/es\/wp-json\/wp\/v2\/pages\/882","targetHints":{"allow":["GET"]}}],"collection":[{"href":"https:\/\/mythslegendes.com\/es\/wp-json\/wp\/v2\/pages"}],"about":[{"href":"https:\/\/mythslegendes.com\/es\/wp-json\/wp\/v2\/types\/page"}],"author":[{"embeddable":true,"href":"https:\/\/mythslegendes.com\/es\/wp-json\/wp\/v2\/users\/1"}],"replies":[{"embeddable":true,"href":"https:\/\/mythslegendes.com\/es\/wp-json\/wp\/v2\/comments?post=882"}],"version-history":[{"count":1,"href":"https:\/\/mythslegendes.com\/es\/wp-json\/wp\/v2\/pages\/882\/revisions"}],"predecessor-version":[{"id":24618,"href":"https:\/\/mythslegendes.com\/es\/wp-json\/wp\/v2\/pages\/882\/revisions\/24618"}],"up":[{"embeddable":true,"href":"https:\/\/mythslegendes.com\/es\/wp-json\/wp\/v2\/pages\/439"}],"wp:attachment":[{"href":"https:\/\/mythslegendes.com\/es\/wp-json\/wp\/v2\/media?parent=882"}],"curies":[{"name":"wp","href":"https:\/\/api.w.org\/{rel}","templated":true}]}}