{"id":890,"date":"2020-06-16T10:30:52","date_gmt":"2020-06-16T09:30:52","guid":{"rendered":"https:\/\/mythslegendes.com\/?page_id=890"},"modified":"2022-12-03T22:06:59","modified_gmt":"2022-12-03T22:06:59","slug":"lhistoire-de-baile-au-doux-langage","status":"publish","type":"page","link":"https:\/\/mythslegendes.com\/es\/mitologia-irlandesa\/la-historia-del-baile-au-doux-langage\/","title":{"rendered":"La historia de Bail\u00e9 con lenguaje dulce"},"content":{"rendered":"<div data-elementor-type=\"wp-page\" data-elementor-id=\"890\" class=\"elementor elementor-890\">\n\t\t\t\t\t\t<section class=\"elementor-section elementor-top-section elementor-element elementor-element-0c18f8d elementor-section-boxed elementor-section-height-default elementor-section-height-default\" data-id=\"0c18f8d\" data-element_type=\"section\" data-e-type=\"section\">\n\t\t\t\t\t\t<div class=\"elementor-container elementor-column-gap-default\">\n\t\t\t\t\t<div class=\"elementor-column elementor-col-50 elementor-top-column elementor-element elementor-element-59f5fb8\" data-id=\"59f5fb8\" data-element_type=\"column\" data-e-type=\"column\">\n\t\t\t<div class=\"elementor-widget-wrap elementor-element-populated\">\n\t\t\t\t\t\t<div class=\"elementor-element elementor-element-13be660 elementor-align-justify elementor-widget elementor-widget-button\" data-id=\"13be660\" data-element_type=\"widget\" data-e-type=\"widget\" data-widget_type=\"button.default\">\n\t\t\t\t<div class=\"elementor-widget-container\">\n\t\t\t\t\t\t\t\t\t<div class=\"elementor-button-wrapper\">\n\t\t\t\t\t<a class=\"elementor-button elementor-button-link elementor-size-sm\" href=\"https:\/\/mythslegendes.com\/es\/mitologia-irlandesa\/\">\n\t\t\t\t\t\t<span class=\"elementor-button-content-wrapper\">\n\t\t\t\t\t\t\t\t\t<span class=\"elementor-button-text\">Mitolog\u00eda irlandesa<\/span>\n\t\t\t\t\t<\/span>\n\t\t\t\t\t<\/a>\n\t\t\t\t<\/div>\n\t\t\t\t\t\t\t\t<\/div>\n\t\t\t\t<\/div>\n\t\t\t\t\t<\/div>\n\t\t<\/div>\n\t\t\t\t<div class=\"elementor-column elementor-col-50 elementor-top-column elementor-element elementor-element-d53724e\" data-id=\"d53724e\" data-element_type=\"column\" data-e-type=\"column\">\n\t\t\t<div class=\"elementor-widget-wrap elementor-element-populated\">\n\t\t\t\t\t\t<div class=\"elementor-element elementor-element-fb82457 elementor-align-justify elementor-widget elementor-widget-button\" data-id=\"fb82457\" data-element_type=\"widget\" data-e-type=\"widget\" data-widget_type=\"button.default\">\n\t\t\t\t<div class=\"elementor-widget-container\">\n\t\t\t\t\t\t\t\t\t<div class=\"elementor-button-wrapper\">\n\t\t\t\t\t<a class=\"elementor-button elementor-button-link elementor-size-sm\" href=\"https:\/\/fr.wikipedia.org\/wiki\/Mythologie_celtique_irlandaise\" target=\"_blank\" rel=\"noopener\">\n\t\t\t\t\t\t<span class=\"elementor-button-content-wrapper\">\n\t\t\t\t\t\t\t\t\t<span class=\"elementor-button-text\">Wiki<\/span>\n\t\t\t\t\t<\/span>\n\t\t\t\t\t<\/a>\n\t\t\t\t<\/div>\n\t\t\t\t\t\t\t\t<\/div>\n\t\t\t\t<\/div>\n\t\t\t\t\t<\/div>\n\t\t<\/div>\n\t\t\t\t\t<\/div>\n\t\t<\/section>\n\t\t\t\t<section class=\"elementor-section elementor-top-section elementor-element elementor-element-1ccf2eb4 elementor-section-boxed elementor-section-height-default elementor-section-height-default\" data-id=\"1ccf2eb4\" data-element_type=\"section\" data-e-type=\"section\">\n\t\t\t\t\t\t<div class=\"elementor-container elementor-column-gap-default\">\n\t\t\t\t\t<div class=\"elementor-column elementor-col-100 elementor-top-column elementor-element elementor-element-1a99f273\" data-id=\"1a99f273\" data-element_type=\"column\" data-e-type=\"column\">\n\t\t\t<div class=\"elementor-widget-wrap elementor-element-populated\">\n\t\t\t\t\t\t<div class=\"elementor-element elementor-element-316cd81f elementor-widget elementor-widget-text-editor\" data-id=\"316cd81f\" data-element_type=\"widget\" data-e-type=\"widget\" data-widget_type=\"text-editor.default\">\n\t\t\t\t<div class=\"elementor-widget-container\">\n\t\t\t\t\t\t\t\t\t\n<p>Voici l&rsquo;histoire de Bail\u00e9 au doux langage, du cycle historique <a href=\"https:\/\/mythslegendes.com\/es\/mitologia-irlandesa\/\">irlandesa<\/a>.<\/p>\n<p><img decoding=\"async\" class=\"alignnone wp-image-5284 size-full\" src=\"https:\/\/mythslegendes.com\/wp-content\/uploads\/2020\/09\/AlphaOmega-e1602613368367.png\" alt=\"Bail\u00e9 de lengua dulce\" width=\"25\" height=\"26\" title=\"\"><\/p>\n<div id=\"ez-toc-container\" class=\"ez-toc-v2_0_82_2 counter-hierarchy ez-toc-counter ez-toc-grey ez-toc-container-direction\">\n<div class=\"ez-toc-title-container\">\n<p class=\"ez-toc-title\" style=\"cursor:inherit\">Contenido<\/p>\n<span class=\"ez-toc-title-toggle\"><a href=\"#\" class=\"ez-toc-pull-right ez-toc-btn ez-toc-btn-xs ez-toc-btn-default ez-toc-toggle\" aria-label=\"Alternar tabla de contenidos\"><span class=\"ez-toc-js-icon-con\"><span class=\"\"><span class=\"eztoc-hide\" style=\"display:none;\">Palanca<\/span><span class=\"ez-toc-icon-toggle-span\"><svg style=\"fill: #999;color:#999\" xmlns=\"http:\/\/www.w3.org\/2000\/svg\" class=\"list-377408\" width=\"20px\" height=\"20px\" viewbox=\"0 0 24 24\" fill=\"none\"><path d=\"M6 6H4v2h2V6zm14 0H8v2h12V6zM4 11h2v2H4v-2zm16 0H8v2h12v-2zM4 16h2v2H4v-2zm16 0H8v2h12v-2z\" fill=\"currentColor\"><\/path><\/svg><svg style=\"fill: #999;color:#999\" class=\"arrow-unsorted-368013\" xmlns=\"http:\/\/www.w3.org\/2000\/svg\" width=\"10px\" height=\"10px\" viewbox=\"0 0 24 24\" version=\"1.2\" baseprofile=\"tiny\"><path d=\"M18.2 9.3l-6.2-6.3-6.2 6.3c-.2.2-.3.4-.3.7s.1.5.3.7c.2.2.4.3.7.3h11c.3 0 .5-.1.7-.3.2-.2.3-.5.3-.7s-.1-.5-.3-.7zM5.8 14.7l6.2 6.3 6.2-6.3c.2-.2.3-.5.3-.7s-.1-.5-.3-.7c-.2-.2-.4-.3-.7-.3h-11c-.3 0-.5.1-.7.3-.2.2-.3.5-.3.7s.1.5.3.7z\"\/><\/svg><\/span><\/span><\/span><\/a><\/span><\/div>\n<nav><ul class='ez-toc-list ez-toc-list-level-1' ><li class='ez-toc-page-1 ez-toc-heading-level-2'><a class=\"ez-toc-link ez-toc-heading-1\" href=\"https:\/\/mythslegendes.com\/es\/mitologia-irlandesa\/la-historia-del-baile-au-doux-langage\/#Baile-au-doux-langage\" >Bail\u00e9 de lengua dulce<\/a><\/li><\/ul><\/nav><\/div>\n<h2><span class=\"ez-toc-section\" id=\"Baile-au-doux-langage\"><\/span>Bail\u00e9 de lengua dulce<span class=\"ez-toc-section-end\"><\/span><\/h2>\n<p>Bail\u00e9 \u00e9tait le fils unique de Buan; il \u00e9tait le pr\u00e9f\u00e9r\u00e9 d&rsquo;Aillinn, fille de Lugaid fils de Fergus de la Mer, ou fille d&rsquo;Eoghan fils de Dathi, et il \u00e9tait le pr\u00e9f\u00e9r\u00e9 de tous ceux qui le voyaient ou entendaient parler de lui, hommes et femmes, \u00e0 cause de ce que l&rsquo;on racontait de lui. Aillinn et lui convinrent de se rencontrer en un rendez-vous d&rsquo;amour \u00e0 Ross na Rig, chez Maelduib, sur la rive de la Boyne en Bregia.<\/p>\n\n<p>L&rsquo;homme vint du nord \u00e0 sa rencontre, d&rsquo;Emain Macha par la montagne de Fuat et par Murthemn\u00e9 jusqu&rsquo;\u00e0 la gr\u00e8ve de Bail\u00e9. L\u00e0 on d\u00e9tela les chariots, on mit les chevaux \u00e0 pa\u00eetre, et on se livra au plaisir et \u00e0 la joie.<\/p>\n\n<p>Comme ils \u00e9taient l\u00e0, ils virent un horrible fant\u00f4me qui, du sud, venait \u00e0 eux; sa marche \u00e9tait rapide et il avan\u00e7ait vite. Sa mani\u00e8re de progresser sur la terre \u00e9tait comme celle d&rsquo;un faucon qui se lance du haut d&rsquo;une falaise, ou celle du vent qui vient de la grande mer. Sa gauche \u00e9tait tourn\u00e9e vers la terre.<\/p>\n\n<p>\u00ab\u00a0Qu&rsquo;on aille \u00e0 lui, dit B ail\u00e9, et qu&rsquo;on lui demande o\u00f9 il va, d&rsquo;o\u00f9 il vient, et quelle est la cause de sa h\u00e2te.<\/p>\n\n<p>&#8211; C&rsquo;est \u00e0 Tuagh-Inber que je vais, au nord maintenant, venant du mont Suidhe en Leinster, et je n&rsquo;ai de nouvelles que de la fille de Lugaid fils de Fergus; elle s&rsquo;\u00e9tait \u00e9prise d&rsquo;amour pour Bail\u00e9 fils de Buan et elle venait \u00e0 sa rencontre quand les guerriers de Leinster l&rsquo;ont surprise et tu\u00e9e; car il \u00e9tait pr\u00e9dit par les druides et les proph\u00e8tes qu&rsquo;ils ne se rencontreraient pas dans leur vie, mais qu&rsquo;ils se rencontreraient apr\u00e8s la mort, pour ne jamais se s\u00e9parer. Voil\u00e0 mes nouvelles.\u00a0\u00bb<\/p>\n\n<p>Quand Bail\u00e9 entendit cela, il tomba mort sur la place; on creusa sa tombe; on fit son tertre; on mit dessus une pierre, et des jeux fun\u00e8bres furent donn\u00e9s par les hommes d&rsquo;Ulster. Un if poussa dans sa tombe et, au sommet de l&rsquo;arbre, on voyait la forme et l&rsquo;aspect de la t\u00eate de Bail\u00e9. D&rsquo;o\u00f9 le nom de Gr\u00e8ve de Bail\u00e9.<\/p>\n\n<p>Alors le m\u00eame homme alla au sud \u00e0 l&rsquo;endroit o\u00f9 \u00e9tait la jeune Aillinn et il entra dans sa maison d&rsquo;\u00e9t\u00e9: \u00ab\u00a0D&rsquo;o\u00f9 vient cet homme que nous ne connaissons pas? dit la jeune fille. &#8211; Du nord de l&rsquo;Irlande, de Tuagh-Inber, et, apr\u00e8s, vers la montagne de Suidhe en Leinster. &#8211; Avez-vous des nouvelles? dit-elle. &#8211; Je n&rsquo;ai pas de nouvelles qui vaillent d&rsquo;\u00eatre rapport\u00e9es maintenant, sauf que j&rsquo;ai vu les Ulates donner des jeux fun\u00e8bres et faire un tertre et dresser une pierre et \u00e9crire le nom de Bail\u00e9 fils de Buan, h\u00e9ritier royal d&rsquo;Ulster, mort \u00e0 c\u00f4t\u00e9 de la gr\u00e8ve de Bail\u00e9, comme il venait \u00e0 la rencontre de la femme bien-aim\u00e9e \u00e0 qui il avait donn\u00e9 son amour; car leur destin n&rsquo;\u00e9tait pas de se rejoindre l&rsquo;un l&rsquo;autre pendant leur vie ni que l&rsquo;un d&rsquo;eux v\u00eet l&rsquo;autre vivant.\u00a0\u00bb Il partit, apr\u00e8s avoir donn\u00e9 cette mauvaise nouvelle. Aillinn tomba morte sur la place. On creusa sa tombe; on fit son tertre; on mit dessus une pierre. Un pommier poussa dans sa tombe et devint un bel arbre au bout de sept ann\u00e9es et la forme de la t\u00eate d&rsquo;Aillinn se vit \u00e0 son sommet.<\/p>\n\n<p>Au bout de sept ann\u00e9es, les po\u00e8tes, les proph\u00e8tes et les visionnaires coup\u00e8rent l&rsquo;if qui \u00e9tait sur la tombe de Bail\u00e9, et ils en firent une tablette de po\u00e8te, sur laquelle ils \u00e9crivirent les Visions, les \u00c9pousailles, les Amours, les Courtises des Ulates. De m\u00eame les Courtises de Leinster furent grav\u00e9es sur la tablette que l&rsquo;on fit avec le pommier d&rsquo;Aillinn.<\/p>\n\n<p>Alors vint Samain, longtemps apr\u00e8s, et la f\u00eate fut donn\u00e9e par Cormac fils d&rsquo;Art. Des po\u00e8tes et des artistes de tout genre vinrent \u00e0 cette f\u00eate, comme c&rsquo;\u00e9tait la coutume, et ils apport\u00e8rent avec eux leurs tablettes et celle-l\u00e0 y vinrent. Art les vit et les leur demanda. On lui apporta les deux tablettes et il les prit dans ses mains, face \u00e0 face. Et soudain l&rsquo;une des tablettes s&rsquo;\u00e9lan\u00e7a vers l&rsquo;autre et elles s&rsquo;unirent comme le ch\u00e8vrefeuille s&rsquo;enroule \u00e0 une branche, et il n&rsquo;\u00e9tait pas possible de les s\u00e9parer. Elles rest\u00e8rent avec tous les joyaux dans le tr\u00e9sor de Tara, jusqu&rsquo;au moment o\u00f9 Dunlang fils d&rsquo;Enna les br\u00fbla, quand il tua les jeunes filles \u00e0 Tara.<\/p>\n\t\t\t\t\t\t\t\t<\/div>\n\t\t\t\t<\/div>\n\t\t\t\t\t<\/div>\n\t\t<\/div>\n\t\t\t\t\t<\/div>\n\t\t<\/section>\n\t\t\t\t<\/div>","protected":false},"excerpt":{"rendered":"<p>Wiki Mitolog\u00eda Irlandesa Esta es la historia del dulce Bail\u00e9, del Ciclo Hist\u00f3rico Irland\u00e9s. Bail\u00e9 con el lenguaje dulce Bail\u00e9 fue... <\/p>","protected":false},"author":1,"featured_media":0,"parent":439,"menu_order":0,"comment_status":"closed","ping_status":"closed","template":"","meta":{"footnotes":""},"class_list":["post-890","page","type-page","status-publish","hentry"],"amp_enabled":true,"_links":{"self":[{"href":"https:\/\/mythslegendes.com\/es\/wp-json\/wp\/v2\/pages\/890","targetHints":{"allow":["GET"]}}],"collection":[{"href":"https:\/\/mythslegendes.com\/es\/wp-json\/wp\/v2\/pages"}],"about":[{"href":"https:\/\/mythslegendes.com\/es\/wp-json\/wp\/v2\/types\/page"}],"author":[{"embeddable":true,"href":"https:\/\/mythslegendes.com\/es\/wp-json\/wp\/v2\/users\/1"}],"replies":[{"embeddable":true,"href":"https:\/\/mythslegendes.com\/es\/wp-json\/wp\/v2\/comments?post=890"}],"version-history":[{"count":1,"href":"https:\/\/mythslegendes.com\/es\/wp-json\/wp\/v2\/pages\/890\/revisions"}],"predecessor-version":[{"id":24620,"href":"https:\/\/mythslegendes.com\/es\/wp-json\/wp\/v2\/pages\/890\/revisions\/24620"}],"up":[{"embeddable":true,"href":"https:\/\/mythslegendes.com\/es\/wp-json\/wp\/v2\/pages\/439"}],"wp:attachment":[{"href":"https:\/\/mythslegendes.com\/es\/wp-json\/wp\/v2\/media?parent=890"}],"curies":[{"name":"wp","href":"https:\/\/api.w.org\/{rel}","templated":true}]}}