{"id":9071,"date":"2020-12-18T08:55:44","date_gmt":"2020-12-18T08:55:44","guid":{"rendered":"https:\/\/mythslegendes.com\/?page_id=9071"},"modified":"2022-12-29T13:37:00","modified_gmt":"2022-12-29T13:37:00","slug":"mythologie-et-culte-de-cybele","status":"publish","type":"page","link":"https:\/\/mythslegendes.com\/es\/cibeles-mitologia-y-culto\/","title":{"rendered":"Mitolog\u00eda y culto de Cibeles"},"content":{"rendered":"<div data-elementor-type=\"wp-page\" data-elementor-id=\"9071\" class=\"elementor elementor-9071\">\n\t\t\t\t\t\t<section class=\"elementor-section elementor-top-section elementor-element elementor-element-c596445 elementor-section-boxed elementor-section-height-default elementor-section-height-default\" data-id=\"c596445\" data-element_type=\"section\" data-e-type=\"section\">\n\t\t\t\t\t\t<div class=\"elementor-container elementor-column-gap-default\">\n\t\t\t\t\t<div class=\"elementor-column elementor-col-33 elementor-top-column elementor-element elementor-element-3eaf0e3\" data-id=\"3eaf0e3\" data-element_type=\"column\" data-e-type=\"column\">\n\t\t\t<div class=\"elementor-widget-wrap elementor-element-populated\">\n\t\t\t\t\t\t<div class=\"elementor-element elementor-element-8dd4a4a elementor-align-justify elementor-widget elementor-widget-button\" data-id=\"8dd4a4a\" data-element_type=\"widget\" data-e-type=\"widget\" data-widget_type=\"button.default\">\n\t\t\t\t<div class=\"elementor-widget-container\">\n\t\t\t\t\t\t\t\t\t<div class=\"elementor-button-wrapper\">\n\t\t\t\t\t<a class=\"elementor-button elementor-button-link elementor-size-sm\" href=\"https:\/\/mythslegendes.com\/es\/mythes-et-legendes-grecques-1664\/\">\n\t\t\t\t\t\t<span class=\"elementor-button-content-wrapper\">\n\t\t\t\t\t\t\t\t\t<span class=\"elementor-button-text\">Volver al Grupo Cultural<\/span>\n\t\t\t\t\t<\/span>\n\t\t\t\t\t<\/a>\n\t\t\t\t<\/div>\n\t\t\t\t\t\t\t\t<\/div>\n\t\t\t\t<\/div>\n\t\t\t\t\t<\/div>\n\t\t<\/div>\n\t\t\t\t<div class=\"elementor-column elementor-col-33 elementor-top-column elementor-element elementor-element-c98f357\" data-id=\"c98f357\" data-element_type=\"column\" data-e-type=\"column\">\n\t\t\t<div class=\"elementor-widget-wrap elementor-element-populated\">\n\t\t\t\t\t\t<div class=\"elementor-element elementor-element-89abf42 elementor-align-justify elementor-widget elementor-widget-button\" data-id=\"89abf42\" data-element_type=\"widget\" data-e-type=\"widget\" data-widget_type=\"button.default\">\n\t\t\t\t<div class=\"elementor-widget-container\">\n\t\t\t\t\t\t\t\t\t<div class=\"elementor-button-wrapper\">\n\t\t\t\t\t<a class=\"elementor-button elementor-button-link elementor-size-sm\" href=\"https:\/\/mythslegendes.com\/es\/bibliotecas-de-libros\/\">\n\t\t\t\t\t\t<span class=\"elementor-button-content-wrapper\">\n\t\t\t\t\t\t\t\t\t<span class=\"elementor-button-text\">Biblioteca<\/span>\n\t\t\t\t\t<\/span>\n\t\t\t\t\t<\/a>\n\t\t\t\t<\/div>\n\t\t\t\t\t\t\t\t<\/div>\n\t\t\t\t<\/div>\n\t\t\t\t\t<\/div>\n\t\t<\/div>\n\t\t\t\t<div class=\"elementor-column elementor-col-33 elementor-top-column elementor-element elementor-element-f0d05b4\" data-id=\"f0d05b4\" data-element_type=\"column\" data-e-type=\"column\">\n\t\t\t<div class=\"elementor-widget-wrap elementor-element-populated\">\n\t\t\t\t\t\t<div class=\"elementor-element elementor-element-8823bfa elementor-align-justify elementor-widget elementor-widget-button\" data-id=\"8823bfa\" data-element_type=\"widget\" data-e-type=\"widget\" data-widget_type=\"button.default\">\n\t\t\t\t<div class=\"elementor-widget-container\">\n\t\t\t\t\t\t\t\t\t<div class=\"elementor-button-wrapper\">\n\t\t\t\t\t<a class=\"elementor-button elementor-button-link elementor-size-sm\" href=\"https:\/\/fr.wikipedia.org\/wiki\/Cyb%C3%A8le\" target=\"_blank\" rel=\"noopener\">\n\t\t\t\t\t\t<span class=\"elementor-button-content-wrapper\">\n\t\t\t\t\t\t\t\t\t<span class=\"elementor-button-text\">Wiki<\/span>\n\t\t\t\t\t<\/span>\n\t\t\t\t\t<\/a>\n\t\t\t\t<\/div>\n\t\t\t\t\t\t\t\t<\/div>\n\t\t\t\t<\/div>\n\t\t\t\t\t<\/div>\n\t\t<\/div>\n\t\t\t\t\t<\/div>\n\t\t<\/section>\n\t\t\t\t<section class=\"elementor-section elementor-top-section elementor-element elementor-element-a0a5976 elementor-section-boxed elementor-section-height-default elementor-section-height-default\" data-id=\"a0a5976\" data-element_type=\"section\" data-e-type=\"section\">\n\t\t\t\t\t\t<div class=\"elementor-container elementor-column-gap-default\">\n\t\t\t\t\t<div class=\"elementor-column elementor-col-100 elementor-top-column elementor-element elementor-element-0bfee39\" data-id=\"0bfee39\" data-element_type=\"column\" data-e-type=\"column\">\n\t\t\t<div class=\"elementor-widget-wrap elementor-element-populated\">\n\t\t\t\t\t\t<div class=\"elementor-element elementor-element-9efd412 elementor-widget elementor-widget-heading\" data-id=\"9efd412\" data-element_type=\"widget\" data-e-type=\"widget\" data-widget_type=\"heading.default\">\n\t\t\t\t<div class=\"elementor-widget-container\">\n\t\t\t\t\t<div id=\"ez-toc-container\" class=\"ez-toc-v2_0_82_2 counter-hierarchy ez-toc-counter ez-toc-grey ez-toc-container-direction\">\n<div class=\"ez-toc-title-container\">\n<p class=\"ez-toc-title\" style=\"cursor:inherit\">Contenido<\/p>\n<span class=\"ez-toc-title-toggle\"><a href=\"#\" class=\"ez-toc-pull-right ez-toc-btn ez-toc-btn-xs ez-toc-btn-default ez-toc-toggle\" aria-label=\"Alternar tabla de contenidos\"><span class=\"ez-toc-js-icon-con\"><span class=\"\"><span class=\"eztoc-hide\" style=\"display:none;\">Palanca<\/span><span class=\"ez-toc-icon-toggle-span\"><svg style=\"fill: #999;color:#999\" xmlns=\"http:\/\/www.w3.org\/2000\/svg\" class=\"list-377408\" width=\"20px\" height=\"20px\" viewbox=\"0 0 24 24\" fill=\"none\"><path d=\"M6 6H4v2h2V6zm14 0H8v2h12V6zM4 11h2v2H4v-2zm16 0H8v2h12v-2zM4 16h2v2H4v-2zm16 0H8v2h12v-2z\" fill=\"currentColor\"><\/path><\/svg><svg style=\"fill: #999;color:#999\" class=\"arrow-unsorted-368013\" xmlns=\"http:\/\/www.w3.org\/2000\/svg\" width=\"10px\" height=\"10px\" viewbox=\"0 0 24 24\" version=\"1.2\" baseprofile=\"tiny\"><path d=\"M18.2 9.3l-6.2-6.3-6.2 6.3c-.2.2-.3.4-.3.7s.1.5.3.7c.2.2.4.3.7.3h11c.3 0 .5-.1.7-.3.2-.2.3-.5.3-.7s-.1-.5-.3-.7zM5.8 14.7l6.2 6.3 6.2-6.3c.2-.2.3-.5.3-.7s-.1-.5-.3-.7c-.2-.2-.4-.3-.7-.3h-11c-.3 0-.5.1-.7.3-.2.2-.3.5-.3.7s.1.5.3.7z\"\/><\/svg><\/span><\/span><\/span><\/a><\/span><\/div>\n<nav><ul class='ez-toc-list ez-toc-list-level-1' ><li class='ez-toc-page-1 ez-toc-heading-level-2'><a class=\"ez-toc-link ez-toc-heading-1\" href=\"https:\/\/mythslegendes.com\/es\/cibeles-mitologia-y-culto\/#Mythologie-et-Culte-de-Cybele\" >Mitolog\u00eda y culto de Cibeles<\/a><\/li><li class='ez-toc-page-1 ez-toc-heading-level-2'><a class=\"ez-toc-link ez-toc-heading-2\" href=\"https:\/\/mythslegendes.com\/es\/cibeles-mitologia-y-culto\/#Mythologie-et-Culte-de-Cybele-textes\" >Mitolog\u00eda y culto de Cibeles (textos)<\/a><\/li><li class='ez-toc-page-1 ez-toc-heading-level-2'><a class=\"ez-toc-link ez-toc-heading-3\" href=\"https:\/\/mythslegendes.com\/es\/cibeles-mitologia-y-culto\/#Livres-sur-la-mythologie-Grecque\" >libros de mitolog\u00eda griega<\/a><\/li><\/ul><\/nav><\/div>\n<h2 class=\"elementor-heading-title elementor-size-default\"><span class=\"ez-toc-section\" id=\"Mythologie-et-Culte-de-Cybele\"><\/span>Mitolog\u00eda y culto de Cibeles<span class=\"ez-toc-section-end\"><\/span><\/h2>\t\t\t\t<\/div>\n\t\t\t\t<\/div>\n\t\t\t\t\t<\/div>\n\t\t<\/div>\n\t\t\t\t\t<\/div>\n\t\t<\/section>\n\t\t\t\t<section class=\"elementor-section elementor-top-section elementor-element elementor-element-c2ab159 elementor-section-boxed elementor-section-height-default elementor-section-height-default\" data-id=\"c2ab159\" data-element_type=\"section\" data-e-type=\"section\">\n\t\t\t\t\t\t<div class=\"elementor-container elementor-column-gap-default\">\n\t\t\t\t\t<div class=\"elementor-column elementor-col-100 elementor-top-column elementor-element elementor-element-b9e622d\" data-id=\"b9e622d\" data-element_type=\"column\" data-e-type=\"column\">\n\t\t\t<div class=\"elementor-widget-wrap elementor-element-populated\">\n\t\t\t\t\t\t<div class=\"elementor-element elementor-element-a7f6a60 elementor-widget elementor-widget-text-editor\" data-id=\"a7f6a60\" data-element_type=\"widget\" data-e-type=\"widget\" data-widget_type=\"text-editor.default\">\n\t\t\t\t<div class=\"elementor-widget-container\">\n\t\t\t\t\t\t\t\t\t<p><b>El culto de Cibeles<\/b> se refiere a una deidad de origen frigio, adoptada por primera vez por los <a href=\"https:\/\/mythslegendes.com\/es\/mythes-et-legendes-grecques-1664\/\">griegos<\/a> luego por los romanos, personificando la naturaleza salvaje. Ella es presentada como &quot;\u00a0<span class=\"lang-la\" lang=\"la\"><i>Magna Mater<\/i><\/span> \u00bb, Gran Diosa, Diosa Madre o incluso Madre de los Dioses. Ella es una de las m\u00e1s grandes diosas de la antig\u00fcedad en el Cercano Oriente.<\/p><p>En la <a href=\"https:\/\/mythslegendes.com\/es\/\">mitolog\u00eda<\/a> <a href=\"https:\/\/mythslegendes.com\/es\/mythes-et-legendes-grecques-1664\/\">Griego<\/a>, la llamamos Damia. Bajo Teodosio, la religi\u00f3n cristiana se convirti\u00f3 en la \u00fanica religi\u00f3n aceptada, el culto de Cibeles estaba particularmente dirigido a <abbr>v<sup>mi<\/sup><\/abbr> siglo <abbr>abr. J.-C.<\/abbr> Para muchos historiadores, debido al fervor religioso que engendr\u00f3, estar\u00eda en el origen del culto que los cristianos le daban a la Virgen Mar\u00eda en Europa occidental y meridional en particular. Cybele tambi\u00e9n fue muy popular en el norte de \u00c1frica fenicio, luego grecorromanizado, en particular en Cyrenaica.<\/p><p>Seg\u00fan la mitolog\u00eda griega, inici\u00f3 a Dioniso en sus misterios. Attis era el joven amante de la diosa frigia Cibeles. Cuando Attis quiso casarse con la ninfa Sangaride, Cybele, que lo amaba y estaba celosa de ella, lo volvi\u00f3 loco tanto que se castr\u00f3 y se suicid\u00f3. Esta leyenda ofrece muchas variaciones que pretenden explicar en particular que los sacerdotes de Cibeles, Gales, son eunucos (practicaban rituales de autocastraci\u00f3n, cada 24 de marzo, con motivo de la <i>sanguinaria<\/i>).<\/p><p><img decoding=\"async\" class=\"alignnone wp-image-5284 size-full\" src=\"https:\/\/mythslegendes.com\/wp-content\/uploads\/2020\/09\/AlphaOmega-e1602613368367.png\" alt=\"El culto de Cibeles\" width=\"25\" height=\"26\" title=\"\"><\/p>\t\t\t\t\t\t\t\t<\/div>\n\t\t\t\t<\/div>\n\t\t\t\t\t<\/div>\n\t\t<\/div>\n\t\t\t\t\t<\/div>\n\t\t<\/section>\n\t\t\t\t<section class=\"elementor-section elementor-top-section elementor-element elementor-element-3e06742 elementor-section-boxed elementor-section-height-default elementor-section-height-default\" data-id=\"3e06742\" data-element_type=\"section\" data-e-type=\"section\">\n\t\t\t\t\t\t<div class=\"elementor-container elementor-column-gap-default\">\n\t\t\t\t\t<div class=\"elementor-column elementor-col-100 elementor-top-column elementor-element elementor-element-9ab1784\" data-id=\"9ab1784\" data-element_type=\"column\" data-e-type=\"column\">\n\t\t\t<div class=\"elementor-widget-wrap elementor-element-populated\">\n\t\t\t\t\t\t<div class=\"elementor-element elementor-element-ee12281 elementor-widget elementor-widget-heading\" data-id=\"ee12281\" data-element_type=\"widget\" data-e-type=\"widget\" data-widget_type=\"heading.default\">\n\t\t\t\t<div class=\"elementor-widget-container\">\n\t\t\t\t\t<h2 class=\"elementor-heading-title elementor-size-default\"><span class=\"ez-toc-section\" id=\"Mythologie-et-Culte-de-Cybele-textes\"><\/span>Mitolog\u00eda y culto de Cibeles (textos)<span class=\"ez-toc-section-end\"><\/span><\/h2>\t\t\t\t<\/div>\n\t\t\t\t<\/div>\n\t\t\t\t\t<\/div>\n\t\t<\/div>\n\t\t\t\t\t<\/div>\n\t\t<\/section>\n\t\t\t\t<section class=\"elementor-section elementor-top-section elementor-element elementor-element-3acf371 elementor-section-boxed elementor-section-height-default elementor-section-height-default\" data-id=\"3acf371\" data-element_type=\"section\" data-e-type=\"section\">\n\t\t\t\t\t\t<div class=\"elementor-container elementor-column-gap-default\">\n\t\t\t\t\t<div class=\"elementor-column elementor-col-100 elementor-top-column elementor-element elementor-element-50d44c5\" data-id=\"50d44c5\" data-element_type=\"column\" data-e-type=\"column\">\n\t\t\t<div class=\"elementor-widget-wrap elementor-element-populated\">\n\t\t\t\t\t\t<div class=\"elementor-element elementor-element-8a7e2f4 elementor-widget elementor-widget-toggle\" data-id=\"8a7e2f4\" data-element_type=\"widget\" data-e-type=\"widget\" data-widget_type=\"toggle.default\">\n\t\t\t\t<div class=\"elementor-widget-container\">\n\t\t\t\t\t\t\t<div class=\"elementor-toggle\">\n\t\t\t\t\t\t\t<div class=\"elementor-toggle-item\">\n\t\t\t\t\t<div id=\"elementor-tab-title-1451\" class=\"elementor-tab-title\" data-tab=\"1\" role=\"button\" aria-controls=\"elementor-tab-content-1451\" aria-expanded=\"false\">\n\t\t\t\t\t\t\t\t\t\t\t\t<span class=\"elementor-toggle-icon elementor-toggle-icon-left\" aria-hidden=\"true\">\n\t\t\t\t\t\t\t\t\t\t\t\t\t\t\t<span class=\"elementor-toggle-icon-closed\"><i class=\"fas fa-caret-right\"><\/i><\/span>\n\t\t\t\t\t\t\t\t<span class=\"elementor-toggle-icon-opened\"><i class=\"elementor-toggle-icon-opened fas fa-caret-up\"><\/i><\/span>\n\t\t\t\t\t\t\t\t\t\t\t\t\t<\/span>\n\t\t\t\t\t\t\t\t\t\t\t\t<a class=\"elementor-toggle-title\" tabindex=\"0\">El culto de Cibeles<\/a>\n\t\t\t\t\t<\/div>\n\n\t\t\t\t\t<div id=\"elementor-tab-content-1451\" class=\"elementor-tab-content elementor-clearfix\" data-tab=\"1\" role=\"region\" aria-labelledby=\"elementor-tab-title-1451\"><ul><li><strong><a href=\"https:\/\/www.cosmovisions.com\/$Cybele.htm\" target=\"_blank\" rel=\"noopener\">La diosa madre<\/a><\/strong><\/li><li><strong><a href=\"https:\/\/www.cosmovisions.com\/$Rhea.htm\" target=\"_blank\" rel=\"noopener\">Rea-Cibeles<\/a><\/strong><\/li><li><strong><a href=\"https:\/\/www.cosmovisions.com\/$BonneDeesse.htm\" target=\"_blank\" rel=\"noopener\">La buena diosa (misterios de Roma)<\/a><\/strong><\/li><li><a href=\"https:\/\/www.cosmovisions.com\/$Atys.htm\" target=\"_blank\" rel=\"noopener\"><strong>Attis<\/strong><\/a><\/li><\/ul><\/div>\n\t\t\t\t<\/div>\n\t\t\t\t\t\t\t\t<\/div>\n\t\t\t\t\t\t<\/div>\n\t\t\t\t<\/div>\n\t\t\t\t\t<\/div>\n\t\t<\/div>\n\t\t\t\t\t<\/div>\n\t\t<\/section>\n\t\t\t\t<section class=\"elementor-section elementor-top-section elementor-element elementor-element-71db765 elementor-section-boxed elementor-section-height-default elementor-section-height-default\" data-id=\"71db765\" data-element_type=\"section\" data-e-type=\"section\">\n\t\t\t\t\t\t<div class=\"elementor-container elementor-column-gap-default\">\n\t\t\t\t\t<div class=\"elementor-column elementor-col-100 elementor-top-column elementor-element elementor-element-e048c02\" data-id=\"e048c02\" data-element_type=\"column\" data-e-type=\"column\">\n\t\t\t<div class=\"elementor-widget-wrap elementor-element-populated\">\n\t\t\t\t\t\t<div class=\"elementor-element elementor-element-0a75b0c elementor-widget elementor-widget-text-editor\" data-id=\"0a75b0c\" data-element_type=\"widget\" data-e-type=\"widget\" data-widget_type=\"text-editor.default\">\n\t\t\t\t<div class=\"elementor-widget-container\">\n\t\t\t\t\t\t\t\t\t<h2><span class=\"ez-toc-section\" id=\"Livres-sur-la-mythologie-Grecque\"><\/span>libros de mitolog\u00eda griega<span class=\"ez-toc-section-end\"><\/span><\/h2><p>C\u00f3mics \/ Ilustrados:<\/p><ul><li><a href=\"https:\/\/www.amazon.fr\/h%C3%A9ros-mythologie-grecque-H%C3%A9l%C3%A8ne-Hercule\/dp\/2371045039?&amp;linkCode=ll1&amp;tag=mythscience-21&amp;linkId=2c6380e90a8abfcdfa598f59fce159ad&amp;language=fr_FR&amp;ref_=as_li_ss_tl\" target=\"_blank\" rel=\"noopener\">Mitolog\u00eda Los h\u00e9roes griegos: Helena \u2013 Teseo \u2013 Ulises \u2013 H\u00e9rcules<\/a><\/li><li><a href=\"https:\/\/www.amazon.fr\/Mythologie-dieux-grecs-Ath%C3%A9na-Pers%C3%A9phone\/dp\/2371045713?&amp;linkCode=ll1&amp;tag=mythscience-21&amp;linkId=27f6a509ec55c8d65e763f58155cdafd&amp;language=fr_FR&amp;ref_=as_li_ss_tl\" target=\"_blank\" rel=\"noopener\">Mitolog\u00eda Los dioses griegos: Atenea \u2013 Hermes \u2013 Pers\u00e9fone \u2013 Zeus<\/a><\/li><li><a href=\"https:\/\/www.amazon.fr\/dp\/2344001662?&amp;linkCode=sl1&amp;tag=mythscience-21&amp;linkId=6dcfdfcb875bfcf512c4387c821dcb02&amp;language=fr_FR&amp;ref_=as_li_ss_tl\" target=\"_blank\" rel=\"noopener\">La Il\u00edada \u2013 Volumen 01: La manzana de la discordia<\/a><\/li><li><a href=\"https:\/\/www.amazon.fr\/dp\/2344011935?&amp;linkCode=sl1&amp;tag=mythscience-21&amp;linkId=2a48124a6bcb1ad8933c3fcada16fc0a&amp;language=fr_FR&amp;ref_=as_li_ss_tl\" target=\"_blank\" rel=\"noopener\">La Il\u00edada - Volumen 02: La Guerra de los Dioses<\/a><\/li><li><a href=\"https:\/\/www.amazon.fr\/dp\/2344020640?&amp;linkCode=sl1&amp;tag=mythscience-21&amp;linkId=f360191b7483562beec32ca1c43cf17c&amp;language=fr_FR&amp;ref_=as_li_ss_tl\" target=\"_blank\" rel=\"noopener\">La Il\u00edada - Volumen 03: La ca\u00edda de Troya<\/a><\/li><li><a href=\"https:\/\/www.amazon.fr\/dp\/2092553275?&amp;linkCode=sl1&amp;tag=mythscience-21&amp;linkId=1ebc20406da0f5f9ee11ffe20f307f0c&amp;language=fr_FR&amp;ref_=as_li_ss_tl\" target=\"_blank\" rel=\"noopener\">\u00cdcaro con alas doradas<\/a><\/li><li><a href=\"https:\/\/www.amazon.fr\/dp\/2747029573?&amp;linkCode=sl1&amp;tag=mythscience-21&amp;linkId=ba021ccac2dc4d3310cdac79910f653c&amp;language=fr_FR&amp;ref_=as_li_ss_tl\" target=\"_blank\" rel=\"noopener\">La telenovela de Th\u00e9s\u00e9<\/a>mi<\/li><li><a href=\"https:\/\/www.amazon.fr\/Mythologie-grecque-Lint%C3%A9grale-Patricia-Cr%C3%A9t%C3%A9\/dp\/2371046876?&amp;linkCode=ll1&amp;tag=mythscience-21&amp;linkId=f677de0ddfe369055b67be4ae90f3165&amp;language=fr_FR&amp;ref_=as_li_ss_tl\" target=\"_blank\" rel=\"noopener\">Mitolog\u00eda griega \u2013 La completa<\/a><\/li><li><a href=\"https:\/\/www.amazon.fr\/Mythes-grecs-illustr%C3%A9s-Collectif\/dp\/1409561704?&amp;linkCode=ll1&amp;tag=mythscience-21&amp;linkId=61a40d8a381dc4382945c1a5f4eb4ca3&amp;language=fr_FR&amp;ref_=as_li_ss_tl\" target=\"_blank\" rel=\"noopener\">mitos griegos ilustrados<\/a><\/li><\/ul><p>En franc\u00e9s :<\/p><ul><li><a href=\"https:\/\/www.amazon.fr\/dp\/2253160415?&amp;linkCode=sl1&amp;tag=mythscience-21&amp;linkId=e32455cc2c9fef832b7b33956ba269c0&amp;language=fr_FR&amp;ref_=as_li_ss_tl\" target=\"_blank\" rel=\"noopener\">La Teogon\u00eda, Trabajos y D\u00edas y otros poemas<\/a><\/li><li><a href=\"https:\/\/www.amazon.fr\/dp\/2262039356?&amp;linkCode=sl1&amp;tag=mythscience-21&amp;linkId=e3f84701ba0bf7afab717ac31e9078e5&amp;language=fr_FR&amp;ref_=as_li_ss_tl\" target=\"_blank\" rel=\"noopener\">Esparta<\/a><\/li><li><a href=\"https:\/\/www.amazon.fr\/dp\/2344014209?&amp;linkCode=sl1&amp;tag=mythscience-21&amp;linkId=0257e00c51688f9f83fc820cb490559b&amp;language=fr_FR&amp;ref_=as_li_ss_tl\" target=\"_blank\" rel=\"noopener\">Dionisio<\/a><\/li><li><a href=\"https:\/\/www.amazon.fr\/dp\/221301762X?&amp;linkCode=sl1&amp;tag=mythscience-21&amp;linkId=5ebaa67d797b0471db37e45bb4489a8a&amp;language=fr_FR&amp;ref_=as_li_ss_tl\" target=\"_blank\" rel=\"noopener\">Shiva y Dionisio: la religi\u00f3n de la naturaleza y Eros, desde la prehistoria hasta el futuro<\/a><\/li><li><a href=\"https:\/\/www.amazon.fr\/Mythologie-h%C3%A9ros-nordiques-Collectif\/dp\/2371045098\/ref=sr_1_16?__mk_fr_FR=%C3%85M%C3%85%C5%BD%C3%95%C3%91&amp;crid=195JIRQW85IHO&amp;keywords=mythologie+contes+l%C3%A9gendes&amp;qid=1672231735&amp;sprefix=mythologie+contes+l%C3%A9gendes%2Caps%2C77&amp;sr=8-16\" target=\"_blank\" rel=\"noopener\">Cuentos y leyendas: los h\u00e9roes de la antigua Grecia<\/a><\/li><li><a href=\"https:\/\/www.amazon.fr\/douze-travaux-dHercule-Christian-GRENIER\/dp\/2266132032?&amp;linkCode=sl1&amp;tag=mythscience-21&amp;linkId=c88e795b138806a592c41de7daf314aa&amp;language=fr_FR&amp;ref_=as_li_ss_tl\" target=\"_blank\" rel=\"noopener\">Los doce trabajos de H\u00e9rcules<\/a><\/li><li><a href=\"https:\/\/www.amazon.fr\/Contes-Int%C3%A9grales-r%C3%A9cits-mythologie-grecque\/dp\/2733858750?&amp;linkCode=ll1&amp;tag=mythscience-21&amp;linkId=8471c991e105cc92b3123969a28356f6&amp;language=fr_FR&amp;ref_=as_li_ss_tl\" target=\"_blank\" rel=\"noopener\">Las historias m\u00e1s bellas de la mitolog\u00eda griega.<\/a><\/li><li><a href=\"https:\/\/www.amazon.fr\/Contes-l%C3%A9gendes-mythologie-grecque-Pouzadoux\/dp\/2744134929?&amp;linkCode=ll1&amp;tag=mythscience-21&amp;linkId=4afdece0ae0bf108caafd15132d14353&amp;language=fr_FR&amp;ref_=as_li_ss_tl\" target=\"_blank\" rel=\"noopener\">Cuentos y leyendas de la mitolog\u00eda griega<\/a><\/li><\/ul><p>Solo en ingles:<\/p><ul><li><a href=\"https:\/\/www.amazon.fr\/Song-Achilles-Novel-Madeline-Miller\/dp\/0062060627?&amp;linkCode=sl1&amp;tag=mythscience-21&amp;linkId=d95e002a0898b99dd220e763dfb74598&amp;language=fr_FR&amp;ref_=as_li_ss_tl\" target=\"_blank\" rel=\"noopener\">La canci\u00f3n de Aquiles: una novela<\/a><\/li><li><a href=\"https:\/\/www.amazon.fr\/Mythos-Stephen-Fry\/dp\/1452178917?&amp;linkCode=ll1&amp;tag=mythscience-21&amp;linkId=5f6cae24736294f5bc74ac9a2281cd38&amp;language=fr_FR&amp;ref_=as_li_ss_tl\" target=\"_blank\" rel=\"noopener\">mitos<\/a><\/li><li><a href=\"https:\/\/www.amazon.fr\/Troy-Our-Greatest-Story-Retold\/dp\/1405944463?&amp;linkCode=sl1&amp;tag=mythscience-21&amp;linkId=fcd1ce0d86fc63ea8712ee268da3cb9d&amp;language=fr_FR&amp;ref_=as_li_ss_tl\" target=\"_blank\" rel=\"noopener\">troya<\/a><\/li><li><a href=\"https:\/\/www.amazon.fr\/Thebes-Forgotten-City-Ancient-Greece\/dp\/1468316060?&amp;linkCode=sl1&amp;tag=mythscience-21&amp;linkId=18ba3aa475a37af9807118ffcb7a0ab1&amp;language=fr_FR&amp;ref_=as_li_ss_tl\" target=\"_blank\" rel=\"noopener\">Tebas: la ciudad olvidada de la antigua Grecia<\/a><\/li><li><a href=\"https:\/\/www.amazon.fr\/dp\/1556437528?&amp;linkCode=sl1&amp;tag=mythscience-21&amp;linkId=27120e7c2efd27350dd9f7d8aa65515c&amp;language=fr_FR&amp;ref_=as_li_ss_tl\" target=\"_blank\" rel=\"noopener\">El Camino a Eleusis: Revelando el Secreto de los Misterios<\/a><\/li><li><a href=\"https:\/\/www.amazon.fr\/dp\/0718188721?&amp;linkCode=sl1&amp;tag=mythscience-21&amp;linkId=e32135ca1eb5bc89bacd2021b412cbfb&amp;language=fr_FR&amp;ref_=as_li_ss_tl\" target=\"_blank\" rel=\"noopener\">Mythos: los mitos griegos recontados<\/a><\/li><li><a href=\"https:\/\/www.amazon.fr\/dp\/0241380367?&amp;linkCode=sl1&amp;tag=mythscience-21&amp;linkId=a24c2bdd8553461ec5fb552381ae9a3b&amp;language=fr_FR&amp;ref_=as_li_ss_tl\" target=\"_blank\" rel=\"noopener\">H\u00e9roes: los mitos de los h\u00e9roes griegos antiguos vueltos a contar<\/a><\/li><li><a href=\"https:\/\/www.amazon.fr\/dp\/0241982359?&amp;linkCode=ll1&amp;tag=mythscience-21&amp;linkId=1179e234f7a50e7c0b1033884e51bc6e&amp;language=fr_FR&amp;ref_=as_li_ss_tl\" target=\"_blank\" rel=\"noopener\">Los Mitos Griegos: La Edici\u00f3n Completa y Definitiva<\/a><\/li><li><a href=\"https:\/\/www.amazon.fr\/dp\/1426308442?&amp;linkCode=ll1&amp;tag=mythscience-21&amp;linkId=dafcd769b10342aef39f6113d230f6f3&amp;language=fr_FR&amp;ref_=as_li_ss_tl\" target=\"_blank\" rel=\"noopener\">Tesoro de la mitolog\u00eda griega: historias cl\u00e1sicas de dioses, diosas, h\u00e9roes y monstruos<\/a><\/li><li><a href=\"https:\/\/www.amazon.fr\/dp\/0440406943?&amp;linkCode=sl1&amp;tag=mythscience-21&amp;linkId=e6bd3729de78b52dc85d3f491248adc8&amp;language=fr_FR&amp;ref_=as_li_ss_tl\" target=\"_blank\" rel=\"noopener\">Libro D&#039;Aulaires de mitos griegos<\/a><\/li><li><a href=\"https:\/\/www.amazon.fr\/dp\/0801860156?&amp;linkCode=sl1&amp;tag=mythscience-21&amp;linkId=3d3f5e1a9b76893f3aec2909e3121013&amp;language=fr_FR&amp;ref_=as_li_ss_tl\" target=\"_blank\" rel=\"noopener\">Lo mejor de los aqueos: conceptos del h\u00e9roe en la poes\u00eda griega arcaica<\/a><\/li><\/ul>\t\t\t\t\t\t\t\t<\/div>\n\t\t\t\t<\/div>\n\t\t\t\t\t<\/div>\n\t\t<\/div>\n\t\t\t\t\t<\/div>\n\t\t<\/section>\n\t\t\t\t<\/div>","protected":false},"excerpt":{"rendered":"<p>Retour au Groupe Culturel Biblioth\u00e8que Wiki Mythologie et Culte de Cyb\u00e8le Le Culte de Cyb\u00e8le r\u00e9f\u00e8re \u00e0 une divinit\u00e9 d\u2019origine &hellip; <\/p>","protected":false},"author":1,"featured_media":0,"parent":0,"menu_order":0,"comment_status":"closed","ping_status":"closed","template":"","meta":{"footnotes":""},"class_list":["post-9071","page","type-page","status-publish","hentry"],"amp_enabled":true,"_links":{"self":[{"href":"https:\/\/mythslegendes.com\/es\/wp-json\/wp\/v2\/pages\/9071","targetHints":{"allow":["GET"]}}],"collection":[{"href":"https:\/\/mythslegendes.com\/es\/wp-json\/wp\/v2\/pages"}],"about":[{"href":"https:\/\/mythslegendes.com\/es\/wp-json\/wp\/v2\/types\/page"}],"author":[{"embeddable":true,"href":"https:\/\/mythslegendes.com\/es\/wp-json\/wp\/v2\/users\/1"}],"replies":[{"embeddable":true,"href":"https:\/\/mythslegendes.com\/es\/wp-json\/wp\/v2\/comments?post=9071"}],"version-history":[{"count":11,"href":"https:\/\/mythslegendes.com\/es\/wp-json\/wp\/v2\/pages\/9071\/revisions"}],"predecessor-version":[{"id":26706,"href":"https:\/\/mythslegendes.com\/es\/wp-json\/wp\/v2\/pages\/9071\/revisions\/26706"}],"wp:attachment":[{"href":"https:\/\/mythslegendes.com\/es\/wp-json\/wp\/v2\/media?parent=9071"}],"curies":[{"name":"wp","href":"https:\/\/api.w.org\/{rel}","templated":true}]}}