{"id":9161,"date":"2020-12-21T21:40:44","date_gmt":"2020-12-21T21:40:44","guid":{"rendered":"https:\/\/mythslegendes.com\/?page_id=9161"},"modified":"2022-12-27T22:12:54","modified_gmt":"2022-12-27T22:12:54","slug":"mythologie-minoenne","status":"publish","type":"page","link":"https:\/\/mythslegendes.com\/es\/mitologia-minoica\/","title":{"rendered":"Mitolog\u00eda minoica"},"content":{"rendered":"<div data-elementor-type=\"wp-page\" data-elementor-id=\"9161\" class=\"elementor elementor-9161\">\n\t\t\t\t\t\t<section class=\"elementor-section elementor-top-section elementor-element elementor-element-5b1dcd3 elementor-section-boxed elementor-section-height-default elementor-section-height-default\" data-id=\"5b1dcd3\" data-element_type=\"section\" data-e-type=\"section\">\n\t\t\t\t\t\t<div class=\"elementor-container elementor-column-gap-default\">\n\t\t\t\t\t<div class=\"elementor-column elementor-col-33 elementor-top-column elementor-element elementor-element-7b019ee\" data-id=\"7b019ee\" data-element_type=\"column\" data-e-type=\"column\">\n\t\t\t<div class=\"elementor-widget-wrap elementor-element-populated\">\n\t\t\t\t\t\t<div class=\"elementor-element elementor-element-52b8d6d elementor-align-justify elementor-widget elementor-widget-button\" data-id=\"52b8d6d\" data-element_type=\"widget\" data-e-type=\"widget\" data-widget_type=\"button.default\">\n\t\t\t\t<div class=\"elementor-widget-container\">\n\t\t\t\t\t\t\t\t\t<div class=\"elementor-button-wrapper\">\n\t\t\t\t\t<a class=\"elementor-button elementor-button-link elementor-size-sm\" href=\"https:\/\/mythslegendes.com\/es\/mythes-et-legendes-grecques-1664\/\">\n\t\t\t\t\t\t<span class=\"elementor-button-content-wrapper\">\n\t\t\t\t\t\t\t\t\t<span class=\"elementor-button-text\">Volver al Grupo Cultural<\/span>\n\t\t\t\t\t<\/span>\n\t\t\t\t\t<\/a>\n\t\t\t\t<\/div>\n\t\t\t\t\t\t\t\t<\/div>\n\t\t\t\t<\/div>\n\t\t\t\t\t<\/div>\n\t\t<\/div>\n\t\t\t\t<div class=\"elementor-column elementor-col-33 elementor-top-column elementor-element elementor-element-78201e6\" data-id=\"78201e6\" data-element_type=\"column\" data-e-type=\"column\">\n\t\t\t<div class=\"elementor-widget-wrap elementor-element-populated\">\n\t\t\t\t\t\t<div class=\"elementor-element elementor-element-c3711d4 elementor-align-justify elementor-widget elementor-widget-button\" data-id=\"c3711d4\" data-element_type=\"widget\" data-e-type=\"widget\" data-widget_type=\"button.default\">\n\t\t\t\t<div class=\"elementor-widget-container\">\n\t\t\t\t\t\t\t\t\t<div class=\"elementor-button-wrapper\">\n\t\t\t\t\t<a class=\"elementor-button elementor-button-link elementor-size-sm\" href=\"https:\/\/mythslegendes.com\/es\/bibliotecas-de-libros\/\">\n\t\t\t\t\t\t<span class=\"elementor-button-content-wrapper\">\n\t\t\t\t\t\t\t\t\t<span class=\"elementor-button-text\">Tienda dedicada<\/span>\n\t\t\t\t\t<\/span>\n\t\t\t\t\t<\/a>\n\t\t\t\t<\/div>\n\t\t\t\t\t\t\t\t<\/div>\n\t\t\t\t<\/div>\n\t\t\t\t\t<\/div>\n\t\t<\/div>\n\t\t\t\t<div class=\"elementor-column elementor-col-33 elementor-top-column elementor-element elementor-element-6e4ec5b\" data-id=\"6e4ec5b\" data-element_type=\"column\" data-e-type=\"column\">\n\t\t\t<div class=\"elementor-widget-wrap elementor-element-populated\">\n\t\t\t\t\t\t<div class=\"elementor-element elementor-element-ffc2e9e elementor-align-justify elementor-widget elementor-widget-button\" data-id=\"ffc2e9e\" data-element_type=\"widget\" data-e-type=\"widget\" data-widget_type=\"button.default\">\n\t\t\t\t<div class=\"elementor-widget-container\">\n\t\t\t\t\t\t\t\t\t<div class=\"elementor-button-wrapper\">\n\t\t\t\t\t<a class=\"elementor-button elementor-button-link elementor-size-sm\" href=\"https:\/\/fr.wikipedia.org\/wiki\/Civilisation_minoenne\" target=\"_blank\" rel=\"noopener\">\n\t\t\t\t\t\t<span class=\"elementor-button-content-wrapper\">\n\t\t\t\t\t\t\t\t\t<span class=\"elementor-button-text\">Wiki<\/span>\n\t\t\t\t\t<\/span>\n\t\t\t\t\t<\/a>\n\t\t\t\t<\/div>\n\t\t\t\t\t\t\t\t<\/div>\n\t\t\t\t<\/div>\n\t\t\t\t\t<\/div>\n\t\t<\/div>\n\t\t\t\t\t<\/div>\n\t\t<\/section>\n\t\t\t\t<section class=\"elementor-section elementor-top-section elementor-element elementor-element-f6adca0 elementor-section-boxed elementor-section-height-default elementor-section-height-default\" data-id=\"f6adca0\" data-element_type=\"section\" data-e-type=\"section\">\n\t\t\t\t\t\t<div class=\"elementor-container elementor-column-gap-default\">\n\t\t\t\t\t<div class=\"elementor-column elementor-col-100 elementor-top-column elementor-element elementor-element-608a2f3\" data-id=\"608a2f3\" data-element_type=\"column\" data-e-type=\"column\">\n\t\t\t<div class=\"elementor-widget-wrap elementor-element-populated\">\n\t\t\t\t\t\t<div class=\"elementor-element elementor-element-64fc39a elementor-widget elementor-widget-heading\" data-id=\"64fc39a\" data-element_type=\"widget\" data-e-type=\"widget\" data-widget_type=\"heading.default\">\n\t\t\t\t<div class=\"elementor-widget-container\">\n\t\t\t\t\t<div id=\"ez-toc-container\" class=\"ez-toc-v2_0_82_2 counter-hierarchy ez-toc-counter ez-toc-grey ez-toc-container-direction\">\n<div class=\"ez-toc-title-container\">\n<p class=\"ez-toc-title\" style=\"cursor:inherit\">Contenido<\/p>\n<span class=\"ez-toc-title-toggle\"><a href=\"#\" class=\"ez-toc-pull-right ez-toc-btn ez-toc-btn-xs ez-toc-btn-default ez-toc-toggle\" aria-label=\"Alternar tabla de contenidos\"><span class=\"ez-toc-js-icon-con\"><span class=\"\"><span class=\"eztoc-hide\" style=\"display:none;\">Palanca<\/span><span class=\"ez-toc-icon-toggle-span\"><svg style=\"fill: #999;color:#999\" xmlns=\"http:\/\/www.w3.org\/2000\/svg\" class=\"list-377408\" width=\"20px\" height=\"20px\" viewbox=\"0 0 24 24\" fill=\"none\"><path d=\"M6 6H4v2h2V6zm14 0H8v2h12V6zM4 11h2v2H4v-2zm16 0H8v2h12v-2zM4 16h2v2H4v-2zm16 0H8v2h12v-2z\" fill=\"currentColor\"><\/path><\/svg><svg style=\"fill: #999;color:#999\" class=\"arrow-unsorted-368013\" xmlns=\"http:\/\/www.w3.org\/2000\/svg\" width=\"10px\" height=\"10px\" viewbox=\"0 0 24 24\" version=\"1.2\" baseprofile=\"tiny\"><path d=\"M18.2 9.3l-6.2-6.3-6.2 6.3c-.2.2-.3.4-.3.7s.1.5.3.7c.2.2.4.3.7.3h11c.3 0 .5-.1.7-.3.2-.2.3-.5.3-.7s-.1-.5-.3-.7zM5.8 14.7l6.2 6.3 6.2-6.3c.2-.2.3-.5.3-.7s-.1-.5-.3-.7c-.2-.2-.4-.3-.7-.3h-11c-.3 0-.5.1-.7.3-.2.2-.3.5-.3.7s.1.5.3.7z\"\/><\/svg><\/span><\/span><\/span><\/a><\/span><\/div>\n<nav><ul class='ez-toc-list ez-toc-list-level-1' ><li class='ez-toc-page-1 ez-toc-heading-level-2'><a class=\"ez-toc-link ez-toc-heading-1\" href=\"https:\/\/mythslegendes.com\/es\/mitologia-minoica\/#Mythologie-Minoenne\" >Mitolog\u00eda minoica<\/a><\/li><li class='ez-toc-page-1 ez-toc-heading-level-2'><a class=\"ez-toc-link ez-toc-heading-2\" href=\"https:\/\/mythslegendes.com\/es\/mitologia-minoica\/#Mythologie-Minoenne-textes\" >Mitolog\u00eda minoica (textos)<\/a><\/li><\/ul><\/nav><\/div>\n<h2 class=\"elementor-heading-title elementor-size-default\"><span class=\"ez-toc-section\" id=\"Mythologie-Minoenne\"><\/span>Mitolog\u00eda minoica<span class=\"ez-toc-section-end\"><\/span><\/h2>\t\t\t\t<\/div>\n\t\t\t\t<\/div>\n\t\t\t\t\t<\/div>\n\t\t<\/div>\n\t\t\t\t\t<\/div>\n\t\t<\/section>\n\t\t\t\t<section class=\"elementor-section elementor-top-section elementor-element elementor-element-1f76b9e elementor-section-boxed elementor-section-height-default elementor-section-height-default\" data-id=\"1f76b9e\" data-element_type=\"section\" data-e-type=\"section\">\n\t\t\t\t\t\t<div class=\"elementor-container elementor-column-gap-default\">\n\t\t\t\t\t<div class=\"elementor-column elementor-col-100 elementor-top-column elementor-element elementor-element-ac5c8ec\" data-id=\"ac5c8ec\" data-element_type=\"column\" data-e-type=\"column\">\n\t\t\t<div class=\"elementor-widget-wrap elementor-element-populated\">\n\t\t\t\t\t\t<div class=\"elementor-element elementor-element-80b19ca elementor-widget elementor-widget-text-editor\" data-id=\"80b19ca\" data-element_type=\"widget\" data-e-type=\"widget\" data-widget_type=\"text-editor.default\">\n\t\t\t\t<div class=\"elementor-widget-container\">\n\t\t\t\t\t\t\t\t\t<p>los <a href=\"https:\/\/mythslegendes.com\/es\/\">mitolog\u00eda<\/a> Minoico se refiere a los cultos practicados en Creta por la civilizaci\u00f3n minoica. Estos cultos se vuelven hacia la naturaleza, la vegetaci\u00f3n y sus ritmos. Esto es particularmente notable a trav\u00e9s de los dioses y diosas que mueren y renacen cada a\u00f1o, y mediante el uso de s\u00edmbolos como el toro (o cuernos de toro), la serpiente y las palomas. Aunque desaparece con la llegada de <a href=\"https:\/\/mythslegendes.com\/es\/mitologia-aqueenne\/\">aqueos<\/a> luego dorios en <a href=\"https:\/\/mythslegendes.com\/es\/mythes-et-legendes-grecques-1664\/\">Grecia<\/a> Luego, en Creta, la religi\u00f3n minoica dej\u00f3 sin embargo su huella en el <a href=\"https:\/\/mythslegendes.com\/es\/\">mitos<\/a> y el pante\u00f3n de la Grecia cl\u00e1sica.<\/p><p><img decoding=\"async\" class=\"alignnone wp-image-5284 size-full\" src=\"https:\/\/mythslegendes.com\/wp-content\/uploads\/2020\/09\/AlphaOmega-e1602613368367.png\" alt=\"mitolog\u00eda minoica\" width=\"25\" height=\"26\" title=\"\"><\/p>\t\t\t\t\t\t\t\t<\/div>\n\t\t\t\t<\/div>\n\t\t\t\t\t<\/div>\n\t\t<\/div>\n\t\t\t\t\t<\/div>\n\t\t<\/section>\n\t\t\t\t<section class=\"elementor-section elementor-top-section elementor-element elementor-element-6dc1493 elementor-section-boxed elementor-section-height-default elementor-section-height-default\" data-id=\"6dc1493\" data-element_type=\"section\" data-e-type=\"section\">\n\t\t\t\t\t\t<div class=\"elementor-container elementor-column-gap-default\">\n\t\t\t\t\t<div class=\"elementor-column elementor-col-100 elementor-top-column elementor-element elementor-element-c194804\" data-id=\"c194804\" data-element_type=\"column\" data-e-type=\"column\">\n\t\t\t<div class=\"elementor-widget-wrap elementor-element-populated\">\n\t\t\t\t\t\t<div class=\"elementor-element elementor-element-b6b4711 elementor-widget elementor-widget-heading\" data-id=\"b6b4711\" data-element_type=\"widget\" data-e-type=\"widget\" data-widget_type=\"heading.default\">\n\t\t\t\t<div class=\"elementor-widget-container\">\n\t\t\t\t\t<h2 class=\"elementor-heading-title elementor-size-default\"><span class=\"ez-toc-section\" id=\"Mythologie-Minoenne-textes\"><\/span>Mitolog\u00eda minoica (textos)<span class=\"ez-toc-section-end\"><\/span><\/h2>\t\t\t\t<\/div>\n\t\t\t\t<\/div>\n\t\t\t\t\t<\/div>\n\t\t<\/div>\n\t\t\t\t\t<\/div>\n\t\t<\/section>\n\t\t\t\t<section class=\"elementor-section elementor-top-section elementor-element elementor-element-e00c012 elementor-section-boxed elementor-section-height-default elementor-section-height-default\" data-id=\"e00c012\" data-element_type=\"section\" data-e-type=\"section\">\n\t\t\t\t\t\t<div class=\"elementor-container elementor-column-gap-default\">\n\t\t\t\t\t<div class=\"elementor-column elementor-col-100 elementor-top-column elementor-element elementor-element-a264960\" data-id=\"a264960\" data-element_type=\"column\" data-e-type=\"column\">\n\t\t\t<div class=\"elementor-widget-wrap elementor-element-populated\">\n\t\t\t\t\t\t<div class=\"elementor-element elementor-element-2bbe081 elementor-widget elementor-widget-toggle\" data-id=\"2bbe081\" data-element_type=\"widget\" data-e-type=\"widget\" data-widget_type=\"toggle.default\">\n\t\t\t\t<div class=\"elementor-widget-container\">\n\t\t\t\t\t\t\t<div class=\"elementor-toggle\">\n\t\t\t\t\t\t\t<div class=\"elementor-toggle-item\">\n\t\t\t\t\t<div id=\"elementor-tab-title-4581\" class=\"elementor-tab-title\" data-tab=\"1\" role=\"button\" aria-controls=\"elementor-tab-content-4581\" aria-expanded=\"false\">\n\t\t\t\t\t\t\t\t\t\t\t\t<span class=\"elementor-toggle-icon elementor-toggle-icon-left\" aria-hidden=\"true\">\n\t\t\t\t\t\t\t\t\t\t\t\t\t\t\t<span class=\"elementor-toggle-icon-closed\"><i class=\"fas fa-caret-right\"><\/i><\/span>\n\t\t\t\t\t\t\t\t<span class=\"elementor-toggle-icon-opened\"><i class=\"elementor-toggle-icon-opened fas fa-caret-up\"><\/i><\/span>\n\t\t\t\t\t\t\t\t\t\t\t\t\t<\/span>\n\t\t\t\t\t\t\t\t\t\t\t\t<a class=\"elementor-toggle-title\" tabindex=\"0\">Civilizaci\u00f3n minoica<\/a>\n\t\t\t\t\t<\/div>\n\n\t\t\t\t\t<div id=\"elementor-tab-content-4581\" class=\"elementor-tab-content elementor-clearfix\" data-tab=\"1\" role=\"region\" aria-labelledby=\"elementor-tab-title-4581\"><ul><li><strong><a href=\"http:\/\/histoire-a-sac-a-dos.com\/crete-santorin-legende-latlantide\/\" target=\"_blank\" rel=\"noopener\">Santorini y la leyenda de la Atl\u00e1ntida<\/a><\/strong><\/li><li><a href=\"https:\/\/histoire-a-sac-a-dos.com\/histoire-d-akrotiri-extraordinaire-cite-de-lage-du-bronze\/\" target=\"_blank\" rel=\"noopener\"><strong>La ciudad de Akrotiri de Santorini<\/strong><\/a><\/li><li><a href=\"http:\/\/histoire-a-sac-a-dos.com\/crete-decouverte-du-palais-cnossos\/\" target=\"_blank\" rel=\"noopener\"><strong>El Palacio de Knossos<\/strong><\/a><\/li><li><a href=\"https:\/\/histoire-a-sac-a-dos.com\/palais-phaistos-malia\/\" target=\"_blank\" rel=\"noopener\"><strong>Los palacios de Festos, Hagia Triada y Malia<\/strong><\/a><\/li><li><a href=\"https:\/\/www.inmysteriam.fr\/cryptologie\/le-disque-de-phaistos-lun-des-plus-grands-mysteres-de-la-cryptologie.html\" target=\"_blank\" rel=\"noopener\"><strong>El disco de Phaistos<\/strong><\/a><\/li><li><a href=\"http:\/\/racines.traditions.free.fr\/labyrint\/index.htm\" target=\"_blank\" rel=\"noopener\"><strong>Laberinto, el Palacio con la lluvia de hachas<\/strong><\/a><\/li><li><strong><a href=\"http:\/\/histoire-a-sac-a-dos.com\/crete-article-1-crete-civilisation-minoenne\/\" target=\"_blank\" rel=\"noopener\">La civilizaci\u00f3n minoica y su declive<\/a><\/strong><\/li><li><strong><a href=\"https:\/\/openlibrary.org\/books\/OL7063760M\/The_palace_of_Minos\" target=\"_blank\" rel=\"noopener\">El Palacio de Minos por Arthur Joan Evans<\/a><\/strong><\/li><li><a href=\"https:\/\/www.forgottenbooks.com\/en\/readbook\/ScriptaMinoa_10638495#0\" target=\"_blank\" rel=\"noopener\"><strong>Scripta Minoa de Arthur Joan Evans<\/strong><\/a><\/li><\/ul><\/div>\n\t\t\t\t<\/div>\n\t\t\t\t\t\t\t<div class=\"elementor-toggle-item\">\n\t\t\t\t\t<div id=\"elementor-tab-title-4582\" class=\"elementor-tab-title\" data-tab=\"2\" role=\"button\" aria-controls=\"elementor-tab-content-4582\" aria-expanded=\"false\">\n\t\t\t\t\t\t\t\t\t\t\t\t<span class=\"elementor-toggle-icon elementor-toggle-icon-left\" aria-hidden=\"true\">\n\t\t\t\t\t\t\t\t\t\t\t\t\t\t\t<span class=\"elementor-toggle-icon-closed\"><i class=\"fas fa-caret-right\"><\/i><\/span>\n\t\t\t\t\t\t\t\t<span class=\"elementor-toggle-icon-opened\"><i class=\"elementor-toggle-icon-opened fas fa-caret-up\"><\/i><\/span>\n\t\t\t\t\t\t\t\t\t\t\t\t\t<\/span>\n\t\t\t\t\t\t\t\t\t\t\t\t<a class=\"elementor-toggle-title\" tabindex=\"0\">Mitolog\u00eda minoica de los griegos: infancia de Zeus<\/a>\n\t\t\t\t\t<\/div>\n\n\t\t\t\t\t<div id=\"elementor-tab-content-4582\" class=\"elementor-tab-content elementor-clearfix\" data-tab=\"2\" role=\"region\" aria-labelledby=\"elementor-tab-title-4582\"><ul><li><a href=\"https:\/\/www.cosmovisions.com\/$Curetes.htm\" target=\"_blank\" rel=\"noopener\"><strong>Danza de los Curetes<\/strong><\/a><\/li><li><strong><a href=\"https:\/\/www.cosmovisions.com\/$Corybantes.htm\" target=\"_blank\" rel=\"noopener\">Danza de los coribantes<\/a><\/strong><\/li><li><strong><a href=\"https:\/\/www.crete.tournet.gr\/fr\/crete-guide\/16-mythology-of-crete\/18-The%20Birth%20of%20Zeus\" target=\"_blank\" rel=\"noopener\">Cueva Dikteon Andron<\/a><\/strong><\/li><li><strong><a href=\"https:\/\/www.crete.tournet.gr\/fr\/crete-guide\/16-mythology-of-crete\/27-Talos\" target=\"_blank\" rel=\"noopener\">Talos el gigante de bronce<\/a><\/strong><\/li><\/ul><\/div>\n\t\t\t\t<\/div>\n\t\t\t\t\t\t\t<div class=\"elementor-toggle-item\">\n\t\t\t\t\t<div id=\"elementor-tab-title-4583\" class=\"elementor-tab-title\" data-tab=\"3\" role=\"button\" aria-controls=\"elementor-tab-content-4583\" aria-expanded=\"false\">\n\t\t\t\t\t\t\t\t\t\t\t\t<span class=\"elementor-toggle-icon elementor-toggle-icon-left\" aria-hidden=\"true\">\n\t\t\t\t\t\t\t\t\t\t\t\t\t\t\t<span class=\"elementor-toggle-icon-closed\"><i class=\"fas fa-caret-right\"><\/i><\/span>\n\t\t\t\t\t\t\t\t<span class=\"elementor-toggle-icon-opened\"><i class=\"elementor-toggle-icon-opened fas fa-caret-up\"><\/i><\/span>\n\t\t\t\t\t\t\t\t\t\t\t\t\t<\/span>\n\t\t\t\t\t\t\t\t\t\t\t\t<a class=\"elementor-toggle-title\" tabindex=\"0\">Mitolog\u00eda minoica de los griegos: Minos<\/a>\n\t\t\t\t\t<\/div>\n\n\t\t\t\t\t<div id=\"elementor-tab-content-4583\" class=\"elementor-tab-content elementor-clearfix\" data-tab=\"3\" role=\"region\" aria-labelledby=\"elementor-tab-title-4583\"><ul><li><strong><a href=\"http:\/\/ugo.bratelli.free.fr\/Apollodore\/Livre3\/III_1_1.htm\" target=\"_blank\" rel=\"noopener\">Zeus, Europa y el nacimiento de Minos<\/a><\/strong><\/li><li><strong><a href=\"http:\/\/ugo.bratelli.free.fr\/Apollodore\/Livre3\/III_1_2.htm\" target=\"_blank\" rel=\"noopener\">Minos y Rhadamante, jueces del inframundo<\/a><\/strong><\/li><li><strong><a href=\"http:\/\/ugo.bratelli.free.fr\/Apollodore\/Livre3\/III_1_3.htm\" target=\"_blank\" rel=\"noopener\">Pasifae y el nacimiento del minotauro<\/a><\/strong><\/li><li><a href=\"http:\/\/histoire-a-sac-a-dos.com\/crete-au-coeur-mythes\/\" target=\"_blank\" rel=\"noopener\"><strong>Zeus, Minos y el Minotauro<\/strong><\/a><\/li><li><strong><a href=\"http:\/\/ugo.bratelli.free.fr\/Apollodore\/Livre3\/III_3_1-2.htm\" target=\"_blank\" rel=\"noopener\">Glaucos hijo de Minos<\/a><\/strong><\/li><\/ul><\/div>\n\t\t\t\t<\/div>\n\t\t\t\t\t\t\t<div class=\"elementor-toggle-item\">\n\t\t\t\t\t<div id=\"elementor-tab-title-4584\" class=\"elementor-tab-title\" data-tab=\"4\" role=\"button\" aria-controls=\"elementor-tab-content-4584\" aria-expanded=\"false\">\n\t\t\t\t\t\t\t\t\t\t\t\t<span class=\"elementor-toggle-icon elementor-toggle-icon-left\" aria-hidden=\"true\">\n\t\t\t\t\t\t\t\t\t\t\t\t\t\t\t<span class=\"elementor-toggle-icon-closed\"><i class=\"fas fa-caret-right\"><\/i><\/span>\n\t\t\t\t\t\t\t\t<span class=\"elementor-toggle-icon-opened\"><i class=\"elementor-toggle-icon-opened fas fa-caret-up\"><\/i><\/span>\n\t\t\t\t\t\t\t\t\t\t\t\t\t<\/span>\n\t\t\t\t\t\t\t\t\t\t\t\t<a class=\"elementor-toggle-title\" tabindex=\"0\">Mitolog\u00eda minoica de los griegos: \u00cdcaro y D\u00e9dalo<\/a>\n\t\t\t\t\t<\/div>\n\n\t\t\t\t\t<div id=\"elementor-tab-content-4584\" class=\"elementor-tab-content elementor-clearfix\" data-tab=\"4\" role=\"region\" aria-labelledby=\"elementor-tab-title-4584\"><ul><li><strong><a href=\"http:\/\/ugo.bratelli.free.fr\/Apollodore\/Livre2\/II_6_1-4.htm\" target=\"_blank\" rel=\"noopener\">Isla \u00cdcaro<\/a><\/strong><\/li><li><strong><a href=\"http:\/\/ugo.bratelli.free.fr\/Apollodore\/Epitome\/EP-1-24.htm\" target=\"_blank\" rel=\"noopener\">El vuelo de \u00cdcaro<\/a><\/strong><\/li><li><strong><a href=\"http:\/\/remacle.org\/bloodwolf\/historiens\/diodore\/livre4a.htm\" target=\"_blank\" rel=\"noopener\">D\u00e9dalo y el minotauro<\/a><\/strong><\/li><li><a href=\"https:\/\/fr.wikisource.org\/wiki\/Les_M%C3%A9tamorphoses_(Ovide,_Nisard)\/Livre_8\" target=\"_blank\" rel=\"noopener\"><strong>Minos, D\u00e9dalo y el laberinto<\/strong><\/a><\/li><\/ul><\/div>\n\t\t\t\t<\/div>\n\t\t\t\t\t\t\t<div class=\"elementor-toggle-item\">\n\t\t\t\t\t<div id=\"elementor-tab-title-4585\" class=\"elementor-tab-title\" data-tab=\"5\" role=\"button\" aria-controls=\"elementor-tab-content-4585\" aria-expanded=\"false\">\n\t\t\t\t\t\t\t\t\t\t\t\t<span class=\"elementor-toggle-icon elementor-toggle-icon-left\" aria-hidden=\"true\">\n\t\t\t\t\t\t\t\t\t\t\t\t\t\t\t<span class=\"elementor-toggle-icon-closed\"><i class=\"fas fa-caret-right\"><\/i><\/span>\n\t\t\t\t\t\t\t\t<span class=\"elementor-toggle-icon-opened\"><i class=\"elementor-toggle-icon-opened fas fa-caret-up\"><\/i><\/span>\n\t\t\t\t\t\t\t\t\t\t\t\t\t<\/span>\n\t\t\t\t\t\t\t\t\t\t\t\t<a class=\"elementor-toggle-title\" tabindex=\"0\">Mitolog\u00eda minoica de los griegos: Teseo<\/a>\n\t\t\t\t\t<\/div>\n\n\t\t\t\t\t<div id=\"elementor-tab-content-4585\" class=\"elementor-tab-content elementor-clearfix\" data-tab=\"5\" role=\"region\" aria-labelledby=\"elementor-tab-title-4585\"><ul><li><strong><a href=\"http:\/\/ugo.bratelli.free.fr\/Apollodore\/Livre1\/I_8_1-3.htm\" target=\"_blank\" rel=\"noopener\">Meleager, el jabal\u00ed de Calid\u00f3n<\/a><\/strong><\/li><li><strong><a href=\"http:\/\/ugo.bratelli.free.fr\/Apollodore\/Livre1\/I_9_13-16.htm\" target=\"_blank\" rel=\"noopener\">Los argonautas<\/a><\/strong><\/li><li><strong><a href=\"http:\/\/ugo.bratelli.free.fr\/Apollodore\/Livre3\/III_15_1-9.htm\" target=\"_blank\" rel=\"noopener\">Pandion Estate<\/a><\/strong><\/li><li><strong><a href=\"http:\/\/ugo.bratelli.free.fr\/Apollodore\/Epitome\/EP-1-24.htm\" target=\"_blank\" rel=\"noopener\">Ep\u00edtome, Teseo y el Minotauro<\/a><\/strong><\/li><li><strong><a href=\"http:\/\/bcs.fltr.ucl.ac.be\/METAM\/Met12\/Met12-146-326.htm\" target=\"_blank\" rel=\"noopener\">Lapitas y centauros I<\/a><\/strong><\/li><li><strong><a href=\"http:\/\/bcs.fltr.ucl.ac.be\/METAM\/Met12\/Met12-327-458.htm\" target=\"_blank\" rel=\"noopener\">Lapitas y centauros II<\/a><\/strong><\/li><li><strong><a href=\"http:\/\/remacle.org\/bloodwolf\/historiens\/Plutarque\/theseepierron.htm\" target=\"_blank\" rel=\"noopener\">Teseo, el hombre ilustre<\/a><\/strong><\/li><li><strong><a href=\"http:\/\/remacle.org\/bloodwolf\/erudits\/pausanias\/attique.htm#XVII\" target=\"_blank\" rel=\"noopener\">Teseo y Tesprotes<\/a><\/strong><\/li><li><strong><a href=\"http:\/\/remacle.org\/bloodwolf\/erudits\/pausanias\/attique.htm#XXII\" target=\"_blank\" rel=\"noopener\">Teseo, Hippolita y Fedra<\/a><\/strong><\/li><li><a href=\"http:\/\/remacle.org\/bloodwolf\/erudits\/pausanias\/attique.htm#XXVII\" target=\"_blank\" rel=\"noopener\"><strong>Teseo y los trabajos de H\u00e9rcules<\/strong><\/a><\/li><li><strong><a href=\"http:\/\/ugo.bratelli.free.fr\/Apollodore\/Livre3\/III_10_4-7.htm\" target=\"_blank\" rel=\"noopener\">El rapto de helena<\/a><\/strong><\/li><\/ul><\/div>\n\t\t\t\t<\/div>\n\t\t\t\t\t\t\t\t<\/div>\n\t\t\t\t\t\t<\/div>\n\t\t\t\t<\/div>\n\t\t\t\t\t<\/div>\n\t\t<\/div>\n\t\t\t\t\t<\/div>\n\t\t<\/section>\n\t\t\t\t<\/div>","protected":false},"excerpt":{"rendered":"<p>Regresar a la Biblioteca Wiki del Grupo Cultural Mitolog\u00eda Minoica La mitolog\u00eda minoica designa los cultos practicados en Creta por la civilizaci\u00f3n... <\/p>","protected":false},"author":1,"featured_media":0,"parent":0,"menu_order":0,"comment_status":"closed","ping_status":"closed","template":"","meta":{"footnotes":""},"class_list":["post-9161","page","type-page","status-publish","hentry"],"amp_enabled":true,"_links":{"self":[{"href":"https:\/\/mythslegendes.com\/es\/wp-json\/wp\/v2\/pages\/9161","targetHints":{"allow":["GET"]}}],"collection":[{"href":"https:\/\/mythslegendes.com\/es\/wp-json\/wp\/v2\/pages"}],"about":[{"href":"https:\/\/mythslegendes.com\/es\/wp-json\/wp\/v2\/types\/page"}],"author":[{"embeddable":true,"href":"https:\/\/mythslegendes.com\/es\/wp-json\/wp\/v2\/users\/1"}],"replies":[{"embeddable":true,"href":"https:\/\/mythslegendes.com\/es\/wp-json\/wp\/v2\/comments?post=9161"}],"version-history":[{"count":7,"href":"https:\/\/mythslegendes.com\/es\/wp-json\/wp\/v2\/pages\/9161\/revisions"}],"predecessor-version":[{"id":26455,"href":"https:\/\/mythslegendes.com\/es\/wp-json\/wp\/v2\/pages\/9161\/revisions\/26455"}],"wp:attachment":[{"href":"https:\/\/mythslegendes.com\/es\/wp-json\/wp\/v2\/media?parent=9161"}],"curies":[{"name":"wp","href":"https:\/\/api.w.org\/{rel}","templated":true}]}}