{"id":9194,"date":"2020-12-23T14:23:11","date_gmt":"2020-12-23T14:23:11","guid":{"rendered":"https:\/\/mythslegendes.com\/?page_id=9194"},"modified":"2022-12-27T22:12:54","modified_gmt":"2022-12-27T22:12:54","slug":"mythologie-mycenienne","status":"publish","type":"page","link":"https:\/\/mythslegendes.com\/es\/mitologia-micenica\/","title":{"rendered":"Mitolog\u00eda mic\u00e9nica"},"content":{"rendered":"<div data-elementor-type=\"wp-page\" data-elementor-id=\"9194\" class=\"elementor elementor-9194\">\n\t\t\t\t\t\t<section class=\"elementor-section elementor-top-section elementor-element elementor-element-dcd101a elementor-section-boxed elementor-section-height-default elementor-section-height-default\" data-id=\"dcd101a\" data-element_type=\"section\" data-e-type=\"section\">\n\t\t\t\t\t\t<div class=\"elementor-container elementor-column-gap-default\">\n\t\t\t\t\t<div class=\"elementor-column elementor-col-33 elementor-top-column elementor-element elementor-element-ae50217\" data-id=\"ae50217\" data-element_type=\"column\" data-e-type=\"column\">\n\t\t\t<div class=\"elementor-widget-wrap elementor-element-populated\">\n\t\t\t\t\t\t<div class=\"elementor-element elementor-element-1c526f9 elementor-align-justify elementor-widget elementor-widget-button\" data-id=\"1c526f9\" data-element_type=\"widget\" data-e-type=\"widget\" data-widget_type=\"button.default\">\n\t\t\t\t<div class=\"elementor-widget-container\">\n\t\t\t\t\t\t\t\t\t<div class=\"elementor-button-wrapper\">\n\t\t\t\t\t<a class=\"elementor-button elementor-button-link elementor-size-sm\" href=\"https:\/\/mythslegendes.com\/es\/mythes-et-legendes-grecques-1664\/\">\n\t\t\t\t\t\t<span class=\"elementor-button-content-wrapper\">\n\t\t\t\t\t\t\t\t\t<span class=\"elementor-button-text\">Volver al Grupo Cultural<\/span>\n\t\t\t\t\t<\/span>\n\t\t\t\t\t<\/a>\n\t\t\t\t<\/div>\n\t\t\t\t\t\t\t\t<\/div>\n\t\t\t\t<\/div>\n\t\t\t\t\t<\/div>\n\t\t<\/div>\n\t\t\t\t<div class=\"elementor-column elementor-col-33 elementor-top-column elementor-element elementor-element-a1de072\" data-id=\"a1de072\" data-element_type=\"column\" data-e-type=\"column\">\n\t\t\t<div class=\"elementor-widget-wrap elementor-element-populated\">\n\t\t\t\t\t\t<div class=\"elementor-element elementor-element-63a35b3 elementor-align-justify elementor-widget elementor-widget-button\" data-id=\"63a35b3\" data-element_type=\"widget\" data-e-type=\"widget\" data-widget_type=\"button.default\">\n\t\t\t\t<div class=\"elementor-widget-container\">\n\t\t\t\t\t\t\t\t\t<div class=\"elementor-button-wrapper\">\n\t\t\t\t\t<a class=\"elementor-button elementor-button-link elementor-size-sm\" href=\"https:\/\/mythslegendes.com\/es\/bibliotecas-de-libros\/\">\n\t\t\t\t\t\t<span class=\"elementor-button-content-wrapper\">\n\t\t\t\t\t\t\t\t\t<span class=\"elementor-button-text\">Tienda dedicada<\/span>\n\t\t\t\t\t<\/span>\n\t\t\t\t\t<\/a>\n\t\t\t\t<\/div>\n\t\t\t\t\t\t\t\t<\/div>\n\t\t\t\t<\/div>\n\t\t\t\t\t<\/div>\n\t\t<\/div>\n\t\t\t\t<div class=\"elementor-column elementor-col-33 elementor-top-column elementor-element elementor-element-7ccebaa\" data-id=\"7ccebaa\" data-element_type=\"column\" data-e-type=\"column\">\n\t\t\t<div class=\"elementor-widget-wrap elementor-element-populated\">\n\t\t\t\t\t\t<div class=\"elementor-element elementor-element-8071c51 elementor-align-justify elementor-widget elementor-widget-button\" data-id=\"8071c51\" data-element_type=\"widget\" data-e-type=\"widget\" data-widget_type=\"button.default\">\n\t\t\t\t<div class=\"elementor-widget-container\">\n\t\t\t\t\t\t\t\t\t<div class=\"elementor-button-wrapper\">\n\t\t\t\t\t<a class=\"elementor-button elementor-button-link elementor-size-sm\" href=\"https:\/\/fr.wikipedia.org\/wiki\/Civilisation_myc%C3%A9nienne\" target=\"_blank\" rel=\"noopener\">\n\t\t\t\t\t\t<span class=\"elementor-button-content-wrapper\">\n\t\t\t\t\t\t\t\t\t<span class=\"elementor-button-text\">Wiki<\/span>\n\t\t\t\t\t<\/span>\n\t\t\t\t\t<\/a>\n\t\t\t\t<\/div>\n\t\t\t\t\t\t\t\t<\/div>\n\t\t\t\t<\/div>\n\t\t\t\t\t<\/div>\n\t\t<\/div>\n\t\t\t\t\t<\/div>\n\t\t<\/section>\n\t\t\t\t<section class=\"elementor-section elementor-top-section elementor-element elementor-element-4c50e92 elementor-section-boxed elementor-section-height-default elementor-section-height-default\" data-id=\"4c50e92\" data-element_type=\"section\" data-e-type=\"section\">\n\t\t\t\t\t\t<div class=\"elementor-container elementor-column-gap-default\">\n\t\t\t\t\t<div class=\"elementor-column elementor-col-100 elementor-top-column elementor-element elementor-element-de4cb9d\" data-id=\"de4cb9d\" data-element_type=\"column\" data-e-type=\"column\">\n\t\t\t<div class=\"elementor-widget-wrap elementor-element-populated\">\n\t\t\t\t\t\t<div class=\"elementor-element elementor-element-ffb98b2 elementor-widget elementor-widget-heading\" data-id=\"ffb98b2\" data-element_type=\"widget\" data-e-type=\"widget\" data-widget_type=\"heading.default\">\n\t\t\t\t<div class=\"elementor-widget-container\">\n\t\t\t\t\t<div id=\"ez-toc-container\" class=\"ez-toc-v2_0_82_2 counter-hierarchy ez-toc-counter ez-toc-grey ez-toc-container-direction\">\n<div class=\"ez-toc-title-container\">\n<p class=\"ez-toc-title\" style=\"cursor:inherit\">Contenido<\/p>\n<span class=\"ez-toc-title-toggle\"><a href=\"#\" class=\"ez-toc-pull-right ez-toc-btn ez-toc-btn-xs ez-toc-btn-default ez-toc-toggle\" aria-label=\"Alternar tabla de contenidos\"><span class=\"ez-toc-js-icon-con\"><span class=\"\"><span class=\"eztoc-hide\" style=\"display:none;\">Palanca<\/span><span class=\"ez-toc-icon-toggle-span\"><svg style=\"fill: #999;color:#999\" xmlns=\"http:\/\/www.w3.org\/2000\/svg\" class=\"list-377408\" width=\"20px\" height=\"20px\" viewbox=\"0 0 24 24\" fill=\"none\"><path d=\"M6 6H4v2h2V6zm14 0H8v2h12V6zM4 11h2v2H4v-2zm16 0H8v2h12v-2zM4 16h2v2H4v-2zm16 0H8v2h12v-2z\" fill=\"currentColor\"><\/path><\/svg><svg style=\"fill: #999;color:#999\" class=\"arrow-unsorted-368013\" xmlns=\"http:\/\/www.w3.org\/2000\/svg\" width=\"10px\" height=\"10px\" viewbox=\"0 0 24 24\" version=\"1.2\" baseprofile=\"tiny\"><path d=\"M18.2 9.3l-6.2-6.3-6.2 6.3c-.2.2-.3.4-.3.7s.1.5.3.7c.2.2.4.3.7.3h11c.3 0 .5-.1.7-.3.2-.2.3-.5.3-.7s-.1-.5-.3-.7zM5.8 14.7l6.2 6.3 6.2-6.3c.2-.2.3-.5.3-.7s-.1-.5-.3-.7c-.2-.2-.4-.3-.7-.3h-11c-.3 0-.5.1-.7.3-.2.2-.3.5-.3.7s.1.5.3.7z\"\/><\/svg><\/span><\/span><\/span><\/a><\/span><\/div>\n<nav><ul class='ez-toc-list ez-toc-list-level-1' ><li class='ez-toc-page-1 ez-toc-heading-level-2'><a class=\"ez-toc-link ez-toc-heading-1\" href=\"https:\/\/mythslegendes.com\/es\/mitologia-micenica\/#Mythologie-Mycenienne\" >Mitolog\u00eda mic\u00e9nica<\/a><\/li><li class='ez-toc-page-1 ez-toc-heading-level-2'><a class=\"ez-toc-link ez-toc-heading-2\" href=\"https:\/\/mythslegendes.com\/es\/mitologia-micenica\/#Mythologie-Mycenienne-textes\" >Mitolog\u00eda mic\u00e9nica (textos)<\/a><\/li><\/ul><\/nav><\/div>\n<h2 class=\"elementor-heading-title elementor-size-default\"><span class=\"ez-toc-section\" id=\"Mythologie-Mycenienne\"><\/span>Mitolog\u00eda mic\u00e9nica<span class=\"ez-toc-section-end\"><\/span><\/h2>\t\t\t\t<\/div>\n\t\t\t\t<\/div>\n\t\t\t\t\t<\/div>\n\t\t<\/div>\n\t\t\t\t\t<\/div>\n\t\t<\/section>\n\t\t\t\t<section class=\"elementor-section elementor-top-section elementor-element elementor-element-3773de5 elementor-section-boxed elementor-section-height-default elementor-section-height-default\" data-id=\"3773de5\" data-element_type=\"section\" data-e-type=\"section\">\n\t\t\t\t\t\t<div class=\"elementor-container elementor-column-gap-default\">\n\t\t\t\t\t<div class=\"elementor-column elementor-col-100 elementor-top-column elementor-element elementor-element-c797657\" data-id=\"c797657\" data-element_type=\"column\" data-e-type=\"column\">\n\t\t\t<div class=\"elementor-widget-wrap elementor-element-populated\">\n\t\t\t\t\t\t<div class=\"elementor-element elementor-element-7499208 elementor-widget elementor-widget-text-editor\" data-id=\"7499208\" data-element_type=\"widget\" data-e-type=\"widget\" data-widget_type=\"text-editor.default\">\n\t\t\t\t<div class=\"elementor-widget-container\">\n\t\t\t\t\t\t\t\t\t<p>los <a href=\"https:\/\/mythslegendes.com\/es\/\">mitolog\u00eda<\/a> Mic\u00e9nica describe los mitos y <a href=\"https:\/\/mythslegendes.com\/es\/\">leyendas<\/a> de la civilizaci\u00f3n mic\u00e9nica. Es una civilizaci\u00f3n del Egeo de finales del Hel\u00e1dico (finales de la Edad del Bronce) que se extiende desde 1650 hasta <time class=\"nowrap\" datetime=\"U-1099\" data-sort-value=\"U-1099\">1100 <abbr class=\"abbr\" title=\"1100 a. C.\">AV. J.-C.<\/abbr><\/time> aproximadamente, cuyo pico es aproximadamente entre 1400 y <time class=\"nowrap\" datetime=\"U-1199\" data-sort-value=\"U-1199\">1200 <abbr class=\"abbr\" title=\"1200 aC\">AV. J.-C.<\/abbr><\/time> Se extendi\u00f3 gradualmente desde el sur de la Grecia continental hasta el mundo egeo en su conjunto, que por primera vez experiment\u00f3 una cierta unidad cultural. Esta civilizaci\u00f3n se caracteriza particularmente por sus palacios-fortalezas, sus diferentes tipos de cer\u00e1mica pintada que se encuentran en todo el mar Egeo, as\u00ed como su escritura, lineal B, la escritura m\u00e1s antigua conocida que se transcribe del griego.<\/p><p>El pasado de los griegos solo se conoce desde hace mucho tiempo por las leyendas de las epopeyas y las tragedias. La existencia material de la civilizaci\u00f3n mic\u00e9nica se revela en las excavaciones de Heinrich Schliemann en Micenas en 1876 y en Tirinto en 1886. \u00c9l cree haber encontrado el mundo descrito por las epopeyas de Homero, el<i>Il\u00edada<\/i> y el<i>Odisea<\/i>. En una tumba de Micenas, encuentra una m\u00e1scara de oro a la que llama <span class=\"citation\">&quot;M\u00e1scara de Agamen\u00f3n&quot;<\/span>. Asimismo, bautizamos <span class=\"citation\">&quot;Palacio de Nestor&quot;<\/span> un palacio excavado en Pylos<sup id=\"cite_ref-3\" class=\"reference\"><\/sup>. Tuvimos que esperar la investigaci\u00f3n de Arthur Evans al comienzo de la <abbr class=\"abbr\" title=\"siglo 20\"><span class=\"romain\">XX<\/span><sup>mi<\/sup><\/abbr>\u00a0siglo, para que el mundo mic\u00e9nico adquiera autonom\u00eda del mundo minoico que cronol\u00f3gicamente lo precede<sup id=\"cite_ref-4\" class=\"reference\"><\/sup>.<\/p><p><img decoding=\"async\" class=\"alignnone wp-image-9347 size-full\" src=\"https:\/\/mythslegendes.com\/wp-content\/uploads\/2020\/09\/cropped-AlphaOmega-e1602613368367.png\" alt=\"Mitolog\u00eda mic\u00e9nica\" width=\"25\" height=\"25\" title=\"\"><\/p>\t\t\t\t\t\t\t\t<\/div>\n\t\t\t\t<\/div>\n\t\t\t\t\t<\/div>\n\t\t<\/div>\n\t\t\t\t\t<\/div>\n\t\t<\/section>\n\t\t\t\t<section class=\"elementor-section elementor-top-section elementor-element elementor-element-e66f3e8 elementor-section-boxed elementor-section-height-default elementor-section-height-default\" data-id=\"e66f3e8\" data-element_type=\"section\" data-e-type=\"section\">\n\t\t\t\t\t\t<div class=\"elementor-container elementor-column-gap-default\">\n\t\t\t\t\t<div class=\"elementor-column elementor-col-100 elementor-top-column elementor-element elementor-element-39b1cdc\" data-id=\"39b1cdc\" data-element_type=\"column\" data-e-type=\"column\">\n\t\t\t<div class=\"elementor-widget-wrap elementor-element-populated\">\n\t\t\t\t\t\t<div class=\"elementor-element elementor-element-977830b elementor-widget elementor-widget-heading\" data-id=\"977830b\" data-element_type=\"widget\" data-e-type=\"widget\" data-widget_type=\"heading.default\">\n\t\t\t\t<div class=\"elementor-widget-container\">\n\t\t\t\t\t<h2 class=\"elementor-heading-title elementor-size-default\"><span class=\"ez-toc-section\" id=\"Mythologie-Mycenienne-textes\"><\/span>Mitolog\u00eda mic\u00e9nica (textos)<span class=\"ez-toc-section-end\"><\/span><\/h2>\t\t\t\t<\/div>\n\t\t\t\t<\/div>\n\t\t\t\t\t<\/div>\n\t\t<\/div>\n\t\t\t\t\t<\/div>\n\t\t<\/section>\n\t\t\t\t<section class=\"elementor-section elementor-top-section elementor-element elementor-element-489e138 elementor-section-boxed elementor-section-height-default elementor-section-height-default\" data-id=\"489e138\" data-element_type=\"section\" data-e-type=\"section\">\n\t\t\t\t\t\t<div class=\"elementor-container elementor-column-gap-default\">\n\t\t\t\t\t<div class=\"elementor-column elementor-col-100 elementor-top-column elementor-element elementor-element-532f588\" data-id=\"532f588\" data-element_type=\"column\" data-e-type=\"column\">\n\t\t\t<div class=\"elementor-widget-wrap elementor-element-populated\">\n\t\t\t\t\t\t<div class=\"elementor-element elementor-element-1dd05dc elementor-widget elementor-widget-toggle\" data-id=\"1dd05dc\" data-element_type=\"widget\" data-e-type=\"widget\" data-widget_type=\"toggle.default\">\n\t\t\t\t<div class=\"elementor-widget-container\">\n\t\t\t\t\t\t\t<div class=\"elementor-toggle\">\n\t\t\t\t\t\t\t<div class=\"elementor-toggle-item\">\n\t\t\t\t\t<div id=\"elementor-tab-title-3121\" class=\"elementor-tab-title\" data-tab=\"1\" role=\"button\" aria-controls=\"elementor-tab-content-3121\" aria-expanded=\"false\">\n\t\t\t\t\t\t\t\t\t\t\t\t<span class=\"elementor-toggle-icon elementor-toggle-icon-left\" aria-hidden=\"true\">\n\t\t\t\t\t\t\t\t\t\t\t\t\t\t\t<span class=\"elementor-toggle-icon-closed\"><i class=\"fas fa-caret-right\"><\/i><\/span>\n\t\t\t\t\t\t\t\t<span class=\"elementor-toggle-icon-opened\"><i class=\"elementor-toggle-icon-opened fas fa-caret-up\"><\/i><\/span>\n\t\t\t\t\t\t\t\t\t\t\t\t\t<\/span>\n\t\t\t\t\t\t\t\t\t\t\t\t<a class=\"elementor-toggle-title\" tabindex=\"0\">Historia de Micenas<\/a>\n\t\t\t\t\t<\/div>\n\n\t\t\t\t\t<div id=\"elementor-tab-content-3121\" class=\"elementor-tab-content elementor-clearfix\" data-tab=\"1\" role=\"region\" aria-labelledby=\"elementor-tab-title-3121\"><ul><li><strong><a href=\"http:\/\/www.mythologiegrecque.fr\/35.html\" target=\"_blank\" rel=\"noopener\">El nacimiento de la civilizaci\u00f3n griega<\/a><\/strong><\/li><li><strong><a href=\"https:\/\/www.clio.fr\/\" target=\"_blank\" rel=\"noopener\">Micenas en la mitolog\u00eda griega<\/a><\/strong><\/li><li><strong><a href=\"http:\/\/www.salimbeti.com\/micenei\/war.htm\" target=\"_blank\" rel=\"noopener\">Fuentes sobre la guerra de Troya<\/a><\/strong><\/li><li><strong><a href=\"http:\/\/antikforever.com\/Grece\/Acheens-Myceniens\/mycenes.htm\" target=\"_blank\" rel=\"noopener\">La ciudad de Micenas<\/a><\/strong><\/li><li><a href=\"http:\/\/antikforever.com\/Grece\/Acheens-Myceniens\/pylos_tirynthe.htm\" target=\"_blank\" rel=\"noopener\"><strong>Las ciudades de Pylos y Tiryns<\/strong><\/a><\/li><\/ul><\/div>\n\t\t\t\t<\/div>\n\t\t\t\t\t\t\t<div class=\"elementor-toggle-item\">\n\t\t\t\t\t<div id=\"elementor-tab-title-3122\" class=\"elementor-tab-title\" data-tab=\"2\" role=\"button\" aria-controls=\"elementor-tab-content-3122\" aria-expanded=\"false\">\n\t\t\t\t\t\t\t\t\t\t\t\t<span class=\"elementor-toggle-icon elementor-toggle-icon-left\" aria-hidden=\"true\">\n\t\t\t\t\t\t\t\t\t\t\t\t\t\t\t<span class=\"elementor-toggle-icon-closed\"><i class=\"fas fa-caret-right\"><\/i><\/span>\n\t\t\t\t\t\t\t\t<span class=\"elementor-toggle-icon-opened\"><i class=\"elementor-toggle-icon-opened fas fa-caret-up\"><\/i><\/span>\n\t\t\t\t\t\t\t\t\t\t\t\t\t<\/span>\n\t\t\t\t\t\t\t\t\t\t\t\t<a class=\"elementor-toggle-title\" tabindex=\"0\">Historia de la mitolog\u00eda mic\u00e9nica<\/a>\n\t\t\t\t\t<\/div>\n\n\t\t\t\t\t<div id=\"elementor-tab-content-3122\" class=\"elementor-tab-content elementor-clearfix\" data-tab=\"2\" role=\"region\" aria-labelledby=\"elementor-tab-title-3122\"><ul><li><strong><a href=\"http:\/\/www.maicar.com\/GML\/Argus1.html\" target=\"_blank\" rel=\"noopener\">Argos<\/a><\/strong><\/li><li><strong><a href=\"http:\/\/www.maicar.com\/GML\/Phoroneus.html\" target=\"_blank\" rel=\"noopener\">Foroneo<\/a><\/strong><\/li><li><strong><a href=\"http:\/\/www.maicar.com\/GML\/Perseus1.html\" target=\"_blank\" rel=\"noopener\">Perseo<\/a><\/strong><\/li><li><strong><a href=\"http:\/\/www.maicar.com\/GML\/Amphitryon.html\" target=\"_blank\" rel=\"noopener\">anfitri\u00f3n<\/a><\/strong><\/li><li><strong><a href=\"http:\/\/www.maicar.com\/GML\/Pelopides.html\" target=\"_blank\" rel=\"noopener\">Los Pelopids<\/a><\/strong><\/li><li><strong><a href=\"http:\/\/www.maicar.com\/GML\/Agamemnon.html\" target=\"_blank\" rel=\"noopener\">Agamen\u00f3n<\/a><\/strong><\/li><li><strong><a href=\"http:\/\/www.maicar.com\/GML\/Achilles.html\" target=\"_blank\" rel=\"noopener\">Aquiles<\/a><\/strong><\/li><li><a href=\"https:\/\/en.wikipedia.org\/wiki\/List_of_Mycenaean_deities\" target=\"_blank\" rel=\"noopener\"><strong>Pante\u00f3n<\/strong><\/a><\/li><li><strong><a href=\"http:\/\/www.maicar.com\/GML\/TrojanWar.html\" target=\"_blank\" rel=\"noopener\">Mitos sobre la guerra de Troya<\/a><\/strong><\/li><li><strong><a href=\"http:\/\/www.maicar.com\/GML\/Mycenae.html\" target=\"_blank\" rel=\"noopener\">El nacimiento de Mycene<\/a><\/strong><\/li><li>\u00a0<\/li><\/ul><\/div>\n\t\t\t\t<\/div>\n\t\t\t\t\t\t\t<div class=\"elementor-toggle-item\">\n\t\t\t\t\t<div id=\"elementor-tab-title-3123\" class=\"elementor-tab-title\" data-tab=\"3\" role=\"button\" aria-controls=\"elementor-tab-content-3123\" aria-expanded=\"false\">\n\t\t\t\t\t\t\t\t\t\t\t\t<span class=\"elementor-toggle-icon elementor-toggle-icon-left\" aria-hidden=\"true\">\n\t\t\t\t\t\t\t\t\t\t\t\t\t\t\t<span class=\"elementor-toggle-icon-closed\"><i class=\"fas fa-caret-right\"><\/i><\/span>\n\t\t\t\t\t\t\t\t<span class=\"elementor-toggle-icon-opened\"><i class=\"elementor-toggle-icon-opened fas fa-caret-up\"><\/i><\/span>\n\t\t\t\t\t\t\t\t\t\t\t\t\t<\/span>\n\t\t\t\t\t\t\t\t\t\t\t\t<a class=\"elementor-toggle-title\" tabindex=\"0\">Mitolog\u00eda del mecenazgo de los griegos: la Il\u00edada<\/a>\n\t\t\t\t\t<\/div>\n\n\t\t\t\t\t<div id=\"elementor-tab-content-3123\" class=\"elementor-tab-content elementor-clearfix\" data-tab=\"3\" role=\"region\" aria-labelledby=\"elementor-tab-title-3123\"><div class=\"tableItem\"><div><div><ul><li><a title=\"Il\u00edada \/ Rapsodia II\" href=\"https:\/\/fr.wikisource.org\/wiki\/Iliade\/Rhapsodie_II\" target=\"_blank\" rel=\"noopener\">Rapsodia I<\/a><\/li><li><a title=\"Il\u00edada \/ Rapsodia III\" href=\"https:\/\/fr.wikisource.org\/wiki\/Iliade\/Rhapsodie_III\" target=\"_blank\" rel=\"noopener\">Rapsodia II<\/a><\/li><li><a title=\"Il\u00edada \/ Rapsodia IV\" href=\"https:\/\/fr.wikisource.org\/wiki\/Iliade\/Rhapsodie_IV\" target=\"_blank\" rel=\"noopener\">Rapsodia III<\/a><\/li><li><a title=\"Il\u00edada \/ Rapsodia IV\" href=\"https:\/\/fr.wikisource.org\/wiki\/Iliade\/Rhapsodie_IV\" target=\"_blank\" rel=\"noopener\">Rapsodia IV<\/a><\/li><li><a title=\"Il\u00edada \/ Rapsodia IV\" href=\"https:\/\/fr.wikisource.org\/wiki\/Iliade\/Rhapsodie_IV\" target=\"_blank\" rel=\"noopener\">Rapsodia v\u00a0<\/a><\/li><li><a title=\"Il\u00edada \/ Rapsodia VI\" href=\"https:\/\/fr.wikisource.org\/wiki\/Iliade\/Rhapsodie_VI\" target=\"_blank\" rel=\"noopener\">Rapsodia VI<\/a>\u00a0<\/li><li><a title=\"Il\u00edada \/ Rapsodia VII\" href=\"https:\/\/fr.wikisource.org\/wiki\/Iliade\/Rhapsodie_VII\" target=\"_blank\" rel=\"noopener\">Rapsodia VII<\/a>\u00a0<\/li><li><a title=\"Il\u00edada \/ Rapsodia VIII\" href=\"https:\/\/fr.wikisource.org\/wiki\/Iliade\/Rhapsodie_VIII\" target=\"_blank\" rel=\"noopener\">Rapsodia VIII<\/a>\u00a0<\/li><li><a title=\"Il\u00edada \/ Rapsodia IX\" href=\"https:\/\/fr.wikisource.org\/wiki\/Iliade\/Rhapsodie_IX\" target=\"_blank\" rel=\"noopener\">Rapsodia IX<\/a>\u00a0<\/li><li><a title=\"Il\u00edada \/ Rapsodia X\" href=\"https:\/\/fr.wikisource.org\/wiki\/Iliade\/Rhapsodie_X\" target=\"_blank\" rel=\"noopener\">Rapsodia X<\/a>\u00a0<\/li><li><a title=\"Il\u00edada \/ Rapsodia XI\" href=\"https:\/\/fr.wikisource.org\/wiki\/Iliade\/Rhapsodie_XI\" target=\"_blank\" rel=\"noopener\">Rapsodia XI<\/a>\u00a0<\/li><li><a title=\"Il\u00edada \/ Rapsodia XII\" href=\"https:\/\/fr.wikisource.org\/wiki\/Iliade\/Rhapsodie_XII\" target=\"_blank\" rel=\"noopener\">Rapsodia XII<\/a><\/li><li><a title=\"Il\u00edada \/ Rapsodia XIII\" href=\"https:\/\/fr.wikisource.org\/wiki\/Iliade\/Rhapsodie_XIII\" target=\"_blank\" rel=\"noopener\">Rapsodia XIII<\/a><\/li><li><a title=\"Il\u00edada \/ Rapsodia XIV\" href=\"https:\/\/fr.wikisource.org\/wiki\/Iliade\/Rhapsodie_XIV\" target=\"_blank\" rel=\"noopener\">Rapsodia XIV<\/a>\u00a0<\/li><li><a title=\"Il\u00edada \/ Rapsodia XV\" href=\"https:\/\/fr.wikisource.org\/wiki\/Iliade\/Rhapsodie_XV\" target=\"_blank\" rel=\"noopener\">Rapsodia XV<\/a>\u00a0<\/li><li><a title=\"Il\u00edada \/ Rapsodia XVI\" href=\"https:\/\/fr.wikisource.org\/wiki\/Iliade\/Rhapsodie_XVI\" target=\"_blank\" rel=\"noopener\">Rapsodia XVI<\/a>\u00a0<\/li><li><a title=\"Il\u00edada \/ Rapsodia XVII\" href=\"https:\/\/fr.wikisource.org\/wiki\/Iliade\/Rhapsodie_XVII\" target=\"_blank\" rel=\"noopener\">Rapsodia XVII<\/a>\u00a0<\/li><li><a title=\"Il\u00edada \/ Rapsodia XVIII\" href=\"https:\/\/fr.wikisource.org\/wiki\/Iliade\/Rhapsodie_XVIII\" target=\"_blank\" rel=\"noopener\">Rapsodia XVIII<\/a>\u00a0<\/li><li><a title=\"Il\u00edada \/ Rapsodia XIX\" href=\"https:\/\/fr.wikisource.org\/wiki\/Iliade\/Rhapsodie_XIX\" target=\"_blank\" rel=\"noopener\">Rapsodia XIX<\/a>\u00a0<\/li><li><a title=\"Il\u00edada \/ Rapsodia XX\" href=\"https:\/\/fr.wikisource.org\/wiki\/Iliade\/Rhapsodie_XX\" target=\"_blank\" rel=\"noopener\">Rapsodia XX<\/a>\u00a0<\/li><li><a title=\"Il\u00edada \/ Rapsodia XXI\" href=\"https:\/\/fr.wikisource.org\/wiki\/Iliade\/Rhapsodie_XXI\" target=\"_blank\" rel=\"noopener\">Rapsodia XXI<\/a><\/li><li><a title=\"Il\u00edada \/ Rapsodia XXII\" href=\"https:\/\/fr.wikisource.org\/wiki\/Iliade\/Rhapsodie_XXII\" target=\"_blank\" rel=\"noopener\">Rapsodia XXII<\/a>\u00a0<\/li><li><a title=\"Il\u00edada \/ Rapsodia XXIII\" href=\"https:\/\/fr.wikisource.org\/wiki\/Iliade\/Rhapsodie_XXIII\" target=\"_blank\" rel=\"noopener\">Rapsodia XXIII<\/a><\/li><li><a title=\"Il\u00edada \/ Rapsodia XXIV\" href=\"https:\/\/fr.wikisource.org\/wiki\/Iliade\/Rhapsodie_XXIV\" target=\"_blank\" rel=\"noopener\">Rapsodia XXIV<\/a><\/li><\/ul><\/div><\/div><\/div><\/div>\n\t\t\t\t<\/div>\n\t\t\t\t\t\t\t<div class=\"elementor-toggle-item\">\n\t\t\t\t\t<div id=\"elementor-tab-title-3124\" class=\"elementor-tab-title\" data-tab=\"4\" role=\"button\" aria-controls=\"elementor-tab-content-3124\" aria-expanded=\"false\">\n\t\t\t\t\t\t\t\t\t\t\t\t<span class=\"elementor-toggle-icon elementor-toggle-icon-left\" aria-hidden=\"true\">\n\t\t\t\t\t\t\t\t\t\t\t\t\t\t\t<span class=\"elementor-toggle-icon-closed\"><i class=\"fas fa-caret-right\"><\/i><\/span>\n\t\t\t\t\t\t\t\t<span class=\"elementor-toggle-icon-opened\"><i class=\"elementor-toggle-icon-opened fas fa-caret-up\"><\/i><\/span>\n\t\t\t\t\t\t\t\t\t\t\t\t\t<\/span>\n\t\t\t\t\t\t\t\t\t\t\t\t<a class=\"elementor-toggle-title\" tabindex=\"0\">Libro gratuito de MP Nilsson<\/a>\n\t\t\t\t\t<\/div>\n\n\t\t\t\t\t<div id=\"elementor-tab-content-3124\" class=\"elementor-tab-content elementor-clearfix\" data-tab=\"4\" role=\"region\" aria-labelledby=\"elementor-tab-title-3124\"><p><a href=\"https:\/\/www.sacred-texts.com\/cla\/mog\/mog02.htm\" target=\"_blank\" rel=\"noopener\">Cap\u00edtulo I. \u00bfQu\u00e9 edad tiene la mitolog\u00eda griega?<\/a><\/p><p><a href=\"https:\/\/www.sacred-texts.com\/cla\/mog\/mog03.htm\" target=\"_blank\" rel=\"noopener\">Cap\u00edtulo II: Introducci\u00f3n<\/a><br \/><a href=\"https:\/\/www.sacred-texts.com\/cla\/mog\/mog04.htm\" target=\"_blank\" rel=\"noopener\">1. Arg\u00f3lida<\/a><br \/><a href=\"https:\/\/www.sacred-texts.com\/cla\/mog\/mog05.htm\" target=\"_blank\" rel=\"noopener\">2. Laconia<\/a><br \/><a href=\"https:\/\/www.sacred-texts.com\/cla\/mog\/mog06.htm\" target=\"_blank\" rel=\"noopener\">3. El dominio de Pylos<\/a><br \/><a href=\"https:\/\/www.sacred-texts.com\/cla\/mog\/mog07.htm\" target=\"_blank\" rel=\"noopener\">4. El resto del Peloponeso<\/a><br \/><a href=\"https:\/\/www.sacred-texts.com\/cla\/mog\/mog08.htm\" target=\"_blank\" rel=\"noopener\">5. Las Islas J\u00f3nicas<\/a><br \/><a href=\"https:\/\/www.sacred-texts.com\/cla\/mog\/mog09.htm\" target=\"_blank\" rel=\"noopener\">6. Beocia del Sur<\/a><br \/><a href=\"https:\/\/www.sacred-texts.com\/cla\/mog\/mog10.htm\" target=\"_blank\" rel=\"noopener\">7. Beocia del Norte y Tesalia<\/a><br \/><a href=\"https:\/\/www.sacred-texts.com\/cla\/mog\/mog11.htm\" target=\"_blank\" rel=\"noopener\">8. \u00c1tica<\/a><br \/><a href=\"https:\/\/www.sacred-texts.com\/cla\/mog\/mog12.htm\" target=\"_blank\" rel=\"noopener\">9. Conclusi\u00f3n<\/a><\/p><p><a href=\"https:\/\/www.sacred-texts.com\/cla\/mog\/mog13.htm\" target=\"_blank\" rel=\"noopener\">Cap\u00edtulo III. Heracles<\/a><br \/><a href=\"https:\/\/www.sacred-texts.com\/cla\/mog\/mog14.htm\" target=\"_blank\" rel=\"noopener\">Cap\u00edtulo IV. Olimpo<\/a><\/p><\/div>\n\t\t\t\t<\/div>\n\t\t\t\t\t\t\t\t<\/div>\n\t\t\t\t\t\t<\/div>\n\t\t\t\t<\/div>\n\t\t\t\t\t<\/div>\n\t\t<\/div>\n\t\t\t\t\t<\/div>\n\t\t<\/section>\n\t\t\t\t<\/div>","protected":false},"excerpt":{"rendered":"<p>Retour au Groupe Culturel Biblioth\u00e8que Wiki Mythologie Myc\u00e9nienne La mythologie myc\u00e9nienne d\u00e9crit les mythes et l\u00e9gendes de la civilisation myc\u00e9nienne. &hellip; <\/p>","protected":false},"author":1,"featured_media":0,"parent":0,"menu_order":0,"comment_status":"closed","ping_status":"closed","template":"","meta":{"footnotes":""},"class_list":["post-9194","page","type-page","status-publish","hentry"],"amp_enabled":true,"_links":{"self":[{"href":"https:\/\/mythslegendes.com\/es\/wp-json\/wp\/v2\/pages\/9194","targetHints":{"allow":["GET"]}}],"collection":[{"href":"https:\/\/mythslegendes.com\/es\/wp-json\/wp\/v2\/pages"}],"about":[{"href":"https:\/\/mythslegendes.com\/es\/wp-json\/wp\/v2\/types\/page"}],"author":[{"embeddable":true,"href":"https:\/\/mythslegendes.com\/es\/wp-json\/wp\/v2\/users\/1"}],"replies":[{"embeddable":true,"href":"https:\/\/mythslegendes.com\/es\/wp-json\/wp\/v2\/comments?post=9194"}],"version-history":[{"count":5,"href":"https:\/\/mythslegendes.com\/es\/wp-json\/wp\/v2\/pages\/9194\/revisions"}],"predecessor-version":[{"id":26456,"href":"https:\/\/mythslegendes.com\/es\/wp-json\/wp\/v2\/pages\/9194\/revisions\/26456"}],"wp:attachment":[{"href":"https:\/\/mythslegendes.com\/es\/wp-json\/wp\/v2\/media?parent=9194"}],"curies":[{"name":"wp","href":"https:\/\/api.w.org\/{rel}","templated":true}]}}