{"id":934,"date":"2020-06-16T11:36:19","date_gmt":"2020-06-16T10:36:19","guid":{"rendered":"https:\/\/mythslegendes.com\/?page_id=934"},"modified":"2022-12-03T22:06:59","modified_gmt":"2022-12-03T22:06:59","slug":"aventures-de-mogh-ruith","status":"publish","type":"page","link":"https:\/\/mythslegendes.com\/es\/mitologia-irlandesa\/aventuras-de-mogh-ruith\/","title":{"rendered":"aventuras de mogh ruith"},"content":{"rendered":"<div data-elementor-type=\"wp-page\" data-elementor-id=\"934\" class=\"elementor elementor-934\">\n\t\t\t\t\t\t<section class=\"elementor-section elementor-top-section elementor-element elementor-element-bc9100b elementor-section-boxed elementor-section-height-default elementor-section-height-default\" data-id=\"bc9100b\" data-element_type=\"section\" data-e-type=\"section\">\n\t\t\t\t\t\t<div class=\"elementor-container elementor-column-gap-default\">\n\t\t\t\t\t<div class=\"elementor-column elementor-col-50 elementor-top-column elementor-element elementor-element-04fc2ea\" data-id=\"04fc2ea\" data-element_type=\"column\" data-e-type=\"column\">\n\t\t\t<div class=\"elementor-widget-wrap elementor-element-populated\">\n\t\t\t\t\t\t<div class=\"elementor-element elementor-element-0ea4f98 elementor-align-justify elementor-widget elementor-widget-button\" data-id=\"0ea4f98\" data-element_type=\"widget\" data-e-type=\"widget\" data-widget_type=\"button.default\">\n\t\t\t\t<div class=\"elementor-widget-container\">\n\t\t\t\t\t\t\t\t\t<div class=\"elementor-button-wrapper\">\n\t\t\t\t\t<a class=\"elementor-button elementor-button-link elementor-size-sm\" href=\"https:\/\/mythslegendes.com\/es\/mitologia-irlandesa\/\">\n\t\t\t\t\t\t<span class=\"elementor-button-content-wrapper\">\n\t\t\t\t\t\t\t\t\t<span class=\"elementor-button-text\">Mitolog\u00eda irlandesa<\/span>\n\t\t\t\t\t<\/span>\n\t\t\t\t\t<\/a>\n\t\t\t\t<\/div>\n\t\t\t\t\t\t\t\t<\/div>\n\t\t\t\t<\/div>\n\t\t\t\t\t<\/div>\n\t\t<\/div>\n\t\t\t\t<div class=\"elementor-column elementor-col-50 elementor-top-column elementor-element elementor-element-5fc4b51\" data-id=\"5fc4b51\" data-element_type=\"column\" data-e-type=\"column\">\n\t\t\t<div class=\"elementor-widget-wrap elementor-element-populated\">\n\t\t\t\t\t\t<div class=\"elementor-element elementor-element-9c64b98 elementor-align-justify elementor-widget elementor-widget-button\" data-id=\"9c64b98\" data-element_type=\"widget\" data-e-type=\"widget\" data-widget_type=\"button.default\">\n\t\t\t\t<div class=\"elementor-widget-container\">\n\t\t\t\t\t\t\t\t\t<div class=\"elementor-button-wrapper\">\n\t\t\t\t\t<a class=\"elementor-button elementor-button-link elementor-size-sm\" href=\"https:\/\/fr.wikipedia.org\/wiki\/Mythologie_celtique_irlandaise\" target=\"_blank\" rel=\"noopener\">\n\t\t\t\t\t\t<span class=\"elementor-button-content-wrapper\">\n\t\t\t\t\t\t\t\t\t<span class=\"elementor-button-text\">Wiki<\/span>\n\t\t\t\t\t<\/span>\n\t\t\t\t\t<\/a>\n\t\t\t\t<\/div>\n\t\t\t\t\t\t\t\t<\/div>\n\t\t\t\t<\/div>\n\t\t\t\t\t<\/div>\n\t\t<\/div>\n\t\t\t\t\t<\/div>\n\t\t<\/section>\n\t\t\t\t<section class=\"elementor-section elementor-top-section elementor-element elementor-element-6a216244 elementor-section-boxed elementor-section-height-default elementor-section-height-default\" data-id=\"6a216244\" data-element_type=\"section\" data-e-type=\"section\">\n\t\t\t\t\t\t<div class=\"elementor-container elementor-column-gap-default\">\n\t\t\t\t\t<div class=\"elementor-column elementor-col-100 elementor-top-column elementor-element elementor-element-33036c8b\" data-id=\"33036c8b\" data-element_type=\"column\" data-e-type=\"column\">\n\t\t\t<div class=\"elementor-widget-wrap elementor-element-populated\">\n\t\t\t\t\t\t<div class=\"elementor-element elementor-element-5f984fac elementor-widget elementor-widget-text-editor\" data-id=\"5f984fac\" data-element_type=\"widget\" data-e-type=\"widget\" data-widget_type=\"text-editor.default\">\n\t\t\t\t<div class=\"elementor-widget-container\">\n\t\t\t\t\t\t\t\t\t\n<p>Voici les aventures de <a href=\"https:\/\/mythslegendes.com\/es\/mitologia-irlandesa\/\">Mogh ruith<\/a>.<\/p>\n<p><img decoding=\"async\" class=\"alignnone wp-image-5284 size-full\" src=\"https:\/\/mythslegendes.com\/wp-content\/uploads\/2020\/09\/AlphaOmega-e1602613368367.png\" alt=\"aventuras de mogh ruith\" width=\"25\" height=\"26\" title=\"\"><\/p>\n<div id=\"ez-toc-container\" class=\"ez-toc-v2_0_82_2 counter-hierarchy ez-toc-counter ez-toc-grey ez-toc-container-direction\">\n<div class=\"ez-toc-title-container\">\n<p class=\"ez-toc-title\" style=\"cursor:inherit\">Contenido<\/p>\n<span class=\"ez-toc-title-toggle\"><a href=\"#\" class=\"ez-toc-pull-right ez-toc-btn ez-toc-btn-xs ez-toc-btn-default ez-toc-toggle\" aria-label=\"Alternar tabla de contenidos\"><span class=\"ez-toc-js-icon-con\"><span class=\"\"><span class=\"eztoc-hide\" style=\"display:none;\">Palanca<\/span><span class=\"ez-toc-icon-toggle-span\"><svg style=\"fill: #999;color:#999\" xmlns=\"http:\/\/www.w3.org\/2000\/svg\" class=\"list-377408\" width=\"20px\" height=\"20px\" viewbox=\"0 0 24 24\" fill=\"none\"><path d=\"M6 6H4v2h2V6zm14 0H8v2h12V6zM4 11h2v2H4v-2zm16 0H8v2h12v-2zM4 16h2v2H4v-2zm16 0H8v2h12v-2z\" fill=\"currentColor\"><\/path><\/svg><svg style=\"fill: #999;color:#999\" class=\"arrow-unsorted-368013\" xmlns=\"http:\/\/www.w3.org\/2000\/svg\" width=\"10px\" height=\"10px\" viewbox=\"0 0 24 24\" version=\"1.2\" baseprofile=\"tiny\"><path d=\"M18.2 9.3l-6.2-6.3-6.2 6.3c-.2.2-.3.4-.3.7s.1.5.3.7c.2.2.4.3.7.3h11c.3 0 .5-.1.7-.3.2-.2.3-.5.3-.7s-.1-.5-.3-.7zM5.8 14.7l6.2 6.3 6.2-6.3c.2-.2.3-.5.3-.7s-.1-.5-.3-.7c-.2-.2-.4-.3-.7-.3h-11c-.3 0-.5.1-.7.3-.2.2-.3.5-.3.7s.1.5.3.7z\"\/><\/svg><\/span><\/span><\/span><\/a><\/span><\/div>\n<nav><ul class='ez-toc-list ez-toc-list-level-1' ><li class='ez-toc-page-1 ez-toc-heading-level-2'><a class=\"ez-toc-link ez-toc-heading-1\" href=\"https:\/\/mythslegendes.com\/es\/mitologia-irlandesa\/aventuras-de-mogh-ruith\/#Aventures-de-Mogh-Ruith\" >aventuras de mogh ruith<\/a><\/li><\/ul><\/nav><\/div>\n<h2><span class=\"ez-toc-section\" id=\"Aventures-de-Mogh-Ruith\"><\/span>aventuras de mogh ruith<span class=\"ez-toc-section-end\"><\/span><\/h2>\n\n<p>Cacht, la hija Catmand de los brit\u00e1nicos en la Isla de Man.<\/p>\n\n<p>Su madre fue llevada cautiva. El total de 50 ni\u00f1as se distribuyeron en Irlanda. Cacht fue a la casa de Roth mac Righuill, Rey de Irlanda, y all\u00ed estuvo en constante servidumbre y esclavitud. Un hombre sabio viv\u00eda con el rey, a saber, Cuindeasg mac Fhirglain del clan de Fergus mac Rossa de Ulster. Cuindeasg hizo que la esclava quedara embarazada de \u00e9l. La noche en que Cacht dio a luz, el druida dijo que el nombre del hijo, que naci\u00f3 esa noche, se escuchar\u00eda en toda Irlanda y se celebrar\u00eda. Roth dijo: \u201cMi nombre es el que tendr\u00e1. Por lo tanto, este fue el nombre que se le dio a Mog Ruth. Luego se cri\u00f3 y aprendi\u00f3 ciencia con el rey y se convirti\u00f3 en un sabio. Encontr\u00f3 instrucci\u00f3n all\u00ed y fue a Scathach, un guerrero, para aprender el oficio de las armas, hasta que fuera un maestro.<\/p>\n\n<p>L\u00e0, un druide lui dit: \u00ab\u00a0Si c&rsquo;\u00e9tait l&rsquo;art druidique que tu avais appris aujourd&rsquo;hui, ton nom serait c\u00e9l\u00e8bre dans toute l&rsquo;Irlande.\u00a0\u00bb &#8211; \u00ab\u00a0Je vais l&rsquo;apprendre\u00a0\u00bb, d\u00e9clara Mog Ruith. Il l&rsquo;apprit, alors qu&rsquo;il fut un Sage (c\u00e9l\u00e8bre) en <a href=\"https:\/\/mythslegendes.com\/es\/mitologia-irlandesa\/\">Irlanda<\/a>. Il se rendit ensuite aupr\u00e8s du druide Simon, pour apprendre avec lui. Et il avait laiss\u00e9 sa femme enceinte dans Darbrui, \u00e0 savoir Dron, fille d&rsquo;Oengus mac Echach Lairen (et son fils,) \u00e0 savoir Buan, et c&rsquo;est de (son fils) Fercorp, que sa femme \u00e9tait enceinte. Mog Ruith passa trente-trois ann\u00e9es aupr\u00e8s de Simon. Alors il creva un de ses yeux quand il abattit un veau dans la neige dans les montagnes des Alpes. Et l&rsquo;autre oeil fut aveugl\u00e9 quand il tint le soleil pendant deux jours dans Darbri, de sorte qu&rsquo;il fit un jour avec deux. De l\u00e0 il mutila un de ses yeux (= l&rsquo;autre), si bien qu&rsquo;il fut aveugle. .<\/p>\n\n<p>Luego volvi\u00f3 a Irlanda (y fue) hasta llegar a Dairbriu. \u00c9l (ten\u00eda) un ni\u00f1o con \u00e9l. (El ni\u00f1o) mir\u00f3 hacia el interior de la casa desde atr\u00e1s. Mog Ruth pregunt\u00f3: &quot;\u00bfQu\u00e9 est\u00e1 haciendo la mujer?&quot; \u2013 \u201cElla est\u00e1 sentada en la silla y un joven apuesto est\u00e1 con ella y son amables el uno con el otro\u201d, dijo el joven. \u201cTr\u00e1eme el hacha\u201d, dijo Mog Ruthh. \u201cTomar\u00e9 el hacha\u201d, dijo el ni\u00f1o, \u201csi todos est\u00e1n dormidos. Estaba (a punto) de matar a su propio hijo. Sin embargo, esperaron pacientemente durante tres d\u00edas y tres noches. En la \u00faltima noche, Mog Ruth pregunt\u00f3: &quot;\u00bfQu\u00e9 est\u00e1n haciendo aqu\u00ed?&quot;, Dijo, \u00e9l respondi\u00f3: &quot;Treinta y tres a\u00f1os (han pasado)&quot;, dicen, &quot;hasta esta noche, desde que nuestro padre nos dej\u00f3&quot;. Nunca antes hab\u00eda buscado (nuestra) comunidad. En cuanto a m\u00ed y mi madre, ella nunca se fue con un hombre, y yo no tom\u00e9 esposa. As\u00ed que fue y se acerc\u00f3 al fuego. La mujer entonces reconoci\u00f3 sus extremidades, y lo cubri\u00f3 con una t\u00fanica. \u00c9l era el Alto Druida de toda Irlanda en ese momento, y fue a \u00e9l a quien Fiachra Muillethan mac Eogain y la Gente de Munster buscaron consejo durante el sitio de Drom Damgaire.<\/p>\n\t\t\t\t\t\t\t\t<\/div>\n\t\t\t\t<\/div>\n\t\t\t\t\t<\/div>\n\t\t<\/div>\n\t\t\t\t\t<\/div>\n\t\t<\/section>\n\t\t\t\t<\/div>","protected":false},"excerpt":{"rendered":"<p>Mythologie irlandaise Wiki Voici les aventures de Mogh Ruith. Aventures de Mogh Ruith Cacht, la fille de Catmand des Britons &hellip; <\/p>","protected":false},"author":1,"featured_media":0,"parent":439,"menu_order":0,"comment_status":"closed","ping_status":"closed","template":"","meta":{"footnotes":""},"class_list":["post-934","page","type-page","status-publish","hentry"],"amp_enabled":true,"_links":{"self":[{"href":"https:\/\/mythslegendes.com\/es\/wp-json\/wp\/v2\/pages\/934","targetHints":{"allow":["GET"]}}],"collection":[{"href":"https:\/\/mythslegendes.com\/es\/wp-json\/wp\/v2\/pages"}],"about":[{"href":"https:\/\/mythslegendes.com\/es\/wp-json\/wp\/v2\/types\/page"}],"author":[{"embeddable":true,"href":"https:\/\/mythslegendes.com\/es\/wp-json\/wp\/v2\/users\/1"}],"replies":[{"embeddable":true,"href":"https:\/\/mythslegendes.com\/es\/wp-json\/wp\/v2\/comments?post=934"}],"version-history":[{"count":1,"href":"https:\/\/mythslegendes.com\/es\/wp-json\/wp\/v2\/pages\/934\/revisions"}],"predecessor-version":[{"id":24624,"href":"https:\/\/mythslegendes.com\/es\/wp-json\/wp\/v2\/pages\/934\/revisions\/24624"}],"up":[{"embeddable":true,"href":"https:\/\/mythslegendes.com\/es\/wp-json\/wp\/v2\/pages\/439"}],"wp:attachment":[{"href":"https:\/\/mythslegendes.com\/es\/wp-json\/wp\/v2\/media?parent=934"}],"curies":[{"name":"wp","href":"https:\/\/api.w.org\/{rel}","templated":true}]}}