{"id":937,"date":"2020-06-16T11:37:33","date_gmt":"2020-06-16T10:37:33","guid":{"rendered":"https:\/\/mythslegendes.com\/?page_id=937"},"modified":"2022-12-03T22:06:59","modified_gmt":"2022-12-03T22:06:59","slug":"lhistoire-de-tlachtga","status":"publish","type":"page","link":"https:\/\/mythslegendes.com\/es\/mitologia-irlandesa\/la-historia-de-tlachtga\/","title":{"rendered":"La historia de Tlachtga"},"content":{"rendered":"\t\t<div data-elementor-type=\"wp-page\" data-elementor-id=\"937\" class=\"elementor elementor-937\">\n\t\t\t\t\t\t<section class=\"elementor-section elementor-top-section elementor-element elementor-element-1c6b2d7 elementor-section-boxed elementor-section-height-default elementor-section-height-default\" data-id=\"1c6b2d7\" data-element_type=\"section\" data-e-type=\"section\">\n\t\t\t\t\t\t<div class=\"elementor-container elementor-column-gap-default\">\n\t\t\t\t\t<div class=\"elementor-column elementor-col-50 elementor-top-column elementor-element elementor-element-d8826d6\" data-id=\"d8826d6\" data-element_type=\"column\" data-e-type=\"column\">\n\t\t\t<div class=\"elementor-widget-wrap elementor-element-populated\">\n\t\t\t\t\t\t<div class=\"elementor-element elementor-element-59c1f59 elementor-align-justify elementor-widget elementor-widget-button\" data-id=\"59c1f59\" data-element_type=\"widget\" data-e-type=\"widget\" data-widget_type=\"button.default\">\n\t\t\t\t<div class=\"elementor-widget-container\">\n\t\t\t\t\t\t\t\t\t<div class=\"elementor-button-wrapper\">\n\t\t\t\t\t<a class=\"elementor-button elementor-button-link elementor-size-sm\" href=\"https:\/\/mythslegendes.com\/mythologie-irlandaise\/\">\n\t\t\t\t\t\t<span class=\"elementor-button-content-wrapper\">\n\t\t\t\t\t\t\t\t\t<span class=\"elementor-button-text\">Mythologie irlandaise<\/span>\n\t\t\t\t\t<\/span>\n\t\t\t\t\t<\/a>\n\t\t\t\t<\/div>\n\t\t\t\t\t\t\t\t<\/div>\n\t\t\t\t<\/div>\n\t\t\t\t\t<\/div>\n\t\t<\/div>\n\t\t\t\t<div class=\"elementor-column elementor-col-50 elementor-top-column elementor-element elementor-element-aaaaefe\" data-id=\"aaaaefe\" data-element_type=\"column\" data-e-type=\"column\">\n\t\t\t<div class=\"elementor-widget-wrap elementor-element-populated\">\n\t\t\t\t\t\t<div class=\"elementor-element elementor-element-797f526 elementor-align-justify elementor-widget elementor-widget-button\" data-id=\"797f526\" data-element_type=\"widget\" data-e-type=\"widget\" data-widget_type=\"button.default\">\n\t\t\t\t<div class=\"elementor-widget-container\">\n\t\t\t\t\t\t\t\t\t<div class=\"elementor-button-wrapper\">\n\t\t\t\t\t<a class=\"elementor-button elementor-button-link elementor-size-sm\" href=\"https:\/\/fr.wikipedia.org\/wiki\/Mythologie_celtique_irlandaise\" target=\"_blank\" rel=\"noopener\">\n\t\t\t\t\t\t<span class=\"elementor-button-content-wrapper\">\n\t\t\t\t\t\t\t\t\t<span class=\"elementor-button-text\">Wiki<\/span>\n\t\t\t\t\t<\/span>\n\t\t\t\t\t<\/a>\n\t\t\t\t<\/div>\n\t\t\t\t\t\t\t\t<\/div>\n\t\t\t\t<\/div>\n\t\t\t\t\t<\/div>\n\t\t<\/div>\n\t\t\t\t\t<\/div>\n\t\t<\/section>\n\t\t\t\t<section class=\"elementor-section elementor-top-section elementor-element elementor-element-5ef4090b elementor-section-boxed elementor-section-height-default elementor-section-height-default\" data-id=\"5ef4090b\" data-element_type=\"section\" data-e-type=\"section\">\n\t\t\t\t\t\t<div class=\"elementor-container elementor-column-gap-default\">\n\t\t\t\t\t<div class=\"elementor-column elementor-col-100 elementor-top-column elementor-element elementor-element-1fb7f4eb\" data-id=\"1fb7f4eb\" data-element_type=\"column\" data-e-type=\"column\">\n\t\t\t<div class=\"elementor-widget-wrap elementor-element-populated\">\n\t\t\t\t\t\t<div class=\"elementor-element elementor-element-32de968e elementor-widget elementor-widget-text-editor\" data-id=\"32de968e\" data-element_type=\"widget\" data-e-type=\"widget\" data-widget_type=\"text-editor.default\">\n\t\t\t\t<div class=\"elementor-widget-container\">\n\t\t\t\t\t\t\t\t\t\n<p>Pourquoi Tlachtga est-elle ainsi nomm\u00e9e? Ce n&rsquo;est pas difficile.<\/p>\n<p><img decoding=\"async\" class=\"alignnone wp-image-5284 size-full\" src=\"https:\/\/mythslegendes.com\/wp-content\/uploads\/2020\/09\/AlphaOmega-e1602613368367.png\" alt=\"Histoire de Tlachtga\" width=\"25\" height=\"26\" title=\"\"><\/p>\n<div id=\"ez-toc-container\" class=\"ez-toc-v2_0_82_2 counter-hierarchy ez-toc-counter ez-toc-grey ez-toc-container-direction\">\n<div class=\"ez-toc-title-container\">\n<p class=\"ez-toc-title\" style=\"cursor:inherit\">Contenus<\/p>\n<span class=\"ez-toc-title-toggle\"><a href=\"#\" class=\"ez-toc-pull-right ez-toc-btn ez-toc-btn-xs ez-toc-btn-default ez-toc-toggle\" aria-label=\"Alternar tabla de contenidos\"><span class=\"ez-toc-js-icon-con\"><span class=\"\"><span class=\"eztoc-hide\" style=\"display:none;\">Toggle<\/span><span class=\"ez-toc-icon-toggle-span\"><svg style=\"fill: #999;color:#999\" xmlns=\"http:\/\/www.w3.org\/2000\/svg\" class=\"list-377408\" width=\"20px\" height=\"20px\" viewBox=\"0 0 24 24\" fill=\"none\"><path d=\"M6 6H4v2h2V6zm14 0H8v2h12V6zM4 11h2v2H4v-2zm16 0H8v2h12v-2zM4 16h2v2H4v-2zm16 0H8v2h12v-2z\" fill=\"currentColor\"><\/path><\/svg><svg style=\"fill: #999;color:#999\" class=\"arrow-unsorted-368013\" xmlns=\"http:\/\/www.w3.org\/2000\/svg\" width=\"10px\" height=\"10px\" viewBox=\"0 0 24 24\" version=\"1.2\" baseProfile=\"tiny\"><path d=\"M18.2 9.3l-6.2-6.3-6.2 6.3c-.2.2-.3.4-.3.7s.1.5.3.7c.2.2.4.3.7.3h11c.3 0 .5-.1.7-.3.2-.2.3-.5.3-.7s-.1-.5-.3-.7zM5.8 14.7l6.2 6.3 6.2-6.3c.2-.2.3-.5.3-.7s-.1-.5-.3-.7c-.2-.2-.4-.3-.7-.3h-11c-.3 0-.5.1-.7.3-.2.2-.3.5-.3.7s.1.5.3.7z\"\/><\/svg><\/span><\/span><\/span><\/a><\/span><\/div>\n<nav><ul class='ez-toc-list ez-toc-list-level-1 ' ><li class='ez-toc-page-1 ez-toc-heading-level-2'><a class=\"ez-toc-link ez-toc-heading-1\" href=\"https:\/\/mythslegendes.com\/es\/mitologia-irlandesa\/la-historia-de-tlachtga\/#Histoire-de-Tlachtga\" >Histoire de Tlachtga<\/a><\/li><\/ul><\/nav><\/div>\n<h2><span class=\"ez-toc-section\" id=\"Histoire-de-Tlachtga\"><\/span>Histoire de Tlachtga<span class=\"ez-toc-section-end\"><\/span><\/h2>\n\n<p>Tlachtga (\u00e9tait, en effet) la fille de <a href=\"https:\/\/mythslegendes.com\/es\/mitologia-irlandesa\/\">Mogh Ruith<\/a>, fils de Fergus. Trois fils du magicien Simon la viol\u00e8rent. Elle avait accompagn\u00e9 son p\u00e8re pour apprendre l&rsquo;art magique du monde. Car c&rsquo;est elle qui fabriqua la \u00ab\u00a0Roue roulante\u00a0\u00bb et la \u00ab\u00a0Pierre dans Forcarthu\u00a0\u00bb et le \u00ab\u00a0Pilier dans Cnamchaill\u00a0\u00bb pour Trian. Elle revenait de nouveau de l&rsquo;est et apportait les deux choses avec elle jusqu&rsquo;\u00e0 ce qu&rsquo;elle atteigne la colline Tlachtga. En effet, c&rsquo;est l\u00e0 qu&rsquo;elle s&rsquo;arr\u00eata et enfanta trois fils, \u00e0 savoir Doirb, de qui est nomm\u00e9 le Doirb, et Cum(m)a, de qui est nomm\u00e9e la plaine de Cuma et Muach d&rsquo;o\u00f9 vient le nom de la plaine de Muach et jusqu&rsquo;\u00e0 ce que ces trois noms tombent dans l&rsquo;oubli en <a href=\"https:\/\/mythslegendes.com\/es\/mitologia-irlandesa\/\">Irlande<\/a>, la vengeance des \u00e9trangers ne la tourmentera pas.<\/p>\n\n<p>La colline de Tlachtga, splendide et haute,<br \/>Destin funeste d&rsquo;un grand et s\u00e9v\u00e8re roi,<br \/>D\u00e8s ce moment, Tlachtga appel\u00e9e.<br \/>La fille de l&rsquo;esclave intelligent du roi Roth,<br \/>Mogh Roith, le fils de Fergus Fal,<br \/>Le noble et royal fils de Ross.<br \/>Cacht, la fille du belliqueux Catmend<br \/>\u00e9tait sa noble et remarquable m\u00e8re.<br \/>Roth, fils de Rigoll, \u00e9tait son nourricier.<br \/>C&rsquo;est pourquoi le nom de \u00ab\u00a0Mogh Roith\u00a0\u00bb lui fut donn\u00e9.<br \/>Deux fils de Mogh : Buan et Fer-Corb,<br \/>victorieux sur les arm\u00e9es dans les actes de lib\u00e9ration.<br \/>Elle [Cacht] \u00e9tait la m\u00e8re [nourrici\u00e8re] des beaux fils<br \/>De Der-Droighen, sombre, fort et \u00e9nergique,<br \/>Et la vraie m\u00e8re de Cairpre [Lifechair].<br \/>Il est certain qu&rsquo;il trompa les Hui-Bairdne.<br \/>La fille de Mogh allait avec des milliers,<br \/>Tlachtga, l&rsquo;\u00e9lue &#8211; non pas qu&rsquo;elle f\u00fbt sans sentiments<br \/>Pour accompagner son p\u00e8re noble et grand,<br \/>Vers le fier Simon sept fois splendide.<br \/>Trois fils avait Simon, agr\u00e9ables \u00e0 regarder:<br \/>Douloureuse sa lutte contre leurs diableries.<br \/>*** puissants.<br \/>C&rsquo;\u00e9tait une famille puissante, passionn\u00e9e et d\u00e9termin\u00e9e.<br \/>Les [trois] fils s&rsquo;enflamm\u00e8rent pour Tlachtga en m\u00eame temps,<br \/>Ils engendr\u00e8rent en elle &#8211; ce n&rsquo;est pas mensonge<br \/>une belle et noble descendance.<br \/>Pour Trian &#8211; sans en tirer gloire &#8211;<br \/>Tlachtga cr\u00e9a la roue rouge aux vifs mouvements,<br \/>Avec le grand et noble Mogh [Ruith],<br \/>Et avec Simon sept fois splendide.<br \/>Elle revint avec les sages paroles;<br \/>Elle apporta la roue mobile,<br \/>La pierre parfaite de Forcarthu elle apporta,<br \/>Et le pilier de Cnamchaill.<br \/>Celui qui la voit, il deviendra aveugle,<br \/>Celui qui l&rsquo;entend, il deviendra sourd,<br \/>Et toute personne qui tente de prendre un morceau<br \/>De la roue aux vifs rayons mourra ***<br \/>Lorsque la femme revint de l&rsquo;Est,<br \/>Elle donna naissance \u00e0 trois fils avec difficult\u00e9.<br \/>Elle mourut, la femme brillante et vive.<br \/>Il fallait entendre cette nouvelle incelable.<br \/>Les noms des fils furent de grande importance ***<br \/>Muach et Cuma et Doirb le noble.<br \/>La foule ***<br \/>car il convient qu&rsquo;ils l&rsquo;entendent:<br \/>Tant qu&rsquo;\u00e0 travers la majestueuse Banba [l&rsquo;Irlande]<br \/>Les noms des trois fils sont conserv\u00e9s<br \/>Comme l&rsquo;histoire v\u00e9ridique le raconte ***<br \/>Aucune catastrophe ne s&rsquo;abattra sur ses habitants.<br \/>La colline o\u00f9 la tombe fut \u00e9rig\u00e9e<br \/>pour la femme de l&rsquo;Est, qui n&rsquo;est pas n\u00e9gligeable;<br \/>Sans erreur, m\u00e9lodieux et sans pareil,<br \/>Voici le nom qui lui fut donn\u00e9:<br \/>La colline de Tlachtga.<\/p>\n\t\t\t\t\t\t\t\t<\/div>\n\t\t\t\t<\/div>\n\t\t\t\t\t<\/div>\n\t\t<\/div>\n\t\t\t\t\t<\/div>\n\t\t<\/section>\n\t\t\t\t<\/div>\n\t\t","protected":false},"excerpt":{"rendered":"<p>Mythologie irlandaise Wiki Pourquoi Tlachtga est-elle ainsi nomm\u00e9e? Ce n&rsquo;est pas difficile. Histoire de Tlachtga Tlachtga (\u00e9tait, en effet) la &hellip; <\/p>","protected":false},"author":1,"featured_media":0,"parent":439,"menu_order":0,"comment_status":"closed","ping_status":"closed","template":"","meta":{"footnotes":""},"class_list":["post-937","page","type-page","status-publish","hentry"],"amp_enabled":true,"_links":{"self":[{"href":"https:\/\/mythslegendes.com\/es\/wp-json\/wp\/v2\/pages\/937","targetHints":{"allow":["GET"]}}],"collection":[{"href":"https:\/\/mythslegendes.com\/es\/wp-json\/wp\/v2\/pages"}],"about":[{"href":"https:\/\/mythslegendes.com\/es\/wp-json\/wp\/v2\/types\/page"}],"author":[{"embeddable":true,"href":"https:\/\/mythslegendes.com\/es\/wp-json\/wp\/v2\/users\/1"}],"replies":[{"embeddable":true,"href":"https:\/\/mythslegendes.com\/es\/wp-json\/wp\/v2\/comments?post=937"}],"version-history":[{"count":1,"href":"https:\/\/mythslegendes.com\/es\/wp-json\/wp\/v2\/pages\/937\/revisions"}],"predecessor-version":[{"id":24625,"href":"https:\/\/mythslegendes.com\/es\/wp-json\/wp\/v2\/pages\/937\/revisions\/24625"}],"up":[{"embeddable":true,"href":"https:\/\/mythslegendes.com\/es\/wp-json\/wp\/v2\/pages\/439"}],"wp:attachment":[{"href":"https:\/\/mythslegendes.com\/es\/wp-json\/wp\/v2\/media?parent=937"}],"curies":[{"name":"wp","href":"https:\/\/api.w.org\/{rel}","templated":true}]}}