{"id":941,"date":"2020-06-16T11:38:35","date_gmt":"2020-06-16T10:38:35","guid":{"rendered":"https:\/\/mythslegendes.com\/?page_id=941"},"modified":"2022-12-03T22:06:59","modified_gmt":"2022-12-03T22:06:59","slug":"la-decollation-de-jean-le-baptiste-par-mog-ruith","status":"publish","type":"page","link":"https:\/\/mythslegendes.com\/es\/mitologia-irlandesa\/la-decollacion-de-jean-le-baptiste-por-mog-ruith\/","title":{"rendered":"La decapitaci\u00f3n de Juan el Bautista por Mog Ruith"},"content":{"rendered":"\t\t<div data-elementor-type=\"wp-page\" data-elementor-id=\"941\" class=\"elementor elementor-941\">\n\t\t\t\t\t\t<section class=\"elementor-section elementor-top-section elementor-element elementor-element-0d84565 elementor-section-boxed elementor-section-height-default elementor-section-height-default\" data-id=\"0d84565\" data-element_type=\"section\" data-e-type=\"section\">\n\t\t\t\t\t\t<div class=\"elementor-container elementor-column-gap-default\">\n\t\t\t\t\t<div class=\"elementor-column elementor-col-50 elementor-top-column elementor-element elementor-element-42f07eb\" data-id=\"42f07eb\" data-element_type=\"column\" data-e-type=\"column\">\n\t\t\t<div class=\"elementor-widget-wrap elementor-element-populated\">\n\t\t\t\t\t\t<div class=\"elementor-element elementor-element-a141a4f elementor-align-justify elementor-widget elementor-widget-button\" data-id=\"a141a4f\" data-element_type=\"widget\" data-e-type=\"widget\" data-widget_type=\"button.default\">\n\t\t\t\t<div class=\"elementor-widget-container\">\n\t\t\t\t\t\t\t\t\t<div class=\"elementor-button-wrapper\">\n\t\t\t\t\t<a class=\"elementor-button elementor-button-link elementor-size-sm\" href=\"https:\/\/mythslegendes.com\/mythologie-irlandaise\/\">\n\t\t\t\t\t\t<span class=\"elementor-button-content-wrapper\">\n\t\t\t\t\t\t\t\t\t<span class=\"elementor-button-text\">Mythologie irlandaise<\/span>\n\t\t\t\t\t<\/span>\n\t\t\t\t\t<\/a>\n\t\t\t\t<\/div>\n\t\t\t\t\t\t\t\t<\/div>\n\t\t\t\t<\/div>\n\t\t\t\t\t<\/div>\n\t\t<\/div>\n\t\t\t\t<div class=\"elementor-column elementor-col-50 elementor-top-column elementor-element elementor-element-23ce4af\" data-id=\"23ce4af\" data-element_type=\"column\" data-e-type=\"column\">\n\t\t\t<div class=\"elementor-widget-wrap elementor-element-populated\">\n\t\t\t\t\t\t<div class=\"elementor-element elementor-element-c1011ba elementor-align-justify elementor-widget elementor-widget-button\" data-id=\"c1011ba\" data-element_type=\"widget\" data-e-type=\"widget\" data-widget_type=\"button.default\">\n\t\t\t\t<div class=\"elementor-widget-container\">\n\t\t\t\t\t\t\t\t\t<div class=\"elementor-button-wrapper\">\n\t\t\t\t\t<a class=\"elementor-button elementor-button-link elementor-size-sm\" href=\"https:\/\/fr.wikipedia.org\/wiki\/Mythologie_celtique_irlandaise\" target=\"_blank\" rel=\"noopener\">\n\t\t\t\t\t\t<span class=\"elementor-button-content-wrapper\">\n\t\t\t\t\t\t\t\t\t<span class=\"elementor-button-text\">Wiki<\/span>\n\t\t\t\t\t<\/span>\n\t\t\t\t\t<\/a>\n\t\t\t\t<\/div>\n\t\t\t\t\t\t\t\t<\/div>\n\t\t\t\t<\/div>\n\t\t\t\t\t<\/div>\n\t\t<\/div>\n\t\t\t\t\t<\/div>\n\t\t<\/section>\n\t\t\t\t<section class=\"elementor-section elementor-top-section elementor-element elementor-element-5d38a478 elementor-section-boxed elementor-section-height-default elementor-section-height-default\" data-id=\"5d38a478\" data-element_type=\"section\" data-e-type=\"section\">\n\t\t\t\t\t\t<div class=\"elementor-container elementor-column-gap-default\">\n\t\t\t\t\t<div class=\"elementor-column elementor-col-100 elementor-top-column elementor-element elementor-element-38f87b35\" data-id=\"38f87b35\" data-element_type=\"column\" data-e-type=\"column\">\n\t\t\t<div class=\"elementor-widget-wrap elementor-element-populated\">\n\t\t\t\t\t\t<div class=\"elementor-element elementor-element-70518db6 elementor-widget elementor-widget-text-editor\" data-id=\"70518db6\" data-element_type=\"widget\" data-e-type=\"widget\" data-widget_type=\"text-editor.default\">\n\t\t\t\t<div class=\"elementor-widget-container\">\n\t\t\t\t\t\t\t\t\t\n<p>Voici l&rsquo;histoire de la D\u00e9collation de Jean le Baptiste par <a href=\"https:\/\/mythslegendes.com\/es\/mitologia-irlandesa\/\">Mogh Ruith<\/a>.<\/p>\n<p><img decoding=\"async\" class=\"alignnone wp-image-5284 size-full\" src=\"https:\/\/mythslegendes.com\/wp-content\/uploads\/2020\/09\/AlphaOmega-e1602613368367.png\" alt=\"la D\u00e9collation de Jean le Baptiste par Mogh Ruith\" width=\"25\" height=\"26\" title=\"\"><\/p>\n<div id=\"ez-toc-container\" class=\"ez-toc-v2_0_82_2 counter-hierarchy ez-toc-counter ez-toc-grey ez-toc-container-direction\">\n<div class=\"ez-toc-title-container\">\n<p class=\"ez-toc-title\" style=\"cursor:inherit\">Contenus<\/p>\n<span class=\"ez-toc-title-toggle\"><a href=\"#\" class=\"ez-toc-pull-right ez-toc-btn ez-toc-btn-xs ez-toc-btn-default ez-toc-toggle\" aria-label=\"Alternar tabla de contenidos\"><span class=\"ez-toc-js-icon-con\"><span class=\"\"><span class=\"eztoc-hide\" style=\"display:none;\">Toggle<\/span><span class=\"ez-toc-icon-toggle-span\"><svg style=\"fill: #999;color:#999\" xmlns=\"http:\/\/www.w3.org\/2000\/svg\" class=\"list-377408\" width=\"20px\" height=\"20px\" viewBox=\"0 0 24 24\" fill=\"none\"><path d=\"M6 6H4v2h2V6zm14 0H8v2h12V6zM4 11h2v2H4v-2zm16 0H8v2h12v-2zM4 16h2v2H4v-2zm16 0H8v2h12v-2z\" fill=\"currentColor\"><\/path><\/svg><svg style=\"fill: #999;color:#999\" class=\"arrow-unsorted-368013\" xmlns=\"http:\/\/www.w3.org\/2000\/svg\" width=\"10px\" height=\"10px\" viewBox=\"0 0 24 24\" version=\"1.2\" baseProfile=\"tiny\"><path d=\"M18.2 9.3l-6.2-6.3-6.2 6.3c-.2.2-.3.4-.3.7s.1.5.3.7c.2.2.4.3.7.3h11c.3 0 .5-.1.7-.3.2-.2.3-.5.3-.7s-.1-.5-.3-.7zM5.8 14.7l6.2 6.3 6.2-6.3c.2-.2.3-.5.3-.7s-.1-.5-.3-.7c-.2-.2-.4-.3-.7-.3h-11c-.3 0-.5.1-.7.3-.2.2-.3.5-.3.7s.1.5.3.7z\"\/><\/svg><\/span><\/span><\/span><\/a><\/span><\/div>\n<nav><ul class='ez-toc-list ez-toc-list-level-1 ' ><li class='ez-toc-page-1 ez-toc-heading-level-2'><a class=\"ez-toc-link ez-toc-heading-1\" href=\"https:\/\/mythslegendes.com\/es\/mitologia-irlandesa\/la-decollacion-de-jean-le-baptiste-por-mog-ruith\/#La-Decollation-de-Jean-le-Baptiste-par-Mogh-Ruith\" >La D\u00e9collation de Jean le Baptiste par Mogh Ruith<\/a><\/li><\/ul><\/nav><\/div>\n<h2><span class=\"ez-toc-section\" id=\"La-Decollation-de-Jean-le-Baptiste-par-Mogh-Ruith\"><\/span>La D\u00e9collation de Jean le Baptiste par Mogh Ruith<span class=\"ez-toc-section-end\"><\/span><\/h2>\n<p>1.\u00a0Tous les enfants d&rsquo;Isra\u00ebl qui se propag\u00e8rent dans le monde entier \u00e0 cr\u00eate jaune,<br \/>il n&rsquo;est pas ardu, c&rsquo;est une t\u00e2che facile de les \u00e9num\u00e9rer ou de les raconter.<\/p>\n\n<p>2. <a href=\"https:\/\/mythslegendes.com\/es\/mythes-et-legendes-de-perse-1542\/\">Perses<\/a> et M\u00e8des ensemble, <a href=\"https:\/\/mythslegendes.com\/es\/mythes-et-legendes-grecques-1664\/\">Grecs<\/a> et Chald\u00e9ens:<br \/>quatre races qui all\u00e8rent dans l&rsquo;est, par qui les royaut\u00e9s du monde furent prises.<\/p>\n\n<p>3. Un roi connu sous le nom de H\u00e9rode le f\u00e9roce r\u00e9gnait dans le monde oriental ;<br \/>Jean, bien que l&rsquo;homme vertueux eut \u00e9t\u00e9 un \u00e9v\u00eaque, fut tu\u00e9 par lui, c&rsquo;est un r\u00e9cit amer.<\/p>\n\n<p>4. La raison de l&rsquo;assassinat du noble Jean, par la maisonn\u00e9e de H\u00e9rode sans vergogne,<br \/>&#8211; l&rsquo;acte fut affreux, &#8211; fut en rapport avec la femme de Philippe Labarchenn.<\/p>\n\n<p>5. Philippe Labarchenn sans chagrin \u00e9tait un juge juste aux justes des jugements.<br \/>Il rendait des jugements c\u00e9l\u00e8bres aux habitants du monde au visage rouge.<\/p>\n\n<p>6. L\u00e0-dessus, Philippe mourut au fort de la c\u00e9l\u00e8bre Arguas ,<br \/>et l\u00e0-bas dans sa maison sa femme \u00e9tait sans un compagnon pour coucher avec elle.<\/p>\n\n<p>7. H\u00e9rodiade \u00e9tait le nom de la femme, l&rsquo;\u00e9pouse de Philippe, sans malice;<br \/>les noms de ses filles &#8211; il n&rsquo;est pas interdit [de les mentionner]: Salius et Neiptis.<\/p>\n\n<p>8. Neiptis avait coutume de faire &#8211; une musique c\u00e9l\u00e8bre! &#8211; de doux sifflements avec ses l\u00e8vres,<br \/>et Salius en fait faisait des mouvements agiles et des sauts.<\/p>\n\n<p>9. Pour tous les habitants du monde vermeil leurs comp\u00e9tences semblaient merveilleuses;<br \/>c&rsquo;est pourquoi elles gagn\u00e8rent de beaux tr\u00e9sors aupr\u00e8s de la noblesse du monde.<\/p>\n\n<p>10. L\u00e0-dessus, H\u00e9rodiade se rendit cette nuit-l\u00e0 dans le pays du jeune homme,<br \/>jusqu&rsquo;\u00e0 ce qu&rsquo;elle atteigne Esculop.<\/p>\n\n<p>11. Philippe, le fr\u00e8re d&rsquo;H\u00e9rode le magnifique, de la parfaite Esculop,<br \/>lui porta un grand amour elle, \u00e0 la femme de l&rsquo;autre Philippe.<\/p>\n\n<p>12. Alors Philippe demanda \u00e0 H\u00e9rodiade cette nuit-l\u00e0 si elle irait coucher avec lui<br \/>l\u00e0-bas dans sa maison, pour le prix de la fianc\u00e9e ou un cadeau.<\/p>\n\n<p>13. La femme aux beaux bras blanc dit au fier et parfait Philippe<br \/>qu&rsquo;elle ne tarderait pas \u00e0 coucher avec lui si H\u00e9rode approuvait.<\/p>\n\n<p>14. Ils all\u00e8rent ensemble \u00e0 la maison d&rsquo;H\u00e9rode par tous les chemins,<br \/>de sorte que H\u00e9rode scella alors son prix de la fianc\u00e9e et son don.<\/p>\n\n<p>15. Alors Philippe, s&rsquo;assit sur le si\u00e8ge du noble roi:<br \/>c&rsquo;\u00e9tait un\u00a0<em>geis<\/em>\u00a0pour le beau roi que quiconque s&rsquo;assoit sur son si\u00e8ge.<\/p>\n\n<p>16. Alors H\u00e9rode a demand\u00e9 \u00e0 son fr\u00e8re Philippe:<br \/>\u00ab\u00a0Pourquoi as-tu bris\u00e9 mon droit, c&rsquo;\u00e9tait injuste de ta part, Philippe?.\u00a0\u00bb<\/p>\n\n<p>17. H\u00e9rode saisit un fouet de chien commode dans sa grande main royale,<br \/>et il frappa Philippe dans la maison pour le crime de acte d\u00e9loyal.<\/p>\n\n<p>18. Alors H\u00e9rodiade dit \u00e0 Philippe, \u00e0 cette m\u00eame heure, qu&rsquo;elle ne vivrait pas avec lui,<br \/>bien que ce f\u00fbt un dur traitement, apr\u00e8s qu&rsquo;il ait \u00e9t\u00e9 frapp\u00e9 par le fouet de chien.<\/p>\n\n<p>19. Alors Philippe, sortit en pleurant, empli de douleur,<br \/>apr\u00e8s avoir \u00e9t\u00e9 rejet\u00e9 par la femme de l&rsquo;Est, apr\u00e8s avoir \u00e9t\u00e9 frapp\u00e9 par son fr\u00e8re.<\/p>\n\n<p>20. Philippe alla \u00e0 la maison de Jean, le noble et juste, il dit \u00e0 Jean,<br \/>&#8211; le sujet \u00e9tait important, &#8211; que son fr\u00e8re l&rsquo;avait outrag\u00e9.<\/p>\n\n<p>21. Proches \u00e9taient leurs vrais liens &#8211; Philippe, H\u00e9rode et Jean;<br \/>l&rsquo;histoire raconte que deux soeurs \u00e9taient leurs m\u00e8res.<\/p>\n\n<p>22. Sarah fille du pur Gomer \u00e9tait la m\u00e8re du beau et noble Jean;<br \/>Cassimandra, une fille sage, la m\u00e8re d&rsquo;H\u00e9rode et de Philippe.<\/p>\n\n<p>23. Ce n&rsquo;est pas un secret qu&rsquo;elle est la m\u00e8re de Jean, chaque sage rapporte dans l&rsquo;histoire,<br \/>voici leurs noms, je ne le c\u00e8lerai pas, Sarah et Elizabeth.<\/p>\n\n<p>24. Elisabeth et Zacharie \u00e9taient la m\u00e8re et le p\u00e8re de Jean le Baptiste,<br \/>ce sont eux qui rapidement \u00e9lev\u00e8rent &#8211; Jean, Philippe et H\u00e9rode.<\/p>\n\n<p>25. On sait que Philippe dit \u00e0 Jean le Baptiste, en raison de leur relation:<br \/>\u00ab\u00a0L\u00e8ve-toi et assure la ruine compl\u00e8te de la femme, ainsi que du merveilleux H\u00e9rode.\u00a0\u00bb<\/p>\n\n<p>26. L\u00e0-dessus, Jean alla \u00e0 la maison du merveilleux H\u00e9rode;<br \/>s\u00e9v\u00e8rement, il lui dit alors de ne pas dormir avec H\u00e9rodiade.<\/p>\n\n<p>27. Le c\u00e9l\u00e8bre H\u00e9rode dit au fils de la soeur de sa m\u00e8re:<br \/>\u00ab\u00a0Si la femme dormait avec Philippe, ce n&rsquo;est pas moi qui les s\u00e9pareraient.\u00a0\u00bb<\/p>\n\n<p>28. L\u00e0-dessus, H\u00e9rodiade dit \u00e0 Philippe uniment que si elle ne trouvait pas de mari jusqu&rsquo;au Jugement Dernier,<br \/>elle n&rsquo;irait pas avec Philippe une seule heure.<\/p>\n\n<p>29. Ensuite, H\u00e9rodiade lan\u00e7a un sort de faux amour sur son visage,<br \/>par lequel un pr\u00e9judice grave fut port\u00e9 en imposant son amour \u00e0 H\u00e9rode.<\/p>\n\n<p>30. Alors, H\u00e9rode dit aux jeunes filles dans la maison:<br \/>\u00ab\u00a0Pratiquez vos arts tour \u00e0 tour que ma maisonn\u00e9e puisse les voir.\u00a0\u00bb<\/p>\n\n<p>31. Les femmes dirent alors \u00e0 H\u00e9rode qu&rsquo;elles ne montreraient leur habilet\u00e9 sans faille<br \/>jusqu&rsquo;\u00e0 ce qu&rsquo;elles aient connaissance de leur r\u00e9compense.<\/p>\n\n<p>32. H\u00e9rode prit la parole, et ce fut un discours pr\u00e9tentieux, disant que ce qu&rsquo;il leur donnerait,<br \/>ce serait donc [dit-il], la plus grande moiti\u00e9 de son royaume.<\/p>\n\n<p>33. H\u00e9rode dut ensuite s&rsquo;engager, et il donna sa parole: il promit,<br \/>quoique grande la perte, qu&rsquo;il leur accorderait [leur requ\u00eate] sans d\u00e9lai.<\/p>\n\n<p>34. Puis Neiptis fit de la douce musique avec ses l\u00e8vres,<br \/>Salia bondit par-dessus tous les *** , un couple ***<\/p>\n\n<p>35. Ensuite, il fut demand\u00e9 &#8211; une m\u00e9chante et injuste requ\u00eate &#8211;<br \/>qu&rsquo;elles aient la t\u00eate de Jean sur un plat imm\u00e9diatement, car il les avait insult\u00e9es.<\/p>\n\n<p>36. H\u00e9rode d\u00e9clara dans sa maison qu&rsquo;il ne leur accorderait pas la demande,<br \/>et qu&rsquo;il ne tacherait pas de rouge la t\u00eate du pur Jean pour tout l&rsquo;or du monde.<\/p>\n\n<p>37. Sa maisonn\u00e9e lui dit, \u00e0 H\u00e9rode, en d\u00e9pit du danger:<br \/>\u00ab\u00a0Ne pas brise pas ta promesse, \u00f4 roi, de peur que ta loi soit ruin\u00e9e\u00a0\u00bb<\/p>\n\n<p>38. Alors, vraiment, H\u00e9rode pleura de vraies et attristantes larmes de sang,<br \/>et ensuite il leur accorda Jean, pour qu&rsquo;il soit plac\u00e9 dans une prison cruelle.<\/p>\n\n<p>39. Un salaire fut donn\u00e9 \u00e0 Mog Ruith qui le demanda pour d\u00e9capiter Jean;<br \/>voici quel fut alors le salaire de Mog Ruith, [son] choix parmi les jeunes filles.<\/p>\n\n<p>40. Puis Mog Ruith le splendide alla tuer Jean, m\u00eame si c&rsquo;\u00e9tait honteux.<br \/>Il apporta donc de la prison \u00e0 H\u00e9rode la t\u00eate de Jean sur un plat d&rsquo;argent blanc.<\/p>\n\n<p>41. A cause de cette histoire, &#8211; une d\u00e9cision c\u00e9l\u00e8bre &#8211; la jour de Jean [viendra] sur les Ga\u00ebls,<br \/>de sorte qu&rsquo;il n&rsquo;y aura de la race des nobles Ga\u00ebls qu&rsquo;un tiers qui ne p\u00e9rira pas.<\/p>\n\n<p>42. Le seul tiers qui sera laiss\u00e9 en ce jour du nombre des Ga\u00ebls et des \u00e9trangers,<br \/>oh Fils de Marie, c&rsquo;est une triste chose qu&rsquo;ils doivent tous \u00eatre visit\u00e9s par la peste noire.<\/p>\n\n<p>43. Flann Fina fils du noble Ossa fils de Orath (?) de la rude <a href=\"https:\/\/mythslegendes.com\/es\/mythes-et-legendes-grecques-1664\/\">Gr\u00e8ce<\/a>,<br \/>c&rsquo;est lui qui forgea ce r\u00e9cit de l&rsquo;Est pour les descendants d&rsquo;Adam et ses enfants.<\/p>\n\t\t\t\t\t\t\t\t<\/div>\n\t\t\t\t<\/div>\n\t\t\t\t\t<\/div>\n\t\t<\/div>\n\t\t\t\t\t<\/div>\n\t\t<\/section>\n\t\t\t\t<\/div>\n\t\t","protected":false},"excerpt":{"rendered":"<p>Mythologie irlandaise Wiki Voici l&rsquo;histoire de la D\u00e9collation de Jean le Baptiste par Mogh Ruith. La D\u00e9collation de Jean le &hellip; <\/p>","protected":false},"author":1,"featured_media":0,"parent":439,"menu_order":0,"comment_status":"closed","ping_status":"closed","template":"","meta":{"footnotes":""},"class_list":["post-941","page","type-page","status-publish","hentry"],"amp_enabled":true,"_links":{"self":[{"href":"https:\/\/mythslegendes.com\/es\/wp-json\/wp\/v2\/pages\/941","targetHints":{"allow":["GET"]}}],"collection":[{"href":"https:\/\/mythslegendes.com\/es\/wp-json\/wp\/v2\/pages"}],"about":[{"href":"https:\/\/mythslegendes.com\/es\/wp-json\/wp\/v2\/types\/page"}],"author":[{"embeddable":true,"href":"https:\/\/mythslegendes.com\/es\/wp-json\/wp\/v2\/users\/1"}],"replies":[{"embeddable":true,"href":"https:\/\/mythslegendes.com\/es\/wp-json\/wp\/v2\/comments?post=941"}],"version-history":[{"count":1,"href":"https:\/\/mythslegendes.com\/es\/wp-json\/wp\/v2\/pages\/941\/revisions"}],"predecessor-version":[{"id":24626,"href":"https:\/\/mythslegendes.com\/es\/wp-json\/wp\/v2\/pages\/941\/revisions\/24626"}],"up":[{"embeddable":true,"href":"https:\/\/mythslegendes.com\/es\/wp-json\/wp\/v2\/pages\/439"}],"wp:attachment":[{"href":"https:\/\/mythslegendes.com\/es\/wp-json\/wp\/v2\/media?parent=941"}],"curies":[{"name":"wp","href":"https:\/\/api.w.org\/{rel}","templated":true}]}}